{"id":968,"date":"2024-10-10T23:06:01","date_gmt":"2024-10-10T23:06:01","guid":{"rendered":"https:\/\/hitexoticsdistro.com\/?post_type=product&#038;p=968"},"modified":"2024-10-20T01:42:01","modified_gmt":"2024-10-20T01:42:01","slug":"kup-thin-mint-cookies-thca-online","status":"publish","type":"product","link":"https:\/\/hitexoticsdistro.eu\/pl\/product\/kup-thin-mint-cookies-thca-online\/","title":{"rendered":"Thin Mint Cookies"},"content":{"rendered":"<h2>Kup Thin Mint Cookies THCa Online: Premiumowe Do\u015bwiadczenie z Konopiami<\/h2>\n<p>Odmiana Thin Mint Cookies THCa to co\u015b wi\u0119cej ni\u017c zwyk\u0142y szczep marihuany; jest to symbol mistrzowskiej hodowli <a href=\"https:\/\/hitexoticsdistro.eu\/product-category\/gdzie-moge-kupic-marihuane\/\">konopi<\/a>. Ta starannie wyselekcjonowana hybryda, stworzona przez ekspert\u00f3w z <em>Hemp Flower Co.<\/em>, oferuje doskona\u0142e po\u0142\u0105czenie mocy, smaku i korzy\u015bci terapeutycznych. Je\u015bli szukasz wyj\u0105tkowego do\u015bwiadczenia z konopiami, <strong>kup Thin Mint Cookies THCa online<\/strong> i przekonaj si\u0119, dlaczego ta odmiana zyska\u0142a legendarny status w\u015br\u00f3d mi\u0142o\u015bnik\u00f3w marihuany.<\/p>\n<h3>Co to jest Thin Mint Cookies THCa?<\/h3>\n<p>Thin Mint Cookies to <a href=\"https:\/\/hitexoticsdistro.eu\/product-category\/hybrydowe-odmiany-marihuany-online\/\">hybryda<\/a>, znana ze swojej zr\u00f3wnowa\u017conej kombinacji efekt\u00f3w <a href=\"https:\/\/hitexoticsdistro.eu\/product-category\/kup-konopie-indyjskie-indica-online\/\"><em>Indica<\/em><\/a> i <a href=\"https:\/\/hitexoticsdistro.eu\/product-category\/kup-marihuane-sativa-online-polska\/\"><em>Sativa<\/em><\/a>. Oferuje najlepsze z obu \u015bwiat\u00f3w\u2014zapewnia relaksacj\u0119 ca\u0142ego cia\u0142a dzi\u0119ki efektom Indica, jednocze\u015bnie dostarczaj\u0105c euforycznego pobudzenia umys\u0142u dzi\u0119ki cechom Sativa. Ta harmonijna mieszanka czyni j\u0105 idealn\u0105 zar\u00f3wno na dzie\u0144, jak i na noc.<\/p>\n<p>Odmiana posiada wysokie st\u0119\u017cenie <em>THCa<\/em> wynosz\u0105ce <strong>28,68%<\/strong>, co zapewnia silne dzia\u0142anie psychoaktywne, idealne dla os\u00f3b szukaj\u0105cych intensywniejszych do\u015bwiadcze\u0144 z konopiami. Szczeg\u00f3lnie popularna jest w leczeniu <strong>silnego b\u00f3lu, nudno\u015bci, bezsenno\u015bci i utraty apetytu<\/strong> dzi\u0119ki swojej mocy.<\/p>\n<h3>Dlaczego warto wybra\u0107 Thin Mint Cookies THCa?<\/h3>\n<p>Wyb\u00f3r Thin Mint Cookies to gwarancja jako\u015bci. Oto dlaczego:<\/p>\n<ul>\n<li><strong>100% R\u0119cznie Przebrane P\u0105ki<\/strong>: Tylko najlepsze p\u0105ki, starannie wyselekcjonowane r\u0119cznie, trafiaj\u0105 do ka\u017cdej paczki.<\/li>\n<li><strong>100% Organiczna<\/strong>: Wolna od pestycyd\u00f3w, dodatk\u00f3w i syntetyk\u00f3w, co czyni j\u0105 naturalnym wyborem dla os\u00f3b dbaj\u0105cych o zdrowie.<\/li>\n<li><strong>Testowana Pod Wzgl\u0119dem Czysto\u015bci<\/strong>: Ka\u017cda partia jest testowana pod k\u0105tem czysto\u015bci i zgodno\u015bci z federalnymi standardami, co zapewnia bezpiecze\u0144stwo i moc.<\/li>\n<li><strong>Uprawiana w Szklarni<\/strong>: Hodowana w optymalnych warunkach, aby maksymalizowa\u0107 smak, moc i korzy\u015bci terapeutyczne.<\/li>\n<\/ul>\n<h3>Jak dzia\u0142a Thin Mint Cookies THCa?<\/h3>\n<p>Kiedy <strong>kupujesz Thin Mint Cookies THCa online<\/strong>, otrzymujesz <a href=\"https:\/\/pl.wikipedia.org\/wiki\/Konopie_indyjskie\" rel=\"nofollow noopener\" target=\"_blank\">odmian\u0119<\/a>, kt\u00f3ra dostarcza <strong>relaks ca\u0142ego cia\u0142a<\/strong> po\u0142\u0105czony z euforyczn\u0105 jasno\u015bci\u0105 umys\u0142u. Efekty s\u0105 zar\u00f3wno <strong>mocne<\/strong>, jak i <strong>d\u0142ugotrwa\u0142e<\/strong>, zaczynaj\u0105c si\u0119 od euforycznego pobudzenia, kt\u00f3re przeradza si\u0119 w g\u0142\u0119boki, koj\u0105cy relaks.<\/p>\n<p>Jej <em>Indica-dominuj\u0105ce w\u0142a\u015bciwo\u015bci<\/em> sprawiaj\u0105, \u017ce jest ulubion\u0105 opcj\u0105 dla os\u00f3b szukaj\u0105cych ulgi w dolegliwo\u015bciach fizycznych, takich jak <strong>b\u00f3l, opuchlizna i bezsenno\u015b\u0107<\/strong>, podczas gdy jej <em>Sativa<\/em> zapewnia pobudzenie umys\u0142u, idealne do \u0142agodzenia <strong>stresu i l\u0119ku<\/strong>.<\/p>\n<h3>Gdzie kupi\u0107 Thin Mint Cookies THCa online?<\/h3>\n<p>W <em>Hit Exotics Distro<\/em> oferujemy <strong>premiumow\u0105 jako\u015b\u0107 Thin Mint Cookies THCa<\/strong>, uprawian\u0105 w najlepszych warunkach. Zakup online od zaufanego \u017ar\u00f3d\u0142a to gwarancja, \u017ce otrzymasz wysokiej jako\u015bci produkty dostarczone bezpo\u015brednio do twoich drzwi, z <strong>dyskretn\u0105 wysy\u0142k\u0105<\/strong> i doskona\u0142\u0105 obs\u0142ug\u0105 klienta. <strong>Kup Thin Mint Cookies THCa online<\/strong> ju\u017c dzi\u015b i ciesz si\u0119 najlepszym do\u015bwiadczeniem z konopiami.<\/p>\n<h3>Moc Thin Mint Cookies THCa<\/h3>\n<ul>\n<li><strong>THCa<\/strong>: 28,68%<\/li>\n<li><strong>\u03949-THC<\/strong>: 0,07%<\/li>\n<li><strong>CBDa<\/strong>: 0,06%<\/li>\n<li><strong>CBGa<\/strong>: 0,85%<\/li>\n<li><strong>CBG<\/strong>: 0,09%<\/li>\n<li><strong>CBC<\/strong>: 0,08%<\/li>\n<li><strong>\u0141\u0105czna moc<\/strong>: 29,84%<\/li>\n<\/ul>\n<p>Dzi\u0119ki tak wysokiemu poziomowi THCa i innych kannabinoid\u00f3w, Thin Mint Cookies zapewnia <strong>mocne efekty<\/strong>, jednocze\u015bnie zachowuj\u0105c zgodno\u015b\u0107 z federalnymi standardami (zgodna z Ustaw\u0105 o Farmach).<\/p>\n<h3>Korzy\u015bci terapeutyczne Thin Mint Cookies THCa<\/h3>\n<p>Thin Mint Cookies THCa jest szeroko stosowana ze wzgl\u0119du na swoje <strong>w\u0142a\u015bciwo\u015bci terapeutyczne<\/strong>. Ta odmiana jest idealna dla:<\/p>\n<ul>\n<li><strong>Przewlek\u0142y b\u00f3l<\/strong>: Relaksuj\u0105ce dzia\u0142anie na ca\u0142e cia\u0142o pomaga \u0142agodzi\u0107 silny b\u00f3l, co czyni j\u0105 najlepszym wyborem dla u\u017cytkownik\u00f3w medycznych.<\/li>\n<li><strong>Bezsenno\u015b\u0107<\/strong>: Dzi\u0119ki dominuj\u0105cym w\u0142a\u015bciwo\u015bciom Indica, ta odmiana pomaga u\u017cytkownikom zrelaksowa\u0107 si\u0119 i zasn\u0105\u0107.<\/li>\n<li><strong>Nudno\u015bci i utrata apetytu<\/strong>: Thin Mint Cookies pobudza apetyt i redukuje nudno\u015bci, idealna dla os\u00f3b przechodz\u0105cych przez terapie wp\u0142ywaj\u0105ce na g\u0142\u00f3d.<\/li>\n<li><strong>Zapalenie<\/strong>: Jej w\u0142a\u015bciwo\u015bci przeciwzapalne pomagaj\u0105 zmniejsza\u0107 opuchlizn\u0119 i stany zapalne w organizmie.<\/li>\n<li><strong>Zdrowie psychiczne<\/strong>: Euforyczne efekty mentalne pomagaj\u0105 \u0142agodzi\u0107 stres, l\u0119k oraz objawy \u0142agodnej depresji.<\/li>\n<\/ul>\n<h3>Wezwanie do dzia\u0142ania<\/h3>\n<p>Gotowy, aby do\u015bwiadczy\u0107 pot\u0119\u017cnych efekt\u00f3w Thin Mint Cookies? <strong>Kup Thin Mint Cookies THCa online<\/strong> w <em>Hit Exotics Distro<\/em> teraz i zam\u00f3w j\u0105 prosto do swojego domu. Nie przegap tej premiumowej odmiany!<\/p>\n<h3>Cz\u0119sto zadawane pytania<\/h3>\n<h4>Jaki jest poziom THC w Thin Mint Cookies?<\/h4>\n<p>St\u0119\u017cenie THCa w Thin Mint Cookies wynosi <strong>28,68%<\/strong>, co zapewnia mocne dzia\u0142anie psychoaktywne, idealne dla os\u00f3b szukaj\u0105cych ulgi w ci\u0119\u017ckich dolegliwo\u015bciach lub dla do\u015bwiadczonych u\u017cytkownik\u00f3w, kt\u00f3rzy preferuj\u0105 silniejsze odmiany.<\/p>\n<h4>Czy Thin Mint Cookies to Indica czy Sativa?<\/h4>\n<p>Thin Mint Cookies to odmiana <strong>hybrydowa<\/strong>, oferuj\u0105ca zr\u00f3wnowa\u017cone po\u0142\u0105czenie efekt\u00f3w <strong>Indica<\/strong> i <strong>Sativa<\/strong>. Zapewnia zar\u00f3wno relaks ca\u0142ego cia\u0142a (Indica), jak i pobudzenie umys\u0142owe (Sativa).<\/p>\n<h4>Czy mog\u0119 u\u017cywa\u0107 Thin Mint Cookies w ci\u0105gu dnia?<\/h4>\n<p>Tak! Thin Mint Cookies zapewnia g\u0142\u0119boki relaks, ale jej w\u0142a\u015bciwo\u015bci Sativa oferuj\u0105 jasno\u015b\u0107 umys\u0142u, co czyni j\u0105 odpowiedni\u0105 do <strong>u\u017cytku w ci\u0105gu dnia<\/strong>, szczeg\u00f3lnie dla os\u00f3b radz\u0105cych sobie ze stresem lub l\u0119kiem.<\/p>\n<h4>Czy Thin Mint Cookies jest organiczna?<\/h4>\n<p>Tak, Thin Mint Cookies jest <strong>100% organiczna<\/strong>. Jest uprawiana bez pestycyd\u00f3w, dodatk\u00f3w czy syntetyk\u00f3w, co zapewnia czysty i naturalny produkt.<\/p>\n<h4>Jak mog\u0119 kupi\u0107 Thin Mint Cookies THCa online?<\/h4>\n<p>Mo\u017cesz \u0142atwo <strong>kupi\u0107 Thin Mint Cookies THCa online<\/strong> w <em>Hit Exotics Distro<\/em>. Oferujemy dyskretn\u0105 wysy\u0142k\u0119 i zgodno\u015b\u0107 z federalnymi standardami, wi\u0119c mo\u017cesz kupowa\u0107 z pewno\u015bci\u0105.<\/p>\n<hr \/>\n<h3>Podsumowanie<\/h3>\n<p>Thin Mint Cookies to odmiana hybrydowa najwy\u017cszej klasy, \u0142\u0105cz\u0105ca <strong>mocne efekty<\/strong> z <strong>bogatymi korzy\u015bciami terapeutycznymi<\/strong>. Niezale\u017cnie od tego, czy szukasz ulgi w b\u00f3lu fizycznym, \u0142agodzenia bezsenno\u015bci, czy po prostu chcesz do\u015bwiadczy\u0107 wysokiej jako\u015bci marihuany, Thin Mint Cookies dostarcza. <strong>Kup Thin Mint Cookies THCa online<\/strong> ju\u017c teraz i podnie\u015b swoje do\u015bwiadczenie z konopiami na wy\u017cszy poziom dzi\u0119ki tej silnej, organicznej odmianie. Nie czekaj\u2014zam\u00f3w ju\u017c dzi\u015b i do\u015bwiadcz artyzmu premiumowych konopi!<\/p>\n<p>&nbsp;<\/p>\n<p><img loading=\"lazy\" decoding=\"async\" class=\"alignnone size-medium wp-image-1149\" src=\"https:\/\/hitexoticsdistro.eu\/wp-content\/uploads\/2024\/10\/WhatsApp-Image-2024-10-02-at-3.50.03-PM-2-300x300.jpeg\" alt=\"Gdzie bezpiecznie kupi\u0107 marihuan\u0119 online?\" width=\"300\" height=\"300\" srcset=\"https:\/\/hitexoticsdistro.eu\/wp-content\/uploads\/2024\/10\/WhatsApp-Image-2024-10-02-at-3.50.03-PM-2-300x300.jpeg 300w, https:\/\/hitexoticsdistro.eu\/wp-content\/uploads\/2024\/10\/WhatsApp-Image-2024-10-02-at-3.50.03-PM-2-150x150.jpeg 150w, https:\/\/hitexoticsdistro.eu\/wp-content\/uploads\/2024\/10\/WhatsApp-Image-2024-10-02-at-3.50.03-PM-2-600x600.jpeg 600w, https:\/\/hitexoticsdistro.eu\/wp-content\/uploads\/2024\/10\/WhatsApp-Image-2024-10-02-at-3.50.03-PM-2-100x100.jpeg 100w, https:\/\/hitexoticsdistro.eu\/wp-content\/uploads\/2024\/10\/WhatsApp-Image-2024-10-02-at-3.50.03-PM-2.jpeg 640w\" sizes=\"auto, (max-width: 300px) 100vw, 300px\" \/><\/p>\n","protected":false},"excerpt":{"rendered":"<p>Kup Thin Mint Cookies THCa Online: Premiumowe Do\u015bwiadczenie z Konopiami Odmiana Thin Mint Cookies THCa to co\u015b wi\u0119cej ni\u017c zwyk\u0142y [&hellip;]<\/p>\n","protected":false},"featured_media":997,"comment_status":"closed","ping_status":"closed","template":"","meta":{"_surecart_dashboard_logo_width":"180px","_surecart_dashboard_show_logo":true,"_surecart_dashboard_navigation_orders":true,"_surecart_dashboard_navigation_invoices":true,"_surecart_dashboard_navigation_subscriptions":true,"_surecart_dashboard_navigation_downloads":true,"_surecart_dashboard_navigation_billing":true,"_surecart_dashboard_navigation_account":true,"_uag_custom_page_level_css":"","site-sidebar-layout":"default","site-content-layout":"","ast-site-content-layout":"default","site-content-style":"default","site-sidebar-style":"default","ast-global-header-display":"","ast-banner-title-visibility":"","ast-main-header-display":"","ast-hfb-above-header-display":"","ast-hfb-below-header-display":"","ast-hfb-mobile-header-display":"","site-post-title":"","ast-breadcrumbs-content":"","ast-featured-img":"","footer-sml-layout":"","theme-transparent-header-meta":"default","adv-header-id-meta":"","stick-header-meta":"","header-above-stick-meta":"","header-main-stick-meta":"","header-below-stick-meta":"","astra-migrate-meta-layouts":"set","ast-page-background-enabled":"default","ast-page-background-meta":{"desktop":{"background-color":"var(--ast-global-color-4)","background-image":"","background-repeat":"repeat","background-position":"center center","background-size":"auto","background-attachment":"scroll","background-type":"","background-media":"","overlay-type":"","overlay-color":"","overlay-opacity":"","overlay-gradient":""},"tablet":{"background-color":"","background-image":"","background-repeat":"repeat","background-position":"center center","background-size":"auto","background-attachment":"scroll","background-type":"","background-media":"","overlay-type":"","overlay-color":"","overlay-opacity":"","overlay-gradient":""},"mobile":{"background-color":"","background-image":"","background-repeat":"repeat","background-position":"center center","background-size":"auto","background-attachment":"scroll","background-type":"","background-media":"","overlay-type":"","overlay-color":"","overlay-opacity":"","overlay-gradient":""}},"ast-content-background-meta":{"desktop":{"background-color":"var(--ast-global-color-5)","background-image":"","background-repeat":"repeat","background-position":"center center","background-size":"auto","background-attachment":"scroll","background-type":"","background-media":"","overlay-type":"","overlay-color":"","overlay-opacity":"","overlay-gradient":""},"tablet":{"background-color":"var(--ast-global-color-5)","background-image":"","background-repeat":"repeat","background-position":"center center","background-size":"auto","background-attachment":"scroll","background-type":"","background-media":"","overlay-type":"","overlay-color":"","overlay-opacity":"","overlay-gradient":""},"mobile":{"background-color":"var(--ast-global-color-5)","background-image":"","background-repeat":"repeat","background-position":"center center","background-size":"auto","background-attachment":"scroll","background-type":"","background-media":"","overlay-type":"","overlay-color":"","overlay-opacity":"","overlay-gradient":""}}},"product_brand":[],"product_cat":[454,453],"product_tag":[695,761,569,762,763,459,764,760],"class_list":{"0":"post-968","1":"product","2":"type-product","3":"status-publish","4":"has-post-thumbnail","6":"product_cat-sklep-z-marihuana-thca","7":"product_cat-sklep-z-marihuana-premium-thca","8":"product_tag-konopieonline","9":"product_tag-kupthcaonline","10":"product_tag-medycznamarihuana","11":"product_tag-thca","12":"product_tag-thcaodmiana","13":"product_tag-thin-mint-cookies-thca-strain-for-sale-europe","14":"product_tag-thinmintcookies","15":"product_tag-thinmintcookiesthca","16":"desktop-align-left","17":"tablet-align-left","18":"mobile-align-left","20":"first","21":"instock","22":"shipping-taxable","23":"purchasable","24":"product-type-simple"},"uagb_featured_image_src":{"full":["https:\/\/hitexoticsdistro.eu\/wp-content\/uploads\/2024\/10\/Thin-Mint-Cookies-THCa-Strain.webp",1800,1800,false],"thumbnail":["https:\/\/hitexoticsdistro.eu\/wp-content\/uploads\/2024\/10\/Thin-Mint-Cookies-THCa-Strain-150x150.webp",150,150,true],"medium":["https:\/\/hitexoticsdistro.eu\/wp-content\/uploads\/2024\/10\/Thin-Mint-Cookies-THCa-Strain-300x300.webp",300,300,true],"medium_large":["https:\/\/hitexoticsdistro.eu\/wp-content\/uploads\/2024\/10\/Thin-Mint-Cookies-THCa-Strain-768x768.webp",768,768,true],"large":["https:\/\/hitexoticsdistro.eu\/wp-content\/uploads\/2024\/10\/Thin-Mint-Cookies-THCa-Strain-1024x1024.webp",1024,1024,true],"1536x1536":["https:\/\/hitexoticsdistro.eu\/wp-content\/uploads\/2024\/10\/Thin-Mint-Cookies-THCa-Strain-1536x1536.webp",1536,1536,true],"2048x2048":["https:\/\/hitexoticsdistro.eu\/wp-content\/uploads\/2024\/10\/Thin-Mint-Cookies-THCa-Strain.webp",1800,1800,false],"trp-custom-language-flag":["https:\/\/hitexoticsdistro.eu\/wp-content\/uploads\/2024\/10\/Thin-Mint-Cookies-THCa-Strain.webp",12,12,false],"woocommerce_thumbnail":["https:\/\/hitexoticsdistro.eu\/wp-content\/uploads\/2024\/10\/Thin-Mint-Cookies-THCa-Strain-300x300.webp",300,300,true],"woocommerce_single":["https:\/\/hitexoticsdistro.eu\/wp-content\/uploads\/2024\/10\/Thin-Mint-Cookies-THCa-Strain-600x600.webp",600,600,true],"woocommerce_gallery_thumbnail":["https:\/\/hitexoticsdistro.eu\/wp-content\/uploads\/2024\/10\/Thin-Mint-Cookies-THCa-Strain-100x100.webp",100,100,true]},"uagb_author_info":{"display_name":"","author_link":"https:\/\/hitexoticsdistro.eu\/pl\/author\/"},"uagb_comment_info":0,"uagb_excerpt":"Kup Thin Mint Cookies THCa Online: Premiumowe Do\u015bwiadczenie z Konopiami Odmiana Thin Mint Cookies THCa to co\u015b wi\u0119cej ni\u017c zwyk\u0142y [&hellip;]","_links":{"self":[{"href":"https:\/\/hitexoticsdistro.eu\/pl\/wp-json\/wp\/v2\/product\/968","targetHints":{"allow":["GET"]}}],"collection":[{"href":"https:\/\/hitexoticsdistro.eu\/pl\/wp-json\/wp\/v2\/product"}],"about":[{"href":"https:\/\/hitexoticsdistro.eu\/pl\/wp-json\/wp\/v2\/types\/product"}],"replies":[{"embeddable":true,"href":"https:\/\/hitexoticsdistro.eu\/pl\/wp-json\/wp\/v2\/comments?post=968"}],"wp:featuredmedia":[{"embeddable":true,"href":"https:\/\/hitexoticsdistro.eu\/pl\/wp-json\/wp\/v2\/media\/997"}],"wp:attachment":[{"href":"https:\/\/hitexoticsdistro.eu\/pl\/wp-json\/wp\/v2\/media?parent=968"}],"wp:term":[{"taxonomy":"product_brand","embeddable":true,"href":"https:\/\/hitexoticsdistro.eu\/pl\/wp-json\/wp\/v2\/product_brand?post=968"},{"taxonomy":"product_cat","embeddable":true,"href":"https:\/\/hitexoticsdistro.eu\/pl\/wp-json\/wp\/v2\/product_cat?post=968"},{"taxonomy":"product_tag","embeddable":true,"href":"https:\/\/hitexoticsdistro.eu\/pl\/wp-json\/wp\/v2\/product_tag?post=968"}],"curies":[{"name":"wp","href":"https:\/\/api.w.org\/{rel}","templated":true}]}}