{"id":739,"date":"2024-10-10T23:01:01","date_gmt":"2024-10-10T23:01:01","guid":{"rendered":"https:\/\/hitexoticsdistro.com\/?post_type=product&#038;p=739"},"modified":"2025-01-06T08:23:40","modified_gmt":"2025-01-06T08:23:40","slug":"kup-cookies-cannabis-live-resin","status":"publish","type":"product","link":"https:\/\/hitexoticsdistro.eu\/pl\/product\/kup-cookies-cannabis-live-resin\/","title":{"rendered":"Cienkie mi\u0119towe ciasteczka harcerskie Live Resin"},"content":{"rendered":"<h1 data-pm-slice=\"1 1 []\">Kup Cookies Cannabis Live Resin w Internecie \u2013 Przewodnik po Najlepszym Produkcie z Koncentrat\u00f3w Konopi<\/h1>\n<p><strong>Cienkie Mi\u0119towe Ciasteczka Harcerskie Live Resin<\/strong><\/p>\n<p>Czy szukasz najwy\u017cszej jako\u015bci koncentrat\u00f3w konopi? Kup Cookies Cannabis Live Resin w Internecie \u2013 produkt, kt\u00f3ry zrewolucjonizuje Twoje do\u015bwiadczenia z marihuan\u0105 shatter i innymi koncentratami. Cienkie Mi\u0119towe Ciasteczka Harcerskie Live Resin (Thin Mint Girl Scout Cookies Live Resin) to po\u0142\u0105czenie legendarnych odmian marihuany, takich jak Girl Scout Cookies, OG Kush i F1 Durban Poison. W tym przewodniku dowiesz si\u0119 wszystkiego, co musisz wiedzie\u0107 o tej unikalnej propozycji.<\/p>\n<p>Szukasz sposobu, aby <strong>kupi\u0107 Cookies Cannabis Live Resin w Internecie<\/strong>? Odkryj premium <a href=\"https:\/\/hitexoticsdistro.eu\/product-category\/kup-koncentraty-konopi-indyjskich-online\/\"><strong>koncentraty z konopi<\/strong><\/a> w Hit Exotics Distro, Twoim zaufanym sklepie online z najwy\u017cszej jako\u015bci produktami konopnymi. Nasz Cookies Cannabis Live Resin jest wytwarzany z najlepszych <a href=\"https:\/\/hitexoticsdistro.eu\/product-category\/gdzie-moge-kupic-marihuane\/\"><strong>konopi indyjskich<\/strong><\/a>, zapewniaj\u0105c niezr\u00f3wnan\u0105 moc i smak. Idealny dla mi\u0142o\u015bnik\u00f3w konopi, kt\u00f3rzy szukaj\u0105 g\u0142adkiego, aromatycznego do\u015bwiadczenia, ten live resin dostarcza intensywnych efekt\u00f3w, jednocze\u015bnie zachowuj\u0105c naturalny profil terpenowy odmiany. Kupuj z pewno\u015bci\u0105, wiedz\u0105c, \u017ce nasze produkty s\u0105 w 100% organiczne, testowane w laboratoriach i pozyskiwane od najlepszych hodowc\u00f3w.<\/p>\n<p>Niezale\u017cnie od tego, czy jeste\u015b nowicjuszem w \u015bwiecie koncentrat\u00f3w, czy do\u015bwiadczonym u\u017cytkownikiem, nasz live resin oferuje niezr\u00f3wnan\u0105 jako\u015b\u0107. Dzi\u0119ki szybkiej i dyskretnej wysy\u0142ce w ca\u0142ej Europie, kupowanie koncentrat\u00f3w z konopi online nigdy nie by\u0142o prostsze. Do\u015bwiadcz pot\u0119\u017cnych efekt\u00f3w Cookies Live Resin i podnie\u015b swoj\u0105 codzienn\u0105 rutyn\u0119 z konopiami na wy\u017cszy poziom ju\u017c dzi\u015b. Odwied\u017a Hit Exotics Distro, aby pozna\u0107 nasz\u0105 pe\u0142n\u0105 ofert\u0119 produkt\u00f3w z <strong>konopi indyjskich<\/strong> i z\u0142\u00f3\u017c zam\u00f3wienie. Nie zwlekaj\u2014<strong>kup Cookies Cannabis Live Resin w Internecie<\/strong> i ciesz si\u0119 korzy\u015bciami z najwy\u017cszej jako\u015bci ekstrakt\u00f3w.<\/p>\n<div>\n<hr \/>\n<\/div>\n<h3>Co to jest Live Resin?<\/h3>\n<p>Live Resin to wysokiej jako\u015bci koncentrat z konopi, znany z zachowania naturalnych terpen\u00f3w ro\u015blinnych i pe\u0142nego profilu smakowego. Proces ekstrakcji odbywa si\u0119 w niskich temperaturach, co pozwala zachowa\u0107 najwa\u017cniejsze sk\u0142adniki chemiczne, zapewniaj\u0105c intensywne efekty terapeutyczne i smakowe. W przypadku Cookies Cannabis Live Resin mo\u017cesz oczekiwa\u0107 produkt\u00f3w najwy\u017cszej klasy, idealnych zar\u00f3wno dla rekreacyjnych, jak i medycznych u\u017cytkownik\u00f3w.<\/p>\n<div>\n<hr \/>\n<\/div>\n<h3>W\u0142a\u015bciwo\u015bci i Efekty Thin Mint Girl Scout Cookies Live Resin<\/h3>\n<p><strong>Efekty:<\/strong><\/p>\n<ul data-spread=\"false\">\n<li>Body High<\/li>\n<li>Cerebral<\/li>\n<li>Creative<\/li>\n<li>Energizing<\/li>\n<li>Euphoria<\/li>\n<li>Happy<\/li>\n<li>Relaxing<\/li>\n<\/ul>\n<p><strong>Zastosowania medyczne:<\/strong><\/p>\n<ul data-spread=\"false\">\n<li>Redukcja stresu<\/li>\n<li>\u0141agodzenie b\u00f3lu<\/li>\n<li>Leczenie bezsenno\u015bci<\/li>\n<li>Walka z depresj\u0105<\/li>\n<li>Pobudzenie apetytu<\/li>\n<\/ul>\n<p><strong>Smaki:<\/strong><\/p>\n<ul data-spread=\"false\">\n<li>Mi\u0119ta<\/li>\n<li>Ziemisty<\/li>\n<li>S\u0142odki<\/li>\n<\/ul>\n<p><strong>Aromaty:<\/strong><\/p>\n<ul data-spread=\"false\">\n<li>Wyrazisty<\/li>\n<li>Ziemisty<\/li>\n<\/ul>\n<p>Cienkie Mi\u0119towe Ciasteczka Harcerskie Live Resin \u0142\u0105czy w sobie intensywny aromat i smak z pot\u0119\u017cnym dzia\u0142aniem terapeutycznym. Jest to idealny wyb\u00f3r dla os\u00f3b poszukuj\u0105cych produktywno\u015bci w ci\u0105gu dnia lub relaksu wieczorem.<\/p>\n<div>\n<hr \/>\n<\/div>\n<h3>Kup Cookies Cannabis Live Resin w Internecie \u2013 Dlaczego warto?<\/h3>\n<ol start=\"1\" data-spread=\"true\">\n<li><strong>Wyj\u0105tkowa jako\u015b\u0107:<\/strong> Live Resin jest wytwarzany przy u\u017cyciu zaawansowanych technologii, co zapewnia najwy\u017csz\u0105 jako\u015b\u0107 i czysto\u015b\u0107 produktu. Ka\u017cda partia Cookies Cannabis Live Resin jest testowana pod k\u0105tem zawarto\u015bci kannabinoid\u00f3w, terpen\u00f3w i zanieczyszcze\u0144.<\/li>\n<li><strong>Wszechstronno\u015b\u0107 terapeutyczna:<\/strong> Zawarto\u015b\u0107 THC na poziomie ponad 24% sprawia, \u017ce produkt skutecznie \u0142agodzi objawy stresu, depresji i b\u00f3lu, jednocze\u015bnie pobudzaj\u0105c kreatywno\u015b\u0107 i dobre samopoczucie.<\/li>\n<li><strong>Unikalny profil smakowy:<\/strong> Wyj\u0105tkowe po\u0142\u0105czenie nut mi\u0119ty, s\u0142odyczy i ziemisto\u015bci sprawia, \u017ce Thin Mint Girl Scout Cookies Live Resin to prawdziwa uczta dla zmys\u0142\u00f3w.<\/li>\n<\/ol>\n<div>\n<hr \/>\n<\/div>\n<h3>Jak stosowa\u0107 Koncentraty z Konopi?<\/h3>\n<p>Stosowanie Live Resin wymaga odpowiedniej wiedzy i przygotowania. Poni\u017cej znajdziesz kilka wskaz\u00f3wek:<\/p>\n<ol start=\"1\" data-spread=\"true\">\n<li><strong>Waporyzacja:<\/strong> U\u017cyj waporyzatora przeznaczonego do koncentrat\u00f3w. Podgrzej Live Resin do odpowiedniej temperatury (zwykle 315-400\u00b0F), aby uzyska\u0107 pe\u0142ne spektrum efekt\u00f3w i smak\u00f3w.<\/li>\n<li><strong>Dabbing:<\/strong> Dabbing to jedna z najpopularniejszych metod konsumpcji Live <a href=\"https:\/\/www.weedshop.pl\/\" rel=\"nofollow noopener\" target=\"_blank\">Resin<\/a>. Wymaga specjalnego urz\u0105dzenia zwanego dab rig. Na\u0142\u00f3\u017c niewielk\u0105 ilo\u015b\u0107 koncentratu na gor\u0105c\u0105 powierzchni\u0119 (banger) i inhaluj par\u0119.<\/li>\n<li><strong>Dodatek do suszu:<\/strong> Live Resin mo\u017cna r\u00f3wnie\u017c doda\u0107 do suszu podczas skr\u0119cania jointa, co wzmocni jego dzia\u0142anie.<\/li>\n<\/ol>\n<div>\n<hr \/>\n<\/div>\n<h3>Czy Cookies Cannabis Live Resin jest odpowiedni dla Ciebie?<\/h3>\n<p>Produkt ten jest idealny dla os\u00f3b, kt\u00f3re:<\/p>\n<ul data-spread=\"false\">\n<li>Poszukuj\u0105 intensywnych dozna\u0144 smakowych i terapeutycznych.<\/li>\n<li>Chc\u0105 z\u0142agodzi\u0107 objawy stresu, b\u00f3lu czy depresji.<\/li>\n<li>Ceni\u0105 produkty najwy\u017cszej jako\u015bci o potwierdzonym pochodzeniu.<\/li>\n<\/ul>\n<p>Je\u015bli nigdy wcze\u015bniej nie korzysta\u0142e\u015b z koncentrat\u00f3w, pami\u0119taj, aby zacz\u0105\u0107 od ma\u0142ych dawek i stopniowo je zwi\u0119ksza\u0107.<\/p>\n<div>\n<hr \/>\n<\/div>\n<h3>Kupowanie Cookies Cannabis Live Resin Online<\/h3>\n<p>Kupowanie Cookies Cannabis Live Resin w Internecie nigdy nie by\u0142o \u0142atwiejsze. Na naszej platformie oferujemy szeroki wyb\u00f3r najwy\u017cszej jako\u015bci koncentrat\u00f3w z konopi, w tym marihuan\u0119 shatter, w konkurencyjnych cenach.<\/p>\n<p><strong>Dlaczego warto kupowa\u0107 u nas?<\/strong><\/p>\n<ul data-spread=\"false\">\n<li>Szybka i bezpieczna dostawa.<\/li>\n<li>Produkty testowane w laboratoriach.<\/li>\n<li>Profesjonalna obs\u0142uga klienta.<\/li>\n<\/ul>\n<div>\n<hr \/>\n<\/div>\n<h3>Marihuana Shatter vs Live Resin<\/h3>\n<p>Cho\u0107 oba produkty to koncentraty z konopi, ich w\u0142a\u015bciwo\u015bci i proces produkcji s\u0105 r\u00f3\u017cne:<\/p>\n<ul data-spread=\"false\">\n<li><strong>Marihuana Shatter:<\/strong> Charakteryzuje si\u0119 tward\u0105, szklan\u0105 konsystencj\u0105.<\/li>\n<\/ul>\n<p>&nbsp;<\/p>\n<p><img loading=\"lazy\" decoding=\"async\" class=\"alignnone size-medium wp-image-1174\" src=\"https:\/\/hitexoticsdistro.eu\/wp-content\/uploads\/2024\/10\/WhatsApp-Image-2024-10-02-at-3.49.57-PM-1-225x300.jpeg\" alt=\"Kup\u00a0Chwast\u00a0Online\" width=\"225\" height=\"300\" srcset=\"https:\/\/hitexoticsdistro.eu\/wp-content\/uploads\/2024\/10\/WhatsApp-Image-2024-10-02-at-3.49.57-PM-1-225x300.jpeg 225w, https:\/\/hitexoticsdistro.eu\/wp-content\/uploads\/2024\/10\/WhatsApp-Image-2024-10-02-at-3.49.57-PM-1-768x1024.jpeg 768w, https:\/\/hitexoticsdistro.eu\/wp-content\/uploads\/2024\/10\/WhatsApp-Image-2024-10-02-at-3.49.57-PM-1-600x800.jpeg 600w, https:\/\/hitexoticsdistro.eu\/wp-content\/uploads\/2024\/10\/WhatsApp-Image-2024-10-02-at-3.49.57-PM-1.jpeg 960w\" sizes=\"auto, (max-width: 225px) 100vw, 225px\" \/> <img loading=\"lazy\" decoding=\"async\" class=\"alignnone size-medium wp-image-1149\" src=\"https:\/\/hitexoticsdistro.eu\/wp-content\/uploads\/2024\/10\/WhatsApp-Image-2024-10-02-at-3.50.03-PM-2-300x300.jpeg\" alt=\"Gdzie bezpiecznie kupi\u0107 marihuan\u0119 online?\" width=\"300\" height=\"300\" srcset=\"https:\/\/hitexoticsdistro.eu\/wp-content\/uploads\/2024\/10\/WhatsApp-Image-2024-10-02-at-3.50.03-PM-2-300x300.jpeg 300w, https:\/\/hitexoticsdistro.eu\/wp-content\/uploads\/2024\/10\/WhatsApp-Image-2024-10-02-at-3.50.03-PM-2-150x150.jpeg 150w, https:\/\/hitexoticsdistro.eu\/wp-content\/uploads\/2024\/10\/WhatsApp-Image-2024-10-02-at-3.50.03-PM-2-600x600.jpeg 600w, https:\/\/hitexoticsdistro.eu\/wp-content\/uploads\/2024\/10\/WhatsApp-Image-2024-10-02-at-3.50.03-PM-2-100x100.jpeg 100w, https:\/\/hitexoticsdistro.eu\/wp-content\/uploads\/2024\/10\/WhatsApp-Image-2024-10-02-at-3.50.03-PM-2.jpeg 640w\" sizes=\"auto, (max-width: 300px) 100vw, 300px\" \/> <img loading=\"lazy\" decoding=\"async\" class=\"alignnone size-medium wp-image-1163\" src=\"https:\/\/hitexoticsdistro.eu\/wp-content\/uploads\/2024\/10\/WhatsApp-Image-2024-10-02-at-3.49.58-PM-1-1-225x300.jpeg\" alt=\"Gdzie bezpiecznie kupi\u0107 marihuan\u0119 online?\" width=\"225\" height=\"300\" srcset=\"https:\/\/hitexoticsdistro.eu\/wp-content\/uploads\/2024\/10\/WhatsApp-Image-2024-10-02-at-3.49.58-PM-1-1-225x300.jpeg 225w, https:\/\/hitexoticsdistro.eu\/wp-content\/uploads\/2024\/10\/WhatsApp-Image-2024-10-02-at-3.49.58-PM-1-1-768x1024.jpeg 768w, https:\/\/hitexoticsdistro.eu\/wp-content\/uploads\/2024\/10\/WhatsApp-Image-2024-10-02-at-3.49.58-PM-1-1-600x800.jpeg 600w, https:\/\/hitexoticsdistro.eu\/wp-content\/uploads\/2024\/10\/WhatsApp-Image-2024-10-02-at-3.49.58-PM-1-1.jpeg 960w\" sizes=\"auto, (max-width: 225px) 100vw, 225px\" \/><\/p>\n","protected":false},"excerpt":{"rendered":"<h4><a href=\"https:\/\/hitexoticsdistro.eu\/kup-produkty-z-konopi-online\/\">Hybryda<\/a> \u2013 50% <a href=\"https:\/\/hitexoticsdistro.eu\/kup-chwast-online-polska\/\">Sativa<\/a> \/ 50% <a href=\"https:\/\/hitexoticsdistro.eu\/gdzie-bezpiecznie-kupic-marihuane-online\/\">Indica<\/a><\/h4>\n","protected":false},"featured_media":794,"comment_status":"closed","ping_status":"closed","template":"","meta":{"_surecart_dashboard_logo_width":"180px","_surecart_dashboard_show_logo":true,"_surecart_dashboard_navigation_orders":true,"_surecart_dashboard_navigation_invoices":true,"_surecart_dashboard_navigation_subscriptions":true,"_surecart_dashboard_navigation_downloads":true,"_surecart_dashboard_navigation_billing":true,"_surecart_dashboard_navigation_account":true,"_uag_custom_page_level_css":"","site-sidebar-layout":"default","site-content-layout":"","ast-site-content-layout":"default","site-content-style":"default","site-sidebar-style":"default","ast-global-header-display":"","ast-banner-title-visibility":"","ast-main-header-display":"","ast-hfb-above-header-display":"","ast-hfb-below-header-display":"","ast-hfb-mobile-header-display":"","site-post-title":"","ast-breadcrumbs-content":"","ast-featured-img":"","footer-sml-layout":"","ast-disable-related-posts":"","theme-transparent-header-meta":"default","adv-header-id-meta":"","stick-header-meta":"","header-above-stick-meta":"","header-main-stick-meta":"","header-below-stick-meta":"","astra-migrate-meta-layouts":"set","ast-page-background-enabled":"default","ast-page-background-meta":{"desktop":{"background-color":"var(--ast-global-color-5)","background-image":"","background-repeat":"repeat","background-position":"center center","background-size":"auto","background-attachment":"scroll","background-type":"","background-media":"","overlay-type":"","overlay-color":"","overlay-opacity":"","overlay-gradient":""},"tablet":{"background-color":"","background-image":"","background-repeat":"repeat","background-position":"center center","background-size":"auto","background-attachment":"scroll","background-type":"","background-media":"","overlay-type":"","overlay-color":"","overlay-opacity":"","overlay-gradient":""},"mobile":{"background-color":"","background-image":"","background-repeat":"repeat","background-position":"center center","background-size":"auto","background-attachment":"scroll","background-type":"","background-media":"","overlay-type":"","overlay-color":"","overlay-opacity":"","overlay-gradient":""}},"ast-content-background-meta":{"desktop":{"background-color":"var(--ast-global-color-4)","background-image":"","background-repeat":"repeat","background-position":"center center","background-size":"auto","background-attachment":"scroll","background-type":"","background-media":"","overlay-type":"","overlay-color":"","overlay-opacity":"","overlay-gradient":""},"tablet":{"background-color":"var(--ast-global-color-4)","background-image":"","background-repeat":"repeat","background-position":"center center","background-size":"auto","background-attachment":"scroll","background-type":"","background-media":"","overlay-type":"","overlay-color":"","overlay-opacity":"","overlay-gradient":""},"mobile":{"background-color":"var(--ast-global-color-4)","background-image":"","background-repeat":"repeat","background-position":"center center","background-size":"auto","background-attachment":"scroll","background-type":"","background-media":"","overlay-type":"","overlay-color":"","overlay-opacity":"","overlay-gradient":""}}},"product_brand":[],"product_cat":[53,317],"product_tag":[318,346,320,321],"class_list":{"0":"post-739","1":"product","2":"type-product","3":"status-publish","4":"has-post-thumbnail","6":"product_cat-kup-koncentraty-konopi-indyjskich-online","7":"product_cat-kupowac-cannabis-live-resin-online","8":"product_tag-live-rosin-concentrate-near-me","9":"product_tag-order-thin-mint-girl-scout-cookies-live-resin-europe","10":"product_tag-thc-marijuana-live-resin-for-sale-europe","11":"product_tag-thca-live-resin-concentrate","12":"desktop-align-left","13":"tablet-align-left","14":"mobile-align-left","16":"first","17":"instock","18":"shipping-taxable","19":"purchasable","20":"product-type-simple"},"uagb_featured_image_src":{"full":["https:\/\/hitexoticsdistro.eu\/wp-content\/uploads\/2024\/10\/Thin-Mint-Girl-Scout-Cookies-Live-Resin.webp",2048,1365,false],"thumbnail":["https:\/\/hitexoticsdistro.eu\/wp-content\/uploads\/2024\/10\/Thin-Mint-Girl-Scout-Cookies-Live-Resin-150x150.webp",150,150,true],"medium":["https:\/\/hitexoticsdistro.eu\/wp-content\/uploads\/2024\/10\/Thin-Mint-Girl-Scout-Cookies-Live-Resin-300x200.webp",300,200,true],"medium_large":["https:\/\/hitexoticsdistro.eu\/wp-content\/uploads\/2024\/10\/Thin-Mint-Girl-Scout-Cookies-Live-Resin-768x512.webp",768,512,true],"large":["https:\/\/hitexoticsdistro.eu\/wp-content\/uploads\/2024\/10\/Thin-Mint-Girl-Scout-Cookies-Live-Resin-1024x683.webp",1024,683,true],"1536x1536":["https:\/\/hitexoticsdistro.eu\/wp-content\/uploads\/2024\/10\/Thin-Mint-Girl-Scout-Cookies-Live-Resin-1536x1024.webp",1536,1024,true],"2048x2048":["https:\/\/hitexoticsdistro.eu\/wp-content\/uploads\/2024\/10\/Thin-Mint-Girl-Scout-Cookies-Live-Resin.webp",2048,1365,false],"trp-custom-language-flag":["https:\/\/hitexoticsdistro.eu\/wp-content\/uploads\/2024\/10\/Thin-Mint-Girl-Scout-Cookies-Live-Resin.webp",18,12,false],"woocommerce_thumbnail":["https:\/\/hitexoticsdistro.eu\/wp-content\/uploads\/2024\/10\/Thin-Mint-Girl-Scout-Cookies-Live-Resin-300x300.webp",300,300,true],"woocommerce_single":["https:\/\/hitexoticsdistro.eu\/wp-content\/uploads\/2024\/10\/Thin-Mint-Girl-Scout-Cookies-Live-Resin-600x400.webp",600,400,true],"woocommerce_gallery_thumbnail":["https:\/\/hitexoticsdistro.eu\/wp-content\/uploads\/2024\/10\/Thin-Mint-Girl-Scout-Cookies-Live-Resin-100x100.webp",100,100,true]},"uagb_author_info":{"display_name":"","author_link":"https:\/\/hitexoticsdistro.eu\/pl\/author\/"},"uagb_comment_info":0,"uagb_excerpt":"Hybryda \u2013 50% Sativa \/ 50% Indica","_links":{"self":[{"href":"https:\/\/hitexoticsdistro.eu\/pl\/wp-json\/wp\/v2\/product\/739","targetHints":{"allow":["GET"]}}],"collection":[{"href":"https:\/\/hitexoticsdistro.eu\/pl\/wp-json\/wp\/v2\/product"}],"about":[{"href":"https:\/\/hitexoticsdistro.eu\/pl\/wp-json\/wp\/v2\/types\/product"}],"replies":[{"embeddable":true,"href":"https:\/\/hitexoticsdistro.eu\/pl\/wp-json\/wp\/v2\/comments?post=739"}],"wp:featuredmedia":[{"embeddable":true,"href":"https:\/\/hitexoticsdistro.eu\/pl\/wp-json\/wp\/v2\/media\/794"}],"wp:attachment":[{"href":"https:\/\/hitexoticsdistro.eu\/pl\/wp-json\/wp\/v2\/media?parent=739"}],"wp:term":[{"taxonomy":"product_brand","embeddable":true,"href":"https:\/\/hitexoticsdistro.eu\/pl\/wp-json\/wp\/v2\/product_brand?post=739"},{"taxonomy":"product_cat","embeddable":true,"href":"https:\/\/hitexoticsdistro.eu\/pl\/wp-json\/wp\/v2\/product_cat?post=739"},{"taxonomy":"product_tag","embeddable":true,"href":"https:\/\/hitexoticsdistro.eu\/pl\/wp-json\/wp\/v2\/product_tag?post=739"}],"curies":[{"name":"wp","href":"https:\/\/api.w.org\/{rel}","templated":true}]}}