{"id":624,"date":"2024-10-10T22:56:47","date_gmt":"2024-10-10T22:56:47","guid":{"rendered":"https:\/\/hitexoticsdistro.com\/?post_type=product&#038;p=624"},"modified":"2025-09-02T11:58:59","modified_gmt":"2025-09-02T11:58:59","slug":"kup-destylat-purple-kush-thc","status":"publish","type":"product","link":"https:\/\/hitexoticsdistro.eu\/pl\/product\/kup-destylat-purple-kush-thc\/","title":{"rendered":"Destylat THC Purple Kush"},"content":{"rendered":"<h2 data-pm-slice=\"1 1 []\">Kup destylat THC Purple Kush online w Europie \u2013 najlepszy koncentrat konopi<\/h2>\n<p>Destylaty konopne THC Purple Kush \u2013 selekcja mistrzowska<\/p>\n<p>Kup destylat Purple Kush THC! Je\u015bli szukasz <a href=\"https:\/\/hitexoticsdistro.eu\/product-category\/kup-koncentraty-konopi-indyjskich-online\/\">koncentrat\u00f3w z konopi indyjskich<\/a> o intensywnym dzia\u0142aniu terapeutycznym i relaksuj\u0105cym, destylat THC Purple Kush to idealny wyb\u00f3r. Kup destylat THC Purple Kush online, aby do\u015bwiadczy\u0107 wyj\u0105tkowo czystego produktu opracowanego z my\u015bl\u0105 o Twoim zdrowiu i dobrym samopoczuciu.<\/p>\n<p>Kup destylat THC Purple Kush online w Europie i do\u015bwiadcz najwy\u017cszej jako\u015bci destylatu THC z konopi. Nasze produkty powstaj\u0105 z organicznych odmian Purple Kush, znanych z intensywnego aromatu i silnego dzia\u0142ania relaksuj\u0105cego. Oferujemy starannie przetestowane koncentraty konopi, spe\u0142niaj\u0105ce najwy\u017csze standardy czysto\u015bci i mocy. <a href=\"https:\/\/hitexoticsdistro.eu\/product-category\/kup-thc-cannabis-distillates\/\">Destylaty THC<\/a> to idealny wyb\u00f3r dla os\u00f3b poszukuj\u0105cych skutecznych metod redukcji stresu, \u0142agodzenia b\u00f3lu i poprawy jako\u015bci snu.<\/p>\n<p>Niezale\u017cnie od tego, czy wolisz waporyzowa\u0107, dodawa\u0107 do jedzenia, czy spo\u017cywa\u0107 bezpo\u015brednio, nasze produkty oferuj\u0105 wszechstronno\u015b\u0107 i \u0142atwo\u015b\u0107 u\u017cycia. Zam\u00f3w destylat THC Purple Kush ju\u017c teraz, aby skorzysta\u0107 z szybkiej i dyskretnej dostawy w ca\u0142ej Europie. Wybierz spo\u015br\u00f3d sprawdzonych koncentrat\u00f3w konopi, aby wzbogaci\u0107 swoje doznania z konopi. Sprawd\u017a nasz\u0105 ofert\u0119 ju\u017c dzi\u015b i odkryj moc Purple Kush!<\/p>\n<h3>Czym jest Purple Kush THC?<\/h3>\n<p>Purple Kush to w 100% czysta odmiana indica, powsta\u0142a ze skrzy\u017cowania dw\u00f3ch legendarnych odmian konopi: Hindu Kush i Purple Afghani. Destylat THC z tej odmiany charakteryzuje si\u0119 najwy\u017csz\u0105 jako\u015bci\u0105, wysokim st\u0119\u017ceniem THC i charakterystycznym aromatem, kt\u00f3ry wprowadza u\u017cytkownik\u00f3w w stan g\u0142\u0119bokiego relaksu.<\/p>\n<p>Dlaczego warto wybra\u0107 destylat THC Purple Kush?<\/p>\n<p>Dzia\u0142anie terapeutyczne: Purple Kush THC zapewnia szeroki zakres korzy\u015bci zdrowotnych, w tym: <b>Relaksacja<\/b>: G\u0142\u0119bokie uczucie odpr\u0119\u017cenia, idealne dla os\u00f3b zmagaj\u0105cych si\u0119 z napi\u0119ciem. <b><span class=\"citation-16\">Wsparcie snu<\/span><\/b><span class=\"citation-16 citation-end-16\">: Doskona\u0142y dla pacjent\u00f3w cierpi\u0105cych na bezsenno\u015b\u0107.<\/span> <b>\u0141agodzenie b\u00f3lu<\/b>: Skutecznie \u0142agodzi b\u00f3l przewlek\u0142y, neuropatyczny oraz skurcze mi\u0119\u015bni.<\/p>\n<div class=\"source-inline-chip-container ng-star-inserted\"><\/div>\n<p><b>Wysoka jako\u015b\u0107<\/b>: Destylaty konopne THC Purple Kush s\u0105 destylowane przy u\u017cyciu zaawansowanych technologii, aby zapewni\u0107 maksymaln\u0105 czysto\u015b\u0107 i moc.<\/p>\n<p><b>Wyj\u0105tkowy smak i aromat<\/b>: <b>Smak<\/b>: Bogaty, winny smak z nutami s\u0142odkich jag\u00f3d i winogron. <b>Aromat<\/b>: Nuty ziemiste i korzenne \u0142\u0105cz\u0105 si\u0119 z intensywnym zapachem s\u0142odkich winogron.<\/p>\n<hr \/>\n<p>&nbsp;<\/p>\n<h3>Efekty i korzy\u015bci<\/h3>\n<p>Purple Kush THC zapewnia u\u017cytkownikom wyj\u0105tkowe do\u015bwiadczenie, \u0142\u0105cz\u0105ce intensywny haj z korzy\u015bciami terapeutycznymi:<\/p>\n<p><b>Efekty<\/b>:<\/p>\n<ul>\n<li>Euforia<\/li>\n<li><span class=\"citation-15 citation-end-15\">Relaksacja<\/span>\n<div class=\"source-inline-chip-container ng-star-inserted\"><\/div>\n<\/li>\n<li><span class=\"citation-14 citation-end-14\">Zwi\u0119kszony apetyt<\/span>\n<div class=\"source-inline-chip-container ng-star-inserted\"><\/div>\n<\/li>\n<li><span class=\"citation-13 citation-end-13\">Senno\u015b\u0107<\/span>\n<div class=\"source-inline-chip-container ng-star-inserted\"><\/div>\n<\/li>\n<\/ul>\n<p><b>Wsparcie w terapii<\/b>:<\/p>\n<ul>\n<li>Bezsenno\u015b\u0107<\/li>\n<li>Przewlek\u0142y b\u00f3l<\/li>\n<li>Stres<\/li>\n<li>Depresja<\/li>\n<li>Utrata apetytu<\/li>\n<li>PTSD<\/li>\n<\/ul>\n<hr \/>\n<p>&nbsp;<\/p>\n<h3>Jak u\u017cywa\u0107 destylatu THC Purple Kush?<\/h3>\n<p><b>Metoda doustna<\/b>: Umie\u015b\u0107 niewielk\u0105 ilo\u015b\u0107 destylatu (wielko\u015bci ziarna ry\u017cu) pod j\u0119zykiem i poczekaj, a\u017c si\u0119 wch\u0142onie. Ta metoda jest szybka i skuteczna.<\/p>\n<p><b>Waporyzacja<\/b>: U\u017cycie waporyzatora pozwala na szybkie wch\u0142oni\u0119cie THC do organizmu, dzi\u0119ki czemu efekty odczuwalne s\u0105 w ci\u0105gu kilku minut.<\/p>\n<p><b>Dodatek do jedzenia<\/b>: Destylat THC Purple Kush mo\u017cna doda\u0107 do jedzenia, aby przygotowa\u0107 smaczny i terapeutyczny posi\u0142ek. Pami\u0119taj, aby zaczyna\u0107 od ma\u0142ych dawek.<\/p>\n<hr \/>\n<p>&nbsp;<\/p>\n<h3>Dlaczego destylaty konopne THC s\u0105 lepsze od innych koncentrat\u00f3w?<\/h3>\n<p>Destylaty konopne, takie jak Purple Kush THC, oferuj\u0105 znacznie wy\u017csz\u0105 czysto\u015b\u0107 i st\u0119\u017cenie THC w por\u00f3wnaniu do tradycyjnych ekstrakt\u00f3w. Oznacza to, \u017ce s\u0105 skuteczniejsze w \u0142agodzeniu objaw\u00f3w wielu schorze\u0144, a ich dzia\u0142anie jest odczuwalne szybciej<a href=\"https:\/\/greenmedseu.com\/\" target=\"_blank\" rel=\"noopener\">.<\/a><\/p>\n<hr \/>\n<p>&nbsp;<\/p>\n<h2>Kup destylat Purple Kush THC<\/h2>\n<p>Zamawianie destylatu THC Purple Kush online jest niezwykle \u0142atwe. Odwied\u017a nasz\u0105 stron\u0119 Hitexoticsdistro i wybierz \u201eKup destylat THC Purple Kush\u201d. Gwarantujemy szybk\u0105 dostaw\u0119 i produkty najwy\u017cszej jako\u015bci.<\/p>\n<hr \/>\n<p>&nbsp;<\/p>\n<h3>Czy destylaty THC s\u0105 legalne w Europie?<\/h3>\n<p>W wi\u0119kszo\u015bci kraj\u00f3w europejskich produkty zawieraj\u0105ce THC s\u0105 regulowane. Kupuj\u0105c u nas, masz pewno\u015b\u0107, \u017ce przestrzegamy wszystkich przepis\u00f3w i dostarczamy produkty najwy\u017cszej jako\u015bci.<\/p>\n<p>&nbsp;<\/p>\n<p>&nbsp;<\/p>\n<p><img loading=\"lazy\" decoding=\"async\" class=\"alignnone size-medium wp-image-1174\" src=\"https:\/\/hitexoticsdistro.eu\/wp-content\/uploads\/2024\/10\/WhatsApp-Image-2024-10-02-at-3.49.57-PM-1-225x300.jpeg\" alt=\"Buy Weed Online\" width=\"225\" height=\"300\" srcset=\"https:\/\/hitexoticsdistro.eu\/wp-content\/uploads\/2024\/10\/WhatsApp-Image-2024-10-02-at-3.49.57-PM-1-225x300.jpeg 225w, https:\/\/hitexoticsdistro.eu\/wp-content\/uploads\/2024\/10\/WhatsApp-Image-2024-10-02-at-3.49.57-PM-1-768x1024.jpeg 768w, https:\/\/hitexoticsdistro.eu\/wp-content\/uploads\/2024\/10\/WhatsApp-Image-2024-10-02-at-3.49.57-PM-1-600x800.jpeg 600w, https:\/\/hitexoticsdistro.eu\/wp-content\/uploads\/2024\/10\/WhatsApp-Image-2024-10-02-at-3.49.57-PM-1.jpeg 960w\" sizes=\"auto, (max-width: 225px) 100vw, 225px\" \/> <img loading=\"lazy\" decoding=\"async\" class=\"alignnone size-medium wp-image-1149\" src=\"https:\/\/hitexoticsdistro.eu\/wp-content\/uploads\/2024\/10\/WhatsApp-Image-2024-10-02-at-3.50.03-PM-2-300x300.jpeg\" alt=\"Where to buy marijuana online safely?\" width=\"300\" height=\"300\" srcset=\"https:\/\/hitexoticsdistro.eu\/wp-content\/uploads\/2024\/10\/WhatsApp-Image-2024-10-02-at-3.50.03-PM-2-300x300.jpeg 300w, https:\/\/hitexoticsdistro.eu\/wp-content\/uploads\/2024\/10\/WhatsApp-Image-2024-10-02-at-3.50.03-PM-2-150x150.jpeg 150w, https:\/\/hitexoticsdistro.eu\/wp-content\/uploads\/2024\/10\/WhatsApp-Image-2024-10-02-at-3.50.03-PM-2-600x600.jpeg 600w, https:\/\/hitexoticsdistro.eu\/wp-content\/uploads\/2024\/10\/WhatsApp-Image-2024-10-02-at-3.50.03-PM-2-100x100.jpeg 100w, https:\/\/hitexoticsdistro.eu\/wp-content\/uploads\/2024\/10\/WhatsApp-Image-2024-10-02-at-3.50.03-PM-2.jpeg 640w\" sizes=\"auto, (max-width: 300px) 100vw, 300px\" \/> <img loading=\"lazy\" decoding=\"async\" class=\"alignnone size-medium wp-image-1155\" src=\"https:\/\/hitexoticsdistro.eu\/wp-content\/uploads\/2024\/10\/WhatsApp-Image-2024-10-02-at-3.50.13-PM-3-edited-300x300.jpeg\" alt=\"Where to buy marijuana online safely?\" width=\"300\" height=\"300\" srcset=\"https:\/\/hitexoticsdistro.eu\/wp-content\/uploads\/2024\/10\/WhatsApp-Image-2024-10-02-at-3.50.13-PM-3-edited-300x300.jpeg 300w, https:\/\/hitexoticsdistro.eu\/wp-content\/uploads\/2024\/10\/WhatsApp-Image-2024-10-02-at-3.50.13-PM-3-edited-150x150.jpeg 150w, https:\/\/hitexoticsdistro.eu\/wp-content\/uploads\/2024\/10\/WhatsApp-Image-2024-10-02-at-3.50.13-PM-3-edited-768x768.jpeg 768w, https:\/\/hitexoticsdistro.eu\/wp-content\/uploads\/2024\/10\/WhatsApp-Image-2024-10-02-at-3.50.13-PM-3-edited-600x600.jpeg 600w, https:\/\/hitexoticsdistro.eu\/wp-content\/uploads\/2024\/10\/WhatsApp-Image-2024-10-02-at-3.50.13-PM-3-edited-100x100.jpeg 100w, https:\/\/hitexoticsdistro.eu\/wp-content\/uploads\/2024\/10\/WhatsApp-Image-2024-10-02-at-3.50.13-PM-3-edited.jpeg 960w\" sizes=\"auto, (max-width: 300px) 100vw, 300px\" \/><\/p>\n","protected":false},"excerpt":{"rendered":"<p>Kup destylat THC Purple Kush online w Europie \u2013 najlepszy koncentrat konopi Destylaty konopne THC Purple Kush \u2013 selekcja mistrzowska [&hellip;]<\/p>\n","protected":false},"featured_media":676,"comment_status":"closed","ping_status":"closed","template":"","meta":{"_surecart_dashboard_logo_width":"180px","_surecart_dashboard_show_logo":true,"_surecart_dashboard_navigation_orders":true,"_surecart_dashboard_navigation_invoices":true,"_surecart_dashboard_navigation_subscriptions":true,"_surecart_dashboard_navigation_downloads":true,"_surecart_dashboard_navigation_billing":true,"_surecart_dashboard_navigation_account":true,"_uag_custom_page_level_css":"","site-sidebar-layout":"default","site-content-layout":"","ast-site-content-layout":"default","site-content-style":"default","site-sidebar-style":"default","ast-global-header-display":"","ast-banner-title-visibility":"","ast-main-header-display":"","ast-hfb-above-header-display":"","ast-hfb-below-header-display":"","ast-hfb-mobile-header-display":"","site-post-title":"","ast-breadcrumbs-content":"","ast-featured-img":"","footer-sml-layout":"","theme-transparent-header-meta":"default","adv-header-id-meta":"","stick-header-meta":"","header-above-stick-meta":"","header-main-stick-meta":"","header-below-stick-meta":"","astra-migrate-meta-layouts":"set","ast-page-background-enabled":"default","ast-page-background-meta":{"desktop":{"background-color":"var(--ast-global-color-4)","background-image":"","background-repeat":"repeat","background-position":"center center","background-size":"auto","background-attachment":"scroll","background-type":"","background-media":"","overlay-type":"","overlay-color":"","overlay-opacity":"","overlay-gradient":""},"tablet":{"background-color":"","background-image":"","background-repeat":"repeat","background-position":"center center","background-size":"auto","background-attachment":"scroll","background-type":"","background-media":"","overlay-type":"","overlay-color":"","overlay-opacity":"","overlay-gradient":""},"mobile":{"background-color":"","background-image":"","background-repeat":"repeat","background-position":"center center","background-size":"auto","background-attachment":"scroll","background-type":"","background-media":"","overlay-type":"","overlay-color":"","overlay-opacity":"","overlay-gradient":""}},"ast-content-background-meta":{"desktop":{"background-color":"var(--ast-global-color-5)","background-image":"","background-repeat":"repeat","background-position":"center center","background-size":"auto","background-attachment":"scroll","background-type":"","background-media":"","overlay-type":"","overlay-color":"","overlay-opacity":"","overlay-gradient":""},"tablet":{"background-color":"var(--ast-global-color-5)","background-image":"","background-repeat":"repeat","background-position":"center center","background-size":"auto","background-attachment":"scroll","background-type":"","background-media":"","overlay-type":"","overlay-color":"","overlay-opacity":"","overlay-gradient":""},"mobile":{"background-color":"var(--ast-global-color-5)","background-image":"","background-repeat":"repeat","background-position":"center center","background-size":"auto","background-attachment":"scroll","background-type":"","background-media":"","overlay-type":"","overlay-color":"","overlay-opacity":"","overlay-gradient":""}}},"product_brand":[],"product_cat":[53,249],"product_tag":[1584,1232,1588,1577,1589,1587,1590],"class_list":{"0":"post-624","1":"product","2":"type-product","3":"status-publish","4":"has-post-thumbnail","6":"product_cat-kup-koncentraty-konopi-indyjskich-online","7":"product_cat-kup-thc-cannabis-distillates","8":"product_tag-destylatyzkonopi","9":"product_tag-koncentratyzkonopi","10":"product_tag-kupdestylatpurplekushthc","11":"product_tag-olejekzkonopi","12":"product_tag-purplekushdestylat","13":"product_tag-purplekushthc","14":"product_tag-thcpurplekush","15":"desktop-align-left","16":"tablet-align-left","17":"mobile-align-left","19":"first","20":"instock","21":"sale","22":"shipping-taxable","23":"purchasable","24":"product-type-variable"},"uagb_featured_image_src":{"full":["https:\/\/hitexoticsdistro.eu\/wp-content\/uploads\/2024\/10\/Purple-Kush-Cannabis-THC-Distillate.webp",2560,1707,false],"thumbnail":["https:\/\/hitexoticsdistro.eu\/wp-content\/uploads\/2024\/10\/Purple-Kush-Cannabis-THC-Distillate-150x150.webp",150,150,true],"medium":["https:\/\/hitexoticsdistro.eu\/wp-content\/uploads\/2024\/10\/Purple-Kush-Cannabis-THC-Distillate-300x200.webp",300,200,true],"medium_large":["https:\/\/hitexoticsdistro.eu\/wp-content\/uploads\/2024\/10\/Purple-Kush-Cannabis-THC-Distillate-768x512.webp",768,512,true],"large":["https:\/\/hitexoticsdistro.eu\/wp-content\/uploads\/2024\/10\/Purple-Kush-Cannabis-THC-Distillate-1024x683.webp",1024,683,true],"1536x1536":["https:\/\/hitexoticsdistro.eu\/wp-content\/uploads\/2024\/10\/Purple-Kush-Cannabis-THC-Distillate-1536x1024.webp",1536,1024,true],"2048x2048":["https:\/\/hitexoticsdistro.eu\/wp-content\/uploads\/2024\/10\/Purple-Kush-Cannabis-THC-Distillate-2048x1366.webp",2048,1366,true],"trp-custom-language-flag":["https:\/\/hitexoticsdistro.eu\/wp-content\/uploads\/2024\/10\/Purple-Kush-Cannabis-THC-Distillate.webp",18,12,false],"woocommerce_thumbnail":["https:\/\/hitexoticsdistro.eu\/wp-content\/uploads\/2024\/10\/Purple-Kush-Cannabis-THC-Distillate-300x300.webp",300,300,true],"woocommerce_single":["https:\/\/hitexoticsdistro.eu\/wp-content\/uploads\/2024\/10\/Purple-Kush-Cannabis-THC-Distillate-600x400.webp",600,400,true],"woocommerce_gallery_thumbnail":["https:\/\/hitexoticsdistro.eu\/wp-content\/uploads\/2024\/10\/Purple-Kush-Cannabis-THC-Distillate-100x100.webp",100,100,true]},"uagb_author_info":{"display_name":"","author_link":"https:\/\/hitexoticsdistro.eu\/pl\/author\/"},"uagb_comment_info":0,"uagb_excerpt":"Kup destylat THC Purple Kush online w Europie \u2013 najlepszy koncentrat konopi Destylaty konopne THC Purple Kush \u2013 selekcja mistrzowska [&hellip;]","_links":{"self":[{"href":"https:\/\/hitexoticsdistro.eu\/pl\/wp-json\/wp\/v2\/product\/624","targetHints":{"allow":["GET"]}}],"collection":[{"href":"https:\/\/hitexoticsdistro.eu\/pl\/wp-json\/wp\/v2\/product"}],"about":[{"href":"https:\/\/hitexoticsdistro.eu\/pl\/wp-json\/wp\/v2\/types\/product"}],"replies":[{"embeddable":true,"href":"https:\/\/hitexoticsdistro.eu\/pl\/wp-json\/wp\/v2\/comments?post=624"}],"wp:featuredmedia":[{"embeddable":true,"href":"https:\/\/hitexoticsdistro.eu\/pl\/wp-json\/wp\/v2\/media\/676"}],"wp:attachment":[{"href":"https:\/\/hitexoticsdistro.eu\/pl\/wp-json\/wp\/v2\/media?parent=624"}],"wp:term":[{"taxonomy":"product_brand","embeddable":true,"href":"https:\/\/hitexoticsdistro.eu\/pl\/wp-json\/wp\/v2\/product_brand?post=624"},{"taxonomy":"product_cat","embeddable":true,"href":"https:\/\/hitexoticsdistro.eu\/pl\/wp-json\/wp\/v2\/product_cat?post=624"},{"taxonomy":"product_tag","embeddable":true,"href":"https:\/\/hitexoticsdistro.eu\/pl\/wp-json\/wp\/v2\/product_tag?post=624"}],"curies":[{"name":"wp","href":"https:\/\/api.w.org\/{rel}","templated":true}]}}