{"id":411,"date":"2024-10-10T22:49:57","date_gmt":"2024-10-10T22:49:57","guid":{"rendered":"https:\/\/hitexoticsdistro.com\/?post_type=product&#038;p=411"},"modified":"2026-04-28T00:24:39","modified_gmt":"2026-04-28T00:24:39","slug":"kup-szczep-konopi-blue-widow","status":"publish","type":"product","link":"https:\/\/hitexoticsdistro.eu\/pl\/product\/kup-szczep-konopi-blue-widow\/","title":{"rendered":"Blue Widow"},"content":{"rendered":"<h2>Kup szczep konopi Blue Widow<\/h2>\n<p>Blue Widow to owocowa odmiana, kt\u00f3ra \u0142\u0105czy moc i smak w jedno wyj\u0105tkowe do\u015bwiadczenie. Stworzona z my\u015bl\u0105 o najbardziej wymagaj\u0105cych u\u017cytkownikach, Blue Widow nie tylko zaskakuje intensywnym aromatem jag\u00f3d, sosny i cytrus\u00f3w, ale tak\u017ce oferuje s\u0142odko-kwa\u015bny smak, kt\u00f3ry d\u0142ugo pozostaje na podniebieniu. Niezale\u017cnie od poziomu do\u015bwiadczenia, ta <a href=\"https:\/\/hitexoticsdistro.eu\/product-category\/gdzie-moge-kupic-marihuane\/\">odmiana konopi<\/a> przeniesie Ci\u0119 na wy\u017cszy poziom relaksu i euforii.<\/p>\n<h3>Dlaczego warto kupi\u0107 szczep konopi Blue Widow?<\/h3>\n<p>Kupuj\u0105c szczep konopi Blue Widow online, zyskujesz dost\u0119p do jednej z najbardziej cenionych odmian, kt\u00f3ra \u0142\u0105czy silne dzia\u0142anie relaksacyjne z niezwyk\u0142\u0105 owocow\u0105 przyjemno\u015bci\u0105. U\u017cytkownicy ceni\u0105 j\u0105 za wszechstronno\u015b\u0107 \u2013 zar\u00f3wno do u\u017cytku rekreacyjnego, jak i terapeutycznego. Od redukcji stresu po z\u0142agodzenie b\u00f3lu, Blue Widow to doskona\u0142y wyb\u00f3r na ka\u017cd\u0105 okazj\u0119.<\/p>\n<h3>Efekty szczepu Blue Widow<\/h3>\n<p>Blue Widow jest idealna dla tych, kt\u00f3rzy szukaj\u0105 po\u0142\u0105czenia pobudzaj\u0105cej euforii i g\u0142\u0119bokiego relaksu. Oto, czego mo\u017cesz si\u0119 spodziewa\u0107 po jej u\u017cyciu:<\/p>\n<ul>\n<li><strong>Pobudzenie<\/strong> \u2013 Zapewnia zastrzyk energii i wyostrza umys\u0142, co jest idealne na pocz\u0105tek dnia.<\/li>\n<li><strong>Euforia<\/strong> \u2013 Podnosi nastr\u00f3j i daje uczucie b\u0142ogo\u015bci.<\/li>\n<li><strong>Skupienie<\/strong> \u2013 Pomaga skoncentrowa\u0107 si\u0119, idealna dla kreatywnych u\u017cytkownik\u00f3w.<\/li>\n<li><strong>Relaks<\/strong> \u2013 Wprowadza w stan g\u0142\u0119bokiego odpr\u0119\u017cenia, idealny do wieczornego relaksu.<\/li>\n<li><strong>Rado\u015b\u0107<\/strong> \u2013 Powoduje poczucie szcz\u0119\u015bcia, co sprawia, \u017ce u\u017cytkownicy cz\u0119sto staj\u0105 si\u0119 bardziej rozmowni i towarzyscy.<\/li>\n<\/ul>\n<h3>Korzy\u015bci terapeutyczne szczepu Blue Widow<\/h3>\n<p>Blue Widow to nie tylko szczep dla rozrywki. Wiele os\u00f3b wybiera j\u0105 ze wzgl\u0119du na liczne korzy\u015bci zdrowotne. Oto niekt\u00f3re dolegliwo\u015bci, kt\u00f3re Blue Widow mo\u017ce pom\u00f3c z\u0142agodzi\u0107:<\/p>\n<ul>\n<li><strong>Zapalenie staw\u00f3w<\/strong> \u2013 Dzia\u0142a przeciwb\u00f3lowo, \u0142agodz\u0105c objawy b\u00f3lu staw\u00f3w.<\/li>\n<li><strong>Przewlek\u0142y b\u00f3l<\/strong> \u2013 Idealna dla os\u00f3b cierpi\u0105cych na d\u0142ugotrwa\u0142e b\u00f3le, w tym mi\u0119\u015bniowe.<\/li>\n<li><strong>Depresja<\/strong> \u2013 Podnosi nastr\u00f3j, co mo\u017ce pom\u00f3c w walce z objawami depresji.<\/li>\n<li><strong>Zaburzenia uk\u0142adu pokarmowego<\/strong> \u2013 Pomaga w \u0142agodzeniu b\u00f3lu i nudno\u015bci zwi\u0105zanych z problemami \u017co\u0142\u0105dkowymi.<\/li>\n<li><strong>Bezsenno\u015b\u0107<\/strong> \u2013 Wprowadza w stan g\u0142\u0119bokiego relaksu, co pomaga zasn\u0105\u0107.<\/li>\n<li><strong>Migreny<\/strong> \u2013 Redukuje intensywno\u015b\u0107 b\u00f3lu g\u0142owy i migren.<\/li>\n<li><strong>Skurcze mi\u0119\u015bni<\/strong> \u2013 \u0141agodzi objawy zwi\u0105zane z napi\u0119ciem i skurczami mi\u0119\u015bni.<\/li>\n<li><strong>Stres<\/strong> \u2013 Blue Widow pomaga w redukcji stresu i napi\u0119cia, oferuj\u0105c spokojne odpr\u0119\u017cenie.<\/li>\n<\/ul>\n<h3>Smaki i aromaty Blue Widow<\/h3>\n<p>Jednym z g\u0142\u00f3wnych powod\u00f3w, dla kt\u00f3rych u\u017cytkownicy decyduj\u0105 si\u0119 na Blue Widow, jest jej niepowtarzalny profil smakowy i aromatyczny:<\/p>\n<ul>\n<li><strong>Smaki:<\/strong> jagody, bor\u00f3wki, owoce, s\u0142odycz<\/li>\n<li><strong>Aromaty:<\/strong> bor\u00f3wki, ziemisto\u015b\u0107, owoce, s\u0142odycz<\/li>\n<\/ul>\n<h3>Wizualne doznania<\/h3>\n<p>P\u0105ki Blue <a href=\"https:\/\/biohemp.pl\/pl\/olejki-ekstrakty-cbd-cbg\/\" target=\"_blank\" rel=\"noopener\">Widow<\/a> zachwycaj\u0105 swoim wygl\u0105dem. S\u0105 one \u015bredniej wielko\u015bci, o kolorze ciemnej oliwkowej zieleni, pokryte grub\u0105 warstw\u0105 krystalicznych trichom\u00f3w. Dzi\u0119ki swojemu Myrcene-dominuj\u0105cemu profilowi terpenowemu, Blue Widow nie tylko zapewnia totalny relaks cia\u0142a, ale tak\u017ce dostarcza pi\u0119knych wra\u017ce\u0144 wizualnych.<\/p>\n<h3>Kup szczep konopi Blue Widow ju\u017c teraz!<\/h3>\n<p>Je\u015bli szukasz odmiany, kt\u00f3ra zapewni Ci eufori\u0119, relaks i niezapomniane wra\u017cenia smakowe, Blue Widow jest idealnym wyborem. Zam\u00f3w ju\u017c dzi\u015b w naszym sklepie internetowym <em>Hit Exotics Distro<\/em> i ciesz si\u0119 najlepsz\u0105 jako\u015bci\u0105 oraz dyskretn\u0105 dostaw\u0105 prosto do Twojego domu. Dzi\u0119ki naszej ofercie masz pewno\u015b\u0107, \u017ce wybierasz produkt o sprawdzonej mocy i najwy\u017cszej \u015bwie\u017co\u015bci.<\/p>\n<h3>Frequently Asked Questions<\/h3>\n<h4>Co to jest szczep Blue Widow?<\/h4>\n<p>Blue Widow to hybrydowa odmiana konopi, kt\u00f3ra \u0142\u0105czy mocny, owocowy aromat i smak z silnymi efektami relaksacyjnymi. Jest to szczep dominuj\u0105cy w indica, doskona\u0142y do odpr\u0119\u017cenia i leczenia r\u00f3\u017cnych dolegliwo\u015bci.<\/p>\n<h4>Jakie s\u0105 g\u0142\u00f3wne efekty Blue Widow?<\/h4>\n<p>Blue Widow oferuje efekty takie jak pobudzenie, euforia, skupienie, relaks i poprawa nastroju. Jest idealna zar\u00f3wno do u\u017cytku rekreacyjnego, jak i terapeutycznego.<\/p>\n<h4>Czy Blue Widow pomaga na bezsenno\u015b\u0107?<\/h4>\n<p>Tak, Blue Widow jest doskona\u0142a dla os\u00f3b cierpi\u0105cych na bezsenno\u015b\u0107, poniewa\u017c wprowadza w stan g\u0142\u0119bokiego relaksu, u\u0142atwiaj\u0105c zasypianie.<\/p>\n<h4>Jakie smaki i aromaty ma Blue Widow?<\/h4>\n<p>Blue Widow charakteryzuje si\u0119 owocowym smakiem jag\u00f3d i bor\u00f3wek oraz s\u0142odkim, ziemistym aromatem.<\/p>\n<h3>Podsumowanie<\/h3>\n<p><strong>Kup szczep konopi Blue Widow<\/strong> i ciesz si\u0119 wyj\u0105tkowym po\u0142\u0105czeniem relaksu i euforii, z intensywnym smakiem i korzy\u015bciami zdrowotnymi. Idealna dla os\u00f3b szukaj\u0105cych odmiany, kt\u00f3ra poprawia nastr\u00f3j, redukuje b\u00f3l i stres, a tak\u017ce wprowadza w stan g\u0142\u0119bokiego odpr\u0119\u017cenia. Zam\u00f3w ju\u017c dzi\u015b na <em>Hit Exotics Distro<\/em> i do\u015bwiadcz prawdziwej magii Blue Widow!<\/p>\n<p>&nbsp;<\/p>\n<p><img loading=\"lazy\" decoding=\"async\" class=\"alignnone size-medium wp-image-1149\" src=\"https:\/\/hitexoticsdistro.eu\/wp-content\/uploads\/2024\/10\/WhatsApp-Image-2024-10-02-at-3.50.03-PM-2-300x300.jpeg\" alt=\"Gdzie bezpiecznie kupi\u0107 marihuan\u0119 online?\" width=\"300\" height=\"300\" srcset=\"https:\/\/hitexoticsdistro.eu\/wp-content\/uploads\/2024\/10\/WhatsApp-Image-2024-10-02-at-3.50.03-PM-2-300x300.jpeg 300w, https:\/\/hitexoticsdistro.eu\/wp-content\/uploads\/2024\/10\/WhatsApp-Image-2024-10-02-at-3.50.03-PM-2-150x150.jpeg 150w, https:\/\/hitexoticsdistro.eu\/wp-content\/uploads\/2024\/10\/WhatsApp-Image-2024-10-02-at-3.50.03-PM-2-600x600.jpeg 600w, https:\/\/hitexoticsdistro.eu\/wp-content\/uploads\/2024\/10\/WhatsApp-Image-2024-10-02-at-3.50.03-PM-2-100x100.jpeg 100w, https:\/\/hitexoticsdistro.eu\/wp-content\/uploads\/2024\/10\/WhatsApp-Image-2024-10-02-at-3.50.03-PM-2.jpeg 640w\" sizes=\"auto, (max-width: 300px) 100vw, 300px\" \/><\/p>\n","protected":false},"excerpt":{"rendered":"<p>Kup szczep konopi Blue Widow Blue Widow to owocowa odmiana, kt\u00f3ra \u0142\u0105czy moc i smak w jedno wyj\u0105tkowe do\u015bwiadczenie. Stworzona [&hellip;]<\/p>\n","protected":false},"featured_media":467,"comment_status":"closed","ping_status":"closed","template":"","meta":{"_surecart_dashboard_logo_width":"180px","_surecart_dashboard_show_logo":true,"_surecart_dashboard_navigation_orders":true,"_surecart_dashboard_navigation_invoices":true,"_surecart_dashboard_navigation_subscriptions":true,"_surecart_dashboard_navigation_downloads":true,"_surecart_dashboard_navigation_billing":true,"_surecart_dashboard_navigation_account":true,"_uag_custom_page_level_css":"","site-sidebar-layout":"default","site-content-layout":"","ast-site-content-layout":"default","site-content-style":"default","site-sidebar-style":"default","ast-global-header-display":"","ast-banner-title-visibility":"","ast-main-header-display":"","ast-hfb-above-header-display":"","ast-hfb-below-header-display":"","ast-hfb-mobile-header-display":"","site-post-title":"","ast-breadcrumbs-content":"","ast-featured-img":"","footer-sml-layout":"","ast-disable-related-posts":"","theme-transparent-header-meta":"default","adv-header-id-meta":"","stick-header-meta":"","header-above-stick-meta":"","header-main-stick-meta":"","header-below-stick-meta":"","astra-migrate-meta-layouts":"set","ast-page-background-enabled":"default","ast-page-background-meta":{"desktop":{"background-color":"var(--ast-global-color-5)","background-image":"","background-repeat":"repeat","background-position":"center center","background-size":"auto","background-attachment":"scroll","background-type":"","background-media":"","overlay-type":"","overlay-color":"","overlay-opacity":"","overlay-gradient":""},"tablet":{"background-color":"","background-image":"","background-repeat":"repeat","background-position":"center center","background-size":"auto","background-attachment":"scroll","background-type":"","background-media":"","overlay-type":"","overlay-color":"","overlay-opacity":"","overlay-gradient":""},"mobile":{"background-color":"","background-image":"","background-repeat":"repeat","background-position":"center center","background-size":"auto","background-attachment":"scroll","background-type":"","background-media":"","overlay-type":"","overlay-color":"","overlay-opacity":"","overlay-gradient":""}},"ast-content-background-meta":{"desktop":{"background-color":"var(--ast-global-color-4)","background-image":"","background-repeat":"repeat","background-position":"center center","background-size":"auto","background-attachment":"scroll","background-type":"","background-media":"","overlay-type":"","overlay-color":"","overlay-opacity":"","overlay-gradient":""},"tablet":{"background-color":"var(--ast-global-color-4)","background-image":"","background-repeat":"repeat","background-position":"center center","background-size":"auto","background-attachment":"scroll","background-type":"","background-media":"","overlay-type":"","overlay-color":"","overlay-opacity":"","overlay-gradient":""},"mobile":{"background-color":"var(--ast-global-color-4)","background-image":"","background-repeat":"repeat","background-position":"center center","background-size":"auto","background-attachment":"scroll","background-type":"","background-media":"","overlay-type":"","overlay-color":"","overlay-opacity":"","overlay-gradient":""}}},"product_brand":[],"product_cat":[61,56],"product_tag":[115],"class_list":{"0":"post-411","1":"product","2":"type-product","3":"status-publish","4":"has-post-thumbnail","6":"product_cat-hybrydowe-odmiany-marihuany-online","7":"product_cat-gdzie-moge-kupic-marihuane","8":"product_tag-buy-blue-widow-strain-flower-hybrid-online-europe","9":"desktop-align-left","10":"tablet-align-left","11":"mobile-align-left","13":"first","14":"instock","15":"shipping-taxable","16":"purchasable","17":"product-type-variable"},"uagb_featured_image_src":{"full":["https:\/\/hitexoticsdistro.eu\/wp-content\/uploads\/2024\/10\/Blue-Widow-Strain-Flower-\u2013-Hybrid.webp",2560,1707,false],"thumbnail":["https:\/\/hitexoticsdistro.eu\/wp-content\/uploads\/2024\/10\/Blue-Widow-Strain-Flower-\u2013-Hybrid-150x150.webp",150,150,true],"medium":["https:\/\/hitexoticsdistro.eu\/wp-content\/uploads\/2024\/10\/Blue-Widow-Strain-Flower-\u2013-Hybrid-300x200.webp",300,200,true],"medium_large":["https:\/\/hitexoticsdistro.eu\/wp-content\/uploads\/2024\/10\/Blue-Widow-Strain-Flower-\u2013-Hybrid-768x512.webp",768,512,true],"large":["https:\/\/hitexoticsdistro.eu\/wp-content\/uploads\/2024\/10\/Blue-Widow-Strain-Flower-\u2013-Hybrid-1024x683.webp",1024,683,true],"1536x1536":["https:\/\/hitexoticsdistro.eu\/wp-content\/uploads\/2024\/10\/Blue-Widow-Strain-Flower-\u2013-Hybrid-1536x1024.webp",1536,1024,true],"2048x2048":["https:\/\/hitexoticsdistro.eu\/wp-content\/uploads\/2024\/10\/Blue-Widow-Strain-Flower-\u2013-Hybrid-2048x1366.webp",2048,1366,true],"trp-custom-language-flag":["https:\/\/hitexoticsdistro.eu\/wp-content\/uploads\/2024\/10\/Blue-Widow-Strain-Flower-\u2013-Hybrid.webp",18,12,false],"woocommerce_thumbnail":["https:\/\/hitexoticsdistro.eu\/wp-content\/uploads\/2024\/10\/Blue-Widow-Strain-Flower-\u2013-Hybrid-300x300.webp",300,300,true],"woocommerce_single":["https:\/\/hitexoticsdistro.eu\/wp-content\/uploads\/2024\/10\/Blue-Widow-Strain-Flower-\u2013-Hybrid-600x400.webp",600,400,true],"woocommerce_gallery_thumbnail":["https:\/\/hitexoticsdistro.eu\/wp-content\/uploads\/2024\/10\/Blue-Widow-Strain-Flower-\u2013-Hybrid-100x100.webp",100,100,true]},"uagb_author_info":{"display_name":"","author_link":"https:\/\/hitexoticsdistro.eu\/pl\/author\/"},"uagb_comment_info":0,"uagb_excerpt":"Kup szczep konopi Blue Widow Blue Widow to owocowa odmiana, kt\u00f3ra \u0142\u0105czy moc i smak w jedno wyj\u0105tkowe do\u015bwiadczenie. Stworzona [&hellip;]","_links":{"self":[{"href":"https:\/\/hitexoticsdistro.eu\/pl\/wp-json\/wp\/v2\/product\/411","targetHints":{"allow":["GET"]}}],"collection":[{"href":"https:\/\/hitexoticsdistro.eu\/pl\/wp-json\/wp\/v2\/product"}],"about":[{"href":"https:\/\/hitexoticsdistro.eu\/pl\/wp-json\/wp\/v2\/types\/product"}],"replies":[{"embeddable":true,"href":"https:\/\/hitexoticsdistro.eu\/pl\/wp-json\/wp\/v2\/comments?post=411"}],"wp:featuredmedia":[{"embeddable":true,"href":"https:\/\/hitexoticsdistro.eu\/pl\/wp-json\/wp\/v2\/media\/467"}],"wp:attachment":[{"href":"https:\/\/hitexoticsdistro.eu\/pl\/wp-json\/wp\/v2\/media?parent=411"}],"wp:term":[{"taxonomy":"product_brand","embeddable":true,"href":"https:\/\/hitexoticsdistro.eu\/pl\/wp-json\/wp\/v2\/product_brand?post=411"},{"taxonomy":"product_cat","embeddable":true,"href":"https:\/\/hitexoticsdistro.eu\/pl\/wp-json\/wp\/v2\/product_cat?post=411"},{"taxonomy":"product_tag","embeddable":true,"href":"https:\/\/hitexoticsdistro.eu\/pl\/wp-json\/wp\/v2\/product_tag?post=411"}],"curies":[{"name":"wp","href":"https:\/\/api.w.org\/{rel}","templated":true}]}}