{"id":376,"date":"2024-10-10T22:48:45","date_gmt":"2024-10-10T22:48:45","guid":{"rendered":"https:\/\/hitexoticsdistro.com\/?post_type=product&#038;p=376"},"modified":"2024-10-26T23:45:08","modified_gmt":"2024-10-26T23:45:08","slug":"zamow-nightmare-cookies-marihuana-online-polska","status":"publish","type":"product","link":"https:\/\/hitexoticsdistro.eu\/pl\/product\/zamow-nightmare-cookies-marihuana-online-polska\/","title":{"rendered":"Nightmare Cookies"},"content":{"rendered":"<h2>Zam\u00f3w Nightmare Cookies Marihuan\u0105 Online Polska<\/h2>\n<p>Nightmare Cookies to niezwyk\u0142a hybryda, kt\u00f3ra \u0142\u0105czy najlepsze cechy obu \u015bwiat\u00f3w. Perfekcyjne po\u0142\u0105czenie odmian <em>White Nightmare<\/em> i <em>Girl Scout Cookies<\/em> sprawia, \u017ce ta odmiana jest odpowiednio nazwana, ze wzgl\u0119du na swoje mocne efekty i idealnie zbalansowane do\u015bwiadczenie. Niezale\u017cnie od tego, czy jeste\u015b do\u015bwiadczonym u\u017cytkownikiem konopi, czy dopiero zaczynasz, Nightmare Cookies obiecuje wyj\u0105tkow\u0105 podr\u00f3\u017c do \u015bwiata smak\u00f3w, aromat\u00f3w i relaksu.<\/p>\n<h3>Dlaczego warto Zam\u00f3wi\u0107 Nightmare Cookies Marihuan\u0105 Online Polska?<\/h3>\n<p>Kiedy <strong>zamawiasz Nightmare Cookies Marihuan\u0105 Online Polska<\/strong>, wybierasz jako\u015b\u0107, moc i wygod\u0119. Kupuj\u0105c online od zaufanych dostawc\u00f3w, takich jak <a href=\"https:\/\/hitexoticsdistro.eu\/\"><em>Hit Exotics Distro<\/em><\/a>, masz pewno\u015b\u0107, \u017ce otrzymujesz produkt premium dostarczony prosto do twoich drzwi w Polsce. Niezale\u017cnie od tego, czy u\u017cywasz marihuany dla relaksu, cel\u00f3w medycznych, czy po prostu dla czerpania przyjemno\u015bci z jej podnosz\u0105cych na duchu efekt\u00f3w, Nightmare Cookies to doskona\u0142y wyb\u00f3r.<\/p>\n<h3>Moc i Efekty Nightmare Cookies<\/h3>\n<p>Z wysok\u0105 zawarto\u015bci\u0105 THC wynosz\u0105c\u0105 24%, Nightmare Cookies nie jest dla s\u0142abych. Te ma\u0142e, ale pot\u0119\u017cne p\u0105ki dostarczaj\u0105 mocnych efekt\u00f3w, kt\u00f3re doskonale sprawdzaj\u0105 si\u0119 przed snem. Efekty Nightmare Cookies zaczynaj\u0105 si\u0119 od fali <strong>euforii<\/strong>, kt\u00f3ra podnosi nastr\u00f3j, a nast\u0119pnie pojawia si\u0119 <strong>spokojna letargia<\/strong>, idealna do odpr\u0119\u017cenia i relaksu. W miar\u0119 jak haj pog\u0142\u0119bia si\u0119, odczujesz <strong>senno\u015b\u0107<\/strong> i spok\u00f3j, a wszelkie stresy i zmartwienia znikn\u0105.<\/p>\n<p>Nightmare Cookies to idealna odmiana dla os\u00f3b cierpi\u0105cych na <strong>przewlek\u0142y b\u00f3l<\/strong>, <strong>bezsenno\u015b\u0107<\/strong> lub <strong>depresj\u0119<\/strong>, poniewa\u017c pomaga z\u0142agodzi\u0107 zar\u00f3wno napi\u0119cie fizyczne, jak i psychiczne. Kombinacja relaksuj\u0105cych i podnosz\u0105cych na duchu efekt\u00f3w sprawia, \u017ce ta odmiana jest idealna na wiecz\u00f3r, kiedy chcesz si\u0119 zrelaksowa\u0107 przed snem.<\/p>\n<h3>Aromaty i Smaki: Uczta dla Zmys\u0142\u00f3w<\/h3>\n<p>Jednym z wyr\u00f3\u017cniaj\u0105cych si\u0119 aspekt\u00f3w Nightmare Cookies jest jej niesamowity aromat i profil smakowy. Ju\u017c po otwarciu s\u0142oika z t\u0105 odmian\u0105, zostaniesz przywitany eksplozj\u0105 <strong>zio\u0142owych<\/strong>, <strong>ziemistych<\/strong> i <strong>s\u0142odkich<\/strong> aromat\u00f3w, po\u0142\u0105czonych z nutami <strong>sosny<\/strong> i <strong>kwiat\u00f3w<\/strong>. Smak jest r\u00f3wnie z\u0142o\u017cony, z pyszn\u0105 mieszank\u0105 <strong>jagodowych<\/strong>, <strong>zio\u0142owych<\/strong> i <strong>sosnowych<\/strong> nut, kt\u00f3re d\u0142ugo pozostaj\u0105 na podniebieniu.<\/p>\n<p>Je\u015bli szukasz odmiany marihuany, kt\u00f3ra dostarcza zar\u00f3wno mocy, jak i smaku, <strong>zam\u00f3w Nightmare Cookies Marihuan\u0105 Online Polska<\/strong> ju\u017c dzi\u015b i zanurz si\u0119 w tym unikalnym doznaniu sensorycznym.<\/p>\n<h3>Terapeutyczne Korzy\u015bci Nightmare Cookies<\/h3>\n<p>Nightmare Cookies to nie tylko spos\u00f3b na haj \u2013 ma r\u00f3wnie\u017c wiele korzy\u015bci terapeutycznych. Niezale\u017cnie od tego, czy borykasz si\u0119 z dyskomfortem psychicznym, czy fizycznym, ta odmiana mo\u017ce przynie\u015b\u0107 ulg\u0119 w wielu stanach, w tym:<\/p>\n<ul>\n<li><strong>Przewlek\u0142y B\u00f3l<\/strong>: Wysoka zawarto\u015b\u0107 THC pomaga zmniejszy\u0107 b\u00f3l, co czyni j\u0105 idealn\u0105 dla os\u00f3b cierpi\u0105cych na przewlek\u0142e dolegliwo\u015bci.<\/li>\n<li><strong>Bezsenno\u015b\u0107<\/strong>: Dzi\u0119ki swoim uspokajaj\u0105cym i nasennym efektom, Nightmare Cookies to doskona\u0142y wyb\u00f3r dla os\u00f3b maj\u0105cych problemy ze snem.<\/li>\n<li><strong>Depresja i Stres<\/strong>: Podnosz\u0105ce na duchu i euforyczne efekty tej odmiany pomagaj\u0105 z\u0142agodzi\u0107 stres i poprawi\u0107 nastr\u00f3j, co sprawia, \u017ce jest idealna dla os\u00f3b borykaj\u0105cych si\u0119 z l\u0119kiem i stresem.<\/li>\n<li><strong>Brak apetytu<\/strong>: Podobnie jak jedzenie ciastek, Nightmare Cookies mo\u017ce wywo\u0142a\u0107 silny apetyt, co czyni j\u0105 korzystn\u0105 dla os\u00f3b maj\u0105cych problemy z jedzeniem.<\/li>\n<\/ul>\n<h3>Dlaczego wybra\u0107 Nightmare Cookies?<\/h3>\n<ul>\n<li><strong>Zr\u00f3wnowa\u017cone Efekty<\/strong>: Nightmare Cookies zapewnia zar\u00f3wno podnosz\u0105ce na duchu efekty umys\u0142owe, jak i fizyczny relaks, dzi\u0119ki czemu jest wszechstronna dla r\u00f3\u017cnych u\u017cytkownik\u00f3w i p\u00f3r dnia.<\/li>\n<li><strong>Wysoka Moc<\/strong>: Z zawarto\u015bci\u0105 THC wynosz\u0105c\u0105 24% oferuje silne do\u015bwiadczenie dla os\u00f3b szukaj\u0105cych mocnego haju.<\/li>\n<li><strong>Pyszny Smak<\/strong>: Jej kombinacja jagodowych, zio\u0142owych i s\u0142odkich smak\u00f3w, po\u0142\u0105czona z kwiatowymi i ziemistymi aromatami, czyni Nightmare Cookies prawdziw\u0105 rozkosz\u0105 dla zmys\u0142\u00f3w.<\/li>\n<\/ul>\n<h3>Zam\u00f3w Nightmare Cookies Marihuan\u0105 Online Polska Ju\u017c Teraz!<\/h3>\n<p>Gotowy, aby do\u015bwiadczy\u0107 idealnego po\u0142\u0105czenia relaksu i euforii? <strong>Zam\u00f3w Nightmare Cookies Marihuan\u0105 Online Polska<\/strong> ju\u017c teraz na <em>Hit Exotics Distro<\/em> i ciesz si\u0119 wygod\u0105 zakup\u00f3w marihuany online w Polsce. Dzi\u0119ki szybkiej i dyskretnej wysy\u0142ce mo\u017cesz mie\u0107 najwy\u017cszej jako\u015bci Nightmare Cookies dostarczone prosto do swoich drzwi, gotowe do zapewnienia doskona\u0142ego do\u015bwiadczenia z konopiami.<\/p>\n<h3>Cz\u0119sto Zadawane Pytania o Nightmare Cookies<\/h3>\n<h4>Jaka jest zawarto\u015b\u0107 THC w Nightmare Cookies?<\/h4>\n<p>Nightmare Cookies ma wysok\u0105 zawarto\u015b\u0107 THC wynosz\u0105c\u0105 24%, co czyni j\u0105 siln\u0105 odmian\u0105 odpowiedni\u0105 dla do\u015bwiadczonych u\u017cytkownik\u00f3w lub os\u00f3b szukaj\u0105cych mocnego haju.<\/p>\n<h4>Jakie s\u0105 g\u0142\u00f3wne efekty Nightmare Cookies?<\/h4>\n<p>Nightmare Cookies oferuje kombinacj\u0119 <strong>euforii<\/strong>, <strong>relaksu<\/strong>, <strong>poprawy nastroju<\/strong> i <strong>senno\u015bci<\/strong>, co czyni j\u0105 idealn\u0105 do odpr\u0119\u017cenia po d\u0142ugim dniu.<\/p>\n<h4>Czy Nightmare Cookies jest dobra na bezsenno\u015b\u0107?<\/h4>\n<p>Tak, uspokajaj\u0105ce i nasenne efekty Nightmare <a href=\"https:\/\/bestbud.nl\/pl\/\" rel=\"nofollow noopener\" target=\"_blank\">Cookies<\/a> sprawiaj\u0105, \u017ce jest doskona\u0142ym wyborem dla os\u00f3b borykaj\u0105cych si\u0119 z bezsenno\u015bci\u0105 lub problemami ze snem.<\/p>\n<h4>Jak smakuje Nightmare Cookies?<\/h4>\n<p>Nightmare Cookies ma pyszny profil smakowy, z nutami <strong>s\u0142odkich<\/strong>, <strong>zio\u0142owych<\/strong>, <strong>jagodowych<\/strong> i <strong>sosnowych<\/strong> smak\u00f3w, co czyni j\u0105 prawdziw\u0105 uczt\u0105 dla mi\u0142o\u015bnik\u00f3w marihuany.<\/p>\n<h4>Jak Nightmare Cookies pomaga w stresie i l\u0119ku?<\/h4>\n<p>Podnosz\u0105ce na duchu efekty umys\u0142owe w po\u0142\u0105czeniu z fizycznym relaksem pomagaj\u0105 z\u0142agodzi\u0107 stres i l\u0119k, pozwalaj\u0105c u\u017cytkownikom poczu\u0107 si\u0119 bardziej spokojnymi i zrelaksowanymi.<\/p>\n<h3>Podsumowanie<\/h3>\n<p>Nightmare Cookies to wyj\u0105tkowa hybryda, kt\u00f3ra oferuje idealnie zbalansowane do\u015bwiadczenie zar\u00f3wno dla umys\u0142u, jak i cia\u0142a. Niezale\u017cnie od tego, czy szukasz relaksu, ulgi w b\u00f3lu, czy pomocy w zasypianiu, ta odmiana dostarcza wszystko, czego potrzebujesz. <strong>Zam\u00f3w Nightmare Cookies Marihuan\u0105 Online Polska<\/strong> ju\u017c dzi\u015b i do\u015bwiadcz pot\u0119\u017cnych efekt\u00f3w oraz pysznych smak\u00f3w, jakie ta odmiana ma do zaoferowania.<\/p>\n<p>&nbsp;<\/p>\n<p><img loading=\"lazy\" decoding=\"async\" class=\"alignnone size-medium wp-image-1149\" src=\"https:\/\/hitexoticsdistro.eu\/wp-content\/uploads\/2024\/10\/WhatsApp-Image-2024-10-02-at-3.50.03-PM-2-300x300.jpeg\" alt=\"Gdzie bezpiecznie kupi\u0107 marihuan\u0119 online?\" width=\"300\" height=\"300\" srcset=\"https:\/\/hitexoticsdistro.eu\/wp-content\/uploads\/2024\/10\/WhatsApp-Image-2024-10-02-at-3.50.03-PM-2-300x300.jpeg 300w, https:\/\/hitexoticsdistro.eu\/wp-content\/uploads\/2024\/10\/WhatsApp-Image-2024-10-02-at-3.50.03-PM-2-150x150.jpeg 150w, https:\/\/hitexoticsdistro.eu\/wp-content\/uploads\/2024\/10\/WhatsApp-Image-2024-10-02-at-3.50.03-PM-2-600x600.jpeg 600w, https:\/\/hitexoticsdistro.eu\/wp-content\/uploads\/2024\/10\/WhatsApp-Image-2024-10-02-at-3.50.03-PM-2-100x100.jpeg 100w, https:\/\/hitexoticsdistro.eu\/wp-content\/uploads\/2024\/10\/WhatsApp-Image-2024-10-02-at-3.50.03-PM-2.jpeg 640w\" sizes=\"auto, (max-width: 300px) 100vw, 300px\" \/><\/p>\n","protected":false},"excerpt":{"rendered":"<p>Zam\u00f3w Nightmare Cookies Marihuan\u0105 Online Polska Nightmare Cookies to niezwyk\u0142a hybryda, kt\u00f3ra \u0142\u0105czy najlepsze cechy obu \u015bwiat\u00f3w. Perfekcyjne po\u0142\u0105czenie odmian [&hellip;]<\/p>\n","protected":false},"featured_media":425,"comment_status":"closed","ping_status":"closed","template":"","meta":{"_surecart_dashboard_logo_width":"180px","_surecart_dashboard_show_logo":true,"_surecart_dashboard_navigation_orders":true,"_surecart_dashboard_navigation_invoices":true,"_surecart_dashboard_navigation_subscriptions":true,"_surecart_dashboard_navigation_downloads":true,"_surecart_dashboard_navigation_billing":true,"_surecart_dashboard_navigation_account":true,"_uag_custom_page_level_css":"","site-sidebar-layout":"default","site-content-layout":"","ast-site-content-layout":"default","site-content-style":"default","site-sidebar-style":"default","ast-global-header-display":"","ast-banner-title-visibility":"","ast-main-header-display":"","ast-hfb-above-header-display":"","ast-hfb-below-header-display":"","ast-hfb-mobile-header-display":"","site-post-title":"","ast-breadcrumbs-content":"","ast-featured-img":"","footer-sml-layout":"","theme-transparent-header-meta":"default","adv-header-id-meta":"","stick-header-meta":"","header-above-stick-meta":"","header-main-stick-meta":"","header-below-stick-meta":"","astra-migrate-meta-layouts":"set","ast-page-background-enabled":"default","ast-page-background-meta":{"desktop":{"background-color":"var(--ast-global-color-4)","background-image":"","background-repeat":"repeat","background-position":"center center","background-size":"auto","background-attachment":"scroll","background-type":"","background-media":"","overlay-type":"","overlay-color":"","overlay-opacity":"","overlay-gradient":""},"tablet":{"background-color":"","background-image":"","background-repeat":"repeat","background-position":"center center","background-size":"auto","background-attachment":"scroll","background-type":"","background-media":"","overlay-type":"","overlay-color":"","overlay-opacity":"","overlay-gradient":""},"mobile":{"background-color":"","background-image":"","background-repeat":"repeat","background-position":"center center","background-size":"auto","background-attachment":"scroll","background-type":"","background-media":"","overlay-type":"","overlay-color":"","overlay-opacity":"","overlay-gradient":""}},"ast-content-background-meta":{"desktop":{"background-color":"var(--ast-global-color-5)","background-image":"","background-repeat":"repeat","background-position":"center center","background-size":"auto","background-attachment":"scroll","background-type":"","background-media":"","overlay-type":"","overlay-color":"","overlay-opacity":"","overlay-gradient":""},"tablet":{"background-color":"var(--ast-global-color-5)","background-image":"","background-repeat":"repeat","background-position":"center center","background-size":"auto","background-attachment":"scroll","background-type":"","background-media":"","overlay-type":"","overlay-color":"","overlay-opacity":"","overlay-gradient":""},"mobile":{"background-color":"var(--ast-global-color-5)","background-image":"","background-repeat":"repeat","background-position":"center center","background-size":"auto","background-attachment":"scroll","background-type":"","background-media":"","overlay-type":"","overlay-color":"","overlay-opacity":"","overlay-gradient":""}}},"product_brand":[],"product_cat":[56,57],"product_tag":[596,597,599,551,593,595,591,594,598,95,600,592],"class_list":{"0":"post-376","1":"product","2":"type-product","3":"status-publish","4":"has-post-thumbnail","6":"product_cat-gdzie-moge-kupic-marihuane","7":"product_cat-kup-marihuane-sativa-online-polska","8":"product_tag-cannabispolska","9":"product_tag-cannabiswpolsce","10":"product_tag-girlscoutcookies","11":"product_tag-hitexoticsdistro","12":"product_tag-kupnightmarecookiesonline","13":"product_tag-marihuanaonlinepolska","14":"product_tag-nightmarecookies","15":"product_tag-nightmarecookiespolska","16":"product_tag-odmianyhybrydowe","17":"product_tag-order-nightmare-cookies-weed-strain-europe","18":"product_tag-whitenightmare","19":"product_tag-zamownightmarecookies","20":"desktop-align-left","21":"tablet-align-left","22":"mobile-align-left","24":"first","25":"instock","26":"shipping-taxable","27":"purchasable","28":"product-type-variable"},"uagb_featured_image_src":{"full":["https:\/\/hitexoticsdistro.eu\/wp-content\/uploads\/2024\/10\/Nightmare-Cookies-Weed-Strain.webp",2048,1365,false],"thumbnail":["https:\/\/hitexoticsdistro.eu\/wp-content\/uploads\/2024\/10\/Nightmare-Cookies-Weed-Strain-150x150.webp",150,150,true],"medium":["https:\/\/hitexoticsdistro.eu\/wp-content\/uploads\/2024\/10\/Nightmare-Cookies-Weed-Strain-300x200.webp",300,200,true],"medium_large":["https:\/\/hitexoticsdistro.eu\/wp-content\/uploads\/2024\/10\/Nightmare-Cookies-Weed-Strain-768x512.webp",768,512,true],"large":["https:\/\/hitexoticsdistro.eu\/wp-content\/uploads\/2024\/10\/Nightmare-Cookies-Weed-Strain-1024x683.webp",1024,683,true],"1536x1536":["https:\/\/hitexoticsdistro.eu\/wp-content\/uploads\/2024\/10\/Nightmare-Cookies-Weed-Strain-1536x1024.webp",1536,1024,true],"2048x2048":["https:\/\/hitexoticsdistro.eu\/wp-content\/uploads\/2024\/10\/Nightmare-Cookies-Weed-Strain.webp",2048,1365,false],"trp-custom-language-flag":["https:\/\/hitexoticsdistro.eu\/wp-content\/uploads\/2024\/10\/Nightmare-Cookies-Weed-Strain.webp",18,12,false],"woocommerce_thumbnail":["https:\/\/hitexoticsdistro.eu\/wp-content\/uploads\/2024\/10\/Nightmare-Cookies-Weed-Strain-300x300.webp",300,300,true],"woocommerce_single":["https:\/\/hitexoticsdistro.eu\/wp-content\/uploads\/2024\/10\/Nightmare-Cookies-Weed-Strain-600x400.webp",600,400,true],"woocommerce_gallery_thumbnail":["https:\/\/hitexoticsdistro.eu\/wp-content\/uploads\/2024\/10\/Nightmare-Cookies-Weed-Strain-100x100.webp",100,100,true]},"uagb_author_info":{"display_name":"","author_link":"https:\/\/hitexoticsdistro.eu\/pl\/author\/"},"uagb_comment_info":0,"uagb_excerpt":"Zam\u00f3w Nightmare Cookies Marihuan\u0105 Online Polska Nightmare Cookies to niezwyk\u0142a hybryda, kt\u00f3ra \u0142\u0105czy najlepsze cechy obu \u015bwiat\u00f3w. Perfekcyjne po\u0142\u0105czenie odmian [&hellip;]","_links":{"self":[{"href":"https:\/\/hitexoticsdistro.eu\/pl\/wp-json\/wp\/v2\/product\/376","targetHints":{"allow":["GET"]}}],"collection":[{"href":"https:\/\/hitexoticsdistro.eu\/pl\/wp-json\/wp\/v2\/product"}],"about":[{"href":"https:\/\/hitexoticsdistro.eu\/pl\/wp-json\/wp\/v2\/types\/product"}],"replies":[{"embeddable":true,"href":"https:\/\/hitexoticsdistro.eu\/pl\/wp-json\/wp\/v2\/comments?post=376"}],"wp:featuredmedia":[{"embeddable":true,"href":"https:\/\/hitexoticsdistro.eu\/pl\/wp-json\/wp\/v2\/media\/425"}],"wp:attachment":[{"href":"https:\/\/hitexoticsdistro.eu\/pl\/wp-json\/wp\/v2\/media?parent=376"}],"wp:term":[{"taxonomy":"product_brand","embeddable":true,"href":"https:\/\/hitexoticsdistro.eu\/pl\/wp-json\/wp\/v2\/product_brand?post=376"},{"taxonomy":"product_cat","embeddable":true,"href":"https:\/\/hitexoticsdistro.eu\/pl\/wp-json\/wp\/v2\/product_cat?post=376"},{"taxonomy":"product_tag","embeddable":true,"href":"https:\/\/hitexoticsdistro.eu\/pl\/wp-json\/wp\/v2\/product_tag?post=376"}],"curies":[{"name":"wp","href":"https:\/\/api.w.org\/{rel}","templated":true}]}}