{"id":364,"date":"2024-10-10T22:48:18","date_gmt":"2024-10-10T22:48:18","guid":{"rendered":"https:\/\/hitexoticsdistro.com\/?post_type=product&#038;p=364"},"modified":"2024-10-26T23:01:13","modified_gmt":"2024-10-26T23:01:13","slug":"zamow-grape-ape-weed-strain-online","status":"publish","type":"product","link":"https:\/\/hitexoticsdistro.eu\/pl\/product\/zamow-grape-ape-weed-strain-online\/","title":{"rendered":"Grape Ape"},"content":{"rendered":"<h2><strong>Zam\u00f3w Grape Ape Weed Strain Online<\/strong><\/h2>\n<p>Grape Ape to popularna <strong><a href=\"https:\/\/hitexoticsdistro.eu\/product-category\/kup-konopie-indyjskie-indica-online\/\">indica<\/a>-dominant<\/strong> hybryda, kt\u00f3r\u0105 entuzja\u015bci marihuany uwielbiaj\u0105 za jej silne efekty i przyjemny smak. Jest to krzy\u017c\u00f3wka odmian <em>Mendocino Purps<\/em>, <em>Skunk<\/em> i <em>original Afghani<\/em>, kt\u00f3ra \u0142\u0105czy najlepsze cechy swoich rodzic\u00f3w, oferuj\u0105c g\u0142\u0119boki relaks dla ca\u0142ego cia\u0142a. Dzi\u0119ki <strong>poziomowi THC w zakresie od 18% do 21%<\/strong>, Grape Ape to umiarkowanie mocna odmiana, kt\u00f3ra skutecznie radzi sobie z r\u00f3\u017cnymi schorzeniami, nie przyt\u0142aczaj\u0105c u\u017cytkownik\u00f3w, co czyni j\u0105 doskona\u0142ym wyborem dla tych, kt\u00f3rzy szukaj\u0105 ulgi bez utraty funkcjonalno\u015bci.<\/p>\n<h3>Dlaczego warto zam\u00f3wi\u0107 Grape Ape Weed Strain Online?<\/h3>\n<p>Zamawiaj\u0105c <strong>Grape Ape weed strain online<\/strong> od zaufanych dostawc\u00f3w, takich jak <a href=\"https:\/\/hitexoticsdistro.eu\" target=\"_new\" rel=\"noopener\">https:\/\/hitexoticsdistro.eu<\/a>, masz pewno\u015b\u0107, \u017ce otrzymasz produkt najwy\u017cszej jako\u015bci o maksymalnej mocy. Niezale\u017cnie od tego, czy szukasz rozwi\u0105zania na przewlek\u0142y b\u00f3l, czy po prostu chcesz si\u0119 zrelaksowa\u0107 po d\u0142ugim dniu, Grape Ape spe\u0142ni twoje oczekiwania. Zamawianie online zapewnia wygod\u0119, dyskretne opakowanie i dost\u0119p do sprawdzonych informacji o pochodzeniu i efektach odmiany.<\/p>\n<h3>Efekty Grape Ape<\/h3>\n<p>Grape Ape jest znana ze swoich g\u0142\u0119boko <strong>relaksuj\u0105cych<\/strong> efekt\u00f3w, co czyni j\u0105 idealn\u0105 na wieczorne u\u017cycie. Po konsumpcji u\u017cytkownicy odczuwaj\u0105 fal\u0119 relaksu obejmuj\u0105cego ca\u0142e cia\u0142o, kt\u00f3ra szybko prowadzi do <strong>kanapowej blokady<\/strong> i nawet <strong>g\u0142\u0119bokiego snu<\/strong>. Chocia\u017c g\u0142\u00f3wnym efektem jest relaks, Grape Ape oferuje r\u00f3wnie\u017c euforyczny haj, kt\u00f3ry pozostawia umys\u0142 <strong>czysty i skoncentrowany<\/strong>, pozwalaj\u0105c na bezstresowy stan umys\u0142u.<\/p>\n<p>Najcz\u0119stsze efekty to:<\/p>\n<ul>\n<li><strong>Euforia<\/strong><\/li>\n<li><strong>Szcz\u0119\u015bcie<\/strong><\/li>\n<li><strong>Senno\u015b\u0107<\/strong><\/li>\n<li><strong>G\u0142\u0119boki relaks<\/strong><\/li>\n<\/ul>\n<p>Ten zr\u00f3wnowa\u017cony haj sprawia, \u017ce Grape Ape jest doskona\u0142\u0105 odmian\u0105 dla os\u00f3b, kt\u00f3re potrzebuj\u0105 relaksu po d\u0142ugim dniu lub cierpi\u0105 na <strong>l\u0119ki<\/strong>, <strong>depresj\u0119<\/strong> czy <strong>PTSD<\/strong>.<\/p>\n<h3>Korzy\u015bci zdrowotne Grape Ape<\/h3>\n<p>Wielu u\u017cytkownik\u00f3w <strong>zamawia Grape Ape weed strain online<\/strong> ze wzgl\u0119du na jego korzy\u015bci terapeutyczne. Ta odmiana jest bardzo skuteczna w \u0142agodzeniu <strong>przewlek\u0142ego b\u00f3lu<\/strong>, w szczeg\u00f3lno\u015bci migren, artretyzmu i b\u00f3l\u00f3w mi\u0119\u015bniowych. Jest r\u00f3wnie\u017c przydatna w leczeniu problem\u00f3w zdrowia psychicznego, takich jak <strong>l\u0119k<\/strong>, <strong>zaburzenie afektywne dwubiegunowe<\/strong> i <strong>PTSD<\/strong>, dzi\u0119ki swoim uspokajaj\u0105cym w\u0142a\u015bciwo\u015bciom. Dodatkowo, Grape Ape mo\u017ce \u0142agodzi\u0107 <strong>bezsenno\u015b\u0107<\/strong> i <strong>utrata apetytu<\/strong>, co czyni j\u0105 wszechstronn\u0105 odmian\u0105 do r\u00f3\u017cnych potrzeb zdrowotnych.<\/p>\n<p>Grape Ape mo\u017ce \u0142agodzi\u0107:<\/p>\n<ul>\n<li><strong>Przewlek\u0142y b\u00f3l<\/strong> (artretyzm, migreny)<\/li>\n<li><strong>Stres i l\u0119k<\/strong><\/li>\n<li><strong>Depresj\u0119<\/strong><\/li>\n<li><strong>Bezsenno\u015b\u0107<\/strong><\/li>\n<li><strong>Utrat\u0119 apetytu<\/strong><\/li>\n<li><strong>PTSD<\/strong><\/li>\n<li><strong>ADD\/ADHD<\/strong><\/li>\n<li><strong>Zaburzenie afektywne dwubiegunowe<\/strong><\/li>\n<\/ul>\n<h3>Profil smakowy i aromatyczny<\/h3>\n<p>Zgodnie z nazw\u0105, Grape Ape jest pe\u0142na <strong>smaku winogron<\/strong> i oferuje <strong>ziemisty<\/strong>, <strong>owocowy<\/strong> i <strong>s\u0142odki<\/strong> aromat. Dominuj\u0105cy smak to dojrza\u0142e, s\u0142odkie <strong>winogrona<\/strong>, z delikatnymi nutami <strong>jag\u00f3d<\/strong>. Podczas wydechu u\u017cytkownicy cz\u0119sto zauwa\u017caj\u0105 przyjemne po\u0142\u0105czenie <strong>przyprawy<\/strong> i s\u0142odyczy, co sprawia, \u017ce Grape Ape nie tylko skutecznie dzia\u0142a, ale tak\u017ce dostarcza przyjemnych dozna\u0144 smakowych.<\/p>\n<p><strong>Smaki<\/strong>:<\/p>\n<ul>\n<li>Winogrona<\/li>\n<li>Jagody<\/li>\n<li>S\u0142odki<\/li>\n<li>Owocowy<\/li>\n<\/ul>\n<p><strong>Aromaty<\/strong>:<\/p>\n<ul>\n<li>Ziemisty<\/li>\n<li>Owocowy<\/li>\n<li>Winogronowy<\/li>\n<li>Przyprawowy<\/li>\n<\/ul>\n<h3>Wygl\u0105d: Pi\u0119kna odmiana<\/h3>\n<p>Odmiana <strong>Grape Ape<\/strong> wyr\u00f3\u017cnia si\u0119 tak\u017ce swoim wygl\u0105dem. Jej g\u0119ste, ciemnofioletowe p\u0105ki pokryte s\u0105 warstw\u0105 mro\u017anych, bia\u0142ych trichom\u00f3w. Te trichomy, w po\u0142\u0105czeniu z jasnopomara\u0144czowymi w\u0142oskami, sprawiaj\u0105, \u017ce odmiana naprawd\u0119 si\u0119 wyr\u00f3\u017cnia. Jej zwarte, \u017cywiczne p\u0105ki s\u0105 lepkie w dotyku, co dodatkowo wskazuje na moc tej odmiany.<\/p>\n<h3>Dla kogo jest Grape Ape?<\/h3>\n<p>Grape Ape najlepiej nadaje si\u0119 dla os\u00f3b szukaj\u0105cych:<\/p>\n<ul>\n<li>G\u0142\u0119bokiego relaksu fizycznego<\/li>\n<li>Ulgi w b\u00f3lu i dyskomforcie<\/li>\n<li>Naturalnego \u015brodka nasennego<\/li>\n<li>Rozwi\u0105zania na stres, l\u0119k i depresj\u0119<\/li>\n<\/ul>\n<p>Ze wzgl\u0119du na swoje relaksuj\u0105ce i uspokajaj\u0105ce efekty, Grape Ape jest zazwyczaj polecana na <strong>wieczorne<\/strong> lub <strong>nocne<\/strong> u\u017cycie. Je\u015bli zamierzasz <strong>zam\u00f3wi\u0107 Grape Ape weed strain online<\/strong> do u\u017cycia w ci\u0105gu dnia, pami\u0119taj, \u017ce silne efekty indica mog\u0105 prowadzi\u0107 do ospa\u0142o\u015bci lub senno\u015bci, co czyni j\u0105 lepsz\u0105 do relaksu po ca\u0142ym dniu.<\/p>\n<h3>Dlaczego warto kupi\u0107 od Hit Exotics Distro?<\/h3>\n<p>W <a href=\"https:\/\/hitexoticsdistro.eu\" target=\"_new\" rel=\"noopener\">Hit Exotics Distro<\/a> dbamy o to, aby oferowa\u0107 najwy\u017cszej jako\u015bci odmiany marihuany, takie jak Grape Ape. Nasze odmiany s\u0105 starannie uprawiane i pozyskiwane, aby zapewni\u0107 maksymaln\u0105 moc i \u015bwie\u017co\u015b\u0107. Zamawiaj\u0105c <strong>Grape Ape weed strain online<\/strong>, wybierasz niezawodne, dyskretne i wygodne rozwi\u0105zanie w dost\u0119pie do produkt\u00f3w konopnych najwy\u017cszej jako\u015bci.<\/p>\n<h3>Cz\u0119sto zadawane pytania<\/h3>\n<p><strong>1. Jakie s\u0105 g\u0142\u00f3wne efekty Grape Ape?<\/strong><br \/>\nGrape Ape zapewnia pe\u0142ny relaks cia\u0142a, eufori\u0119 i poczucie szcz\u0119\u015bcia. Mo\u017ce r\u00f3wnie\u017c wywo\u0142a\u0107 senno\u015b\u0107, co czyni j\u0105 idealn\u0105 do wieczornego u\u017cycia.<\/p>\n<p><strong>2. Czy Grape Ape nadaje si\u0119 do leczenia schorze\u0144?<\/strong><br \/>\nTak, Grape Ape jest bardzo skuteczna w leczeniu takich schorze\u0144 jak przewlek\u0142y b\u00f3l, l\u0119k, depresja, bezsenno\u015b\u0107 i <a href=\"https:\/\/biohemp.pl\/pl\/olejki-ekstrakty-cbd-cbg\/\" rel=\"nofollow noopener\" target=\"_blank\">PTSD<\/a>.<\/p>\n<p><strong>3. Jak smakuje Grape Ape?<\/strong><br \/>\nGrape Ape ma s\u0142odki, owocowy smak, z dominuj\u0105cymi nutami winogron i jag\u00f3d, uzupe\u0142nionymi ziemistym, lekko przyprawowym aromatem.<\/p>\n<p><strong>4. Czy pocz\u0105tkuj\u0105cy mog\u0105 u\u017cywa\u0107 Grape Ape?<\/strong><br \/>\nTak, mimo \u017ce Grape Ape jest mocna, nie jest przyt\u0142aczaj\u0105ca. Jednak ze wzgl\u0119du na silne efekty relaksuj\u0105ce, lepiej nadaje si\u0119 na wieczorne lub nocne u\u017cycie.<\/p>\n<h3>Podsumowanie<\/h3>\n<p>Je\u015bli szukasz odmiany, kt\u00f3ra oferuje g\u0142\u0119boki relaks, pot\u0119\u017cne korzy\u015bci terapeutyczne i przyjemny smak, Grape Ape b\u0119dzie doskona\u0142ym wyborem. Idealna do odpr\u0119\u017cenia po d\u0142ugim dniu lub \u0142agodzenia b\u00f3lu i stresu, Grape Ape to must-have dla mi\u0142o\u015bnik\u00f3w indica. <strong>Zam\u00f3w Grape Ape weed strain online<\/strong> w <a href=\"https:\/\/hitexoticsdistro.eu\" target=\"_new\" rel=\"noopener\">Hit Exotics Distro<\/a> i odkryj relaksuj\u0105ce, euforyczne efekty tej ikonicznej odmiany ju\u017c dzi\u015b!<\/p>\n<p>&nbsp;<\/p>\n<p><img loading=\"lazy\" decoding=\"async\" class=\"alignnone size-medium wp-image-1149\" src=\"https:\/\/hitexoticsdistro.eu\/wp-content\/uploads\/2024\/10\/WhatsApp-Image-2024-10-02-at-3.50.03-PM-2-300x300.jpeg\" alt=\"Gdzie bezpiecznie kupi\u0107 marihuan\u0119 online?\" width=\"300\" height=\"300\" srcset=\"https:\/\/hitexoticsdistro.eu\/wp-content\/uploads\/2024\/10\/WhatsApp-Image-2024-10-02-at-3.50.03-PM-2-300x300.jpeg 300w, https:\/\/hitexoticsdistro.eu\/wp-content\/uploads\/2024\/10\/WhatsApp-Image-2024-10-02-at-3.50.03-PM-2-150x150.jpeg 150w, https:\/\/hitexoticsdistro.eu\/wp-content\/uploads\/2024\/10\/WhatsApp-Image-2024-10-02-at-3.50.03-PM-2-600x600.jpeg 600w, https:\/\/hitexoticsdistro.eu\/wp-content\/uploads\/2024\/10\/WhatsApp-Image-2024-10-02-at-3.50.03-PM-2-100x100.jpeg 100w, https:\/\/hitexoticsdistro.eu\/wp-content\/uploads\/2024\/10\/WhatsApp-Image-2024-10-02-at-3.50.03-PM-2.jpeg 640w\" sizes=\"auto, (max-width: 300px) 100vw, 300px\" \/><\/p>\n","protected":false},"excerpt":{"rendered":"<p>Zam\u00f3w Grape Ape Weed Strain Online Grape Ape to popularna indica-dominant hybryda, kt\u00f3r\u0105 entuzja\u015bci marihuany uwielbiaj\u0105 za jej silne efekty [&hellip;]<\/p>\n","protected":false},"featured_media":423,"comment_status":"closed","ping_status":"closed","template":"","meta":{"_surecart_dashboard_logo_width":"180px","_surecart_dashboard_show_logo":true,"_surecart_dashboard_navigation_orders":true,"_surecart_dashboard_navigation_invoices":true,"_surecart_dashboard_navigation_subscriptions":true,"_surecart_dashboard_navigation_downloads":true,"_surecart_dashboard_navigation_billing":true,"_surecart_dashboard_navigation_account":true,"_uag_custom_page_level_css":"","site-sidebar-layout":"default","site-content-layout":"","ast-site-content-layout":"default","site-content-style":"default","site-sidebar-style":"default","ast-global-header-display":"","ast-banner-title-visibility":"","ast-main-header-display":"","ast-hfb-above-header-display":"","ast-hfb-below-header-display":"","ast-hfb-mobile-header-display":"","site-post-title":"","ast-breadcrumbs-content":"","ast-featured-img":"","footer-sml-layout":"","ast-disable-related-posts":"","theme-transparent-header-meta":"default","adv-header-id-meta":"","stick-header-meta":"","header-above-stick-meta":"","header-main-stick-meta":"","header-below-stick-meta":"","astra-migrate-meta-layouts":"set","ast-page-background-enabled":"default","ast-page-background-meta":{"desktop":{"background-color":"var(--ast-global-color-5)","background-image":"","background-repeat":"repeat","background-position":"center center","background-size":"auto","background-attachment":"scroll","background-type":"","background-media":"","overlay-type":"","overlay-color":"","overlay-opacity":"","overlay-gradient":""},"tablet":{"background-color":"","background-image":"","background-repeat":"repeat","background-position":"center center","background-size":"auto","background-attachment":"scroll","background-type":"","background-media":"","overlay-type":"","overlay-color":"","overlay-opacity":"","overlay-gradient":""},"mobile":{"background-color":"","background-image":"","background-repeat":"repeat","background-position":"center center","background-size":"auto","background-attachment":"scroll","background-type":"","background-media":"","overlay-type":"","overlay-color":"","overlay-opacity":"","overlay-gradient":""}},"ast-content-background-meta":{"desktop":{"background-color":"var(--ast-global-color-4)","background-image":"","background-repeat":"repeat","background-position":"center center","background-size":"auto","background-attachment":"scroll","background-type":"","background-media":"","overlay-type":"","overlay-color":"","overlay-opacity":"","overlay-gradient":""},"tablet":{"background-color":"var(--ast-global-color-4)","background-image":"","background-repeat":"repeat","background-position":"center center","background-size":"auto","background-attachment":"scroll","background-type":"","background-media":"","overlay-type":"","overlay-color":"","overlay-opacity":"","overlay-gradient":""},"mobile":{"background-color":"var(--ast-global-color-4)","background-image":"","background-repeat":"repeat","background-position":"center center","background-size":"auto","background-attachment":"scroll","background-type":"","background-media":"","overlay-type":"","overlay-color":"","overlay-opacity":"","overlay-gradient":""}}},"product_brand":[],"product_cat":[56,62],"product_tag":[93],"class_list":{"0":"post-364","1":"product","2":"type-product","3":"status-publish","4":"has-post-thumbnail","6":"product_cat-gdzie-moge-kupic-marihuane","7":"product_cat-kup-konopie-indyjskie-indica-online","8":"product_tag-order-grape-ape-weed-strain-europe","9":"desktop-align-left","10":"tablet-align-left","11":"mobile-align-left","13":"first","14":"instock","15":"shipping-taxable","16":"purchasable","17":"product-type-variable"},"uagb_featured_image_src":{"full":["https:\/\/hitexoticsdistro.eu\/wp-content\/uploads\/2024\/10\/Grape-Ape-Weed-Strain.webp",2560,1707,false],"thumbnail":["https:\/\/hitexoticsdistro.eu\/wp-content\/uploads\/2024\/10\/Grape-Ape-Weed-Strain-150x150.webp",150,150,true],"medium":["https:\/\/hitexoticsdistro.eu\/wp-content\/uploads\/2024\/10\/Grape-Ape-Weed-Strain-300x200.webp",300,200,true],"medium_large":["https:\/\/hitexoticsdistro.eu\/wp-content\/uploads\/2024\/10\/Grape-Ape-Weed-Strain-768x512.webp",768,512,true],"large":["https:\/\/hitexoticsdistro.eu\/wp-content\/uploads\/2024\/10\/Grape-Ape-Weed-Strain-1024x683.webp",1024,683,true],"1536x1536":["https:\/\/hitexoticsdistro.eu\/wp-content\/uploads\/2024\/10\/Grape-Ape-Weed-Strain-1536x1024.webp",1536,1024,true],"2048x2048":["https:\/\/hitexoticsdistro.eu\/wp-content\/uploads\/2024\/10\/Grape-Ape-Weed-Strain-2048x1366.webp",2048,1366,true],"trp-custom-language-flag":["https:\/\/hitexoticsdistro.eu\/wp-content\/uploads\/2024\/10\/Grape-Ape-Weed-Strain.webp",18,12,false],"woocommerce_thumbnail":["https:\/\/hitexoticsdistro.eu\/wp-content\/uploads\/2024\/10\/Grape-Ape-Weed-Strain-300x300.webp",300,300,true],"woocommerce_single":["https:\/\/hitexoticsdistro.eu\/wp-content\/uploads\/2024\/10\/Grape-Ape-Weed-Strain-600x400.webp",600,400,true],"woocommerce_gallery_thumbnail":["https:\/\/hitexoticsdistro.eu\/wp-content\/uploads\/2024\/10\/Grape-Ape-Weed-Strain-100x100.webp",100,100,true]},"uagb_author_info":{"display_name":"","author_link":"https:\/\/hitexoticsdistro.eu\/pl\/author\/"},"uagb_comment_info":0,"uagb_excerpt":"Zam\u00f3w Grape Ape Weed Strain Online Grape Ape to popularna indica-dominant hybryda, kt\u00f3r\u0105 entuzja\u015bci marihuany uwielbiaj\u0105 za jej silne efekty [&hellip;]","_links":{"self":[{"href":"https:\/\/hitexoticsdistro.eu\/pl\/wp-json\/wp\/v2\/product\/364","targetHints":{"allow":["GET"]}}],"collection":[{"href":"https:\/\/hitexoticsdistro.eu\/pl\/wp-json\/wp\/v2\/product"}],"about":[{"href":"https:\/\/hitexoticsdistro.eu\/pl\/wp-json\/wp\/v2\/types\/product"}],"replies":[{"embeddable":true,"href":"https:\/\/hitexoticsdistro.eu\/pl\/wp-json\/wp\/v2\/comments?post=364"}],"wp:featuredmedia":[{"embeddable":true,"href":"https:\/\/hitexoticsdistro.eu\/pl\/wp-json\/wp\/v2\/media\/423"}],"wp:attachment":[{"href":"https:\/\/hitexoticsdistro.eu\/pl\/wp-json\/wp\/v2\/media?parent=364"}],"wp:term":[{"taxonomy":"product_brand","embeddable":true,"href":"https:\/\/hitexoticsdistro.eu\/pl\/wp-json\/wp\/v2\/product_brand?post=364"},{"taxonomy":"product_cat","embeddable":true,"href":"https:\/\/hitexoticsdistro.eu\/pl\/wp-json\/wp\/v2\/product_cat?post=364"},{"taxonomy":"product_tag","embeddable":true,"href":"https:\/\/hitexoticsdistro.eu\/pl\/wp-json\/wp\/v2\/product_tag?post=364"}],"curies":[{"name":"wp","href":"https:\/\/api.w.org\/{rel}","templated":true}]}}