{"id":358,"date":"2024-10-10T22:48:18","date_gmt":"2024-10-10T22:48:18","guid":{"rendered":"https:\/\/hitexoticsdistro.com\/?post_type=product&#038;p=358"},"modified":"2024-10-26T22:55:24","modified_gmt":"2024-10-26T22:55:24","slug":"kup-mandarin-og-konopie-online","status":"publish","type":"product","link":"https:\/\/hitexoticsdistro.eu\/pl\/product\/kup-mandarin-og-konopie-online\/","title":{"rendered":"Mandarin OG"},"content":{"rendered":"<div class=\"flex-1 overflow-hidden\">\n<div class=\"h-full\">\n<div class=\"react-scroll-to-bottom--css-urnft-79elbk h-full\">\n<div class=\"react-scroll-to-bottom--css-urnft-1n7m0yu\">\n<div class=\"flex flex-col text-sm md:pb-9\">\n<article class=\"w-full text-token-text-primary focus-visible:outline-2 focus-visible:outline-offset-[-4px]\" dir=\"auto\" data-testid=\"conversation-turn-9\" data-scroll-anchor=\"true\">\n<div class=\"m-auto text-base py-[18px] px-3 md:px-4 w-full md:px-5 lg:px-4 xl:px-5\">\n<div class=\"mx-auto flex flex-1 gap-4 text-base md:gap-5 lg:gap-6 md:max-w-3xl lg:max-w-[40rem] xl:max-w-[48rem]\">\n<div class=\"group\/conversation-turn relative flex w-full min-w-0 flex-col agent-turn\">\n<div class=\"flex-col gap-1 md:gap-3\">\n<div class=\"flex max-w-full flex-col flex-grow\">\n<div class=\"min-h-8 text-message flex w-full flex-col items-end gap-2 whitespace-normal break-words [.text-message+&amp;]:mt-5\" dir=\"auto\" data-message-author-role=\"assistant\" data-message-id=\"07a56dca-fe1b-493c-ba97-47adaf65985b\" data-message-model-slug=\"gpt-4o\">\n<div class=\"flex w-full flex-col gap-1 empty:hidden first:pt-[3px]\">\n<div class=\"markdown prose w-full break-words dark:prose-invert light\">\n<h2><strong>Kup Mandarin OG Konopie Online<\/strong><\/h2>\n<p>Mandarin OG, znana r\u00f3wnie\u017c jako \u201eMandarin Kush,\u201d to popularna, lekko indica-dominuj\u0105ca hybryda, kt\u00f3ra oferuje idealne po\u0142\u0105czenie podnosz\u0105cych na duchu efekt\u00f3w umys\u0142owych i koj\u0105cego relaksu dla cia\u0142a. Z korzeniami w s\u0142ynnych odmianach <em>Tangerine Haze<\/em> i <em>OG Kush<\/em>, Mandarin OG \u0142\u0105czy najlepsze cechy swoich rodzic\u00f3w, dostarczaj\u0105c niezwyk\u0142e do\u015bwiadczenie konopne.<\/p>\n<h3>Dlaczego warto kupi\u0107 Mandarin OG Konopie Online?<\/h3>\n<p>Wybieraj\u0105c <strong>Kup Mandarin OG Konopie Online<\/strong> od zaufanych dostawc\u00f3w, takich jak <a href=\"https:\/\/hitexoticsdistro.eu\" target=\"_new\" rel=\"noopener\">HitExoticsDistro<\/a>, zyskujesz dost\u0119p do produkt\u00f3w najwy\u017cszej jako\u015bci, kt\u00f3re zosta\u0142y starannie uprawiane i przetwarzane, aby zachowa\u0107 \u015bwie\u017co\u015b\u0107 i moc. Zakupy online zapewniaj\u0105 bezproblemowe i dyskretne do\u015bwiadczenie zakupowe, z dok\u0142adnymi opisami produkt\u00f3w i recenzjami, kt\u00f3re pomog\u0105 Ci dokona\u0107 najlepszego wyboru.<\/p>\n<h3>Zr\u00f3wnowa\u017cone efekty Mandarin OG<\/h3>\n<p>Mandarin OG oferuje zr\u00f3wnowa\u017cone do\u015bwiadczenie hybrydowe, z 60% udzia\u0142em <a href=\"https:\/\/hitexoticsdistro.eu\/product-category\/kup-konopie-indyjskie-indica-online\/\">indiki<\/a> i 40% <a href=\"https:\/\/hitexoticsdistro.eu\/product-category\/kup-marihuane-sativa-online-polska\/\">sativy<\/a>. Pomimo lekkiej dominacji indiki, ta odmiana dostarcza podnosz\u0105ce na duchu efekty umys\u0142owe, kt\u00f3re s\u0105 idealne na spotkania towarzyskie i kreatywno\u015b\u0107, jednocze\u015bnie zapewniaj\u0105c relaks dla cia\u0142a. Z zawarto\u015bci\u0105 THC wynosz\u0105c\u0105 od 20% do 21% i <a href=\"https:\/\/biohemp.pl\/pl\/olejki-ekstrakty-cbd-cbg\/\" rel=\"nofollow noopener\" target=\"_blank\">CBD<\/a> na poziomie 4-5%, Mandarin OG jest doskona\u0142ym wyborem zar\u00f3wno dla u\u017cytkownik\u00f3w rekreacyjnych, jak i medycznych.<\/p>\n<ul>\n<li><strong>Euforia i szcz\u0119\u015bcie<\/strong>: Strona sativa Mandarin OG dostarcza u\u017cytkownikom wybuch szcz\u0119\u015bcia, pozostawiaj\u0105c ich w pozytywnym i podniesionym nastroju. To idealna odmiana dla tych, kt\u00f3rzy chc\u0105 poprawi\u0107 nastr\u00f3j i spotka\u0107 si\u0119 towarzysko.<\/li>\n<li><strong>Relaks i ukojenie<\/strong>: Cechy indiki przynosz\u0105 koj\u0105cy efekt na cia\u0142o, co czyni j\u0105 doskona\u0142\u0105 na odpr\u0119\u017cenie po d\u0142ugim dniu lub z\u0142agodzenie fizycznego dyskomfortu.<\/li>\n<\/ul>\n<h3>Korzy\u015bci terapeutyczne Mandarin OG<\/h3>\n<p>Wielu klient\u00f3w <strong>Kupuje Mandarin OG Konopie Online<\/strong> ze wzgl\u0119du na jej szerokie spektrum korzy\u015bci medycznych. Niezale\u017cnie od tego, czy szukasz ulgi dla psychicznego stresu, czy fizycznego dyskomfortu, ta odmiana oferuje pot\u0119\u017cne rozwi\u0105zanie.<\/p>\n<ul>\n<li><strong>Przewlek\u0142y b\u00f3l<\/strong>: Silna zawarto\u015b\u0107 THC w Mandarin OG pomaga \u0142agodzi\u0107 przewlek\u0142y b\u00f3l, napi\u0119cia mi\u0119\u015bniowe i stany zapalne, przynosz\u0105c ulg\u0119 osobom cierpi\u0105cym na te dolegliwo\u015bci.<\/li>\n<li><strong>Depresja i l\u0119k<\/strong>: Podnosz\u0105ce na duchu efekty umys\u0142owe sprawiaj\u0105, \u017ce Mandarin OG jest skuteczna w \u0142agodzeniu objaw\u00f3w depresji i l\u0119ku, pozwalaj\u0105c u\u017cytkownikom poczu\u0107 si\u0119 bardziej zrelaksowanymi i w spokoju.<\/li>\n<li><strong>Migreny i b\u00f3le g\u0142owy<\/strong>: Dzi\u0119ki w\u0142a\u015bciwo\u015bciom przeciwzapalnym, Mandarin OG mo\u017ce pom\u00f3c zmniejszy\u0107 nasilenie b\u00f3lu g\u0142owy i migren, zapewniaj\u0105c d\u0142ugotrwa\u0142\u0105 ulg\u0119.<\/li>\n<li><strong>Zm\u0119czenie<\/strong>: Je\u015bli zmagasz si\u0119 z niskim poziomem energii lub przewlek\u0142ym zm\u0119czeniem, ta odmiana oferuje \u0142agodny zastrzyk energii, kt\u00f3ry pomo\u017ce ci przetrwa\u0107 dzie\u0144 bez przyt\u0142aczaj\u0105cego uspokojenia.<\/li>\n<\/ul>\n<h3>Smaki i aromaty: Wybuch cytrus\u00f3w<\/h3>\n<p>Jedn\u0105 z wyr\u00f3\u017cniaj\u0105cych cech Mandarin OG jest jej przepyszny cytrusowy profil smakowy. Ka\u017cde zaci\u0105gni\u0119cie to jak wybuch <strong>cytrus\u00f3w<\/strong> i <strong>pomara\u0144czy<\/strong>, z ostrymi i cierpkimi nutami, kt\u00f3re dodaj\u0105 charakteru. Wydech przynosi g\u0142adk\u0105 mieszank\u0119 <strong>ziemistych<\/strong> i <strong>zio\u0142owych<\/strong> smak\u00f3w, co czyni ka\u017cde zaci\u0105gni\u0119cie orze\u017awiaj\u0105cym do\u015bwiadczeniem.<\/p>\n<ul>\n<li><strong>Smaki<\/strong>: Oczekuj wyrazistych nut cytrus\u00f3w, pomara\u0144czy, przypraw i cierpkiej s\u0142odyczy. To konieczno\u015b\u0107 dla tych, kt\u00f3rzy lubi\u0105 owocowe odmiany.<\/li>\n<li><strong>Aromaty<\/strong>: Mandarin OG wype\u0142nia pomieszczenie pobudzaj\u0105cym aromatem <strong>cytrus\u00f3w<\/strong>, wzbogaconym o <strong>ziemiste<\/strong> i <strong>zio\u0142owe<\/strong> nuty, co sprawia, \u017ce jest tak samo przyjemna w w\u0105chaniu, jak i w konsumpcji.<\/li>\n<\/ul>\n<h3>Wygl\u0105d: Mro\u017ana i \u017cywa<\/h3>\n<p>Mandarin OG wyr\u00f3\u017cnia si\u0119 okr\u0105g\u0142ymi, ma\u0142ymi, mi\u0119towozielonymi p\u0105kami, kt\u00f3re pokryte s\u0105 warstw\u0105 mro\u017anych bia\u0142ych trichom\u00f3w. Nugi przetykane s\u0105 d\u0142ugimi, cienkimi pomara\u0144czowymi w\u0142oskami, co nadaje im \u017cywy, atrakcyjny wygl\u0105d. Kupuj\u0105c <strong>Mandarin OG Konopie Online<\/strong>, masz pewno\u015b\u0107, \u017ce otrzymasz g\u0119ste, dobrze wysuszone p\u0105ki, z zachowaniem wszystkich kannabinoid\u00f3w i terpen\u00f3w.<\/p>\n<h3>Dlaczego warto wybra\u0107 Mandarin OG?<\/h3>\n<ul>\n<li><strong>Wszechstronne efekty<\/strong>: Zr\u00f3wnowa\u017cona natura hybrydy sprawia, \u017ce nadaje si\u0119 zar\u00f3wno do u\u017cytku w ci\u0105gu dnia, jak i wieczorem. Niezale\u017cnie od tego, czy szukasz energii towarzyskiej, czy g\u0142\u0119bokiego relaksu, Mandarin OG spe\u0142ni oczekiwania.<\/li>\n<li><strong>Cytrusowa rozkosz<\/strong>: Cytrusowe smaki i aromaty tej odmiany s\u0105 uwielbiane przez tych, kt\u00f3rzy ceni\u0105 owocowe i orze\u017awiaj\u0105ce profile konopne.<\/li>\n<li><strong>Moc terapeutyczna<\/strong>: Dzi\u0119ki wysokiej zawarto\u015bci THC i CBD, Mandarin OG oferuje szeroki zakres korzy\u015bci terapeutycznych, co czyni j\u0105 idealnym wyborem dla os\u00f3b borykaj\u0105cych si\u0119 z przewlek\u0142ym b\u00f3lem, stanami zapalnymi, depresj\u0105 i zm\u0119czeniem.<\/li>\n<\/ul>\n<h3>Kup Mandarin OG Konopie Online Ju\u017c Teraz!<\/h3>\n<p>Gotowy, aby do\u015bwiadczy\u0107 cytrusowej, podnosz\u0105cej na duchu rozkoszy Mandarin OG? <strong>Kup Mandarin OG Konopie Online<\/strong> ju\u017c teraz od zaufanych dostawc\u00f3w, takich jak <a href=\"https:\/\/hitexoticsdistro.eu\" target=\"_new\" rel=\"noopener\">HiTexotics Distro<\/a>, aby cieszy\u0107 si\u0119 najwy\u017cszej jako\u015bci konopiami dostarczonymi prosto do twoich drzwi. Nasze produkty s\u0105 testowane laboratoryjnie i starannie dobierane, aby zapewni\u0107 ci najlepsze do\u015bwiadczenie, niezale\u017cnie od tego, czy u\u017cywasz ich do relaksu, kreatywno\u015bci, czy medycznej ulgi.<\/p>\n<h3>Cz\u0119sto zadawane pytania o Mandarin OG Konopie<\/h3>\n<p><strong>1. Jakie s\u0105 g\u0142\u00f3wne efekty Mandarin OG?<\/strong><br \/>\nMandarin OG zapewnia mieszank\u0119 podnosz\u0105cych na duchu efekt\u00f3w umys\u0142owych i relaksuj\u0105cych dozna\u0144 fizycznych, sprawiaj\u0105c, \u017ce u\u017cytkownicy czuj\u0105 si\u0119 szcz\u0119\u015bliwi, towarzyscy i zrelaksowani.<\/p>\n<p><strong>2. Czy Mandarin OG jest odpowiednia dla pocz\u0105tkuj\u0105cych?<\/strong><br \/>\nTak, Mandarin OG nadaje si\u0119 dla pocz\u0105tkuj\u0105cych dzi\u0119ki zr\u00f3wnowa\u017conym efektom, cho\u0107 zaleca si\u0119 rozpocz\u0119cie od mniejszych dawek ze wzgl\u0119du na wysok\u0105 zawarto\u015b\u0107 THC.<\/p>\n<p><strong>3. Jak d\u0142ugo trwaj\u0105 efekty Mandarin OG?<\/strong><br \/>\nEfekty Mandarin OG zazwyczaj trwaj\u0105 oko\u0142o 2-3 godzin, a szczyt osi\u0105ga w pierwszej godzinie po u\u017cyciu.<\/p>\n<p><strong>4. Czy Mandarin OG pomaga w schorzeniach medycznych?<\/strong><br \/>\nTak, Mandarin OG jest powszechnie stosowana do \u0142agodzenia objaw\u00f3w przewlek\u0142ego b\u00f3lu, depresji, zm\u0119czenia, migren i stan\u00f3w zapalnych.<\/p>\n<h3>Podsumowanie<\/h3>\n<p>Mandarin OG to wyj\u0105tkowa odmiana hybrydowa, kt\u00f3ra oferuje wszechstronne do\u015bwiadczenie, \u0142\u0105cz\u0105c eufori\u0119 umys\u0142ow\u0105 z relaksem fizycznym. Niezale\u017cnie od tego, czy szukasz ulgi w schorzeniach medycznych, czy po prostu chcesz cieszy\u0107 si\u0119 wspania\u0142ym do\u015bwiadczeniem konopnym, ta odmiana na pewno ci\u0119 zadowoli. <strong>Kup Mandarin OG Konopie Online<\/strong> ju\u017c dzi\u015b i odkryj, dlaczego ta cytrusowa, mocna odmiana jest uwielbiana przez tak wielu u\u017cytkownik\u00f3w na ca\u0142ym \u015bwiecie.<\/p>\n<\/div>\n<p><img loading=\"lazy\" decoding=\"async\" class=\"alignnone size-medium wp-image-1149\" src=\"https:\/\/hitexoticsdistro.eu\/wp-content\/uploads\/2024\/10\/WhatsApp-Image-2024-10-02-at-3.50.03-PM-2-300x300.jpeg\" alt=\"Gdzie bezpiecznie kupi\u0107 marihuan\u0119 online?\" width=\"300\" height=\"300\" srcset=\"https:\/\/hitexoticsdistro.eu\/wp-content\/uploads\/2024\/10\/WhatsApp-Image-2024-10-02-at-3.50.03-PM-2-300x300.jpeg 300w, https:\/\/hitexoticsdistro.eu\/wp-content\/uploads\/2024\/10\/WhatsApp-Image-2024-10-02-at-3.50.03-PM-2-150x150.jpeg 150w, https:\/\/hitexoticsdistro.eu\/wp-content\/uploads\/2024\/10\/WhatsApp-Image-2024-10-02-at-3.50.03-PM-2-600x600.jpeg 600w, https:\/\/hitexoticsdistro.eu\/wp-content\/uploads\/2024\/10\/WhatsApp-Image-2024-10-02-at-3.50.03-PM-2-100x100.jpeg 100w, https:\/\/hitexoticsdistro.eu\/wp-content\/uploads\/2024\/10\/WhatsApp-Image-2024-10-02-at-3.50.03-PM-2.jpeg 640w\" sizes=\"auto, (max-width: 300px) 100vw, 300px\" \/><\/p>\n<\/div>\n<\/div>\n<\/div>\n<\/div>\n<\/div>\n<\/div>\n<\/div>\n<\/article>\n<\/div>\n<\/div>\n<\/div>\n<\/div>\n<\/div>\n","protected":false},"excerpt":{"rendered":"<p>Kup Mandarin OG Konopie Online Mandarin OG, znana r\u00f3wnie\u017c jako \u201eMandarin Kush,\u201d to popularna, lekko indica-dominuj\u0105ca hybryda, kt\u00f3ra oferuje idealne [&hellip;]<\/p>\n","protected":false},"featured_media":409,"comment_status":"closed","ping_status":"closed","template":"","meta":{"_surecart_dashboard_logo_width":"180px","_surecart_dashboard_show_logo":true,"_surecart_dashboard_navigation_orders":true,"_surecart_dashboard_navigation_invoices":true,"_surecart_dashboard_navigation_subscriptions":true,"_surecart_dashboard_navigation_downloads":true,"_surecart_dashboard_navigation_billing":true,"_surecart_dashboard_navigation_account":true,"_uag_custom_page_level_css":"","site-sidebar-layout":"default","site-content-layout":"","ast-site-content-layout":"default","site-content-style":"default","site-sidebar-style":"default","ast-global-header-display":"","ast-banner-title-visibility":"","ast-main-header-display":"","ast-hfb-above-header-display":"","ast-hfb-below-header-display":"","ast-hfb-mobile-header-display":"","site-post-title":"","ast-breadcrumbs-content":"","ast-featured-img":"","footer-sml-layout":"","ast-disable-related-posts":"","theme-transparent-header-meta":"default","adv-header-id-meta":"","stick-header-meta":"","header-above-stick-meta":"","header-main-stick-meta":"","header-below-stick-meta":"","astra-migrate-meta-layouts":"set","ast-page-background-enabled":"default","ast-page-background-meta":{"desktop":{"background-color":"var(--ast-global-color-5)","background-image":"","background-repeat":"repeat","background-position":"center center","background-size":"auto","background-attachment":"scroll","background-type":"","background-media":"","overlay-type":"","overlay-color":"","overlay-opacity":"","overlay-gradient":""},"tablet":{"background-color":"","background-image":"","background-repeat":"repeat","background-position":"center center","background-size":"auto","background-attachment":"scroll","background-type":"","background-media":"","overlay-type":"","overlay-color":"","overlay-opacity":"","overlay-gradient":""},"mobile":{"background-color":"","background-image":"","background-repeat":"repeat","background-position":"center center","background-size":"auto","background-attachment":"scroll","background-type":"","background-media":"","overlay-type":"","overlay-color":"","overlay-opacity":"","overlay-gradient":""}},"ast-content-background-meta":{"desktop":{"background-color":"var(--ast-global-color-4)","background-image":"","background-repeat":"repeat","background-position":"center center","background-size":"auto","background-attachment":"scroll","background-type":"","background-media":"","overlay-type":"","overlay-color":"","overlay-opacity":"","overlay-gradient":""},"tablet":{"background-color":"var(--ast-global-color-4)","background-image":"","background-repeat":"repeat","background-position":"center center","background-size":"auto","background-attachment":"scroll","background-type":"","background-media":"","overlay-type":"","overlay-color":"","overlay-opacity":"","overlay-gradient":""},"mobile":{"background-color":"var(--ast-global-color-4)","background-image":"","background-repeat":"repeat","background-position":"center center","background-size":"auto","background-attachment":"scroll","background-type":"","background-media":"","overlay-type":"","overlay-color":"","overlay-opacity":"","overlay-gradient":""}}},"product_brand":[],"product_cat":[56,62],"product_tag":[87],"class_list":{"0":"post-358","1":"product","2":"type-product","3":"status-publish","4":"has-post-thumbnail","6":"product_cat-gdzie-moge-kupic-marihuane","7":"product_cat-kup-konopie-indyjskie-indica-online","8":"product_tag-buy-mandarin-og-cannabis-strain-europe","9":"desktop-align-left","10":"tablet-align-left","11":"mobile-align-left","13":"first","14":"instock","15":"shipping-taxable","16":"purchasable","17":"product-type-variable"},"uagb_featured_image_src":{"full":["https:\/\/hitexoticsdistro.eu\/wp-content\/uploads\/2024\/10\/Buy-Mandarin-OG-Cannabis-Strain.webp",2048,1365,false],"thumbnail":["https:\/\/hitexoticsdistro.eu\/wp-content\/uploads\/2024\/10\/Buy-Mandarin-OG-Cannabis-Strain-150x150.webp",150,150,true],"medium":["https:\/\/hitexoticsdistro.eu\/wp-content\/uploads\/2024\/10\/Buy-Mandarin-OG-Cannabis-Strain-300x200.webp",300,200,true],"medium_large":["https:\/\/hitexoticsdistro.eu\/wp-content\/uploads\/2024\/10\/Buy-Mandarin-OG-Cannabis-Strain-768x512.webp",768,512,true],"large":["https:\/\/hitexoticsdistro.eu\/wp-content\/uploads\/2024\/10\/Buy-Mandarin-OG-Cannabis-Strain-1024x683.webp",1024,683,true],"1536x1536":["https:\/\/hitexoticsdistro.eu\/wp-content\/uploads\/2024\/10\/Buy-Mandarin-OG-Cannabis-Strain-1536x1024.webp",1536,1024,true],"2048x2048":["https:\/\/hitexoticsdistro.eu\/wp-content\/uploads\/2024\/10\/Buy-Mandarin-OG-Cannabis-Strain.webp",2048,1365,false],"trp-custom-language-flag":["https:\/\/hitexoticsdistro.eu\/wp-content\/uploads\/2024\/10\/Buy-Mandarin-OG-Cannabis-Strain.webp",18,12,false],"woocommerce_thumbnail":["https:\/\/hitexoticsdistro.eu\/wp-content\/uploads\/2024\/10\/Buy-Mandarin-OG-Cannabis-Strain-300x300.webp",300,300,true],"woocommerce_single":["https:\/\/hitexoticsdistro.eu\/wp-content\/uploads\/2024\/10\/Buy-Mandarin-OG-Cannabis-Strain-600x400.webp",600,400,true],"woocommerce_gallery_thumbnail":["https:\/\/hitexoticsdistro.eu\/wp-content\/uploads\/2024\/10\/Buy-Mandarin-OG-Cannabis-Strain-100x100.webp",100,100,true]},"uagb_author_info":{"display_name":"","author_link":"https:\/\/hitexoticsdistro.eu\/pl\/author\/"},"uagb_comment_info":0,"uagb_excerpt":"Kup Mandarin OG Konopie Online Mandarin OG, znana r\u00f3wnie\u017c jako \u201eMandarin Kush,\u201d to popularna, lekko indica-dominuj\u0105ca hybryda, kt\u00f3ra oferuje idealne [&hellip;]","_links":{"self":[{"href":"https:\/\/hitexoticsdistro.eu\/pl\/wp-json\/wp\/v2\/product\/358","targetHints":{"allow":["GET"]}}],"collection":[{"href":"https:\/\/hitexoticsdistro.eu\/pl\/wp-json\/wp\/v2\/product"}],"about":[{"href":"https:\/\/hitexoticsdistro.eu\/pl\/wp-json\/wp\/v2\/types\/product"}],"replies":[{"embeddable":true,"href":"https:\/\/hitexoticsdistro.eu\/pl\/wp-json\/wp\/v2\/comments?post=358"}],"wp:featuredmedia":[{"embeddable":true,"href":"https:\/\/hitexoticsdistro.eu\/pl\/wp-json\/wp\/v2\/media\/409"}],"wp:attachment":[{"href":"https:\/\/hitexoticsdistro.eu\/pl\/wp-json\/wp\/v2\/media?parent=358"}],"wp:term":[{"taxonomy":"product_brand","embeddable":true,"href":"https:\/\/hitexoticsdistro.eu\/pl\/wp-json\/wp\/v2\/product_brand?post=358"},{"taxonomy":"product_cat","embeddable":true,"href":"https:\/\/hitexoticsdistro.eu\/pl\/wp-json\/wp\/v2\/product_cat?post=358"},{"taxonomy":"product_tag","embeddable":true,"href":"https:\/\/hitexoticsdistro.eu\/pl\/wp-json\/wp\/v2\/product_tag?post=358"}],"curies":[{"name":"wp","href":"https:\/\/api.w.org\/{rel}","templated":true}]}}