{"id":328,"date":"2024-10-10T22:47:54","date_gmt":"2024-10-10T22:47:54","guid":{"rendered":"https:\/\/hitexoticsdistro.com\/?post_type=product&#038;p=328"},"modified":"2024-10-27T00:22:51","modified_gmt":"2024-10-27T00:22:51","slug":"high-society-marihuana-na-sprzedaz","status":"publish","type":"product","link":"https:\/\/hitexoticsdistro.eu\/pl\/product\/high-society-marihuana-na-sprzedaz\/","title":{"rendered":"High Society"},"content":{"rendered":"<h2>High Society Marihuana na Sprzeda\u017c: Doskona\u0142a Hybryda dla R\u00f3wnowagi i Relaksu<\/h2>\n<p>High Society to zr\u00f3wnowa\u017cona <a href=\"https:\/\/hitexoticsdistro.eu\/product-category\/hybrydowe-odmiany-marihuany-online\/\">hybryda<\/a>, kt\u00f3ra idealnie \u0142\u0105czy cechy indica i sativa w stosunku 50\/50. Ta odmiana szybko zdoby\u0142a popularno\u015b\u0107 w\u015br\u00f3d mi\u0142o\u015bnik\u00f3w hybryd dzi\u0119ki pe\u0142nym cia\u0142u efektom i wyj\u0105tkowemu smakowi. Dzi\u0119ki swojemu bogatemu profilowi, High Society oferuje zar\u00f3wno umys\u0142ow\u0105 stymulacj\u0119, jak i fizyczne odpr\u0119\u017cenie bez nadmiernej sedacji, sprawiaj\u0105c, \u017ce jest idealna na r\u00f3\u017cne okazje. Je\u015bli szukasz odmiany marihuany, kt\u00f3ra wywo\u0142uje eufori\u0119 i odpr\u0119\u017cenie, <strong>High Society marihuana na sprzeda\u017c<\/strong> to idealny wyb\u00f3r.<\/p>\n<h3>Co wyr\u00f3\u017cnia High Society?<\/h3>\n<p>High Society wyr\u00f3\u017cnia si\u0119 swoim niezwyk\u0142ym smakiem i aromatem. To odmiana, kt\u00f3ra \u0142\u0105czy <strong>s\u0142odki orzechowy smak z kawowym akcentem<\/strong>, dodaj\u0105c do tego lekko skunkowe nuty. W aromacie mo\u017cna wyczu\u0107 <strong>ziemiste przyprawy<\/strong> oraz bogat\u0105 mieszank\u0119 <strong>orzech\u00f3w i kawy<\/strong>. Je\u015bli jeste\u015b smakoszem konopi, to doznania smakowe oferowane przez High Society b\u0119d\u0105 prawdziw\u0105 uczt\u0105 dla twoich zmys\u0142\u00f3w.<\/p>\n<h3>Jakie efekty oferuje High Society?<\/h3>\n<p>Efekty High Society s\u0105 wszechstronne i pe\u0142ne mocy, oferuj\u0105c u\u017cytkownikowi jednoczesne doznania euforyczne i relaksuj\u0105ce. Po ostatnim wydechu, po kilku minutach zaczyna pojawia\u0107 si\u0119 poczucie <strong>euforii<\/strong>, kt\u00f3re skutecznie wypiera negatywne my\u015bli i z\u0142y nastr\u00f3j. U\u017cytkownicy cz\u0119sto odczuwaj\u0105 nag\u0142e napady \u015bmiechu, co sprawia, \u017ce ta odmiana jest \u015bwietna na rozlu\u017anienie si\u0119 z przyjaci\u00f3\u0142mi lub na popraw\u0119 humoru.<\/p>\n<p>Opr\u00f3cz wp\u0142ywu na umys\u0142, High Society oferuje r\u00f3wnie\u017c <strong>relaksuj\u0105ce dzia\u0142anie na cia\u0142o<\/strong>, kt\u00f3re pozwala na odpr\u0119\u017cenie bez uczucia ci\u0119\u017cko\u015bci lub senno\u015bci. To idealna odmiana, je\u015bli chcesz odpocz\u0105\u0107 po d\u0142ugim dniu, ale nadal by\u0107 aktywny i zaanga\u017cowany w to, co robisz.<\/p>\n<h3>Dlaczego warto wybra\u0107 High Society Marihuana na Sprzeda\u017c?<\/h3>\n<ul>\n<li><strong>Smak i aromat<\/strong>: Po\u0142\u0105czenie s\u0142odkiej orzechowej kawy z lekk\u0105 skunkowo\u015bci\u0105 to prawdziwy rarytas w\u015br\u00f3d mi\u0142o\u015bnik\u00f3w konopi.<\/li>\n<li><strong>R\u00f3wnowaga efekt\u00f3w<\/strong>: Zr\u00f3wnowa\u017cony stosunek indica i <a href=\"https:\/\/hitexoticsdistro.eu\/product-category\/kup-marihuane-sativa-online-polska\/\">sativa<\/a> (50\/50) zapewnia idealn\u0105 r\u00f3wnowag\u0119 mi\u0119dzy euforycznym uniesieniem a g\u0142\u0119bokim relaksem.<\/li>\n<li><strong>Wszechstronno\u015b\u0107<\/strong>: Idealna zar\u00f3wno na dzie\u0144, jak i wiecz\u00f3r, High Society pozwala si\u0119 zrelaksowa\u0107 bez nadmiernej sedacji.<\/li>\n<li><strong>Wysoka zawarto\u015b\u0107 THC<\/strong>: Ze \u015bredni\u0105 zawarto\u015bci\u0105 THC wynosz\u0105c\u0105 21-25%, ta odmiana jest silnym wyborem, odpowiednim zar\u00f3wno dla do\u015bwiadczonych, jak i nowych u\u017cytkownik\u00f3w.<\/li>\n<\/ul>\n<h3>Jakie korzy\u015bci terapeutyczne oferuje High Society?<\/h3>\n<p>High Society to odmiana o szerokim zastosowaniu terapeutycznym. Dzi\u0119ki swojej sile i zr\u00f3wnowa\u017conym efektom, jest stosowana w leczeniu wielu dolegliwo\u015bci, w tym:<\/p>\n<ul>\n<li><strong>Przewlek\u0142y b\u00f3l<\/strong>: Relaksuj\u0105ce dzia\u0142anie na cia\u0142o skutecznie \u0142agodzi b\u00f3le mi\u0119\u015bni i staw\u00f3w.<\/li>\n<li><strong>Bezsenno\u015b\u0107<\/strong>: Pomaga zasn\u0105\u0107, nie wywo\u0142uj\u0105c jednak nadmiernej senno\u015bci w ci\u0105gu dnia.<\/li>\n<li><strong>Depresja<\/strong>: Euforyczne dzia\u0142anie na umys\u0142 sprawia, \u017ce ta odmiana skutecznie pomaga z\u0142agodzi\u0107 objawy depresji.<\/li>\n<li><strong>Stres i l\u0119k<\/strong>: High Society skutecznie eliminuje stres i niepok\u00f3j, pozostawiaj\u0105c uczucie spokoju i odpr\u0119\u017cenia.<\/li>\n<\/ul>\n<h3>Wygl\u0105d High Society<\/h3>\n<p>Budzi High Society s\u0105 wyj\u0105tkowe i charakterystyczne. <strong>Du\u017ce, diamentowe p\u0105ki<\/strong> o <strong>szmaragdowozielonych i z\u0142otych odcieniach<\/strong> s\u0105 pi\u0119knie ozdobione cienkimi pomara\u0144czowymi w\u0142oskami. Dodatkowo, p\u0105ki pokryte s\u0105 warstw\u0105 <strong>frosty, z\u0142oto-bursztynowych kryszta\u0142owych trichom\u00f3w<\/strong>, co sprawia, \u017ce wygl\u0105daj\u0105 one r\u00f3wnie spektakularnie, jak oferuj\u0105 wra\u017cenia smakowe i efekty.<\/p>\n<h2>Gdzie kupi\u0107 High Society Marihuana na Sprzeda\u017c?<\/h2>\n<p>Je\u015bli szukasz najwy\u017cszej jako\u015bci odmiany <strong>High Society marihuana na sprzeda\u017c<\/strong>, odwied\u017a nasz sklep online na stronie <em>Hit Exotics Distro<\/em>. Oferujemy szeroki wyb\u00f3r odmian konopi, dostarczanych dyskretnie i wygodnie prosto do twojego domu. Zaufaj sprawdzonym dostawcom i ciesz si\u0119 najlepsz\u0105 marihuan\u0105 dost\u0119pn\u0105 na rynku.<\/p>\n<h3>Frequently Asked Questions<\/h3>\n<h4>1. <strong>Jakie s\u0105 g\u0142\u00f3wne efekty High Society?<\/strong><\/h4>\n<p>High Society oferuje euforyczny haj, kt\u00f3ry poprawia nastr\u00f3j, oraz relaksuj\u0105ce dzia\u0142anie na cia\u0142o, kt\u00f3re \u0142agodzi b\u00f3l bez uczucia nadmiernej senno\u015bci.<\/p>\n<h4>2. <strong>Czy High Society jest odpowiednia dla pocz\u0105tkuj\u0105cych?<\/strong><\/h4>\n<p>Dzi\u0119ki zr\u00f3wnowa\u017conemu stosunkowi indica i sativa oraz zawarto\u015bci THC na poziomie 21-25%, High Society jest odpowiednia dla u\u017cytkownik\u00f3w na ka\u017cdym poziomie do\u015bwiadczenia.<\/p>\n<h4>3. <strong>Jak smakuje i pachnie High Society?<\/strong><\/h4>\n<p>High Society oferuje bogaty <a href=\"https:\/\/biohemp.pl\/pl\/olejki-ekstrakty-cbd-cbg\/\" rel=\"nofollow noopener\" target=\"_blank\">smak<\/a> orzechowej kawy z nut\u0105 skunkowo\u015bci, a jej aromat to po\u0142\u0105czenie ziemistych przypraw, orzech\u00f3w i kawy.<\/p>\n<h4>4. <strong>Na jakie schorzenia pomaga High Society?<\/strong><\/h4>\n<p>High Society mo\u017ce pom\u00f3c w leczeniu przewlek\u0142ego b\u00f3lu, stresu, l\u0119ku, depresji i bezsenno\u015bci.<\/p>\n<h4>5. <strong>Jak wygl\u0105da High Society?<\/strong><\/h4>\n<p>P\u0105ki High Society s\u0105 du\u017ce, diamentowe, o szmaragdowozielonym kolorze z cienkimi pomara\u0144czowymi w\u0142oskami i pokryte bursztynowymi trichomami, co nadaje im efektowny wygl\u0105d.<\/p>\n<h3>Zam\u00f3w High Society Marihuana na Sprzeda\u017c Ju\u017c Teraz!<\/h3>\n<p>Je\u015bli szukasz odmiany marihuany, kt\u00f3ra \u0142\u0105czy doskona\u0142y smak z wszechstronnymi efektami, <strong>kup High Society marihuana na sprzeda\u017c<\/strong> online ju\u017c dzi\u015b na <em>Hit Exotics Distro<\/em>. Zaufaj naszym sprawdzonym produktom i do\u015bwiadcz najwy\u017cszej jako\u015bci marihuany, kt\u00f3ra spe\u0142ni twoje oczekiwania.<\/p>\n<p>&nbsp;<\/p>\n<p><img loading=\"lazy\" decoding=\"async\" class=\"alignnone size-medium wp-image-1149\" src=\"https:\/\/hitexoticsdistro.eu\/wp-content\/uploads\/2024\/10\/WhatsApp-Image-2024-10-02-at-3.50.03-PM-2-300x300.jpeg\" alt=\"Gdzie bezpiecznie kupi\u0107 marihuan\u0119 online?\" width=\"300\" height=\"300\" srcset=\"https:\/\/hitexoticsdistro.eu\/wp-content\/uploads\/2024\/10\/WhatsApp-Image-2024-10-02-at-3.50.03-PM-2-300x300.jpeg 300w, https:\/\/hitexoticsdistro.eu\/wp-content\/uploads\/2024\/10\/WhatsApp-Image-2024-10-02-at-3.50.03-PM-2-150x150.jpeg 150w, https:\/\/hitexoticsdistro.eu\/wp-content\/uploads\/2024\/10\/WhatsApp-Image-2024-10-02-at-3.50.03-PM-2-600x600.jpeg 600w, https:\/\/hitexoticsdistro.eu\/wp-content\/uploads\/2024\/10\/WhatsApp-Image-2024-10-02-at-3.50.03-PM-2-100x100.jpeg 100w, https:\/\/hitexoticsdistro.eu\/wp-content\/uploads\/2024\/10\/WhatsApp-Image-2024-10-02-at-3.50.03-PM-2.jpeg 640w\" sizes=\"auto, (max-width: 300px) 100vw, 300px\" \/><\/p>\n","protected":false},"excerpt":{"rendered":"<p><strong>Smak:<\/strong> Kawowy | Zio\u0142owy | Orzechowy | Skunky | Pikantny<\/p>\n<p><strong>Zastosowanie medyczne:<\/strong> L\u0119k | Przewlek\u0142y b\u00f3l | Depresja | Bezsenno\u015b\u0107 | Stres<\/p>\n<p><strong>Zawarto\u015b\u0107 THC:<\/strong> 25% Najwy\u017csza<\/p>\n","protected":false},"featured_media":372,"comment_status":"closed","ping_status":"closed","template":"","meta":{"_surecart_dashboard_logo_width":"180px","_surecart_dashboard_show_logo":true,"_surecart_dashboard_navigation_orders":true,"_surecart_dashboard_navigation_invoices":true,"_surecart_dashboard_navigation_subscriptions":true,"_surecart_dashboard_navigation_downloads":true,"_surecart_dashboard_navigation_billing":true,"_surecart_dashboard_navigation_account":true,"_uag_custom_page_level_css":"","site-sidebar-layout":"default","site-content-layout":"","ast-site-content-layout":"default","site-content-style":"default","site-sidebar-style":"default","ast-global-header-display":"","ast-banner-title-visibility":"","ast-main-header-display":"","ast-hfb-above-header-display":"","ast-hfb-below-header-display":"","ast-hfb-mobile-header-display":"","site-post-title":"","ast-breadcrumbs-content":"","ast-featured-img":"","footer-sml-layout":"","ast-disable-related-posts":"","theme-transparent-header-meta":"default","adv-header-id-meta":"","stick-header-meta":"","header-above-stick-meta":"","header-main-stick-meta":"","header-below-stick-meta":"","astra-migrate-meta-layouts":"set","ast-page-background-enabled":"default","ast-page-background-meta":{"desktop":{"background-color":"var(--ast-global-color-5)","background-image":"","background-repeat":"repeat","background-position":"center center","background-size":"auto","background-attachment":"scroll","background-type":"","background-media":"","overlay-type":"","overlay-color":"","overlay-opacity":"","overlay-gradient":""},"tablet":{"background-color":"","background-image":"","background-repeat":"repeat","background-position":"center center","background-size":"auto","background-attachment":"scroll","background-type":"","background-media":"","overlay-type":"","overlay-color":"","overlay-opacity":"","overlay-gradient":""},"mobile":{"background-color":"","background-image":"","background-repeat":"repeat","background-position":"center center","background-size":"auto","background-attachment":"scroll","background-type":"","background-media":"","overlay-type":"","overlay-color":"","overlay-opacity":"","overlay-gradient":""}},"ast-content-background-meta":{"desktop":{"background-color":"var(--ast-global-color-4)","background-image":"","background-repeat":"repeat","background-position":"center center","background-size":"auto","background-attachment":"scroll","background-type":"","background-media":"","overlay-type":"","overlay-color":"","overlay-opacity":"","overlay-gradient":""},"tablet":{"background-color":"var(--ast-global-color-4)","background-image":"","background-repeat":"repeat","background-position":"center center","background-size":"auto","background-attachment":"scroll","background-type":"","background-media":"","overlay-type":"","overlay-color":"","overlay-opacity":"","overlay-gradient":""},"mobile":{"background-color":"var(--ast-global-color-4)","background-image":"","background-repeat":"repeat","background-position":"center center","background-size":"auto","background-attachment":"scroll","background-type":"","background-media":"","overlay-type":"","overlay-color":"","overlay-opacity":"","overlay-gradient":""}}},"product_brand":[],"product_cat":[61,56],"product_tag":[71,747,750,752,748,749,751],"class_list":{"0":"post-328","1":"product","2":"type-product","3":"status-publish","4":"has-post-thumbnail","6":"product_cat-hybrydowe-odmiany-marihuany-online","7":"product_cat-gdzie-moge-kupic-marihuane","8":"product_tag-high-society-cannabis-strain-for-sale","9":"product_tag-highsociety","10":"product_tag-hyrydakonopi","11":"product_tag-konopieindyjskie","12":"product_tag-kuphighsociety","13":"product_tag-marihuananasprzedaz","14":"product_tag-thc21","15":"desktop-align-left","16":"tablet-align-left","17":"mobile-align-left","19":"first","20":"instock","21":"shipping-taxable","22":"purchasable","23":"product-type-variable"},"uagb_featured_image_src":{"full":["https:\/\/hitexoticsdistro.eu\/wp-content\/uploads\/2024\/10\/High-Society-Cannabis-Strain.jpg",933,960,false],"thumbnail":["https:\/\/hitexoticsdistro.eu\/wp-content\/uploads\/2024\/10\/High-Society-Cannabis-Strain-150x150.jpg",150,150,true],"medium":["https:\/\/hitexoticsdistro.eu\/wp-content\/uploads\/2024\/10\/High-Society-Cannabis-Strain-292x300.jpg",292,300,true],"medium_large":["https:\/\/hitexoticsdistro.eu\/wp-content\/uploads\/2024\/10\/High-Society-Cannabis-Strain-768x790.jpg",768,790,true],"large":["https:\/\/hitexoticsdistro.eu\/wp-content\/uploads\/2024\/10\/High-Society-Cannabis-Strain.jpg",933,960,false],"1536x1536":["https:\/\/hitexoticsdistro.eu\/wp-content\/uploads\/2024\/10\/High-Society-Cannabis-Strain.jpg",933,960,false],"2048x2048":["https:\/\/hitexoticsdistro.eu\/wp-content\/uploads\/2024\/10\/High-Society-Cannabis-Strain.jpg",933,960,false],"trp-custom-language-flag":["https:\/\/hitexoticsdistro.eu\/wp-content\/uploads\/2024\/10\/High-Society-Cannabis-Strain.jpg",12,12,false],"woocommerce_thumbnail":["https:\/\/hitexoticsdistro.eu\/wp-content\/uploads\/2024\/10\/High-Society-Cannabis-Strain-300x300.jpg",300,300,true],"woocommerce_single":["https:\/\/hitexoticsdistro.eu\/wp-content\/uploads\/2024\/10\/High-Society-Cannabis-Strain-600x617.jpg",600,617,true],"woocommerce_gallery_thumbnail":["https:\/\/hitexoticsdistro.eu\/wp-content\/uploads\/2024\/10\/High-Society-Cannabis-Strain-100x100.jpg",100,100,true]},"uagb_author_info":{"display_name":"","author_link":"https:\/\/hitexoticsdistro.eu\/pl\/author\/"},"uagb_comment_info":0,"uagb_excerpt":"Smak: Kawowy | Zio\u0142owy | Orzechowy | Skunky | Pikantny Zastosowanie medyczne: L\u0119k | Przewlek\u0142y b\u00f3l | Depresja | Bezsenno\u015b\u0107 | Stres Zawarto\u015b\u0107 THC: 25% Najwy\u017csza","_links":{"self":[{"href":"https:\/\/hitexoticsdistro.eu\/pl\/wp-json\/wp\/v2\/product\/328","targetHints":{"allow":["GET"]}}],"collection":[{"href":"https:\/\/hitexoticsdistro.eu\/pl\/wp-json\/wp\/v2\/product"}],"about":[{"href":"https:\/\/hitexoticsdistro.eu\/pl\/wp-json\/wp\/v2\/types\/product"}],"replies":[{"embeddable":true,"href":"https:\/\/hitexoticsdistro.eu\/pl\/wp-json\/wp\/v2\/comments?post=328"}],"wp:featuredmedia":[{"embeddable":true,"href":"https:\/\/hitexoticsdistro.eu\/pl\/wp-json\/wp\/v2\/media\/372"}],"wp:attachment":[{"href":"https:\/\/hitexoticsdistro.eu\/pl\/wp-json\/wp\/v2\/media?parent=328"}],"wp:term":[{"taxonomy":"product_brand","embeddable":true,"href":"https:\/\/hitexoticsdistro.eu\/pl\/wp-json\/wp\/v2\/product_brand?post=328"},{"taxonomy":"product_cat","embeddable":true,"href":"https:\/\/hitexoticsdistro.eu\/pl\/wp-json\/wp\/v2\/product_cat?post=328"},{"taxonomy":"product_tag","embeddable":true,"href":"https:\/\/hitexoticsdistro.eu\/pl\/wp-json\/wp\/v2\/product_tag?post=328"}],"curies":[{"name":"wp","href":"https:\/\/api.w.org\/{rel}","templated":true}]}}