{"id":326,"date":"2024-10-10T22:47:54","date_gmt":"2024-10-10T22:47:54","guid":{"rendered":"https:\/\/hitexoticsdistro.com\/?post_type=product&#038;p=326"},"modified":"2024-10-27T00:21:17","modified_gmt":"2024-10-27T00:21:17","slug":"kup-marihuane-jungle-cake-online","status":"publish","type":"product","link":"https:\/\/hitexoticsdistro.eu\/pl\/product\/kup-marihuane-jungle-cake-online\/","title":{"rendered":"Jungle Cake"},"content":{"rendered":"<h2>Kup marihuan\u0119 Jungle Cake online: Doskona\u0142a Hybryda o Pot\u0119\u017cnych Efektach<\/h2>\n<p>Jungle Cake to wyj\u0105tkowa <a href=\"https:\/\/hitexoticsdistro.eu\/product-category\/hybrydowe-odmiany-marihuany-online\/\">hybryda<\/a>, kt\u00f3ra \u0142\u0105czy w sobie idealn\u0105 r\u00f3wnowag\u0119 mi\u0119dzy <em>indica<\/em> i <em>sativa<\/em> (50% <a href=\"https:\/\/hitexoticsdistro.eu\/product-category\/kup-konopie-indyjskie-indica-online\/\">indica<\/a> \/ 50% <a href=\"https:\/\/hitexoticsdistro.eu\/product-category\/kup-marihuane-sativa-online-polska\/\">sativa<\/a>). Powsta\u0142a z po\u0142\u0105czenia kultowych odmian <em>White Fire #43<\/em> i <em>Wedding Cake<\/em>, Jungle Cake zdoby\u0142a uznanie w\u015br\u00f3d u\u017cytkownik\u00f3w konopi za swoje intensywne dzia\u0142anie i d\u0142ugotrwa\u0142e efekty. Je\u015bli szukasz odmiany, kt\u00f3ra dostarcza euforii i relaksu, nie powoduj\u0105c przyt\u0142aczaj\u0105cego uspokojenia, Jungle Cake to wyb\u00f3r dla Ciebie. Zawarto\u015b\u0107 THC w tej odmianie wynosi od 30% do 33%, co sprawia, \u017ce jest to opcja dla do\u015bwiadczonych u\u017cytkownik\u00f3w, kt\u00f3rzy pragn\u0105 intensywnych dozna\u0144.<\/p>\n<h3>Jakie s\u0105 efekty Jungle Cake?<\/h3>\n<p>Kupuj\u0105c marihuan\u0119 Jungle Cake online, zyskujesz dost\u0119p do hybrydy, kt\u00f3ra dostarcza pot\u0119\u017cnego i zr\u00f3wnowa\u017conego do\u015bwiadczenia. Haj zaczyna si\u0119 powoli, stopniowo unosz\u0105c Tw\u00f3j stan psychiczny w stron\u0119 czystej euforii i rozlu\u017anienia. U\u017cytkownicy cz\u0119sto opisuj\u0105 to uczucie jako b\u0142ogostan, kt\u00f3ry prowadzi do niekontrolowanych wybuch\u00f3w \u015bmiechu i kompletnej beztroski. Gdy Tw\u00f3j umys\u0142 si\u0119 rozszerza, cia\u0142o powoli wpada w stan czystego relaksu, bez powodowania silnej sedacji czy efektu \u201ekanapowego blokowania\u201d. Jungle Cake idealnie nadaje si\u0119 do wieczornych sesji, ale nie wyklucza produktywno\u015bci w ci\u0105gu dnia.<\/p>\n<h3>Jakie korzy\u015bci terapeutyczne daje Jungle Cake?<\/h3>\n<p>Jungle Cake to nie tylko odmiana rekreacyjna \u2013 jej wysokie st\u0119\u017cenie THC sprawia, \u017ce jest doskona\u0142ym wyborem dla os\u00f3b szukaj\u0105cych ulgi w r\u00f3\u017cnych dolegliwo\u015bciach. Dzi\u0119ki swoim pot\u0119\u017cnym efektom, Jungle Cake jest szczeg\u00f3lnie polecana dla os\u00f3b cierpi\u0105cych na:<\/p>\n<ul>\n<li><strong>Utrat\u0119 apetytu<\/strong>: Pobudza g\u0142\u00f3d, co czyni j\u0105 doskona\u0142\u0105 dla os\u00f3b walcz\u0105cych z brakiem apetytu.<\/li>\n<li><strong>Nudno\u015bci<\/strong>: Pomaga \u0142agodzi\u0107 objawy md\u0142o\u015bci.<\/li>\n<li><strong>Przewlek\u0142y stres<\/strong>: Uwalnia napi\u0119cie psychiczne, redukuj\u0105c poziom stresu.<\/li>\n<li><strong>Hu\u015btawki nastroju i depresja<\/strong>: Dzi\u0119ki swoim euforycznym w\u0142a\u015bciwo\u015bciom, Jungle Cake mo\u017ce poprawi\u0107 nastr\u00f3j i pom\u00f3c w walce z depresj\u0105.<\/li>\n<\/ul>\n<h3>Smak i Aromat Jungle Cake<\/h3>\n<p>Smak Jungle Cake to prawdziwa uczta dla zmys\u0142\u00f3w. P\u0105ki tej odmiany oferuj\u0105 s\u0142odki i owocowy smak jag\u00f3d, wzbogacony o nuty marshmallow i orzech\u00f3w. Z ka\u017cdym buchni\u0119ciem poczujesz delikatny posmak cukru, kt\u00f3ry przenika podniebienie, pozostawiaj\u0105c s\u0142odkie wyko\u0144czenie z owocowym akcentem. <a href=\"https:\/\/biohemp.pl\/pl\/olejki-ekstrakty-cbd-cbg\/\" rel=\"nofollow noopener\" target=\"_blank\">Aromat<\/a> Jungle Cake jest r\u00f3wnie imponuj\u0105cy \u2013 ziemiste i orzechowe nuty \u0142\u0105cz\u0105 si\u0119 z owocow\u0105 s\u0142odycz\u0105, tworz\u0105c zr\u00f3wnowa\u017con\u0105 mieszank\u0119 zapach\u00f3w, kt\u00f3re kusz\u0105 nos i umys\u0142.<\/p>\n<h3>Wygl\u0105d i Charakterystyka P\u0105k\u00f3w Jungle Cake<\/h3>\n<p>Kupuj\u0105c Jungle Cake online, mo\u017cesz spodziewa\u0107 si\u0119 wizualnie imponuj\u0105cych p\u0105k\u00f3w. S\u0105 one zaokr\u0105glone, zbite, o kszta\u0142cie przypominaj\u0105cym winogrona, w kolorze g\u0142\u0119bokiej zieleni las\u00f3w. Cienkie, czerwono-pomara\u0144czowe w\u0142oski oplataj\u0105 p\u0105ki, a ca\u0142o\u015b\u0107 pokryta jest grub\u0105 warstw\u0105 bia\u0142ych, oszronionych kryszta\u0142k\u00f3w trichom\u00f3w, co dodaje im atrakcyjnego, \u201elodowego\u201d wygl\u0105du.<\/p>\n<h2>Frequently Asked Questions<\/h2>\n<h3>Jakie s\u0105 g\u0142\u00f3wne efekty Jungle Cake?<\/h3>\n<p>Jungle Cake dostarcza intensywnego haju, kt\u00f3ry zaczyna si\u0119 od euforii i szcz\u0119\u015bcia, prowadz\u0105c do relaksu cia\u0142a bez nadmiernej sedacji. Jest idealna do wieczornych sesji, ale mo\u017ce by\u0107 stosowana w ci\u0105gu dnia, je\u015bli chcesz si\u0119 odpr\u0119\u017cy\u0107, nie trac\u0105c pe\u0142nej sprawno\u015bci.<\/p>\n<h3>Jakie st\u0119\u017cenie THC ma Jungle Cake?<\/h3>\n<p>Zawarto\u015b\u0107 THC w Jungle Cake wynosi od 30% do 33%, co sprawia, \u017ce jest to odmiana przeznaczona raczej dla do\u015bwiadczonych u\u017cytkownik\u00f3w, kt\u00f3rzy poszukuj\u0105 mocnych dozna\u0144.<\/p>\n<h3>Czy Jungle Cake jest dobra na stres?<\/h3>\n<p>Tak, Jungle Cake jest doskona\u0142a na stres, poniewa\u017c szybko \u0142agodzi napi\u0119cia psychiczne i pomaga u\u017cytkownikom osi\u0105gn\u0105\u0107 stan b\u0142ogo\u015bci i spokoju.<\/p>\n<h3>Jakie smaki dominuj\u0105 w Jungle Cake?<\/h3>\n<p>Jungle Cake oferuje s\u0142odkie i owocowe smaki, z wyra\u017anymi nutami jag\u00f3d, marshmallow i orzech\u00f3w. Smak ten jest wzbogacony o subtelny posmak cukru i owoc\u00f3w.<\/p>\n<h3>Jakie s\u0105 korzy\u015bci medyczne Jungle Cake?<\/h3>\n<p>Jungle Cake pomaga w walce z utrat\u0105 apetytu, nudno\u015bciami, przewlek\u0142ym stresem, hu\u015btawkami nastroju i depresj\u0105. Jej relaksuj\u0105ce i euforyczne dzia\u0142anie sprawia, \u017ce jest to doskona\u0142y wyb\u00f3r dla os\u00f3b cierpi\u0105cych na te dolegliwo\u015bci.<\/p>\n<h2>Dlaczego warto kupi\u0107 Jungle Cake online?<\/h2>\n<p>Kupowanie marihuany Jungle Cake online w sklepie <em>Hit Exotics Distro<\/em> to gwarancja najwy\u017cszej jako\u015bci produktu. Nasze produkty s\u0105 starannie wyselekcjonowane, a zakupy online pozwalaj\u0105 na dyskretne i wygodne dostarczenie bezpo\u015brednio do Twoich drzwi. Jungle Cake to odmiana, kt\u00f3r\u0105 pokochaj\u0105 zar\u00f3wno osoby do\u015bwiadczone, jak i ci, kt\u00f3rzy chc\u0105 spr\u00f3bowa\u0107 intensywnych dozna\u0144, bez nadmiernego uspokojenia.<\/p>\n<h3>Call to Action:<\/h3>\n<p>Je\u015bli szukasz odmiany, kt\u00f3ra \u0142\u0105czy pot\u0119\u017cne efekty euforyczne i relaksuj\u0105ce, <strong>kup marihuan\u0119 Jungle Cake online<\/strong> ju\u017c dzi\u015b. Odwied\u017a nasz\u0105 stron\u0119 internetow\u0105, aby cieszy\u0107 si\u0119 najwy\u017cszej jako\u015bci konopiami, kt\u00f3re zostan\u0105 dostarczone dyskretnie i bezpiecznie do Twojego domu. Jungle Cake to doskona\u0142a hybryda, kt\u00f3ra dostarcza zar\u00f3wno przyjemno\u015bci, jak i terapeutycznych korzy\u015bci \u2013 zam\u00f3w teraz i odkryj moc tej wyj\u0105tkowej odmiany!<\/p>\n<p>&nbsp;<\/p>\n<p><img loading=\"lazy\" decoding=\"async\" class=\"alignnone size-medium wp-image-1149\" src=\"https:\/\/hitexoticsdistro.eu\/wp-content\/uploads\/2024\/10\/WhatsApp-Image-2024-10-02-at-3.50.03-PM-2-300x300.jpeg\" alt=\"Gdzie bezpiecznie kupi\u0107 marihuan\u0119 online?\" width=\"300\" height=\"300\" srcset=\"https:\/\/hitexoticsdistro.eu\/wp-content\/uploads\/2024\/10\/WhatsApp-Image-2024-10-02-at-3.50.03-PM-2-300x300.jpeg 300w, https:\/\/hitexoticsdistro.eu\/wp-content\/uploads\/2024\/10\/WhatsApp-Image-2024-10-02-at-3.50.03-PM-2-150x150.jpeg 150w, https:\/\/hitexoticsdistro.eu\/wp-content\/uploads\/2024\/10\/WhatsApp-Image-2024-10-02-at-3.50.03-PM-2-600x600.jpeg 600w, https:\/\/hitexoticsdistro.eu\/wp-content\/uploads\/2024\/10\/WhatsApp-Image-2024-10-02-at-3.50.03-PM-2-100x100.jpeg 100w, https:\/\/hitexoticsdistro.eu\/wp-content\/uploads\/2024\/10\/WhatsApp-Image-2024-10-02-at-3.50.03-PM-2.jpeg 640w\" sizes=\"auto, (max-width: 300px) 100vw, 300px\" \/><\/p>\n","protected":false},"excerpt":{"rendered":"<p><strong>Smak:<\/strong> Diesel | Owocowy | Orzechowy | Cukrowy | S\u0142odki<\/p>\n<p><strong>Zastosowanie medyczne:<\/strong> Depresja | Nudno\u015bci | Stres<\/p>\n<p><strong>Zawarto\u015b\u0107 THC:<\/strong> 23% &#8211; 27% Najwy\u017csza<\/p>\n","protected":false},"featured_media":370,"comment_status":"closed","ping_status":"closed","template":"","meta":{"_surecart_dashboard_logo_width":"180px","_surecart_dashboard_show_logo":true,"_surecart_dashboard_navigation_orders":true,"_surecart_dashboard_navigation_invoices":true,"_surecart_dashboard_navigation_subscriptions":true,"_surecart_dashboard_navigation_downloads":true,"_surecart_dashboard_navigation_billing":true,"_surecart_dashboard_navigation_account":true,"_uag_custom_page_level_css":"","site-sidebar-layout":"default","site-content-layout":"","ast-site-content-layout":"default","site-content-style":"default","site-sidebar-style":"default","ast-global-header-display":"","ast-banner-title-visibility":"","ast-main-header-display":"","ast-hfb-above-header-display":"","ast-hfb-below-header-display":"","ast-hfb-mobile-header-display":"","site-post-title":"","ast-breadcrumbs-content":"","ast-featured-img":"","footer-sml-layout":"","ast-disable-related-posts":"","theme-transparent-header-meta":"default","adv-header-id-meta":"","stick-header-meta":"","header-above-stick-meta":"","header-main-stick-meta":"","header-below-stick-meta":"","astra-migrate-meta-layouts":"set","ast-page-background-enabled":"default","ast-page-background-meta":{"desktop":{"background-color":"var(--ast-global-color-5)","background-image":"","background-repeat":"repeat","background-position":"center center","background-size":"auto","background-attachment":"scroll","background-type":"","background-media":"","overlay-type":"","overlay-color":"","overlay-opacity":"","overlay-gradient":""},"tablet":{"background-color":"","background-image":"","background-repeat":"repeat","background-position":"center center","background-size":"auto","background-attachment":"scroll","background-type":"","background-media":"","overlay-type":"","overlay-color":"","overlay-opacity":"","overlay-gradient":""},"mobile":{"background-color":"","background-image":"","background-repeat":"repeat","background-position":"center center","background-size":"auto","background-attachment":"scroll","background-type":"","background-media":"","overlay-type":"","overlay-color":"","overlay-opacity":"","overlay-gradient":""}},"ast-content-background-meta":{"desktop":{"background-color":"var(--ast-global-color-4)","background-image":"","background-repeat":"repeat","background-position":"center center","background-size":"auto","background-attachment":"scroll","background-type":"","background-media":"","overlay-type":"","overlay-color":"","overlay-opacity":"","overlay-gradient":""},"tablet":{"background-color":"var(--ast-global-color-4)","background-image":"","background-repeat":"repeat","background-position":"center center","background-size":"auto","background-attachment":"scroll","background-type":"","background-media":"","overlay-type":"","overlay-color":"","overlay-opacity":"","overlay-gradient":""},"mobile":{"background-color":"var(--ast-global-color-4)","background-image":"","background-repeat":"repeat","background-position":"center center","background-size":"auto","background-attachment":"scroll","background-type":"","background-media":"","overlay-type":"","overlay-color":"","overlay-opacity":"","overlay-gradient":""}}},"product_brand":[],"product_cat":[61,56],"product_tag":[741,551,688,735,737,573,736,740,69,739,738],"class_list":{"0":"post-326","1":"product","2":"type-product","3":"status-publish","4":"has-post-thumbnail","6":"product_cat-hybrydowe-odmiany-marihuany-online","7":"product_cat-gdzie-moge-kupic-marihuane","8":"product_tag-euforiairelaks","9":"product_tag-hitexoticsdistro","10":"product_tag-hybrydakonopi","11":"product_tag-junglecake","12":"product_tag-junglecakeodmiana","13":"product_tag-kupkonopieonline","14":"product_tag-kupmarihuanejunglecakeonline","15":"product_tag-mocnamarihuana","16":"product_tag-order-jungle-cake-marijuana-flower-europe","17":"product_tag-relaksicreatywnosc","18":"product_tag-thc30procent","19":"desktop-align-left","20":"tablet-align-left","21":"mobile-align-left","23":"first","24":"instock","25":"shipping-taxable","26":"purchasable","27":"product-type-variable"},"uagb_featured_image_src":{"full":["https:\/\/hitexoticsdistro.eu\/wp-content\/uploads\/2024\/10\/Jungle-Cake-Marijuana-Flower.jpg",961,966,false],"thumbnail":["https:\/\/hitexoticsdistro.eu\/wp-content\/uploads\/2024\/10\/Jungle-Cake-Marijuana-Flower-150x150.jpg",150,150,true],"medium":["https:\/\/hitexoticsdistro.eu\/wp-content\/uploads\/2024\/10\/Jungle-Cake-Marijuana-Flower-298x300.jpg",298,300,true],"medium_large":["https:\/\/hitexoticsdistro.eu\/wp-content\/uploads\/2024\/10\/Jungle-Cake-Marijuana-Flower-768x772.jpg",768,772,true],"large":["https:\/\/hitexoticsdistro.eu\/wp-content\/uploads\/2024\/10\/Jungle-Cake-Marijuana-Flower.jpg",961,966,false],"1536x1536":["https:\/\/hitexoticsdistro.eu\/wp-content\/uploads\/2024\/10\/Jungle-Cake-Marijuana-Flower.jpg",961,966,false],"2048x2048":["https:\/\/hitexoticsdistro.eu\/wp-content\/uploads\/2024\/10\/Jungle-Cake-Marijuana-Flower.jpg",961,966,false],"trp-custom-language-flag":["https:\/\/hitexoticsdistro.eu\/wp-content\/uploads\/2024\/10\/Jungle-Cake-Marijuana-Flower.jpg",12,12,false],"woocommerce_thumbnail":["https:\/\/hitexoticsdistro.eu\/wp-content\/uploads\/2024\/10\/Jungle-Cake-Marijuana-Flower-300x300.jpg",300,300,true],"woocommerce_single":["https:\/\/hitexoticsdistro.eu\/wp-content\/uploads\/2024\/10\/Jungle-Cake-Marijuana-Flower-600x603.jpg",600,603,true],"woocommerce_gallery_thumbnail":["https:\/\/hitexoticsdistro.eu\/wp-content\/uploads\/2024\/10\/Jungle-Cake-Marijuana-Flower-100x100.jpg",100,100,true]},"uagb_author_info":{"display_name":"","author_link":"https:\/\/hitexoticsdistro.eu\/pl\/author\/"},"uagb_comment_info":0,"uagb_excerpt":"Smak: Diesel | Owocowy | Orzechowy | Cukrowy | S\u0142odki Zastosowanie medyczne: Depresja | Nudno\u015bci | Stres Zawarto\u015b\u0107 THC: 23% - 27% Najwy\u017csza","_links":{"self":[{"href":"https:\/\/hitexoticsdistro.eu\/pl\/wp-json\/wp\/v2\/product\/326","targetHints":{"allow":["GET"]}}],"collection":[{"href":"https:\/\/hitexoticsdistro.eu\/pl\/wp-json\/wp\/v2\/product"}],"about":[{"href":"https:\/\/hitexoticsdistro.eu\/pl\/wp-json\/wp\/v2\/types\/product"}],"replies":[{"embeddable":true,"href":"https:\/\/hitexoticsdistro.eu\/pl\/wp-json\/wp\/v2\/comments?post=326"}],"wp:featuredmedia":[{"embeddable":true,"href":"https:\/\/hitexoticsdistro.eu\/pl\/wp-json\/wp\/v2\/media\/370"}],"wp:attachment":[{"href":"https:\/\/hitexoticsdistro.eu\/pl\/wp-json\/wp\/v2\/media?parent=326"}],"wp:term":[{"taxonomy":"product_brand","embeddable":true,"href":"https:\/\/hitexoticsdistro.eu\/pl\/wp-json\/wp\/v2\/product_brand?post=326"},{"taxonomy":"product_cat","embeddable":true,"href":"https:\/\/hitexoticsdistro.eu\/pl\/wp-json\/wp\/v2\/product_cat?post=326"},{"taxonomy":"product_tag","embeddable":true,"href":"https:\/\/hitexoticsdistro.eu\/pl\/wp-json\/wp\/v2\/product_tag?post=326"}],"curies":[{"name":"wp","href":"https:\/\/api.w.org\/{rel}","templated":true}]}}