{"id":320,"date":"2024-10-10T22:47:53","date_gmt":"2024-10-10T22:47:53","guid":{"rendered":"https:\/\/hitexoticsdistro.com\/?post_type=product&#038;p=320"},"modified":"2024-10-26T23:07:26","modified_gmt":"2024-10-26T23:07:26","slug":"kup-zkittlez-odmiana-konopi-online","status":"publish","type":"product","link":"https:\/\/hitexoticsdistro.eu\/pl\/product\/kup-zkittlez-odmiana-konopi-online\/","title":{"rendered":"Zkittlez"},"content":{"rendered":"<h2>Kup Zkittlez Odmiana Konopi Online<\/h2>\n<p>Zkittlez to ekscytuj\u0105ca, indica-dominuj\u0105ca hybryda, kt\u00f3ra w pe\u0142ni zas\u0142uguje na swoj\u0105 nazw\u0119. Stworzona z po\u0142\u0105czenia pot\u0119\u017cnych odmian <em>Grape Ape<\/em> i <em>Grapefruit<\/em>, Zkittlez oferuje niezwyk\u0142e do\u015bwiadczenie z konopiami, kt\u00f3re nadaje si\u0119 na ka\u017cd\u0105 okazj\u0119. Dzi\u0119ki umiarkowanemu poziomowi THC wynosz\u0105cemu oko\u0142o 15%, ta odmiana jest dost\u0119pna dla szerokiej grupy u\u017cytkownik\u00f3w, co czyni j\u0105 popularnym wyborem dla tych, kt\u00f3rzy szukaj\u0105 zr\u00f3wnowa\u017conych efekt\u00f3w bez przyt\u0142aczaj\u0105cego dzia\u0142ania.<\/p>\n<h3>Dlaczego warto kupi\u0107 Zkittlez Odmiana Konopi Online?<\/h3>\n<p>Kupuj\u0105c Zkittlez online od zaufanego \u017ar\u00f3d\u0142a, takiego jak <em>Hit Exotics Distro<\/em>, zyskujesz gwarancj\u0119 najwy\u017cszej jako\u015bci produktu, dostarczonego dyskretnie i skutecznie. Niezale\u017cnie od tego, czy jeste\u015b nowicjuszem w \u015bwiecie <a href=\"https:\/\/hitexoticsdistro.eu\/product-category\/gdzie-moge-kupic-marihuane\/\">konopi<\/a>, czy do\u015bwiadczonym u\u017cytkownikiem, Zkittlez to doskona\u0142e wprowadzenie do hybrydowych odmian, dzi\u0119ki kontrolowanemu poziomowi THC i szerokiemu wachlarzowi przyjemnych efekt\u00f3w. Kiedy <strong>kupujesz Zkittlez Odmiana konopi online<\/strong>, wybierasz wygod\u0119, niezawodno\u015b\u0107 i produkt starannie wyselekcjonowany pod k\u0105tem jako\u015bci.<\/p>\n<h3>Unikalny Aromat i Smak Zkittlez<\/h3>\n<p>Jednym z wyr\u00f3\u017cnik\u00f3w Zkittlez jest jej niezwyk\u0142y aromat i smak. Ta odmiana ma <strong>tropikalny, owocowy zapach<\/strong>, kt\u00f3ry przywo\u0142uje na my\u015bl rajskie wakacje, z ziemistymi tonami i subtelnymi zio\u0142owymi nutami, kt\u00f3re sprawiaj\u0105, \u017ce ka\u017cdy buch to prawdziwa uczta dla zmys\u0142\u00f3w. Smak jest r\u00f3wnie imponuj\u0105cy, z <strong>s\u0142odkimi jagodami<\/strong> uzupe\u0142nionymi \u015bwie\u017cym <strong>cytrusowym wyko\u0144czeniem<\/strong>, kt\u00f3re na d\u0142ugo pozostaje na podniebieniu.<\/p>\n<p>Wyobra\u017a sobie, \u017ce jesz ulubione cukierki z nut\u0105 tropikalnego smaku \u2013 tak\u0105 przyjemno\u015b\u0107 daje Zkittlez z ka\u017cdym wdechem i wydechem. To nie tylko odmiana konopi, to podr\u00f3\u017c pe\u0142na smaku, do kt\u00f3rej b\u0119dziesz wraca\u0107.<\/p>\n<h3>Zr\u00f3wnowa\u017cone i Koj\u0105ce Efekty Zkittlez<\/h3>\n<p>Zkittlez jest ceniona za swoje zr\u00f3wnowa\u017cone efekty, oferuj\u0105c korzy\u015bci zar\u00f3wno umys\u0142owe, jak i fizyczne. Haj zaczyna si\u0119 od <strong>euforycznego przyp\u0142ywu<\/strong>, kt\u00f3ry stymuluje kreatywno\u015b\u0107 i podnosi nastr\u00f3j, co czyni j\u0105 idealn\u0105 dla os\u00f3b chc\u0105cych cieszy\u0107 si\u0119 aktywno\u015bciami tw\u00f3rczymi bez poczucia niepokoju czy dr\u017cenia. Niezale\u017cnie od tego, czy malujesz, piszesz, czy po prostu planujesz burz\u0119 m\u00f3zg\u00f3w, Zkittlez mo\u017ce pom\u00f3c w uwolnieniu twojego kreatywnego potencja\u0142u.<\/p>\n<p>W miar\u0119 post\u0119pu haju, pojawia si\u0119 <strong>koj\u0105ce rozlu\u017anienie cia\u0142a<\/strong>, kt\u00f3re rozpuszcza stres i napi\u0119cie. To relaksuj\u0105ce dzia\u0142anie na ca\u0142e cia\u0142o jest idealne dla os\u00f3b zmagaj\u0105cych si\u0119 z przewlek\u0142ym b\u00f3lem lub stanami zapalnymi. Pod koniec sesji mo\u017cesz odczu\u0107 delikatn\u0105 <strong>senno\u015b\u0107<\/strong>, co czyni Zkittlez doskona\u0142ym wyborem dla os\u00f3b cierpi\u0105cych na <strong>bezsenno\u015b\u0107<\/strong> lub szukaj\u0105cych sposobu na odpr\u0119\u017cenie po d\u0142ugim dniu.<\/p>\n<h3>Terapeutyczne Korzy\u015bci Zkittlez<\/h3>\n<p>Zkittlez to nie tylko odmiana rekreacyjna \u2013 ma r\u00f3wnie\u017c wiele terapeutycznych korzy\u015bci. Niezale\u017cnie od tego, czy szukasz ulgi w dolegliwo\u015bciach fizycznych, czy w problemach ze zdrowiem psychicznym, Zkittlez spe\u0142nia oczekiwania w wielu aspektach:<\/p>\n<ul>\n<li><strong>Stres i L\u0119k<\/strong>: Koj\u0105ce efekty Zkittlez pomagaj\u0105 uspokoi\u0107 umys\u0142, co czyni j\u0105 \u015bwietnym wyborem do radzenia sobie ze stresem i l\u0119kiem.<\/li>\n<li><strong>Depresja<\/strong>: Dzi\u0119ki podnosz\u0105cym na duchu i euforycznym efektom, Zkittlez mo\u017ce pom\u00f3c w walce z \u0142agodn\u0105 depresj\u0105, poprawiaj\u0105c nastr\u00f3j i nastawienie.<\/li>\n<li><strong>Przewlek\u0142y B\u00f3l i Stany Zapalne<\/strong>: Koj\u0105ce dzia\u0142anie na cia\u0142o jest idealne do \u0142agodzenia b\u00f3lu i redukcji stan\u00f3w zapalnych, oferuj\u0105c naturaln\u0105 ulg\u0119 bez nadmiernego uspokojenia.<\/li>\n<li><strong>Bezsenno\u015b\u0107<\/strong>: W miar\u0119 jak haj ust\u0119puje, Zkittlez pomaga zasn\u0105\u0107, co czyni j\u0105 doskona\u0142ym wyborem dla os\u00f3b maj\u0105cych trudno\u015bci z zasypianiem lub utrzymaniem snu.<\/li>\n<\/ul>\n<h3>Zjawiskowy Wygl\u0105d Zkittlez<\/h3>\n<p>Pod wzgl\u0119dem wizualnym Zkittlez robi wra\u017cenie. P\u0105ki s\u0105 du\u017ce, kanciaste i przypominaj\u0105 papryk\u0119, co nadaje im charakterystyczny i atrakcyjny wygl\u0105d. <strong>Ciemnozielone oliwkowe p\u0105ki<\/strong> ozdobione s\u0105 <strong>bursztynowymi w\u0142oskami<\/strong> i <strong>grub\u0105 warstw\u0105 trichom\u00f3w<\/strong>, tworz\u0105c pi\u0119kny, oszroniony wygl\u0105d, kt\u00f3ry zachwyca mi\u0142o\u015bnik\u00f3w konopi. Kiedy <strong>kupujesz Zkittlez Odmiana konopi online<\/strong>, nie tylko nabywasz produkt najwy\u017cszej jako\u015bci, ale tak\u017ce taki, kt\u00f3ry wygl\u0105da r\u00f3wnie dobrze, jak smakuje.<\/p>\n<h3>Dlaczego warto wybra\u0107 Zkittlez?<\/h3>\n<ul>\n<li><strong>Zr\u00f3wnowa\u017cone Efekty<\/strong>: Idealna zar\u00f3wno na dzie\u0144, jak i wiecz\u00f3r, Zkittlez oferuje zr\u00f3wnowa\u017cone do\u015bwiadczenie, <a href=\"https:\/\/biohemp.pl\/pl\/olejki-ekstrakty-cbd-cbg\/\" rel=\"nofollow noopener\" target=\"_blank\">kt\u00f3re<\/a> jest zar\u00f3wno umys\u0142owo stymuluj\u0105ce, jak i fizycznie relaksuj\u0105ce.<\/li>\n<li><strong>Bogaty Smak i Aromat<\/strong>: Jej owocowy i tropikalny profil smakowy wyr\u00f3\u017cnia Zkittlez, czyni\u0105c ka\u017cd\u0105 sesj\u0119 przyjemno\u015bci\u0105 od pocz\u0105tku do ko\u0144ca.<\/li>\n<li><strong>Terapeutyczne Korzy\u015bci<\/strong>: Niezale\u017cnie od tego, czy zmagasz si\u0119 ze stresem, b\u00f3lem, bezsenno\u015bci\u0105 czy \u0142agodn\u0105 depresj\u0105, Zkittlez oferuje naturaln\u0105 ulg\u0119 z umiarkowanym poziomem THC.<\/li>\n<\/ul>\n<h3>Kup Zkittlez Odmiana Konopi Online Ju\u017c Teraz!<\/h3>\n<p>Kiedy jeste\u015b gotowy, aby do\u015bwiadczy\u0107 tropikalnej rozkoszy i zr\u00f3wnowa\u017conych efekt\u00f3w Zkittlez, zakup online od <em>Hit Exotics Distro<\/em> to najlepszy spos\u00f3b na otrzymanie wysokiej jako\u015bci konopi dostarczonych prosto do twoich drzwi. Dzi\u0119ki bezpiecznej wysy\u0142ce, dyskretnemu pakowaniu i zaufanej obs\u0142udze klienta mo\u017cesz cieszy\u0107 si\u0119 Zkittlez z \u0142atwo\u015bci\u0105 i pewno\u015bci\u0105.<\/p>\n<p>Niezale\u017cnie od tego, czy szukasz sposobu na relaks po d\u0142ugim dniu, zarz\u0105dzanie b\u00f3lem, czy po prostu popraw\u0119 nastroju, <strong>kup Zkittlez Odmiana konopi online<\/strong> i odkryj, dlaczego ta odmiana sta\u0142a si\u0119 ulubie\u0144cem mi\u0142o\u015bnik\u00f3w konopi na ca\u0142ym \u015bwiecie.<\/p>\n<h3>Cz\u0119sto Zadawane Pytania o Zkittlez Odmiana Konopi<\/h3>\n<p><strong>1. Jaki jest poziom THC w Zkittlez?<\/strong><br \/>\nZkittlez ma zazwyczaj poziom THC wynosz\u0105cy oko\u0142o 15%, co czyni j\u0105 doskona\u0142ym wyborem dla u\u017cytkownik\u00f3w szukaj\u0105cych zr\u00f3wnowa\u017conych efekt\u00f3w bez przyt\u0142aczaj\u0105cego haju.<\/p>\n<p><strong>2. Jakie s\u0105 g\u0142\u00f3wne efekty Zkittlez?<\/strong><br \/>\nZkittlez oferuje euforyczny i kreatywny przyp\u0142yw umys\u0142owy, a nast\u0119pnie relaksuj\u0105ce dzia\u0142anie na cia\u0142o, co czyni j\u0105 idealn\u0105 do \u0142agodzenia zar\u00f3wno dolegliwo\u015bci psychicznych, jak i fizycznych.<\/p>\n<p><strong>3. Czy mog\u0119 u\u017cywa\u0107 Zkittlez w ci\u0105gu dnia?<\/strong><br \/>\nTak, Zkittlez nadaje si\u0119 do u\u017cytku w ci\u0105gu dnia, poniewa\u017c zapewnia jasno\u015b\u0107 umys\u0142u i kreatywno\u015b\u0107 bez silnego uspokojenia, cho\u0107 jej relaksuj\u0105ce efekty czyni\u0105 j\u0105 r\u00f3wnie\u017c idealn\u0105 na wiecz\u00f3r.<\/p>\n<p><strong>4. Jakie s\u0105 korzy\u015bci medyczne Zkittlez?<\/strong><br \/>\nZkittlez jest cz\u0119sto stosowana w celu \u0142agodzenia stresu, l\u0119ku, depresji, przewlek\u0142ego b\u00f3lu, stan\u00f3w zapalnych i bezsenno\u015bci.<\/p>\n<h3>Podsumowanie<\/h3>\n<p>Zkittlez to wyj\u0105tkowa hybryda, kt\u00f3ra oferuje wszechstronne do\u015bwiadczenie dla mi\u0142o\u015bnik\u00f3w konopi. Dzi\u0119ki jej wspania\u0142emu tropikalnemu smakowi, koj\u0105cym efektom i szeregowi korzy\u015bci terapeutycznych, Zkittlez szybko sta\u0142a si\u0119 najlepszym wyborem dla os\u00f3b szukaj\u0105cych zar\u00f3wno rekreacyjnej przyjemno\u015bci, jak i ulgi medycznej. Nie czekaj \u2013 <strong>kup Zkittlez Odmiana konopi online<\/strong> ju\u017c dzi\u015b i ciesz si\u0119 doskona\u0142\u0105 r\u00f3wnowag\u0105 relaksu i kreatywno\u015bci, jak\u0105 oferuje ta odmiana!<\/p>\n<p>&nbsp;<\/p>\n<p><img loading=\"lazy\" decoding=\"async\" class=\"alignnone size-medium wp-image-1149\" src=\"https:\/\/hitexoticsdistro.eu\/wp-content\/uploads\/2024\/10\/WhatsApp-Image-2024-10-02-at-3.50.03-PM-2-300x300.jpeg\" alt=\"Gdzie bezpiecznie kupi\u0107 marihuan\u0119 online?\" width=\"300\" height=\"300\" srcset=\"https:\/\/hitexoticsdistro.eu\/wp-content\/uploads\/2024\/10\/WhatsApp-Image-2024-10-02-at-3.50.03-PM-2-300x300.jpeg 300w, https:\/\/hitexoticsdistro.eu\/wp-content\/uploads\/2024\/10\/WhatsApp-Image-2024-10-02-at-3.50.03-PM-2-150x150.jpeg 150w, https:\/\/hitexoticsdistro.eu\/wp-content\/uploads\/2024\/10\/WhatsApp-Image-2024-10-02-at-3.50.03-PM-2-600x600.jpeg 600w, https:\/\/hitexoticsdistro.eu\/wp-content\/uploads\/2024\/10\/WhatsApp-Image-2024-10-02-at-3.50.03-PM-2-100x100.jpeg 100w, https:\/\/hitexoticsdistro.eu\/wp-content\/uploads\/2024\/10\/WhatsApp-Image-2024-10-02-at-3.50.03-PM-2.jpeg 640w\" sizes=\"auto, (max-width: 300px) 100vw, 300px\" \/><\/p>\n","protected":false},"excerpt":{"rendered":"<p><strong>Zastosowanie medyczne:<\/strong> ADD\/ADHD | L\u0119k | Przewlek\u0142y b\u00f3l | Depresja | B\u00f3le g\u0142owy | Bezsenno\u015b\u0107 | Migreny | Stres<br \/>\n<strong>Zawarto\u015b\u0107 THC:<\/strong> 20% Najwy\u017csze<\/p>\n","protected":false},"featured_media":350,"comment_status":"closed","ping_status":"closed","template":"","meta":{"_surecart_dashboard_logo_width":"180px","_surecart_dashboard_show_logo":true,"_surecart_dashboard_navigation_orders":true,"_surecart_dashboard_navigation_invoices":true,"_surecart_dashboard_navigation_subscriptions":true,"_surecart_dashboard_navigation_downloads":true,"_surecart_dashboard_navigation_billing":true,"_surecart_dashboard_navigation_account":true,"_uag_custom_page_level_css":"","site-sidebar-layout":"default","site-content-layout":"","ast-site-content-layout":"default","site-content-style":"default","site-sidebar-style":"default","ast-global-header-display":"","ast-banner-title-visibility":"","ast-main-header-display":"","ast-hfb-above-header-display":"","ast-hfb-below-header-display":"","ast-hfb-mobile-header-display":"","site-post-title":"","ast-breadcrumbs-content":"","ast-featured-img":"","footer-sml-layout":"","theme-transparent-header-meta":"default","adv-header-id-meta":"","stick-header-meta":"","header-above-stick-meta":"","header-main-stick-meta":"","header-below-stick-meta":"","astra-migrate-meta-layouts":"set","ast-page-background-enabled":"default","ast-page-background-meta":{"desktop":{"background-color":"var(--ast-global-color-4)","background-image":"","background-repeat":"repeat","background-position":"center center","background-size":"auto","background-attachment":"scroll","background-type":"","background-media":"","overlay-type":"","overlay-color":"","overlay-opacity":"","overlay-gradient":""},"tablet":{"background-color":"","background-image":"","background-repeat":"repeat","background-position":"center center","background-size":"auto","background-attachment":"scroll","background-type":"","background-media":"","overlay-type":"","overlay-color":"","overlay-opacity":"","overlay-gradient":""},"mobile":{"background-color":"","background-image":"","background-repeat":"repeat","background-position":"center center","background-size":"auto","background-attachment":"scroll","background-type":"","background-media":"","overlay-type":"","overlay-color":"","overlay-opacity":"","overlay-gradient":""}},"ast-content-background-meta":{"desktop":{"background-color":"var(--ast-global-color-5)","background-image":"","background-repeat":"repeat","background-position":"center center","background-size":"auto","background-attachment":"scroll","background-type":"","background-media":"","overlay-type":"","overlay-color":"","overlay-opacity":"","overlay-gradient":""},"tablet":{"background-color":"var(--ast-global-color-5)","background-image":"","background-repeat":"repeat","background-position":"center center","background-size":"auto","background-attachment":"scroll","background-type":"","background-media":"","overlay-type":"","overlay-color":"","overlay-opacity":"","overlay-gradient":""},"mobile":{"background-color":"var(--ast-global-color-5)","background-image":"","background-repeat":"repeat","background-position":"center center","background-size":"auto","background-attachment":"scroll","background-type":"","background-media":"","overlay-type":"","overlay-color":"","overlay-opacity":"","overlay-gradient":""}}},"product_brand":[],"product_cat":[61,56,62],"product_tag":[63],"class_list":{"0":"post-320","1":"product","2":"type-product","3":"status-publish","4":"has-post-thumbnail","6":"product_cat-hybrydowe-odmiany-marihuany-online","7":"product_cat-gdzie-moge-kupic-marihuane","8":"product_cat-kup-konopie-indyjskie-indica-online","9":"product_tag-order-zkittlez-cannabis-strain-europe","10":"desktop-align-left","11":"tablet-align-left","12":"mobile-align-left","14":"first","15":"instock","16":"shipping-taxable","17":"purchasable","18":"product-type-variable"},"uagb_featured_image_src":{"full":["https:\/\/hitexoticsdistro.eu\/wp-content\/uploads\/2024\/10\/Zkittlez-Cannabis-Strain.jpg",961,903,false],"thumbnail":["https:\/\/hitexoticsdistro.eu\/wp-content\/uploads\/2024\/10\/Zkittlez-Cannabis-Strain-150x150.jpg",150,150,true],"medium":["https:\/\/hitexoticsdistro.eu\/wp-content\/uploads\/2024\/10\/Zkittlez-Cannabis-Strain-300x282.jpg",300,282,true],"medium_large":["https:\/\/hitexoticsdistro.eu\/wp-content\/uploads\/2024\/10\/Zkittlez-Cannabis-Strain-768x722.jpg",768,722,true],"large":["https:\/\/hitexoticsdistro.eu\/wp-content\/uploads\/2024\/10\/Zkittlez-Cannabis-Strain.jpg",961,903,false],"1536x1536":["https:\/\/hitexoticsdistro.eu\/wp-content\/uploads\/2024\/10\/Zkittlez-Cannabis-Strain.jpg",961,903,false],"2048x2048":["https:\/\/hitexoticsdistro.eu\/wp-content\/uploads\/2024\/10\/Zkittlez-Cannabis-Strain.jpg",961,903,false],"trp-custom-language-flag":["https:\/\/hitexoticsdistro.eu\/wp-content\/uploads\/2024\/10\/Zkittlez-Cannabis-Strain.jpg",13,12,false],"woocommerce_thumbnail":["https:\/\/hitexoticsdistro.eu\/wp-content\/uploads\/2024\/10\/Zkittlez-Cannabis-Strain-300x300.jpg",300,300,true],"woocommerce_single":["https:\/\/hitexoticsdistro.eu\/wp-content\/uploads\/2024\/10\/Zkittlez-Cannabis-Strain-600x564.jpg",600,564,true],"woocommerce_gallery_thumbnail":["https:\/\/hitexoticsdistro.eu\/wp-content\/uploads\/2024\/10\/Zkittlez-Cannabis-Strain-100x100.jpg",100,100,true]},"uagb_author_info":{"display_name":"","author_link":"https:\/\/hitexoticsdistro.eu\/pl\/author\/"},"uagb_comment_info":0,"uagb_excerpt":"Zastosowanie medyczne: ADD\/ADHD | L\u0119k | Przewlek\u0142y b\u00f3l | Depresja | B\u00f3le g\u0142owy | Bezsenno\u015b\u0107 | Migreny | Stres Zawarto\u015b\u0107 THC: 20% Najwy\u017csze","_links":{"self":[{"href":"https:\/\/hitexoticsdistro.eu\/pl\/wp-json\/wp\/v2\/product\/320","targetHints":{"allow":["GET"]}}],"collection":[{"href":"https:\/\/hitexoticsdistro.eu\/pl\/wp-json\/wp\/v2\/product"}],"about":[{"href":"https:\/\/hitexoticsdistro.eu\/pl\/wp-json\/wp\/v2\/types\/product"}],"replies":[{"embeddable":true,"href":"https:\/\/hitexoticsdistro.eu\/pl\/wp-json\/wp\/v2\/comments?post=320"}],"wp:featuredmedia":[{"embeddable":true,"href":"https:\/\/hitexoticsdistro.eu\/pl\/wp-json\/wp\/v2\/media\/350"}],"wp:attachment":[{"href":"https:\/\/hitexoticsdistro.eu\/pl\/wp-json\/wp\/v2\/media?parent=320"}],"wp:term":[{"taxonomy":"product_brand","embeddable":true,"href":"https:\/\/hitexoticsdistro.eu\/pl\/wp-json\/wp\/v2\/product_brand?post=320"},{"taxonomy":"product_cat","embeddable":true,"href":"https:\/\/hitexoticsdistro.eu\/pl\/wp-json\/wp\/v2\/product_cat?post=320"},{"taxonomy":"product_tag","embeddable":true,"href":"https:\/\/hitexoticsdistro.eu\/pl\/wp-json\/wp\/v2\/product_tag?post=320"}],"curies":[{"name":"wp","href":"https:\/\/api.w.org\/{rel}","templated":true}]}}