{"id":3162,"date":"2025-08-05T01:54:31","date_gmt":"2025-08-05T01:54:31","guid":{"rendered":"https:\/\/hitexoticsdistro.eu\/?post_type=product&#038;p=3162"},"modified":"2025-08-05T02:06:21","modified_gmt":"2025-08-05T02:06:21","slug":"kup-master-kush-online","status":"publish","type":"product","link":"https:\/\/hitexoticsdistro.eu\/pl\/product\/kup-master-kush-online\/","title":{"rendered":"Master Kush"},"content":{"rendered":"<h2>Kup Master Kush Online<\/h2>\n<h3>Szybkie fakty<\/h3>\n<p>Hybryda z dominacj\u0105 Indica &#8211; 90% <a href=\"https:\/\/hitexoticsdistro.eu\/product-category\/kup-konopie-indyjskie-indica-online\/\">Indica<\/a> \/ 10% <a href=\"https:\/\/hitexoticsdistro.eu\/product-category\/kup-marihuane-sativa-online-polska\/\">Sativa<\/a><\/p>\n<p>THC: 18% &#8211; 22% CBD: 1%<\/p>\n<p>Krzy\u017c\u00f3wka szczepu Hindu Kush i czystej odmiany skunk<\/p>\n<h3>Smaki<\/h3>\n<p>Master Kush ma ostry, ale s\u0142odki ziemisty smak i lekki cytrusowy zapach, kt\u00f3ry mo\u017ce by\u0107 trudny do wykrycia.<\/p>\n<p><img loading=\"lazy\" decoding=\"async\" class=\"alignnone size-medium wp-image-3164\" src=\"https:\/\/hitexoticsdistro.eu\/wp-content\/uploads\/2025\/08\/master_kush_AAA-1-300x300.jpg\" alt=\"master_kush_AAA-1\" width=\"300\" height=\"300\" srcset=\"https:\/\/hitexoticsdistro.eu\/wp-content\/uploads\/2025\/08\/master_kush_AAA-1-300x300.jpg 300w, https:\/\/hitexoticsdistro.eu\/wp-content\/uploads\/2025\/08\/master_kush_AAA-1-1024x1024.jpg 1024w, https:\/\/hitexoticsdistro.eu\/wp-content\/uploads\/2025\/08\/master_kush_AAA-1-150x150.jpg 150w, https:\/\/hitexoticsdistro.eu\/wp-content\/uploads\/2025\/08\/master_kush_AAA-1-768x768.jpg 768w, https:\/\/hitexoticsdistro.eu\/wp-content\/uploads\/2025\/08\/master_kush_AAA-1-600x600.jpg 600w, https:\/\/hitexoticsdistro.eu\/wp-content\/uploads\/2025\/08\/master_kush_AAA-1-100x100.jpg 100w, https:\/\/hitexoticsdistro.eu\/wp-content\/uploads\/2025\/08\/master_kush_AAA-1.jpg 1200w\" sizes=\"auto, (max-width: 300px) 100vw, 300px\" \/><\/p>\n<h3>Efekty<\/h3>\n<p>Master Kush wywo\u0142uje siln\u0105, ale nie przyt\u0142aczaj\u0105c\u0105 eufori\u0119, kt\u00f3ra mo\u017ce pozostawi\u0107 u\u017cytkownik\u00f3w w b\u0142ogim zamroczeniu. Bardziej do\u015bwiadczeni u\u017cytkownicy zg\u0142aszaj\u0105 wzrost kreatywno\u015bci i ciekawo\u015bci intelektualnej.<\/p>\n<p>Negatywne skutki mog\u0105 obejmowa\u0107 typow\u0105 sucho\u015b\u0107 oczu i ust podczas palenia Master Kush. Niekt\u00f3rzy pacjenci do\u015bwiadczaj\u0105 r\u00f3wnie\u017c zawrot\u00f3w g\u0142owy, paranoi i niepokoju przy wy\u017cszych dawkach lub gdy Master Kush jest spo\u017cywany w formie jadalnej.<\/p>\n<p>G\u0142\u00f3wnym zastosowaniem tej odmiany jest \u0142agodzenie stresu i niepokoju. Silne efekty oparte na Indice s\u0105 idealne do wieczornego relaksu.<\/p>\n<p>Rodzaj zio\u0142a<\/p>\n<p><a href=\"https:\/\/realpoundsclub.com\/\" target=\"_blank\" rel=\"noopener\">Hybryda z dominacj\u0105 Indica<\/a> &#8211; 90% Indica \/ 10% Sativa<\/p>\n<p>Zawarto\u015b\u0107 szczepu<\/p>\n<p>THC: 18% &#8211; 22% CBD: 1%<\/p>\n<p>Pochodzenie szczepu<\/p>\n<p>Odmiana Hindu Kush i czysty szczep skunk<\/p>\n<p>Smaki<\/p>\n<p>S\u0142odki ziemisty<\/p>\n<p>Dzia\u0142anie<\/p>\n<p>Relaks, euforia i senno\u015b\u0107<\/p>\n<p>Kategoria<\/p>\n<p>Konopie rzemie\u015blnicze<\/p>\n<p>&nbsp;<\/p>\n<p><img loading=\"lazy\" decoding=\"async\" class=\"alignnone size-medium wp-image-3165\" src=\"https:\/\/hitexoticsdistro.eu\/wp-content\/uploads\/2025\/08\/master_kush_AAA-2-300x300.jpg\" alt=\"master_kush_AAA-2\" width=\"300\" height=\"300\" srcset=\"https:\/\/hitexoticsdistro.eu\/wp-content\/uploads\/2025\/08\/master_kush_AAA-2-300x300.jpg 300w, https:\/\/hitexoticsdistro.eu\/wp-content\/uploads\/2025\/08\/master_kush_AAA-2-1024x1024.jpg 1024w, https:\/\/hitexoticsdistro.eu\/wp-content\/uploads\/2025\/08\/master_kush_AAA-2-150x150.jpg 150w, https:\/\/hitexoticsdistro.eu\/wp-content\/uploads\/2025\/08\/master_kush_AAA-2-768x768.jpg 768w, https:\/\/hitexoticsdistro.eu\/wp-content\/uploads\/2025\/08\/master_kush_AAA-2-600x600.jpg 600w, https:\/\/hitexoticsdistro.eu\/wp-content\/uploads\/2025\/08\/master_kush_AAA-2-100x100.jpg 100w, https:\/\/hitexoticsdistro.eu\/wp-content\/uploads\/2025\/08\/master_kush_AAA-2.jpg 1200w\" sizes=\"auto, (max-width: 300px) 100vw, 300px\" \/> <img loading=\"lazy\" decoding=\"async\" class=\"alignnone size-medium wp-image-3163\" src=\"https:\/\/hitexoticsdistro.eu\/wp-content\/uploads\/2025\/08\/master_kush_AAA-micro-300x300.jpg\" alt=\"master_kush_AAA-micro\" width=\"300\" height=\"300\" srcset=\"https:\/\/hitexoticsdistro.eu\/wp-content\/uploads\/2025\/08\/master_kush_AAA-micro-300x300.jpg 300w, https:\/\/hitexoticsdistro.eu\/wp-content\/uploads\/2025\/08\/master_kush_AAA-micro-150x150.jpg 150w, https:\/\/hitexoticsdistro.eu\/wp-content\/uploads\/2025\/08\/master_kush_AAA-micro-768x768.jpg 768w, https:\/\/hitexoticsdistro.eu\/wp-content\/uploads\/2025\/08\/master_kush_AAA-micro-600x600.jpg 600w, https:\/\/hitexoticsdistro.eu\/wp-content\/uploads\/2025\/08\/master_kush_AAA-micro-100x100.jpg 100w, https:\/\/hitexoticsdistro.eu\/wp-content\/uploads\/2025\/08\/master_kush_AAA-micro.jpg 800w\" sizes=\"auto, (max-width: 300px) 100vw, 300px\" \/><\/p>\n","protected":false},"excerpt":{"rendered":"<ul>\n<li>Tr\u00f3jkolorowe p\u0105ki o ciemnozielonych, pomara\u0144czowych i fioletowych odcieniach.<\/li>\n<li>Klejne trichomy pokrywaj\u0105 ka\u017cdy p\u0105k wewn\u0105trz i na zewn\u0105trz.<\/li>\n<li>Krzy\u017c\u00f3wka odmiany Hindu Kush i czystej odmiany skunks.<\/li>\n<li>Odmiana sklasyfikowana na poziomie AAA.<\/li>\n<\/ul>\n","protected":false},"featured_media":3166,"comment_status":"open","ping_status":"closed","template":"","meta":{"_surecart_dashboard_logo_width":"180px","_surecart_dashboard_show_logo":true,"_surecart_dashboard_navigation_orders":true,"_surecart_dashboard_navigation_invoices":true,"_surecart_dashboard_navigation_subscriptions":true,"_surecart_dashboard_navigation_downloads":true,"_surecart_dashboard_navigation_billing":true,"_surecart_dashboard_navigation_account":true,"_uag_custom_page_level_css":"","site-sidebar-layout":"default","site-content-layout":"","ast-site-content-layout":"default","site-content-style":"default","site-sidebar-style":"default","ast-global-header-display":"","ast-banner-title-visibility":"","ast-main-header-display":"","ast-hfb-above-header-display":"","ast-hfb-below-header-display":"","ast-hfb-mobile-header-display":"","site-post-title":"","ast-breadcrumbs-content":"","ast-featured-img":"","footer-sml-layout":"","ast-disable-related-posts":"","theme-transparent-header-meta":"default","adv-header-id-meta":"","stick-header-meta":"","header-above-stick-meta":"","header-main-stick-meta":"","header-below-stick-meta":"","astra-migrate-meta-layouts":"set","ast-page-background-enabled":"default","ast-page-background-meta":{"desktop":{"background-color":"var(--ast-global-color-5)","background-image":"","background-repeat":"repeat","background-position":"center center","background-size":"auto","background-attachment":"scroll","background-type":"","background-media":"","overlay-type":"","overlay-color":"","overlay-opacity":"","overlay-gradient":""},"tablet":{"background-color":"","background-image":"","background-repeat":"repeat","background-position":"center center","background-size":"auto","background-attachment":"scroll","background-type":"","background-media":"","overlay-type":"","overlay-color":"","overlay-opacity":"","overlay-gradient":""},"mobile":{"background-color":"","background-image":"","background-repeat":"repeat","background-position":"center center","background-size":"auto","background-attachment":"scroll","background-type":"","background-media":"","overlay-type":"","overlay-color":"","overlay-opacity":"","overlay-gradient":""}},"ast-content-background-meta":{"desktop":{"background-color":"var(--ast-global-color-4)","background-image":"","background-repeat":"repeat","background-position":"center center","background-size":"auto","background-attachment":"scroll","background-type":"","background-media":"","overlay-type":"","overlay-color":"","overlay-opacity":"","overlay-gradient":""},"tablet":{"background-color":"var(--ast-global-color-4)","background-image":"","background-repeat":"repeat","background-position":"center center","background-size":"auto","background-attachment":"scroll","background-type":"","background-media":"","overlay-type":"","overlay-color":"","overlay-opacity":"","overlay-gradient":""},"mobile":{"background-color":"var(--ast-global-color-4)","background-image":"","background-repeat":"repeat","background-position":"center center","background-size":"auto","background-attachment":"scroll","background-type":"","background-media":"","overlay-type":"","overlay-color":"","overlay-opacity":"","overlay-gradient":""}}},"product_brand":[],"product_cat":[62,56],"product_tag":[],"class_list":{"0":"post-3162","1":"product","2":"type-product","3":"status-publish","4":"has-post-thumbnail","6":"product_cat-kup-konopie-indyjskie-indica-online","7":"product_cat-gdzie-moge-kupic-marihuane","8":"desktop-align-left","9":"tablet-align-left","10":"mobile-align-left","12":"first","13":"instock","14":"shipping-taxable","15":"purchasable","16":"product-type-variable"},"uagb_featured_image_src":{"full":["https:\/\/hitexoticsdistro.eu\/wp-content\/uploads\/2025\/08\/master_kush_AAA-.jpg",1200,1200,false],"thumbnail":["https:\/\/hitexoticsdistro.eu\/wp-content\/uploads\/2025\/08\/master_kush_AAA--150x150.jpg",150,150,true],"medium":["https:\/\/hitexoticsdistro.eu\/wp-content\/uploads\/2025\/08\/master_kush_AAA--300x300.jpg",300,300,true],"medium_large":["https:\/\/hitexoticsdistro.eu\/wp-content\/uploads\/2025\/08\/master_kush_AAA--768x768.jpg",768,768,true],"large":["https:\/\/hitexoticsdistro.eu\/wp-content\/uploads\/2025\/08\/master_kush_AAA--1024x1024.jpg",1024,1024,true],"1536x1536":["https:\/\/hitexoticsdistro.eu\/wp-content\/uploads\/2025\/08\/master_kush_AAA-.jpg",1200,1200,false],"2048x2048":["https:\/\/hitexoticsdistro.eu\/wp-content\/uploads\/2025\/08\/master_kush_AAA-.jpg",1200,1200,false],"trp-custom-language-flag":["https:\/\/hitexoticsdistro.eu\/wp-content\/uploads\/2025\/08\/master_kush_AAA-.jpg",12,12,false],"woocommerce_thumbnail":["https:\/\/hitexoticsdistro.eu\/wp-content\/uploads\/2025\/08\/master_kush_AAA--300x300.jpg",300,300,true],"woocommerce_single":["https:\/\/hitexoticsdistro.eu\/wp-content\/uploads\/2025\/08\/master_kush_AAA--600x600.jpg",600,600,true],"woocommerce_gallery_thumbnail":["https:\/\/hitexoticsdistro.eu\/wp-content\/uploads\/2025\/08\/master_kush_AAA--100x100.jpg",100,100,true]},"uagb_author_info":{"display_name":"","author_link":"https:\/\/hitexoticsdistro.eu\/pl\/author\/"},"uagb_comment_info":0,"uagb_excerpt":"Tr\u00f3jkolorowe p\u0105ki o ciemnozielonych, pomara\u0144czowych i fioletowych odcieniach. Klejne trichomy pokrywaj\u0105 ka\u017cdy p\u0105k wewn\u0105trz i na zewn\u0105trz. Krzy\u017c\u00f3wka odmiany Hindu Kush i czystej odmiany skunks. Odmiana sklasyfikowana na poziomie AAA.","_links":{"self":[{"href":"https:\/\/hitexoticsdistro.eu\/pl\/wp-json\/wp\/v2\/product\/3162","targetHints":{"allow":["GET"]}}],"collection":[{"href":"https:\/\/hitexoticsdistro.eu\/pl\/wp-json\/wp\/v2\/product"}],"about":[{"href":"https:\/\/hitexoticsdistro.eu\/pl\/wp-json\/wp\/v2\/types\/product"}],"replies":[{"embeddable":true,"href":"https:\/\/hitexoticsdistro.eu\/pl\/wp-json\/wp\/v2\/comments?post=3162"}],"wp:featuredmedia":[{"embeddable":true,"href":"https:\/\/hitexoticsdistro.eu\/pl\/wp-json\/wp\/v2\/media\/3166"}],"wp:attachment":[{"href":"https:\/\/hitexoticsdistro.eu\/pl\/wp-json\/wp\/v2\/media?parent=3162"}],"wp:term":[{"taxonomy":"product_brand","embeddable":true,"href":"https:\/\/hitexoticsdistro.eu\/pl\/wp-json\/wp\/v2\/product_brand?post=3162"},{"taxonomy":"product_cat","embeddable":true,"href":"https:\/\/hitexoticsdistro.eu\/pl\/wp-json\/wp\/v2\/product_cat?post=3162"},{"taxonomy":"product_tag","embeddable":true,"href":"https:\/\/hitexoticsdistro.eu\/pl\/wp-json\/wp\/v2\/product_tag?post=3162"}],"curies":[{"name":"wp","href":"https:\/\/api.w.org\/{rel}","templated":true}]}}