{"id":2971,"date":"2025-06-13T16:37:20","date_gmt":"2025-06-13T16:37:20","guid":{"rendered":"https:\/\/hitexoticsdistro.eu\/?post_type=product&#038;p=2971"},"modified":"2025-06-13T16:43:33","modified_gmt":"2025-06-13T16:43:33","slug":"skywalker-og-zaufany-sklep-w-europie","status":"publish","type":"product","link":"https:\/\/hitexoticsdistro.eu\/pl\/product\/skywalker-og-zaufany-sklep-w-europie\/","title":{"rendered":"Skywalker OG"},"content":{"rendered":"<h1>Skywalker OG Zaufany sklep w Europie<\/h1>\n<p>Skywalker OG, znany r\u00f3wnie\u017c jako \u201eSkywalker OG Kush\u201d dla wielu cz\u0142onk\u00f3w spo\u0142eczno\u015bci konopnej, to <a href=\"https:\/\/hitexoticsdistro.eu\/product-category\/hybrydowe-odmiany-marihuany-online\/\">hybryda<\/a> o przewadze indica (85% <a href=\"https:\/\/hitexoticsdistro.eu\/product-category\/kup-konopie-indyjskie-indica-online\/\">indica<\/a>\/15% <a href=\"https:\/\/hitexoticsdistro.eu\/product-category\/kup-marihuane-sativa-online-polska\/\">sativa<\/a>), kt\u00f3ra jest siln\u0105 krzy\u017c\u00f3wk\u0105 niezwykle popularnych odmian Skywalker X OG Kush. Ten wilgotny p\u0105k charakteryzuje si\u0119 intensywnym poziomem THC i po\u0142\u0105czeniem efekt\u00f3w indica i sativa.<\/p>\n<p>Skywalker OG ma aromat pikantnego zio\u0142owego paliwa odrzutowego i smak pikantnego oleju nap\u0119dowego z zio\u0142owym posmakiem. Ten p\u0105k ma \u015bredniej wielko\u015bci g\u0119ste okr\u0105g\u0142e oliwkowozielone bry\u0142ki z pomara\u0144czowymi, skr\u0119conymi w\u0142oskami i bogatymi pomara\u0144czowymi tonami. Te bry\u0142ki maj\u0105 cienk\u0105 warstw\u0119 mlecznobia\u0142ych w\u0142osk\u00f3w i s\u0142odk\u0105, lepk\u0105 \u017cywic\u0119. U\u017cytkownicy opisuj\u0105 haj Skywalker OG jako bardzo ci\u0119\u017cki, kamienny haj, kt\u00f3ry pozostawia ci\u0119 ca\u0142kowicie przykutym do kanapy, zrelaksowanym i ospa\u0142ym z niemal przyt\u0142aczaj\u0105cym przypadkiem g\u0142odu.<\/p>\n<p>Towarzyszy temu euforyczny haj g\u0142owy, kt\u00f3ry po zej\u015bciu przechodzi w g\u0142\u0119boki i spokojny sen. Ze wzgl\u0119du na te silne efekty, Skywalker OG jest idealnym szczepem do leczenia pacjent\u00f3w cierpi\u0105cych na takie schorzenia jak przewlek\u0142y stres, b\u00f3l spowodowany urazem lub chorob\u0105 oraz \u0142agodne do umiarkowanych przypadki depresji.<\/p>\n<h2>Przegl\u0105d odmiany konopi Skywalker OG<\/h2>\n<p>Pr\u00f3bujesz znale\u017a\u0107 odmian\u0119 z najwy\u017cszej p\u00f3\u0142ki? Odmiana Skywalker OG jest do tego idealna. Wyj\u0105tkowa jako\u015b\u0107 tej hybrydy z przewag\u0105 indica zosta\u0142a potwierdzona przez hodowc\u00f3w, kt\u00f3rzy pracowali z ni\u0105 przez lata. Zacznijmy od przyjrzenia si\u0119 najbardziej charakterystycznym cechom odmiany.<\/p>\n<h2>Czym jest Skywalker OG?<\/h2>\n<p>Zar\u00f3wno si\u0142a, jak i smak hybrydy z przewag\u0105 indica Skywalker OG zyska\u0142y jej znakomit\u0105 reputacj\u0119 w\u015br\u00f3d koneser\u00f3w <a href=\"https:\/\/hitexoticsdistro.eu\/product-category\/gdzie-moge-kupic-marihuane\/\">konopi<\/a>. Ten typ, kt\u00f3ry zosta\u0142 wynaleziony w Kalifornii, rozprzestrzeni\u0142 si\u0119 na ca\u0142y \u015bwiat. Nazwa pochodzi od faktu, \u017ce jest to hybryda dw\u00f3ch s\u0142ynnych odmian \u2014 Skywalker i OG Kush. Skywalker OG Zaufany sklep w Europie<\/p>\n<h2>Genetyka i efekty Skywalker OG<\/h2>\n<p>M\u00f3wi si\u0119, \u017ce haj po tej odmianie jest tak podnosz\u0105cy na duchu, \u017ce jednocze\u015bnie koi cia\u0142o i umys\u0142 u\u017cytkownika. Ma podw\u00f3jny efekt, najpierw pobudza umys\u0142 i sprawia, \u017ce \u200b\u200bu\u017cytkownik czuje si\u0119 skupiony i szcz\u0119\u015bliwy, a nast\u0119pnie uspokaja cia\u0142o i sprawia, \u017ce \u200b\u200bzapomina o napi\u0119ciu lub stresie, kt\u00f3rego mo\u017ce do\u015bwiadcza\u0107. Jego popularno\u015b\u0107 w\u015br\u00f3d u\u017cytkownik\u00f3w rekreacyjnych i medycznych wynika z faktu, \u017ce jego efekty mog\u0105 utrzymywa\u0107 si\u0119 przez kilka godzin po paleniu.<\/p>\n<h2>Uprawa nasion Skywalker OG<\/h2>\n<p>Ze wzgl\u0119du na swoj\u0105 krucho\u015b\u0107 odmiana ta jest notorycznie trudna w uprawie. Niemniej jednak, gdy ju\u017c to zrobisz, zostaniesz nagrodzony obfitymi zbiorami \u017cywicznych, smacznych p\u0105k\u00f3w. Chocia\u017c odmiana ta kwitnie w ciep\u0142ym, s\u0142onecznym klimacie, w razie potrzeby mo\u017cna j\u0105 uprawia\u0107 w pomieszczeniach.<br \/>\nPodsumowuj\u0105c, <a href=\"https:\/\/cannabistraininguniversity.com\/strains\/skywalker-og\/\" target=\"_blank\" rel=\"noopener\">Skywalker OG<\/a> to \u015bwietna odmiana, kt\u00f3ra pobudza zar\u00f3wno umys\u0142, jak i cia\u0142o. Opr\u00f3cz wywo\u0142ywania d\u0142ugotrwa\u0142ych efekt\u00f3w u swoich konsument\u00f3w, daje r\u00f3wnie\u017c dobre plony, gdy jest prawid\u0142owo uprawiana. Je\u015bli szukasz odmiany, kt\u00f3ra nigdy nie zawodzi, ta jest dla Ciebie. Zapewniam Ci\u0119, \u017ce nie b\u0119dziesz \u017ca\u0142owa\u0107, \u017ce to zrobi\u0142e\u015b.<\/p>\n<h2>Odmiana Skywalker OG Procent THC<\/h2>\n<p>Skywalker OG testuje mi\u0119dzy 19-26% THC. Istniej\u0105 doniesienia o testach do 30%, ale nie jest to powszechne. Najlepiej nadaje si\u0119 do stosowania wieczorem, poniewa\u017c relaksuj\u0105cy haj, kt\u00f3ry powoduje przykucie do kanapy, mo\u017ce szybko przerodzi\u0107 si\u0119 w uspokojenie.<\/p>\n<p>Haj jest kamienny i ci\u0119\u017cki, powoduje przykucie do kanapy i powa\u017cny przypadek g\u0142odu. Mo\u017cesz r\u00f3wnie dobrze w\u0142\u0105czy\u0107 dobry film i mie\u0107 pod r\u0119k\u0105 przek\u0105ski, poniewa\u017c to wszystko, czego potrzebujesz, zanim w ko\u0144cu za\u015bniesz! Podobnie jak odmiana Gruntz, Skywalker OG jest siln\u0105 odmian\u0105.<\/p>\n","protected":false},"excerpt":{"rendered":"<p>Skywalker OG, znany r\u00f3wnie\u017c jako \u201eSkywalker OG Kush\u201d dla wielu cz\u0142onk\u00f3w spo\u0142eczno\u015bci konopnej, to <a href=\"https:\/\/hitexoticsdistro.eu\/product-category\/hybrydowe-odmiany-marihuany-online\/\">hybryda<\/a> o przewadze indica (85% <a href=\"https:\/\/hitexoticsdistro.eu\/product-category\/kup-konopie-indyjskie-indica-online\/\">indica<\/a>\/15% <a href=\"https:\/\/hitexoticsdistro.eu\/product-category\/kup-marihuane-sativa-online-polska\/\">sativa<\/a>), kt\u00f3ra jest siln\u0105 krzy\u017c\u00f3wk\u0105 niezwykle popularnych odmian Skywalker X OG Kush.<\/p>\n","protected":false},"featured_media":2973,"comment_status":"open","ping_status":"closed","template":"","meta":{"_surecart_dashboard_logo_width":"180px","_surecart_dashboard_show_logo":true,"_surecart_dashboard_navigation_orders":true,"_surecart_dashboard_navigation_invoices":true,"_surecart_dashboard_navigation_subscriptions":true,"_surecart_dashboard_navigation_downloads":true,"_surecart_dashboard_navigation_billing":true,"_surecart_dashboard_navigation_account":true,"_uag_custom_page_level_css":"","site-sidebar-layout":"default","site-content-layout":"","ast-site-content-layout":"default","site-content-style":"default","site-sidebar-style":"default","ast-global-header-display":"","ast-banner-title-visibility":"","ast-main-header-display":"","ast-hfb-above-header-display":"","ast-hfb-below-header-display":"","ast-hfb-mobile-header-display":"","site-post-title":"","ast-breadcrumbs-content":"","ast-featured-img":"","footer-sml-layout":"","ast-disable-related-posts":"","theme-transparent-header-meta":"default","adv-header-id-meta":"","stick-header-meta":"","header-above-stick-meta":"","header-main-stick-meta":"","header-below-stick-meta":"","astra-migrate-meta-layouts":"set","ast-page-background-enabled":"default","ast-page-background-meta":{"desktop":{"background-color":"var(--ast-global-color-5)","background-image":"","background-repeat":"repeat","background-position":"center center","background-size":"auto","background-attachment":"scroll","background-type":"","background-media":"","overlay-type":"","overlay-color":"","overlay-opacity":"","overlay-gradient":""},"tablet":{"background-color":"","background-image":"","background-repeat":"repeat","background-position":"center center","background-size":"auto","background-attachment":"scroll","background-type":"","background-media":"","overlay-type":"","overlay-color":"","overlay-opacity":"","overlay-gradient":""},"mobile":{"background-color":"","background-image":"","background-repeat":"repeat","background-position":"center center","background-size":"auto","background-attachment":"scroll","background-type":"","background-media":"","overlay-type":"","overlay-color":"","overlay-opacity":"","overlay-gradient":""}},"ast-content-background-meta":{"desktop":{"background-color":"var(--ast-global-color-4)","background-image":"","background-repeat":"repeat","background-position":"center center","background-size":"auto","background-attachment":"scroll","background-type":"","background-media":"","overlay-type":"","overlay-color":"","overlay-opacity":"","overlay-gradient":""},"tablet":{"background-color":"var(--ast-global-color-4)","background-image":"","background-repeat":"repeat","background-position":"center center","background-size":"auto","background-attachment":"scroll","background-type":"","background-media":"","overlay-type":"","overlay-color":"","overlay-opacity":"","overlay-gradient":""},"mobile":{"background-color":"var(--ast-global-color-4)","background-image":"","background-repeat":"repeat","background-position":"center center","background-size":"auto","background-attachment":"scroll","background-type":"","background-media":"","overlay-type":"","overlay-color":"","overlay-opacity":"","overlay-gradient":""}}},"product_brand":[],"product_cat":[62,56],"product_tag":[],"class_list":{"0":"post-2971","1":"product","2":"type-product","3":"status-publish","4":"has-post-thumbnail","6":"product_cat-kup-konopie-indyjskie-indica-online","7":"product_cat-gdzie-moge-kupic-marihuane","8":"desktop-align-left","9":"tablet-align-left","10":"mobile-align-left","12":"first","13":"instock","14":"shipping-taxable","15":"purchasable","16":"product-type-variable"},"uagb_featured_image_src":{"full":["https:\/\/hitexoticsdistro.eu\/wp-content\/uploads\/2025\/06\/Skywalker-OG-Strain-Multi.jpg",924,924,false],"thumbnail":["https:\/\/hitexoticsdistro.eu\/wp-content\/uploads\/2025\/06\/Skywalker-OG-Strain-Multi-150x150.jpg",150,150,true],"medium":["https:\/\/hitexoticsdistro.eu\/wp-content\/uploads\/2025\/06\/Skywalker-OG-Strain-Multi-300x300.jpg",300,300,true],"medium_large":["https:\/\/hitexoticsdistro.eu\/wp-content\/uploads\/2025\/06\/Skywalker-OG-Strain-Multi-768x768.jpg",768,768,true],"large":["https:\/\/hitexoticsdistro.eu\/wp-content\/uploads\/2025\/06\/Skywalker-OG-Strain-Multi.jpg",924,924,false],"1536x1536":["https:\/\/hitexoticsdistro.eu\/wp-content\/uploads\/2025\/06\/Skywalker-OG-Strain-Multi.jpg",924,924,false],"2048x2048":["https:\/\/hitexoticsdistro.eu\/wp-content\/uploads\/2025\/06\/Skywalker-OG-Strain-Multi.jpg",924,924,false],"trp-custom-language-flag":["https:\/\/hitexoticsdistro.eu\/wp-content\/uploads\/2025\/06\/Skywalker-OG-Strain-Multi.jpg",12,12,false],"woocommerce_thumbnail":["https:\/\/hitexoticsdistro.eu\/wp-content\/uploads\/2025\/06\/Skywalker-OG-Strain-Multi-300x300.jpg",300,300,true],"woocommerce_single":["https:\/\/hitexoticsdistro.eu\/wp-content\/uploads\/2025\/06\/Skywalker-OG-Strain-Multi-600x600.jpg",600,600,true],"woocommerce_gallery_thumbnail":["https:\/\/hitexoticsdistro.eu\/wp-content\/uploads\/2025\/06\/Skywalker-OG-Strain-Multi-100x100.jpg",100,100,true]},"uagb_author_info":{"display_name":"","author_link":"https:\/\/hitexoticsdistro.eu\/pl\/author\/"},"uagb_comment_info":0,"uagb_excerpt":"Skywalker OG, znany r\u00f3wnie\u017c jako \u201eSkywalker OG Kush\u201d dla wielu cz\u0142onk\u00f3w spo\u0142eczno\u015bci konopnej, to hybryda o przewadze indica (85% indica\/15% sativa), kt\u00f3ra jest siln\u0105 krzy\u017c\u00f3wk\u0105 niezwykle popularnych odmian Skywalker X OG Kush.","_links":{"self":[{"href":"https:\/\/hitexoticsdistro.eu\/pl\/wp-json\/wp\/v2\/product\/2971","targetHints":{"allow":["GET"]}}],"collection":[{"href":"https:\/\/hitexoticsdistro.eu\/pl\/wp-json\/wp\/v2\/product"}],"about":[{"href":"https:\/\/hitexoticsdistro.eu\/pl\/wp-json\/wp\/v2\/types\/product"}],"replies":[{"embeddable":true,"href":"https:\/\/hitexoticsdistro.eu\/pl\/wp-json\/wp\/v2\/comments?post=2971"}],"wp:featuredmedia":[{"embeddable":true,"href":"https:\/\/hitexoticsdistro.eu\/pl\/wp-json\/wp\/v2\/media\/2973"}],"wp:attachment":[{"href":"https:\/\/hitexoticsdistro.eu\/pl\/wp-json\/wp\/v2\/media?parent=2971"}],"wp:term":[{"taxonomy":"product_brand","embeddable":true,"href":"https:\/\/hitexoticsdistro.eu\/pl\/wp-json\/wp\/v2\/product_brand?post=2971"},{"taxonomy":"product_cat","embeddable":true,"href":"https:\/\/hitexoticsdistro.eu\/pl\/wp-json\/wp\/v2\/product_cat?post=2971"},{"taxonomy":"product_tag","embeddable":true,"href":"https:\/\/hitexoticsdistro.eu\/pl\/wp-json\/wp\/v2\/product_tag?post=2971"}],"curies":[{"name":"wp","href":"https:\/\/api.w.org\/{rel}","templated":true}]}}