{"id":1039,"date":"2024-10-10T23:06:46","date_gmt":"2024-10-10T23:06:46","guid":{"rendered":"https:\/\/hitexoticsdistro.com\/?post_type=product&#038;p=1039"},"modified":"2024-10-27T03:09:32","modified_gmt":"2024-10-27T03:09:32","slug":"kup-marihuane-pink-panther-online","status":"publish","type":"product","link":"https:\/\/hitexoticsdistro.eu\/pl\/product\/kup-marihuane-pink-panther-online\/","title":{"rendered":"Pink Panther Delta 8"},"content":{"rendered":"<h2>Kup marihuan\u0119 Pink Panther online \u2013 Najlepszy wyb\u00f3r dla fan\u00f3w Delta 8 THC<\/h2>\n<p><strong>Pink Panther Delta 8<\/strong> to <a href=\"https:\/\/hitexoticsdistro.eu\/product-category\/gdzie-moge-kupic-marihuane\/\">odmiana marihuany<\/a>, kt\u00f3ra zdobywa coraz wi\u0119ksz\u0105 popularno\u015b\u0107 dzi\u0119ki swoim unikalnym cechom i doskona\u0142ym efektom. Wyprodukowana przez High Alpine Genetics, ta hybryda jest owocem starannych poszukiwa\u0144 idealnych w\u0142a\u015bciwo\u015bci genetycznych. W tej wyj\u0105tkowej odmianie znajdziesz mieszank\u0119 indici i sativy, co sprawia, \u017ce oferuje ona zar\u00f3wno relaksuj\u0105ce, jak i pobudzaj\u0105ce efekty. Je\u015bli szukasz produktu o wyj\u0105tkowym wygl\u0105dzie i intensywnych doznaniach, <strong>kup marihuan\u0119 Pink Panther online<\/strong> na naszej stronie i ciesz si\u0119 niesamowitym do\u015bwiadczeniem.<\/p>\n<h3>Co wyr\u00f3\u017cnia Pink Panther Delta 8?<\/h3>\n<p>Pink Panther to odmiana o imponuj\u0105cej kolorystyce \u2013 znajdziesz w niej odcienie r\u00f3\u017cu, fioletu i zieleni, kt\u00f3re nadaj\u0105 p\u0105kom wyj\u0105tkowy, lawendowy wygl\u0105d. P\u0105ki pokryte s\u0105 g\u0119stymi trichomami oraz pomara\u0144czowymi pr\u0119cikami, kt\u00f3re dodaj\u0105 charakteru tej pi\u0119knej ro\u015blinie. Jej aromat to co\u015b, co zachwyci ka\u017cdego \u2013 s\u0142odki, cukierkowy zapach, kt\u00f3ry na d\u0142ugo zostaje w pami\u0119ci.<\/p>\n<p>Odmiana ta zawiera <strong>100% naturalny kwiat Delta 8 THC<\/strong>, co oznacza, \u017ce jest w pe\u0142ni zgodna z polskim prawem i idealna dla tych, kt\u00f3rzy szukaj\u0105 alternatywnych rozwi\u0105za\u0144 w medycynie naturalnej lub dla relaksu.<\/p>\n<h3>Jak dzia\u0142a Pink Panther Delta 8?<\/h3>\n<p>Pink Panther to hybryda, co oznacza, \u017ce \u0142\u0105czy w sobie cechy <strong>indici i sativy<\/strong>. Jej dzia\u0142anie zale\u017cy od Twojego nastroju i potrzeby \u2013 mo\u017ce dzia\u0142a\u0107 relaksuj\u0105co i uspokajaj\u0105co, ale r\u00f3wnie\u017c zapewnia\u0107 pobudzaj\u0105ce doznania umys\u0142owe, co czyni j\u0105 idealn\u0105 zar\u00f3wno na dzie\u0144, jak i na wiecz\u00f3r.<\/p>\n<ul>\n<li><a href=\"https:\/\/hitexoticsdistro.eu\/gdzie-bezpiecznie-kupic-marihuane-online\/\"><strong>Indica<\/strong><\/a>: Pink Panther dostarcza efekt\u00f3w relaksuj\u0105cych, co czyni j\u0105 idealn\u0105 do wieczornego u\u017cycia i \u0142agodzenia stresu.<\/li>\n<li><a href=\"https:\/\/hitexoticsdistro.eu\/kup-chwast-online-polska\/\"><strong>Sativa<\/strong><\/a>: Pobudzaj\u0105ca strona tej odmiany sprawia, \u017ce mo\u017cesz czu\u0107 si\u0119 bardziej kreatywnie i energicznie w ci\u0105gu dnia.<\/li>\n<li><a href=\"https:\/\/hitexoticsdistro.eu\/product-category\/sklep-internetowy-z-odmiana-konopi-delta-8\/\"><strong>Delta 8 THC<\/strong><\/a>: Ten zwi\u0105zek zapewnia \u0142agodniejszy haj ni\u017c tradycyjne THC, co sprawia, \u017ce jest idealny dla tych, kt\u00f3rzy chc\u0105 unikn\u0105\u0107 silnych efekt\u00f3w psychoaktywnych, jednocze\u015bnie ciesz\u0105c si\u0119 relaksem i eufori\u0105.<\/li>\n<\/ul>\n<h3>Dlaczego warto kupi\u0107 marihuan\u0119 Pink Panther online?<\/h3>\n<p>Zakup Pink Panther Delta 8 online to idealne rozwi\u0105zanie dla tych, kt\u00f3rzy ceni\u0105 sobie wygod\u0119, jako\u015b\u0107 i bezpiecze\u0144stwo. Dzi\u0119ki zakupom online mo\u017cesz mie\u0107 pewno\u015b\u0107, \u017ce otrzymujesz produkt najwy\u017cszej jako\u015bci, pochodz\u0105cy od sprawdzonych dostawc\u00f3w. Nasz sklep oferuje szybkie i dyskretne dostawy, wi\u0119c mo\u017cesz cieszy\u0107 si\u0119 swoimi ulubionymi produktami bez wychodzenia z domu. <strong>Kup marihuan\u0119 Pink Panther online<\/strong> ju\u017c teraz i do\u015bwiadcz r\u00f3\u017cnicy!<\/p>\n<h3>Frequently Asked Questions<\/h3>\n<h4>Co to jest Pink Panther Delta 8?<\/h4>\n<p>Pink Panther Delta 8 to hybrydowa <a href=\"https:\/\/www.cristalcbd.pl\/kategoria-produktu\/zywnosc-konopna\/\" rel=\"nofollow noopener\" target=\"_blank\">odmiana<\/a> marihuany, kt\u00f3ra \u0142\u0105czy w sobie cechy indici i sativy, zapewniaj\u0105c zr\u00f3wnowa\u017cone efekty zar\u00f3wno relaksacyjne, jak i pobudzaj\u0105ce.<\/p>\n<h4>Jakie s\u0105 efekty Pink Panther Delta 8?<\/h4>\n<p>Efekty obejmuj\u0105 eufori\u0119, relaks, pobudzenie umys\u0142owe oraz ulg\u0119 od stresu i napi\u0119cia. Dzi\u0119ki zawarto\u015bci Delta 8 THC, haj jest \u0142agodniejszy ni\u017c przy tradycyjnym THC.<\/p>\n<h4>Gdzie mog\u0119 kupi\u0107 marihuan\u0119 Pink Panther online?<\/h4>\n<p>Najlepszym miejscem na zakup marihuany Pink Panther online jest nasz sklep internetowy. Oferujemy wysokiej jako\u015bci produkty oraz szybk\u0105 i dyskretn\u0105 dostaw\u0119.<\/p>\n<h4>Jaka jest zawarto\u015b\u0107 THC w Pink Panther?<\/h4>\n<p>Pink Panther zawiera Delta 8 THC, co sprawia, \u017ce jest to produkt o \u0142agodniejszym dzia\u0142aniu psychoaktywnym w por\u00f3wnaniu do klasycznego THC.<\/p>\n<h4>Jak stosowa\u0107 Pink Panther Delta 8?<\/h4>\n<p>Pink Panther Delta 8 mo\u017cna stosowa\u0107 jak ka\u017cd\u0105 inn\u0105 marihuan\u0119 \u2013 poprzez palenie, waporyzacj\u0119 lub w postaci jadalnej. Wa\u017cne jest jednak, aby zacz\u0105\u0107 od ma\u0142ej dawki, zw\u0142aszcza je\u015bli jeste\u015b nowym u\u017cytkownikiem.<\/p>\n<h3>Kup marihuan\u0119 Pink Panther online teraz!<\/h3>\n<p>Je\u015bli szukasz unikalnej odmiany, kt\u00f3ra zapewni Ci relaks oraz pobudzenie umys\u0142owe, <strong>kup marihuan\u0119 Pink Panther online<\/strong> ju\u017c teraz. Gwarantujemy, \u017ce b\u0119dziesz zadowolony z jako\u015bci i efekt\u00f3w, jakie oferuje ten wyj\u0105tkowy produkt. Nasz sklep zapewnia szybkie dostawy oraz szeroki wyb\u00f3r produkt\u00f3w z Delta 8 THC, dzi\u0119ki czemu mo\u017cesz znale\u017a\u0107 idealny produkt dla siebie.<\/p>\n<p>&nbsp;<\/p>\n<p><img loading=\"lazy\" decoding=\"async\" class=\"alignnone size-medium wp-image-1330\" src=\"https:\/\/hitexoticsdistro.eu\/wp-content\/uploads\/2024\/10\/cropped-WhatsApp-Image-2024-10-02-at-3.50.03-PM-2-1-300x300.jpeg\" alt=\"Gdzie bezpiecznie kupi\u0107 marihuan\u0119 online?\" width=\"300\" height=\"300\" srcset=\"https:\/\/hitexoticsdistro.eu\/wp-content\/uploads\/2024\/10\/cropped-WhatsApp-Image-2024-10-02-at-3.50.03-PM-2-1-300x300.jpeg 300w, https:\/\/hitexoticsdistro.eu\/wp-content\/uploads\/2024\/10\/cropped-WhatsApp-Image-2024-10-02-at-3.50.03-PM-2-1-150x150.jpeg 150w, https:\/\/hitexoticsdistro.eu\/wp-content\/uploads\/2024\/10\/cropped-WhatsApp-Image-2024-10-02-at-3.50.03-PM-2-1-100x100.jpeg 100w, https:\/\/hitexoticsdistro.eu\/wp-content\/uploads\/2024\/10\/cropped-WhatsApp-Image-2024-10-02-at-3.50.03-PM-2-1-270x270.jpeg 270w, https:\/\/hitexoticsdistro.eu\/wp-content\/uploads\/2024\/10\/cropped-WhatsApp-Image-2024-10-02-at-3.50.03-PM-2-1-192x192.jpeg 192w, https:\/\/hitexoticsdistro.eu\/wp-content\/uploads\/2024\/10\/cropped-WhatsApp-Image-2024-10-02-at-3.50.03-PM-2-1-180x180.jpeg 180w, https:\/\/hitexoticsdistro.eu\/wp-content\/uploads\/2024\/10\/cropped-WhatsApp-Image-2024-10-02-at-3.50.03-PM-2-1-32x32.jpeg 32w, https:\/\/hitexoticsdistro.eu\/wp-content\/uploads\/2024\/10\/cropped-WhatsApp-Image-2024-10-02-at-3.50.03-PM-2-1.jpeg 512w\" sizes=\"auto, (max-width: 300px) 100vw, 300px\" \/><\/p>\n","protected":false},"excerpt":{"rendered":"<ul>\n<li>Kwiat Premium Delta-8 THC<\/li>\n<li>Hybryda 85\/15 z dominuj\u0105c\u0105 Sativ\u0105<\/li>\n<li>Uprawiana organicznie i bez GMO<\/li>\n<\/ul>\n","protected":false},"featured_media":1082,"comment_status":"closed","ping_status":"closed","template":"","meta":{"_surecart_dashboard_logo_width":"180px","_surecart_dashboard_show_logo":true,"_surecart_dashboard_navigation_orders":true,"_surecart_dashboard_navigation_invoices":true,"_surecart_dashboard_navigation_subscriptions":true,"_surecart_dashboard_navigation_downloads":true,"_surecart_dashboard_navigation_billing":true,"_surecart_dashboard_navigation_account":true,"_uag_custom_page_level_css":"","site-sidebar-layout":"default","site-content-layout":"","ast-site-content-layout":"default","site-content-style":"default","site-sidebar-style":"default","ast-global-header-display":"","ast-banner-title-visibility":"","ast-main-header-display":"","ast-hfb-above-header-display":"","ast-hfb-below-header-display":"","ast-hfb-mobile-header-display":"","site-post-title":"","ast-breadcrumbs-content":"","ast-featured-img":"","footer-sml-layout":"","theme-transparent-header-meta":"default","adv-header-id-meta":"","stick-header-meta":"","header-above-stick-meta":"","header-main-stick-meta":"","header-below-stick-meta":"","astra-migrate-meta-layouts":"set","ast-page-background-enabled":"default","ast-page-background-meta":{"desktop":{"background-color":"var(--ast-global-color-4)","background-image":"","background-repeat":"repeat","background-position":"center center","background-size":"auto","background-attachment":"scroll","background-type":"","background-media":"","overlay-type":"","overlay-color":"","overlay-opacity":"","overlay-gradient":""},"tablet":{"background-color":"","background-image":"","background-repeat":"repeat","background-position":"center center","background-size":"auto","background-attachment":"scroll","background-type":"","background-media":"","overlay-type":"","overlay-color":"","overlay-opacity":"","overlay-gradient":""},"mobile":{"background-color":"","background-image":"","background-repeat":"repeat","background-position":"center center","background-size":"auto","background-attachment":"scroll","background-type":"","background-media":"","overlay-type":"","overlay-color":"","overlay-opacity":"","overlay-gradient":""}},"ast-content-background-meta":{"desktop":{"background-color":"var(--ast-global-color-5)","background-image":"","background-repeat":"repeat","background-position":"center center","background-size":"auto","background-attachment":"scroll","background-type":"","background-media":"","overlay-type":"","overlay-color":"","overlay-opacity":"","overlay-gradient":""},"tablet":{"background-color":"var(--ast-global-color-5)","background-image":"","background-repeat":"repeat","background-position":"center center","background-size":"auto","background-attachment":"scroll","background-type":"","background-media":"","overlay-type":"","overlay-color":"","overlay-opacity":"","overlay-gradient":""},"mobile":{"background-color":"var(--ast-global-color-5)","background-image":"","background-repeat":"repeat","background-position":"center center","background-size":"auto","background-attachment":"scroll","background-type":"","background-media":"","overlay-type":"","overlay-color":"","overlay-opacity":"","overlay-gradient":""}}},"product_brand":[],"product_cat":[257,514],"product_tag":[523,838,551,796,582,1066,882,1067,1068],"class_list":{"0":"post-1039","1":"product","2":"type-product","3":"status-publish","4":"has-post-thumbnail","6":"product_cat-gdzie-znalezc-najlepsze-produkty-delta-8","7":"product_cat-sklep-internetowy-z-odmiana-konopi-delta-8","8":"product_tag-buy-pink-panther-delta-8-flower-eu","9":"product_tag-delta8thc","10":"product_tag-hitexoticsdistro","11":"product_tag-kupmarihuane","12":"product_tag-kupmarihuaneonline","13":"product_tag-kuppinkpanther","14":"product_tag-marihuanadelta8","15":"product_tag-pinkpantherdelta8","16":"product_tag-relaksizeuforia","17":"desktop-align-left","18":"tablet-align-left","19":"mobile-align-left","21":"first","22":"instock","23":"shipping-taxable","24":"purchasable","25":"product-type-simple"},"uagb_featured_image_src":{"full":["https:\/\/hitexoticsdistro.eu\/wp-content\/uploads\/2024\/10\/Pink-Panther-Delta-8-Flower-EU.png",1000,1000,false],"thumbnail":["https:\/\/hitexoticsdistro.eu\/wp-content\/uploads\/2024\/10\/Pink-Panther-Delta-8-Flower-EU-150x150.png",150,150,true],"medium":["https:\/\/hitexoticsdistro.eu\/wp-content\/uploads\/2024\/10\/Pink-Panther-Delta-8-Flower-EU-300x300.png",300,300,true],"medium_large":["https:\/\/hitexoticsdistro.eu\/wp-content\/uploads\/2024\/10\/Pink-Panther-Delta-8-Flower-EU-768x768.png",768,768,true],"large":["https:\/\/hitexoticsdistro.eu\/wp-content\/uploads\/2024\/10\/Pink-Panther-Delta-8-Flower-EU.png",1000,1000,false],"1536x1536":["https:\/\/hitexoticsdistro.eu\/wp-content\/uploads\/2024\/10\/Pink-Panther-Delta-8-Flower-EU.png",1000,1000,false],"2048x2048":["https:\/\/hitexoticsdistro.eu\/wp-content\/uploads\/2024\/10\/Pink-Panther-Delta-8-Flower-EU.png",1000,1000,false],"trp-custom-language-flag":["https:\/\/hitexoticsdistro.eu\/wp-content\/uploads\/2024\/10\/Pink-Panther-Delta-8-Flower-EU.png",12,12,false],"woocommerce_thumbnail":["https:\/\/hitexoticsdistro.eu\/wp-content\/uploads\/2024\/10\/Pink-Panther-Delta-8-Flower-EU-300x300.png",300,300,true],"woocommerce_single":["https:\/\/hitexoticsdistro.eu\/wp-content\/uploads\/2024\/10\/Pink-Panther-Delta-8-Flower-EU-600x600.png",600,600,true],"woocommerce_gallery_thumbnail":["https:\/\/hitexoticsdistro.eu\/wp-content\/uploads\/2024\/10\/Pink-Panther-Delta-8-Flower-EU-100x100.png",100,100,true]},"uagb_author_info":{"display_name":"","author_link":"https:\/\/hitexoticsdistro.eu\/pl\/author\/"},"uagb_comment_info":0,"uagb_excerpt":"Kwiat Premium Delta-8 THC Hybryda 85\/15 z dominuj\u0105c\u0105 Sativ\u0105 Uprawiana organicznie i bez GMO","_links":{"self":[{"href":"https:\/\/hitexoticsdistro.eu\/pl\/wp-json\/wp\/v2\/product\/1039","targetHints":{"allow":["GET"]}}],"collection":[{"href":"https:\/\/hitexoticsdistro.eu\/pl\/wp-json\/wp\/v2\/product"}],"about":[{"href":"https:\/\/hitexoticsdistro.eu\/pl\/wp-json\/wp\/v2\/types\/product"}],"replies":[{"embeddable":true,"href":"https:\/\/hitexoticsdistro.eu\/pl\/wp-json\/wp\/v2\/comments?post=1039"}],"wp:featuredmedia":[{"embeddable":true,"href":"https:\/\/hitexoticsdistro.eu\/pl\/wp-json\/wp\/v2\/media\/1082"}],"wp:attachment":[{"href":"https:\/\/hitexoticsdistro.eu\/pl\/wp-json\/wp\/v2\/media?parent=1039"}],"wp:term":[{"taxonomy":"product_brand","embeddable":true,"href":"https:\/\/hitexoticsdistro.eu\/pl\/wp-json\/wp\/v2\/product_brand?post=1039"},{"taxonomy":"product_cat","embeddable":true,"href":"https:\/\/hitexoticsdistro.eu\/pl\/wp-json\/wp\/v2\/product_cat?post=1039"},{"taxonomy":"product_tag","embeddable":true,"href":"https:\/\/hitexoticsdistro.eu\/pl\/wp-json\/wp\/v2\/product_tag?post=1039"}],"curies":[{"name":"wp","href":"https:\/\/api.w.org\/{rel}","templated":true}]}}