{"id":1035,"date":"2024-10-10T23:06:46","date_gmt":"2024-10-10T23:06:46","guid":{"rendered":"https:\/\/hitexoticsdistro.com\/?post_type=product&#038;p=1035"},"modified":"2024-10-27T02:35:36","modified_gmt":"2024-10-27T02:35:36","slug":"kup-marihuane-cbg-delta-8-online","status":"publish","type":"product","link":"https:\/\/hitexoticsdistro.eu\/pl\/product\/kup-marihuane-cbg-delta-8-online\/","title":{"rendered":"CBG Delta 8"},"content":{"rendered":"<h2>Kup marihuan\u0119 CBG Delta 8 online<\/h2>\n<p>D8 CBG Hemp Flower to wysokiej jako\u015bci <a href=\"https:\/\/hitexoticsdistro.eu\/product-category\/gdzie-moge-kupic-marihuane\/\">odmiana marihuany<\/a> oferowana przez <strong>Oregon Hemp Flower Farm<\/strong>. Ta wyj\u0105tkowa ro\u015blina jest znana ze swojej doskona\u0142ej jako\u015bci, organicznego pochodzenia i starannie wyselekcjonowanych w\u0142a\u015bciwo\u015bci. Je\u017celi szukasz produktu, kt\u00f3ry \u0142\u0105czy w sobie potencja\u0142 CBG oraz Delta 8 THC, to jeste\u015b we w\u0142a\u015bciwym miejscu.<\/p>\n<h3>Co to jest CBG Hemp Flower?<\/h3>\n<p>CBG Hemp Flower to odmiana konopi, kt\u00f3ra zosta\u0142a specjalnie wyhodowana, aby zawiera\u0107 wy\u017csz\u0105 koncentracj\u0119 <strong>CBG<\/strong> (kannabigerolu). Kwiaty ro\u015bliny s\u0105 zbierane i suszone, a nast\u0119pnie mog\u0105 by\u0107 wykorzystywane na r\u00f3\u017cne sposoby \u2013 do palenia, waporyzacji, a tak\u017ce jako baza do produkcji takich wyrob\u00f3w jak nalewki czy produkty spo\u017cywcze.<\/p>\n<p>Proces selektywnej hodowli odmiany pod k\u0105tem konkretnego kannabinoidu, takiego jak CBG, polega na krzy\u017cowaniu r\u00f3\u017cnych odmian konopi, aby uzyska\u0107 ro\u015blin\u0119 o po\u017c\u0105danych cechach. W przypadku <strong>CBG Delta 8<\/strong>, ro\u015blina jest selekcjonowana tak, aby mia\u0142a wy\u017csz\u0105 zawarto\u015b\u0107 CBG przy jednoczesnym zachowaniu obecno\u015bci Delta 8 THC.<\/p>\n<h3>Dlaczego warto kupi\u0107 marihuan\u0119 CBG Delta 8 online?<\/h3>\n<p>Kupuj\u0105c marihuan\u0119 <strong>CBG Delta 8<\/strong> online, masz pewno\u015b\u0107, \u017ce otrzymujesz produkt najwy\u017cszej jako\u015bci. Produkowana przez <strong>Oregon Hemp Flower Farm<\/strong>, ta odmiana marihuany oferuje idealn\u0105 r\u00f3wnowag\u0119 mi\u0119dzy relaksem a stymulacj\u0105, dzi\u0119ki po\u0142\u0105czeniu <strong>CBG<\/strong> oraz <strong>Delta 8 THC<\/strong>. Co wi\u0119cej, jest to produkt w 100% organiczny, r\u0119cznie przycinany i wolny od pestycyd\u00f3w, dodatk\u00f3w oraz syntetyk\u00f3w, co gwarantuje czysto\u015b\u0107 i zgodno\u015b\u0107 z normami.<\/p>\n<h4>Potencja\u0142 kannabinoid\u00f3w:<\/h4>\n<ul>\n<li><strong>CBG<\/strong>: 15.9%<\/li>\n<li><strong>Delta 8 THC<\/strong>: 4.5%<\/li>\n<\/ul>\n<h3>Indica, Sativa, THC &#8211; Jakie efekty daje CBG Delta 8?<\/h3>\n<p>Cho\u0107 <strong>CBG<\/strong> i <strong>Delta 8 THC<\/strong> s\u0105 g\u0142\u00f3wnymi sk\u0142adnikami tej odmiany, warto zaznaczy\u0107, \u017ce <strong>CBG Delta 8<\/strong> dzia\u0142a bardziej stymuluj\u0105co, ni\u017c wi\u0119kszo\u015b\u0107 klasycznych <a href=\"https:\/\/hitexoticsdistro.eu\/product-category\/kup-konopie-indyjskie-indica-online\/\">odmian indica<\/a>.<\/p>\n<ul>\n<li><strong>Indica<\/strong>: Uspokajaj\u0105ce i relaksuj\u0105ce dzia\u0142anie, idealne na wiecz\u00f3r.<\/li>\n<li><a href=\"https:\/\/hitexoticsdistro.eu\/product-category\/kup-marihuane-sativa-online-polska\/\"><strong>Sativa<\/strong><\/a>: Dzia\u0142a stymuluj\u0105co i podnosz\u0105co na umys\u0142, co sprawia, \u017ce jest \u015bwietnym wyborem na dzie\u0144.<\/li>\n<li><strong>Delta 8 THC<\/strong>: To \u0142agodniejsza forma THC, kt\u00f3ra zapewnia relaksuj\u0105cy haj, ale bez nadmiernego odurzenia.<\/li>\n<\/ul>\n<p>Odmiana <strong>CBG Delta 8<\/strong> doskonale balansuje mi\u0119dzy efektami stymuluj\u0105cymi a relaksuj\u0105cymi, oferuj\u0105c unikalne doznania zar\u00f3wno dla cia\u0142a, jak i umys\u0142u. Dzi\u0119ki zawarto\u015bci Delta 8 THC zapewnia \u0142agodny haj, a CBG dzia\u0142a jako dodatkowy stymulator dla umys\u0142u, pomagaj\u0105c w utrzymaniu koncentracji i kreatywno\u015bci.<\/p>\n<h3>Jak i gdzie kupi\u0107 CBG Delta 8?<\/h3>\n<p>Zakup marihuany <strong>CBG Delta 8<\/strong> online to najwygodniejszy i najpewniejszy spos\u00f3b na zdobycie tej wyj\u0105tkowej odmiany. W sklepie <strong><a href=\"https:\/\/hitexoticsdistro.eu\" target=\"_new\" rel=\"noopener\">Hit Exotics Distro<\/a><\/strong> oferujemy wy\u0142\u0105cznie najwy\u017cszej jako\u015bci produkty, kt\u00f3re s\u0105 <strong>100% organiczne<\/strong>, r\u0119cznie przycinane i dok\u0142adnie testowane w laboratoriach pod k\u0105tem czysto\u015bci oraz zgodno\u015bci z przepisami. Zamawiaj\u0105c u nas, masz pewno\u015b\u0107, \u017ce otrzymasz produkt zgodny z normami, kt\u00f3ry spe\u0142ni Twoje oczekiwania.<\/p>\n<h3>Najcz\u0119\u015bciej zadawane pytania<\/h3>\n<h4>Co to jest CBG Delta 8?<\/h4>\n<p>CBG Delta 8 to unikalna odmiana <a href=\"https:\/\/sklepsativa.pl\/siewne\" rel=\"nofollow noopener\" target=\"_blank\">marihuany<\/a>, kt\u00f3ra zawiera wysoki poziom kannabigerolu (CBG) oraz Delta 8 THC. Jest to produkt, kt\u00f3ry \u0142\u0105czy w sobie efekty relaksuj\u0105ce z w\u0142a\u015bciwo\u015bciami stymuluj\u0105cymi.<\/p>\n<h4>Jakie s\u0105 g\u0142\u00f3wne efekty CBG Delta 8?<\/h4>\n<p>CBG Delta 8 oferuje zr\u00f3wnowa\u017cony efekt mi\u0119dzy odpr\u0119\u017ceniem a umys\u0142ow\u0105 stymulacj\u0105. Delta 8 THC zapewnia \u0142agodny haj, a CBG pomaga utrzyma\u0107 umys\u0142 w stanie koncentracji i jasno\u015bci.<\/p>\n<h4>Czy CBG Delta 8 jest legalna?<\/h4>\n<p>Tak, <strong>CBG Delta 8<\/strong> jest legalna w wielu krajach, jednak warto sprawdzi\u0107 lokalne przepisy przed zakupem.<\/p>\n<h4>Jak stosowa\u0107 CBG Delta 8?<\/h4>\n<p>Kwiaty CBG Delta 8 mo\u017cna stosowa\u0107 na wiele sposob\u00f3w: do palenia, waporyzacji, a tak\u017ce jako sk\u0142adnik produkt\u00f3w takich jak nalewki i edibles.<\/p>\n<h3>Podsumowanie<\/h3>\n<p>Je\u015bli szukasz wyj\u0105tkowej odmiany marihuany, kt\u00f3ra \u0142\u0105czy w sobie potencja\u0142 CBG i Delta 8 THC, to <strong>CBG Delta 8<\/strong> jest doskona\u0142ym wyborem. Organicznie uprawiana, r\u0119cznie przycinana i wolna od dodatk\u00f3w, oferuje nie tylko wysok\u0105 jako\u015b\u0107, ale tak\u017ce unikalne doznania dla u\u017cytkownika. <strong>Kup marihuan\u0119 CBG Delta 8 online<\/strong> i przekonaj si\u0119, dlaczego ta odmiana zdobywa coraz wi\u0119ksz\u0105 popularno\u015b\u0107 w\u015br\u00f3d mi\u0142o\u015bnik\u00f3w konopi.<\/p>\n<p>&nbsp;<\/p>\n<p><img loading=\"lazy\" decoding=\"async\" class=\"alignnone size-medium wp-image-1330\" src=\"https:\/\/hitexoticsdistro.eu\/wp-content\/uploads\/2024\/10\/cropped-WhatsApp-Image-2024-10-02-at-3.50.03-PM-2-1-300x300.jpeg\" alt=\"Gdzie bezpiecznie kupi\u0107 marihuan\u0119 online?\" width=\"300\" height=\"300\" srcset=\"https:\/\/hitexoticsdistro.eu\/wp-content\/uploads\/2024\/10\/cropped-WhatsApp-Image-2024-10-02-at-3.50.03-PM-2-1-300x300.jpeg 300w, https:\/\/hitexoticsdistro.eu\/wp-content\/uploads\/2024\/10\/cropped-WhatsApp-Image-2024-10-02-at-3.50.03-PM-2-1-150x150.jpeg 150w, https:\/\/hitexoticsdistro.eu\/wp-content\/uploads\/2024\/10\/cropped-WhatsApp-Image-2024-10-02-at-3.50.03-PM-2-1-100x100.jpeg 100w, https:\/\/hitexoticsdistro.eu\/wp-content\/uploads\/2024\/10\/cropped-WhatsApp-Image-2024-10-02-at-3.50.03-PM-2-1-270x270.jpeg 270w, https:\/\/hitexoticsdistro.eu\/wp-content\/uploads\/2024\/10\/cropped-WhatsApp-Image-2024-10-02-at-3.50.03-PM-2-1-192x192.jpeg 192w, https:\/\/hitexoticsdistro.eu\/wp-content\/uploads\/2024\/10\/cropped-WhatsApp-Image-2024-10-02-at-3.50.03-PM-2-1-180x180.jpeg 180w, https:\/\/hitexoticsdistro.eu\/wp-content\/uploads\/2024\/10\/cropped-WhatsApp-Image-2024-10-02-at-3.50.03-PM-2-1-32x32.jpeg 32w, https:\/\/hitexoticsdistro.eu\/wp-content\/uploads\/2024\/10\/cropped-WhatsApp-Image-2024-10-02-at-3.50.03-PM-2-1.jpeg 512w\" sizes=\"auto, (max-width: 300px) 100vw, 300px\" \/><\/p>\n","protected":false},"excerpt":{"rendered":"<p>Kup marihuan\u0119 CBG Delta 8 online D8 CBG Hemp Flower to wysokiej jako\u015bci odmiana marihuany oferowana przez Oregon Hemp Flower [&hellip;]<\/p>\n","protected":false},"featured_media":1078,"comment_status":"closed","ping_status":"closed","template":"","meta":{"_surecart_dashboard_logo_width":"180px","_surecart_dashboard_show_logo":true,"_surecart_dashboard_navigation_orders":true,"_surecart_dashboard_navigation_invoices":true,"_surecart_dashboard_navigation_subscriptions":true,"_surecart_dashboard_navigation_downloads":true,"_surecart_dashboard_navigation_billing":true,"_surecart_dashboard_navigation_account":true,"_uag_custom_page_level_css":"","site-sidebar-layout":"default","site-content-layout":"","ast-site-content-layout":"default","site-content-style":"default","site-sidebar-style":"default","ast-global-header-display":"","ast-banner-title-visibility":"","ast-main-header-display":"","ast-hfb-above-header-display":"","ast-hfb-below-header-display":"","ast-hfb-mobile-header-display":"","site-post-title":"","ast-breadcrumbs-content":"","ast-featured-img":"","footer-sml-layout":"","theme-transparent-header-meta":"default","adv-header-id-meta":"","stick-header-meta":"","header-above-stick-meta":"","header-main-stick-meta":"","header-below-stick-meta":"","astra-migrate-meta-layouts":"set","ast-page-background-enabled":"default","ast-page-background-meta":{"desktop":{"background-color":"var(--ast-global-color-4)","background-image":"","background-repeat":"repeat","background-position":"center center","background-size":"auto","background-attachment":"scroll","background-type":"","background-media":"","overlay-type":"","overlay-color":"","overlay-opacity":"","overlay-gradient":""},"tablet":{"background-color":"","background-image":"","background-repeat":"repeat","background-position":"center center","background-size":"auto","background-attachment":"scroll","background-type":"","background-media":"","overlay-type":"","overlay-color":"","overlay-opacity":"","overlay-gradient":""},"mobile":{"background-color":"","background-image":"","background-repeat":"repeat","background-position":"center center","background-size":"auto","background-attachment":"scroll","background-type":"","background-media":"","overlay-type":"","overlay-color":"","overlay-opacity":"","overlay-gradient":""}},"ast-content-background-meta":{"desktop":{"background-color":"var(--ast-global-color-5)","background-image":"","background-repeat":"repeat","background-position":"center center","background-size":"auto","background-attachment":"scroll","background-type":"","background-media":"","overlay-type":"","overlay-color":"","overlay-opacity":"","overlay-gradient":""},"tablet":{"background-color":"var(--ast-global-color-5)","background-image":"","background-repeat":"repeat","background-position":"center center","background-size":"auto","background-attachment":"scroll","background-type":"","background-media":"","overlay-type":"","overlay-color":"","overlay-opacity":"","overlay-gradient":""},"mobile":{"background-color":"var(--ast-global-color-5)","background-image":"","background-repeat":"repeat","background-position":"center center","background-size":"auto","background-attachment":"scroll","background-type":"","background-media":"","overlay-type":"","overlay-color":"","overlay-opacity":"","overlay-gradient":""}}},"product_brand":[],"product_cat":[257,514],"product_tag":[519,898,899,838,697,900,663,698],"class_list":{"0":"post-1035","1":"product","2":"type-product","3":"status-publish","4":"has-post-thumbnail","6":"product_cat-gdzie-znalezc-najlepsze-produkty-delta-8","7":"product_cat-sklep-internetowy-z-odmiana-konopi-delta-8","8":"product_tag-cbg-delta-8-weed-flower-for-sale-europe","9":"product_tag-cbgdelta8","10":"product_tag-cbghempflower","11":"product_tag-delta8thc","12":"product_tag-indica","13":"product_tag-kupcbgdelta8","14":"product_tag-marihuanaonline","15":"product_tag-sativa","16":"desktop-align-left","17":"tablet-align-left","18":"mobile-align-left","20":"first","21":"instock","22":"shipping-taxable","23":"purchasable","24":"product-type-variable"},"uagb_featured_image_src":{"full":["https:\/\/hitexoticsdistro.eu\/wp-content\/uploads\/2024\/10\/CBG-Delta-8-Weed-Flower.webp",912,912,false],"thumbnail":["https:\/\/hitexoticsdistro.eu\/wp-content\/uploads\/2024\/10\/CBG-Delta-8-Weed-Flower-150x150.webp",150,150,true],"medium":["https:\/\/hitexoticsdistro.eu\/wp-content\/uploads\/2024\/10\/CBG-Delta-8-Weed-Flower-300x300.webp",300,300,true],"medium_large":["https:\/\/hitexoticsdistro.eu\/wp-content\/uploads\/2024\/10\/CBG-Delta-8-Weed-Flower-768x768.webp",768,768,true],"large":["https:\/\/hitexoticsdistro.eu\/wp-content\/uploads\/2024\/10\/CBG-Delta-8-Weed-Flower.webp",912,912,false],"1536x1536":["https:\/\/hitexoticsdistro.eu\/wp-content\/uploads\/2024\/10\/CBG-Delta-8-Weed-Flower.webp",912,912,false],"2048x2048":["https:\/\/hitexoticsdistro.eu\/wp-content\/uploads\/2024\/10\/CBG-Delta-8-Weed-Flower.webp",912,912,false],"trp-custom-language-flag":["https:\/\/hitexoticsdistro.eu\/wp-content\/uploads\/2024\/10\/CBG-Delta-8-Weed-Flower.webp",12,12,false],"woocommerce_thumbnail":["https:\/\/hitexoticsdistro.eu\/wp-content\/uploads\/2024\/10\/CBG-Delta-8-Weed-Flower-300x300.webp",300,300,true],"woocommerce_single":["https:\/\/hitexoticsdistro.eu\/wp-content\/uploads\/2024\/10\/CBG-Delta-8-Weed-Flower-600x600.webp",600,600,true],"woocommerce_gallery_thumbnail":["https:\/\/hitexoticsdistro.eu\/wp-content\/uploads\/2024\/10\/CBG-Delta-8-Weed-Flower-100x100.webp",100,100,true]},"uagb_author_info":{"display_name":"","author_link":"https:\/\/hitexoticsdistro.eu\/pl\/author\/"},"uagb_comment_info":0,"uagb_excerpt":"Kup marihuan\u0119 CBG Delta 8 online D8 CBG Hemp Flower to wysokiej jako\u015bci odmiana marihuany oferowana przez Oregon Hemp Flower [&hellip;]","_links":{"self":[{"href":"https:\/\/hitexoticsdistro.eu\/pl\/wp-json\/wp\/v2\/product\/1035","targetHints":{"allow":["GET"]}}],"collection":[{"href":"https:\/\/hitexoticsdistro.eu\/pl\/wp-json\/wp\/v2\/product"}],"about":[{"href":"https:\/\/hitexoticsdistro.eu\/pl\/wp-json\/wp\/v2\/types\/product"}],"replies":[{"embeddable":true,"href":"https:\/\/hitexoticsdistro.eu\/pl\/wp-json\/wp\/v2\/comments?post=1035"}],"wp:featuredmedia":[{"embeddable":true,"href":"https:\/\/hitexoticsdistro.eu\/pl\/wp-json\/wp\/v2\/media\/1078"}],"wp:attachment":[{"href":"https:\/\/hitexoticsdistro.eu\/pl\/wp-json\/wp\/v2\/media?parent=1035"}],"wp:term":[{"taxonomy":"product_brand","embeddable":true,"href":"https:\/\/hitexoticsdistro.eu\/pl\/wp-json\/wp\/v2\/product_brand?post=1035"},{"taxonomy":"product_cat","embeddable":true,"href":"https:\/\/hitexoticsdistro.eu\/pl\/wp-json\/wp\/v2\/product_cat?post=1035"},{"taxonomy":"product_tag","embeddable":true,"href":"https:\/\/hitexoticsdistro.eu\/pl\/wp-json\/wp\/v2\/product_tag?post=1035"}],"curies":[{"name":"wp","href":"https:\/\/api.w.org\/{rel}","templated":true}]}}