{"id":1027,"date":"2024-10-10T23:06:45","date_gmt":"2024-10-10T23:06:45","guid":{"rendered":"https:\/\/hitexoticsdistro.com\/?post_type=product&#038;p=1027"},"modified":"2025-09-02T11:33:14","modified_gmt":"2025-09-02T11:33:14","slug":"tanie-ceny-moon-rocks-online","status":"publish","type":"product","link":"https:\/\/hitexoticsdistro.eu\/pl\/product\/tanie-ceny-moon-rocks-online\/","title":{"rendered":"DELTA 8 PRO\u2122 MOON ROCKS"},"content":{"rendered":"<h2>Tanie Ceny Moon Rocks Online: Delta 8 PRO\u2122 Moon Rocks<\/h2>\n<p>Nasze <strong>Delta 8 THC Moon Rocks<\/strong> to produkt stworzony przy u\u017cyciu unikalnego procesu mieszania, kt\u00f3ry zapewnia r\u00f3wnomierne roz\u0142o\u017cenie delta 8 THC. <strong><a href=\"https:\/\/hitexoticsdistro.eu\/product-category\/odmiana-moonrock\/\">Moon rocks<\/a><\/strong> zachowuj\u0105 swoj\u0105 pi\u0119kn\u0105, skondensowan\u0105 struktur\u0119, nawet po prze\u0142amaniu na p\u00f3\u0142. S\u0105 pakowane w por\u0119czne s\u0142oiczki z zamkni\u0119ciem zabezpieczonym przed dzie\u0107mi, co zapewnia bezpiecze\u0144stwo i \u015bwie\u017co\u015b\u0107.<\/p>\n<h3>Ile kosztuje 1g Moon Rock?<\/h3>\n<p>Cena 1g Moon Rock mo\u017ce si\u0119 r\u00f3\u017cni\u0107 w zale\u017cno\u015bci od miejsca zakupu i jako\u015bci produktu. Jednak na stronie <strong><a href=\"https:\/\/hitexoticsdistro.eu\" target=\"_new\" rel=\"noopener\">Hit Exotics Distro<\/a><\/strong> oferujemy <strong>tanie ceny Moon Rocks online<\/strong>, zapewniaj\u0105c konkurencyjne stawki przy zachowaniu najwy\u017cszej jako\u015bci. U nas znajdziesz Moon Rocks dost\u0119pne w r\u00f3\u017cnych gramaturach, dostosowane do Twoich potrzeb i bud\u017cetu.<\/p>\n<h3>Czy Moon Rock jest prawdziwy?<\/h3>\n<p>Tak, nasze <strong>Delta 8 PRO\u2122 Moon Rocks<\/strong> s\u0105 w 100% naturalne i przetestowane przez laboratoria zewn\u0119trzne, aby potwierdzi\u0107 ich autentyczno\u015b\u0107 i moc. Produkt jest wytwarzany z najwy\u017cszej jako\u015bci przemys\u0142owego konopi, pokryty <strong>kiefem<\/strong> oraz <a href=\"https:\/\/hitexoticsdistro.eu\/product-category\/sklep-internetowy-z-odmiana-konopi-delta-8\/\">delta 8 THC<\/a> destylatem, co zapewnia autentyczne i mocne doznania psychoaktywne.<\/p>\n<h3>Czy Moon Rock jest mocny?<\/h3>\n<p><strong>Moon Rocks<\/strong> to jedne z najsilniejszych produkt\u00f3w na rynku, zw\u0142aszcza w kategorii Delta 8 THC. Nasze Moon Rocks oferuj\u0105 synergiczne po\u0142\u0105czenie <a href=\"https:\/\/hitexoticsdistro.eu\/product-category\/kup-konopie-indyjskie-indica-online\/\"><strong>Indica<\/strong><\/a> i <a href=\"https:\/\/hitexoticsdistro.eu\/product-category\/kup-marihuane-sativa-online-polska\/\"><strong>Sativa<\/strong><\/a>, co daje zr\u00f3wnowa\u017cony efekt. Zawieraj\u0105 one <strong>wysokie st\u0119\u017cenie THC<\/strong>, co sprawia, \u017ce s\u0105 idealne dla os\u00f3b szukaj\u0105cych silnych dozna\u0144 psychoaktywnych. Delta 8 THC zapewnia jednak \u0142agodniejsze efekty ni\u017c Delta 9 THC, co sprawia, \u017ce jest to produkt odpowiedni dla u\u017cytkownik\u00f3w poszukuj\u0105cych delikatniejszej, ale nadal intensywnej euforii.<\/p>\n<h3>Jak smakuje Moon Rock?<\/h3>\n<p>Moon Rocks maj\u0105 intensywny smak <strong>ziemistego konopi<\/strong>, kt\u00f3ry \u0142\u0105czy si\u0119 z nutami <strong>kiefu<\/strong> oraz s\u0142odko-kwa\u015bnymi akcentami Delta 8 THC destylatu. Przy odpowiednim podgrzewaniu Moon Rocks uwalniaj\u0105 bogaty, pe\u0142ny smak, kt\u00f3ry doceni\u0105 zar\u00f3wno nowi u\u017cytkownicy, jak i do\u015bwiadczeni koneserzy.<\/p>\n<h3>Moonrock dzia\u0142anie<\/h3>\n<p>Moon Rocks oferuj\u0105 unikalne po\u0142\u0105czenie dzia\u0142ania, kt\u00f3re obejmuje zar\u00f3wno efekty fizyczne, jak i psychiczne. Po spo\u017cyciu u\u017cytkownicy mog\u0105 odczuwa\u0107 <strong>eufori\u0119<\/strong>, popraw\u0119 nastroju, a tak\u017ce <strong>g\u0142\u0119bokie rozlu\u017anienie<\/strong> cia\u0142a. Dzi\u0119ki wysokiemu st\u0119\u017ceniu Delta 8 THC, efekty s\u0105 \u0142agodne, ale nadal wyra\u017ane, co sprawia, \u017ce Moon Rocks s\u0105 idealnym wyborem do wieczornego relaksu lub medytacji.<\/p>\n<h3>Moonrock ile % THC?<\/h3>\n<p>Nasze <strong>Delta 8 PRO\u2122 Moon Rocks<\/strong> maj\u0105 <strong>wysokie st\u0119\u017cenie THC<\/strong>, kt\u00f3re wynosi oko\u0142o <strong>50-70%<\/strong>. Dodatkowo s\u0105 one pokryte warstw\u0105 <a href=\"https:\/\/www.cristalcbd.pl\/\" rel=\"nofollow noopener\" target=\"_blank\">CBD<\/a> kiefu, co wzmacnia ich dzia\u0142anie terapeutyczne. Taka kombinacja zapewnia zr\u00f3wnowa\u017cony, psychoaktywny efekt, kt\u00f3ry jednocze\u015bnie odpr\u0119\u017ca cia\u0142o i umys\u0142.<\/p>\n<h3>Moonrock jak pali\u0107?<\/h3>\n<p>Najlepszym sposobem na spo\u017cywanie Moon Rocks jest u\u017cycie szklanej fajki lub miski. Delikatnie rozbij kawa\u0142ek Moon Rock i krusz go w swojej misce, uwa\u017caj\u0105c, aby nie straci\u0107 cennego kiefu. Nie u\u017cywaj m\u0142ynka, poniewa\u017c kief si\u0119 zgubi. Zamiast tego, delikatnie podgrzewaj brzegi miski za pomoc\u0105 mi\u0119kkiego p\u0142omienia, a\u017c kief zacznie topnie\u0107. W ten spos\u00f3b uwolnisz pe\u0142ny potencja\u0142 delta 8 destylatu i kwiat\u00f3w konopi, zapewniaj\u0105c terapeutyczne i psychoaktywne doznania.<\/p>\n<h3>Dlaczego warto kupi\u0107 Delta 8 PRO\u2122 Moon Rocks na Hit Exotics Distro?<\/h3>\n<p>Wybieraj\u0105c <strong>Delta 8 PRO\u2122 Moon Rocks<\/strong> z naszej oferty, otrzymujesz produkt najwy\u017cszej jako\u015bci, w pe\u0142ni naturalny, bez dodatku szkodliwych substancji. Nasze Moon Rocks s\u0105 poddawane rygorystycznym testom laboratoryjnym, co gwarantuje ich czysto\u015b\u0107 i moc. Dodatkowo, oferujemy <strong>tanie ceny Moon Rocks online<\/strong>, co pozwala na cieszenie si\u0119 wyj\u0105tkowym produktem bez nadwyr\u0119\u017cania bud\u017cetu.<\/p>\n<h3>Cz\u0119sto zadawane pytania (FAQ)<\/h3>\n<h4>Co to s\u0105 Moon Rocks?<\/h4>\n<p><strong>Moon Rocks<\/strong> to konopie pokryte destylatem THC i otoczone kiefem, co czyni je jednym z najsilniejszych produkt\u00f3w na rynku. Nasze Moon Rocks zawieraj\u0105 Delta 8 THC, kt\u00f3ry zapewnia \u0142agodniejsze, ale nadal intensywne efekty psychoaktywne.<\/p>\n<h4>Jakie s\u0105 efekty Moon Rocks?<\/h4>\n<p>Moon Rocks oferuj\u0105 kombinacj\u0119 efekt\u00f3w relaksacyjnych i euforycznych. S\u0105 idealne do wieczornego u\u017cycia, gdy chcesz si\u0119 odpr\u0119\u017cy\u0107 i zrelaksowa\u0107.<\/p>\n<h4>Czy mog\u0119 u\u017cywa\u0107 Moon Rocks w vaporizerze?<\/h4>\n<p>Moon Rocks najlepiej spo\u017cywa\u0107 w fajce lub misce. U\u017cycie vaporizer\u00f3w mo\u017ce nie by\u0107 optymalne ze wzgl\u0119du na klej\u0105c\u0105 konsystencj\u0119 Moon Rocks.<\/p>\n<h4>Ile THC zawieraj\u0105 Moon Rocks?<\/h4>\n<p>Nasze Delta 8 PRO\u2122 Moon Rocks zawieraj\u0105 oko\u0142o <strong>50-70% THC<\/strong>, co czyni je silnym produktem z r\u00f3wnoczesnym \u0142agodnym efektem psychoaktywnym w por\u00f3wnaniu do <a href=\"https:\/\/hitexoticsdistro.eu\/product-category\/kup-wysokiej-jakosci-edibles-z-delta-9-thc\/\">Delta 9 THC<\/a>.<\/p>\n<h4>Jak przechowywa\u0107 Moon Rocks?<\/h4>\n<p>Moon Rocks najlepiej przechowywa\u0107 w ch\u0142odnym, suchym miejscu, z dala od bezpo\u015bredniego \u015bwiat\u0142a s\u0142onecznego, aby zachowa\u0107 ich \u015bwie\u017co\u015b\u0107 i moc.<\/p>\n<h3>Kup Tanie Moon Rocks Online Teraz!<\/h3>\n<p>Je\u015bli szukasz silnych, zr\u00f3wnowa\u017conych efekt\u00f3w z Delta 8 THC, nasza oferta <strong>Moon Rocks<\/strong> na <strong><a href=\"https:\/\/hitexoticsdistro.eu\" target=\"_new\" rel=\"noopener\">Hit Exotics Distro<\/a><\/strong> jest w\u0142a\u015bnie dla Ciebie! Oferujemy nie tylko wysok\u0105 jako\u015b\u0107, ale tak\u017ce <strong>tanie ceny Moon Rocks online<\/strong>, co pozwala na zakup produkt\u00f3w premium w przyst\u0119pnej cenie. Kup teraz i ciesz si\u0119 wyj\u0105tkowym produktem w zaciszu swojego domu!<\/p>\n<p>&nbsp;<\/p>\n<p><img loading=\"lazy\" decoding=\"async\" class=\"alignnone size-medium wp-image-1330\" src=\"https:\/\/hitexoticsdistro.eu\/wp-content\/uploads\/2024\/10\/cropped-WhatsApp-Image-2024-10-02-at-3.50.03-PM-2-1-300x300.jpeg\" alt=\"Gdzie bezpiecznie kupi\u0107 marihuan\u0119 online?\" width=\"300\" height=\"300\" srcset=\"https:\/\/hitexoticsdistro.eu\/wp-content\/uploads\/2024\/10\/cropped-WhatsApp-Image-2024-10-02-at-3.50.03-PM-2-1-300x300.jpeg 300w, https:\/\/hitexoticsdistro.eu\/wp-content\/uploads\/2024\/10\/cropped-WhatsApp-Image-2024-10-02-at-3.50.03-PM-2-1-150x150.jpeg 150w, https:\/\/hitexoticsdistro.eu\/wp-content\/uploads\/2024\/10\/cropped-WhatsApp-Image-2024-10-02-at-3.50.03-PM-2-1-100x100.jpeg 100w, https:\/\/hitexoticsdistro.eu\/wp-content\/uploads\/2024\/10\/cropped-WhatsApp-Image-2024-10-02-at-3.50.03-PM-2-1-270x270.jpeg 270w, https:\/\/hitexoticsdistro.eu\/wp-content\/uploads\/2024\/10\/cropped-WhatsApp-Image-2024-10-02-at-3.50.03-PM-2-1-192x192.jpeg 192w, https:\/\/hitexoticsdistro.eu\/wp-content\/uploads\/2024\/10\/cropped-WhatsApp-Image-2024-10-02-at-3.50.03-PM-2-1-180x180.jpeg 180w, https:\/\/hitexoticsdistro.eu\/wp-content\/uploads\/2024\/10\/cropped-WhatsApp-Image-2024-10-02-at-3.50.03-PM-2-1-32x32.jpeg 32w, https:\/\/hitexoticsdistro.eu\/wp-content\/uploads\/2024\/10\/cropped-WhatsApp-Image-2024-10-02-at-3.50.03-PM-2-1.jpeg 512w\" sizes=\"auto, (max-width: 300px) 100vw, 300px\" \/><\/p>\n","protected":false},"excerpt":{"rendered":"<p>Tanie Ceny Moon Rocks Online: Delta 8 PRO\u2122 Moon Rocks Nasze Delta 8 THC Moon Rocks to produkt stworzony przy [&hellip;]<\/p>\n","protected":false},"featured_media":1062,"comment_status":"closed","ping_status":"closed","template":"","meta":{"_surecart_dashboard_logo_width":"180px","_surecart_dashboard_show_logo":true,"_surecart_dashboard_navigation_orders":true,"_surecart_dashboard_navigation_invoices":true,"_surecart_dashboard_navigation_subscriptions":true,"_surecart_dashboard_navigation_downloads":true,"_surecart_dashboard_navigation_billing":true,"_surecart_dashboard_navigation_account":true,"_uag_custom_page_level_css":"","site-sidebar-layout":"default","site-content-layout":"","ast-site-content-layout":"default","site-content-style":"default","site-sidebar-style":"default","ast-global-header-display":"","ast-banner-title-visibility":"","ast-main-header-display":"","ast-hfb-above-header-display":"","ast-hfb-below-header-display":"","ast-hfb-mobile-header-display":"","site-post-title":"","ast-breadcrumbs-content":"","ast-featured-img":"","footer-sml-layout":"","theme-transparent-header-meta":"default","adv-header-id-meta":"","stick-header-meta":"","header-above-stick-meta":"","header-main-stick-meta":"","header-below-stick-meta":"","astra-migrate-meta-layouts":"set","ast-page-background-enabled":"default","ast-page-background-meta":{"desktop":{"background-color":"var(--ast-global-color-4)","background-image":"","background-repeat":"repeat","background-position":"center center","background-size":"auto","background-attachment":"scroll","background-type":"","background-media":"","overlay-type":"","overlay-color":"","overlay-opacity":"","overlay-gradient":""},"tablet":{"background-color":"","background-image":"","background-repeat":"repeat","background-position":"center center","background-size":"auto","background-attachment":"scroll","background-type":"","background-media":"","overlay-type":"","overlay-color":"","overlay-opacity":"","overlay-gradient":""},"mobile":{"background-color":"","background-image":"","background-repeat":"repeat","background-position":"center center","background-size":"auto","background-attachment":"scroll","background-type":"","background-media":"","overlay-type":"","overlay-color":"","overlay-opacity":"","overlay-gradient":""}},"ast-content-background-meta":{"desktop":{"background-color":"var(--ast-global-color-5)","background-image":"","background-repeat":"repeat","background-position":"center center","background-size":"auto","background-attachment":"scroll","background-type":"","background-media":"","overlay-type":"","overlay-color":"","overlay-opacity":"","overlay-gradient":""},"tablet":{"background-color":"var(--ast-global-color-5)","background-image":"","background-repeat":"repeat","background-position":"center center","background-size":"auto","background-attachment":"scroll","background-type":"","background-media":"","overlay-type":"","overlay-color":"","overlay-opacity":"","overlay-gradient":""},"mobile":{"background-color":"var(--ast-global-color-5)","background-image":"","background-repeat":"repeat","background-position":"center center","background-size":"auto","background-attachment":"scroll","background-type":"","background-media":"","overlay-type":"","overlay-color":"","overlay-opacity":"","overlay-gradient":""}}},"product_brand":[],"product_cat":[257,501,1747],"product_tag":[510],"class_list":{"0":"post-1027","1":"product","2":"type-product","3":"status-publish","4":"has-post-thumbnail","6":"product_cat-gdzie-znalezc-najlepsze-produkty-delta-8","7":"product_cat-kup-delta-8-thc-moonrocks","8":"product_cat-odmiana-moonrock","9":"product_tag-buy-delta-8-pro-moon-rocks-online-europe","10":"desktop-align-left","11":"tablet-align-left","12":"mobile-align-left","14":"first","15":"instock","16":"shipping-taxable","17":"purchasable","18":"product-type-simple"},"uagb_featured_image_src":{"full":["https:\/\/hitexoticsdistro.eu\/wp-content\/uploads\/2024\/10\/BUY-DELTA-8-PRO\u2122-MOON-ROCKS.jpg",1200,1200,false],"thumbnail":["https:\/\/hitexoticsdistro.eu\/wp-content\/uploads\/2024\/10\/BUY-DELTA-8-PRO\u2122-MOON-ROCKS-150x150.jpg",150,150,true],"medium":["https:\/\/hitexoticsdistro.eu\/wp-content\/uploads\/2024\/10\/BUY-DELTA-8-PRO\u2122-MOON-ROCKS-300x300.jpg",300,300,true],"medium_large":["https:\/\/hitexoticsdistro.eu\/wp-content\/uploads\/2024\/10\/BUY-DELTA-8-PRO\u2122-MOON-ROCKS-768x768.jpg",768,768,true],"large":["https:\/\/hitexoticsdistro.eu\/wp-content\/uploads\/2024\/10\/BUY-DELTA-8-PRO\u2122-MOON-ROCKS-1024x1024.jpg",1024,1024,true],"1536x1536":["https:\/\/hitexoticsdistro.eu\/wp-content\/uploads\/2024\/10\/BUY-DELTA-8-PRO\u2122-MOON-ROCKS.jpg",1200,1200,false],"2048x2048":["https:\/\/hitexoticsdistro.eu\/wp-content\/uploads\/2024\/10\/BUY-DELTA-8-PRO\u2122-MOON-ROCKS.jpg",1200,1200,false],"trp-custom-language-flag":["https:\/\/hitexoticsdistro.eu\/wp-content\/uploads\/2024\/10\/BUY-DELTA-8-PRO\u2122-MOON-ROCKS.jpg",12,12,false],"woocommerce_thumbnail":["https:\/\/hitexoticsdistro.eu\/wp-content\/uploads\/2024\/10\/BUY-DELTA-8-PRO\u2122-MOON-ROCKS-300x300.jpg",300,300,true],"woocommerce_single":["https:\/\/hitexoticsdistro.eu\/wp-content\/uploads\/2024\/10\/BUY-DELTA-8-PRO\u2122-MOON-ROCKS-600x600.jpg",600,600,true],"woocommerce_gallery_thumbnail":["https:\/\/hitexoticsdistro.eu\/wp-content\/uploads\/2024\/10\/BUY-DELTA-8-PRO\u2122-MOON-ROCKS-100x100.jpg",100,100,true]},"uagb_author_info":{"display_name":"","author_link":"https:\/\/hitexoticsdistro.eu\/pl\/author\/"},"uagb_comment_info":0,"uagb_excerpt":"Tanie Ceny Moon Rocks Online: Delta 8 PRO\u2122 Moon Rocks Nasze Delta 8 THC Moon Rocks to produkt stworzony przy [&hellip;]","_links":{"self":[{"href":"https:\/\/hitexoticsdistro.eu\/pl\/wp-json\/wp\/v2\/product\/1027","targetHints":{"allow":["GET"]}}],"collection":[{"href":"https:\/\/hitexoticsdistro.eu\/pl\/wp-json\/wp\/v2\/product"}],"about":[{"href":"https:\/\/hitexoticsdistro.eu\/pl\/wp-json\/wp\/v2\/types\/product"}],"replies":[{"embeddable":true,"href":"https:\/\/hitexoticsdistro.eu\/pl\/wp-json\/wp\/v2\/comments?post=1027"}],"wp:featuredmedia":[{"embeddable":true,"href":"https:\/\/hitexoticsdistro.eu\/pl\/wp-json\/wp\/v2\/media\/1062"}],"wp:attachment":[{"href":"https:\/\/hitexoticsdistro.eu\/pl\/wp-json\/wp\/v2\/media?parent=1027"}],"wp:term":[{"taxonomy":"product_brand","embeddable":true,"href":"https:\/\/hitexoticsdistro.eu\/pl\/wp-json\/wp\/v2\/product_brand?post=1027"},{"taxonomy":"product_cat","embeddable":true,"href":"https:\/\/hitexoticsdistro.eu\/pl\/wp-json\/wp\/v2\/product_cat?post=1027"},{"taxonomy":"product_tag","embeddable":true,"href":"https:\/\/hitexoticsdistro.eu\/pl\/wp-json\/wp\/v2\/product_tag?post=1027"}],"curies":[{"name":"wp","href":"https:\/\/api.w.org\/{rel}","templated":true}]}}