{"id":1025,"date":"2024-10-10T23:06:45","date_gmt":"2024-10-10T23:06:45","guid":{"rendered":"https:\/\/hitexoticsdistro.com\/?post_type=product&#038;p=1025"},"modified":"2025-06-12T14:53:12","modified_gmt":"2025-06-12T14:53:12","slug":"kup-moon-rocks-online","status":"publish","type":"product","link":"https:\/\/hitexoticsdistro.eu\/pl\/product\/kup-moon-rocks-online\/","title":{"rendered":"Cloud 8 Moon Rocks \u2013 Lemon Suver Haze"},"content":{"rendered":"<h2>Kup Moon Rocks Online: Cloud 8 Moon Rocks \u2013 Lemon Suver Haze<\/h2>\n<p><strong>Kup Moon Rocks Online<\/strong> i odkryj niezwyk\u0142\u0105 odmian\u0119 Cloud 8 Moon Rocks \u2013 <em>Lemon Suver Haze<\/em>. To elektryzuj\u0105ce po\u0142\u0105czenie kwa\u015bnej cytryny i podnosz\u0105cej na duchu Suver Haze z pewno\u015bci\u0105 pobudzi Twoje zmys\u0142y i przeniesie Ci\u0119 w \u015bwiat euforii. Zestawienie \u015bwie\u017co\u015bci cytrus\u00f3w z koj\u0105cymi zio\u0142owymi nutami tworzy unikalne do\u015bwiadczenie, kt\u00f3re harmonijnie \u0142\u0105czy smak i efekty.<\/p>\n<h3>Czym s\u0105 Cloud 8 Moon Rocks \u2013 Lemon Suver Haze?<\/h3>\n<p>Cloud 8 Moon Rocks to wyj\u0105tkowa forma <a href=\"https:\/\/hitexoticsdistro.eu\/product-category\/gdzie-moge-kupic-marihuane\/\">marihuany<\/a>, w kt\u00f3rej kwiaty s\u0105 zanurzone w oleju Delta 8 i pokryte g\u0119stym kiefem, tworz\u0105c pot\u0119\u017cn\u0105 kombinacj\u0119. Wersja <em>Lemon Suver Haze<\/em> wyr\u00f3\u017cnia si\u0119 intensywnym cytrusowym smakiem, kt\u00f3ry jest zr\u00f3wnowa\u017cony zio\u0142owymi, koj\u0105cymi tonami Suver Haze, zapewniaj\u0105c jednocze\u015bnie energetyzuj\u0105ce i relaksuj\u0105ce efekty.<\/p>\n<h3>Dlaczego warto kupi\u0107 Lemon Suver Haze Moon Rocks?<\/h3>\n<ul>\n<li><strong>Efekty<\/strong>: Lemon Suver Haze oferuje wyj\u0105tkowe po\u0142\u0105czenie euforii umys\u0142owej i g\u0142\u0119bokiego relaksu cia\u0142a. To idealna odmiana na ka\u017cd\u0105 por\u0119 dnia, poniewa\u017c pocz\u0105tkowe podniesienie na duchu sprawia, \u017ce u\u017cytkownicy czuj\u0105 si\u0119 bardziej kreatywni i pe\u0142ni energii, zanim efekty delikatnie przejd\u0105 w stan relaksu.<\/li>\n<li><strong>THC<\/strong>: Zawarto\u015b\u0107 <a href=\"https:\/\/hitexoticsdistro.eu\/product-category\/gdzie-znalezc-najlepsze-produkty-delta-8\/\">Delta 8 THC<\/a> w Moon Rocks wynosi oko\u0142o 20-30%, co sprawia, \u017ce jest to silny produkt odpowiedni zar\u00f3wno dla do\u015bwiadczonych u\u017cytkownik\u00f3w, jak i tych, kt\u00f3rzy szukaj\u0105 silniejszych efekt\u00f3w.<\/li>\n<li><strong>Indica vs. Sativa<\/strong>: Lemon Suver Haze to hybryda, kt\u00f3ra \u0142\u0105czy w sobie najlepsze cechy obu gatunk\u00f3w. Z dominuj\u0105cymi cechami <a href=\"https:\/\/hitexoticsdistro.eu\/product-category\/kup-marihuane-sativa-online-polska\/\"><em>Sativa<\/em><\/a>, oferuje podnosz\u0105cy na duchu haj umys\u0142owy, a nast\u0119pnie relaksuj\u0105ce w\u0142a\u015bciwo\u015bci <a href=\"https:\/\/hitexoticsdistro.eu\/product-category\/kup-konopie-indyjskie-indica-online\/\"><em>Indica<\/em><\/a>, co czyni j\u0105 idealnym wyborem dla os\u00f3b szukaj\u0105cych r\u00f3wnowagi mi\u0119dzy energi\u0105 a relaksem.<\/li>\n<\/ul>\n<h3>Jak dzia\u0142aj\u0105 Cloud 8 Moon Rocks \u2013 Lemon Suver Haze?<\/h3>\n<p><a href=\"https:\/\/hitexoticsdistro.eu\/product-category\/odmiana-moonrock\/\"><strong>Moon Rocks<\/strong><\/a> s\u0105 znane z intensywnego haju, kt\u00f3ry zaczyna si\u0119 szybko i trwa d\u0142ugo. Kiedy je palisz, poczujesz natychmiastowe uderzenie \u015bwie\u017cego, cytrynowego smaku, kt\u00f3ry o\u017cywi Twoje zmys\u0142y. Efekty umys\u0142owe zaczynaj\u0105 si\u0119 od euforii i jasno\u015bci umys\u0142u, po czym przechodz\u0105 w g\u0142\u0119boki relaks cia\u0142a, pozwalaj\u0105c na oderwanie si\u0119 od stres\u00f3w dnia codziennego.<\/p>\n<h3>Gdzie mog\u0119 kupi\u0107 Cloud 8 Moon Rocks \u2013 Lemon Suver Haze?<\/h3>\n<p>Kup Moon Rocks Online na stronie <a href=\"https:\/\/hitexoticsdistro.eu\/\" target=\"_new\" rel=\"noopener\">HitExoticsDistro<\/a> i do\u015bwiadcz najwy\u017cszej jako\u015bci produkt\u00f3w. Nasze Moon Rocks s\u0105 starannie przygotowywane, aby zapewni\u0107 optymalne efekty i intensywny smak. Zakupy online to wygodny spos\u00f3b, aby szybko i bezpiecznie dosta\u0107 swoje ulubione odmiany marihuany prosto do drzwi.<\/p>\n<h3>Dlaczego warto wybra\u0107 Lemon Suver Haze?<\/h3>\n<ul>\n<li><strong>Smak<\/strong>: Intensywny cytrynowy smak w po\u0142\u0105czeniu z koj\u0105cymi zio\u0142owymi tonami sprawia, \u017ce Lemon Suver Haze to prawdziwa uczta dla kubk\u00f3w smakowych.<\/li>\n<li><strong>Efekty<\/strong>: Idealne po\u0142\u0105czenie podnosz\u0105cych na duchu efekt\u00f3w <em>Sativa<\/em> i relaksuj\u0105cych w\u0142a\u015bciwo\u015bci <em>Indica<\/em>.<\/li>\n<li><strong>THC<\/strong>: Wysoka zawarto\u015b\u0107 Delta 8 THC zapewnia silne, d\u0142ugotrwa\u0142e efekty, idealne zar\u00f3wno do relaksu, jak i kreatywno\u015bci.<\/li>\n<\/ul>\n<h3>Najcz\u0119\u015bciej zadawane pytania<\/h3>\n<h4>Czym s\u0105 Cloud 8 Moon Rocks?<\/h4>\n<p>Cloud 8 Moon Rocks to kwiaty <a href=\"https:\/\/www.cristalcbd.pl\/\" rel=\"nofollow noopener\" target=\"_blank\">marihuany<\/a> zanurzone w oleju Delta 8 i obtoczone w kiefie. Ta pot\u0119\u017cna kombinacja dostarcza silnych efekt\u00f3w, kt\u00f3re s\u0105 intensywniejsze ni\u017c tradycyjna marihuana.<\/p>\n<h4>Jakie s\u0105 efekty Lemon Suver Haze Moon Rocks?<\/h4>\n<p>Lemon Suver Haze oferuje zr\u00f3wnowa\u017cone efekty. Pocz\u0105tkowo daje energi\u0119 i jasno\u015b\u0107 umys\u0142u, a nast\u0119pnie przekszta\u0142ca si\u0119 w g\u0142\u0119boki, fizyczny relaks, co czyni j\u0105 idealn\u0105 na ka\u017cd\u0105 por\u0119 dnia.<\/p>\n<h4>Jakie s\u0105 r\u00f3\u017cnice mi\u0119dzy Indica a Sativa w tej odmianie?<\/h4>\n<p>Lemon Suver Haze to hybryda z dominuj\u0105cymi cechami <em>Sativa<\/em>, co oznacza, \u017ce pocz\u0105tkowe efekty s\u0105 bardziej pobudzaj\u0105ce i euforyczne, podczas gdy w\u0142a\u015bciwo\u015bci <em>Indica<\/em> odpowiadaj\u0105 za relaks i odpr\u0119\u017cenie cia\u0142a.<\/p>\n<h4>Gdzie mog\u0119 kupi\u0107 Lemon Suver Haze Moon Rocks?<\/h4>\n<p>Kup Moon Rocks Online na stronie <a href=\"https:\/\/hitexoticsdistro.eu\/\" target=\"_new\" rel=\"noopener\">HitExoticsDistro<\/a> \u2013 oferujemy wygodne i dyskretne zakupy online, dostarczaj\u0105c wysokiej jako\u015bci produkty prosto do Twojego domu.<\/p>\n<h3>Podsumowanie<\/h3>\n<p>Cloud 8 Moon Rocks \u2013 <em>Lemon Suver Haze<\/em> to doskona\u0142y wyb\u00f3r dla tych, kt\u00f3rzy szukaj\u0105 unikalnego do\u015bwiadczenia marihuany. Oferuj\u0105 one intensywne, cytrusowe doznania smakowe, z zr\u00f3wnowa\u017conymi efektami <em>Sativa<\/em> i <em>Indica<\/em>. Dzi\u0119ki wysokiej zawarto\u015bci Delta 8 THC, Moon Rocks zapewniaj\u0105 d\u0142ugotrwa\u0142e efekty, kt\u00f3re s\u0105 idealne do relaksu i kreatywno\u015bci. Kup Moon Rocks Online na HitExoticsDistro i odkryj wyj\u0105tkowe doznania Lemon Suver Haze!<\/p>\n<p>&nbsp;<\/p>\n<p><img loading=\"lazy\" decoding=\"async\" class=\"alignnone size-medium wp-image-1330\" src=\"https:\/\/hitexoticsdistro.eu\/wp-content\/uploads\/2024\/10\/cropped-WhatsApp-Image-2024-10-02-at-3.50.03-PM-2-1-300x300.jpeg\" alt=\"Gdzie bezpiecznie kupi\u0107 marihuan\u0119 online?\" width=\"300\" height=\"300\" srcset=\"https:\/\/hitexoticsdistro.eu\/wp-content\/uploads\/2024\/10\/cropped-WhatsApp-Image-2024-10-02-at-3.50.03-PM-2-1-300x300.jpeg 300w, https:\/\/hitexoticsdistro.eu\/wp-content\/uploads\/2024\/10\/cropped-WhatsApp-Image-2024-10-02-at-3.50.03-PM-2-1-150x150.jpeg 150w, https:\/\/hitexoticsdistro.eu\/wp-content\/uploads\/2024\/10\/cropped-WhatsApp-Image-2024-10-02-at-3.50.03-PM-2-1-100x100.jpeg 100w, https:\/\/hitexoticsdistro.eu\/wp-content\/uploads\/2024\/10\/cropped-WhatsApp-Image-2024-10-02-at-3.50.03-PM-2-1-270x270.jpeg 270w, https:\/\/hitexoticsdistro.eu\/wp-content\/uploads\/2024\/10\/cropped-WhatsApp-Image-2024-10-02-at-3.50.03-PM-2-1-192x192.jpeg 192w, https:\/\/hitexoticsdistro.eu\/wp-content\/uploads\/2024\/10\/cropped-WhatsApp-Image-2024-10-02-at-3.50.03-PM-2-1-180x180.jpeg 180w, https:\/\/hitexoticsdistro.eu\/wp-content\/uploads\/2024\/10\/cropped-WhatsApp-Image-2024-10-02-at-3.50.03-PM-2-1-32x32.jpeg 32w, https:\/\/hitexoticsdistro.eu\/wp-content\/uploads\/2024\/10\/cropped-WhatsApp-Image-2024-10-02-at-3.50.03-PM-2-1.jpeg 512w\" sizes=\"auto, (max-width: 300px) 100vw, 300px\" \/><\/p>\n","protected":false},"excerpt":{"rendered":"<p>Kup Moon Rocks Online: Cloud 8 Moon Rocks \u2013 Lemon Suver Haze Kup Moon Rocks Online i odkryj niezwyk\u0142\u0105 odmian\u0119 [&hellip;]<\/p>\n","protected":false},"featured_media":1060,"comment_status":"closed","ping_status":"closed","template":"","meta":{"_surecart_dashboard_logo_width":"180px","_surecart_dashboard_show_logo":true,"_surecart_dashboard_navigation_orders":true,"_surecart_dashboard_navigation_invoices":true,"_surecart_dashboard_navigation_subscriptions":true,"_surecart_dashboard_navigation_downloads":true,"_surecart_dashboard_navigation_billing":true,"_surecart_dashboard_navigation_account":true,"_uag_custom_page_level_css":"","site-sidebar-layout":"default","site-content-layout":"","ast-site-content-layout":"default","site-content-style":"default","site-sidebar-style":"default","ast-global-header-display":"","ast-banner-title-visibility":"","ast-main-header-display":"","ast-hfb-above-header-display":"","ast-hfb-below-header-display":"","ast-hfb-mobile-header-display":"","site-post-title":"","ast-breadcrumbs-content":"","ast-featured-img":"","footer-sml-layout":"","ast-disable-related-posts":"","theme-transparent-header-meta":"default","adv-header-id-meta":"","stick-header-meta":"","header-above-stick-meta":"","header-main-stick-meta":"","header-below-stick-meta":"","astra-migrate-meta-layouts":"set","ast-page-background-enabled":"default","ast-page-background-meta":{"desktop":{"background-color":"var(--ast-global-color-5)","background-image":"","background-repeat":"repeat","background-position":"center center","background-size":"auto","background-attachment":"scroll","background-type":"","background-media":"","overlay-type":"","overlay-color":"","overlay-opacity":"","overlay-gradient":""},"tablet":{"background-color":"","background-image":"","background-repeat":"repeat","background-position":"center center","background-size":"auto","background-attachment":"scroll","background-type":"","background-media":"","overlay-type":"","overlay-color":"","overlay-opacity":"","overlay-gradient":""},"mobile":{"background-color":"","background-image":"","background-repeat":"repeat","background-position":"center center","background-size":"auto","background-attachment":"scroll","background-type":"","background-media":"","overlay-type":"","overlay-color":"","overlay-opacity":"","overlay-gradient":""}},"ast-content-background-meta":{"desktop":{"background-color":"var(--ast-global-color-4)","background-image":"","background-repeat":"repeat","background-position":"center center","background-size":"auto","background-attachment":"scroll","background-type":"","background-media":"","overlay-type":"","overlay-color":"","overlay-opacity":"","overlay-gradient":""},"tablet":{"background-color":"var(--ast-global-color-4)","background-image":"","background-repeat":"repeat","background-position":"center center","background-size":"auto","background-attachment":"scroll","background-type":"","background-media":"","overlay-type":"","overlay-color":"","overlay-opacity":"","overlay-gradient":""},"mobile":{"background-color":"var(--ast-global-color-4)","background-image":"","background-repeat":"repeat","background-position":"center center","background-size":"auto","background-attachment":"scroll","background-type":"","background-media":"","overlay-type":"","overlay-color":"","overlay-opacity":"","overlay-gradient":""}}},"product_brand":[],"product_cat":[257,501,1747],"product_tag":[508,934,941,582,852,940,939,212],"class_list":{"0":"post-1025","1":"product","2":"type-product","3":"status-publish","4":"has-post-thumbnail","6":"product_cat-gdzie-znalezc-najlepsze-produkty-delta-8","7":"product_cat-kup-delta-8-thc-moonrocks","8":"product_cat-odmiana-moonrock","9":"product_tag-buy-cloud-8-moon-rocks-lemon-suver-haze-2-gram-europe","10":"product_tag-cloud8moonrocks","11":"product_tag-delta8moonrocks","12":"product_tag-kupmarihuaneonline","13":"product_tag-kupmoonrocksonline","14":"product_tag-lemonsuverhaze","15":"product_tag-moonrockspolska","16":"product_tag-thc","17":"desktop-align-left","18":"tablet-align-left","19":"mobile-align-left","21":"first","22":"instock","23":"shipping-taxable","24":"purchasable","25":"product-type-simple"},"uagb_featured_image_src":{"full":["https:\/\/hitexoticsdistro.eu\/wp-content\/uploads\/2024\/10\/Buy-Cloud-8-Moon-Rocks-Lemon-Suver-Haze-2-Gram.jpeg",1200,1200,false],"thumbnail":["https:\/\/hitexoticsdistro.eu\/wp-content\/uploads\/2024\/10\/Buy-Cloud-8-Moon-Rocks-Lemon-Suver-Haze-2-Gram-150x150.jpeg",150,150,true],"medium":["https:\/\/hitexoticsdistro.eu\/wp-content\/uploads\/2024\/10\/Buy-Cloud-8-Moon-Rocks-Lemon-Suver-Haze-2-Gram-300x300.jpeg",300,300,true],"medium_large":["https:\/\/hitexoticsdistro.eu\/wp-content\/uploads\/2024\/10\/Buy-Cloud-8-Moon-Rocks-Lemon-Suver-Haze-2-Gram-768x768.jpeg",768,768,true],"large":["https:\/\/hitexoticsdistro.eu\/wp-content\/uploads\/2024\/10\/Buy-Cloud-8-Moon-Rocks-Lemon-Suver-Haze-2-Gram-1024x1024.jpeg",1024,1024,true],"1536x1536":["https:\/\/hitexoticsdistro.eu\/wp-content\/uploads\/2024\/10\/Buy-Cloud-8-Moon-Rocks-Lemon-Suver-Haze-2-Gram.jpeg",1200,1200,false],"2048x2048":["https:\/\/hitexoticsdistro.eu\/wp-content\/uploads\/2024\/10\/Buy-Cloud-8-Moon-Rocks-Lemon-Suver-Haze-2-Gram.jpeg",1200,1200,false],"trp-custom-language-flag":["https:\/\/hitexoticsdistro.eu\/wp-content\/uploads\/2024\/10\/Buy-Cloud-8-Moon-Rocks-Lemon-Suver-Haze-2-Gram.jpeg",12,12,false],"woocommerce_thumbnail":["https:\/\/hitexoticsdistro.eu\/wp-content\/uploads\/2024\/10\/Buy-Cloud-8-Moon-Rocks-Lemon-Suver-Haze-2-Gram-300x300.jpeg",300,300,true],"woocommerce_single":["https:\/\/hitexoticsdistro.eu\/wp-content\/uploads\/2024\/10\/Buy-Cloud-8-Moon-Rocks-Lemon-Suver-Haze-2-Gram-600x600.jpeg",600,600,true],"woocommerce_gallery_thumbnail":["https:\/\/hitexoticsdistro.eu\/wp-content\/uploads\/2024\/10\/Buy-Cloud-8-Moon-Rocks-Lemon-Suver-Haze-2-Gram-100x100.jpeg",100,100,true]},"uagb_author_info":{"display_name":"","author_link":"https:\/\/hitexoticsdistro.eu\/pl\/author\/"},"uagb_comment_info":0,"uagb_excerpt":"Kup Moon Rocks Online: Cloud 8 Moon Rocks \u2013 Lemon Suver Haze Kup Moon Rocks Online i odkryj niezwyk\u0142\u0105 odmian\u0119 [&hellip;]","_links":{"self":[{"href":"https:\/\/hitexoticsdistro.eu\/pl\/wp-json\/wp\/v2\/product\/1025","targetHints":{"allow":["GET"]}}],"collection":[{"href":"https:\/\/hitexoticsdistro.eu\/pl\/wp-json\/wp\/v2\/product"}],"about":[{"href":"https:\/\/hitexoticsdistro.eu\/pl\/wp-json\/wp\/v2\/types\/product"}],"replies":[{"embeddable":true,"href":"https:\/\/hitexoticsdistro.eu\/pl\/wp-json\/wp\/v2\/comments?post=1025"}],"wp:featuredmedia":[{"embeddable":true,"href":"https:\/\/hitexoticsdistro.eu\/pl\/wp-json\/wp\/v2\/media\/1060"}],"wp:attachment":[{"href":"https:\/\/hitexoticsdistro.eu\/pl\/wp-json\/wp\/v2\/media?parent=1025"}],"wp:term":[{"taxonomy":"product_brand","embeddable":true,"href":"https:\/\/hitexoticsdistro.eu\/pl\/wp-json\/wp\/v2\/product_brand?post=1025"},{"taxonomy":"product_cat","embeddable":true,"href":"https:\/\/hitexoticsdistro.eu\/pl\/wp-json\/wp\/v2\/product_cat?post=1025"},{"taxonomy":"product_tag","embeddable":true,"href":"https:\/\/hitexoticsdistro.eu\/pl\/wp-json\/wp\/v2\/product_tag?post=1025"}],"curies":[{"name":"wp","href":"https:\/\/api.w.org\/{rel}","templated":true}]}}