{"id":1236,"date":"2024-10-14T15:12:34","date_gmt":"2024-10-14T15:12:34","guid":{"rendered":"https:\/\/hitexoticsdistro.com\/?page_id=1236"},"modified":"2025-05-23T17:07:15","modified_gmt":"2025-05-23T17:07:15","slug":"zasady-zwrotu-pieniedzy-za-zamowienie-marihuany","status":"publish","type":"page","link":"https:\/\/hitexoticsdistro.eu\/pl\/zasady-zwrotu-pieniedzy-za-zamowienie-marihuany\/","title":{"rendered":"Polityka zwrot\u00f3w"},"content":{"rendered":"\n<div class=\"wp-block-uagb-advanced-heading uagb-block-f3369584\"><h2 class=\"uagb-heading-text\">Zasady zwrotu pieni\u0119dzy za zam\u00f3wienie marihuany<\/h2><\/div>\n\n\n\n<p>Je\u015bli chcesz rozpocz\u0105\u0107 zwrot, skontaktuj si\u0119 z dzia\u0142em obs\u0142ugi klienta za po\u015brednictwem poczty e-mail: <a href=\"mailto:sales@hitexoticsdistro.com\">sales@hitexoticsdistro.com<\/a> Podaj jak najwi\u0119cej szczeg\u00f3\u0142\u00f3w, w tym NUMER ZAM\u00d3WIENIA, pe\u0142ne imi\u0119 i nazwisko, adres, numer telefonu i POW\u00d3D zwrotu. Je\u015bli zwrot zostanie zatwierdzony, otrzymasz dalsze wskaz\u00f3wki dotycz\u0105ce odes\u0142ania paczki do nas. Wszelkie zwroty, kredyty sklepowe lub wymiana zostan\u0105 wydane po otrzymaniu i przetworzeniu zwrotu. Jak bezpiecznie zam\u00f3wi\u0107 zio\u0142o?<\/p>\n\n\n\n<p>W <a href=\"https:\/\/hitexoticsdistro.eu\/\">HitExoticsDistro<\/a> rozumiemy, \u017ce r\u00f3\u017cne rzeczy si\u0119 zdarzaj\u0105, ale jeste\u015bmy tutaj, aby wszystko naprawi\u0107. Je\u015bli otrzyma\u0142e\u015b uszkodzony przedmiot, niew\u0142a\u015bciwy przedmiot lub Twoja paczka zagin\u0119\u0142a, skontaktuj si\u0119 z nami pod adresem sales@hitexoticsdistro.com, aby uzyska\u0107 dalsz\u0105 pomoc. Przeczytaj poni\u017csze warunki przed wys\u0142aniem wiadomo\u015bci e-mail! Uwaga: nie b\u0119dziemy oferowa\u0107 zwrot\u00f3w ani refundacji po 30 dniach od zakupu. Gdzie bezpiecznie zam\u00f3wi\u0107 zio\u0142o?<\/p>\n\n\n\n<div class=\"wp-block-uagb-advanced-heading uagb-block-7928a853\"><h3 class=\"uagb-heading-text\">Uszkodzone\/brakuj\u0105ce przedmioty<\/h3><\/div>\n\n\n\n<p>Je\u015bli Twoje zam\u00f3wienie jest uszkodzone lub nie dzia\u0142a, prze\u015blij nam zdj\u0119cie ze zdj\u0119ciem przedstawiaj\u0105cym wadliwy lub zepsuty produkt. Je\u015bli Twoja pro\u015bba zostanie zaakceptowana, przyst\u0105pimy do rekompensaty.<br>B\u0142\u0119dne przedmioty<br>Je\u015bli wys\u0142ali\u015bmy Ci b\u0142\u0119dne przedmioty, mo\u017cesz wys\u0142a\u0107 nam wiadomo\u015b\u0107 e-mail ze zdj\u0119ciem, aby pokaza\u0107 nam sw\u00f3j list przewozowy i to, co otrzyma\u0142e\u015b. Je\u015bli Twoja pro\u015bba zostanie zaakceptowana, mo\u017cesz zatrzyma\u0107 niew\u0142a\u015bciwy przedmiot, a my podejmiemy niezb\u0119dne kroki, aby Ci zrekompensowa\u0107. jak bezpiecznie kupi\u0107 konopie indyjskie?<br>Opcje rekompensaty<br>Je\u015bli kt\u00f3rykolwiek z powy\u017cszych warunk\u00f3w dotyczy Twojego zam\u00f3wienia, mamy kilka opcji, aby to naprawi\u0107.<\/p>\n\n\n\n<div class=\"wp-block-uagb-advanced-heading uagb-block-4586a654\"><h3 class=\"uagb-heading-text\">Zwrot ca\u0142o\u015bci zam\u00f3wienia\/przedmiot\u00f3w<\/h3><\/div>\n\n\n\n<p>Dodaj r\u00f3wnowarto\u015b\u0107 kwoty zam\u00f3wienia\/przedmiot\u00f3w w punktach lojalno\u015bciowych do swojego konta<br>Wy\u015blij Ci zamiennik z wysy\u0142k\u0105 USPS First Class bez dodatkowych koszt\u00f3w<br>W wiadomo\u015bci e-mail daj nam zna\u0107, kt\u00f3ra opcja b\u0119dzie dla Ciebie najlepsza!<\/p>\n\n\n\n<div class=\"wp-block-uagb-advanced-heading uagb-block-e2185f8d\"><h3 class=\"uagb-heading-text\">Wyj\u0105tki<\/h3><\/div>\n\n\n\n<p>Przedmioty wyprzeda\u017cowe s\u0105 wy\u0142\u0105czone. Nie b\u0119dziemy oferowa\u0107 wymiany, zwrot\u00f3w ani zwrot\u00f3w pieni\u0119dzy za przedmioty wyprzeda\u017cowe. Przedmioty wyprzeda\u017cowe s\u0105 ostateczn\u0105 sprzeda\u017c\u0105.<br>Nie b\u0119dziemy oferowa\u0107 rekompensaty za \u017cadne zam\u00f3wienia, w kt\u00f3rych nieprawid\u0142owo wprowadzi\u0142e\u015b sw\u00f3j adres lub informacje o p\u0142atno\u015bci. <a href=\"https:\/\/www.healthline.com\/\" target=\"_blank\" rel=\"noopener\">Twoim<\/a> obowi\u0105zkiem jest ponowne sprawdzenie swoich danych. Je\u015bli jednak wy\u015blesz do nas e-mail przed wys\u0142aniem zam\u00f3wienia, mo\u017cemy wprowadzi\u0107 zmiany za Ciebie. Czy mog\u0119 bezpiecznie zam\u00f3wi\u0107 marihuan\u0119 w Polsce?<\/p>\n\n\n\n<p><\/p>\n\n\n\n<p>B\u0105d\u017a na bie\u017c\u0105co z wa\u017cnymi szczeg\u00f3\u0142ami dotycz\u0105cymi naszych odmian marihuany, takich jak <a href=\"https:\/\/hitexoticsdistro.eu\/kup-chwast-online-polska\/\"><strong>Odmiany Sativy<\/strong><\/a>, <strong><a href=\"https:\/\/hitexoticsdistro.eu\/gdzie-bezpiecznie-kupic-marihuane-online\/\">Odmiany Indica<\/a><\/strong> i <strong><a href=\"https:\/\/hitexoticsdistro.eu\/kup-produkty-z-konopi-online\/\">Szczepy hybrydowe<\/a><\/strong>.<\/p>\n\n\n\n<p>Przejd\u017a na nasz\u0105 stron\u0119 g\u0142\u00f3wn\u0105, aby uzyska\u0107 kr\u00f3tkie i pomocne informacje na temat r\u00f3\u017cnych dost\u0119pnych <strong><a href=\"https:\/\/hitexoticsdistro.eu\/\">produkt\u00f3w marihuany<\/a><\/strong>.<\/p>\n\n\n\n<p>Pal odpowiedzialnie i ciesz si\u0119 wysokiej jako\u015bci <strong><a href=\"https:\/\/hitexoticsdistro.eu\/product-category\/gdzie-moge-kupic-marihuane\/\">odmianami marihuany<\/a><\/strong>, <strong><a href=\"https:\/\/hitexoticsdistro.eu\/product-category\/kup-koncentraty-konopi-indyjskich-online\/\">koncentratami konopi<\/a><\/strong>, <strong><a href=\"https:\/\/hitexoticsdistro.eu\/product-category\/gdzie-znalezc-najlepsze-produkty-delta-8\/\">Delta 8 Weed<\/a><\/strong>, <strong><a href=\"https:\/\/hitexoticsdistro.eu\/product-category\/kup-wysokiej-jakosci-edibles-z-delta-9-thc\/\">Delta 9 Weed<\/a><\/strong>, <strong><a href=\"https:\/\/hitexoticsdistro.eu\/product-category\/sklep-z-marihuana-thca\/\">THCA Cannabis<\/a><\/strong>, <strong><a href=\"https:\/\/hitexoticsdistro.eu\/product-category\/zamow-olej-thc-z-konopi-online\/\">olejem konopnym<\/a><\/strong>.<\/p>\n\n\n\n<p><\/p>\n\n\n\n<div class=\"wp-block-uagb-container uagb-block-70621dbc alignfull uagb-is-root-container\"><div class=\"uagb-container-inner-blocks-wrap\">\n<div class=\"wp-block-uagb-container uagb-block-0b6214a1\">\n<div class=\"wp-block-uagb-image uagb-block-abe5826a wp-block-uagb-image--layout-default wp-block-uagb-image--effect-static wp-block-uagb-image--align-none\"><figure class=\"wp-block-uagb-image__figure\"><img decoding=\"async\" srcset=\"https:\/\/hitexoticsdistro.eu\/wp-content\/uploads\/2024\/10\/WhatsApp-Image-2024-10-02-at-3.50.07-PM-1-768x1024.jpeg ,https:\/\/hitexoticsdistro.eu\/wp-content\/uploads\/2024\/10\/WhatsApp-Image-2024-10-02-at-3.50.07-PM-1.jpeg 780w, https:\/\/hitexoticsdistro.eu\/wp-content\/uploads\/2024\/10\/WhatsApp-Image-2024-10-02-at-3.50.07-PM-1.jpeg 360w\" sizes=\"auto, (max-width: 480px) 150px\" src=\"https:\/\/hitexoticsdistro.eu\/wp-content\/uploads\/2024\/10\/WhatsApp-Image-2024-10-02-at-3.50.07-PM-1-768x1024.jpeg\" alt=\"Zasady zwrotu pieni\u0119dzy za zam\u00f3wienie marihuany\" class=\"uag-image-1238\" width=\"768\" height=\"1024\" title=\" zam\u00f3wienie marihuanyApp Image 2024-10-02 at 3.50.07 PM\" loading=\"lazy\" role=\"img\"\/><\/figure><\/div>\n<\/div>\n\n\n\n<div class=\"wp-block-uagb-container uagb-block-f483f0a1\">\n<div class=\"wp-block-uagb-image uagb-block-c0c5497b wp-block-uagb-image--layout-default wp-block-uagb-image--effect-static wp-block-uagb-image--align-none\"><figure class=\"wp-block-uagb-image__figure\"><img decoding=\"async\" srcset=\"https:\/\/hitexoticsdistro.eu\/wp-content\/uploads\/2024\/10\/WhatsApp-Image-2024-10-02-at-3.50.03-PM-2.jpeg ,https:\/\/hitexoticsdistro.eu\/wp-content\/uploads\/2024\/10\/WhatsApp-Image-2024-10-02-at-3.50.03-PM-2.jpeg 780w, https:\/\/hitexoticsdistro.eu\/wp-content\/uploads\/2024\/10\/WhatsApp-Image-2024-10-02-at-3.50.03-PM-2.jpeg 360w\" sizes=\"auto, (max-width: 480px) 150px\" src=\"https:\/\/hitexoticsdistro.eu\/wp-content\/uploads\/2024\/10\/WhatsApp-Image-2024-10-02-at-3.50.03-PM-2.jpeg\" alt=\"Gdzie bezpiecznie kupi\u0107 marihuan\u0119 online?\" class=\"uag-image-1149\" width=\"640\" height=\"640\" title=\"Gdzie bezpiecznie kupi\u0107 marihuan\u0119 online?\" loading=\"lazy\" role=\"img\"\/><\/figure><\/div>\n<\/div>\n\n\n\n<div class=\"wp-block-uagb-container uagb-block-aa633d1a\">\n<div class=\"wp-block-uagb-image uagb-block-8761c378 wp-block-uagb-image--layout-default wp-block-uagb-image--effect-static wp-block-uagb-image--align-none\"><figure class=\"wp-block-uagb-image__figure\"><img decoding=\"async\" srcset=\"https:\/\/hitexoticsdistro.eu\/wp-content\/uploads\/2024\/10\/WhatsApp-Image-2024-10-02-at-3.50.06-PM-1-1-768x1024.jpeg ,https:\/\/hitexoticsdistro.eu\/wp-content\/uploads\/2024\/10\/WhatsApp-Image-2024-10-02-at-3.50.06-PM-1-1.jpeg 780w, https:\/\/hitexoticsdistro.eu\/wp-content\/uploads\/2024\/10\/WhatsApp-Image-2024-10-02-at-3.50.06-PM-1-1.jpeg 360w\" sizes=\"auto, (max-width: 480px) 150px\" src=\"https:\/\/hitexoticsdistro.eu\/wp-content\/uploads\/2024\/10\/WhatsApp-Image-2024-10-02-at-3.50.06-PM-1-1-768x1024.jpeg\" alt=\"Zasady zwrotu pieni\u0119dzy za zam\u00f3wienie marihuany\" class=\"uag-image-1237\" width=\"768\" height=\"1024\" title=\"Zasady zwrotu pieni\u0119dzy za zam\u00f3wienie marihuany\" loading=\"lazy\" role=\"img\"\/><\/figure><\/div>\n<\/div>\n<\/div><\/div>\n","protected":false},"excerpt":{"rendered":"<p>Zasady zwrotu pieni\u0119dzy za zam\u00f3wienie marihuany Je\u015bli chcesz rozpocz\u0105\u0107 zwrot, skontaktuj si\u0119 z dzia\u0142em obs\u0142ugi klienta za po\u015brednictwem poczty e-mail: [&hellip;]<\/p>\n","protected":false},"author":1,"featured_media":0,"parent":0,"menu_order":0,"comment_status":"closed","ping_status":"closed","template":"","meta":{"_surecart_dashboard_logo_width":"180px","_surecart_dashboard_show_logo":true,"_surecart_dashboard_navigation_orders":true,"_surecart_dashboard_navigation_invoices":true,"_surecart_dashboard_navigation_subscriptions":true,"_surecart_dashboard_navigation_downloads":true,"_surecart_dashboard_navigation_billing":true,"_surecart_dashboard_navigation_account":true,"_uag_custom_page_level_css":"","site-sidebar-layout":"default","site-content-layout":"","ast-site-content-layout":"default","site-content-style":"default","site-sidebar-style":"default","ast-global-header-display":"","ast-banner-title-visibility":"","ast-main-header-display":"","ast-hfb-above-header-display":"","ast-hfb-below-header-display":"","ast-hfb-mobile-header-display":"","site-post-title":"","ast-breadcrumbs-content":"","ast-featured-img":"","footer-sml-layout":"","ast-disable-related-posts":"","theme-transparent-header-meta":"","adv-header-id-meta":"","stick-header-meta":"","header-above-stick-meta":"","header-main-stick-meta":"","header-below-stick-meta":"","astra-migrate-meta-layouts":"default","ast-page-background-enabled":"default","ast-page-background-meta":{"desktop":{"background-color":"var(--ast-global-color-5)","background-image":"","background-repeat":"repeat","background-position":"center center","background-size":"auto","background-attachment":"scroll","background-type":"","background-media":"","overlay-type":"","overlay-color":"","overlay-opacity":"","overlay-gradient":""},"tablet":{"background-color":"","background-image":"","background-repeat":"repeat","background-position":"center center","background-size":"auto","background-attachment":"scroll","background-type":"","background-media":"","overlay-type":"","overlay-color":"","overlay-opacity":"","overlay-gradient":""},"mobile":{"background-color":"","background-image":"","background-repeat":"repeat","background-position":"center center","background-size":"auto","background-attachment":"scroll","background-type":"","background-media":"","overlay-type":"","overlay-color":"","overlay-opacity":"","overlay-gradient":""}},"ast-content-background-meta":{"desktop":{"background-color":"var(--ast-global-color-4)","background-image":"","background-repeat":"repeat","background-position":"center center","background-size":"auto","background-attachment":"scroll","background-type":"","background-media":"","overlay-type":"","overlay-color":"","overlay-opacity":"","overlay-gradient":""},"tablet":{"background-color":"var(--ast-global-color-4)","background-image":"","background-repeat":"repeat","background-position":"center center","background-size":"auto","background-attachment":"scroll","background-type":"","background-media":"","overlay-type":"","overlay-color":"","overlay-opacity":"","overlay-gradient":""},"mobile":{"background-color":"var(--ast-global-color-4)","background-image":"","background-repeat":"repeat","background-position":"center center","background-size":"auto","background-attachment":"scroll","background-type":"","background-media":"","overlay-type":"","overlay-color":"","overlay-opacity":"","overlay-gradient":""}},"footnotes":""},"class_list":["post-1236","page","type-page","status-publish","hentry"],"uagb_featured_image_src":{"full":false,"thumbnail":false,"medium":false,"medium_large":false,"large":false,"1536x1536":false,"2048x2048":false,"trp-custom-language-flag":false,"woocommerce_thumbnail":false,"woocommerce_single":false,"woocommerce_gallery_thumbnail":false},"uagb_author_info":{"display_name":"","author_link":"https:\/\/hitexoticsdistro.eu\/pl\/author\/asodamadamsogmail-com\/"},"uagb_comment_info":0,"uagb_excerpt":"Zasady zwrotu pieni\u0119dzy za zam\u00f3wienie marihuany Je\u015bli chcesz rozpocz\u0105\u0107 zwrot, skontaktuj si\u0119 z dzia\u0142em obs\u0142ugi klienta za po\u015brednictwem poczty e-mail: [&hellip;]","_links":{"self":[{"href":"https:\/\/hitexoticsdistro.eu\/pl\/wp-json\/wp\/v2\/pages\/1236","targetHints":{"allow":["GET"]}}],"collection":[{"href":"https:\/\/hitexoticsdistro.eu\/pl\/wp-json\/wp\/v2\/pages"}],"about":[{"href":"https:\/\/hitexoticsdistro.eu\/pl\/wp-json\/wp\/v2\/types\/page"}],"author":[{"embeddable":true,"href":"https:\/\/hitexoticsdistro.eu\/pl\/wp-json\/wp\/v2\/users\/1"}],"replies":[{"embeddable":true,"href":"https:\/\/hitexoticsdistro.eu\/pl\/wp-json\/wp\/v2\/comments?post=1236"}],"version-history":[{"count":0,"href":"https:\/\/hitexoticsdistro.eu\/pl\/wp-json\/wp\/v2\/pages\/1236\/revisions"}],"wp:attachment":[{"href":"https:\/\/hitexoticsdistro.eu\/pl\/wp-json\/wp\/v2\/media?parent=1236"}],"curies":[{"name":"wp","href":"https:\/\/api.w.org\/{rel}","templated":true}]}}