{"id":730,"date":"2024-10-10T23:00:39","date_gmt":"2024-10-10T23:00:39","guid":{"rendered":"https:\/\/hitexoticsdistro.com\/?post_type=product&#038;p=730"},"modified":"2025-01-06T09:05:55","modified_gmt":"2025-01-06T09:05:55","slug":"kup-mangowa-mgla-odmiana-live-resin","status":"publish","type":"product","link":"https:\/\/hitexoticsdistro.eu\/nl\/product\/kup-mangowa-mgla-odmiana-live-resin\/","title":{"rendered":"Mangowa Mg\u0142a Live Resin Hybrid"},"content":{"rendered":"<h1 data-pm-slice=\"1 3 []\">Kup Mangowa Mg\u0142a\u00a0Odmiana Live Resin w Internecie w Europie \u2013 Najlepszy Koncentrat z Konopi<\/h1>\n<p><strong>Mangowa Mg\u0142a Live Resin: Perfekcyjny Koncentrat z Konopi Indyjskich<\/strong><\/p>\n<p>Je\u015bli szukasz wyj\u0105tkowego do\u015bwiadczenia z konopiami indyjskimi, <strong>Mangowa Mg\u0142a Odmiana Live Resin<\/strong> to idealny wyb\u00f3r. Ta unikalna hybryda, stworzona z popularnych <strong><a href=\"https:\/\/hitexoticsdistro.eu\/nl\/product\/kup-marihuane-northern-lights-online\/\">odmian Northern Lights<\/a><\/strong> #5, Skunk oraz Haze, oferuje zbilansowane proporcje 50% <strong><a href=\"https:\/\/hitexoticsdistro.eu\/nl\/kup-chwast-online-polska\/\">sativa<\/a><\/strong> i 50% <strong><a href=\"https:\/\/hitexoticsdistro.eu\/nl\/gdzie-bezpiecznie-kupic-marihuane-online\/\">indica<\/a><\/strong>, zapewniaj\u0105c wszechstronne efekty dla mi\u0142o\u015bnik\u00f3w konopi w Europie.<\/p>\n<p><strong>Kup Mangowa Mg\u0142a Odmiana Live Resin w Internecie w Europie<\/strong> i odkryj wyj\u0105tkowy \u015bwiat najwy\u017cszej jako\u015bci <strong><a href=\"https:\/\/hitexoticsdistro.eu\/nl\/product-category\/kup-koncentraty-konopi-indyjskich-online\/\">koncentrat\u00f3w z konopi<\/a><\/strong>. Mangowa Mg\u0142a Live Resin to produkt premium, stworzony z my\u015bl\u0105 o mi\u0142o\u015bnikach konopi indyjskich, poszukuj\u0105cych intensywnych dozna\u0144 smakowych i terapeutycznych korzy\u015bci. Dzi\u0119ki bogatemu profilowi terpenowemu, kt\u00f3ry \u0142\u0105czy tropikalne nuty mango z subtelnymi akcentami cytrusowymi, ten koncentrat oferuje pe\u0142ne spektrum do\u015bwiadczenia. Idealny zar\u00f3wno do relaksacji, jak i wsparcia w radzeniu sobie z b\u00f3lem, stresem czy bezsenno\u015bci\u0105.<\/p>\n<p>Zamawiaj\u0105c online, zyskujesz dost\u0119p do bezpiecznej, dyskretnej dostawy na terenie ca\u0142ej Europy. Oferujemy produkty testowane laboratoryjnie, gwarantuj\u0105ce czysto\u015b\u0107 i najwy\u017csz\u0105 moc dzia\u0142ania. Wybierz Hit Exotics Distro jako zaufane \u017ar\u00f3d\u0142o <strong><a href=\"https:\/\/hitexoticsdistro.eu\/nl\/product-category\/gdzie-moge-kupic-marihuane\/\">produkt\u00f3w konopnych premium<\/a><\/strong>. Nie zwlekaj\u2014<strong>Kup Mangowa Mg\u0142a Odmiana Live Resin w Internecie<\/strong> ju\u017c dzi\u015b i do\u015bwiadcz korzy\u015bci p\u0142yn\u0105cych z wysokiej jako\u015bci koncentrat\u00f3w z konopi indyjskich. Sprawd\u017a nasze konkurencyjne ceny i ciesz si\u0119 wyj\u0105tkow\u0105 jako\u015bci\u0105, kt\u00f3rej mo\u017cesz zaufa\u0107!<\/p>\n<h3>Co to jest Mangowa Mg\u0142a Live Resin?<\/h3>\n<p>Live resin to jeden z najbardziej cenionych koncentrat\u00f3w z konopi na rynku. Produkowany poprzez zamro\u017cenie \u015bwie\u017co zebranych ro\u015blin konopi przed ekstrakcj\u0105, proces ten pozwala zachowa\u0107 naturalne terpeny i kannabinoidy, co skutkuje intensywniejszym smakiem i wy\u017csz\u0105 jako\u015bci\u0105 produktu. Mangowa Mg\u0142a Live Resin to doskona\u0142y przyk\u0142ad tej technologii, oferuj\u0105c bogaty profil terpenowy i wyj\u0105tkowe efekty terapeutyczne.<\/p>\n<h3>Dlaczego warto kupi\u0107 Mangowa Mg\u0142a Odmiana Live Resin w Europie?<\/h3>\n<ol start=\"1\" data-spread=\"true\">\n<li><strong>Efekty:<\/strong> Mangowa Mg\u0142a Live Resin dostarcza wszechstronnych dozna\u0144, kt\u00f3re \u0142\u0105cz\u0105 energiczne, podnosz\u0105ce na duchu efekty sativy z relaksuj\u0105cymi w\u0142a\u015bciwo\u015bciami indici. Do\u015bwiadczysz:\n<ul data-spread=\"false\">\n<li>Poprawy nastroju i euforii.<\/li>\n<li>Lepszego skupienia i kreatywno\u015bci.<\/li>\n<li>G\u0142\u0119bokiego relaksu, \u0142agodz\u0105cego stres i napi\u0119cie.<\/li>\n<\/ul>\n<\/li>\n<li><strong>Terapia:<\/strong> Mangowa Mg\u0142a jest znana ze swojego potencja\u0142u terapeutycznego, pomagaj\u0105c w leczeniu takich schorze\u0144, jak:\n<ul data-spread=\"false\">\n<li><strong>Artretyzm:<\/strong> \u0141agodzi przewlek\u0142y b\u00f3l staw\u00f3w.<\/li>\n<li><strong>Stany depresyjne:<\/strong> Poprawia samopoczucie i redukuje l\u0119ki.<\/li>\n<li><strong>Zm\u0119czenie:<\/strong> Dodaje energii i motywacji.<\/li>\n<li><strong>Migreny i skurcze mi\u0119\u015bni:<\/strong> Minimalizuje b\u00f3l i napi\u0119cie mi\u0119\u015bniowe.<\/li>\n<\/ul>\n<\/li>\n<li><strong>Smak i Aromat:<\/strong>\n<ul data-spread=\"false\">\n<li><strong>Smaki:<\/strong> Cytrusowy, tropikalny, owocowy, s\u0142odki.<\/li>\n<li><strong>Aromaty:<\/strong> Ziemisty, mango, s\u0142odki. Naturalny profil smakowy i zapachowy tej odmiany czyni j\u0105 idealn\u0105 dla mi\u0142o\u015bnik\u00f3w konopi szukaj\u0105cych wyj\u0105tkowych dozna\u0144 sensorycznych.<\/li>\n<\/ul>\n<\/li>\n<\/ol>\n<h3>R\u00f3\u017cne Konsystencje Live Resin<\/h3>\n<p>Live resin wyst\u0119puje w r\u00f3\u017cnych formach, w zale\u017cno\u015bci od zawarto\u015bci terpen\u00f3w i metody ekstrakcji. Mangowa Mg\u0142a Live Resin to koncentrat o wysokiej zawarto\u015bci terpen\u00f3w, co daje mu konsystencj\u0119 zbli\u017con\u0105 do sosu. Inne popularne konsystencje to:<\/p>\n<ul data-spread=\"false\">\n<li><strong>Sap:<\/strong> P\u0142ynna i lepi\u0105ca konsystencja.<\/li>\n<li><strong>Sugar:<\/strong> Krystaliczna i granulowana tekstura.<\/li>\n<li><strong>Budder\/Badder:<\/strong> Kremowa i \u0142atwa do manipulacji.<\/li>\n<li><strong>Sauce:<\/strong> Bardziej p\u0142ynna i aromatyczna.<\/li>\n<\/ul>\n<h3>Jak U\u017cywa\u0107 Mangowa Mg\u0142a Live Resin?<\/h3>\n<ol start=\"1\" data-spread=\"true\">\n<li><strong>Dabbing:<\/strong> Najpopularniejsza metoda, wymagaj\u0105ca u\u017cycia specjalnego d\u0119bowego zestawu lub waporyzatora. Live resin podgrzewany do odpowiedniej temperatury uwalnia intensywny <a href=\"https:\/\/www.weedshop.pl\/\" rel=\"nofollow noopener\" target=\"_blank\">smak<\/a> i efekty.<\/li>\n<li><strong>Waporyzacja:<\/strong> Mo\u017cna stosowa\u0107 w kompatybilnych waporyzatorach, co pozwala na dyskretne i wygodne u\u017cycie.<\/li>\n<li><strong>Dodatek do jointa:<\/strong> Dodaj live resin do swojego jointa lub blunt\u2019a, aby wzmocni\u0107 doznania.<\/li>\n<\/ol>\n<h2>Kup Mangowa Mg\u0142a\u00a0Odmiana Live Resin w Internecie w Europie<\/h2>\n<p>W naszej ofercie znajdziesz Mangowa Mg\u0142a Live Resin najwy\u017cszej jako\u015bci. Nasze produkty s\u0105 starannie testowane pod k\u0105tem czysto\u015bci i mocy, aby zapewni\u0107 najlepsze do\u015bwiadczenie. Kupuj online z dostaw\u0105 w ca\u0142ej Europie i ciesz si\u0119 szybk\u0105 oraz bezpieczn\u0105 transakcj\u0105.<\/p>\n<h3>Porady Dla Poczatkuj\u0105cych<\/h3>\n<p>Je\u015bli jeste\u015b nowy w \u015bwiecie koncentrat\u00f3w z konopi, oto kilka wskaz\u00f3wek:<\/p>\n<ul data-spread=\"false\">\n<li>Zaczynaj od ma\u0142ych dawek, aby oceni\u0107 swoj\u0105 tolerancj\u0119.<\/li>\n<li>Upewnij si\u0119, \u017ce u\u017cywasz odpowiedniego sprz\u0119tu, aby w pe\u0142ni wykorzysta\u0107 potencja\u0142 live resin.<\/li>\n<li>Przechowuj koncentrat w szczelnym pojemniku, aby zapobiec utracie smaku i aromatu.<\/li>\n<\/ul>\n<h3>Dlaczego Warto Wybra\u0107 Nas?<\/h3>\n<ul data-spread=\"false\">\n<li><strong>Najwy\u017csza jako\u015b\u0107:<\/strong> Wszystkie nasze produkty s\u0105 wykonane z organicznych konopi uprawianych bez pestycyd\u00f3w i chemikal\u00f3w.<\/li>\n<li><strong>Szybka dostawa:<\/strong> Zapewniamy szybkie i dyskretne dostawy na terenie ca\u0142ej Europy.<\/li>\n<li><strong>Ekspercka obs\u0142uga:<\/strong> Nasz zesp\u00f3\u0142 s\u0142u\u017cy profesjonalnym doradztwem i wsparciem w wyborze najlepszego produktu dla Twoich potrzeb.<\/li>\n<\/ul>\n<p>&nbsp;<\/p>\n<p><img loading=\"lazy\" decoding=\"async\" class=\"alignnone size-medium wp-image-1174\" src=\"https:\/\/hitexoticsdistro.eu\/wp-content\/uploads\/2024\/10\/WhatsApp-Image-2024-10-02-at-3.49.57-PM-1-225x300.jpeg\" alt=\"Kup\u00a0Chwast\u00a0Online\" width=\"225\" height=\"300\" srcset=\"https:\/\/hitexoticsdistro.eu\/wp-content\/uploads\/2024\/10\/WhatsApp-Image-2024-10-02-at-3.49.57-PM-1-225x300.jpeg 225w, https:\/\/hitexoticsdistro.eu\/wp-content\/uploads\/2024\/10\/WhatsApp-Image-2024-10-02-at-3.49.57-PM-1-768x1024.jpeg 768w, https:\/\/hitexoticsdistro.eu\/wp-content\/uploads\/2024\/10\/WhatsApp-Image-2024-10-02-at-3.49.57-PM-1-600x800.jpeg 600w, https:\/\/hitexoticsdistro.eu\/wp-content\/uploads\/2024\/10\/WhatsApp-Image-2024-10-02-at-3.49.57-PM-1.jpeg 960w\" sizes=\"auto, (max-width: 225px) 100vw, 225px\" \/> <img loading=\"lazy\" decoding=\"async\" class=\"alignnone size-medium wp-image-1149\" src=\"https:\/\/hitexoticsdistro.eu\/wp-content\/uploads\/2024\/10\/WhatsApp-Image-2024-10-02-at-3.50.03-PM-2-300x300.jpeg\" alt=\"Gdzie bezpiecznie kupi\u0107 marihuan\u0119 online?\" width=\"300\" height=\"300\" srcset=\"https:\/\/hitexoticsdistro.eu\/wp-content\/uploads\/2024\/10\/WhatsApp-Image-2024-10-02-at-3.50.03-PM-2-300x300.jpeg 300w, https:\/\/hitexoticsdistro.eu\/wp-content\/uploads\/2024\/10\/WhatsApp-Image-2024-10-02-at-3.50.03-PM-2-150x150.jpeg 150w, https:\/\/hitexoticsdistro.eu\/wp-content\/uploads\/2024\/10\/WhatsApp-Image-2024-10-02-at-3.50.03-PM-2-600x600.jpeg 600w, https:\/\/hitexoticsdistro.eu\/wp-content\/uploads\/2024\/10\/WhatsApp-Image-2024-10-02-at-3.50.03-PM-2-100x100.jpeg 100w, https:\/\/hitexoticsdistro.eu\/wp-content\/uploads\/2024\/10\/WhatsApp-Image-2024-10-02-at-3.50.03-PM-2.jpeg 640w\" sizes=\"auto, (max-width: 300px) 100vw, 300px\" \/> <img loading=\"lazy\" decoding=\"async\" class=\"alignnone size-medium wp-image-1163\" src=\"https:\/\/hitexoticsdistro.eu\/wp-content\/uploads\/2024\/10\/WhatsApp-Image-2024-10-02-at-3.49.58-PM-1-1-225x300.jpeg\" alt=\"Gdzie bezpiecznie kupi\u0107 marihuan\u0119 online?\" width=\"225\" height=\"300\" srcset=\"https:\/\/hitexoticsdistro.eu\/wp-content\/uploads\/2024\/10\/WhatsApp-Image-2024-10-02-at-3.49.58-PM-1-1-225x300.jpeg 225w, https:\/\/hitexoticsdistro.eu\/wp-content\/uploads\/2024\/10\/WhatsApp-Image-2024-10-02-at-3.49.58-PM-1-1-768x1024.jpeg 768w, https:\/\/hitexoticsdistro.eu\/wp-content\/uploads\/2024\/10\/WhatsApp-Image-2024-10-02-at-3.49.58-PM-1-1-600x800.jpeg 600w, https:\/\/hitexoticsdistro.eu\/wp-content\/uploads\/2024\/10\/WhatsApp-Image-2024-10-02-at-3.49.58-PM-1-1.jpeg 960w\" sizes=\"auto, (max-width: 225px) 100vw, 225px\" \/><\/p>","protected":false},"excerpt":{"rendered":"<div class=\"product-short-description\">\n<h4>Hybryda:\u00a0 50% Indica \/ 50% Sativa<\/h4>\n<\/div>","protected":false},"featured_media":785,"comment_status":"closed","ping_status":"closed","template":"","meta":{"_surecart_dashboard_logo_width":"180px","_surecart_dashboard_show_logo":true,"_surecart_dashboard_navigation_orders":true,"_surecart_dashboard_navigation_invoices":true,"_surecart_dashboard_navigation_subscriptions":true,"_surecart_dashboard_navigation_downloads":true,"_surecart_dashboard_navigation_billing":true,"_surecart_dashboard_navigation_account":true,"_uag_custom_page_level_css":"","site-sidebar-layout":"default","site-content-layout":"","ast-site-content-layout":"default","site-content-style":"default","site-sidebar-style":"default","ast-global-header-display":"","ast-banner-title-visibility":"","ast-main-header-display":"","ast-hfb-above-header-display":"","ast-hfb-below-header-display":"","ast-hfb-mobile-header-display":"","site-post-title":"","ast-breadcrumbs-content":"","ast-featured-img":"","footer-sml-layout":"","theme-transparent-header-meta":"default","adv-header-id-meta":"","stick-header-meta":"","header-above-stick-meta":"","header-main-stick-meta":"","header-below-stick-meta":"","astra-migrate-meta-layouts":"set","ast-page-background-enabled":"default","ast-page-background-meta":{"desktop":{"background-color":"var(--ast-global-color-4)","background-image":"","background-repeat":"repeat","background-position":"center center","background-size":"auto","background-attachment":"scroll","background-type":"","background-media":"","overlay-type":"","overlay-color":"","overlay-opacity":"","overlay-gradient":""},"tablet":{"background-color":"","background-image":"","background-repeat":"repeat","background-position":"center center","background-size":"auto","background-attachment":"scroll","background-type":"","background-media":"","overlay-type":"","overlay-color":"","overlay-opacity":"","overlay-gradient":""},"mobile":{"background-color":"","background-image":"","background-repeat":"repeat","background-position":"center center","background-size":"auto","background-attachment":"scroll","background-type":"","background-media":"","overlay-type":"","overlay-color":"","overlay-opacity":"","overlay-gradient":""}},"ast-content-background-meta":{"desktop":{"background-color":"var(--ast-global-color-5)","background-image":"","background-repeat":"repeat","background-position":"center center","background-size":"auto","background-attachment":"scroll","background-type":"","background-media":"","overlay-type":"","overlay-color":"","overlay-opacity":"","overlay-gradient":""},"tablet":{"background-color":"var(--ast-global-color-5)","background-image":"","background-repeat":"repeat","background-position":"center center","background-size":"auto","background-attachment":"scroll","background-type":"","background-media":"","overlay-type":"","overlay-color":"","overlay-opacity":"","overlay-gradient":""},"mobile":{"background-color":"var(--ast-global-color-5)","background-image":"","background-repeat":"repeat","background-position":"center center","background-size":"auto","background-attachment":"scroll","background-type":"","background-media":"","overlay-type":"","overlay-color":"","overlay-opacity":"","overlay-gradient":""}}},"product_brand":[],"product_cat":[53,317],"product_tag":[1294,1232,1698,1700,1690,1701,1699,1702],"class_list":{"0":"post-730","1":"product","2":"type-product","3":"status-publish","4":"has-post-thumbnail","6":"product_cat-kup-koncentraty-konopi-indyjskich-online","7":"product_cat-kupowac-cannabis-live-resin-online","8":"product_tag-cannabisconcentrates","9":"product_tag-koncentratyzkonopi","10":"product_tag-kupmangowamglaliveresin","11":"product_tag-liveresineurope","12":"product_tag-liveresinonline","13":"product_tag-mangowamglakoncentrat","14":"product_tag-mangowamglaodmiana","15":"product_tag-zywazywicazkonopiindyjskich","16":"desktop-align-left","17":"tablet-align-left","18":"mobile-align-left","20":"first","21":"instock","22":"shipping-taxable","23":"purchasable","24":"product-type-simple"},"uagb_featured_image_src":{"full":["https:\/\/hitexoticsdistro.eu\/wp-content\/uploads\/2024\/10\/Mango-Haze-Strain-Live-Resin-Hybrid.webp",2048,1365,false],"thumbnail":["https:\/\/hitexoticsdistro.eu\/wp-content\/uploads\/2024\/10\/Mango-Haze-Strain-Live-Resin-Hybrid-150x150.webp",150,150,true],"medium":["https:\/\/hitexoticsdistro.eu\/wp-content\/uploads\/2024\/10\/Mango-Haze-Strain-Live-Resin-Hybrid-300x200.webp",300,200,true],"medium_large":["https:\/\/hitexoticsdistro.eu\/wp-content\/uploads\/2024\/10\/Mango-Haze-Strain-Live-Resin-Hybrid-768x512.webp",768,512,true],"large":["https:\/\/hitexoticsdistro.eu\/wp-content\/uploads\/2024\/10\/Mango-Haze-Strain-Live-Resin-Hybrid-1024x683.webp",1024,683,true],"1536x1536":["https:\/\/hitexoticsdistro.eu\/wp-content\/uploads\/2024\/10\/Mango-Haze-Strain-Live-Resin-Hybrid-1536x1024.webp",1536,1024,true],"2048x2048":["https:\/\/hitexoticsdistro.eu\/wp-content\/uploads\/2024\/10\/Mango-Haze-Strain-Live-Resin-Hybrid.webp",2048,1365,false],"trp-custom-language-flag":["https:\/\/hitexoticsdistro.eu\/wp-content\/uploads\/2024\/10\/Mango-Haze-Strain-Live-Resin-Hybrid.webp",18,12,false],"woocommerce_thumbnail":["https:\/\/hitexoticsdistro.eu\/wp-content\/uploads\/2024\/10\/Mango-Haze-Strain-Live-Resin-Hybrid-300x300.webp",300,300,true],"woocommerce_single":["https:\/\/hitexoticsdistro.eu\/wp-content\/uploads\/2024\/10\/Mango-Haze-Strain-Live-Resin-Hybrid-600x400.webp",600,400,true],"woocommerce_gallery_thumbnail":["https:\/\/hitexoticsdistro.eu\/wp-content\/uploads\/2024\/10\/Mango-Haze-Strain-Live-Resin-Hybrid-100x100.webp",100,100,true]},"uagb_author_info":{"display_name":"","author_link":"https:\/\/hitexoticsdistro.eu\/nl\/author\/"},"uagb_comment_info":0,"uagb_excerpt":"Hybryda:\u00a0 50% Indica \/ 50% Sativa","_links":{"self":[{"href":"https:\/\/hitexoticsdistro.eu\/nl\/wp-json\/wp\/v2\/product\/730","targetHints":{"allow":["GET"]}}],"collection":[{"href":"https:\/\/hitexoticsdistro.eu\/nl\/wp-json\/wp\/v2\/product"}],"about":[{"href":"https:\/\/hitexoticsdistro.eu\/nl\/wp-json\/wp\/v2\/types\/product"}],"replies":[{"embeddable":true,"href":"https:\/\/hitexoticsdistro.eu\/nl\/wp-json\/wp\/v2\/comments?post=730"}],"wp:featuredmedia":[{"embeddable":true,"href":"https:\/\/hitexoticsdistro.eu\/nl\/wp-json\/wp\/v2\/media\/785"}],"wp:attachment":[{"href":"https:\/\/hitexoticsdistro.eu\/nl\/wp-json\/wp\/v2\/media?parent=730"}],"wp:term":[{"taxonomy":"product_brand","embeddable":true,"href":"https:\/\/hitexoticsdistro.eu\/nl\/wp-json\/wp\/v2\/product_brand?post=730"},{"taxonomy":"product_cat","embeddable":true,"href":"https:\/\/hitexoticsdistro.eu\/nl\/wp-json\/wp\/v2\/product_cat?post=730"},{"taxonomy":"product_tag","embeddable":true,"href":"https:\/\/hitexoticsdistro.eu\/nl\/wp-json\/wp\/v2\/product_tag?post=730"}],"curies":[{"name":"wp","href":"https:\/\/api.w.org\/{rel}","templated":true}]}}