{"id":612,"date":"2024-10-10T22:56:25","date_gmt":"2024-10-10T22:56:25","guid":{"rendered":"https:\/\/hitexoticsdistro.com\/?post_type=product&#038;p=612"},"modified":"2025-09-02T12:02:58","modified_gmt":"2025-09-02T12:02:58","slug":"kup-strzykawki-z-destylatem-raw-thc","status":"publish","type":"product","link":"https:\/\/hitexoticsdistro.eu\/nl\/product\/kup-strzykawki-z-destylatem-raw-thc\/","title":{"rendered":"Strzykawki z hybrydowym destylatem RAW THC"},"content":{"rendered":"<h2 data-pm-slice=\"1 1 []\">Kup Strzykawki z Destylatem RAW THC \u2013 Przewodnik po Najlepszych Koncentratach z Konopi<\/h2>\n<p><strong>Odkryj Destylaty z Konopi Indyjskich THC w Nowym Wymiarze<\/strong><\/p>\n<p>Destylaty z konopi indyjskich THC to jedne z najbardziej wszechstronnych i czystych form koncentrat\u00f3w z konopi dost\u0119pnych na rynku. W\u015br\u00f3d nich wyr\u00f3\u017cniaj\u0105 si\u0119 strzykawki z destylatem RAW THC, kt\u00f3re oferuj\u0105 niezwykle wysoki poziom czysto\u015bci i mocy. Te uniwersalne produkty s\u0105 idealne dla os\u00f3b poszukuj\u0105cych wszechstronnego zastosowania i maksymalnych korzy\u015bci z konopi.<\/p>\n<p>Kup Strzykawki z Destylatem RAW THC Online w Europie i odkryj najczystsz\u0105 form\u0119 THC, idealn\u0105 do wszechstronnego zastosowania. Nasze destylaty z <strong><a href=\"https:\/\/hitexoticsdistro.eu\/nl\/product-category\/gdzie-moge-kupic-marihuane\/\">konopi indyjskich THC<\/a><\/strong> oferuj\u0105 najwy\u017csz\u0105 jako\u015b\u0107, s\u0105 w 100% organiczne, a ich wysoka zawarto\u015b\u0107 kannabinoid\u00f3w gwarantuje niezr\u00f3wnane efekty terapeutyczne. Dzi\u0119ki wygodnym strzykawkom mo\u017cesz precyzyjnie dawkowa\u0107 i korzysta\u0107 z produktu w spos\u00f3b dostosowany do Twoich potrzeb \u2013 doustnie, miejscowo lub poprzez waporyzacj\u0119.<\/p>\n<p><strong><a href=\"https:\/\/hitexoticsdistro.eu\/nl\/product-category\/kup-koncentraty-konopi-indyjskich-online\/\">Koncentraty z konopi<\/a><\/strong>, takie jak destylaty RAW THC, s\u0105 idealne dla os\u00f3b szukaj\u0105cych ulgi w b\u00f3lu, relaksu, redukcji stresu czy poprawy jako\u015bci snu. Kupuj\u0105c u nas, zyskujesz dost\u0119p do produkt\u00f3w przetestowanych laboratoryjnie, dostarczanych w dyskretny i szybki spos\u00f3b. Do\u015bwiadcz najwy\u017cszej jako\u015bci i wybierz <strong>Kup Strzykawki z Destylatem RAW THC Online w Europie<\/strong> ju\u017c dzi\u015b. Sprawd\u017a ofert\u0119 w naszym sklepie i ciesz si\u0119 wyj\u0105tkowym do\u015bwiadczeniem.<\/p>\n<h3>Czym s\u0105 Strzykawki z Destylatem RAW THC?<\/h3>\n<p>Strzykawki z destylatem RAW THC to wysoce skoncentrowana forma oleju z konopi, uzyskana dzi\u0119ki zaawansowanym procesom ekstrakcji. Produkt ten zawiera niemal czyste THC, co sprawia, \u017ce jest to jeden z najczystszych i najbardziej uniwersalnych koncentrat\u00f3w z konopi.<\/p>\n<p>Strzykawki RAW THC s\u0105 doskona\u0142ym wyborem dla:<\/p>\n<ul data-spread=\"false\">\n<li>U\u017cytkownik\u00f3w rekreacyjnych szukaj\u0105cych intensywnych dozna\u0144.<\/li>\n<li>Pacjent\u00f3w medycznych potrzebuj\u0105cych precyzyjnie dawkowanego THC.<\/li>\n<\/ul>\n<h3>Dlaczego warto wybra\u0107 Destylaty z Konopi Indyjskich THC?<\/h3>\n<p><a href=\"https:\/\/www.czech-cbd.cz\/pl\/\" rel=\"nofollow noopener\" target=\"_blank\">Destylaty<\/a> z konopi oferuj\u0105 wiele zalet:<\/p>\n<ol start=\"1\" data-spread=\"true\">\n<li><strong>Czysto\u015b\u0107 i moc:<\/strong>\n<ul data-spread=\"false\">\n<li>Dzi\u0119ki zaawansowanemu procesowi ekstrakcji destylaty zawieraj\u0105 nawet 90-95% THC.<\/li>\n<li>Minimalna ilo\u015b\u0107 niepo\u017c\u0105danych substancji, takich jak lipidy czy woski.<\/li>\n<\/ul>\n<\/li>\n<li><strong>Wszechstronno\u015b\u0107 zastosowania:<\/strong>\n<ul data-spread=\"false\">\n<li>Idealne do spo\u017cycia doustnego, inhalacji czy miejscowego stosowania.<\/li>\n<li>Mo\u017cna je miesza\u0107 z terpenami lub u\u017cywa\u0107 jako baz\u0119 do wytwarzania w\u0142asnych produkt\u00f3w.<\/li>\n<\/ul>\n<\/li>\n<li><strong>Precyzja dawkowania:<\/strong>\n<ul data-spread=\"false\">\n<li>Strzykawki pozwalaj\u0105 na dok\u0142adne odmierzanie dawki, co jest szczeg\u00f3lnie wa\u017cne dla u\u017cytkownik\u00f3w medycznych.<\/li>\n<\/ul>\n<\/li>\n<\/ol>\n<h3>Jak u\u017cywa\u0107 Strzykawek z Destylatem RAW THC?<\/h3>\n<p>Strzykawki z destylatem RAW THC oferuj\u0105 wiele mo\u017cliwo\u015bci zastosowania:<\/p>\n<h4>1. <strong>Spo\u017cycie doustne<\/strong><\/h4>\n<ul data-spread=\"false\">\n<li>Na\u0142\u00f3\u017c dawk\u0119 na przek\u0105sk\u0119 (np. krakers z mas\u0142em orzechowym lub suszone owoce) i spo\u017cyj.<\/li>\n<li>Zamro\u017c dawki na pergaminie i jedz w razie potrzeby.<\/li>\n<li>Wype\u0142nij pust\u0105 kapsu\u0142k\u0119 dawkow\u0105 i po\u0142knij.<\/li>\n<\/ul>\n<h4>2. <strong>Tworzenie w\u0142asnych produkt\u00f3w spo\u017cywczych<\/strong><\/h4>\n<ul data-spread=\"false\">\n<li>Wymieszaj destylat z ulubionymi potrawami, aby stworzy\u0107 w\u0142asne jadalne produkty z THC.<\/li>\n<\/ul>\n<h4>3. <strong>U\u017cycie w urz\u0105dzeniach inhalacyjnych<\/strong><\/h4>\n<ul data-spread=\"false\">\n<li>Wype\u0142nij pusty wk\u0142ad lub jednorazowe pi\u00f3ro vape.<\/li>\n<li>U\u017cyj destylatu do ponownego nape\u0142nienia zu\u017cytych zbiorniczk\u00f3w.<\/li>\n<\/ul>\n<h4>4. <strong>U\u017cycie w bongu lub fajce<\/strong><\/h4>\n<ul data-spread=\"false\">\n<li>Dodaj destylat do swojej fajki wodnej lub bongu wraz z innymi materia\u0142ami do palenia, aby zwi\u0119kszy\u0107 ich moc.<\/li>\n<\/ul>\n<h4>5. <strong>U\u017cycie w skr\u0119tach<\/strong><\/h4>\n<ul data-spread=\"false\">\n<li>Wymieszaj destylat z suszem w pre-rollu lub bluntcie, aby uzyska\u0107 bardziej intensywne doznania.<\/li>\n<\/ul>\n<h3>Kup Strzykawki z Destylatem RAW THC Online w Europie<\/h3>\n<p>W sklepie <a href=\"https:\/\/hitexoticsdistro.eu\/nl\/\">Hit Exotics Distro<\/a> znajdziesz najwy\u017cszej jako\u015bci strzykawki z destylatem RAW THC. Nasze produkty s\u0105:<\/p>\n<ul data-spread=\"false\">\n<li>Legalne i zgodne z przepisami europejskimi.<\/li>\n<li>Starannie przetestowane pod k\u0105tem czysto\u015bci i mocy.<\/li>\n<li>Dost\u0119pne w r\u00f3\u017cnych opcjach, od klasycznych do wzbogaconych terpenami.<\/li>\n<\/ul>\n<p>Kup strzykawki z destylatem RAW THC ju\u017c dzi\u015b i ciesz si\u0119 najwy\u017cszej jako\u015bci koncentratami z konopi.<\/p>\n<h3>Zalety Stosowania Koncentrat\u00f3w z Konopi<\/h3>\n<p>Koncentraty z konopi, takie jak <strong><a href=\"https:\/\/hitexoticsdistro.eu\/nl\/product-category\/kup-thc-cannabis-distillates\/\">destylaty<\/a> <\/strong>RAW THC, oferuj\u0105 szereg korzy\u015bci:<\/p>\n<ol start=\"1\" data-spread=\"true\">\n<li><strong>Szybkie dzia\u0142anie:<\/strong>\n<ul data-spread=\"false\">\n<li>Wdychanie destylatu zapewnia niemal natychmiastowy efekt.<\/li>\n<\/ul>\n<\/li>\n<li><strong>D\u0142ugotrwa\u0142e rezultaty:<\/strong>\n<ul data-spread=\"false\">\n<li>Spo\u017cycie doustne mo\u017ce zapewni\u0107 efekty trwaj\u0105ce nawet kilka godzin.<\/li>\n<\/ul>\n<\/li>\n<li><strong>Wszechstronno\u015b\u0107:<\/strong>\n<ul data-spread=\"false\">\n<li>Idealne do u\u017cytku domowego, jak i na wynos.<\/li>\n<\/ul>\n<\/li>\n<\/ol>\n<h3>Dlaczego warto kupowa\u0107 online?<\/h3>\n<p>Kupuj\u0105c online w Europie, zyskujesz:<\/p>\n<ul data-spread=\"false\">\n<li><strong>Wygod\u0119:<\/strong> Dostawa bezpo\u015brednio do Twojego domu.<\/li>\n<li><strong>Anonimowo\u015b\u0107:<\/strong> Dyskretne pakowanie i bezpieczna transakcja.<\/li>\n<li><strong>Jako\u015b\u0107:<\/strong> Dost\u0119p do certyfikowanych i przetestowanych produkt\u00f3w.<\/li>\n<\/ul>\n<h3>Podsumowanie<\/h3>\n<p>Strzykawki z destylatem RAW THC to wszechstronny i pot\u0119\u017cny produkt, kt\u00f3ry sprawdzi si\u0119 zar\u00f3wno w codziennym u\u017cytkowaniu, jak i przy bardziej zaawansowanych potrzebach terapeutycznych. Kup strzykawki z destylatem RAW THC w sklepie Hit Exotics Distro i do\u015bwiadcz najwy\u017cszej jako\u015bci koncentrat\u00f3w z konopi.<\/p>\n<p>&nbsp;<\/p>\n<p><img loading=\"lazy\" decoding=\"async\" class=\"alignnone size-medium wp-image-1163\" src=\"https:\/\/hitexoticsdistro.eu\/wp-content\/uploads\/2024\/10\/WhatsApp-Image-2024-10-02-at-3.49.58-PM-1-1-225x300.jpeg\" alt=\"Gdzie bezpiecznie kupi\u0107 marihuan\u0119 online?\" width=\"225\" height=\"300\" srcset=\"https:\/\/hitexoticsdistro.eu\/wp-content\/uploads\/2024\/10\/WhatsApp-Image-2024-10-02-at-3.49.58-PM-1-1-225x300.jpeg 225w, https:\/\/hitexoticsdistro.eu\/wp-content\/uploads\/2024\/10\/WhatsApp-Image-2024-10-02-at-3.49.58-PM-1-1-768x1024.jpeg 768w, https:\/\/hitexoticsdistro.eu\/wp-content\/uploads\/2024\/10\/WhatsApp-Image-2024-10-02-at-3.49.58-PM-1-1-600x800.jpeg 600w, https:\/\/hitexoticsdistro.eu\/wp-content\/uploads\/2024\/10\/WhatsApp-Image-2024-10-02-at-3.49.58-PM-1-1.jpeg 960w\" sizes=\"auto, (max-width: 225px) 100vw, 225px\" \/> <img loading=\"lazy\" decoding=\"async\" class=\"alignnone size-medium wp-image-1149\" src=\"https:\/\/hitexoticsdistro.eu\/wp-content\/uploads\/2024\/10\/WhatsApp-Image-2024-10-02-at-3.50.03-PM-2-300x300.jpeg\" alt=\"Gdzie bezpiecznie kupi\u0107 marihuan\u0119 online?\" width=\"300\" height=\"300\" srcset=\"https:\/\/hitexoticsdistro.eu\/wp-content\/uploads\/2024\/10\/WhatsApp-Image-2024-10-02-at-3.50.03-PM-2-300x300.jpeg 300w, https:\/\/hitexoticsdistro.eu\/wp-content\/uploads\/2024\/10\/WhatsApp-Image-2024-10-02-at-3.50.03-PM-2-150x150.jpeg 150w, https:\/\/hitexoticsdistro.eu\/wp-content\/uploads\/2024\/10\/WhatsApp-Image-2024-10-02-at-3.50.03-PM-2-600x600.jpeg 600w, https:\/\/hitexoticsdistro.eu\/wp-content\/uploads\/2024\/10\/WhatsApp-Image-2024-10-02-at-3.50.03-PM-2-100x100.jpeg 100w, https:\/\/hitexoticsdistro.eu\/wp-content\/uploads\/2024\/10\/WhatsApp-Image-2024-10-02-at-3.50.03-PM-2.jpeg 640w\" sizes=\"auto, (max-width: 300px) 100vw, 300px\" \/> <img loading=\"lazy\" decoding=\"async\" class=\"alignnone size-medium wp-image-1174\" src=\"https:\/\/hitexoticsdistro.eu\/wp-content\/uploads\/2024\/10\/WhatsApp-Image-2024-10-02-at-3.49.57-PM-1-225x300.jpeg\" alt=\"Kup\u00a0Chwast\u00a0Online\" width=\"225\" height=\"300\" srcset=\"https:\/\/hitexoticsdistro.eu\/wp-content\/uploads\/2024\/10\/WhatsApp-Image-2024-10-02-at-3.49.57-PM-1-225x300.jpeg 225w, https:\/\/hitexoticsdistro.eu\/wp-content\/uploads\/2024\/10\/WhatsApp-Image-2024-10-02-at-3.49.57-PM-1-768x1024.jpeg 768w, https:\/\/hitexoticsdistro.eu\/wp-content\/uploads\/2024\/10\/WhatsApp-Image-2024-10-02-at-3.49.57-PM-1-600x800.jpeg 600w, https:\/\/hitexoticsdistro.eu\/wp-content\/uploads\/2024\/10\/WhatsApp-Image-2024-10-02-at-3.49.57-PM-1.jpeg 960w\" sizes=\"auto, (max-width: 225px) 100vw, 225px\" \/><\/p>","protected":false},"excerpt":{"rendered":"<p>Kup Strzykawki z Destylatem RAW THC \u2013 Przewodnik po Najlepszych Koncentratach z Konopi Odkryj Destylaty z Konopi Indyjskich THC w [&hellip;]<\/p>\n","protected":false},"featured_media":660,"comment_status":"closed","ping_status":"closed","template":"","meta":{"_surecart_dashboard_logo_width":"180px","_surecart_dashboard_show_logo":true,"_surecart_dashboard_navigation_orders":true,"_surecart_dashboard_navigation_invoices":true,"_surecart_dashboard_navigation_subscriptions":true,"_surecart_dashboard_navigation_downloads":true,"_surecart_dashboard_navigation_billing":true,"_surecart_dashboard_navigation_account":true,"_uag_custom_page_level_css":"","site-sidebar-layout":"default","site-content-layout":"","ast-site-content-layout":"default","site-content-style":"default","site-sidebar-style":"default","ast-global-header-display":"","ast-banner-title-visibility":"","ast-main-header-display":"","ast-hfb-above-header-display":"","ast-hfb-below-header-display":"","ast-hfb-mobile-header-display":"","site-post-title":"","ast-breadcrumbs-content":"","ast-featured-img":"","footer-sml-layout":"","theme-transparent-header-meta":"default","adv-header-id-meta":"","stick-header-meta":"","header-above-stick-meta":"","header-main-stick-meta":"","header-below-stick-meta":"","astra-migrate-meta-layouts":"set","ast-page-background-enabled":"default","ast-page-background-meta":{"desktop":{"background-color":"var(--ast-global-color-4)","background-image":"","background-repeat":"repeat","background-position":"center center","background-size":"auto","background-attachment":"scroll","background-type":"","background-media":"","overlay-type":"","overlay-color":"","overlay-opacity":"","overlay-gradient":""},"tablet":{"background-color":"","background-image":"","background-repeat":"repeat","background-position":"center center","background-size":"auto","background-attachment":"scroll","background-type":"","background-media":"","overlay-type":"","overlay-color":"","overlay-opacity":"","overlay-gradient":""},"mobile":{"background-color":"","background-image":"","background-repeat":"repeat","background-position":"center center","background-size":"auto","background-attachment":"scroll","background-type":"","background-media":"","overlay-type":"","overlay-color":"","overlay-opacity":"","overlay-gradient":""}},"ast-content-background-meta":{"desktop":{"background-color":"var(--ast-global-color-5)","background-image":"","background-repeat":"repeat","background-position":"center center","background-size":"auto","background-attachment":"scroll","background-type":"","background-media":"","overlay-type":"","overlay-color":"","overlay-opacity":"","overlay-gradient":""},"tablet":{"background-color":"var(--ast-global-color-5)","background-image":"","background-repeat":"repeat","background-position":"center center","background-size":"auto","background-attachment":"scroll","background-type":"","background-media":"","overlay-type":"","overlay-color":"","overlay-opacity":"","overlay-gradient":""},"mobile":{"background-color":"var(--ast-global-color-5)","background-image":"","background-repeat":"repeat","background-position":"center center","background-size":"auto","background-attachment":"scroll","background-type":"","background-media":"","overlay-type":"","overlay-color":"","overlay-opacity":"","overlay-gradient":""}}},"product_brand":[],"product_cat":[53,249],"product_tag":[1610,1232,1302,1614,1594,1615,1616],"class_list":{"0":"post-612","1":"product","2":"type-product","3":"status-publish","4":"has-post-thumbnail","6":"product_cat-kup-koncentraty-konopi-indyjskich-online","7":"product_cat-kup-thc-cannabis-distillates","8":"product_tag-destylatyzkonopiindyjskichthc","9":"product_tag-koncentratyzkonopi","10":"product_tag-kupkoncentratyonline","11":"product_tag-kupstrzykawkirawthc","12":"product_tag-olejekkonopnythc","13":"product_tag-rawthc","14":"product_tag-strzykawkithc","15":"desktop-align-left","16":"tablet-align-left","17":"mobile-align-left","19":"first","20":"instock","21":"sale","22":"shipping-taxable","23":"purchasable","24":"product-type-variable"},"uagb_featured_image_src":{"full":["https:\/\/hitexoticsdistro.eu\/wp-content\/uploads\/2024\/10\/RAW-THC-Hybrid-Distillate-Syringes.jpg",1000,1000,false],"thumbnail":["https:\/\/hitexoticsdistro.eu\/wp-content\/uploads\/2024\/10\/RAW-THC-Hybrid-Distillate-Syringes-150x150.jpg",150,150,true],"medium":["https:\/\/hitexoticsdistro.eu\/wp-content\/uploads\/2024\/10\/RAW-THC-Hybrid-Distillate-Syringes-300x300.jpg",300,300,true],"medium_large":["https:\/\/hitexoticsdistro.eu\/wp-content\/uploads\/2024\/10\/RAW-THC-Hybrid-Distillate-Syringes-768x768.jpg",768,768,true],"large":["https:\/\/hitexoticsdistro.eu\/wp-content\/uploads\/2024\/10\/RAW-THC-Hybrid-Distillate-Syringes.jpg",1000,1000,false],"1536x1536":["https:\/\/hitexoticsdistro.eu\/wp-content\/uploads\/2024\/10\/RAW-THC-Hybrid-Distillate-Syringes.jpg",1000,1000,false],"2048x2048":["https:\/\/hitexoticsdistro.eu\/wp-content\/uploads\/2024\/10\/RAW-THC-Hybrid-Distillate-Syringes.jpg",1000,1000,false],"trp-custom-language-flag":["https:\/\/hitexoticsdistro.eu\/wp-content\/uploads\/2024\/10\/RAW-THC-Hybrid-Distillate-Syringes.jpg",12,12,false],"woocommerce_thumbnail":["https:\/\/hitexoticsdistro.eu\/wp-content\/uploads\/2024\/10\/RAW-THC-Hybrid-Distillate-Syringes-300x300.jpg",300,300,true],"woocommerce_single":["https:\/\/hitexoticsdistro.eu\/wp-content\/uploads\/2024\/10\/RAW-THC-Hybrid-Distillate-Syringes-600x600.jpg",600,600,true],"woocommerce_gallery_thumbnail":["https:\/\/hitexoticsdistro.eu\/wp-content\/uploads\/2024\/10\/RAW-THC-Hybrid-Distillate-Syringes-100x100.jpg",100,100,true]},"uagb_author_info":{"display_name":"","author_link":"https:\/\/hitexoticsdistro.eu\/nl\/author\/"},"uagb_comment_info":0,"uagb_excerpt":"Kup Strzykawki z Destylatem RAW THC \u2013 Przewodnik po Najlepszych Koncentratach z Konopi Odkryj Destylaty z Konopi Indyjskich THC w [&hellip;]","_links":{"self":[{"href":"https:\/\/hitexoticsdistro.eu\/nl\/wp-json\/wp\/v2\/product\/612","targetHints":{"allow":["GET"]}}],"collection":[{"href":"https:\/\/hitexoticsdistro.eu\/nl\/wp-json\/wp\/v2\/product"}],"about":[{"href":"https:\/\/hitexoticsdistro.eu\/nl\/wp-json\/wp\/v2\/types\/product"}],"replies":[{"embeddable":true,"href":"https:\/\/hitexoticsdistro.eu\/nl\/wp-json\/wp\/v2\/comments?post=612"}],"wp:featuredmedia":[{"embeddable":true,"href":"https:\/\/hitexoticsdistro.eu\/nl\/wp-json\/wp\/v2\/media\/660"}],"wp:attachment":[{"href":"https:\/\/hitexoticsdistro.eu\/nl\/wp-json\/wp\/v2\/media?parent=612"}],"wp:term":[{"taxonomy":"product_brand","embeddable":true,"href":"https:\/\/hitexoticsdistro.eu\/nl\/wp-json\/wp\/v2\/product_brand?post=612"},{"taxonomy":"product_cat","embeddable":true,"href":"https:\/\/hitexoticsdistro.eu\/nl\/wp-json\/wp\/v2\/product_cat?post=612"},{"taxonomy":"product_tag","embeddable":true,"href":"https:\/\/hitexoticsdistro.eu\/nl\/wp-json\/wp\/v2\/product_tag?post=612"}],"curies":[{"name":"wp","href":"https:\/\/api.w.org\/{rel}","templated":true}]}}