{"id":401,"date":"2024-10-10T22:49:33","date_gmt":"2024-10-10T22:49:33","guid":{"rendered":"https:\/\/hitexoticsdistro.com\/?post_type=product&#038;p=401"},"modified":"2024-10-26T23:38:31","modified_gmt":"2024-10-26T23:38:31","slug":"kup-grape-god-marihuana-online","status":"publish","type":"product","link":"https:\/\/hitexoticsdistro.eu\/nl\/product\/kup-grape-god-marihuana-online\/","title":{"rendered":"Grape God"},"content":{"rendered":"<h2><strong>Kup Grape God Marihuana Online<\/strong><\/h2>\n<p>Grape God to popularna odmiana, kt\u00f3ra \u0142\u0105czy najlepsze cechy obu \u015bwiat\u00f3w: indica i sativa. Jest krzy\u017c\u00f3wk\u0105 <em>God Bud<\/em> (<a href=\"https:\/\/hitexoticsdistro.eu\/nl\/product-category\/kup-konopie-indyjskie-indica-online\/\">indica<\/a>) oraz <em>Grapefruit<\/em> (<a href=\"https:\/\/hitexoticsdistro.eu\/nl\/product-category\/kup-marihuane-sativa-online-polska\/\">sativa<\/a>), oferuj\u0105c zr\u00f3wnowa\u017cone do\u015bwiadczenie z dominacj\u0105 sativa. Cho\u0107 dok\u0142adny stosunek sativa do indica nie jest znany, u\u017cytkownicy mog\u0105 spodziewa\u0107 si\u0119 podnosz\u0105cego na duchu, a jednocze\u015bnie relaksuj\u0105cego haju, idealnego zar\u00f3wno na dzie\u0144, jak i na wiecz\u00f3r.<\/p>\n<p>Kiedy <strong>kupujesz Grape God Marihuana online<\/strong>, masz dost\u0119p do unikalnej odmiany, kt\u00f3ra \u0142\u0105czy euforyczne, energetyzuj\u0105ce w\u0142a\u015bciwo\u015bci sativa z relaksuj\u0105cymi, terapeutycznymi cechami indica. To czyni j\u0105 idealnym wyborem dla os\u00f3b szukaj\u0105cych ulgi w stresie, l\u0119ku i b\u00f3lu, a jednocze\u015bnie pragn\u0105cych pozosta\u0107 produktywnymi i skoncentrowanymi.<\/p>\n<h3>Dlaczego warto kupi\u0107 Grape God Marihuana Online?<\/h3>\n<p>Kupuj\u0105c Grape God marihuan\u0119 online w zaufanym sklepie, takim jak <em>Hit Exotics Distro<\/em>, masz pewno\u015b\u0107, \u017ce otrzymujesz najwy\u017cszej jako\u015bci konopie, starannie uprawiane i profesjonalnie przetworzone. Niezale\u017cnie od tego, czy u\u017cywasz jej dla przyjemno\u015bci, czy w celach medycznych, Grape God oferuje niezawodne do\u015bwiadczenie za ka\u017cdym razem. Ponadto zakupy online oznaczaj\u0105 dyskretn\u0105 dostaw\u0119 i szeroki wyb\u00f3r produkt\u00f3w dopasowanych do Twoich potrzeb.<\/p>\n<h3>Efekty Grape God<\/h3>\n<p>Grape God zapewnia przyjemne po\u0142\u0105czenie efekt\u00f3w, kt\u00f3re czyni\u0105 j\u0105 wszechstronn\u0105 odmian\u0105 dla r\u00f3\u017cnych u\u017cytkownik\u00f3w. Umiarkowana zawarto\u015b\u0107 <strong>THC na poziomie 14%<\/strong> zapewnia klarowny, skoncentrowany haj bez nadmiernej mocy. Jest to idealne rozwi\u0105zanie zar\u00f3wno dla pocz\u0105tkuj\u0105cych, jak i do\u015bwiadczonych u\u017cytkownik\u00f3w, kt\u00f3rzy szukaj\u0105 zr\u00f3wnowa\u017conego do\u015bwiadczenia. Odmiana ta jest znana z tego, \u017ce wywo\u0142uje:<\/p>\n<ul>\n<li><strong>Euforyczny i podnosz\u0105cy na duchu haj<\/strong>: Grape God mo\u017ce poprawi\u0107 nastr\u00f3j, wprowadzaj\u0105c uczucie szcz\u0119\u015bcia i dobrostanu.<\/li>\n<li><strong>Zwi\u0119kszona energia<\/strong>: Dzi\u0119ki dominacji sativa u\u017cytkownicy cz\u0119sto czuj\u0105 si\u0119 bardziej zmotywowani i pe\u0142ni energii, co czyni j\u0105 doskona\u0142ym wyborem na dzie\u0144.<\/li>\n<li><strong>Relaksacja<\/strong>: Pomimo pobudzaj\u0105cych w\u0142a\u015bciwo\u015bci, genetyka indica zapewnia subtelne rozlu\u017anienie cia\u0142a, \u0142agodz\u0105c napi\u0119cie i stres.<\/li>\n<\/ul>\n<p>W miar\u0119 rozwoju haju, mo\u017cesz znale\u017a\u0107 si\u0119 w stanie spokojnej koncentracji, idealnym do wykonywania zada\u0144, kreatywnych dzia\u0142a\u0144 lub po prostu odpr\u0119\u017cenia bez nadmiernego uspokojenia.<\/p>\n<h3>Korzy\u015bci medyczne Grape God Marihuana<\/h3>\n<p>Grape God jest nie tylko popularna ze wzgl\u0119du na swoje rekreacyjne efekty, ale tak\u017ce dzi\u0119ki szerokiemu zakresowi zastosowa\u0144 terapeutycznych. Kiedy <strong>kupujesz Grape God Marihuana online<\/strong>, wybierasz odmian\u0119, kt\u00f3ra przynosi ulg\u0119 w wielu schorzeniach, w tym:<\/p>\n<ul>\n<li><strong>Przewlek\u0142y b\u00f3l<\/strong>: Koj\u0105ce dzia\u0142anie tej odmiany jest idealne do \u0142agodzenia przewlek\u0142ego b\u00f3lu, artretyzmu i stan\u00f3w zapalnych.<\/li>\n<li><strong>Stres i l\u0119k<\/strong>: Podnosz\u0105cy na duchu haj Grape God pomaga \u0142agodzi\u0107 stres i l\u0119k, wprowadzaj\u0105c uczucie spokoju i relaksu.<\/li>\n<li><strong>Migreny<\/strong>: Po\u0142\u0105czenie efekt\u00f3w umys\u0142owych i fizycznych pomaga zmniejsza\u0107 cz\u0119stotliwo\u015b\u0107 i nasilenie migren.<\/li>\n<li><strong>Bezsenno\u015b\u0107<\/strong>: Cho\u0107 Grape God dostarcza energii w ci\u0105gu dnia, mo\u017ce r\u00f3wnie\u017c pom\u00f3c zasn\u0105\u0107, co czyni j\u0105 odpowiedni\u0105 dla os\u00f3b z bezsenno\u015bci\u0105.<\/li>\n<li><strong>Zaburzenia nastroju<\/strong>: Ta odmiana mo\u017ce pom\u00f3c w radzeniu sobie z wahaniami nastroju, depresj\u0105 i chorob\u0105 afektywn\u0105 dwubiegunow\u0105, oferuj\u0105c zr\u00f3wnowa\u017cone po\u0142\u0105czenie jasno\u015bci umys\u0142u i relaksu.<\/li>\n<\/ul>\n<p>Pomimo niskiej zawarto\u015bci <strong>CBD na poziomie 0,6%<\/strong>, Grape God nadal oferuje znaczny potencja\u0142 terapeutyczny dla os\u00f3b zmagaj\u0105cych si\u0119 z przewlek\u0142ymi schorzeniami, kt\u00f3re nie wymagaj\u0105 wysokiego poziomu <a href=\"https:\/\/biohemp.pl\/pl\/olejki-ekstrakty-cbd-cbg\/\" rel=\"nofollow noopener\" target=\"_blank\">CBD<\/a>.<\/p>\n<h3>Smak i Aromat Grape God<\/h3>\n<p>Jednym z najatrakcyjniejszych aspekt\u00f3w Grape God jest jej <strong>s\u0142odki, owocowy smak<\/strong>, przypominaj\u0105cy <strong>winogrona i jagody<\/strong>, z nut\u0105 <strong>grejpfruta<\/strong>, kt\u00f3ra dodaje orze\u017awiaj\u0105cego, cytrusowego akcentu. Dym jest g\u0142adki i pe\u0142en smaku, pozostawiaj\u0105c s\u0142odko-pikantny posmak, kt\u00f3ry d\u0142ugo utrzymuje si\u0119 na podniebieniu.<\/p>\n<p>Pod wzgl\u0119dem aromatu, Grape God ma silny zapach <strong>ziemi i winogron<\/strong>, z subtelnymi, <strong>pikantnymi nutami<\/strong>, kt\u00f3re dodaj\u0105 z\u0142o\u017cono\u015bci do ca\u0142ego do\u015bwiadczenia. Niezale\u017cnie od tego, czy wapujesz, palisz, czy korzystasz z koncentrat\u00f3w, profil smakowy tej odmiany zach\u0119ca do powrotu.<\/p>\n<h3>Wygl\u0105d Grape God Marihuana<\/h3>\n<p>Pod wzgl\u0119dem wizualnym, Grape God wyr\u00f3\u017cnia si\u0119 jasnymi, zielonymi p\u0105kami z <strong>ciemnymi z\u0142otymi nitkami<\/strong>, co tworzy uderzaj\u0105cy wizualnie kontrast. P\u0105ki s\u0105 g\u0119ste i lepkie, pokryte grub\u0105 warstw\u0105 oszronionych trichom\u00f3w, kt\u00f3re nadaj\u0105 im iskrz\u0105cy wygl\u0105d. Kiedy <strong>kupujesz Grape God Marihuana online<\/strong>, inwestujesz w odmian\u0119, kt\u00f3ra nie tylko oferuje \u015bwietne efekty, ale tak\u017ce wygl\u0105da imponuj\u0105co.<\/p>\n<h3>Dlaczego warto wybra\u0107 Grape God?<\/h3>\n<ul>\n<li><strong>Zr\u00f3wnowa\u017cone efekty<\/strong>: Idealna zar\u00f3wno na dzie\u0144, jak i wiecz\u00f3r, Grape God oferuje po\u0142\u0105czenie stymulacji umys\u0142owej i relaksu fizycznego.<\/li>\n<li><strong>Korzy\u015bci terapeutyczne<\/strong>: Niezale\u017cnie od tego, czy zmagasz si\u0119 z przewlek\u0142ym b\u00f3lem, l\u0119kiem czy bezsenno\u015bci\u0105, Grape God przynosi ulg\u0119 bez nadmiernego uspokojenia.<\/li>\n<li><strong>\u015awietna na spotkania towarzyskie lub relaks w samotno\u015bci<\/strong>: Jej podnosz\u0105ce na duchu efekty sprawiaj\u0105, \u017ce doskonale nadaje si\u0119 na spotkania towarzyskie, a jednocze\u015bnie jej koj\u0105ce w\u0142a\u015bciwo\u015bci zapewniaj\u0105 relaks w samotno\u015bci.<\/li>\n<\/ul>\n<h3>Kup Grape God Marihuana Online Ju\u017c Teraz!<\/h3>\n<p>Jeste\u015b gotowy, aby do\u015bwiadczy\u0107 zr\u00f3wnowa\u017conych, terapeutycznych efekt\u00f3w Grape God? Kiedy <strong>kupujesz Grape God Marihuana online<\/strong> w <a href=\"https:\/\/hitexoticsdistro.eu\/nl\/\"><em>Hit Exotics Distro<\/em><\/a>, mo\u017cesz cieszy\u0107 si\u0119 wygod\u0105 zamawiania premium konopi dostarczonych prosto do Twoich drzwi. Niezale\u017cnie od tego, czy szukasz ulgi w przewlek\u0142ych dolegliwo\u015bciach, czy po prostu chcesz si\u0119 odpr\u0119\u017cy\u0107 i cieszy\u0107 wieczorem, Grape God jest odmian\u0105 dla Ciebie.<\/p>\n<p>Zam\u00f3w ju\u017c teraz i do\u015bwiadcz idealnego po\u0142\u0105czenia <strong>euforii, relaksu<\/strong> i <strong>pysznych smak\u00f3w<\/strong> z t\u0105 ikoniczn\u0105 <a href=\"https:\/\/hitexoticsdistro.eu\/nl\/product-category\/hybrydowe-odmiany-marihuany-online\/\">hybrydow\u0105 odmian\u0105<\/a>.<\/p>\n<h3>Najcz\u0119\u015bciej Zadawane Pytania o Grape God Marihuana<\/h3>\n<p><strong>1. Jaka jest zawarto\u015b\u0107 THC w Grape God?<\/strong><br \/>\nGrape God ma umiarkowan\u0105 zawarto\u015b\u0107 THC wynosz\u0105c\u0105 oko\u0142o 14%, co czyni j\u0105 doskona\u0142ym wyborem dla u\u017cytkownik\u00f3w szukaj\u0105cych zr\u00f3wnowa\u017conych efekt\u00f3w bez nadmiernej mocy.<\/p>\n<p><strong>2. Jakie s\u0105 g\u0142\u00f3wne efekty Grape God?<\/strong><br \/>\nG\u0142\u00f3wne efekty to euforia, energia i jasno\u015b\u0107 umys\u0142u, w po\u0142\u0105czeniu z relaksuj\u0105cym dzia\u0142aniem na cia\u0142o. Idealna zar\u00f3wno na dzie\u0144, jak i wiecz\u00f3r.<\/p>\n<p><strong>3. Czy Grape God nadaje si\u0119 do u\u017cytku medycznego?<\/strong><br \/>\nTak, Grape God jest stosowana w leczeniu przewlek\u0142ego b\u00f3lu, l\u0119ku, bezsenno\u015bci, zaburze\u0144 nastroju i innych dolegliwo\u015bci. Jej terapeutyczne dzia\u0142anie jest szerokie, co czyni j\u0105 popularn\u0105 w\u015br\u00f3d u\u017cytkownik\u00f3w medycznych.<\/p>\n<p><strong>4. Jak smakuje Grape God?<\/strong><br \/>\nGrape God ma owocowy, winogronowy smak z nutami jag\u00f3d i grejpfruta oraz ziemistymi i pikantnymi podtonami.<\/p>\n<h3>Podsumowanie<\/h3>\n<p>Grape God to wszechstronna hybryda, kt\u00f3ra \u0142\u0105czy najlepsze cechy genetyki sativa i indica. Dzi\u0119ki zr\u00f3wnowa\u017conym efektom, owocowym smakom i terapeutycznym korzy\u015bciom, nie ma w\u0105tpliwo\u015bci, \u017ce ta odmiana jest ulubie\u0144cem mi\u0142o\u015bnik\u00f3w konopi. <strong>Kup Grape God Marihuana online<\/strong> ju\u017c dzi\u015b i odkryj, dlaczego ta odmiana jest ceniona za swoj\u0105 zdolno\u015b\u0107 do uspokajania cia\u0142a, podnoszenia umys\u0142u i dostarczania pysznych wra\u017ce\u0144.<\/p>\n<p>&nbsp;<\/p>\n<p><img loading=\"lazy\" decoding=\"async\" class=\"alignnone size-medium wp-image-1149\" src=\"https:\/\/hitexoticsdistro.eu\/wp-content\/uploads\/2024\/10\/WhatsApp-Image-2024-10-02-at-3.50.03-PM-2-300x300.jpeg\" alt=\"Gdzie bezpiecznie kupi\u0107 marihuan\u0119 online?\" width=\"300\" height=\"300\" srcset=\"https:\/\/hitexoticsdistro.eu\/wp-content\/uploads\/2024\/10\/WhatsApp-Image-2024-10-02-at-3.50.03-PM-2-300x300.jpeg 300w, https:\/\/hitexoticsdistro.eu\/wp-content\/uploads\/2024\/10\/WhatsApp-Image-2024-10-02-at-3.50.03-PM-2-150x150.jpeg 150w, https:\/\/hitexoticsdistro.eu\/wp-content\/uploads\/2024\/10\/WhatsApp-Image-2024-10-02-at-3.50.03-PM-2-600x600.jpeg 600w, https:\/\/hitexoticsdistro.eu\/wp-content\/uploads\/2024\/10\/WhatsApp-Image-2024-10-02-at-3.50.03-PM-2-100x100.jpeg 100w, https:\/\/hitexoticsdistro.eu\/wp-content\/uploads\/2024\/10\/WhatsApp-Image-2024-10-02-at-3.50.03-PM-2.jpeg 640w\" sizes=\"auto, (max-width: 300px) 100vw, 300px\" \/><\/p>","protected":false},"excerpt":{"rendered":"<p>Kup Grape God Marihuana Online Grape God to popularna odmiana, kt\u00f3ra \u0142\u0105czy najlepsze cechy obu \u015bwiat\u00f3w: indica i sativa. Jest [&hellip;]<\/p>\n","protected":false},"featured_media":461,"comment_status":"closed","ping_status":"closed","template":"","meta":{"_surecart_dashboard_logo_width":"180px","_surecart_dashboard_show_logo":true,"_surecart_dashboard_navigation_orders":true,"_surecart_dashboard_navigation_invoices":true,"_surecart_dashboard_navigation_subscriptions":true,"_surecart_dashboard_navigation_downloads":true,"_surecart_dashboard_navigation_billing":true,"_surecart_dashboard_navigation_account":true,"_uag_custom_page_level_css":"","site-sidebar-layout":"default","site-content-layout":"","ast-site-content-layout":"default","site-content-style":"default","site-sidebar-style":"default","ast-global-header-display":"","ast-banner-title-visibility":"","ast-main-header-display":"","ast-hfb-above-header-display":"","ast-hfb-below-header-display":"","ast-hfb-mobile-header-display":"","site-post-title":"","ast-breadcrumbs-content":"","ast-featured-img":"","footer-sml-layout":"","ast-disable-related-posts":"","theme-transparent-header-meta":"default","adv-header-id-meta":"","stick-header-meta":"","header-above-stick-meta":"","header-main-stick-meta":"","header-below-stick-meta":"","astra-migrate-meta-layouts":"set","ast-page-background-enabled":"default","ast-page-background-meta":{"desktop":{"background-color":"var(--ast-global-color-5)","background-image":"","background-repeat":"repeat","background-position":"center center","background-size":"auto","background-attachment":"scroll","background-type":"","background-media":"","overlay-type":"","overlay-color":"","overlay-opacity":"","overlay-gradient":""},"tablet":{"background-color":"","background-image":"","background-repeat":"repeat","background-position":"center center","background-size":"auto","background-attachment":"scroll","background-type":"","background-media":"","overlay-type":"","overlay-color":"","overlay-opacity":"","overlay-gradient":""},"mobile":{"background-color":"","background-image":"","background-repeat":"repeat","background-position":"center center","background-size":"auto","background-attachment":"scroll","background-type":"","background-media":"","overlay-type":"","overlay-color":"","overlay-opacity":"","overlay-gradient":""}},"ast-content-background-meta":{"desktop":{"background-color":"var(--ast-global-color-4)","background-image":"","background-repeat":"repeat","background-position":"center center","background-size":"auto","background-attachment":"scroll","background-type":"","background-media":"","overlay-type":"","overlay-color":"","overlay-opacity":"","overlay-gradient":""},"tablet":{"background-color":"var(--ast-global-color-4)","background-image":"","background-repeat":"repeat","background-position":"center center","background-size":"auto","background-attachment":"scroll","background-type":"","background-media":"","overlay-type":"","overlay-color":"","overlay-opacity":"","overlay-gradient":""},"mobile":{"background-color":"var(--ast-global-color-4)","background-image":"","background-repeat":"repeat","background-position":"center center","background-size":"auto","background-attachment":"scroll","background-type":"","background-media":"","overlay-type":"","overlay-color":"","overlay-opacity":"","overlay-gradient":""}}},"product_brand":[],"product_cat":[56,57],"product_tag":[109],"class_list":{"0":"post-401","1":"product","2":"type-product","3":"status-publish","4":"has-post-thumbnail","6":"product_cat-gdzie-moge-kupic-marihuane","7":"product_cat-kup-marihuane-sativa-online-polska","8":"product_tag-grape-god-marijuana-strain","9":"desktop-align-left","10":"tablet-align-left","11":"mobile-align-left","13":"first","14":"instock","15":"shipping-taxable","16":"purchasable","17":"product-type-variable"},"uagb_featured_image_src":{"full":["https:\/\/hitexoticsdistro.eu\/wp-content\/uploads\/2024\/10\/Grape-God-Marijuana-Strain.webp",570,427,false],"thumbnail":["https:\/\/hitexoticsdistro.eu\/wp-content\/uploads\/2024\/10\/Grape-God-Marijuana-Strain-150x150.webp",150,150,true],"medium":["https:\/\/hitexoticsdistro.eu\/wp-content\/uploads\/2024\/10\/Grape-God-Marijuana-Strain-300x225.webp",300,225,true],"medium_large":["https:\/\/hitexoticsdistro.eu\/wp-content\/uploads\/2024\/10\/Grape-God-Marijuana-Strain.webp",570,427,false],"large":["https:\/\/hitexoticsdistro.eu\/wp-content\/uploads\/2024\/10\/Grape-God-Marijuana-Strain.webp",570,427,false],"1536x1536":["https:\/\/hitexoticsdistro.eu\/wp-content\/uploads\/2024\/10\/Grape-God-Marijuana-Strain.webp",570,427,false],"2048x2048":["https:\/\/hitexoticsdistro.eu\/wp-content\/uploads\/2024\/10\/Grape-God-Marijuana-Strain.webp",570,427,false],"trp-custom-language-flag":["https:\/\/hitexoticsdistro.eu\/wp-content\/uploads\/2024\/10\/Grape-God-Marijuana-Strain.webp",16,12,false],"woocommerce_thumbnail":["https:\/\/hitexoticsdistro.eu\/wp-content\/uploads\/2024\/10\/Grape-God-Marijuana-Strain-300x300.webp",300,300,true],"woocommerce_single":["https:\/\/hitexoticsdistro.eu\/wp-content\/uploads\/2024\/10\/Grape-God-Marijuana-Strain.webp",570,427,false],"woocommerce_gallery_thumbnail":["https:\/\/hitexoticsdistro.eu\/wp-content\/uploads\/2024\/10\/Grape-God-Marijuana-Strain-100x100.webp",100,100,true]},"uagb_author_info":{"display_name":"","author_link":"https:\/\/hitexoticsdistro.eu\/nl\/author\/"},"uagb_comment_info":0,"uagb_excerpt":"Kup Grape God Marihuana Online Grape God to popularna odmiana, kt\u00f3ra \u0142\u0105czy najlepsze cechy obu \u015bwiat\u00f3w: indica i sativa. Jest [&hellip;]","_links":{"self":[{"href":"https:\/\/hitexoticsdistro.eu\/nl\/wp-json\/wp\/v2\/product\/401","targetHints":{"allow":["GET"]}}],"collection":[{"href":"https:\/\/hitexoticsdistro.eu\/nl\/wp-json\/wp\/v2\/product"}],"about":[{"href":"https:\/\/hitexoticsdistro.eu\/nl\/wp-json\/wp\/v2\/types\/product"}],"replies":[{"embeddable":true,"href":"https:\/\/hitexoticsdistro.eu\/nl\/wp-json\/wp\/v2\/comments?post=401"}],"wp:featuredmedia":[{"embeddable":true,"href":"https:\/\/hitexoticsdistro.eu\/nl\/wp-json\/wp\/v2\/media\/461"}],"wp:attachment":[{"href":"https:\/\/hitexoticsdistro.eu\/nl\/wp-json\/wp\/v2\/media?parent=401"}],"wp:term":[{"taxonomy":"product_brand","embeddable":true,"href":"https:\/\/hitexoticsdistro.eu\/nl\/wp-json\/wp\/v2\/product_brand?post=401"},{"taxonomy":"product_cat","embeddable":true,"href":"https:\/\/hitexoticsdistro.eu\/nl\/wp-json\/wp\/v2\/product_cat?post=401"},{"taxonomy":"product_tag","embeddable":true,"href":"https:\/\/hitexoticsdistro.eu\/nl\/wp-json\/wp\/v2\/product_tag?post=401"}],"curies":[{"name":"wp","href":"https:\/\/api.w.org\/{rel}","templated":true}]}}