{"id":375,"date":"2024-10-10T22:48:45","date_gmt":"2024-10-10T22:48:45","guid":{"rendered":"https:\/\/hitexoticsdistro.com\/?post_type=product&#038;p=375"},"modified":"2024-10-26T23:44:07","modified_gmt":"2024-10-26T23:44:07","slug":"zamow-sour-tangie-marihuane-online","status":"publish","type":"product","link":"https:\/\/hitexoticsdistro.eu\/nl\/product\/zamow-sour-tangie-marihuane-online\/","title":{"rendered":"Sour Tangie"},"content":{"rendered":"<h2>Zam\u00f3w Sour Tangie Marihuan\u0119 Online<\/h2>\n<p>Sour Tangie to bardzo poszukiwany <strong>sativa-dominuj\u0105cy <a href=\"https:\/\/hitexoticsdistro.eu\/nl\/product-category\/hybrydowe-odmiany-marihuany-online\/\">hybrid<\/a><\/strong> (80% <a href=\"https:\/\/hitexoticsdistro.eu\/nl\/product-category\/kup-marihuane-sativa-online-polska\/\">sativa<\/a> \/ 20% <a href=\"https:\/\/hitexoticsdistro.eu\/nl\/product-category\/kup-konopie-indyjskie-indica-online\/\">indica<\/a>), kt\u00f3ry \u0142\u0105czy w sobie najlepsze cechy swoich rodzic\u00f3w \u2013 odmian <em>East Coast Sour Diesel<\/em> oraz <em>Tangie<\/em>. Dzi\u0119ki swojemu unikalnemu profilowi smakowemu i energetyzuj\u0105cym efektom, sta\u0142 si\u0119 ulubie\u0144cem w\u015br\u00f3d entuzjast\u00f3w konopi, kt\u00f3rzy szukaj\u0105 zr\u00f3wnowa\u017conego, a zarazem pobudzaj\u0105cego do\u015bwiadczenia. Kiedy <strong>zam\u00f3wisz Sour Tangie marihuan\u0119 online<\/strong>, otrzymasz najwy\u017cszej jako\u015bci odmian\u0119, idealn\u0105 na dzie\u0144, do tw\u00f3rczych dzia\u0142a\u0144 oraz \u0142agodzenia stresu.<\/p>\n<h3>Dlaczego warto wybra\u0107 Sour Tangie?<\/h3>\n<p>Sour Tangie wyr\u00f3\u017cnia si\u0119 <strong>niesamowitym smakiem<\/strong> i <strong>pot\u0119\u017cnymi efektami<\/strong>. Znana jest z ostrego, kwa\u015bnego cytrusowego aromatu z nutami ziemistego diesla, kt\u00f3re intensyfikuj\u0105 si\u0119 podczas palenia. Smak jest podobny do zapachu \u2013 <strong>kwa\u015bny i cytrusowy<\/strong>, z ostrym posmakiem diesla, kt\u00f3ry pozostaje na podniebieniu. Z poziomem THC wynosz\u0105cym <strong>21%-22%<\/strong>, Sour Tangie oferuje silny haj, kt\u00f3ry dodaje energii, poprawia koncentracj\u0119 i jest idealny zar\u00f3wno do rekreacyjnego, jak i medycznego u\u017cytku.<\/p>\n<h3>Pobudzaj\u0105ce efekty Sour Tangie<\/h3>\n<p>Sour Tangie dostarcza intensywnego <strong>haju umys\u0142owego<\/strong>, typowego dla sativa-dominuj\u0105cych odmian. Zaczyna si\u0119 od fali euforii i energii, co sprawia, \u017ce jest doskona\u0142ym wyborem dla tych, kt\u00f3rzy potrzebuj\u0105 mentalnego zastrzyku, aby rozpocz\u0105\u0107 kreatywne projekty, zaanga\u017cowa\u0107 si\u0119 w dzia\u0142ania spo\u0142eczne lub po prostu by\u0107 bardziej produktywnym w ci\u0105gu dnia. Kiedy efekty zaczynaj\u0105 ust\u0119powa\u0107, pojawia si\u0119 <strong>\u0142agodny relaks cia\u0142a<\/strong>, co zapobiega nadmiernemu pobudzeniu, czyni\u0105c j\u0105 dobrze zr\u00f3wnowa\u017con\u0105 odmian\u0105 na ca\u0142y dzie\u0144.<\/p>\n<ul>\n<li><strong>Zwi\u0119kszona koncentracja i kreatywno\u015b\u0107<\/strong>: Sour Tangie wspomaga jasno\u015b\u0107 umys\u0142u i kreatywno\u015b\u0107, co czyni j\u0105 \u015bwietnym wyborem do zada\u0144 wymagaj\u0105cych g\u0142\u0119bokiego my\u015blenia lub artystycznego wyrazu.<\/li>\n<li><strong>Energetyzuj\u0105ca<\/strong>: Efekty sativy sprawiaj\u0105, \u017ce ta odmiana jest idealna na dzie\u0144, oferuj\u0105c energetyzuj\u0105cy haj bez senno\u015bci charakterystycznej dla odmian indica.<\/li>\n<li><strong>\u0141agodzenie stresu i l\u0119ku<\/strong>: Upliftingowe dzia\u0142anie Sour Tangie pomaga z\u0142agodzi\u0107 stres, l\u0119k i lekk\u0105 depresj\u0119, oferuj\u0105c przejrzysty, uspokajaj\u0105cy haj.<\/li>\n<\/ul>\n<h3>Korzy\u015bci terapeutyczne Sour Tangie<\/h3>\n<p>Opr\u00f3cz swojej rekreacyjnej atrakcyjno\u015bci, Sour Tangie oferuje szeroki zakres <strong>korzy\u015bci terapeutycznych<\/strong> dla u\u017cytkownik\u00f3w medycznych. Po\u0142\u0105czenie stymulacji umys\u0142owej i \u0142agodnego relaksu cia\u0142a mo\u017ce pom\u00f3c w leczeniu wielu schorze\u0144, w tym:<\/p>\n<ul>\n<li><strong>Stres i l\u0119k<\/strong>: Upliftingowe i euforyczne efekty Sour Tangie pomagaj\u0105 z\u0142agodzi\u0107 stres i l\u0119k, oferuj\u0105c popraw\u0119 nastroju bez ci\u0119\u017cko\u015bci silniejszych odmian indica.<\/li>\n<li><strong>Depresja<\/strong>: Dzi\u0119ki swojej zdolno\u015bci do poprawy nastroju i stymulacji umys\u0142u, Sour Tangie jest idealna dla os\u00f3b zmagaj\u0105cych si\u0119 z lekk\u0105 depresj\u0105.<\/li>\n<li><strong>Zm\u0119czenie<\/strong>: Energizuj\u0105ce efekty Sour Tangie zwalczaj\u0105 zm\u0119czenie, pomagaj\u0105c u\u017cytkownikom by\u0107 bardziej czujnymi i skupionymi przez ca\u0142y dzie\u0144.<\/li>\n<li><strong>Przewlek\u0142y b\u00f3l<\/strong>: Chocia\u017c jest to odmiana sativa-dominuj\u0105ca, Sour Tangie zapewnia delikatny relaks cia\u0142a, co mo\u017ce pom\u00f3c w \u0142agodzeniu przewlek\u0142ego b\u00f3lu bez nadmiernej sedacji.<\/li>\n<\/ul>\n<h3>Zam\u00f3w Sour Tangie Marihuan\u0119 Online: Jak zdoby\u0107 najwy\u017csz\u0105 jako\u015b\u0107<\/h3>\n<p>Je\u015bli jeste\u015b gotowy, aby do\u015bwiadczy\u0107 energetyzuj\u0105cych efekt\u00f3w Sour Tangie, <strong>zam\u00f3w Sour Tangie marihuan\u0119 online<\/strong> od zaufanych dostawc\u00f3w, takich jak <em>Hit Exotics Distro<\/em>. Kupuj\u0105c online, masz pewno\u015b\u0107, \u017ce otrzymasz \u015bwie\u017ce, mocne i dyskretnie dostarczone p\u0105ki najwy\u017cszej jako\u015bci. Niezale\u017cnie od tego, czy u\u017cywasz jej do rekreacji, czy terapeutycznie, zam\u00f3wienie Sour Tangie w renomowanym sklepie internetowym gwarantuje bezpieczne i satysfakcjonuj\u0105ce do\u015bwiadczenie z konopiami.<\/p>\n<h3>Co sprawia, \u017ce Sour Tangie jest wyj\u0105tkowa?<\/h3>\n<ul>\n<li><strong>Sativa-dominuj\u0105ca<\/strong>: Dzi\u0119ki wysokiej zawarto\u015bci sativy Sour Tangie dostarcza energetyzuj\u0105cy, euforyczny haj, idealny na dzie\u0144.<\/li>\n<li><strong>Unikalny profil smakowy<\/strong>: Po\u0142\u0105czenie <strong>kwa\u015bnych cytrus\u00f3w<\/strong> i <strong>nut diesla<\/strong> tworzy odwa\u017cny, niezapomniany smak, kt\u00f3ry wyr\u00f3\u017cnia si\u0119 w\u015br\u00f3d innych <a href=\"https:\/\/biohemp.pl\/pl\/olejki-ekstrakty-cbd-cbg\/\" rel=\"nofollow noopener\" target=\"_blank\">odmian<\/a>.<\/li>\n<li><strong>Zr\u00f3wnowa\u017cone efekty<\/strong>: Pomimo silnego haju umys\u0142owego, delikatne rozlu\u017anienie cia\u0142a zapewnia zr\u00f3wnowa\u017cone do\u015bwiadczenie bez zjawiska &#8222;kanapowego zamkni\u0119cia&#8221; lub senno\u015bci.<\/li>\n<li><strong>Wysoka zawarto\u015b\u0107 THC<\/strong>: Z poziomem THC wynosz\u0105cym <strong>21%-22%<\/strong>, Sour Tangie dostarcza pot\u0119\u017cny, d\u0142ugotrwa\u0142y haj, odpowiedni zar\u00f3wno dla u\u017cytkownik\u00f3w rekreacyjnych, jak i medycznych.<\/li>\n<\/ul>\n<h3>Najcz\u0119\u015bciej zadawane pytania<\/h3>\n<h4>Jaki jest poziom THC w Sour Tangie?<\/h4>\n<p>Sour Tangie zazwyczaj ma poziom THC wynosz\u0105cy <strong>21%-22%<\/strong>, co czyni j\u0105 mocn\u0105 odmian\u0105 dla u\u017cytkownik\u00f3w szukaj\u0105cych silnego, d\u0142ugotrwa\u0142ego haju.<\/p>\n<h4>Jakie s\u0105 g\u0142\u00f3wne efekty Sour Tangie?<\/h4>\n<p>Sour Tangie dostarcza podnosz\u0105cy na duchu haj umys\u0142owy, zwi\u0119ksza koncentracj\u0119 i kreatywno\u015b\u0107 oraz zapewnia delikatne rozlu\u017anienie cia\u0142a, co czyni j\u0105 idealn\u0105 na dzie\u0144.<\/p>\n<h4>Czy Sour Tangie nadaje si\u0119 do \u0142agodzenia stresu?<\/h4>\n<p>Tak, euforyczne i uspokajaj\u0105ce efekty Sour Tangie sprawiaj\u0105, \u017ce jest doskona\u0142a do \u0142agodzenia stresu, l\u0119ku i lekkiej depresji.<\/p>\n<h4>Jak smakuje Sour Tangie?<\/h4>\n<p>Sour Tangie ma <strong>kwa\u015bny, cytrusowy smak<\/strong> z ziemistymi, dieslowymi nutami, oferuj\u0105c ostry, kwa\u015bny posmak, kt\u00f3ry intensyfikuje si\u0119 podczas palenia.<\/p>\n<h4>Czy Sour Tangie mo\u017cna stosowa\u0107 w celu \u0142agodzenia b\u00f3lu?<\/h4>\n<p>Chocia\u017c jest to g\u0142\u00f3wnie odmiana sativa, Sour Tangie zapewnia delikatne rozlu\u017anienie cia\u0142a, kt\u00f3re mo\u017ce pom\u00f3c w \u0142agodzeniu przewlek\u0142ego b\u00f3lu bez nadmiernej sedacji.<\/p>\n<h3>Zam\u00f3w Sour Tangie Marihuan\u0119 Online Ju\u017c Teraz!<\/h3>\n<p>Nie przegap okazji, aby do\u015bwiadczy\u0107 energetyzuj\u0105cych i podnosz\u0105cych na duchu efekt\u00f3w Sour Tangie. <strong>Zam\u00f3w Sour Tangie marihuan\u0119 online<\/strong> od <em>Hit Exotics Distro<\/em> ju\u017c dzi\u015b i odkryj, dlaczego ta odmiana sta\u0142a si\u0119 ulubie\u0144cem mi\u0142o\u015bnik\u00f3w sativy. Niezale\u017cnie od tego, czy u\u017cywasz jej do zwi\u0119kszenia kreatywno\u015bci, dodania energii, czy z\u0142agodzenia stresu, Sour Tangie to idealna odmiana, kt\u00f3r\u0105 warto doda\u0107 do swojej kolekcji konopi.<\/p>\n<p>&nbsp;<\/p>\n<p><img loading=\"lazy\" decoding=\"async\" class=\"alignnone size-medium wp-image-1149\" src=\"https:\/\/hitexoticsdistro.eu\/wp-content\/uploads\/2024\/10\/WhatsApp-Image-2024-10-02-at-3.50.03-PM-2-300x300.jpeg\" alt=\"Gdzie bezpiecznie kupi\u0107 marihuan\u0119 online?\" width=\"300\" height=\"300\" srcset=\"https:\/\/hitexoticsdistro.eu\/wp-content\/uploads\/2024\/10\/WhatsApp-Image-2024-10-02-at-3.50.03-PM-2-300x300.jpeg 300w, https:\/\/hitexoticsdistro.eu\/wp-content\/uploads\/2024\/10\/WhatsApp-Image-2024-10-02-at-3.50.03-PM-2-150x150.jpeg 150w, https:\/\/hitexoticsdistro.eu\/wp-content\/uploads\/2024\/10\/WhatsApp-Image-2024-10-02-at-3.50.03-PM-2-600x600.jpeg 600w, https:\/\/hitexoticsdistro.eu\/wp-content\/uploads\/2024\/10\/WhatsApp-Image-2024-10-02-at-3.50.03-PM-2-100x100.jpeg 100w, https:\/\/hitexoticsdistro.eu\/wp-content\/uploads\/2024\/10\/WhatsApp-Image-2024-10-02-at-3.50.03-PM-2.jpeg 640w\" sizes=\"auto, (max-width: 300px) 100vw, 300px\" \/><\/p>","protected":false},"excerpt":{"rendered":"<p>Zam\u00f3w Sour Tangie Marihuan\u0119 Online Sour Tangie to bardzo poszukiwany sativa-dominuj\u0105cy hybrid (80% sativa \/ 20% indica), kt\u00f3ry \u0142\u0105czy w [&hellip;]<\/p>\n","protected":false},"featured_media":424,"comment_status":"closed","ping_status":"closed","template":"","meta":{"_surecart_dashboard_logo_width":"180px","_surecart_dashboard_show_logo":true,"_surecart_dashboard_navigation_orders":true,"_surecart_dashboard_navigation_invoices":true,"_surecart_dashboard_navigation_subscriptions":true,"_surecart_dashboard_navigation_downloads":true,"_surecart_dashboard_navigation_billing":true,"_surecart_dashboard_navigation_account":true,"_uag_custom_page_level_css":"","site-sidebar-layout":"default","site-content-layout":"","ast-site-content-layout":"default","site-content-style":"default","site-sidebar-style":"default","ast-global-header-display":"","ast-banner-title-visibility":"","ast-main-header-display":"","ast-hfb-above-header-display":"","ast-hfb-below-header-display":"","ast-hfb-mobile-header-display":"","site-post-title":"","ast-breadcrumbs-content":"","ast-featured-img":"","footer-sml-layout":"","theme-transparent-header-meta":"default","adv-header-id-meta":"","stick-header-meta":"","header-above-stick-meta":"","header-main-stick-meta":"","header-below-stick-meta":"","astra-migrate-meta-layouts":"set","ast-page-background-enabled":"default","ast-page-background-meta":{"desktop":{"background-color":"var(--ast-global-color-4)","background-image":"","background-repeat":"repeat","background-position":"center center","background-size":"auto","background-attachment":"scroll","background-type":"","background-media":"","overlay-type":"","overlay-color":"","overlay-opacity":"","overlay-gradient":""},"tablet":{"background-color":"","background-image":"","background-repeat":"repeat","background-position":"center center","background-size":"auto","background-attachment":"scroll","background-type":"","background-media":"","overlay-type":"","overlay-color":"","overlay-opacity":"","overlay-gradient":""},"mobile":{"background-color":"","background-image":"","background-repeat":"repeat","background-position":"center center","background-size":"auto","background-attachment":"scroll","background-type":"","background-media":"","overlay-type":"","overlay-color":"","overlay-opacity":"","overlay-gradient":""}},"ast-content-background-meta":{"desktop":{"background-color":"var(--ast-global-color-5)","background-image":"","background-repeat":"repeat","background-position":"center center","background-size":"auto","background-attachment":"scroll","background-type":"","background-media":"","overlay-type":"","overlay-color":"","overlay-opacity":"","overlay-gradient":""},"tablet":{"background-color":"var(--ast-global-color-5)","background-image":"","background-repeat":"repeat","background-position":"center center","background-size":"auto","background-attachment":"scroll","background-type":"","background-media":"","overlay-type":"","overlay-color":"","overlay-opacity":"","overlay-gradient":""},"mobile":{"background-color":"var(--ast-global-color-5)","background-image":"","background-repeat":"repeat","background-position":"center center","background-size":"auto","background-attachment":"scroll","background-type":"","background-media":"","overlay-type":"","overlay-color":"","overlay-opacity":"","overlay-gradient":""}}},"product_brand":[],"product_cat":[56,57],"product_tag":[589,587,588,551,573,580,569,94,585,586,590,584],"class_list":{"0":"post-375","1":"product","2":"type-product","3":"status-publish","4":"has-post-thumbnail","6":"product_cat-gdzie-moge-kupic-marihuane","7":"product_cat-kup-marihuane-sativa-online-polska","8":"product_tag-efektysourtangie","9":"product_tag-energetyzujaceodmiany","10":"product_tag-hajtworczy","11":"product_tag-hitexoticsdistro","12":"product_tag-kupkonopieonline","13":"product_tag-marihuananastres","14":"product_tag-medycznamarihuana","15":"product_tag-order-sour-tangie-weed-strain-europe","16":"product_tag-sativadominanthybrid","17":"product_tag-sourtangie","18":"product_tag-thc22","19":"product_tag-zamowsourtangiemarihuanaonline","20":"desktop-align-left","21":"tablet-align-left","22":"mobile-align-left","24":"first","25":"instock","26":"shipping-taxable","27":"purchasable","28":"product-type-variable"},"uagb_featured_image_src":{"full":["https:\/\/hitexoticsdistro.eu\/wp-content\/uploads\/2024\/10\/Sour-Tangie-Weed-Strain.webp",2048,1365,false],"thumbnail":["https:\/\/hitexoticsdistro.eu\/wp-content\/uploads\/2024\/10\/Sour-Tangie-Weed-Strain-150x150.webp",150,150,true],"medium":["https:\/\/hitexoticsdistro.eu\/wp-content\/uploads\/2024\/10\/Sour-Tangie-Weed-Strain-300x200.webp",300,200,true],"medium_large":["https:\/\/hitexoticsdistro.eu\/wp-content\/uploads\/2024\/10\/Sour-Tangie-Weed-Strain-768x512.webp",768,512,true],"large":["https:\/\/hitexoticsdistro.eu\/wp-content\/uploads\/2024\/10\/Sour-Tangie-Weed-Strain-1024x683.webp",1024,683,true],"1536x1536":["https:\/\/hitexoticsdistro.eu\/wp-content\/uploads\/2024\/10\/Sour-Tangie-Weed-Strain-1536x1024.webp",1536,1024,true],"2048x2048":["https:\/\/hitexoticsdistro.eu\/wp-content\/uploads\/2024\/10\/Sour-Tangie-Weed-Strain.webp",2048,1365,false],"trp-custom-language-flag":["https:\/\/hitexoticsdistro.eu\/wp-content\/uploads\/2024\/10\/Sour-Tangie-Weed-Strain.webp",18,12,false],"woocommerce_thumbnail":["https:\/\/hitexoticsdistro.eu\/wp-content\/uploads\/2024\/10\/Sour-Tangie-Weed-Strain-300x300.webp",300,300,true],"woocommerce_single":["https:\/\/hitexoticsdistro.eu\/wp-content\/uploads\/2024\/10\/Sour-Tangie-Weed-Strain-600x400.webp",600,400,true],"woocommerce_gallery_thumbnail":["https:\/\/hitexoticsdistro.eu\/wp-content\/uploads\/2024\/10\/Sour-Tangie-Weed-Strain-100x100.webp",100,100,true]},"uagb_author_info":{"display_name":"","author_link":"https:\/\/hitexoticsdistro.eu\/nl\/author\/"},"uagb_comment_info":0,"uagb_excerpt":"Zam\u00f3w Sour Tangie Marihuan\u0119 Online Sour Tangie to bardzo poszukiwany sativa-dominuj\u0105cy hybrid (80% sativa \/ 20% indica), kt\u00f3ry \u0142\u0105czy w [&hellip;]","_links":{"self":[{"href":"https:\/\/hitexoticsdistro.eu\/nl\/wp-json\/wp\/v2\/product\/375","targetHints":{"allow":["GET"]}}],"collection":[{"href":"https:\/\/hitexoticsdistro.eu\/nl\/wp-json\/wp\/v2\/product"}],"about":[{"href":"https:\/\/hitexoticsdistro.eu\/nl\/wp-json\/wp\/v2\/types\/product"}],"replies":[{"embeddable":true,"href":"https:\/\/hitexoticsdistro.eu\/nl\/wp-json\/wp\/v2\/comments?post=375"}],"wp:featuredmedia":[{"embeddable":true,"href":"https:\/\/hitexoticsdistro.eu\/nl\/wp-json\/wp\/v2\/media\/424"}],"wp:attachment":[{"href":"https:\/\/hitexoticsdistro.eu\/nl\/wp-json\/wp\/v2\/media?parent=375"}],"wp:term":[{"taxonomy":"product_brand","embeddable":true,"href":"https:\/\/hitexoticsdistro.eu\/nl\/wp-json\/wp\/v2\/product_brand?post=375"},{"taxonomy":"product_cat","embeddable":true,"href":"https:\/\/hitexoticsdistro.eu\/nl\/wp-json\/wp\/v2\/product_cat?post=375"},{"taxonomy":"product_tag","embeddable":true,"href":"https:\/\/hitexoticsdistro.eu\/nl\/wp-json\/wp\/v2\/product_tag?post=375"}],"curies":[{"name":"wp","href":"https:\/\/api.w.org\/{rel}","templated":true}]}}