{"id":979,"date":"2024-10-10T23:06:01","date_gmt":"2024-10-10T23:06:01","guid":{"rendered":"https:\/\/hitexoticsdistro.com\/?post_type=product&#038;p=979"},"modified":"2024-10-20T02:15:56","modified_gmt":"2024-10-20T02:15:56","slug":"zamow-marihuane-pink-runtz-online","status":"publish","type":"product","link":"https:\/\/hitexoticsdistro.eu\/it\/product\/zamow-marihuane-pink-runtz-online\/","title":{"rendered":"Pink Runtz"},"content":{"rendered":"<h2>Zam\u00f3w Marihuan\u0119 Pink Runtz Online: Luksusowa i Pot\u0119\u017cna Odmiana Konopi<\/h2>\n<h3>Co to jest Pink Runtz?<\/h3>\n<p><em>Pink Runtz THCa Hemp<\/em> to wi\u0119cej ni\u017c tylko <a href=\"https:\/\/hitexoticsdistro.eu\/it\/product-category\/gdzie-moge-kupic-marihuane\/\">odmiana marihuany<\/a>\u2014jest symbolem luksusu i wyrafinowania. Ta <a href=\"https:\/\/hitexoticsdistro.eu\/it\/product-category\/hybrydowe-odmiany-marihuany-online\/\">hybryd<\/a>a, stworzona z po\u0142\u0105czenia <em>Zkittlez<\/em> i <em>Gelato<\/em>, oferuje wyj\u0105tkowe doznania zar\u00f3wno w zakresie aromatu, jak i efekt\u00f3w. Jej <strong>s\u0142odki i owocowy zapach<\/strong>, przypominaj\u0105cy cukierki, jest w stanie zachwyci\u0107 ka\u017cde podniebienie, a d\u0142ugotrwa\u0142e efekty pozostawiaj\u0105 u\u017cytkownik\u00f3w w stanie euforii i relaksu.<\/p>\n<h3>Zam\u00f3w Marihuan\u0119 Pink Runtz Online i Do\u015bwiadcz Luksusowych Efekt\u00f3w<\/h3>\n<p>Zamawiaj\u0105c marihuan\u0119 <em>Pink Runtz<\/em> online, mo\u017cesz liczy\u0107 na wyj\u0105tkow\u0105 jako\u015b\u0107 i do\u015bwiadczenie, kt\u00f3re przeniesie ci\u0119 na wy\u017cszy poziom korzystania z konopi. Niezale\u017cnie od tego, czy jeste\u015b do\u015bwiadczonym u\u017cytkownikiem, czy szukasz czego\u015b nowego, <em>Pink Runtz<\/em> z pewno\u015bci\u0105 zaspokoi twoje oczekiwania, oferuj\u0105c <strong>euforyczne i relaksuj\u0105ce doznania<\/strong>.<\/p>\n<h3>Dlaczego Pink Runtz Jest Wyj\u0105tkowa?<\/h3>\n<p>Jednym z g\u0142\u00f3wnych powod\u00f3w, dla kt\u00f3rych warto zam\u00f3wi\u0107 marihuan\u0119 <em>Pink Runtz<\/em> online, jest jej pot\u0119\u017cny profil kannabinoidowy. Z zawarto\u015bci\u0105 THCa wynosz\u0105c\u0105 <strong>29,90%<\/strong> i ca\u0142kowit\u0105 moc\u0105 si\u0119gaj\u0105c\u0105 <strong>30,94%<\/strong>, <em>Pink Runtz<\/em> to niezwykle silna odmiana, kt\u00f3ra nie jest dla nowicjuszy. Jest to doskona\u0142y wyb\u00f3r dla os\u00f3b poszukuj\u0105cych intensywnych efekt\u00f3w relaksacyjnych i euforycznych.<\/p>\n<h4>Kluczowe cechy Pink Runtz:<\/h4>\n<ul>\n<li><strong>Hyryda<\/strong>: Pink Runtz \u0142\u0105czy efekty zar\u00f3wno <a href=\"https:\/\/hitexoticsdistro.eu\/it\/product-category\/kup-konopie-indyjskie-indica-online\/\"><em>Indica<\/em><\/a>, jak i <a href=\"https:\/\/hitexoticsdistro.eu\/it\/product-category\/kup-marihuane-sativa-online-polska\/\"><em>Sativa<\/em><\/a>, zapewniaj\u0105c r\u00f3wnowag\u0119 mi\u0119dzy relaksem a stymulacj\u0105 umys\u0142ow\u0105.<\/li>\n<li><strong>Efekty<\/strong>: Euforia, kreatywno\u015b\u0107, podniesiony nastr\u00f3j i g\u0142\u0119boki relaks.<\/li>\n<li><strong>Aromat i smak<\/strong>: S\u0142odki, owocowy, jak cukierki z nut\u0105 tropikalnych owoc\u00f3w.<\/li>\n<li><strong>Zawarto\u015b\u0107 THCa<\/strong>: 29,90% (pot\u0119\u017cna odmiana o wysokiej mocy).<\/li>\n<li><strong>Ca\u0142kowita Moc<\/strong>: 30,94% (idealna dla do\u015bwiadczonych u\u017cytkownik\u00f3w).<\/li>\n<\/ul>\n<h3>Jak Dzia\u0142a Pink Runtz?<\/h3>\n<p>Pink Runtz dzia\u0142a na cia\u0142o i umys\u0142 w harmonijny spos\u00f3b, oferuj\u0105c zr\u00f3wnowa\u017cone efekty <em>Indica<\/em> i <em>Sativa<\/em>. Na pocz\u0105tku u\u017cytkownicy do\u015bwiadczaj\u0105 przyp\u0142ywu <strong>euforii<\/strong>, kt\u00f3ry pobudza kreatywno\u015b\u0107 i poprawia nastr\u00f3j. W miar\u0119 jak haj si\u0119 rozwija, cia\u0142o zaczyna odczuwa\u0107 <strong>g\u0142\u0119boki relaks<\/strong>, co sprawia, \u017ce Pink Runtz jest idealna na wiecz\u00f3r lub na koniec d\u0142ugiego dnia. Jest to r\u00f3wnie\u017c doskona\u0142y wyb\u00f3r dla os\u00f3b cierpi\u0105cych na stres, l\u0119k lub chroniczny b\u00f3l.<\/p>\n<h3>Gdzie Mo\u017cna Zam\u00f3wi\u0107 Marihuan\u0119 Pink Runtz Online?<\/h3>\n<p>Mo\u017cesz zam\u00f3wi\u0107 marihuan\u0119 <em>Pink Runtz<\/em> online na naszej stronie <strong>Hit Exotics Distro<\/strong>, gdzie gwarantujemy najwy\u017csz\u0105 jako\u015b\u0107, dyskretn\u0105 wysy\u0142k\u0119 i szybkie dostawy. Dzi\u0119ki naszej starannej selekcji produkt\u00f3w mo\u017cesz mie\u0107 pewno\u015b\u0107, \u017ce otrzymujesz r\u0119cznie przycinane p\u0105ki najwy\u017cszej jako\u015bci, kt\u00f3re spe\u0142niaj\u0105 wszystkie normy prawne.<\/p>\n<h3>Dlaczego Warto Zam\u00f3wi\u0107 Marihuan\u0119 Pink Runtz Online?<\/h3>\n<p>Kiedy <strong>zamawiasz marihuan\u0119 Pink Runtz online<\/strong>, otrzymujesz produkt o gwarantowanej jako\u015bci, kt\u00f3ry jest w pe\u0142ni zgodny z wymogami ustawy Federal Farm Bill. Wszystkie nasze produkty s\u0105:<\/p>\n<ul>\n<li>100% organiczne<\/li>\n<li>R\u0119cznie przycinane<\/li>\n<li>Testowane w laboratorium pod k\u0105tem czysto\u015bci i zgodno\u015bci<\/li>\n<\/ul>\n<p>Dzi\u0119ki temu mo\u017cesz cieszy\u0107 si\u0119 pe\u0142nym do\u015bwiadczeniem z <a href=\"https:\/\/pl.wikipedia.org\/wiki\/Konopie_indyjskie\" rel=\"nofollow noopener\" target=\"_blank\">marihuan\u0105<\/a>, wiedz\u0105c, \u017ce wybierasz produkt czysty, bez pestycyd\u00f3w, dodatk\u00f3w czy syntetyk\u00f3w.<\/p>\n<h3>Cz\u0119sto Zadawane Pytania<\/h3>\n<h4>Jakie efekty daje Pink Runtz?<\/h4>\n<p>Pink Runtz oferuje d\u0142ugotrwa\u0142e efekty euforyczne, kt\u00f3re pobudzaj\u0105 kreatywno\u015b\u0107 i poprawiaj\u0105 nastr\u00f3j, a tak\u017ce g\u0142\u0119boki relaks, kt\u00f3ry sprawia, \u017ce u\u017cytkownicy czuj\u0105 si\u0119 odpr\u0119\u017ceni i spokojni. Ta odmiana jest idealna do radzenia sobie ze stresem, b\u00f3lem i l\u0119kiem.<\/p>\n<h4>Czy Pink Runtz jest odpowiednia dla pocz\u0105tkuj\u0105cych?<\/h4>\n<p>Ze wzgl\u0119du na wysok\u0105 zawarto\u015b\u0107 THC (30,94%), Pink Runtz jest zalecana dla bardziej do\u015bwiadczonych u\u017cytkownik\u00f3w. Pocz\u0105tkuj\u0105cy powinni zachowa\u0107 ostro\u017cno\u015b\u0107 i rozpocz\u0105\u0107 od mniejszych dawek.<\/p>\n<h4>Jakie s\u0105 w\u0142a\u015bciwo\u015bci terapeutyczne Pink Runtz?<\/h4>\n<p>Pink Runtz jest cz\u0119sto stosowana w celu \u0142agodzenia <strong>stresu<\/strong>, <strong>l\u0119ku<\/strong>, <strong>depresji<\/strong> oraz w radzeniu sobie z <strong>chronicznym b\u00f3lem<\/strong> i <strong>bezsenno\u015bci\u0105<\/strong>. Dzia\u0142a r\u00f3wnie\u017c przeciwzapalnie, co czyni j\u0105 skuteczn\u0105 w \u0142agodzeniu stan\u00f3w zapalnych.<\/p>\n<h4>Jakie jest st\u0119\u017cenie THC w Pink Runtz?<\/h4>\n<p>Pink Runtz ma wyj\u0105tkowo wysokie st\u0119\u017cenie THCa na poziomie <strong>29,90%<\/strong> i ca\u0142kowit\u0105 moc <strong>30,94%<\/strong>, co czyni j\u0105 jedn\u0105 z najsilniejszych odmian dost\u0119pnych na rynku.<\/p>\n<h3>Podsumowanie<\/h3>\n<p>Pink Runtz to odmiana, kt\u00f3ra dostarcza pot\u0119\u017cne, euforyczne i relaksuj\u0105ce efekty. Jej wyj\u0105tkowy smak, przypominaj\u0105cy cukierki, w po\u0142\u0105czeniu z luksusowym aromatem sprawia, \u017ce Pink Runtz jest prawdziw\u0105 gratk\u0105 dla mi\u0142o\u015bnik\u00f3w konopi. Dzi\u0119ki swoim terapeutycznym w\u0142a\u015bciwo\u015bciom jest doskona\u0142ym wyborem dla os\u00f3b potrzebuj\u0105cych ulgi od b\u00f3lu, stresu lub bezsenno\u015bci.<\/p>\n<p>Nie czekaj\u2014<strong>zam\u00f3w marihuan\u0119 Pink Runtz online<\/strong> ju\u017c dzi\u015b i odkryj, dlaczego ta odmiana zdoby\u0142a uznanie na ca\u0142ym \u015bwiecie!<\/p>\n<p>&nbsp;<\/p>\n<p><img loading=\"lazy\" decoding=\"async\" class=\"alignnone size-medium wp-image-1149\" src=\"https:\/\/hitexoticsdistro.eu\/wp-content\/uploads\/2024\/10\/WhatsApp-Image-2024-10-02-at-3.50.03-PM-2-300x300.jpeg\" alt=\"Gdzie bezpiecznie kupi\u0107 marihuan\u0119 online?\" width=\"300\" height=\"300\" srcset=\"https:\/\/hitexoticsdistro.eu\/wp-content\/uploads\/2024\/10\/WhatsApp-Image-2024-10-02-at-3.50.03-PM-2-300x300.jpeg 300w, https:\/\/hitexoticsdistro.eu\/wp-content\/uploads\/2024\/10\/WhatsApp-Image-2024-10-02-at-3.50.03-PM-2-150x150.jpeg 150w, https:\/\/hitexoticsdistro.eu\/wp-content\/uploads\/2024\/10\/WhatsApp-Image-2024-10-02-at-3.50.03-PM-2-600x600.jpeg 600w, https:\/\/hitexoticsdistro.eu\/wp-content\/uploads\/2024\/10\/WhatsApp-Image-2024-10-02-at-3.50.03-PM-2-100x100.jpeg 100w, https:\/\/hitexoticsdistro.eu\/wp-content\/uploads\/2024\/10\/WhatsApp-Image-2024-10-02-at-3.50.03-PM-2.jpeg 640w\" sizes=\"auto, (max-width: 300px) 100vw, 300px\" \/><\/p>","protected":false},"excerpt":{"rendered":"<p>Zam\u00f3w Marihuan\u0119 Pink Runtz Online: Luksusowa i Pot\u0119\u017cna Odmiana Konopi Co to jest Pink Runtz? Pink Runtz THCa Hemp to [&hellip;]<\/p>\n","protected":false},"featured_media":1008,"comment_status":"closed","ping_status":"closed","template":"","meta":{"_surecart_dashboard_logo_width":"180px","_surecart_dashboard_show_logo":true,"_surecart_dashboard_navigation_orders":true,"_surecart_dashboard_navigation_invoices":true,"_surecart_dashboard_navigation_subscriptions":true,"_surecart_dashboard_navigation_downloads":true,"_surecart_dashboard_navigation_billing":true,"_surecart_dashboard_navigation_account":true,"_uag_custom_page_level_css":"","site-sidebar-layout":"default","site-content-layout":"","ast-site-content-layout":"default","site-content-style":"default","site-sidebar-style":"default","ast-global-header-display":"","ast-banner-title-visibility":"","ast-main-header-display":"","ast-hfb-above-header-display":"","ast-hfb-below-header-display":"","ast-hfb-mobile-header-display":"","site-post-title":"","ast-breadcrumbs-content":"","ast-featured-img":"","footer-sml-layout":"","theme-transparent-header-meta":"default","adv-header-id-meta":"","stick-header-meta":"","header-above-stick-meta":"","header-main-stick-meta":"","header-below-stick-meta":"","astra-migrate-meta-layouts":"set","ast-page-background-enabled":"default","ast-page-background-meta":{"desktop":{"background-color":"var(--ast-global-color-4)","background-image":"","background-repeat":"repeat","background-position":"center center","background-size":"auto","background-attachment":"scroll","background-type":"","background-media":"","overlay-type":"","overlay-color":"","overlay-opacity":"","overlay-gradient":""},"tablet":{"background-color":"","background-image":"","background-repeat":"repeat","background-position":"center center","background-size":"auto","background-attachment":"scroll","background-type":"","background-media":"","overlay-type":"","overlay-color":"","overlay-opacity":"","overlay-gradient":""},"mobile":{"background-color":"","background-image":"","background-repeat":"repeat","background-position":"center center","background-size":"auto","background-attachment":"scroll","background-type":"","background-media":"","overlay-type":"","overlay-color":"","overlay-opacity":"","overlay-gradient":""}},"ast-content-background-meta":{"desktop":{"background-color":"var(--ast-global-color-5)","background-image":"","background-repeat":"repeat","background-position":"center center","background-size":"auto","background-attachment":"scroll","background-type":"","background-media":"","overlay-type":"","overlay-color":"","overlay-opacity":"","overlay-gradient":""},"tablet":{"background-color":"var(--ast-global-color-5)","background-image":"","background-repeat":"repeat","background-position":"center center","background-size":"auto","background-attachment":"scroll","background-type":"","background-media":"","overlay-type":"","overlay-color":"","overlay-opacity":"","overlay-gradient":""},"mobile":{"background-color":"var(--ast-global-color-5)","background-image":"","background-repeat":"repeat","background-position":"center center","background-size":"auto","background-attachment":"scroll","background-type":"","background-media":"","overlay-type":"","overlay-color":"","overlay-opacity":"","overlay-gradient":""}}},"product_brand":[],"product_cat":[454,453],"product_tag":[469,551,786,783,714,785,784],"class_list":{"0":"post-979","1":"product","2":"type-product","3":"status-publish","4":"has-post-thumbnail","6":"product_cat-sklep-z-marihuana-thca","7":"product_cat-sklep-z-marihuana-premium-thca","8":"product_tag-buy-pink-runtz-thca-weed-flower-online-europe","9":"product_tag-hitexoticsdistro","10":"product_tag-luxurycannabis","11":"product_tag-pinkruntz","12":"product_tag-runtz","13":"product_tag-thcahemp","14":"product_tag-zamowmarihuaneonline","15":"desktop-align-left","16":"tablet-align-left","17":"mobile-align-left","19":"first","20":"instock","21":"shipping-taxable","22":"purchasable","23":"product-type-simple"},"uagb_featured_image_src":{"full":["https:\/\/hitexoticsdistro.eu\/wp-content\/uploads\/2024\/10\/Pink-Runtz-THCa-Weed-Flower.webp",1800,1800,false],"thumbnail":["https:\/\/hitexoticsdistro.eu\/wp-content\/uploads\/2024\/10\/Pink-Runtz-THCa-Weed-Flower-150x150.webp",150,150,true],"medium":["https:\/\/hitexoticsdistro.eu\/wp-content\/uploads\/2024\/10\/Pink-Runtz-THCa-Weed-Flower-300x300.webp",300,300,true],"medium_large":["https:\/\/hitexoticsdistro.eu\/wp-content\/uploads\/2024\/10\/Pink-Runtz-THCa-Weed-Flower-768x768.webp",768,768,true],"large":["https:\/\/hitexoticsdistro.eu\/wp-content\/uploads\/2024\/10\/Pink-Runtz-THCa-Weed-Flower-1024x1024.webp",1024,1024,true],"1536x1536":["https:\/\/hitexoticsdistro.eu\/wp-content\/uploads\/2024\/10\/Pink-Runtz-THCa-Weed-Flower-1536x1536.webp",1536,1536,true],"2048x2048":["https:\/\/hitexoticsdistro.eu\/wp-content\/uploads\/2024\/10\/Pink-Runtz-THCa-Weed-Flower.webp",1800,1800,false],"trp-custom-language-flag":["https:\/\/hitexoticsdistro.eu\/wp-content\/uploads\/2024\/10\/Pink-Runtz-THCa-Weed-Flower.webp",12,12,false],"woocommerce_thumbnail":["https:\/\/hitexoticsdistro.eu\/wp-content\/uploads\/2024\/10\/Pink-Runtz-THCa-Weed-Flower-300x300.webp",300,300,true],"woocommerce_single":["https:\/\/hitexoticsdistro.eu\/wp-content\/uploads\/2024\/10\/Pink-Runtz-THCa-Weed-Flower-600x600.webp",600,600,true],"woocommerce_gallery_thumbnail":["https:\/\/hitexoticsdistro.eu\/wp-content\/uploads\/2024\/10\/Pink-Runtz-THCa-Weed-Flower-100x100.webp",100,100,true]},"uagb_author_info":{"display_name":"","author_link":"https:\/\/hitexoticsdistro.eu\/it\/author\/"},"uagb_comment_info":0,"uagb_excerpt":"Zam\u00f3w Marihuan\u0119 Pink Runtz Online: Luksusowa i Pot\u0119\u017cna Odmiana Konopi Co to jest Pink Runtz? Pink Runtz THCa Hemp to [&hellip;]","_links":{"self":[{"href":"https:\/\/hitexoticsdistro.eu\/it\/wp-json\/wp\/v2\/product\/979","targetHints":{"allow":["GET"]}}],"collection":[{"href":"https:\/\/hitexoticsdistro.eu\/it\/wp-json\/wp\/v2\/product"}],"about":[{"href":"https:\/\/hitexoticsdistro.eu\/it\/wp-json\/wp\/v2\/types\/product"}],"replies":[{"embeddable":true,"href":"https:\/\/hitexoticsdistro.eu\/it\/wp-json\/wp\/v2\/comments?post=979"}],"wp:featuredmedia":[{"embeddable":true,"href":"https:\/\/hitexoticsdistro.eu\/it\/wp-json\/wp\/v2\/media\/1008"}],"wp:attachment":[{"href":"https:\/\/hitexoticsdistro.eu\/it\/wp-json\/wp\/v2\/media?parent=979"}],"wp:term":[{"taxonomy":"product_brand","embeddable":true,"href":"https:\/\/hitexoticsdistro.eu\/it\/wp-json\/wp\/v2\/product_brand?post=979"},{"taxonomy":"product_cat","embeddable":true,"href":"https:\/\/hitexoticsdistro.eu\/it\/wp-json\/wp\/v2\/product_cat?post=979"},{"taxonomy":"product_tag","embeddable":true,"href":"https:\/\/hitexoticsdistro.eu\/it\/wp-json\/wp\/v2\/product_tag?post=979"}],"curies":[{"name":"wp","href":"https:\/\/api.w.org\/{rel}","templated":true}]}}