{"id":780,"date":"2024-10-10T23:02:31","date_gmt":"2024-10-10T23:02:31","guid":{"rendered":"https:\/\/hitexoticsdistro.com\/?post_type=product&#038;p=780"},"modified":"2024-10-26T01:53:13","modified_gmt":"2024-10-26T01:53:13","slug":"kup-diament-gods-green-crack","status":"publish","type":"product","link":"https:\/\/hitexoticsdistro.eu\/it\/product\/kup-diament-gods-green-crack\/","title":{"rendered":"God\u2019s Green Crack"},"content":{"rendered":"<h2>Kup diament God&#8217;s Green Crack: Rzadka i Pot\u0119\u017cna Odmiana Hybrydowa<\/h2>\n<p>God\u2019s Green Crack to unikalna, lekko dominuj\u0105ca odmiana hybrydowa indica (55% <a href=\"https:\/\/hitexoticsdistro.eu\/it\/product-category\/kup-konopie-indyjskie-indica-online\/\">indica<\/a>\/45% <a href=\"https:\/\/hitexoticsdistro.eu\/it\/product-category\/kup-marihuane-sativa-online-polska\/\">sativa<\/a>), stworzona poprzez skrzy\u017cowanie s\u0142ynnych odmian God\u2019s Gift i Green Crack. Ta niezwykle rzadka odmiana jest ceniona za swoje zr\u00f3wnowa\u017cone efekty oraz szeroki wachlarz zastosowa\u0144 medycznych i rekreacyjnych. Zawiera odpowiednie proporcje THC, oferuj\u0105c zar\u00f3wno fizyczne ukojenie, jak i umys\u0142ow\u0105 stymulacj\u0119.<\/p>\n<h3>Dlaczego warto wybra\u0107 diament God&#8217;s Green Crack?<\/h3>\n<p>Kupuj\u0105c diament God&#8217;s Green Crack, wybierasz produkt, kt\u00f3ry zapewnia wyj\u0105tkowe do\u015bwiadczenie dzi\u0119ki harmonijnemu po\u0142\u0105czeniu cech indica i sativa. Dzi\u0119ki temu uzyskujesz zar\u00f3wno g\u0142\u0119boki relaks cia\u0142a, jak i pobudzenie umys\u0142u. Odmiana ta jest szczeg\u00f3lnie popularna w\u015br\u00f3d os\u00f3b szukaj\u0105cych ulgi w stanach zm\u0119czenia, depresji oraz problemach z koncentracj\u0105.<\/p>\n<p>God&#8217;s Green Crack wyr\u00f3\u017cnia si\u0119 nie tylko wysok\u0105 zawarto\u015bci\u0105 THC, ale tak\u017ce zr\u00f3\u017cnicowanym profilem terpenowym, kt\u00f3ry zapewnia przyjemne nuty owoc\u00f3w i ziemisto\u015bci.<\/p>\n<h3>Korzy\u015bci terapeutyczne God&#8217;s Green Crack<\/h3>\n<p>God\u2019s Green Crack jest cz\u0119sto wybierany do leczenia takich dolegliwo\u015bci jak:<\/p>\n<ul>\n<li><strong>Przewlek\u0142e zm\u0119czenie<\/strong>: Dzia\u0142anie sativa tej odmiany zapewnia przyp\u0142yw energii i jasno\u015bci umys\u0142u, pomagaj\u0105c pokona\u0107 zm\u0119czenie.<\/li>\n<li><strong>Depresja i l\u0119k<\/strong>: Euforyczne efekty God\u2019s Green Crack mog\u0105 znacz\u0105co poprawi\u0107 nastr\u00f3j, co czyni t\u0119 odmian\u0119 idealnym wyborem na stany depresyjne i l\u0119kowe.<\/li>\n<li><strong>ADD\/ADHD<\/strong>: Dzi\u0119ki stymuluj\u0105cym w\u0142a\u015bciwo\u015bciom umys\u0142owym, odmiana ta mo\u017ce wspomaga\u0107 koncentracj\u0119 i skupienie.<\/li>\n<li><strong>Migreny<\/strong>: Silne dzia\u0142anie przeciwb\u00f3lowe tej odmiany pomaga \u0142agodzi\u0107 migreny i chroniczne b\u00f3le g\u0142owy.<\/li>\n<li><strong>Nudno\u015bci i utrata apetytu<\/strong>: God\u2019s Green Crack jest r\u00f3wnie\u017c skuteczny w pobudzaniu apetytu i \u0142agodzeniu md\u0142o\u015bci, co czyni go idealnym wyborem dla os\u00f3b walcz\u0105cych z nudno\u015bciami.<\/li>\n<\/ul>\n<h3>Kup diament God&#8217;s Green Crack \u2013 wyj\u0105tkowa mieszanka Indica i Sativa<\/h3>\n<p><strong>Indica (55%)<\/strong> tej odmiany dostarcza g\u0142\u0119bokiego relaksu i odpr\u0119\u017cenia, kt\u00f3re s\u0105 idealne po ci\u0119\u017ckim dniu, szczeg\u00f3lnie wieczorem. Natomiast <strong>Sativa (45%)<\/strong> oferuje stymulacj\u0119 umys\u0142ow\u0105, poprawiaj\u0105c koncentracj\u0119 i kreatywno\u015b\u0107, co czyni t\u0119 odmian\u0119 odpowiedni\u0105 r\u00f3wnie\u017c na dzie\u0144. Dzi\u0119ki temu mo\u017cesz cieszy\u0107 si\u0119 r\u00f3wnowag\u0105 relaksu i energii, kt\u00f3ra pomaga zachowa\u0107 aktywno\u015b\u0107 w ci\u0105gu dnia, jednocze\u015bnie zapewniaj\u0105c odpr\u0119\u017cenie wieczorem.<\/p>\n<p>Zawarto\u015b\u0107 <strong>THC<\/strong> w diament God&#8217;s Green Crack waha si\u0119 od 19% do 25%, co czyni t\u0119 odmian\u0119 silnym wyborem zar\u00f3wno dla do\u015bwiadczonych u\u017cytkownik\u00f3w, jak i tych, kt\u00f3rzy szukaj\u0105 wyj\u0105tkowych dozna\u0144. Przy wy\u017cszej zawarto\u015bci THC, God\u2019s Green Crack dostarcza intensywnego haju, kt\u00f3ry jest jednocze\u015bnie euforyczny i relaksuj\u0105cy.<\/p>\n<h3>Jak kupi\u0107 diament God&#8217;s Green Crack?<\/h3>\n<p>Je\u015bli zastanawiasz si\u0119, <strong>gdzie kupi\u0107 diament God&#8217;s Green Crack<\/strong>, najlepszym wyborem b\u0119dzie zaufany sklep online, taki jak <a href=\"https:\/\/hitexoticsdistro.eu\/it\/\" target=\"_new\" rel=\"noopener\">Hit Exotics Distro<\/a>. Wybieraj\u0105c produkty z naszego sklepu, mo\u017cesz by\u0107 pewien, \u017ce otrzymujesz diament God\u2019s Green Crack najwy\u017cszej jako\u015bci, kt\u00f3ry jest \u015bwie\u017cy, odpowiednio przechowywany i gotowy do u\u017cytku.<\/p>\n<p>Nasza oferta online zapewnia wygod\u0119 zakupu z dowolnego miejsca, a dyskretna dostawa gwarantuje, \u017ce Twoje zam\u00f3wienie dotrze szybko i bezproblemowo.<\/p>\n<h3>Najcz\u0119\u015bciej zadawane pytania (FAQ)<\/h3>\n<h4>1. Jakie s\u0105 g\u0142\u00f3wne efekty diament God\u2019s Green Crack?<\/h4>\n<p>God\u2019s Green Crack oferuje unikaln\u0105 kombinacj\u0119 relaksu cia\u0142a i stymulacji umys\u0142u. Dzi\u0119ki proporcjom 55% indica i 45% sativa, u\u017cytkownicy odczuwaj\u0105 zar\u00f3wno odpr\u0119\u017cenie fizyczne, jak i przyp\u0142yw energii i euforii.<\/p>\n<h4>2. Dla kogo jest odpowiedni diament God\u2019s Green Crack?<\/h4>\n<p>Jest idealny zar\u00f3wno dla os\u00f3b szukaj\u0105cych ulgi w stanach zm\u0119czenia, stresu i depresji, jak i dla tych, kt\u00f3rzy potrzebuj\u0105 poprawy koncentracji i energii w ci\u0105gu dnia. Dzi\u0119ki umiarkowanej zawarto\u015bci sativa, God\u2019s Green <a href=\"https:\/\/www.cristalcbd.pl\/kategoria-produktu\/zywnosc-konopna\/\" rel=\"nofollow noopener\" target=\"_blank\">Crack<\/a> jest odpowiedni do codziennego u\u017cytku, a efekty indica pomagaj\u0105 si\u0119 odpr\u0119\u017cy\u0107 po d\u0142ugim dniu.<\/p>\n<h4>3. Jakie s\u0105 smaki i aromaty God\u2019s Green Crack?<\/h4>\n<p>God\u2019s Green Crack ma bogaty profil smakowy z wyra\u017anymi nutami owoc\u00f3w, ziemisto\u015bci i lekkiej pikanterii. Aromat tej odmiany jest intensywny i przyci\u0105gaj\u0105cy, z dominuj\u0105cymi nutami cytrus\u00f3w i zi\u00f3\u0142.<\/p>\n<h4>4. Jaka jest zawarto\u015b\u0107 THC w diament God\u2019s Green Crack?<\/h4>\n<p>Zawarto\u015b\u0107 THC w God\u2019s Green Crack wynosi od 19% do 25%, co czyni j\u0105 siln\u0105 odmian\u0105 odpowiedni\u0105 zar\u00f3wno dla do\u015bwiadczonych u\u017cytkownik\u00f3w, jak i os\u00f3b szukaj\u0105cych intensywniejszych dozna\u0144.<\/p>\n<h3>Zam\u00f3w teraz i odkryj wyj\u0105tkowe doznania<\/h3>\n<p>Je\u015bli chcesz do\u015bwiadczy\u0107 r\u00f3wnowagi mi\u0119dzy relaksem a energi\u0105, to <strong>kup diament God&#8217;s Green Crack<\/strong> ju\u017c teraz! Zaufaj <a href=\"https:\/\/hitexoticsdistro.eu\/it\/\" target=\"_new\" rel=\"noopener\">Hit Exotics Distro<\/a> i odkryj moc i wyj\u0105tkowy smak tej unikalnej odmiany.<\/p>\n<p>Nie czekaj, zam\u00f3w ju\u017c dzi\u015b i ciesz si\u0119 szybk\u0105, bezpieczn\u0105 dostaw\u0105!<\/p>\n<p>&nbsp;<\/p>\n<p><img loading=\"lazy\" decoding=\"async\" class=\"alignnone size-medium wp-image-1330\" src=\"https:\/\/hitexoticsdistro.eu\/wp-content\/uploads\/2024\/10\/cropped-WhatsApp-Image-2024-10-02-at-3.50.03-PM-2-1-300x300.jpeg\" alt=\"Gdzie bezpiecznie kupi\u0107 marihuan\u0119 online?\" width=\"300\" height=\"300\" srcset=\"https:\/\/hitexoticsdistro.eu\/wp-content\/uploads\/2024\/10\/cropped-WhatsApp-Image-2024-10-02-at-3.50.03-PM-2-1-300x300.jpeg 300w, https:\/\/hitexoticsdistro.eu\/wp-content\/uploads\/2024\/10\/cropped-WhatsApp-Image-2024-10-02-at-3.50.03-PM-2-1-150x150.jpeg 150w, https:\/\/hitexoticsdistro.eu\/wp-content\/uploads\/2024\/10\/cropped-WhatsApp-Image-2024-10-02-at-3.50.03-PM-2-1-100x100.jpeg 100w, https:\/\/hitexoticsdistro.eu\/wp-content\/uploads\/2024\/10\/cropped-WhatsApp-Image-2024-10-02-at-3.50.03-PM-2-1-270x270.jpeg 270w, https:\/\/hitexoticsdistro.eu\/wp-content\/uploads\/2024\/10\/cropped-WhatsApp-Image-2024-10-02-at-3.50.03-PM-2-1-192x192.jpeg 192w, https:\/\/hitexoticsdistro.eu\/wp-content\/uploads\/2024\/10\/cropped-WhatsApp-Image-2024-10-02-at-3.50.03-PM-2-1-180x180.jpeg 180w, https:\/\/hitexoticsdistro.eu\/wp-content\/uploads\/2024\/10\/cropped-WhatsApp-Image-2024-10-02-at-3.50.03-PM-2-1-32x32.jpeg 32w, https:\/\/hitexoticsdistro.eu\/wp-content\/uploads\/2024\/10\/cropped-WhatsApp-Image-2024-10-02-at-3.50.03-PM-2-1.jpeg 512w\" sizes=\"auto, (max-width: 300px) 100vw, 300px\" \/><\/p>\n<p>&nbsp;<\/p>\n<p>&nbsp;<\/p>","protected":false},"excerpt":{"rendered":"<h5>Ekstrakt hybrydowy<\/h5>","protected":false},"featured_media":829,"comment_status":"closed","ping_status":"closed","template":"","meta":{"_surecart_dashboard_logo_width":"180px","_surecart_dashboard_show_logo":true,"_surecart_dashboard_navigation_orders":true,"_surecart_dashboard_navigation_invoices":true,"_surecart_dashboard_navigation_subscriptions":true,"_surecart_dashboard_navigation_downloads":true,"_surecart_dashboard_navigation_billing":true,"_surecart_dashboard_navigation_account":true,"_uag_custom_page_level_css":"","site-sidebar-layout":"default","site-content-layout":"","ast-site-content-layout":"default","site-content-style":"default","site-sidebar-style":"default","ast-global-header-display":"","ast-banner-title-visibility":"","ast-main-header-display":"","ast-hfb-above-header-display":"","ast-hfb-below-header-display":"","ast-hfb-mobile-header-display":"","site-post-title":"","ast-breadcrumbs-content":"","ast-featured-img":"","footer-sml-layout":"","theme-transparent-header-meta":"default","adv-header-id-meta":"","stick-header-meta":"","header-above-stick-meta":"","header-main-stick-meta":"","header-below-stick-meta":"","astra-migrate-meta-layouts":"set","ast-page-background-enabled":"default","ast-page-background-meta":{"desktop":{"background-color":"var(--ast-global-color-4)","background-image":"","background-repeat":"repeat","background-position":"center center","background-size":"auto","background-attachment":"scroll","background-type":"","background-media":"","overlay-type":"","overlay-color":"","overlay-opacity":"","overlay-gradient":""},"tablet":{"background-color":"","background-image":"","background-repeat":"repeat","background-position":"center center","background-size":"auto","background-attachment":"scroll","background-type":"","background-media":"","overlay-type":"","overlay-color":"","overlay-opacity":"","overlay-gradient":""},"mobile":{"background-color":"","background-image":"","background-repeat":"repeat","background-position":"center center","background-size":"auto","background-attachment":"scroll","background-type":"","background-media":"","overlay-type":"","overlay-color":"","overlay-opacity":"","overlay-gradient":""}},"ast-content-background-meta":{"desktop":{"background-color":"var(--ast-global-color-5)","background-image":"","background-repeat":"repeat","background-position":"center center","background-size":"auto","background-attachment":"scroll","background-type":"","background-media":"","overlay-type":"","overlay-color":"","overlay-opacity":"","overlay-gradient":""},"tablet":{"background-color":"var(--ast-global-color-5)","background-image":"","background-repeat":"repeat","background-position":"center center","background-size":"auto","background-attachment":"scroll","background-type":"","background-media":"","overlay-type":"","overlay-color":"","overlay-opacity":"","overlay-gradient":""},"mobile":{"background-color":"var(--ast-global-color-5)","background-image":"","background-repeat":"repeat","background-position":"center center","background-size":"auto","background-attachment":"scroll","background-type":"","background-media":"","overlay-type":"","overlay-color":"","overlay-opacity":"","overlay-gradient":""}}},"product_brand":[],"product_cat":[348,53],"product_tag":[851,986,984,697,985,582,987,375,698,212],"class_list":{"0":"post-780","1":"product","2":"type-product","3":"status-publish","4":"has-post-thumbnail","6":"product_cat-gdzie-kupic-thca-diamonds-online","7":"product_cat-kup-koncentraty-konopi-indyjskich-online","8":"product_tag-cbd","9":"product_tag-diamentgodsgreencrack","10":"product_tag-godsgreencrack","11":"product_tag-indica","12":"product_tag-kupgodsgreencrack","13":"product_tag-kupmarihuaneonline","14":"product_tag-odmianymarihuany","15":"product_tag-order-gods-green-crack-diamond-concentrate-germany","16":"product_tag-sativa","17":"product_tag-thc","18":"desktop-align-left","19":"tablet-align-left","20":"mobile-align-left","22":"first","23":"instock","24":"shipping-taxable","25":"purchasable","26":"product-type-simple"},"uagb_featured_image_src":{"full":["https:\/\/hitexoticsdistro.eu\/wp-content\/uploads\/2024\/10\/Gods-Green-Crack-Diamond-Concentrate.jpg",1000,1000,false],"thumbnail":["https:\/\/hitexoticsdistro.eu\/wp-content\/uploads\/2024\/10\/Gods-Green-Crack-Diamond-Concentrate-150x150.jpg",150,150,true],"medium":["https:\/\/hitexoticsdistro.eu\/wp-content\/uploads\/2024\/10\/Gods-Green-Crack-Diamond-Concentrate-300x300.jpg",300,300,true],"medium_large":["https:\/\/hitexoticsdistro.eu\/wp-content\/uploads\/2024\/10\/Gods-Green-Crack-Diamond-Concentrate-768x768.jpg",768,768,true],"large":["https:\/\/hitexoticsdistro.eu\/wp-content\/uploads\/2024\/10\/Gods-Green-Crack-Diamond-Concentrate.jpg",1000,1000,false],"1536x1536":["https:\/\/hitexoticsdistro.eu\/wp-content\/uploads\/2024\/10\/Gods-Green-Crack-Diamond-Concentrate.jpg",1000,1000,false],"2048x2048":["https:\/\/hitexoticsdistro.eu\/wp-content\/uploads\/2024\/10\/Gods-Green-Crack-Diamond-Concentrate.jpg",1000,1000,false],"trp-custom-language-flag":["https:\/\/hitexoticsdistro.eu\/wp-content\/uploads\/2024\/10\/Gods-Green-Crack-Diamond-Concentrate.jpg",12,12,false],"woocommerce_thumbnail":["https:\/\/hitexoticsdistro.eu\/wp-content\/uploads\/2024\/10\/Gods-Green-Crack-Diamond-Concentrate-300x300.jpg",300,300,true],"woocommerce_single":["https:\/\/hitexoticsdistro.eu\/wp-content\/uploads\/2024\/10\/Gods-Green-Crack-Diamond-Concentrate-600x600.jpg",600,600,true],"woocommerce_gallery_thumbnail":["https:\/\/hitexoticsdistro.eu\/wp-content\/uploads\/2024\/10\/Gods-Green-Crack-Diamond-Concentrate-100x100.jpg",100,100,true]},"uagb_author_info":{"display_name":"","author_link":"https:\/\/hitexoticsdistro.eu\/it\/author\/"},"uagb_comment_info":0,"uagb_excerpt":"Ekstrakt hybrydowy","_links":{"self":[{"href":"https:\/\/hitexoticsdistro.eu\/it\/wp-json\/wp\/v2\/product\/780","targetHints":{"allow":["GET"]}}],"collection":[{"href":"https:\/\/hitexoticsdistro.eu\/it\/wp-json\/wp\/v2\/product"}],"about":[{"href":"https:\/\/hitexoticsdistro.eu\/it\/wp-json\/wp\/v2\/types\/product"}],"replies":[{"embeddable":true,"href":"https:\/\/hitexoticsdistro.eu\/it\/wp-json\/wp\/v2\/comments?post=780"}],"wp:featuredmedia":[{"embeddable":true,"href":"https:\/\/hitexoticsdistro.eu\/it\/wp-json\/wp\/v2\/media\/829"}],"wp:attachment":[{"href":"https:\/\/hitexoticsdistro.eu\/it\/wp-json\/wp\/v2\/media?parent=780"}],"wp:term":[{"taxonomy":"product_brand","embeddable":true,"href":"https:\/\/hitexoticsdistro.eu\/it\/wp-json\/wp\/v2\/product_brand?post=780"},{"taxonomy":"product_cat","embeddable":true,"href":"https:\/\/hitexoticsdistro.eu\/it\/wp-json\/wp\/v2\/product_cat?post=780"},{"taxonomy":"product_tag","embeddable":true,"href":"https:\/\/hitexoticsdistro.eu\/it\/wp-json\/wp\/v2\/product_tag?post=780"}],"curies":[{"name":"wp","href":"https:\/\/api.w.org\/{rel}","templated":true}]}}