{"id":3576,"date":"2025-08-18T06:02:35","date_gmt":"2025-08-18T06:02:35","guid":{"rendered":"https:\/\/hitexoticsdistro.eu\/?post_type=product&#038;p=3576"},"modified":"2025-11-01T19:28:46","modified_gmt":"2025-11-01T19:28:46","slug":"zamow-la-mousse-hash","status":"publish","type":"product","link":"https:\/\/hitexoticsdistro.eu\/it\/product\/zamow-la-mousse-hash\/","title":{"rendered":"La Mousse Hash"},"content":{"rendered":"<h2><b>La Mousse Hash: Najlepiej sprzedaj\u0105cy si\u0119 w Europie haszysz konopny<\/b><\/h2>\n<p>Zam\u00f3w La Mousse Hash. Z dum\u0105 prezentujemy La Mousse Hash, <a href=\"https:\/\/hitexoticsdistro.eu\/it\/product-category\/jak-bezpiecznie-zamawiac-wysokiej-jakosci-haszysz-thc-online\/\">premium hasz<\/a> z suchego przesiewu, kt\u00f3ry sta\u0142 si\u0119 globalnym faworytem dzi\u0119ki swojej unikalnej, lekkiej i puszystej konsystencji. Stworzony w sercu Kalifornii przy u\u017cyciu starannego, bezrozpuszczalnikowego procesu ekstrakcji, ten <b>hasz Cali<\/b> doskonale zachowuje naturalne terpeny i kannabinoidy ro\u015bliny. Rezultatem jest g\u0142adki, puszysty hasz, kt\u00f3ry pi\u0119knie si\u0119 topi i zapewnia niezwykle czyste, aromatyczne i mocne do\u015bwiadczenie. Odkryj bogat\u0105 r\u00f3\u017cnorodno\u015b\u0107 smak\u00f3w dost\u0119pnych w naszej ekskluzywnej kolekcji haszu Cali Plates.<\/p>\n<hr \/>\n<h4><b>La Mousse Apple Fritter Hash<\/b><\/h4>\n<p>Rozkoszuj si\u0119 s\u0142odk\u0105, wypiekan\u0105 dobroci\u0105 naszego La Mousse Apple Fritter Hash. Ten puszysty hasz ma wy\u015bmienity aromat i smak przypominaj\u0105cy s\u0142odkie jab\u0142ko i ciep\u0142y cynamon, a wszystko to owini\u0119te w bogaty, ziemisty profil. Jest to satysfakcjonuj\u0105cy i g\u0142\u0119boko relaksuj\u0105cy hasz, idealny do odpr\u0119\u017cenia i delektowania si\u0119 chwil\u0105 czystej b\u0142ogo\u015bci.<\/p>\n<hr \/>\n<h4><b>La Mousse Cherry Pie Hash<\/b><\/h4>\n<p>Prze\u017cyj wspania\u0142e po\u0142\u0105czenie s\u0142odyczy i ziemistych nut z naszym La Mousse Cherry Pie Hash. Ta <a href=\"https:\/\/hitexoticsdistro.eu\/it\/\">odmiana<\/a> oddaje klasyczne nuty dojrza\u0142ych wi\u015bni i wypiek\u00f3w, oferuj\u0105c zr\u00f3wnowa\u017cone i podnosz\u0105ce na duchu do\u015bwiadczenie. Puszysta konsystencja sprawia, \u017ce jest przyjemny w dotyku i w spo\u017cyciu, zapewniaj\u0105c g\u0142adki i satysfakcjonuj\u0105cy haj.<\/p>\n<hr \/>\n<h4><b>La Mousse Gelato 33 Hash<\/b><\/h4>\n<p>Zanurz si\u0119 w kremowym, cytrusowym \u015bnie z naszym La Mousse Gelato 33 Hash. Ten hasz uciele\u015bnia kultow\u0105 odmian\u0119 Gelato 33, znan\u0105 z jej s\u0142odkiego, deserowego smaku i euforycznych efekt\u00f3w. Jego lekka konsystencja i mocny, pe\u0142nozakresowy profil sprawiaj\u0105, \u017ce jest to najlepszy wyb\u00f3r dla tych, kt\u00f3rzy szukaj\u0105 zr\u00f3wnowa\u017conego relaksu i b\u0142ogiego stanu umys\u0142u.<\/p>\n<hr \/>\n<h4><b>La Mousse Gelato 41 Hash<\/b><\/h4>\n<p>Ciesz si\u0119 klasykiem z naszym La Mousse Gelato 41 Hash. Ta odmiana jest czystym wyrazem uwielbianej odmiany Gelato 41, znanej z jej s\u0142odkich, ziemistych i lekko benzynowych nut. Puszysta konsystencja i bogaty smak zapewniaj\u0105 g\u0142adkie do\u015bwiadczenie, kt\u00f3re prowadzi do g\u0142\u0119bokiego relaksu i szcz\u0119\u015bliwego, podniesionego nastroju.<\/p>\n<hr \/>\n<h4><b>La Mousse ICC Hash<\/b><\/h4>\n<p>Aby prze\u017cy\u0107 naprawd\u0119 dekadenckie i uspokajaj\u0105ce do\u015bwiadczenie, wypr\u00f3buj nasz La Mousse ICC Hash. Ten hasz, stworzony z popularnej odmiany Ice Cream Cake, dostarcza s\u0142odki, kremowy i waniliowy profil smakowy. Jego mocne efekty s\u0105 idealne na cichy wiecz\u00f3r, oferuj\u0105c g\u0142\u0119boko koj\u0105ce i spokojne do\u015bwiadczenie, kt\u00f3re rozpuszcza stres dnia.<\/p>\n<hr \/>\n<h4><b>La Mousse Jealousy Hash<\/b><\/h4>\n<p>Uwolnij mocny i z\u0142o\u017cony smak z naszym La Mousse Jealousy Hash. Ten hasz oddaje unikaln\u0105 mieszank\u0119 benzynowych, s\u0142odkich i deserowych nut odmiany Jealousy. Jego lekka, przewiewna konsystencja zapewnia g\u0142adkie zaci\u0105gni\u0119cie i mocny, d\u0142ugotrwa\u0142y haj, kt\u00f3ry jest zar\u00f3wno euforyczny, jak i g\u0142\u0119boko satysfakcjonuj\u0105cy.<\/p>\n<hr \/>\n<h4><b>La Mousse Runtz Hash<\/b><\/h4>\n<p>Rozkoszuj si\u0119 s\u0142odycz\u0105 lukru z naszego La Mousse Runtz Hash. Ta odmiana doskonale zachowuje s\u0142odki i owocowy profil smakowy s\u0142ynnej odmiany Runtz. Puszysty hasz zapewnia g\u0142adkie, aromatyczne do\u015bwiadczenie i szcz\u0119\u015bliwy, podnosz\u0105cy na duchu haj, kt\u00f3ry jest idealny do urozmaicenia ka\u017cdego spotkania towarzyskiego lub tw\u00f3rczego przedsi\u0119wzi\u0119cia.<\/p>\n<hr \/>\n<h4><b>La Mousse Sherbet Hash<\/b><\/h4>\n<p>Zafunduj sobie owocow\u0105, kremow\u0105 rozkosz z naszym La Mousse Sherbet Hash. Ten hasz uciele\u015bnia s\u0142odkie, cierpkie nuty <a href=\"https:\/\/realpoundsclub.com\/\" target=\"_blank\" rel=\"noopener\">odmiany<\/a> Sherbet, oferuj\u0105c orze\u017awiaj\u0105cy i \u017cywy smak. Zapewnia zr\u00f3wnowa\u017cone do\u015bwiadczenie, kt\u00f3re jest zar\u00f3wno relaksuj\u0105ce, jak i stymuluj\u0105ce tw\u00f3rczo, idealny wyb\u00f3r do odpr\u0119\u017cenia z nut\u0105 inspiracji.<\/p>\n<hr \/>\n<h4><b>La Mousse Sundae Driver Hash<\/b><\/h4>\n<p>Podaruj sobie aromatyczn\u0105 podr\u00f3\u017c z naszym La Mousse Sundae Driver Hash. Ta odmiana dostarcza bogate, owocowe nuty winogron i jag\u00f3d, z akcentami czekolady i \u015bmietany. Zapewnia g\u0142\u0119boko relaksuj\u0105cy efekt, kt\u00f3ry jest \u015bwietny do ukojenia cia\u0142a, jednocze\u015bnie utrzymuj\u0105c umys\u0142 czysty i kreatywny.<\/p>\n<hr \/>\n<h4><b>La Mousse White Runtz Hash<\/b><\/h4>\n<p>Odkryj czyst\u0105, s\u0142odk\u0105 b\u0142ogo\u015b\u0107 z naszym La Mousse White Runtz Hash. Ten hasz oddaje bogaty, s\u0142odki smak odmiany White Runtz, znanej z jej s\u0142odkiej, kremowej i owocowej esencji. Jego lekka, przewiewna konsystencja i mocne efekty sprawiaj\u0105, \u017ce jest idealnym wyborem na spokojne i g\u0142\u0119boko koj\u0105ce do\u015bwiadczenie.<\/p>\n<p>&nbsp;<\/p>\n<hr \/>\n<h3><\/h3>\n<h2><b>Zam\u00f3w La Mousse Hash<\/b> Pobud\u017a swoje zmys\u0142y najlepszym haszem premium.<\/h2>\n<p>Gotowy, by do\u015bwiadczy\u0107 konsystencji i smaku jak \u017cadne inne? Zam\u00f3w La Mousse Hash ju\u017c dzi\u015b w naszym sklepie. Ciesz si\u0119 lekk\u0105, puszyst\u0105 perfekcj\u0105 tego haszu stworzonego w Kalifornii i celebrowanego w Europie.<\/p>\n<p>Kup teraz i posmakuj r\u00f3\u017cnicy, jak\u0105 robi czysta, bezrozpuszczalnikowa praca rzemie\u015blnicza.<\/p>\n<p>&nbsp;<\/p>\n<p><a href=\"https:\/\/hitexoticsdistro.eu\/it\/product\/zamow-cali-plates-frozen-hash-online\/\"><img loading=\"lazy\" decoding=\"async\" class=\"alignnone wp-image-3442 size-medium\" src=\"https:\/\/hitexoticsdistro.eu\/wp-content\/uploads\/2025\/08\/photo_2024-11-27_08-05-15-296x300.webp\" alt=\"Zam\u00f3w Cali Plates Frozen Hash Online\" width=\"296\" height=\"300\" srcset=\"https:\/\/hitexoticsdistro.eu\/wp-content\/uploads\/2025\/08\/photo_2024-11-27_08-05-15-296x300.webp 296w, https:\/\/hitexoticsdistro.eu\/wp-content\/uploads\/2025\/08\/photo_2024-11-27_08-05-15-1012x1024.webp 1012w, https:\/\/hitexoticsdistro.eu\/wp-content\/uploads\/2025\/08\/photo_2024-11-27_08-05-15-768x777.webp 768w, https:\/\/hitexoticsdistro.eu\/wp-content\/uploads\/2025\/08\/photo_2024-11-27_08-05-15-600x607.webp 600w, https:\/\/hitexoticsdistro.eu\/wp-content\/uploads\/2025\/08\/photo_2024-11-27_08-05-15-100x100.webp 100w, https:\/\/hitexoticsdistro.eu\/wp-content\/uploads\/2025\/08\/photo_2024-11-27_08-05-15.webp 1265w\" sizes=\"auto, (max-width: 296px) 100vw, 296px\" \/><\/a> <a href=\"https:\/\/hitexoticsdistro.eu\/it\/product\/gdzie-moge-kupic-cali-plates-hash-2\/\"><img loading=\"lazy\" decoding=\"async\" class=\"alignnone wp-image-3440 size-medium\" src=\"https:\/\/hitexoticsdistro.eu\/wp-content\/uploads\/2025\/08\/photo_2024-11-25_11-58-53-265x300.webp\" alt=\"\" width=\"265\" height=\"300\" srcset=\"https:\/\/hitexoticsdistro.eu\/wp-content\/uploads\/2025\/08\/photo_2024-11-25_11-58-53-265x300.webp 265w, https:\/\/hitexoticsdistro.eu\/wp-content\/uploads\/2025\/08\/photo_2024-11-25_11-58-53-904x1024.webp 904w, https:\/\/hitexoticsdistro.eu\/wp-content\/uploads\/2025\/08\/photo_2024-11-25_11-58-53-768x870.webp 768w, https:\/\/hitexoticsdistro.eu\/wp-content\/uploads\/2025\/08\/photo_2024-11-25_11-58-53-600x680.webp 600w, https:\/\/hitexoticsdistro.eu\/wp-content\/uploads\/2025\/08\/photo_2024-11-25_11-58-53.webp 1130w\" sizes=\"auto, (max-width: 265px) 100vw, 265px\" \/><\/a> <a href=\"https:\/\/hitexoticsdistro.eu\/it\/product\/rynek-haszyszu-cali-plates\/\"><img loading=\"lazy\" decoding=\"async\" class=\"alignnone wp-image-3439 size-medium\" src=\"https:\/\/hitexoticsdistro.eu\/wp-content\/uploads\/2025\/08\/photo_2024-11-27_18-24-56-300x270.webp\" alt=\"\" width=\"300\" height=\"270\" srcset=\"https:\/\/hitexoticsdistro.eu\/wp-content\/uploads\/2025\/08\/photo_2024-11-27_18-24-56-300x270.webp 300w, https:\/\/hitexoticsdistro.eu\/wp-content\/uploads\/2025\/08\/photo_2024-11-27_18-24-56-1024x921.webp 1024w, https:\/\/hitexoticsdistro.eu\/wp-content\/uploads\/2025\/08\/photo_2024-11-27_18-24-56-768x691.webp 768w, https:\/\/hitexoticsdistro.eu\/wp-content\/uploads\/2025\/08\/photo_2024-11-27_18-24-56-600x540.webp 600w, https:\/\/hitexoticsdistro.eu\/wp-content\/uploads\/2025\/08\/photo_2024-11-27_18-24-56.webp 1280w\" sizes=\"auto, (max-width: 300px) 100vw, 300px\" \/><\/a><\/p>","protected":false},"excerpt":{"rendered":"<p>La Mousse Hash: Najlepiej sprzedaj\u0105cy si\u0119 w Europie haszysz konopny Zam\u00f3w La Mousse Hash. Z dum\u0105 prezentujemy La Mousse Hash, [&hellip;]<\/p>\n","protected":false},"featured_media":3606,"comment_status":"open","ping_status":"closed","template":"","meta":{"_surecart_dashboard_logo_width":"180px","_surecart_dashboard_show_logo":true,"_surecart_dashboard_navigation_orders":true,"_surecart_dashboard_navigation_invoices":true,"_surecart_dashboard_navigation_subscriptions":true,"_surecart_dashboard_navigation_downloads":true,"_surecart_dashboard_navigation_billing":true,"_surecart_dashboard_navigation_account":true,"_uag_custom_page_level_css":"","site-sidebar-layout":"default","site-content-layout":"","ast-site-content-layout":"default","site-content-style":"default","site-sidebar-style":"default","ast-global-header-display":"","ast-banner-title-visibility":"","ast-main-header-display":"","ast-hfb-above-header-display":"","ast-hfb-below-header-display":"","ast-hfb-mobile-header-display":"","site-post-title":"","ast-breadcrumbs-content":"","ast-featured-img":"","footer-sml-layout":"","ast-disable-related-posts":"","theme-transparent-header-meta":"default","adv-header-id-meta":"","stick-header-meta":"","header-above-stick-meta":"","header-main-stick-meta":"","header-below-stick-meta":"","astra-migrate-meta-layouts":"set","ast-page-background-enabled":"default","ast-page-background-meta":{"desktop":{"background-color":"var(--ast-global-color-5)","background-image":"","background-repeat":"repeat","background-position":"center center","background-size":"auto","background-attachment":"scroll","background-type":"","background-media":"","overlay-type":"","overlay-color":"","overlay-opacity":"","overlay-gradient":""},"tablet":{"background-color":"","background-image":"","background-repeat":"repeat","background-position":"center center","background-size":"auto","background-attachment":"scroll","background-type":"","background-media":"","overlay-type":"","overlay-color":"","overlay-opacity":"","overlay-gradient":""},"mobile":{"background-color":"","background-image":"","background-repeat":"repeat","background-position":"center center","background-size":"auto","background-attachment":"scroll","background-type":"","background-media":"","overlay-type":"","overlay-color":"","overlay-opacity":"","overlay-gradient":""}},"ast-content-background-meta":{"desktop":{"background-color":"var(--ast-global-color-4)","background-image":"","background-repeat":"repeat","background-position":"center center","background-size":"auto","background-attachment":"scroll","background-type":"","background-media":"","overlay-type":"","overlay-color":"","overlay-opacity":"","overlay-gradient":""},"tablet":{"background-color":"var(--ast-global-color-4)","background-image":"","background-repeat":"repeat","background-position":"center center","background-size":"auto","background-attachment":"scroll","background-type":"","background-media":"","overlay-type":"","overlay-color":"","overlay-opacity":"","overlay-gradient":""},"mobile":{"background-color":"var(--ast-global-color-4)","background-image":"","background-repeat":"repeat","background-position":"center center","background-size":"auto","background-attachment":"scroll","background-type":"","background-media":"","overlay-type":"","overlay-color":"","overlay-opacity":"","overlay-gradient":""}}},"product_brand":[],"product_cat":[400,53,1761],"product_tag":[],"class_list":{"0":"post-3576","1":"product","2":"type-product","3":"status-publish","4":"has-post-thumbnail","6":"product_cat-jak-bezpiecznie-zamawiac-wysokiej-jakosci-haszysz-thc-online","7":"product_cat-kup-koncentraty-konopi-indyjskich-online","8":"product_cat-la-mousse-hash","9":"desktop-align-left","10":"tablet-align-left","11":"mobile-align-left","13":"first","14":"instock","15":"shipping-taxable","16":"purchasable","17":"product-type-variable"},"uagb_featured_image_src":{"full":["https:\/\/hitexoticsdistro.eu\/wp-content\/uploads\/2025\/08\/photo_2024-10-19_15-51-49.webp",960,903,false],"thumbnail":["https:\/\/hitexoticsdistro.eu\/wp-content\/uploads\/2025\/08\/photo_2024-10-19_15-51-49-150x150.webp",150,150,true],"medium":["https:\/\/hitexoticsdistro.eu\/wp-content\/uploads\/2025\/08\/photo_2024-10-19_15-51-49-300x282.webp",300,282,true],"medium_large":["https:\/\/hitexoticsdistro.eu\/wp-content\/uploads\/2025\/08\/photo_2024-10-19_15-51-49-768x722.webp",768,722,true],"large":["https:\/\/hitexoticsdistro.eu\/wp-content\/uploads\/2025\/08\/photo_2024-10-19_15-51-49.webp",960,903,false],"1536x1536":["https:\/\/hitexoticsdistro.eu\/wp-content\/uploads\/2025\/08\/photo_2024-10-19_15-51-49.webp",960,903,false],"2048x2048":["https:\/\/hitexoticsdistro.eu\/wp-content\/uploads\/2025\/08\/photo_2024-10-19_15-51-49.webp",960,903,false],"trp-custom-language-flag":["https:\/\/hitexoticsdistro.eu\/wp-content\/uploads\/2025\/08\/photo_2024-10-19_15-51-49.webp",13,12,false],"woocommerce_thumbnail":["https:\/\/hitexoticsdistro.eu\/wp-content\/uploads\/2025\/08\/photo_2024-10-19_15-51-49-300x300.webp",300,300,true],"woocommerce_single":["https:\/\/hitexoticsdistro.eu\/wp-content\/uploads\/2025\/08\/photo_2024-10-19_15-51-49-600x564.webp",600,564,true],"woocommerce_gallery_thumbnail":["https:\/\/hitexoticsdistro.eu\/wp-content\/uploads\/2025\/08\/photo_2024-10-19_15-51-49-100x100.webp",100,100,true]},"uagb_author_info":{"display_name":"","author_link":"https:\/\/hitexoticsdistro.eu\/it\/author\/"},"uagb_comment_info":4,"uagb_excerpt":"La Mousse Hash: Najlepiej sprzedaj\u0105cy si\u0119 w Europie haszysz konopny Zam\u00f3w La Mousse Hash. Z dum\u0105 prezentujemy La Mousse Hash, [&hellip;]","_links":{"self":[{"href":"https:\/\/hitexoticsdistro.eu\/it\/wp-json\/wp\/v2\/product\/3576","targetHints":{"allow":["GET"]}}],"collection":[{"href":"https:\/\/hitexoticsdistro.eu\/it\/wp-json\/wp\/v2\/product"}],"about":[{"href":"https:\/\/hitexoticsdistro.eu\/it\/wp-json\/wp\/v2\/types\/product"}],"replies":[{"embeddable":true,"href":"https:\/\/hitexoticsdistro.eu\/it\/wp-json\/wp\/v2\/comments?post=3576"}],"wp:featuredmedia":[{"embeddable":true,"href":"https:\/\/hitexoticsdistro.eu\/it\/wp-json\/wp\/v2\/media\/3606"}],"wp:attachment":[{"href":"https:\/\/hitexoticsdistro.eu\/it\/wp-json\/wp\/v2\/media?parent=3576"}],"wp:term":[{"taxonomy":"product_brand","embeddable":true,"href":"https:\/\/hitexoticsdistro.eu\/it\/wp-json\/wp\/v2\/product_brand?post=3576"},{"taxonomy":"product_cat","embeddable":true,"href":"https:\/\/hitexoticsdistro.eu\/it\/wp-json\/wp\/v2\/product_cat?post=3576"},{"taxonomy":"product_tag","embeddable":true,"href":"https:\/\/hitexoticsdistro.eu\/it\/wp-json\/wp\/v2\/product_tag?post=3576"}],"curies":[{"name":"wp","href":"https:\/\/api.w.org\/{rel}","templated":true}]}}