{"id":1068,"date":"2024-10-10T23:07:31","date_gmt":"2024-10-10T23:07:31","guid":{"rendered":"https:\/\/hitexoticsdistro.com\/?post_type=product&#038;p=1068"},"modified":"2024-10-28T16:27:37","modified_gmt":"2024-10-28T16:27:37","slug":"blue-moon-hemp-bubba-kush-delta-8","status":"publish","type":"product","link":"https:\/\/hitexoticsdistro.eu\/it\/product\/blue-moon-hemp-bubba-kush-delta-8\/","title":{"rendered":"Blue Moon Hemp Bubba Kush Delta 8"},"content":{"rendered":"<h2>Blue Moon Hemp Bubba Kush Delta 8 \u2013 Idealne Po\u0142\u0105czenie Relaksu i Funkcjonalno\u015bci<\/h2>\n<p>Blue Moon Konopie Bubba Kush Delta 8 to wyj\u0105tkowa odmiana, kt\u00f3ra oferuje u\u017cytkownikom pe\u0142ni\u0119 relaksu bez silnego efektu psychoaktywnego THC. Dzi\u0119ki po\u0142\u0105czeniu klasycznej Bubba Kush z odmian\u0105 o wyj\u0105tkowo niskiej zawarto\u015bci THC, ta wersja jest bogata w CBD, co daje efekt odpr\u0119\u017cenia, jednocze\u015bnie pozwalaj\u0105c zachowa\u0107 pe\u0142n\u0105 sprawno\u015b\u0107. Ten produkt to idealny wyb\u00f3r dla os\u00f3b szukaj\u0105cych komfortu i spokoju bez uczucia odurzenia.<\/p>\n<h3>Co to jest Blue Moon Hemp Bubba Kush Delta 8?<\/h3>\n<p>Blue Moon Hemp Bubba Kush Delta 8 to hybryda, kt\u00f3ra zosta\u0142a zaprojektowana z my\u015bl\u0105 o zapewnieniu u\u017cytkownikom maksymalnych korzy\u015bci terapeutycznych bez intensywnych efekt\u00f3w THC. Dzi\u0119ki swojej niskiej zawarto\u015bci THC, ten produkt oferuje \u0142agodny relaks bez typowych dla THC efekt\u00f3w odurzaj\u0105cych. Jest to doskona\u0142y wyb\u00f3r dla os\u00f3b poszukuj\u0105cych relaksu i poprawy nastroju bez zak\u0142\u00f3cania codziennych obowi\u0105zk\u00f3w.<\/p>\n<h3>Jak dzia\u0142a Blue Moon Hemp Bubba Kush Delta 8?<\/h3>\n<p>Dzia\u0142anie tej odmiany opiera si\u0119 g\u0142\u00f3wnie na synergii naturalnie wyst\u0119puj\u0105cych kannabinoid\u00f3w i terpen\u00f3w, kt\u00f3re wspieraj\u0105 uk\u0142ad endokannabinoidowy. CBD, kt\u00f3re jest dominuj\u0105cym kannabinoidem, dzia\u0142a relaksuj\u0105co, nie wywo\u0142uj\u0105c jednocze\u015bnie uczucia odurzenia charakterystycznego dla THC. U\u017cytkownicy mog\u0105 cieszy\u0107 si\u0119 pe\u0142nym relaksem, \u0142agodzeniem stresu i popraw\u0105 nastroju, jednocze\u015bnie pozostaj\u0105c w pe\u0142ni funkcjonalnymi.<\/p>\n<h3>Gdzie kupi\u0107 Blue Moon Hemp Bubba Kush Delta 8?<\/h3>\n<p>Najlepszym miejscem do zakupu Blue Moon Konopie Bubba Kush Delta-8 jest nasz sklep internetowy <em>Hit Exotics Distro<\/em>, kt\u00f3ry oferuje najwy\u017cszej jako\u015bci produkty konopne. Dzi\u0119ki naszym konkurencyjnym cenom i szybkiemu, dyskretnemu dostarczaniu, mo\u017cesz mie\u0107 pewno\u015b\u0107, \u017ce otrzymasz produkt, kt\u00f3ry spe\u0142ni wszystkie twoje oczekiwania.<\/p>\n<h3>Smak i Aromat<\/h3>\n<p>Blue Moon Hemp Bubba Kush Delta-8 wyr\u00f3\u017cnia si\u0119 <strong>s\u0142odkimi, haszyszowymi nutami<\/strong>, kt\u00f3re na wydechu uzupe\u0142niane s\u0105 delikatnymi akcentami <strong>czekolady i kawy<\/strong>. To wyj\u0105tkowe po\u0142\u0105czenie smak\u00f3w sprawia, \u017ce ka\u017cda sesja palenia jest prawdziw\u0105 uczt\u0105 dla podniebienia. Dym jest g\u0142adki, a aromatyczne terpeny dodatkowo pot\u0119guj\u0105 przyjemne wra\u017cenia podczas palenia.<\/p>\n<h3>Efekty<\/h3>\n<p>Blue Moon Hemp Bubba Kush Delta-8 oferuje u\u017cytkownikom <strong>g\u0142\u0119bokie odpr\u0119\u017cenie<\/strong>, kt\u00f3re obejmuje zar\u00f3wno umys\u0142, jak i cia\u0142o. Efekty te s\u0105 \u0142agodzone przez brak THC, co oznacza, \u017ce u\u017cytkownicy mog\u0105 cieszy\u0107 si\u0119 uczuciem spokoju i relaksu bez ryzyka nadmiernej senno\u015bci czy oszo\u0142omienia.<\/p>\n<h4><a href=\"https:\/\/hitexoticsdistro.eu\/it\/product-category\/kup-konopie-indyjskie-indica-online\/\">Indica<\/a>, <a href=\"https:\/\/hitexoticsdistro.eu\/it\/product-category\/kup-marihuane-sativa-online-polska\/\">Sativa<\/a> i st\u0119\u017cenie THC<\/h4>\n<p>Blue Moon Hemp Bubba Kush Delta 8 to odmiana <strong>indica-dominuj\u0105ca<\/strong>, co oznacza, \u017ce efekty s\u0105 bardziej relaksuj\u0105ce i uspokajaj\u0105ce. Poniewa\u017c THC zosta\u0142o wyhodowane na bardzo niskim poziomie, u\u017cytkownicy mog\u0105 czerpa\u0107 korzy\u015bci z pe\u0142nego spektrum dzia\u0142ania konopi, koncentruj\u0105c si\u0119 na terapeutycznym dzia\u0142aniu CBD. Produkt zawiera tak\u017ce niewielkie ilo\u015bci Delta-8 THC, kt\u00f3re dodatkowo pot\u0119guj\u0105 relaks, ale w delikatniejszy spos\u00f3b ni\u017c standardowe THC.<\/p>\n<h3>Dlaczego warto wybra\u0107 Blue Moon Hemp Bubba Kush Delta-8?<\/h3>\n<ul>\n<li><strong>Relaks i funkcjonalno\u015b\u0107<\/strong>: Dzi\u0119ki niskiemu poziomowi THC, Blue Moon Konopie Bubba Kush Delta-8 zapewnia pe\u0142ne odpr\u0119\u017cenie bez utraty koncentracji czy zdolno\u015bci do dzia\u0142ania.<\/li>\n<li><strong>Naturalne sk\u0142adniki<\/strong>: Wszystkie naturalnie wyst\u0119puj\u0105ce kannabinoidy i terpeny s\u0105 obecne, co pot\u0119guje synergistyczne dzia\u0142anie i wspiera uk\u0142ad endokannabinoidowy.<\/li>\n<li><strong>Unikalne smaki<\/strong>: Po\u0142\u0105czenie s\u0142odkich nut haszyszu, czekolady i kawy czyni ka\u017cd\u0105 sesj\u0119 wyj\u0105tkowym do\u015bwiadczeniem.<\/li>\n<li><strong>Doskona\u0142a jako\u015b\u0107<\/strong>: Nasze produkty s\u0105 naturalnie uprawiane, co zapewnia najwy\u017csz\u0105 jako\u015b\u0107 i pe\u0142ne bezpiecze\u0144stwo stosowania.<\/li>\n<\/ul>\n<h3>Kup Blue Moon Hemp Bubba Kush Delta 8 Ju\u017c Teraz!<\/h3>\n<p>Je\u015bli szukasz idealnego po\u0142\u0105czenia relaksu, smaku i funkcjonalno\u015bci, czas kupi\u0107 <strong>Blue Moon Hemp Bubba Kush Delta 8<\/strong> online. Nasz sklep <em>Hit Exotics Distro<\/em> oferuje szerok\u0105 gam\u0119 produkt\u00f3w <a href=\"https:\/\/sklepsativa.pl\/siewne\" rel=\"nofollow noopener\" target=\"_blank\">konopnych<\/a>, dostarczaj\u0105c je szybko i dyskretnie. Niezale\u017cnie od tego, czy chcesz z\u0142agodzi\u0107 stres, poprawi\u0107 nastr\u00f3j czy po prostu cieszy\u0107 si\u0119 naturalnymi korzy\u015bciami z CBD, Blue Moon Konopie Bubba Kush Delta-8 to idealny wyb\u00f3r.<\/p>\n<h3>Najcz\u0119\u015bciej Zadawane Pytania<\/h3>\n<h4>Co to jest Blue Moon Hemp Bubba Kush Delta 8?<\/h4>\n<p>Jest to odmiana indica-dominuj\u0105ca z niskim poziomem THC i bogat\u0105 zawarto\u015bci\u0105 CBD, kt\u00f3ra oferuje pe\u0142ne odpr\u0119\u017cenie bez efekt\u00f3w odurzaj\u0105cych THC.<\/p>\n<h4>Jakie s\u0105 g\u0142\u00f3wne efekty Blue Moon Konopie Bubba Kush Delta 8?<\/h4>\n<p>Blue Moon Konopie Bubba Kush Delta 8 zapewnia relaksuj\u0105cy efekt na cia\u0142o i umys\u0142, jednocze\u015bnie pozwalaj\u0105c zachowa\u0107 pe\u0142n\u0105 sprawno\u015b\u0107 umys\u0142ow\u0105 i fizyczn\u0105.<\/p>\n<h4>Czy mog\u0119 u\u017cywa\u0107 Blue Moon Konopie Bubba Kush Delta-8 w ci\u0105gu dnia?<\/h4>\n<p>Tak, poniewa\u017c produkt nie zawiera THC, mo\u017cesz go u\u017cywa\u0107 w ci\u0105gu dnia bez obaw o utrat\u0119 koncentracji czy uczucie senno\u015bci.<\/p>\n<h4>Jakie s\u0105 korzy\u015bci zdrowotne Blue Moon Konopie Bubba Kush Delta-8?<\/h4>\n<p>Produkt mo\u017ce pom\u00f3c w \u0142agodzeniu stresu, poprawie nastroju, wspieraniu relaksu oraz wspomaganiu zdrowia endokannabinoidowego organizmu.<\/p>\n<h3>Podsumowanie<\/h3>\n<p>Blue Moon Konopie Bubba Kush Delta-8 to doskona\u0142y wyb\u00f3r dla tych, kt\u00f3rzy szukaj\u0105 relaksu i wsparcia terapeutycznego bez efekt\u00f3w odurzaj\u0105cych. Dzi\u0119ki swojemu bogatemu profilowi kannabinoidowemu i terpenowemu, odmiana ta oferuje pe\u0142ne do\u015bwiadczenie konopne, kt\u00f3re jest jednocze\u015bnie smaczne i efektywne. <strong>Kup Blue Moon Konopie Bubba Kush Delta 8 online<\/strong> i odkryj relaks, kt\u00f3ry czeka na ciebie!<\/p>\n<p>&nbsp;<\/p>\n<p><img loading=\"lazy\" decoding=\"async\" class=\"alignnone size-medium wp-image-1330\" src=\"https:\/\/hitexoticsdistro.eu\/wp-content\/uploads\/2024\/10\/cropped-WhatsApp-Image-2024-10-02-at-3.50.03-PM-2-1-300x300.jpeg\" alt=\"Gdzie bezpiecznie kupi\u0107 marihuan\u0119 online?\" width=\"300\" height=\"300\" srcset=\"https:\/\/hitexoticsdistro.eu\/wp-content\/uploads\/2024\/10\/cropped-WhatsApp-Image-2024-10-02-at-3.50.03-PM-2-1-300x300.jpeg 300w, https:\/\/hitexoticsdistro.eu\/wp-content\/uploads\/2024\/10\/cropped-WhatsApp-Image-2024-10-02-at-3.50.03-PM-2-1-150x150.jpeg 150w, https:\/\/hitexoticsdistro.eu\/wp-content\/uploads\/2024\/10\/cropped-WhatsApp-Image-2024-10-02-at-3.50.03-PM-2-1-100x100.jpeg 100w, https:\/\/hitexoticsdistro.eu\/wp-content\/uploads\/2024\/10\/cropped-WhatsApp-Image-2024-10-02-at-3.50.03-PM-2-1-270x270.jpeg 270w, https:\/\/hitexoticsdistro.eu\/wp-content\/uploads\/2024\/10\/cropped-WhatsApp-Image-2024-10-02-at-3.50.03-PM-2-1-192x192.jpeg 192w, https:\/\/hitexoticsdistro.eu\/wp-content\/uploads\/2024\/10\/cropped-WhatsApp-Image-2024-10-02-at-3.50.03-PM-2-1-180x180.jpeg 180w, https:\/\/hitexoticsdistro.eu\/wp-content\/uploads\/2024\/10\/cropped-WhatsApp-Image-2024-10-02-at-3.50.03-PM-2-1-32x32.jpeg 32w, https:\/\/hitexoticsdistro.eu\/wp-content\/uploads\/2024\/10\/cropped-WhatsApp-Image-2024-10-02-at-3.50.03-PM-2-1.jpeg 512w\" sizes=\"auto, (max-width: 300px) 100vw, 300px\" \/><\/p>","protected":false},"excerpt":{"rendered":"<p>Blue Moon Hemp Bubba Kush Delta 8 \u2013 Idealne Po\u0142\u0105czenie Relaksu i Funkcjonalno\u015bci Blue Moon Konopie Bubba Kush Delta 8 [&hellip;]<\/p>\n","protected":false},"featured_media":1096,"comment_status":"closed","ping_status":"closed","template":"","meta":{"_surecart_dashboard_logo_width":"180px","_surecart_dashboard_show_logo":true,"_surecart_dashboard_navigation_orders":true,"_surecart_dashboard_navigation_invoices":true,"_surecart_dashboard_navigation_subscriptions":true,"_surecart_dashboard_navigation_downloads":true,"_surecart_dashboard_navigation_billing":true,"_surecart_dashboard_navigation_account":true,"_uag_custom_page_level_css":"","site-sidebar-layout":"default","site-content-layout":"","ast-site-content-layout":"default","site-content-style":"default","site-sidebar-style":"default","ast-global-header-display":"","ast-banner-title-visibility":"","ast-main-header-display":"","ast-hfb-above-header-display":"","ast-hfb-below-header-display":"","ast-hfb-mobile-header-display":"","site-post-title":"","ast-breadcrumbs-content":"","ast-featured-img":"","footer-sml-layout":"","ast-disable-related-posts":"","theme-transparent-header-meta":"default","adv-header-id-meta":"","stick-header-meta":"","header-above-stick-meta":"","header-main-stick-meta":"","header-below-stick-meta":"","astra-migrate-meta-layouts":"set","ast-page-background-enabled":"default","ast-page-background-meta":{"desktop":{"background-color":"var(--ast-global-color-5)","background-image":"","background-repeat":"repeat","background-position":"center center","background-size":"auto","background-attachment":"scroll","background-type":"","background-media":"","overlay-type":"","overlay-color":"","overlay-opacity":"","overlay-gradient":""},"tablet":{"background-color":"","background-image":"","background-repeat":"repeat","background-position":"center center","background-size":"auto","background-attachment":"scroll","background-type":"","background-media":"","overlay-type":"","overlay-color":"","overlay-opacity":"","overlay-gradient":""},"mobile":{"background-color":"","background-image":"","background-repeat":"repeat","background-position":"center center","background-size":"auto","background-attachment":"scroll","background-type":"","background-media":"","overlay-type":"","overlay-color":"","overlay-opacity":"","overlay-gradient":""}},"ast-content-background-meta":{"desktop":{"background-color":"var(--ast-global-color-4)","background-image":"","background-repeat":"repeat","background-position":"center center","background-size":"auto","background-attachment":"scroll","background-type":"","background-media":"","overlay-type":"","overlay-color":"","overlay-opacity":"","overlay-gradient":""},"tablet":{"background-color":"var(--ast-global-color-4)","background-image":"","background-repeat":"repeat","background-position":"center center","background-size":"auto","background-attachment":"scroll","background-type":"","background-media":"","overlay-type":"","overlay-color":"","overlay-opacity":"","overlay-gradient":""},"mobile":{"background-color":"var(--ast-global-color-4)","background-image":"","background-repeat":"repeat","background-position":"center center","background-size":"auto","background-attachment":"scroll","background-type":"","background-media":"","overlay-type":"","overlay-color":"","overlay-opacity":"","overlay-gradient":""}}},"product_brand":[],"product_cat":[257,514],"product_tag":[841,842,538,845,848,846,843,847,844],"class_list":{"0":"post-1068","1":"product","2":"type-product","3":"status-publish","4":"has-post-thumbnail","6":"product_cat-gdzie-znalezc-najlepsze-produkty-delta-8","7":"product_cat-sklep-internetowy-z-odmiana-konopi-delta-8","8":"product_tag-bluemoonkonopie","9":"product_tag-bubbakushdelta8","10":"product_tag-buy-blue-moon-hemp-bubba-kush-delta-8-flower-online-europe","11":"product_tag-cbdodmiana","12":"product_tag-hemp","13":"product_tag-indicakonopie","14":"product_tag-konopiecbd","15":"product_tag-kuponline","16":"product_tag-relaksbezthc","17":"desktop-align-left","18":"tablet-align-left","19":"mobile-align-left","21":"first","22":"outofstock","23":"shipping-taxable","24":"purchasable","25":"product-type-simple"},"uagb_featured_image_src":{"full":["https:\/\/hitexoticsdistro.eu\/wp-content\/uploads\/2024\/10\/Blue-Moon-Hemp-Bubba-Kush-Delta-8-Flower.jpg",768,768,false],"thumbnail":["https:\/\/hitexoticsdistro.eu\/wp-content\/uploads\/2024\/10\/Blue-Moon-Hemp-Bubba-Kush-Delta-8-Flower-150x150.jpg",150,150,true],"medium":["https:\/\/hitexoticsdistro.eu\/wp-content\/uploads\/2024\/10\/Blue-Moon-Hemp-Bubba-Kush-Delta-8-Flower-300x300.jpg",300,300,true],"medium_large":["https:\/\/hitexoticsdistro.eu\/wp-content\/uploads\/2024\/10\/Blue-Moon-Hemp-Bubba-Kush-Delta-8-Flower.jpg",768,768,false],"large":["https:\/\/hitexoticsdistro.eu\/wp-content\/uploads\/2024\/10\/Blue-Moon-Hemp-Bubba-Kush-Delta-8-Flower.jpg",768,768,false],"1536x1536":["https:\/\/hitexoticsdistro.eu\/wp-content\/uploads\/2024\/10\/Blue-Moon-Hemp-Bubba-Kush-Delta-8-Flower.jpg",768,768,false],"2048x2048":["https:\/\/hitexoticsdistro.eu\/wp-content\/uploads\/2024\/10\/Blue-Moon-Hemp-Bubba-Kush-Delta-8-Flower.jpg",768,768,false],"trp-custom-language-flag":["https:\/\/hitexoticsdistro.eu\/wp-content\/uploads\/2024\/10\/Blue-Moon-Hemp-Bubba-Kush-Delta-8-Flower.jpg",12,12,false],"woocommerce_thumbnail":["https:\/\/hitexoticsdistro.eu\/wp-content\/uploads\/2024\/10\/Blue-Moon-Hemp-Bubba-Kush-Delta-8-Flower-300x300.jpg",300,300,true],"woocommerce_single":["https:\/\/hitexoticsdistro.eu\/wp-content\/uploads\/2024\/10\/Blue-Moon-Hemp-Bubba-Kush-Delta-8-Flower-600x600.jpg",600,600,true],"woocommerce_gallery_thumbnail":["https:\/\/hitexoticsdistro.eu\/wp-content\/uploads\/2024\/10\/Blue-Moon-Hemp-Bubba-Kush-Delta-8-Flower-100x100.jpg",100,100,true]},"uagb_author_info":{"display_name":"","author_link":"https:\/\/hitexoticsdistro.eu\/it\/author\/"},"uagb_comment_info":0,"uagb_excerpt":"Blue Moon Hemp Bubba Kush Delta 8 \u2013 Idealne Po\u0142\u0105czenie Relaksu i Funkcjonalno\u015bci Blue Moon Konopie Bubba Kush Delta 8 [&hellip;]","_links":{"self":[{"href":"https:\/\/hitexoticsdistro.eu\/it\/wp-json\/wp\/v2\/product\/1068","targetHints":{"allow":["GET"]}}],"collection":[{"href":"https:\/\/hitexoticsdistro.eu\/it\/wp-json\/wp\/v2\/product"}],"about":[{"href":"https:\/\/hitexoticsdistro.eu\/it\/wp-json\/wp\/v2\/types\/product"}],"replies":[{"embeddable":true,"href":"https:\/\/hitexoticsdistro.eu\/it\/wp-json\/wp\/v2\/comments?post=1068"}],"wp:featuredmedia":[{"embeddable":true,"href":"https:\/\/hitexoticsdistro.eu\/it\/wp-json\/wp\/v2\/media\/1096"}],"wp:attachment":[{"href":"https:\/\/hitexoticsdistro.eu\/it\/wp-json\/wp\/v2\/media?parent=1068"}],"wp:term":[{"taxonomy":"product_brand","embeddable":true,"href":"https:\/\/hitexoticsdistro.eu\/it\/wp-json\/wp\/v2\/product_brand?post=1068"},{"taxonomy":"product_cat","embeddable":true,"href":"https:\/\/hitexoticsdistro.eu\/it\/wp-json\/wp\/v2\/product_cat?post=1068"},{"taxonomy":"product_tag","embeddable":true,"href":"https:\/\/hitexoticsdistro.eu\/it\/wp-json\/wp\/v2\/product_tag?post=1068"}],"curies":[{"name":"wp","href":"https:\/\/api.w.org\/{rel}","templated":true}]}}