{"id":1043,"date":"2024-10-10T23:06:46","date_gmt":"2024-10-10T23:06:46","guid":{"rendered":"https:\/\/hitexoticsdistro.com\/?post_type=product&#038;p=1043"},"modified":"2024-10-27T03:49:26","modified_gmt":"2024-10-27T03:49:26","slug":"kup-marihuane-pineapple-express-thc","status":"publish","type":"product","link":"https:\/\/hitexoticsdistro.eu\/it\/product\/kup-marihuane-pineapple-express-thc\/","title":{"rendered":"Pineapple Express Delta 8"},"content":{"rendered":"<h2>Kup marihuan\u0119 Pineapple Express THC<\/h2>\n<p>Pineapple Express to wyj\u0105tkowa <a href=\"https:\/\/hitexoticsdistro.eu\/it\/product-category\/gdzie-moge-kupic-marihuane\/\">odmiana marihuany<\/a>, kt\u00f3ra \u0142\u0105czy w sobie si\u0142y dw\u00f3ch pot\u0119\u017cnych szczep\u00f3w \u2013 <em>Trainwreck<\/em> i <em>Hawaiian<\/em>. Jest to dominuj\u0105ca sativa, kt\u00f3ra oferuje energizuj\u0105cy haj, idealny na aktywne popo\u0142udnia i kreatywne wyzwania. Zapach tej odmiany przypomina \u015bwie\u017ce jab\u0142ka i mango, a smak to mieszanka ananasa, sosny i cedru. Pineapple Express Delta 8 THC jest znana z d\u0142ugotrwa\u0142ego, pobudzaj\u0105cego dzia\u0142ania, kt\u00f3re pomo\u017ce Ci utrzyma\u0107 koncentracj\u0119 i produktywno\u015b\u0107 przez ca\u0142y dzie\u0144.<\/p>\n<h3>Dlaczego warto kupi\u0107 Pineapple Express THC?<\/h3>\n<p>Kup marihuan\u0119 Pineapple Express THC, aby do\u015bwiadczy\u0107 odmiany, kt\u00f3ra idealnie \u0142\u0105czy si\u0142\u0119 i smak. Jest to jedna z tych odmian, kt\u00f3ra nie tylko cieszy kubki smakowe, ale tak\u017ce dostarcza przyjemnych efekt\u00f3w, idealnych na ka\u017cdy dzie\u0144. Niezale\u017cnie od tego, czy planujesz produktywne popo\u0142udnie, czy po prostu chcesz uciec w kreatywny \u015bwiat, Pineapple Express Delta 8 THC jest doskona\u0142ym wyborem.<\/p>\n<h3>Charakterystyka Pineapple Express<\/h3>\n<p><strong>Rodzaj<\/strong>: <em>Sativa-dominant Hybrid<\/em><br \/>\n<strong>Rodzice<\/strong>: <em>Trainwreck<\/em> x <em>Hawaiian<\/em><br \/>\n<strong>Zapach<\/strong>: \u015awie\u017ce jab\u0142ko, mango<br \/>\n<strong>Smak<\/strong>: Ananas, sosna, cedr<br \/>\n<strong>Efekty<\/strong>: Energetyczny haj, d\u0142ugotrwa\u0142a euforia<\/p>\n<p>Dzi\u0119ki dominacji <em>Sativy<\/em>, Pineapple Express zapewnia u\u017cytkownikom motywacj\u0119 i pobudzenie, idealne do dzia\u0142ania w ci\u0105gu dnia. Zawarto\u015b\u0107 <a href=\"https:\/\/www.cristalcbd.pl\/kategoria-produktu\/zywnosc-konopna\/\" rel=\"nofollow noopener\" target=\"_blank\">THC<\/a> w tej odmianie oscyluje w granicach 20\u201325%, co sprawia, \u017ce jest to odmiana o \u015bredniej do wysokiej mocy.<\/p>\n<h3>Jakie efekty daje Pineapple Express THC?<\/h3>\n<ul>\n<li><strong>Energia i koncentracja<\/strong>: Idealna na produktywne dni, wspomaga skupienie i kreatywno\u015b\u0107.<\/li>\n<li><strong>Euforia i poprawa nastroju<\/strong>: Pineapple Express to odmiana, kt\u00f3ra podnosi na duchu i wprowadza w pozytywny stan umys\u0142u.<\/li>\n<li><strong>\u0141agodzenie stresu<\/strong>: Pomaga z\u0142agodzi\u0107 stres i niepok\u00f3j, jednocze\u015bnie nie wywo\u0142uj\u0105c przyt\u0142aczaj\u0105cego efektu.<\/li>\n<\/ul>\n<h3>Jak kupi\u0107 Pineapple Express THC?<\/h3>\n<p>Zastanawiasz si\u0119, gdzie kupi\u0107 marihuan\u0119 Pineapple Express THC online? Na naszej stronie <a href=\"https:\/\/hitexoticsdistro.eu\/it\/\" target=\"_new\" rel=\"noopener\">Hit Exotics Distro<\/a> znajdziesz ten wyj\u0105tkowy produkt, kt\u00f3ry spe\u0142ni Twoje oczekiwania. Kupuj\u0105c Pineapple Express online, masz pewno\u015b\u0107, \u017ce otrzymasz produkt najwy\u017cszej jako\u015bci, dostarczony w dyskretny i wygodny spos\u00f3b.<\/p>\n<h3>Korzy\u015bci terapeutyczne Pineapple Express THC<\/h3>\n<p>Pineapple Express jest r\u00f3wnie\u017c popularna w\u015br\u00f3d u\u017cytkownik\u00f3w medycznych. Oferuje wiele korzy\u015bci terapeutycznych, w tym:<\/p>\n<ul>\n<li><strong>\u0141agodzenie przewlek\u0142ego b\u00f3lu<\/strong>: Ze wzgl\u0119du na swoje umiarkowane do wysokie st\u0119\u017cenie THC, Pineapple Express mo\u017ce pom\u00f3c w radzeniu sobie z b\u00f3lami mi\u0119\u015bni, b\u00f3lem staw\u00f3w oraz innymi przewlek\u0142ymi dolegliwo\u015bciami.<\/li>\n<li><strong>Zmniejszanie l\u0119ku<\/strong>: Umiarkowane dawki pomagaj\u0105 z\u0142agodzi\u0107 l\u0119k, jednocze\u015bnie poprawiaj\u0105c nastr\u00f3j.<\/li>\n<li><strong>Pomoc przy depresji<\/strong>: Euforyczne efekty tej odmiany s\u0105 pomocne w walce z objawami depresji, zapewniaj\u0105c poczucie rado\u015bci i lekko\u015bci.<\/li>\n<\/ul>\n<h3>Kup marihuan\u0119 Pineapple Express THC ju\u017c teraz!<\/h3>\n<p>Nie czekaj d\u0142u\u017cej \u2013 kup marihuan\u0119 Pineapple Express THC na naszej stronie i do\u015bwiadcz energii, euforii oraz wyj\u0105tkowego smaku, kt\u00f3ry oferuje ta odmiana. Zam\u00f3wienia s\u0105 przetwarzane szybko i dostarczane bezproblemowo prosto do Twojego domu. Z Pineapple Express zyskasz now\u0105 perspektyw\u0119 na codzienne zadania i kreatywne wyzwania!<\/p>\n<h3>Cz\u0119sto zadawane pytania (FAQ)<\/h3>\n<h4>Jakie s\u0105 g\u0142\u00f3wne efekty Pineapple Express THC?<\/h4>\n<p>Pineapple Express zapewnia d\u0142ugotrwa\u0142y haj, kt\u00f3ry zwi\u0119ksza energi\u0119 i koncentracj\u0119, a jednocze\u015bnie wprowadza w stan euforii. Idealna do produktywnych dni i kreatywnych zaj\u0119\u0107.<\/p>\n<h4>Czy Pineapple Express to indica czy sativa?<\/h4>\n<p>Pineapple Express to sativa-dominant hybrid, co oznacza, \u017ce ma g\u0142\u00f3wnie efekty charakterystyczne dla sativy, takie jak zwi\u0119kszona energia i koncentracja, z delikatnymi elementami relaksu od strony indici.<\/p>\n<h4>Gdzie mog\u0119 kupi\u0107 Pineapple Express THC online?<\/h4>\n<p>Pineapple Express THC jest dost\u0119pna do zakupu na <a href=\"https:\/\/hitexoticsdistro.eu\/it\/\" target=\"_new\" rel=\"noopener\">Hit Exotics Distro<\/a>. Gwarantujemy najwy\u017csz\u0105 jako\u015b\u0107 produktu oraz szybk\u0105 i dyskretn\u0105 dostaw\u0119.<\/p>\n<h4>Jakie st\u0119\u017cenie THC ma Pineapple Express?<\/h4>\n<p>Pineapple Express THC zazwyczaj ma st\u0119\u017cenie THC w granicach 20-25%, co czyni j\u0105 odmian\u0105 o \u015bredniej do wysokiej mocy.<\/p>\n<h3>Podsumowanie<\/h3>\n<p>Pineapple Express Delta 8 THC to idealna odmiana dla os\u00f3b poszukuj\u0105cych energetyzuj\u0105cego i smakowitego do\u015bwiadczenia. Jej po\u0142\u0105czenie intensywnego smaku i efekt\u00f3w sprawia, \u017ce jest to wyb\u00f3r zar\u00f3wno dla entuzjast\u00f3w rekreacyjnych, jak i medycznych. <strong>Kup marihuan\u0119 Pineapple Express THC<\/strong> ju\u017c dzi\u015b i ciesz si\u0119 pe\u0142ni\u0105 zalet tej wyj\u0105tkowej odmiany!<\/p>\n<p>&nbsp;<\/p>\n<p><img loading=\"lazy\" decoding=\"async\" class=\"alignnone size-medium wp-image-1330\" src=\"https:\/\/hitexoticsdistro.eu\/wp-content\/uploads\/2024\/10\/cropped-WhatsApp-Image-2024-10-02-at-3.50.03-PM-2-1-300x300.jpeg\" alt=\"Gdzie bezpiecznie kupi\u0107 marihuan\u0119 online?\" width=\"300\" height=\"300\" srcset=\"https:\/\/hitexoticsdistro.eu\/wp-content\/uploads\/2024\/10\/cropped-WhatsApp-Image-2024-10-02-at-3.50.03-PM-2-1-300x300.jpeg 300w, https:\/\/hitexoticsdistro.eu\/wp-content\/uploads\/2024\/10\/cropped-WhatsApp-Image-2024-10-02-at-3.50.03-PM-2-1-150x150.jpeg 150w, https:\/\/hitexoticsdistro.eu\/wp-content\/uploads\/2024\/10\/cropped-WhatsApp-Image-2024-10-02-at-3.50.03-PM-2-1-100x100.jpeg 100w, https:\/\/hitexoticsdistro.eu\/wp-content\/uploads\/2024\/10\/cropped-WhatsApp-Image-2024-10-02-at-3.50.03-PM-2-1-270x270.jpeg 270w, https:\/\/hitexoticsdistro.eu\/wp-content\/uploads\/2024\/10\/cropped-WhatsApp-Image-2024-10-02-at-3.50.03-PM-2-1-192x192.jpeg 192w, https:\/\/hitexoticsdistro.eu\/wp-content\/uploads\/2024\/10\/cropped-WhatsApp-Image-2024-10-02-at-3.50.03-PM-2-1-180x180.jpeg 180w, https:\/\/hitexoticsdistro.eu\/wp-content\/uploads\/2024\/10\/cropped-WhatsApp-Image-2024-10-02-at-3.50.03-PM-2-1-32x32.jpeg 32w, https:\/\/hitexoticsdistro.eu\/wp-content\/uploads\/2024\/10\/cropped-WhatsApp-Image-2024-10-02-at-3.50.03-PM-2-1.jpeg 512w\" sizes=\"auto, (max-width: 300px) 100vw, 300px\" \/><\/p>","protected":false},"excerpt":{"rendered":"<p>Kup marihuan\u0119 Pineapple Express THC Pineapple Express to wyj\u0105tkowa odmiana marihuany, kt\u00f3ra \u0142\u0105czy w sobie si\u0142y dw\u00f3ch pot\u0119\u017cnych szczep\u00f3w \u2013 [&hellip;]<\/p>\n","protected":false},"featured_media":1086,"comment_status":"closed","ping_status":"closed","template":"","meta":{"_surecart_dashboard_logo_width":"180px","_surecart_dashboard_show_logo":true,"_surecart_dashboard_navigation_orders":true,"_surecart_dashboard_navigation_invoices":true,"_surecart_dashboard_navigation_subscriptions":true,"_surecart_dashboard_navigation_downloads":true,"_surecart_dashboard_navigation_billing":true,"_surecart_dashboard_navigation_account":true,"_uag_custom_page_level_css":"","site-sidebar-layout":"default","site-content-layout":"","ast-site-content-layout":"default","site-content-style":"default","site-sidebar-style":"default","ast-global-header-display":"","ast-banner-title-visibility":"","ast-main-header-display":"","ast-hfb-above-header-display":"","ast-hfb-below-header-display":"","ast-hfb-mobile-header-display":"","site-post-title":"","ast-breadcrumbs-content":"","ast-featured-img":"","footer-sml-layout":"","theme-transparent-header-meta":"default","adv-header-id-meta":"","stick-header-meta":"","header-above-stick-meta":"","header-main-stick-meta":"","header-below-stick-meta":"","astra-migrate-meta-layouts":"set","ast-page-background-enabled":"default","ast-page-background-meta":{"desktop":{"background-color":"var(--ast-global-color-4)","background-image":"","background-repeat":"repeat","background-position":"center center","background-size":"auto","background-attachment":"scroll","background-type":"","background-media":"","overlay-type":"","overlay-color":"","overlay-opacity":"","overlay-gradient":""},"tablet":{"background-color":"","background-image":"","background-repeat":"repeat","background-position":"center center","background-size":"auto","background-attachment":"scroll","background-type":"","background-media":"","overlay-type":"","overlay-color":"","overlay-opacity":"","overlay-gradient":""},"mobile":{"background-color":"","background-image":"","background-repeat":"repeat","background-position":"center center","background-size":"auto","background-attachment":"scroll","background-type":"","background-media":"","overlay-type":"","overlay-color":"","overlay-opacity":"","overlay-gradient":""}},"ast-content-background-meta":{"desktop":{"background-color":"var(--ast-global-color-5)","background-image":"","background-repeat":"repeat","background-position":"center center","background-size":"auto","background-attachment":"scroll","background-type":"","background-media":"","overlay-type":"","overlay-color":"","overlay-opacity":"","overlay-gradient":""},"tablet":{"background-color":"var(--ast-global-color-5)","background-image":"","background-repeat":"repeat","background-position":"center center","background-size":"auto","background-attachment":"scroll","background-type":"","background-media":"","overlay-type":"","overlay-color":"","overlay-opacity":"","overlay-gradient":""},"mobile":{"background-color":"var(--ast-global-color-5)","background-image":"","background-repeat":"repeat","background-position":"center center","background-size":"auto","background-attachment":"scroll","background-type":"","background-media":"","overlay-type":"","overlay-color":"","overlay-opacity":"","overlay-gradient":""}}},"product_brand":[],"product_cat":[257,514],"product_tag":[527,838,551,528,796,639,1076,578,1077],"class_list":{"0":"post-1043","1":"product","2":"type-product","3":"status-publish","4":"has-post-thumbnail","6":"product_cat-gdzie-znalezc-najlepsze-produkty-delta-8","7":"product_cat-sklep-internetowy-z-odmiana-konopi-delta-8","8":"product_tag-buy-pineapple-express-delta-8-thc-flower","9":"product_tag-delta8thc","10":"product_tag-hitexoticsdistro","11":"product_tag-hybrid-europe","12":"product_tag-kupmarihuane","13":"product_tag-odmianamarihuany","14":"product_tag-pineappleexpress","15":"product_tag-sativahybrid","16":"product_tag-thcmedyczne","17":"desktop-align-left","18":"tablet-align-left","19":"mobile-align-left","21":"first","22":"instock","23":"shipping-taxable","24":"purchasable","25":"product-type-variable"},"uagb_featured_image_src":{"full":["https:\/\/hitexoticsdistro.eu\/wp-content\/uploads\/2024\/10\/Buy-Pineapple-Express-Delta-8-THC-Flower-Hybrid.webp",1080,1080,false],"thumbnail":["https:\/\/hitexoticsdistro.eu\/wp-content\/uploads\/2024\/10\/Buy-Pineapple-Express-Delta-8-THC-Flower-Hybrid-150x150.webp",150,150,true],"medium":["https:\/\/hitexoticsdistro.eu\/wp-content\/uploads\/2024\/10\/Buy-Pineapple-Express-Delta-8-THC-Flower-Hybrid-300x300.webp",300,300,true],"medium_large":["https:\/\/hitexoticsdistro.eu\/wp-content\/uploads\/2024\/10\/Buy-Pineapple-Express-Delta-8-THC-Flower-Hybrid-768x768.webp",768,768,true],"large":["https:\/\/hitexoticsdistro.eu\/wp-content\/uploads\/2024\/10\/Buy-Pineapple-Express-Delta-8-THC-Flower-Hybrid-1024x1024.webp",1024,1024,true],"1536x1536":["https:\/\/hitexoticsdistro.eu\/wp-content\/uploads\/2024\/10\/Buy-Pineapple-Express-Delta-8-THC-Flower-Hybrid.webp",1080,1080,false],"2048x2048":["https:\/\/hitexoticsdistro.eu\/wp-content\/uploads\/2024\/10\/Buy-Pineapple-Express-Delta-8-THC-Flower-Hybrid.webp",1080,1080,false],"trp-custom-language-flag":["https:\/\/hitexoticsdistro.eu\/wp-content\/uploads\/2024\/10\/Buy-Pineapple-Express-Delta-8-THC-Flower-Hybrid.webp",12,12,false],"woocommerce_thumbnail":["https:\/\/hitexoticsdistro.eu\/wp-content\/uploads\/2024\/10\/Buy-Pineapple-Express-Delta-8-THC-Flower-Hybrid-300x300.webp",300,300,true],"woocommerce_single":["https:\/\/hitexoticsdistro.eu\/wp-content\/uploads\/2024\/10\/Buy-Pineapple-Express-Delta-8-THC-Flower-Hybrid-600x600.webp",600,600,true],"woocommerce_gallery_thumbnail":["https:\/\/hitexoticsdistro.eu\/wp-content\/uploads\/2024\/10\/Buy-Pineapple-Express-Delta-8-THC-Flower-Hybrid-100x100.webp",100,100,true]},"uagb_author_info":{"display_name":"","author_link":"https:\/\/hitexoticsdistro.eu\/it\/author\/"},"uagb_comment_info":0,"uagb_excerpt":"Kup marihuan\u0119 Pineapple Express THC Pineapple Express to wyj\u0105tkowa odmiana marihuany, kt\u00f3ra \u0142\u0105czy w sobie si\u0142y dw\u00f3ch pot\u0119\u017cnych szczep\u00f3w \u2013 [&hellip;]","_links":{"self":[{"href":"https:\/\/hitexoticsdistro.eu\/it\/wp-json\/wp\/v2\/product\/1043","targetHints":{"allow":["GET"]}}],"collection":[{"href":"https:\/\/hitexoticsdistro.eu\/it\/wp-json\/wp\/v2\/product"}],"about":[{"href":"https:\/\/hitexoticsdistro.eu\/it\/wp-json\/wp\/v2\/types\/product"}],"replies":[{"embeddable":true,"href":"https:\/\/hitexoticsdistro.eu\/it\/wp-json\/wp\/v2\/comments?post=1043"}],"wp:featuredmedia":[{"embeddable":true,"href":"https:\/\/hitexoticsdistro.eu\/it\/wp-json\/wp\/v2\/media\/1086"}],"wp:attachment":[{"href":"https:\/\/hitexoticsdistro.eu\/it\/wp-json\/wp\/v2\/media?parent=1043"}],"wp:term":[{"taxonomy":"product_brand","embeddable":true,"href":"https:\/\/hitexoticsdistro.eu\/it\/wp-json\/wp\/v2\/product_brand?post=1043"},{"taxonomy":"product_cat","embeddable":true,"href":"https:\/\/hitexoticsdistro.eu\/it\/wp-json\/wp\/v2\/product_cat?post=1043"},{"taxonomy":"product_tag","embeddable":true,"href":"https:\/\/hitexoticsdistro.eu\/it\/wp-json\/wp\/v2\/product_tag?post=1043"}],"curies":[{"name":"wp","href":"https:\/\/api.w.org\/{rel}","templated":true}]}}