{"id":995,"date":"2024-10-10T23:06:01","date_gmt":"2024-10-10T23:06:01","guid":{"rendered":"https:\/\/hitexoticsdistro.com\/?post_type=product&#038;p=995"},"modified":"2024-10-21T16:22:15","modified_gmt":"2024-10-21T16:22:15","slug":"kup-terp-infused-dabs-online","status":"publish","type":"product","link":"https:\/\/hitexoticsdistro.eu\/fr\/product\/kup-terp-infused-dabs-online\/","title":{"rendered":"Delta 8 THC Minis \u2013 Terp Infused Dabs"},"content":{"rendered":"<h2><strong>Kup Terp Infused Dabs Online: Delta 8 THC Minis \u2013 Terp Infused Dabs<\/strong><\/h2>\n<p>Nasze Delta 8 THC <a href=\"https:\/\/hitexoticsdistro.eu\/fr\/product-category\/gdzie-moge-kupic-marihuane\/\">cannabis<\/a> distillate dost\u0119pne na sprzeda\u017c szybko staje si\u0119 jednym z najpopularniejszych psychoaktywnych kannabinoid\u00f3w na rynku. Nazywane czasami \u201emarihuan\u0105 lite\u201d lub \u201ecannabis lite,\u201d oferuje euforyczny haj bez uczucia niepokoju. Je\u015bli szukasz \u0142agodniejszego do\u015bwiadczenia, wypr\u00f3buj nasze terpene-infused <a href=\"https:\/\/hitexoticsdistro.eu\/fr\/product-category\/gdzie-kupic-destylat-thc-delta-8\/\">delta 8 distillate<\/a>.<\/p>\n<h3>Co to s\u0105 Delta 8 THC Minis \u2013 Terp Infused Dabs?<\/h3>\n<p>Delta 8 THC to unikalny kannabinoid, kt\u00f3ry dzia\u0142a \u0142agodniej ni\u017c klasyczny delta 9 THC, co sprawia, \u017ce jest idealny dla os\u00f3b poszukuj\u0105cych l\u017cejszego haju. Nasze mini s\u0142oiczki z <a href=\"https:\/\/hitexoticsdistro.eu\/fr\/product-category\/sklep-internetowy-z-odmiana-konopi-delta-8\/\">Delta 8 THC<\/a> maj\u0105 5 gram\u00f3w distillatu i s\u0105 wzbogacone o terpeny, kt\u00f3re dodaj\u0105 intensywnych, naturalnych smak\u00f3w i aromat\u00f3w. W ofercie znajdziesz 11 r\u00f3\u017cnych smak\u00f3w, kt\u00f3re dopasuj\u0105 si\u0119 do ka\u017cdej okazji, gwarantuj\u0105c unikalne doznania przy ka\u017cdym u\u017cyciu.<\/p>\n<h3>Jak dzia\u0142aj\u0105 Terp Infused Dabs?<\/h3>\n<p>Terpene-infused dabs \u0142\u0105cz\u0105 w sobie moc Delta 8 THC z naturalnymi terpenami, kt\u00f3re wzmacniaj\u0105 zar\u00f3wno smak, jak i efekt psychoaktywny. W odr\u00f3\u017cnieniu od innych form marihuany, dabs s\u0105 skoncentrowane, co oznacza, \u017ce ma\u0142a ilo\u015b\u0107 daje mocny efekt. Nasze dabs oferuj\u0105 euforyczny haj bez uczucia nadmiernej stymulacji, dzi\u0119ki czemu s\u0105 idealne zar\u00f3wno do relaksu, jak i bardziej aktywnych zaj\u0119\u0107.<\/p>\n<h3>Dlaczego warto kupi\u0107 Terp Infused Dabs online?<\/h3>\n<p>Kupuj\u0105c terpene-infused Delta 8 THC dabs online, masz pewno\u015b\u0107, \u017ce otrzymujesz wysokiej jako\u015bci produkt, kt\u00f3ry jest bezpieczny i skuteczny. Dzi\u0119ki zakupom online, masz dost\u0119p do szerokiego wyboru smak\u00f3w, a dyskretna dostawa pozwala cieszy\u0107 si\u0119 produktem w wygodny spos\u00f3b. Nasze dabs s\u0105 idealne zar\u00f3wno dla nowych u\u017cytkownik\u00f3w, jak i tych bardziej do\u015bwiadczonych, kt\u00f3rzy szukaj\u0105 r\u00f3\u017cnych dozna\u0144.<\/p>\n<h3>Indica, <a href=\"https:\/\/hitexoticsdistro.eu\/fr\/product-category\/kup-marihuane-sativa-online-polska\/\">Sativa<\/a> i st\u0119\u017cenie THC w Delta 8 THC Minis<\/h3>\n<p>Delta 8 THC oferuje zr\u00f3wnowa\u017cone efekty, kt\u00f3re mog\u0105 by\u0107 por\u00f3wnywane do <a href=\"https:\/\/hitexoticsdistro.eu\/fr\/product-category\/kup-konopie-indyjskie-indica-online\/\">odmian indic<\/a>a i sativa. Nasze terpene-infused dabs zapewniaj\u0105 relaksuj\u0105cy haj podobny do indica, idealny na wieczorne wyciszenie, jednocze\u015bnie stymuluj\u0105c kreatywno\u015b\u0107 i jasno\u015b\u0107 umys\u0142u, co kojarzy si\u0119 z efektami sativa. W przypadku Delta 8 THC, st\u0119\u017cenie THC wynosi zazwyczaj oko\u0142o 60-70%, co gwarantuje \u0142agodniejsze, bardziej kontrolowane doznania w por\u00f3wnaniu do klasycznego delta 9 THC.<\/p>\n<h3>Kup Terp Infused Dabs Online Teraz!<\/h3>\n<p>Nie czekaj d\u0142u\u017cej, aby do\u015bwiadczy\u0107 najlepszych wra\u017ce\u0144 z Delta 8 THC. <strong>Kup Terp Infused Dabs online<\/strong> ju\u017c teraz i ciesz si\u0119 r\u00f3\u017cnorodnymi smakami i efektami, kt\u00f3re przynosz\u0105 wyj\u0105tkowe do\u015bwiadczenia. Dzi\u0119ki naszym produktom mo\u017cesz cieszy\u0107 si\u0119 eufori\u0105 bez uczucia niepokoju, a nasze terpene-infused dabs s\u0105 idealne na ka\u017cd\u0105 okazj\u0119.<\/p>\n<h3>Frequently Asked Questions<\/h3>\n<h4>Jakie s\u0105 efekty Terp Infused Dabs?<\/h4>\n<p>Efekty terpene-infused Delta 8 THC dabs obejmuj\u0105 uczucie relaksu, euforii oraz podwy\u017cszonego nastroju. Terpeny dodaj\u0105 intensywnych smak\u00f3w oraz wzmacniaj\u0105 efekty psychoaktywne.<\/p>\n<h4>Czy Terp Infused Dabs s\u0105 legalne?<\/h4>\n<p>Delta 8 THC jest legalny w wielu krajach, jednak zawsze warto sprawdzi\u0107 lokalne przepisy przed zakupem. Upewnij si\u0119, \u017ce twoja lokalizacja zezwala na sprzeda\u017c i posiadanie produkt\u00f3w z Delta 8 <a href=\"https:\/\/sklepsativa.pl\/siewne\" rel=\"nofollow noopener\" target=\"_blank\">THC<\/a>.<\/p>\n<h4>Gdzie mog\u0119 kupi\u0107 Terp Infused Dabs?<\/h4>\n<p><strong>Kup Terp Infused Dabs online<\/strong> na naszej stronie internetowej, aby uzyska\u0107 wysokiej jako\u015bci produkt, dyskretn\u0105 dostaw\u0119 oraz mo\u017cliwo\u015b\u0107 wyboru spo\u015br\u00f3d wielu smak\u00f3w.<\/p>\n<h4>Jak d\u0142ugo utrzymuj\u0105 si\u0119 efekty?<\/h4>\n<p>Efekty mog\u0105 trwa\u0107 od 1 do 4 godzin, w zale\u017cno\u015bci od dawki oraz indywidualnej tolerancji u\u017cytkownika.<\/p>\n<p>&nbsp;<\/p>\n<p><img loading=\"lazy\" decoding=\"async\" class=\"alignnone size-medium wp-image-1330\" src=\"https:\/\/hitexoticsdistro.eu\/wp-content\/uploads\/2024\/10\/cropped-WhatsApp-Image-2024-10-02-at-3.50.03-PM-2-1-300x300.jpeg\" alt=\"Gdzie bezpiecznie kupi\u0107 marihuan\u0119 online?\" width=\"300\" height=\"300\" srcset=\"https:\/\/hitexoticsdistro.eu\/wp-content\/uploads\/2024\/10\/cropped-WhatsApp-Image-2024-10-02-at-3.50.03-PM-2-1-300x300.jpeg 300w, https:\/\/hitexoticsdistro.eu\/wp-content\/uploads\/2024\/10\/cropped-WhatsApp-Image-2024-10-02-at-3.50.03-PM-2-1-150x150.jpeg 150w, https:\/\/hitexoticsdistro.eu\/wp-content\/uploads\/2024\/10\/cropped-WhatsApp-Image-2024-10-02-at-3.50.03-PM-2-1-100x100.jpeg 100w, https:\/\/hitexoticsdistro.eu\/wp-content\/uploads\/2024\/10\/cropped-WhatsApp-Image-2024-10-02-at-3.50.03-PM-2-1-270x270.jpeg 270w, https:\/\/hitexoticsdistro.eu\/wp-content\/uploads\/2024\/10\/cropped-WhatsApp-Image-2024-10-02-at-3.50.03-PM-2-1-192x192.jpeg 192w, https:\/\/hitexoticsdistro.eu\/wp-content\/uploads\/2024\/10\/cropped-WhatsApp-Image-2024-10-02-at-3.50.03-PM-2-1-180x180.jpeg 180w, https:\/\/hitexoticsdistro.eu\/wp-content\/uploads\/2024\/10\/cropped-WhatsApp-Image-2024-10-02-at-3.50.03-PM-2-1-32x32.jpeg 32w, https:\/\/hitexoticsdistro.eu\/wp-content\/uploads\/2024\/10\/cropped-WhatsApp-Image-2024-10-02-at-3.50.03-PM-2-1.jpeg 512w\" sizes=\"auto, (max-width: 300px) 100vw, 300px\" \/><\/p>","protected":false},"excerpt":{"rendered":"<p>Kup Terp Infused Dabs Online: Delta 8 THC Minis \u2013 Terp Infused Dabs Nasze Delta 8 THC cannabis distillate dost\u0119pne [&hellip;]<\/p>\n","protected":false},"featured_media":1013,"comment_status":"closed","ping_status":"closed","template":"","meta":{"_surecart_dashboard_logo_width":"180px","_surecart_dashboard_show_logo":true,"_surecart_dashboard_navigation_orders":true,"_surecart_dashboard_navigation_invoices":true,"_surecart_dashboard_navigation_subscriptions":true,"_surecart_dashboard_navigation_downloads":true,"_surecart_dashboard_navigation_billing":true,"_surecart_dashboard_navigation_account":true,"_uag_custom_page_level_css":"","site-sidebar-layout":"default","site-content-layout":"","ast-site-content-layout":"default","site-content-style":"default","site-sidebar-style":"default","ast-global-header-display":"","ast-banner-title-visibility":"","ast-main-header-display":"","ast-hfb-above-header-display":"","ast-hfb-below-header-display":"","ast-hfb-mobile-header-display":"","site-post-title":"","ast-breadcrumbs-content":"","ast-featured-img":"","footer-sml-layout":"","theme-transparent-header-meta":"default","adv-header-id-meta":"","stick-header-meta":"","header-above-stick-meta":"","header-main-stick-meta":"","header-below-stick-meta":"","astra-migrate-meta-layouts":"set","ast-page-background-enabled":"default","ast-page-background-meta":{"desktop":{"background-color":"var(--ast-global-color-4)","background-image":"","background-repeat":"repeat","background-position":"center center","background-size":"auto","background-attachment":"scroll","background-type":"","background-media":"","overlay-type":"","overlay-color":"","overlay-opacity":"","overlay-gradient":""},"tablet":{"background-color":"","background-image":"","background-repeat":"repeat","background-position":"center center","background-size":"auto","background-attachment":"scroll","background-type":"","background-media":"","overlay-type":"","overlay-color":"","overlay-opacity":"","overlay-gradient":""},"mobile":{"background-color":"","background-image":"","background-repeat":"repeat","background-position":"center center","background-size":"auto","background-attachment":"scroll","background-type":"","background-media":"","overlay-type":"","overlay-color":"","overlay-opacity":"","overlay-gradient":""}},"ast-content-background-meta":{"desktop":{"background-color":"var(--ast-global-color-5)","background-image":"","background-repeat":"repeat","background-position":"center center","background-size":"auto","background-attachment":"scroll","background-type":"","background-media":"","overlay-type":"","overlay-color":"","overlay-opacity":"","overlay-gradient":""},"tablet":{"background-color":"var(--ast-global-color-5)","background-image":"","background-repeat":"repeat","background-position":"center center","background-size":"auto","background-attachment":"scroll","background-type":"","background-media":"","overlay-type":"","overlay-color":"","overlay-opacity":"","overlay-gradient":""},"mobile":{"background-color":"var(--ast-global-color-5)","background-image":"","background-repeat":"repeat","background-position":"center center","background-size":"auto","background-attachment":"scroll","background-type":"","background-media":"","overlay-type":"","overlay-color":"","overlay-opacity":"","overlay-gradient":""}}},"product_brand":[],"product_cat":[256,257],"product_tag":[908,489,838,858,909,861,907],"class_list":{"0":"post-995","1":"product","2":"type-product","3":"status-publish","4":"has-post-thumbnail","6":"product_cat-gdzie-kupic-destylat-thc-delta-8","7":"product_cat-gdzie-znalezc-najlepsze-produkty-delta-8","8":"product_tag-cannabislite","9":"product_tag-delta-8-thc-minis-terp-infused-dabs-for-sale-europe","10":"product_tag-delta8thc","11":"product_tag-kupdelta8thc","12":"product_tag-kupterpinfuseddabsonline","13":"product_tag-marihuana","14":"product_tag-terpeneinfuseddabs","15":"desktop-align-left","16":"tablet-align-left","17":"mobile-align-left","19":"first","20":"instock","21":"shipping-taxable","22":"purchasable","23":"product-type-simple"},"uagb_featured_image_src":{"full":["https:\/\/hitexoticsdistro.eu\/wp-content\/uploads\/2024\/10\/Delta-8-THC-Minis-\u2013-Terp-Infused-Dabs.webp",768,768,false],"thumbnail":["https:\/\/hitexoticsdistro.eu\/wp-content\/uploads\/2024\/10\/Delta-8-THC-Minis-\u2013-Terp-Infused-Dabs-150x150.webp",150,150,true],"medium":["https:\/\/hitexoticsdistro.eu\/wp-content\/uploads\/2024\/10\/Delta-8-THC-Minis-\u2013-Terp-Infused-Dabs-300x300.webp",300,300,true],"medium_large":["https:\/\/hitexoticsdistro.eu\/wp-content\/uploads\/2024\/10\/Delta-8-THC-Minis-\u2013-Terp-Infused-Dabs.webp",768,768,false],"large":["https:\/\/hitexoticsdistro.eu\/wp-content\/uploads\/2024\/10\/Delta-8-THC-Minis-\u2013-Terp-Infused-Dabs.webp",768,768,false],"1536x1536":["https:\/\/hitexoticsdistro.eu\/wp-content\/uploads\/2024\/10\/Delta-8-THC-Minis-\u2013-Terp-Infused-Dabs.webp",768,768,false],"2048x2048":["https:\/\/hitexoticsdistro.eu\/wp-content\/uploads\/2024\/10\/Delta-8-THC-Minis-\u2013-Terp-Infused-Dabs.webp",768,768,false],"trp-custom-language-flag":["https:\/\/hitexoticsdistro.eu\/wp-content\/uploads\/2024\/10\/Delta-8-THC-Minis-\u2013-Terp-Infused-Dabs.webp",12,12,false],"woocommerce_thumbnail":["https:\/\/hitexoticsdistro.eu\/wp-content\/uploads\/2024\/10\/Delta-8-THC-Minis-\u2013-Terp-Infused-Dabs-300x300.webp",300,300,true],"woocommerce_single":["https:\/\/hitexoticsdistro.eu\/wp-content\/uploads\/2024\/10\/Delta-8-THC-Minis-\u2013-Terp-Infused-Dabs-600x600.webp",600,600,true],"woocommerce_gallery_thumbnail":["https:\/\/hitexoticsdistro.eu\/wp-content\/uploads\/2024\/10\/Delta-8-THC-Minis-\u2013-Terp-Infused-Dabs-100x100.webp",100,100,true]},"uagb_author_info":{"display_name":"","author_link":"https:\/\/hitexoticsdistro.eu\/fr\/author\/"},"uagb_comment_info":0,"uagb_excerpt":"Kup Terp Infused Dabs Online: Delta 8 THC Minis \u2013 Terp Infused Dabs Nasze Delta 8 THC cannabis distillate dost\u0119pne [&hellip;]","_links":{"self":[{"href":"https:\/\/hitexoticsdistro.eu\/fr\/wp-json\/wp\/v2\/product\/995","targetHints":{"allow":["GET"]}}],"collection":[{"href":"https:\/\/hitexoticsdistro.eu\/fr\/wp-json\/wp\/v2\/product"}],"about":[{"href":"https:\/\/hitexoticsdistro.eu\/fr\/wp-json\/wp\/v2\/types\/product"}],"replies":[{"embeddable":true,"href":"https:\/\/hitexoticsdistro.eu\/fr\/wp-json\/wp\/v2\/comments?post=995"}],"wp:featuredmedia":[{"embeddable":true,"href":"https:\/\/hitexoticsdistro.eu\/fr\/wp-json\/wp\/v2\/media\/1013"}],"wp:attachment":[{"href":"https:\/\/hitexoticsdistro.eu\/fr\/wp-json\/wp\/v2\/media?parent=995"}],"wp:term":[{"taxonomy":"product_brand","embeddable":true,"href":"https:\/\/hitexoticsdistro.eu\/fr\/wp-json\/wp\/v2\/product_brand?post=995"},{"taxonomy":"product_cat","embeddable":true,"href":"https:\/\/hitexoticsdistro.eu\/fr\/wp-json\/wp\/v2\/product_cat?post=995"},{"taxonomy":"product_tag","embeddable":true,"href":"https:\/\/hitexoticsdistro.eu\/fr\/wp-json\/wp\/v2\/product_tag?post=995"}],"curies":[{"name":"wp","href":"https:\/\/api.w.org\/{rel}","templated":true}]}}