{"id":969,"date":"2024-10-10T23:06:01","date_gmt":"2024-10-10T23:06:01","guid":{"rendered":"https:\/\/hitexoticsdistro.com\/?post_type=product&#038;p=969"},"modified":"2024-10-20T01:52:34","modified_gmt":"2024-10-20T01:52:34","slug":"kup-blueberry-diesel-thca-online","status":"publish","type":"product","link":"https:\/\/hitexoticsdistro.eu\/fr\/product\/kup-blueberry-diesel-thca-online\/","title":{"rendered":"Blueberry Diesel"},"content":{"rendered":"<h2>Kup Blueberry Diesel THCa Online: Idealne Po\u0142\u0105czenie Smaku i Mocy<\/h2>\n<p>Blueberry Diesel to niezwykle poszukiwana <a href=\"https:\/\/hitexoticsdistro.eu\/fr\/product-category\/hybrydowe-odmiany-marihuany-online\/\">hybrydowa odmiana<\/a>, starannie stworzona z dw\u00f3ch legendarnych szczep\u00f3w: <em>Blueberry<\/em> i <em>Sour Diesel<\/em>. To po\u0142\u0105czenie zapewnia idealn\u0105 r\u00f3wnowag\u0119 mi\u0119dzy podnosz\u0105cymi na duchu efektami a relaksuj\u0105cym zako\u0144czeniem. Kiedy <strong>Kupujesz Blueberry Diesel THCa online<\/strong>, inwestujesz w najwy\u017cszej jako\u015bci odmian\u0119, kt\u00f3ra zapewnia niezapomniane wra\u017cenia przy ka\u017cdym bucha.<\/p>\n<h3>Co to jest Blueberry Diesel THCa?<\/h3>\n<p><em>Blueberry Diesel THCa<\/em> jest znany z bogatego smaku i aromatu, oferuj\u0105c kusz\u0105c\u0105 mieszank\u0119 <strong>dojrza\u0142ych jag\u00f3d<\/strong> i nut <strong>paliwa<\/strong>. Charakterystyczny profil smakowy tej odmiany jest jednym z jej najbardziej rozpoznawalnych cech, co czyni j\u0105 popularn\u0105 zar\u00f3wno w\u015br\u00f3d u\u017cytkownik\u00f3w rekreacyjnych, jak i medycznych. Przy ka\u017cdym bucha poczujesz <strong>s\u0142odki, owocowy<\/strong> smak, po kt\u00f3rym pojawiaj\u0105 si\u0119 subtelne nuty paliwowe, b\u0119d\u0105ce znakiem rozpoznawczym jej Dieselowego dziedzictwa.<\/p>\n<h3>Moc i Sk\u0142ad<\/h3>\n<p>Blueberry Diesel wyr\u00f3\u017cnia si\u0119 wysok\u0105 zawarto\u015bci\u0105 <strong>THCa<\/strong>, co czyni j\u0105 doskona\u0142ym wyborem dla os\u00f3b poszukuj\u0105cych du\u017cej ilo\u015bci kannabinoid\u00f3w. Oto szczeg\u00f3\u0142owy sk\u0142ad jej mocy:<\/p>\n<ul>\n<li><strong>THCa<\/strong>: 29.52%<\/li>\n<li><strong>\u03949-THC<\/strong>: 0.20%<\/li>\n<li><strong>CBDa<\/strong>: 0.06%<\/li>\n<li><strong>CBN<\/strong>: 0.05%<\/li>\n<li><strong>CBGa<\/strong>: 0.84%<\/li>\n<li><strong>CBG<\/strong>: 0.10%<\/li>\n<li><strong>\u0141\u0105czne kannabinoidy<\/strong>: 30.76%<\/li>\n<\/ul>\n<p>Odmiana jest <em>zgodna z Federaln\u0105 Ustaw\u0105 Roln\u0105<\/em>, co zapewnia, \u017ce spe\u0142nia normy prawne, jednocze\u015bnie oferuj\u0105c mocne i przyjemne doznania z konopiami.<\/p>\n<h3>Indica, Sativa i W\u0142a\u015bciwo\u015bci Hybrydowe<\/h3>\n<p>Blueberry Diesel to <strong>hybryda<\/strong>, kt\u00f3ra idealnie \u0142\u0105czy efekty zar\u00f3wno genetyki indica, jak i sativa. U\u017cytkownicy mog\u0105 do\u015bwiadczy\u0107 tego, co najlepsze z obu \u015bwiat\u00f3w:<\/p>\n<ul>\n<li><strong>Efekty <a href=\"https:\/\/hitexoticsdistro.eu\/fr\/product-category\/kup-marihuane-sativa-online-polska\/\">Sativa<\/a><\/strong>: Dzi\u0119ki <em>Sour Diesel<\/em> mo\u017cesz spodziewa\u0107 si\u0119 podnosz\u0105cego na duchu, euforycznego haju, kt\u00f3ry poprawia nastr\u00f3j i stymuluje kreatywno\u015b\u0107.<\/li>\n<li><strong>Efekty <a href=\"https:\/\/hitexoticsdistro.eu\/fr\/product-category\/kup-konopie-indyjskie-indica-online\/\">Indica<\/a><\/strong>: Dzi\u0119ki <em>Blueberry<\/em> poczujesz uspokajaj\u0105ce, relaksuj\u0105ce dzia\u0142anie, kt\u00f3re pomaga rozlu\u017ani\u0107 napi\u0119cie i zredukowa\u0107 stres.<\/li>\n<\/ul>\n<p>Ta hybrydowa odmiana jest idealna dla os\u00f3b, kt\u00f3re chc\u0105 po\u0142\u0105czenia stymulacji umys\u0142owej sativy z relaksem cia\u0142a charakterystycznym dla indici.<\/p>\n<h3>Efekty Blueberry Diesel THCa<\/h3>\n<p>Kiedy <strong>Kupujesz Blueberry Diesel THCa online<\/strong>, mo\u017cesz oczekiwa\u0107 szerokiej gamy korzystnych efekt\u00f3w, kt\u00f3re zadowol\u0105 zar\u00f3wno u\u017cytkownik\u00f3w rekreacyjnych, jak i medycznych. Oto g\u0142\u00f3wne efekty:<\/p>\n<ul>\n<li><strong>Szcz\u0119\u015bliwy<\/strong>: Poczuj przyp\u0142yw rado\u015bci i podniesienia nastroju przy ka\u017cdym bucha.<\/li>\n<li><strong>Zrelaksowany<\/strong>: Do\u015bwiadcz g\u0142\u0119bokiego relaksu fizycznego bez nadmiernego uczucia senno\u015bci.<\/li>\n<li><strong>Euforyczny<\/strong>: Lekki, umys\u0142owy haj, kt\u00f3ry poprawia nastr\u00f3j i pobudza kreatywno\u015b\u0107.<\/li>\n<li><strong>Ulga od Stresu i B\u00f3lu<\/strong>: Koj\u0105ce efekty fizyczne sprawiaj\u0105, \u017ce idealnie nadaje si\u0119 do zarz\u0105dzania przewlek\u0142ym b\u00f3lem, stresem i l\u0119kiem.<\/li>\n<\/ul>\n<h3>Dlaczego warto kupi\u0107 Blueberry Diesel THCa Online?<\/h3>\n<p>Kupuj\u0105c Blueberry Diesel THCa od <strong>Hit Exotics Distro<\/strong>, wybierasz jako\u015b\u0107 i wygod\u0119. Ta odmiana jest uprawiana w najlepszych warunkach, z ka\u017cd\u0105 bry\u0142\u0105 <strong>r\u0119cznie przyci\u0119t\u0105<\/strong> i hodowan\u0105 w organicznym \u015brodowisku bez pestycyd\u00f3w, dodatk\u00f3w czy syntetyk\u00f3w. Dodatkowo, jest <strong>testowana w laboratoriach<\/strong>, co gwarantuje jej czysto\u015b\u0107 i zgodno\u015b\u0107 z przepisami.<\/p>\n<p>Kupuj\u0105c online, zyskujesz dost\u0119p do najwy\u017cszej jako\u015bci kwiat\u00f3w konopi uprawianych w Oregonie, kt\u00f3re s\u0105 dyskretnie dostarczane prosto do Twojego domu. Niezale\u017cnie od tego, czy szukasz ulgi w b\u00f3lu, l\u0119ku, czy po prostu doskona\u0142ego do\u015bwiadczenia z marihuan\u0105, <strong>Blueberry Diesel THCa<\/strong> to doskona\u0142y wyb\u00f3r.<\/p>\n<h3>Jak stosowa\u0107 Blueberry Diesel THCa<\/h3>\n<p>Blueberry Diesel THCa mo\u017cna spo\u017cywa\u0107 na r\u00f3\u017cne sposoby, w zale\u017cno\u015bci od Twoich preferencji. Niezale\u017cnie od tego, czy wolisz palenie, waporyzacj\u0119, czy dodanie jej do produkt\u00f3w spo\u017cywczych, ta odmiana oferuje wszechstronno\u015b\u0107. Jej pot\u0119\u017cny <a href=\"https:\/\/pl.wikipedia.org\/wiki\/Konopie_indyjskie\" rel=\"nofollow noopener\" target=\"_blank\">profil<\/a> kannabinoidowy zapewnia pe\u0142ne doznania, niezale\u017cnie od wybranej metody konsumpcji.<\/p>\n<h3>Gdzie kupi\u0107 Blueberry Diesel THCa Online?<\/h3>\n<p>W <em>Hit Exotics Distro<\/em> oferujemy najwy\u017cszej jako\u015bci kwiaty Blueberry Diesel THCa bezpo\u015brednio z <strong>Oregonu<\/strong>, znanego z produkcji jednych z najlepszych konopi na \u015bwiecie. Nasze konopie s\u0105 uprawiane w szklarniach pod kontrolowanymi warunkami, co gwarantuje najwy\u017csz\u0105 moc i smak.<\/p>\n<p>Kup teraz na <a href=\"https:\/\/hitexoticsdistro.eu\/fr\/\" target=\"_new\" rel=\"noopener\">Hit Exotics Distro<\/a> i ciesz si\u0119 wygod\u0105 zakupu <strong>Blueberry Diesel THCa online<\/strong> z szybk\u0105, dyskretn\u0105 wysy\u0142k\u0105.<\/p>\n<h3>Cz\u0119sto Zadawane Pytania (FAQs)<\/h3>\n<h4>Co to jest Blueberry Diesel THCa?<\/h4>\n<p>Blueberry Diesel THCa to hybrydowa odmiana, kt\u00f3ra \u0142\u0105czy najlepsze cechy szczep\u00f3w Blueberry i Sour Diesel, oferuj\u0105c mocne i smakowite doznania z konopiami.<\/p>\n<h4>Jak silna jest Blueberry Diesel THCa?<\/h4>\n<p>Z zawarto\u015bci\u0105 <strong>THCa wynosz\u0105c\u0105 29.52%<\/strong>, Blueberry Diesel to mocna odmiana, oferuj\u0105ca silne efekty zar\u00f3wno dla u\u017cytkownik\u00f3w rekreacyjnych, jak i medycznych.<\/p>\n<h4>Czy Blueberry Diesel to bardziej indica czy sativa?<\/h4>\n<p>Blueberry Diesel to <strong>zbalansowana hybryda<\/strong> z lekk\u0105 dominacj\u0105 indici, oferuj\u0105ca zar\u00f3wno podnosz\u0105ce na duchu efekty umys\u0142owe, jak i relaksacyjne dzia\u0142anie na cia\u0142o.<\/p>\n<h4>Czy mog\u0119 u\u017cywa\u0107 Blueberry Diesel THCa w ci\u0105gu dnia?<\/h4>\n<p>Tak, efekty sativy w Blueberry Diesel czyni\u0105 j\u0105 odpowiedni\u0105 do u\u017cytku w ci\u0105gu dnia, szczeg\u00f3lnie dla tych, kt\u00f3rzy szukaj\u0105 kreatywno\u015bci i skupienia. Jednak jej relaksuj\u0105ce w\u0142a\u015bciwo\u015bci r\u00f3wnie\u017c sprawiaj\u0105, \u017ce jest doskona\u0142a na wieczorne odpr\u0119\u017cenie.<\/p>\n<h4>Czy Blueberry Diesel jest legalna?<\/h4>\n<p>Tak, Blueberry Diesel THCa spe\u0142nia normy <strong>Federalnej Ustawy Rolnej<\/strong>, co zapewnia, \u017ce jest legalna zgodnie z prawem federalnym, o ile zawarto\u015b\u0107 THC pozostaje poni\u017cej dopuszczalnego limitu.<\/p>\n<h3>Call to Action<\/h3>\n<p>Gotowy na do\u015bwiadczanie bogatego smaku i zr\u00f3wnowa\u017conych efekt\u00f3w Blueberry Diesel? Nie czekaj! <strong>Kup Blueberry Diesel THCa online<\/strong> ju\u017c dzi\u015b na <a href=\"https:\/\/hitexoticsdistro.eu\/fr\/\" target=\"_new\" rel=\"noopener\">Hit Exotics Distro<\/a> i ciesz si\u0119 szybk\u0105, dyskretn\u0105 wysy\u0142k\u0105. Niezale\u017cnie od tego, czy jeste\u015b do\u015bwiadczonym mi\u0142o\u015bnikiem konopi, czy dopiero zaczynasz przygod\u0119 z THCa, Blueberry Diesel to idealna odmiana, kt\u00f3ra podniesie Twoje doznania na wy\u017cszy poziom.<\/p>\n<p>&nbsp;<\/p>\n<p><img loading=\"lazy\" decoding=\"async\" class=\"alignnone size-medium wp-image-1149\" src=\"https:\/\/hitexoticsdistro.eu\/wp-content\/uploads\/2024\/10\/WhatsApp-Image-2024-10-02-at-3.50.03-PM-2-300x300.jpeg\" alt=\"Gdzie bezpiecznie kupi\u0107 marihuan\u0119 online?\" width=\"300\" height=\"300\" srcset=\"https:\/\/hitexoticsdistro.eu\/wp-content\/uploads\/2024\/10\/WhatsApp-Image-2024-10-02-at-3.50.03-PM-2-300x300.jpeg 300w, https:\/\/hitexoticsdistro.eu\/wp-content\/uploads\/2024\/10\/WhatsApp-Image-2024-10-02-at-3.50.03-PM-2-150x150.jpeg 150w, https:\/\/hitexoticsdistro.eu\/wp-content\/uploads\/2024\/10\/WhatsApp-Image-2024-10-02-at-3.50.03-PM-2-600x600.jpeg 600w, https:\/\/hitexoticsdistro.eu\/wp-content\/uploads\/2024\/10\/WhatsApp-Image-2024-10-02-at-3.50.03-PM-2-100x100.jpeg 100w, https:\/\/hitexoticsdistro.eu\/wp-content\/uploads\/2024\/10\/WhatsApp-Image-2024-10-02-at-3.50.03-PM-2.jpeg 640w\" sizes=\"auto, (max-width: 300px) 100vw, 300px\" \/><\/p>","protected":false},"excerpt":{"rendered":"<p>Kup Blueberry Diesel THCa Online: Idealne Po\u0142\u0105czenie Smaku i Mocy Blueberry Diesel to niezwykle poszukiwana hybrydowa odmiana, starannie stworzona z [&hellip;]<\/p>\n","protected":false},"featured_media":998,"comment_status":"closed","ping_status":"closed","template":"","meta":{"_surecart_dashboard_logo_width":"180px","_surecart_dashboard_show_logo":true,"_surecart_dashboard_navigation_orders":true,"_surecart_dashboard_navigation_invoices":true,"_surecart_dashboard_navigation_subscriptions":true,"_surecart_dashboard_navigation_downloads":true,"_surecart_dashboard_navigation_billing":true,"_surecart_dashboard_navigation_account":true,"_uag_custom_page_level_css":"","site-sidebar-layout":"default","site-content-layout":"","ast-site-content-layout":"default","site-content-style":"default","site-sidebar-style":"default","ast-global-header-display":"","ast-banner-title-visibility":"","ast-main-header-display":"","ast-hfb-above-header-display":"","ast-hfb-below-header-display":"","ast-hfb-mobile-header-display":"","site-post-title":"","ast-breadcrumbs-content":"","ast-featured-img":"","footer-sml-layout":"","theme-transparent-header-meta":"default","adv-header-id-meta":"","stick-header-meta":"","header-above-stick-meta":"","header-main-stick-meta":"","header-below-stick-meta":"","astra-migrate-meta-layouts":"set","ast-page-background-enabled":"default","ast-page-background-meta":{"desktop":{"background-color":"var(--ast-global-color-4)","background-image":"","background-repeat":"repeat","background-position":"center center","background-size":"auto","background-attachment":"scroll","background-type":"","background-media":"","overlay-type":"","overlay-color":"","overlay-opacity":"","overlay-gradient":""},"tablet":{"background-color":"","background-image":"","background-repeat":"repeat","background-position":"center center","background-size":"auto","background-attachment":"scroll","background-type":"","background-media":"","overlay-type":"","overlay-color":"","overlay-opacity":"","overlay-gradient":""},"mobile":{"background-color":"","background-image":"","background-repeat":"repeat","background-position":"center center","background-size":"auto","background-attachment":"scroll","background-type":"","background-media":"","overlay-type":"","overlay-color":"","overlay-opacity":"","overlay-gradient":""}},"ast-content-background-meta":{"desktop":{"background-color":"var(--ast-global-color-5)","background-image":"","background-repeat":"repeat","background-position":"center center","background-size":"auto","background-attachment":"scroll","background-type":"","background-media":"","overlay-type":"","overlay-color":"","overlay-opacity":"","overlay-gradient":""},"tablet":{"background-color":"var(--ast-global-color-5)","background-image":"","background-repeat":"repeat","background-position":"center center","background-size":"auto","background-attachment":"scroll","background-type":"","background-media":"","overlay-type":"","overlay-color":"","overlay-opacity":"","overlay-gradient":""},"mobile":{"background-color":"var(--ast-global-color-5)","background-image":"","background-repeat":"repeat","background-position":"center center","background-size":"auto","background-attachment":"scroll","background-type":"","background-media":"","overlay-type":"","overlay-color":"","overlay-opacity":"","overlay-gradient":""}}},"product_brand":[],"product_cat":[454,453],"product_tag":[770,767,460,771,621,765,768,766,769],"class_list":{"0":"post-969","1":"product","2":"type-product","3":"status-publish","4":"has-post-thumbnail","6":"product_cat-sklep-z-marihuana-thca","7":"product_cat-sklep-z-marihuana-premium-thca","8":"product_tag-blueberrydiesel","9":"product_tag-blueberrydieselthca","10":"product_tag-buy-blueberry-diesel-thca-weed-flower-online-europe","11":"product_tag-cannabisonline","12":"product_tag-hybridstrain","13":"product_tag-kupblueberrydieselthcaonline","14":"product_tag-oregongrownhemp","15":"product_tag-thcacannabisstrain","16":"product_tag-topshelfcannabis","17":"desktop-align-left","18":"tablet-align-left","19":"mobile-align-left","21":"first","22":"instock","23":"shipping-taxable","24":"purchasable","25":"product-type-simple"},"uagb_featured_image_src":{"full":["https:\/\/hitexoticsdistro.eu\/wp-content\/uploads\/2024\/10\/Blueberry-Diesel-THCa-Weed-Flower.webp",1800,1800,false],"thumbnail":["https:\/\/hitexoticsdistro.eu\/wp-content\/uploads\/2024\/10\/Blueberry-Diesel-THCa-Weed-Flower-150x150.webp",150,150,true],"medium":["https:\/\/hitexoticsdistro.eu\/wp-content\/uploads\/2024\/10\/Blueberry-Diesel-THCa-Weed-Flower-300x300.webp",300,300,true],"medium_large":["https:\/\/hitexoticsdistro.eu\/wp-content\/uploads\/2024\/10\/Blueberry-Diesel-THCa-Weed-Flower-768x768.webp",768,768,true],"large":["https:\/\/hitexoticsdistro.eu\/wp-content\/uploads\/2024\/10\/Blueberry-Diesel-THCa-Weed-Flower-1024x1024.webp",1024,1024,true],"1536x1536":["https:\/\/hitexoticsdistro.eu\/wp-content\/uploads\/2024\/10\/Blueberry-Diesel-THCa-Weed-Flower-1536x1536.webp",1536,1536,true],"2048x2048":["https:\/\/hitexoticsdistro.eu\/wp-content\/uploads\/2024\/10\/Blueberry-Diesel-THCa-Weed-Flower.webp",1800,1800,false],"trp-custom-language-flag":["https:\/\/hitexoticsdistro.eu\/wp-content\/uploads\/2024\/10\/Blueberry-Diesel-THCa-Weed-Flower.webp",12,12,false],"woocommerce_thumbnail":["https:\/\/hitexoticsdistro.eu\/wp-content\/uploads\/2024\/10\/Blueberry-Diesel-THCa-Weed-Flower-300x300.webp",300,300,true],"woocommerce_single":["https:\/\/hitexoticsdistro.eu\/wp-content\/uploads\/2024\/10\/Blueberry-Diesel-THCa-Weed-Flower-600x600.webp",600,600,true],"woocommerce_gallery_thumbnail":["https:\/\/hitexoticsdistro.eu\/wp-content\/uploads\/2024\/10\/Blueberry-Diesel-THCa-Weed-Flower-100x100.webp",100,100,true]},"uagb_author_info":{"display_name":"","author_link":"https:\/\/hitexoticsdistro.eu\/fr\/author\/"},"uagb_comment_info":0,"uagb_excerpt":"Kup Blueberry Diesel THCa Online: Idealne Po\u0142\u0105czenie Smaku i Mocy Blueberry Diesel to niezwykle poszukiwana hybrydowa odmiana, starannie stworzona z [&hellip;]","_links":{"self":[{"href":"https:\/\/hitexoticsdistro.eu\/fr\/wp-json\/wp\/v2\/product\/969","targetHints":{"allow":["GET"]}}],"collection":[{"href":"https:\/\/hitexoticsdistro.eu\/fr\/wp-json\/wp\/v2\/product"}],"about":[{"href":"https:\/\/hitexoticsdistro.eu\/fr\/wp-json\/wp\/v2\/types\/product"}],"replies":[{"embeddable":true,"href":"https:\/\/hitexoticsdistro.eu\/fr\/wp-json\/wp\/v2\/comments?post=969"}],"wp:featuredmedia":[{"embeddable":true,"href":"https:\/\/hitexoticsdistro.eu\/fr\/wp-json\/wp\/v2\/media\/998"}],"wp:attachment":[{"href":"https:\/\/hitexoticsdistro.eu\/fr\/wp-json\/wp\/v2\/media?parent=969"}],"wp:term":[{"taxonomy":"product_brand","embeddable":true,"href":"https:\/\/hitexoticsdistro.eu\/fr\/wp-json\/wp\/v2\/product_brand?post=969"},{"taxonomy":"product_cat","embeddable":true,"href":"https:\/\/hitexoticsdistro.eu\/fr\/wp-json\/wp\/v2\/product_cat?post=969"},{"taxonomy":"product_tag","embeddable":true,"href":"https:\/\/hitexoticsdistro.eu\/fr\/wp-json\/wp\/v2\/product_tag?post=969"}],"curies":[{"name":"wp","href":"https:\/\/api.w.org\/{rel}","templated":true}]}}