{"id":867,"date":"2024-10-10T23:04:50","date_gmt":"2024-10-10T23:04:50","guid":{"rendered":"https:\/\/hitexoticsdistro.com\/?post_type=product&#038;p=867"},"modified":"2025-09-02T11:45:44","modified_gmt":"2025-09-02T11:45:44","slug":"kup-ananasowy-hash-express-online","status":"publish","type":"product","link":"https:\/\/hitexoticsdistro.eu\/fr\/product\/kup-ananasowy-hash-express-online\/","title":{"rendered":"Ekspresowy hasz ananasowy"},"content":{"rendered":"<h2 data-pm-slice=\"1 1 []\">Najlepszy Wyb\u00f3r dla Mi\u0142o\u015bnik\u00f3w Koncentrat\u00f3w z Konopi<\/h2>\n<p><strong>Wypr\u00f3buj Moc Hash Marihuany z Pineapple Express<\/strong><\/p>\n<p>Kup Ananasowy Hash Express online, aby do\u015bwiadczy\u0107 unikalnego smaku i efekt\u00f3w jednej z najbardziej ikonicznych odmian konopi \u2013 Pineapple Express. Ten sativa-dominuj\u0105cy koncentrat z konopi zdoby\u0142 serca mi\u0142o\u015bnik\u00f3w cannabis na ca\u0142ym \u015bwiecie dzi\u0119ki swojemu niepowtarzalnemu profilowi terpenowemu i wszechstronno\u015bci zastosowa\u0144.<\/p>\n<h2 data-pm-slice=\"1 1 []\">Kup Ananasowy Hash Express Online<\/h2>\n<p>Szukasz najwy\u017cszej jako\u015bci koncentrat\u00f3w konopnych? <strong>Kup Ananasowy Hash Express Online<\/strong> i odkryj wyj\u0105tkowy tropikalny smak <a href=\"https:\/\/hitexoticsdistro.eu\/fr\/product-category\/jak-bezpiecznie-zamawiac-wysokiej-jakosci-haszysz-thc-online\/\"><strong>hash marihuany<\/strong><\/a>, kt\u00f3ry zachwyca swoj\u0105 jako\u015bci\u0105. Starannie wytwarzany z organicznych konopi, ten wysokoprocentowy hash zapewnia g\u0142adkie i aromatyczne doznania. Ananasowy Hash Express to idealny wyb\u00f3r dla os\u00f3b poszukuj\u0105cych relaksu, redukcji stresu i poprawy koncentracji. Niezale\u017cnie od tego, czy jeste\u015b pocz\u0105tkuj\u0105cym, czy do\u015bwiadczonym u\u017cytkownikiem, ten produkt gwarantuje satysfakcjonuj\u0105ce efekty. Dowiedz si\u0119, dlaczego jest ulubie\u0144cem mi\u0142o\u015bnik\u00f3w konopi w ca\u0142ej Europie.<\/p>\n<p>W <strong>Hit Exotics Distro<\/strong> specjalizujemy si\u0119 w dostarczaniu zaufanych <a href=\"https:\/\/hitexoticsdistro.eu\/fr\/product-category\/kup-koncentraty-konopi-indyjskich-online\/\"><strong>koncentrat\u00f3w z konopi<\/strong><\/a>, testowanych laboratoryjnie pod k\u0105tem czysto\u015bci i mocy. Ciesz si\u0119 dyskretn\u0105 i szybk\u0105 dostaw\u0105 na terenie Europy i kupuj z pewno\u015bci\u0105 w naszym sklepie online. Podnie\u015b swoje doznania konopne dzi\u0119ki produktowi, kt\u00f3ry \u0142\u0105czy jako\u015b\u0107, smak i mocne dzia\u0142anie. Nie czekaj\u2014poznaj zalety i <strong>Kup Ananasowy Hash Express Online<\/strong> ju\u017c dzi\u015b! Idealny do relaksu i spotka\u0144 towarzyskich!<\/p>\n<h3>Co to jest Ananasowy Hash Express?<\/h3>\n<p>Ananasowy Hash Express to skoncentrowany produkt z konopi wytwarzany z najwy\u017cszej jako\u015bci kwiat\u00f3w odmiany Pineapple Express. Ten domowy hasz jest tworzony przy u\u017cyciu metod bezrozpuszczalnikowych, co gwarantuje czysto\u015b\u0107 produktu i zachowanie pe\u0142nego spektrum kannabinoid\u00f3w oraz terpen\u00f3w. Smak ananasa, lekko kwaskowate nuty i delikatny, hazowy posmak sprawiaj\u0105, \u017ce ten produkt jest idealny zar\u00f3wno dla koneser\u00f3w, jak i nowych u\u017cytkownik\u00f3w.<\/p>\n<h3>Dlaczego warto wybra\u0107 Hash Marihuany?<\/h3>\n<p>Hash marihuany to jeden z najstarszych i najbardziej popularnych sposob\u00f3w konsumpcji konopi. Jego zalety obejmuj\u0105:<\/p>\n<ol start=\"1\" data-spread=\"true\">\n<li><strong>Wy\u017csze st\u0119\u017cenie kannabinoid\u00f3w:<\/strong> Hasz zawiera wi\u0119cej THC i CBD w por\u00f3wnaniu do surowych kwiat\u00f3w, co czyni go bardziej efektywnym.<\/li>\n<li><strong>Smak i aromat:<\/strong> Zachowanie naturalnych terpen\u00f3w sprawia, \u017ce Ananasowy Hash Express oferuje niezapomniane doznania smakowe.<\/li>\n<li><strong>Wszechstronno\u015b\u0107:<\/strong> Mo\u017cna go stosowa\u0107 w r\u00f3\u017cnych formach \u2013 od palenia, przez waporyzacj\u0119, po dodawanie do \u017cywno\u015bci.<\/li>\n<\/ol>\n<h3>Jak powstaje Ananasowy Hash Express?<\/h3>\n<p>Ten koncentrat z konopi jest produkowany z wykorzystaniem najwy\u017cszej jako\u015bci kwiat\u00f3w Pineapple Express uprawianych w warunkach organicznych. Proces produkcji obejmuje:<\/p>\n<ol start=\"1\" data-spread=\"true\">\n<li><strong>R\u0119czne zbieranie kwiat\u00f3w:<\/strong> Tylko najlepsze nugs s\u0105 wybierane do produkcji haszu.<\/li>\n<li><strong>Bezrozpuszczalnikowy proces ekstrakcji:<\/strong> Zastosowanie metod takich jak dry sift lub bubble <a href=\"https:\/\/hemplo.pl\/poradnik\/strefa-relaksu\/haszysz-i-marihuana-roznice\/\" rel=\"nofollow noopener\" target=\"_blank\">hash<\/a> zapewnia zachowanie pe\u0142nego spektrum kannabinoid\u00f3w i terpen\u00f3w.<\/li>\n<li><strong>Starzenie:<\/strong> Produkt jest starzony, aby uzyska\u0107 g\u0142\u0119bszy smak i lepsze w\u0142a\u015bciwo\u015bci.<\/li>\n<\/ol>\n<h3>Jak stosowa\u0107 Ananasowy Hash Express?<\/h3>\n<p>Ananasowy Hash Express jest bardzo wszechstronny i mo\u017cna go u\u017cywa\u0107 w nast\u0119puj\u0105cy spos\u00f3b:<\/p>\n<ol start=\"1\" data-spread=\"true\">\n<li><strong>Palenie:<\/strong> Dodaj odrobin\u0119 haszu do swojego jointa lub lufki, aby wzbogaci\u0107 do\u015bwiadczenie.<\/li>\n<li><strong>Waporyzacja:<\/strong> U\u017cyj waporyzatora kompatybilnego z koncentratami, aby cieszy\u0107 si\u0119 pe\u0142nym smakiem i aromatem.<\/li>\n<li><strong>Edibles:<\/strong> Rozpu\u015b\u0107 hasz w ma\u015ble lub oleju kokosowym, aby stworzy\u0107 w\u0142asne, domowe <strong><a href=\"https:\/\/hitexoticsdistro.eu\/fr\/product-category\/delta-9-thc-edibles-polska\/\">edibles<\/a><\/strong>.<\/li>\n<\/ol>\n<h3>Efekty Ananasowego Hash Express<\/h3>\n<p>Kupuj\u0105c Ananasowy Hash Express online, mo\u017cesz oczekiwa\u0107 efekt\u00f3w takich jak:<\/p>\n<ul data-spread=\"true\">\n<li><strong>Energia i kreatywno\u015b\u0107:<\/strong> Idealne dla tych, kt\u00f3rzy szukaj\u0105 inspiracji do tw\u00f3rczych dzia\u0142a\u0144.<\/li>\n<li><strong>Poprawa nastroju:<\/strong> Sativa-dominuj\u0105cy charakter Pineapple Express wspiera poczucie szcz\u0119\u015bcia i relaksu.<\/li>\n<li><strong>Redukcja stresu:<\/strong> Dzia\u0142a koj\u0105co na cia\u0142o i umys\u0142, \u0142agodz\u0105c objawy stresu i l\u0119ku.<\/li>\n<\/ul>\n<h3>Dlaczego Kupowa\u0107 Ananasowy Hash Express Online?<\/h3>\n<p>Wybieraj\u0105c zakupy online w Hit Exotics Distro, zyskujesz:<\/p>\n<ol start=\"1\" data-spread=\"true\">\n<li><strong>Najwy\u017csz\u0105 jako\u015b\u0107:<\/strong> Wszystkie nasze produkty s\u0105 testowane laboratoryjnie, aby zapewni\u0107 ich czysto\u015b\u0107 i skuteczno\u015b\u0107.<\/li>\n<li><strong>Szybk\u0105 dostaw\u0119:<\/strong> Realizujemy zam\u00f3wienia szybko i dyskretnie, dostarczaj\u0105c je na terenie ca\u0142ej Europy.<\/li>\n<li><strong>Konkurencyjne ceny:<\/strong> Oferujemy najlepsze ceny za produkty premium, takie jak Ananasowy Hash Express.<\/li>\n<\/ol>\n<h3>Hash Marihuany a Koncentraty z Konopi<\/h3>\n<p>Cho\u0107 terminy te cz\u0119sto s\u0105 u\u017cywane zamiennie, istnieje kilka kluczowych r\u00f3\u017cnic:<\/p>\n<ul data-spread=\"true\">\n<li><strong>Hash marihuany:<\/strong> Jest to tradycyjna forma koncentratu, kt\u00f3ra zazwyczaj zawiera wy\u017csze st\u0119\u017cenie <strong><a href=\"https:\/\/hitexoticsdistro.eu\/fr\/product-category\/gdzie-moge-kupic-marihuane\/\">THC<\/a><\/strong>.<\/li>\n<li><strong>Koncentraty z konopi:<\/strong> Obejmuj\u0105 szersz\u0105 gam\u0119 produkt\u00f3w, w tym olejki, woski i shattery, kt\u00f3re mog\u0105 zawiera\u0107 r\u00f3\u017cne proporcje THC i CBD.<\/li>\n<\/ul>\n<h3>Legalno\u015b\u0107 Hash Marihuany w Europie<\/h3>\n<p>Produkty zawieraj\u0105ce THC s\u0105 regulowane prawem w wi\u0119kszo\u015bci kraj\u00f3w europejskich. Przed zakupem upewnij si\u0119, \u017ce przestrzegasz lokalnych przepis\u00f3w. W naszej ofercie znajdziesz produkty zgodne z prawem w Twoim kraju.<\/p>\n<h3>Podsumowanie<\/h3>\n<p>Kup Ananasowy Hash Express online i odkryj nowe mo\u017cliwo\u015bci w \u015bwiecie koncentrat\u00f3w z konopi. Ten produkt \u0142\u0105czy w sobie tradycj\u0119 i nowoczesno\u015b\u0107, oferuj\u0105c niezapomniane do\u015bwiadczenia smakowe i terapeutyczne. Zam\u00f3w ju\u017c dzi\u015b i do\u0142\u0105cz do grona zadowolonych klient\u00f3w!<\/p>\n<p>&nbsp;<\/p>\n<p>&nbsp;<\/p>\n<p><img loading=\"lazy\" decoding=\"async\" class=\"alignnone size-medium wp-image-1174\" src=\"https:\/\/hitexoticsdistro.eu\/wp-content\/uploads\/2024\/10\/WhatsApp-Image-2024-10-02-at-3.49.57-PM-1-225x300.jpeg\" alt=\"Kup\u00a0Chwast\u00a0Online\" width=\"225\" height=\"300\" srcset=\"https:\/\/hitexoticsdistro.eu\/wp-content\/uploads\/2024\/10\/WhatsApp-Image-2024-10-02-at-3.49.57-PM-1-225x300.jpeg 225w, https:\/\/hitexoticsdistro.eu\/wp-content\/uploads\/2024\/10\/WhatsApp-Image-2024-10-02-at-3.49.57-PM-1-768x1024.jpeg 768w, https:\/\/hitexoticsdistro.eu\/wp-content\/uploads\/2024\/10\/WhatsApp-Image-2024-10-02-at-3.49.57-PM-1-600x800.jpeg 600w, https:\/\/hitexoticsdistro.eu\/wp-content\/uploads\/2024\/10\/WhatsApp-Image-2024-10-02-at-3.49.57-PM-1.jpeg 960w\" sizes=\"auto, (max-width: 225px) 100vw, 225px\" \/> <img loading=\"lazy\" decoding=\"async\" class=\"alignnone size-medium wp-image-1149\" src=\"https:\/\/hitexoticsdistro.eu\/wp-content\/uploads\/2024\/10\/WhatsApp-Image-2024-10-02-at-3.50.03-PM-2-300x300.jpeg\" alt=\"Gdzie bezpiecznie kupi\u0107 marihuan\u0119 online?\" width=\"300\" height=\"300\" srcset=\"https:\/\/hitexoticsdistro.eu\/wp-content\/uploads\/2024\/10\/WhatsApp-Image-2024-10-02-at-3.50.03-PM-2-300x300.jpeg 300w, https:\/\/hitexoticsdistro.eu\/wp-content\/uploads\/2024\/10\/WhatsApp-Image-2024-10-02-at-3.50.03-PM-2-150x150.jpeg 150w, https:\/\/hitexoticsdistro.eu\/wp-content\/uploads\/2024\/10\/WhatsApp-Image-2024-10-02-at-3.50.03-PM-2-600x600.jpeg 600w, https:\/\/hitexoticsdistro.eu\/wp-content\/uploads\/2024\/10\/WhatsApp-Image-2024-10-02-at-3.50.03-PM-2-100x100.jpeg 100w, https:\/\/hitexoticsdistro.eu\/wp-content\/uploads\/2024\/10\/WhatsApp-Image-2024-10-02-at-3.50.03-PM-2.jpeg 640w\" sizes=\"auto, (max-width: 300px) 100vw, 300px\" \/> <img loading=\"lazy\" decoding=\"async\" class=\"alignnone size-medium wp-image-1175\" src=\"https:\/\/hitexoticsdistro.eu\/wp-content\/uploads\/2024\/10\/WhatsApp-Image-2024-10-02-at-3.50.01-PM-2-225x300.jpeg\" alt=\"Kup marihuan\u0119 THC online\" width=\"225\" height=\"300\" srcset=\"https:\/\/hitexoticsdistro.eu\/wp-content\/uploads\/2024\/10\/WhatsApp-Image-2024-10-02-at-3.50.01-PM-2-225x300.jpeg 225w, https:\/\/hitexoticsdistro.eu\/wp-content\/uploads\/2024\/10\/WhatsApp-Image-2024-10-02-at-3.50.01-PM-2-768x1024.jpeg 768w, https:\/\/hitexoticsdistro.eu\/wp-content\/uploads\/2024\/10\/WhatsApp-Image-2024-10-02-at-3.50.01-PM-2-600x800.jpeg 600w, https:\/\/hitexoticsdistro.eu\/wp-content\/uploads\/2024\/10\/WhatsApp-Image-2024-10-02-at-3.50.01-PM-2.jpeg 960w\" sizes=\"auto, (max-width: 225px) 100vw, 225px\" \/><\/p>","protected":false},"excerpt":{"rendered":"<p>Najlepszy Wyb\u00f3r dla Mi\u0142o\u015bnik\u00f3w Koncentrat\u00f3w z Konopi Wypr\u00f3buj Moc Hash Marihuany z Pineapple Express Kup Ananasowy Hash Express online, aby [&hellip;]<\/p>\n","protected":false},"featured_media":913,"comment_status":"closed","ping_status":"closed","template":"","meta":{"_surecart_dashboard_logo_width":"180px","_surecart_dashboard_show_logo":true,"_surecart_dashboard_navigation_orders":true,"_surecart_dashboard_navigation_invoices":true,"_surecart_dashboard_navigation_subscriptions":true,"_surecart_dashboard_navigation_downloads":true,"_surecart_dashboard_navigation_billing":true,"_surecart_dashboard_navigation_account":true,"_uag_custom_page_level_css":"","site-sidebar-layout":"default","site-content-layout":"","ast-site-content-layout":"default","site-content-style":"default","site-sidebar-style":"default","ast-global-header-display":"","ast-banner-title-visibility":"","ast-main-header-display":"","ast-hfb-above-header-display":"","ast-hfb-below-header-display":"","ast-hfb-mobile-header-display":"","site-post-title":"","ast-breadcrumbs-content":"","ast-featured-img":"","footer-sml-layout":"","theme-transparent-header-meta":"default","adv-header-id-meta":"","stick-header-meta":"","header-above-stick-meta":"","header-main-stick-meta":"","header-below-stick-meta":"","astra-migrate-meta-layouts":"set","ast-page-background-enabled":"default","ast-page-background-meta":{"desktop":{"background-color":"var(--ast-global-color-4)","background-image":"","background-repeat":"repeat","background-position":"center center","background-size":"auto","background-attachment":"scroll","background-type":"","background-media":"","overlay-type":"","overlay-color":"","overlay-opacity":"","overlay-gradient":""},"tablet":{"background-color":"","background-image":"","background-repeat":"repeat","background-position":"center center","background-size":"auto","background-attachment":"scroll","background-type":"","background-media":"","overlay-type":"","overlay-color":"","overlay-opacity":"","overlay-gradient":""},"mobile":{"background-color":"","background-image":"","background-repeat":"repeat","background-position":"center center","background-size":"auto","background-attachment":"scroll","background-type":"","background-media":"","overlay-type":"","overlay-color":"","overlay-opacity":"","overlay-gradient":""}},"ast-content-background-meta":{"desktop":{"background-color":"var(--ast-global-color-5)","background-image":"","background-repeat":"repeat","background-position":"center center","background-size":"auto","background-attachment":"scroll","background-type":"","background-media":"","overlay-type":"","overlay-color":"","overlay-opacity":"","overlay-gradient":""},"tablet":{"background-color":"var(--ast-global-color-5)","background-image":"","background-repeat":"repeat","background-position":"center center","background-size":"auto","background-attachment":"scroll","background-type":"","background-media":"","overlay-type":"","overlay-color":"","overlay-opacity":"","overlay-gradient":""},"mobile":{"background-color":"var(--ast-global-color-5)","background-image":"","background-repeat":"repeat","background-position":"center center","background-size":"auto","background-attachment":"scroll","background-type":"","background-media":"","overlay-type":"","overlay-color":"","overlay-opacity":"","overlay-gradient":""}}},"product_brand":[],"product_cat":[400,53],"product_tag":[1470,551,1232,695,1535,1230,1536],"class_list":{"0":"post-867","1":"product","2":"type-product","3":"status-publish","4":"has-post-thumbnail","6":"product_cat-jak-bezpiecznie-zamawiac-wysokiej-jakosci-haszysz-thc-online","7":"product_cat-kup-koncentraty-konopi-indyjskich-online","8":"product_tag-hashmarihuany","9":"product_tag-hitexoticsdistro","10":"product_tag-koncentratyzkonopi","11":"product_tag-konopieonline","12":"product_tag-kupananasowyhashexpress","13":"product_tag-olejekkonopny","14":"product_tag-pineappleexpresshash","15":"desktop-align-left","16":"tablet-align-left","17":"mobile-align-left","19":"first","20":"instock","21":"shipping-taxable","22":"purchasable","23":"product-type-variable"},"uagb_featured_image_src":{"full":["https:\/\/hitexoticsdistro.eu\/wp-content\/uploads\/2024\/10\/Pineapple-Express-Hash.jpg",768,768,false],"thumbnail":["https:\/\/hitexoticsdistro.eu\/wp-content\/uploads\/2024\/10\/Pineapple-Express-Hash-150x150.jpg",150,150,true],"medium":["https:\/\/hitexoticsdistro.eu\/wp-content\/uploads\/2024\/10\/Pineapple-Express-Hash-300x300.jpg",300,300,true],"medium_large":["https:\/\/hitexoticsdistro.eu\/wp-content\/uploads\/2024\/10\/Pineapple-Express-Hash.jpg",768,768,false],"large":["https:\/\/hitexoticsdistro.eu\/wp-content\/uploads\/2024\/10\/Pineapple-Express-Hash.jpg",768,768,false],"1536x1536":["https:\/\/hitexoticsdistro.eu\/wp-content\/uploads\/2024\/10\/Pineapple-Express-Hash.jpg",768,768,false],"2048x2048":["https:\/\/hitexoticsdistro.eu\/wp-content\/uploads\/2024\/10\/Pineapple-Express-Hash.jpg",768,768,false],"trp-custom-language-flag":["https:\/\/hitexoticsdistro.eu\/wp-content\/uploads\/2024\/10\/Pineapple-Express-Hash.jpg",12,12,false],"woocommerce_thumbnail":["https:\/\/hitexoticsdistro.eu\/wp-content\/uploads\/2024\/10\/Pineapple-Express-Hash-300x300.jpg",300,300,true],"woocommerce_single":["https:\/\/hitexoticsdistro.eu\/wp-content\/uploads\/2024\/10\/Pineapple-Express-Hash-600x600.jpg",600,600,true],"woocommerce_gallery_thumbnail":["https:\/\/hitexoticsdistro.eu\/wp-content\/uploads\/2024\/10\/Pineapple-Express-Hash-100x100.jpg",100,100,true]},"uagb_author_info":{"display_name":"","author_link":"https:\/\/hitexoticsdistro.eu\/fr\/author\/"},"uagb_comment_info":0,"uagb_excerpt":"Najlepszy Wyb\u00f3r dla Mi\u0142o\u015bnik\u00f3w Koncentrat\u00f3w z Konopi Wypr\u00f3buj Moc Hash Marihuany z Pineapple Express Kup Ananasowy Hash Express online, aby [&hellip;]","_links":{"self":[{"href":"https:\/\/hitexoticsdistro.eu\/fr\/wp-json\/wp\/v2\/product\/867","targetHints":{"allow":["GET"]}}],"collection":[{"href":"https:\/\/hitexoticsdistro.eu\/fr\/wp-json\/wp\/v2\/product"}],"about":[{"href":"https:\/\/hitexoticsdistro.eu\/fr\/wp-json\/wp\/v2\/types\/product"}],"replies":[{"embeddable":true,"href":"https:\/\/hitexoticsdistro.eu\/fr\/wp-json\/wp\/v2\/comments?post=867"}],"wp:featuredmedia":[{"embeddable":true,"href":"https:\/\/hitexoticsdistro.eu\/fr\/wp-json\/wp\/v2\/media\/913"}],"wp:attachment":[{"href":"https:\/\/hitexoticsdistro.eu\/fr\/wp-json\/wp\/v2\/media?parent=867"}],"wp:term":[{"taxonomy":"product_brand","embeddable":true,"href":"https:\/\/hitexoticsdistro.eu\/fr\/wp-json\/wp\/v2\/product_brand?post=867"},{"taxonomy":"product_cat","embeddable":true,"href":"https:\/\/hitexoticsdistro.eu\/fr\/wp-json\/wp\/v2\/product_cat?post=867"},{"taxonomy":"product_tag","embeddable":true,"href":"https:\/\/hitexoticsdistro.eu\/fr\/wp-json\/wp\/v2\/product_tag?post=867"}],"curies":[{"name":"wp","href":"https:\/\/api.w.org\/{rel}","templated":true}]}}