{"id":769,"date":"2024-10-10T23:02:08","date_gmt":"2024-10-10T23:02:08","guid":{"rendered":"https:\/\/hitexoticsdistro.com\/?post_type=product&#038;p=769"},"modified":"2024-10-26T02:32:23","modified_gmt":"2024-10-26T02:32:23","slug":"kup-diamenty-z-konopi-fruit-punch","status":"publish","type":"product","link":"https:\/\/hitexoticsdistro.eu\/fr\/product\/kup-diamenty-z-konopi-fruit-punch\/","title":{"rendered":"Fruit Punch"},"content":{"rendered":"<h2><strong>Kup diamenty z konopi Fruit Punch: Doskona\u0142y Wyb\u00f3r dla Mi\u0142o\u015bnik\u00f3w Sativy<\/strong><\/h2>\n<p><strong>Co to jest Fruit Punch?<\/strong><br \/>\nFruit Punch to dominuj\u0105ca w sativie hybryda stworzona poprzez skrzy\u017cowanie klasycznych odmian <em>Skunk<\/em>, <em>Haze<\/em> oraz <em>Northern Lights<\/em>. Ta odmiana wyr\u00f3\u017cnia si\u0119 wyj\u0105tkowo g\u0142adkim dymem i uzale\u017cniaj\u0105cym, s\u0142odkim, owocowym smakiem, kt\u00f3ry przyci\u0105ga zar\u00f3wno pocz\u0105tkuj\u0105cych, jak i do\u015bwiadczonych u\u017cytkownik\u00f3w. Fruit Punch to idealny wyb\u00f3r dla tych, kt\u00f3rzy szukaj\u0105 relaksu, ale jednocze\u015bnie potrzebuj\u0105 zachowa\u0107 energi\u0119 i jasno\u015b\u0107 umys\u0142u.<\/p>\n<h2>Kup diamenty z konopi Fruit Punch<\/h2>\n<p>Kupowanie diament\u00f3w z konopi <em>Fruit Punch<\/em> to \u015bwietny spos\u00f3b na zdobycie produktu o wysokiej jako\u015bci i znakomitym dzia\u0142aniu. Diamenty z konopi <em>Fruit Punch<\/em> to mocna, sativa-dominuj\u0105ca odmiana, kt\u00f3ra idealnie nadaje si\u0119 na leniwe popo\u0142udnia, kiedy nadal chcesz co\u015b zrobi\u0107. Ze wzgl\u0119du na wysokie st\u0119\u017cenie THC, si\u0119gaj\u0105ce od 18% do 25%, ten produkt doskonale sprawdza si\u0119 w \u0142agodzeniu takich dolegliwo\u015bci jak:<\/p>\n<ul>\n<li><strong>Bezsenno\u015b\u0107<\/strong><\/li>\n<li><strong>Przewlek\u0142y b\u00f3l<\/strong><\/li>\n<li><strong>Depresja<\/strong><\/li>\n<li><strong>Przewlek\u0142e zm\u0119czenie<\/strong><\/li>\n<\/ul>\n<p>Opr\u00f3cz terapeutycznych korzy\u015bci, owocowy smak i relaksuj\u0105ce dzia\u0142anie sprawiaj\u0105, \u017ce Fruit Punch to idealny wyb\u00f3r dla os\u00f3b szukaj\u0105cych unikalnego do\u015bwiadczenia z marihuan\u0105.<\/p>\n<h3><a href=\"https:\/\/hitexoticsdistro.eu\/fr\/product-category\/kup-marihuane-sativa-online-polska\/\">Sativa<\/a> vs. <a href=\"https:\/\/hitexoticsdistro.eu\/fr\/product-category\/kup-konopie-indyjskie-indica-online\/\">Indica<\/a>: Co Wybra\u0107?<\/h3>\n<p>Fruit Punch jest odmian\u0105 dominuj\u0105c\u0105 w sativie, co oznacza, \u017ce jej dzia\u0142anie jest bardziej energetyzuj\u0105ce i euforyczne, w przeciwie\u0144stwie do odmian indica, kt\u00f3re s\u0105 bardziej uspokajaj\u0105ce i relaksuj\u0105ce. Dlatego te\u017c diamenty z konopi Fruit Punch s\u0105 doskona\u0142e dla tych, kt\u00f3rzy chc\u0105 unikn\u0105\u0107 zbyt intensywnej sedacji, ale nadal potrzebuj\u0105 \u0142agodzenia objaw\u00f3w.<\/p>\n<h3>Dlaczego warto kupi\u0107 diamenty z konopi Fruit Punch?<\/h3>\n<p>Je\u015bli szukasz produktu o wysokiej zawarto\u015bci THC, kt\u00f3ry pomo\u017ce ci si\u0119 zrelaksowa\u0107 bez utraty produktywno\u015bci, <em>Fruit Punch<\/em> jest dla ciebie. Ta odmiana idealnie nadaje si\u0119 na popo\u0142udniowy relaks, kiedy chcesz oderwa\u0107 si\u0119 od codziennych obowi\u0105zk\u00f3w, ale nie chcesz ca\u0142kowicie odp\u0142yn\u0105\u0107. Ponadto s\u0142odki, owocowy smak sprawia, \u017ce <a href=\"https:\/\/www.cristalcbd.pl\/kategoria-produktu\/zywnosc-konopna\/\" rel=\"nofollow noopener\" target=\"_blank\">ka\u017cde<\/a> u\u017cycie tej odmiany jest czyst\u0105 przyjemno\u015bci\u0105.<\/p>\n<h2>Jak kupi\u0107 diamenty z konopi Fruit Punch?<\/h2>\n<p>Zakup diament\u00f3w z konopi Fruit Punch w naszym sklepie internetowym <strong>Hit Exotics Distro<\/strong> jest prosty i wygodny. Oferujemy szybkie i dyskretne dostawy na terenie ca\u0142ej Polski, a ka\u017cdy nasz produkt jest starannie wyselekcjonowany, aby zapewni\u0107 najwy\u017csz\u0105 jako\u015b\u0107. Wystarczy doda\u0107 produkt do koszyka, sfinalizowa\u0107 zam\u00f3wienie, a my zajmiemy si\u0119 reszt\u0105!<\/p>\n<h2>Cz\u0119sto Zadawane Pytania<\/h2>\n<h3>1. <strong>Jakie s\u0105 efekty Fruit Punch?<\/strong><\/h3>\n<p>Fruit Punch zapewnia euforyczny, energetyzuj\u0105cy haj, kt\u00f3ry pomaga w relaksie, ale pozwala na produktywno\u015b\u0107. Dzi\u0119ki dzia\u0142aniu sativy, u\u017cytkownicy mog\u0105 odczuwa\u0107 przyp\u0142yw kreatywno\u015bci oraz motywacji.<\/p>\n<h3>2. <strong>Czy Fruit Punch jest dobry na przewlek\u0142y b\u00f3l?<\/strong><\/h3>\n<p>Tak, ze wzgl\u0119du na swoje silne st\u0119\u017cenie THC (18-25%), Fruit Punch jest skuteczny w \u0142agodzeniu przewlek\u0142ego b\u00f3lu, stresu oraz bezsenno\u015bci.<\/p>\n<h3>3. <strong>Gdzie mog\u0119 kupi\u0107 diamenty z konopi Fruit Punch?<\/strong><\/h3>\n<p>Diamenty z konopi Fruit Punch mo\u017cesz kupi\u0107 w naszym sklepie online <strong>Hit Exotics Distro<\/strong>, gdzie oferujemy szeroki wyb\u00f3r produkt\u00f3w najwy\u017cszej jako\u015bci.<\/p>\n<h3>4. <strong>Jakie s\u0105 g\u0142\u00f3wne r\u00f3\u017cnice mi\u0119dzy sativ\u0105 a indic\u0105?<\/strong><\/h3>\n<p>Sativa zazwyczaj zapewnia bardziej energetyzuj\u0105ce, umys\u0142owe efekty, podczas gdy indica dzia\u0142a bardziej uspokajaj\u0105co i relaksuj\u0105co. Fruit Punch, b\u0119d\u0105cy odmian\u0105 dominuj\u0105c\u0105 w sativie, jest idealny na dzie\u0144, podczas gdy odmiany indica lepiej sprawdzaj\u0105 si\u0119 na wiecz\u00f3r.<\/p>\n<h2>Podsumowanie<\/h2>\n<p>Kupuj\u0105c diamenty z <a href=\"https:\/\/hitexoticsdistro.eu\/fr\/product-category\/sklep-internetowy-z-odmiana-konopi-delta-8\/\">konopi<\/a> Fruit Punch, inwestujesz w produkt o wyj\u0105tkowej jako\u015bci i dzia\u0142aniu, kt\u00f3ry idealnie nadaje si\u0119 dla os\u00f3b szukaj\u0105cych delikatnej r\u00f3wnowagi mi\u0119dzy relaksem a produktywno\u015bci\u0105. Niezale\u017cnie od tego, czy chcesz zwalczy\u0107 przewlek\u0142y b\u00f3l, stres, czy bezsenno\u015b\u0107, Fruit Punch dostarcza szybkie i skuteczne efekty. Zam\u00f3w ju\u017c dzi\u015b w <strong>Hit Exotics Distro<\/strong> i odkryj moc tej niesamowitej odmiany!<\/p>\n<p>&nbsp;<\/p>\n<p><img loading=\"lazy\" decoding=\"async\" class=\"alignnone size-medium wp-image-1330\" src=\"https:\/\/hitexoticsdistro.eu\/wp-content\/uploads\/2024\/10\/cropped-WhatsApp-Image-2024-10-02-at-3.50.03-PM-2-1-300x300.jpeg\" alt=\"Gdzie bezpiecznie kupi\u0107 marihuan\u0119 online?\" width=\"300\" height=\"300\" srcset=\"https:\/\/hitexoticsdistro.eu\/wp-content\/uploads\/2024\/10\/cropped-WhatsApp-Image-2024-10-02-at-3.50.03-PM-2-1-300x300.jpeg 300w, https:\/\/hitexoticsdistro.eu\/wp-content\/uploads\/2024\/10\/cropped-WhatsApp-Image-2024-10-02-at-3.50.03-PM-2-1-150x150.jpeg 150w, https:\/\/hitexoticsdistro.eu\/wp-content\/uploads\/2024\/10\/cropped-WhatsApp-Image-2024-10-02-at-3.50.03-PM-2-1-100x100.jpeg 100w, https:\/\/hitexoticsdistro.eu\/wp-content\/uploads\/2024\/10\/cropped-WhatsApp-Image-2024-10-02-at-3.50.03-PM-2-1-270x270.jpeg 270w, https:\/\/hitexoticsdistro.eu\/wp-content\/uploads\/2024\/10\/cropped-WhatsApp-Image-2024-10-02-at-3.50.03-PM-2-1-192x192.jpeg 192w, https:\/\/hitexoticsdistro.eu\/wp-content\/uploads\/2024\/10\/cropped-WhatsApp-Image-2024-10-02-at-3.50.03-PM-2-1-180x180.jpeg 180w, https:\/\/hitexoticsdistro.eu\/wp-content\/uploads\/2024\/10\/cropped-WhatsApp-Image-2024-10-02-at-3.50.03-PM-2-1-32x32.jpeg 32w, https:\/\/hitexoticsdistro.eu\/wp-content\/uploads\/2024\/10\/cropped-WhatsApp-Image-2024-10-02-at-3.50.03-PM-2-1.jpeg 512w\" sizes=\"auto, (max-width: 300px) 100vw, 300px\" \/><\/p>","protected":false},"excerpt":{"rendered":"<p>Kup diamenty z konopi Fruit Punch: Doskona\u0142y Wyb\u00f3r dla Mi\u0142o\u015bnik\u00f3w Sativy Co to jest Fruit Punch? Fruit Punch to dominuj\u0105ca [&hellip;]<\/p>\n","protected":false},"featured_media":823,"comment_status":"closed","ping_status":"closed","template":"","meta":{"_surecart_dashboard_logo_width":"180px","_surecart_dashboard_show_logo":true,"_surecart_dashboard_navigation_orders":true,"_surecart_dashboard_navigation_invoices":true,"_surecart_dashboard_navigation_subscriptions":true,"_surecart_dashboard_navigation_downloads":true,"_surecart_dashboard_navigation_billing":true,"_surecart_dashboard_navigation_account":true,"_uag_custom_page_level_css":"","site-sidebar-layout":"default","site-content-layout":"","ast-site-content-layout":"default","site-content-style":"default","site-sidebar-style":"default","ast-global-header-display":"","ast-banner-title-visibility":"","ast-main-header-display":"","ast-hfb-above-header-display":"","ast-hfb-below-header-display":"","ast-hfb-mobile-header-display":"","site-post-title":"","ast-breadcrumbs-content":"","ast-featured-img":"","footer-sml-layout":"","theme-transparent-header-meta":"default","adv-header-id-meta":"","stick-header-meta":"","header-above-stick-meta":"","header-main-stick-meta":"","header-below-stick-meta":"","astra-migrate-meta-layouts":"set","ast-page-background-enabled":"default","ast-page-background-meta":{"desktop":{"background-color":"var(--ast-global-color-4)","background-image":"","background-repeat":"repeat","background-position":"center center","background-size":"auto","background-attachment":"scroll","background-type":"","background-media":"","overlay-type":"","overlay-color":"","overlay-opacity":"","overlay-gradient":""},"tablet":{"background-color":"","background-image":"","background-repeat":"repeat","background-position":"center center","background-size":"auto","background-attachment":"scroll","background-type":"","background-media":"","overlay-type":"","overlay-color":"","overlay-opacity":"","overlay-gradient":""},"mobile":{"background-color":"","background-image":"","background-repeat":"repeat","background-position":"center center","background-size":"auto","background-attachment":"scroll","background-type":"","background-media":"","overlay-type":"","overlay-color":"","overlay-opacity":"","overlay-gradient":""}},"ast-content-background-meta":{"desktop":{"background-color":"var(--ast-global-color-5)","background-image":"","background-repeat":"repeat","background-position":"center center","background-size":"auto","background-attachment":"scroll","background-type":"","background-media":"","overlay-type":"","overlay-color":"","overlay-opacity":"","overlay-gradient":""},"tablet":{"background-color":"var(--ast-global-color-5)","background-image":"","background-repeat":"repeat","background-position":"center center","background-size":"auto","background-attachment":"scroll","background-type":"","background-media":"","overlay-type":"","overlay-color":"","overlay-opacity":"","overlay-gradient":""},"mobile":{"background-color":"var(--ast-global-color-5)","background-image":"","background-repeat":"repeat","background-position":"center center","background-size":"auto","background-attachment":"scroll","background-type":"","background-media":"","overlay-type":"","overlay-color":"","overlay-opacity":"","overlay-gradient":""}}},"product_brand":[],"product_cat":[348,53],"product_tag":[995,695,994,663,368,891,359,360,361,362],"class_list":{"0":"post-769","1":"product","2":"type-product","3":"status-publish","4":"has-post-thumbnail","6":"product_cat-gdzie-kupic-thca-diamonds-online","7":"product_cat-kup-koncentraty-konopi-indyjskich-online","8":"product_tag-fruitpunchsativa","9":"product_tag-konopieonline","10":"product_tag-kupdiamentyzkonopifruitpunch","11":"product_tag-marihuanaonline","12":"product_tag-order-buy-fruit-punch-cannabis-diamonds-online-europe","13":"product_tag-sativathc","14":"product_tag-thc-a-diamonds-near-me","15":"product_tag-thc-a-diamonds-price","16":"product_tag-thca-diamond-powder","17":"product_tag-thca-diamonds-legal","18":"desktop-align-left","19":"tablet-align-left","20":"mobile-align-left","22":"first","23":"instock","24":"shipping-taxable","25":"purchasable","26":"product-type-simple"},"uagb_featured_image_src":{"full":["https:\/\/hitexoticsdistro.eu\/wp-content\/uploads\/2024\/10\/Buy-Fruit-Punch-Cannabis-Diamonds.jpg",1000,1000,false],"thumbnail":["https:\/\/hitexoticsdistro.eu\/wp-content\/uploads\/2024\/10\/Buy-Fruit-Punch-Cannabis-Diamonds-150x150.jpg",150,150,true],"medium":["https:\/\/hitexoticsdistro.eu\/wp-content\/uploads\/2024\/10\/Buy-Fruit-Punch-Cannabis-Diamonds-300x300.jpg",300,300,true],"medium_large":["https:\/\/hitexoticsdistro.eu\/wp-content\/uploads\/2024\/10\/Buy-Fruit-Punch-Cannabis-Diamonds-768x768.jpg",768,768,true],"large":["https:\/\/hitexoticsdistro.eu\/wp-content\/uploads\/2024\/10\/Buy-Fruit-Punch-Cannabis-Diamonds.jpg",1000,1000,false],"1536x1536":["https:\/\/hitexoticsdistro.eu\/wp-content\/uploads\/2024\/10\/Buy-Fruit-Punch-Cannabis-Diamonds.jpg",1000,1000,false],"2048x2048":["https:\/\/hitexoticsdistro.eu\/wp-content\/uploads\/2024\/10\/Buy-Fruit-Punch-Cannabis-Diamonds.jpg",1000,1000,false],"trp-custom-language-flag":["https:\/\/hitexoticsdistro.eu\/wp-content\/uploads\/2024\/10\/Buy-Fruit-Punch-Cannabis-Diamonds.jpg",12,12,false],"woocommerce_thumbnail":["https:\/\/hitexoticsdistro.eu\/wp-content\/uploads\/2024\/10\/Buy-Fruit-Punch-Cannabis-Diamonds-300x300.jpg",300,300,true],"woocommerce_single":["https:\/\/hitexoticsdistro.eu\/wp-content\/uploads\/2024\/10\/Buy-Fruit-Punch-Cannabis-Diamonds-600x600.jpg",600,600,true],"woocommerce_gallery_thumbnail":["https:\/\/hitexoticsdistro.eu\/wp-content\/uploads\/2024\/10\/Buy-Fruit-Punch-Cannabis-Diamonds-100x100.jpg",100,100,true]},"uagb_author_info":{"display_name":"","author_link":"https:\/\/hitexoticsdistro.eu\/fr\/author\/"},"uagb_comment_info":0,"uagb_excerpt":"Kup diamenty z konopi Fruit Punch: Doskona\u0142y Wyb\u00f3r dla Mi\u0142o\u015bnik\u00f3w Sativy Co to jest Fruit Punch? Fruit Punch to dominuj\u0105ca [&hellip;]","_links":{"self":[{"href":"https:\/\/hitexoticsdistro.eu\/fr\/wp-json\/wp\/v2\/product\/769","targetHints":{"allow":["GET"]}}],"collection":[{"href":"https:\/\/hitexoticsdistro.eu\/fr\/wp-json\/wp\/v2\/product"}],"about":[{"href":"https:\/\/hitexoticsdistro.eu\/fr\/wp-json\/wp\/v2\/types\/product"}],"replies":[{"embeddable":true,"href":"https:\/\/hitexoticsdistro.eu\/fr\/wp-json\/wp\/v2\/comments?post=769"}],"wp:featuredmedia":[{"embeddable":true,"href":"https:\/\/hitexoticsdistro.eu\/fr\/wp-json\/wp\/v2\/media\/823"}],"wp:attachment":[{"href":"https:\/\/hitexoticsdistro.eu\/fr\/wp-json\/wp\/v2\/media?parent=769"}],"wp:term":[{"taxonomy":"product_brand","embeddable":true,"href":"https:\/\/hitexoticsdistro.eu\/fr\/wp-json\/wp\/v2\/product_brand?post=769"},{"taxonomy":"product_cat","embeddable":true,"href":"https:\/\/hitexoticsdistro.eu\/fr\/wp-json\/wp\/v2\/product_cat?post=769"},{"taxonomy":"product_tag","embeddable":true,"href":"https:\/\/hitexoticsdistro.eu\/fr\/wp-json\/wp\/v2\/product_tag?post=769"}],"curies":[{"name":"wp","href":"https:\/\/api.w.org\/{rel}","templated":true}]}}