{"id":400,"date":"2024-10-10T22:49:33","date_gmt":"2024-10-10T22:49:33","guid":{"rendered":"https:\/\/hitexoticsdistro.com\/?post_type=product&#038;p=400"},"modified":"2024-10-26T23:19:56","modified_gmt":"2024-10-26T23:19:56","slug":"kup-ghost-train-haze-ziolo-online","status":"publish","type":"product","link":"https:\/\/hitexoticsdistro.eu\/fr\/product\/kup-ghost-train-haze-ziolo-online\/","title":{"rendered":"Ghost Train Haze"},"content":{"rendered":"<h3>Kup Ghost Train Haze Zio\u0142o Online: Niezr\u00f3wnane Do\u015bwiadczenie z Sativ\u0105 o Wysokiej Mocy<\/h3>\n<p>Ghost Train Haze (GTH) to <a href=\"https:\/\/hitexoticsdistro.eu\/fr\/product-category\/gdzie-moge-kupic-marihuane\/\">odmiana marihuany<\/a>, kt\u00f3ra przyci\u0105ga uwag\u0119, zw\u0142aszcza do\u015bwiadczonych mi\u0142o\u015bnik\u00f3w konopi. Ta pot\u0119\u017cna odmiana powsta\u0142a z krzy\u017c\u00f3wki <em>Ghost OG<\/em> i <em>Neville&#8217;s Wreck<\/em>, tworz\u0105c hybryd\u0119 z dominacj\u0105 sativy, z imponuj\u0105co wysokim poziomem THC. Dzi\u0119ki stosunkowi sativa do indica 80:20, Ghost Train Haze nie jest dla os\u00f3b o s\u0142abym sercu. Je\u015bli dopiero zaczynasz swoj\u0105 przygod\u0119 z konopiami lub masz sk\u0142onno\u015bci do l\u0119k\u00f3w, warto podej\u015b\u0107 do tej odmiany ostro\u017cnie, poniewa\u017c jej efekty s\u0105 silne i d\u0142ugotrwa\u0142e.<\/p>\n<h3>Dlaczego warto kupi\u0107 Ghost Train Haze Zio\u0142o Online?<\/h3>\n<p>Kupuj\u0105c <strong>Ghost Train Haze Zio\u0142o online<\/strong>, inwestujesz w odmian\u0119, kt\u00f3ra dostarcza intensywne efekty i korzy\u015bci terapeutyczne. Zakupy w <a href=\"https:\/\/hitexoticsdistro.eu\/fr\/\"><em>Hit Exotics Distro<\/em><\/a> gwarantuj\u0105, \u017ce otrzymujesz wysokiej jako\u015bci, mocne p\u0105ki, starannie uprawiane i gotowe do dostarczenia niezwyk\u0142ego do\u015bwiadczenia. Niezale\u017cnie od tego, czy szukasz ulgi w przewlek\u0142ych dolegliwo\u015bciach, czy po prostu chcesz cieszy\u0107 si\u0119 sativ\u0105, kt\u00f3ra pobudza kreatywno\u015b\u0107 i koncentracj\u0119, Ghost Train Haze to doskona\u0142y wyb\u00f3r.<\/p>\n<h3>Pot\u0119\u017cne Efekty Ghost Train Haze<\/h3>\n<p>Ghost Train Haze jest znana ze swoich euforycznych i pobudzaj\u0105cych efekt\u00f3w, co czyni j\u0105 idealn\u0105 do u\u017cytku w ci\u0105gu dnia, kiedy potrzebna jest koncentracja i kreatywno\u015b\u0107. Jednak ze wzgl\u0119du na intensywno\u015b\u0107 jej dzia\u0142ania, najlepiej sprawdza si\u0119 u do\u015bwiadczonych u\u017cytkownik\u00f3w. Mocne u\u017cycie Ghost Train Haze mo\u017ce prowadzi\u0107 do <strong>prawie psychodelicznego haju<\/strong>, a w niekt\u00f3rych przypadkach mo\u017ce wywo\u0142a\u0107 paranoj\u0119 u os\u00f3b podatnych na l\u0119ki. W umiarkowanych dawkach odmiana ta zapewnia pobudzaj\u0105ce, euforyczne do\u015bwiadczenie, kt\u00f3re idealnie nadaje si\u0119 do zwi\u0119kszenia produktywno\u015bci i kreatywno\u015bci.<\/p>\n<ul>\n<li><strong>Euforia Umys\u0142owa<\/strong>: Haj z Ghost Train Haze jest g\u0142\u00f3wnie umys\u0142owy, dostarczaj\u0105c silnego uczucia euforii i klarowno\u015bci umys\u0142u.<\/li>\n<li><strong>Zwi\u0119kszenie Kreatywno\u015bci<\/strong>: Ta odmiana pobudza tw\u00f3rcze my\u015blenie, co sprawia, \u017ce jest popularna w\u015br\u00f3d artyst\u00f3w, pisarzy i os\u00f3b lubi\u0105cych burze m\u00f3zg\u00f3w.<\/li>\n<li><strong>Koncentracja i Energia<\/strong>: Dzi\u0119ki pobudzaj\u0105cemu charakterowi Ghost Train Haze jest idealna do wykonywania zada\u0144 wymagaj\u0105cych skupienia i uwagi.<\/li>\n<li><strong>\u015amiech i Poprawa Nastroju<\/strong>: W ma\u0142ych dawkach GTH mo\u017ce wywo\u0142a\u0107 napady \u015bmiechu i podnie\u015b\u0107 nastr\u00f3j, zapewniaj\u0105c prawdziwie przyjemne do\u015bwiadczenie.<\/li>\n<\/ul>\n<h3>Korzy\u015bci Terapeutyczne Ghost Train Haze<\/h3>\n<p>Opr\u00f3cz rekreacyjnych zastosowa\u0144, Ghost Train Haze to pot\u0119\u017cna odmiana dla os\u00f3b poszukuj\u0105cych ulgi w r\u00f3\u017cnych schorzeniach. Je\u015bli zmagasz si\u0119 z przewlek\u0142ym b\u00f3lem lub depresj\u0105, Ghost Train Haze mo\u017ce zapewni\u0107 ulg\u0119, kt\u00f3rej szukasz. Wysoka zawarto\u015b\u0107 THC w po\u0142\u0105czeniu z pobudzaj\u0105cymi efektami sativy sprawia, \u017ce jest to ulubiona odmiana dla os\u00f3b cierpi\u0105cych na:<\/p>\n<ul>\n<li><strong>Artretyzm i Przewlek\u0142y B\u00f3l<\/strong>: Silne dzia\u0142anie Ghost Train Haze na cia\u0142o i umys\u0142 pomaga \u0142agodzi\u0107 b\u00f3l, szczeg\u00f3lnie u os\u00f3b z chorobami zapalnymi, takimi jak artretyzm.<\/li>\n<li><strong>Depresja<\/strong>: Dzi\u0119ki swoim w\u0142a\u015bciwo\u015bciom poprawiaj\u0105cym nastr\u00f3j i euforycznym, GTH mo\u017ce pom\u00f3c w walce z depresj\u0105, przynosz\u0105c uczucie szcz\u0119\u015bcia.<\/li>\n<li><strong>Zm\u0119czenie i Stres<\/strong>: Jako pobudzaj\u0105ca sativa, Ghost Train Haze mo\u017ce pom\u00f3c w walce ze zm\u0119czeniem, jednocze\u015bnie \u0142agodz\u0105c psychiczne obci\u0105\u017cenie zwi\u0105zane ze stresem.<\/li>\n<li><strong>Migreny i Zapalenia<\/strong>: Dzi\u0119ki swoim w\u0142a\u015bciwo\u015bciom przeciwzapalnym, ta odmiana jest doskona\u0142ym wyborem do radzenia sobie z migrenami i innymi objawami zwi\u0105zanymi ze stanami zapalnymi.<\/li>\n<\/ul>\n<h3>Smaki i Aromaty Ghost Train Haze<\/h3>\n<p>Je\u015bli lubisz cytrusowe i s\u0142odkie smaki, Ghost Train Haze z pewno\u015bci\u0105 ci\u0119 zachwyci. Przy ka\u017cdym zaci\u0105gni\u0119ciu si\u0119 czujesz <strong>s\u0142odki cytrusowy<\/strong> smak z nut\u0105 <strong>cytryny<\/strong> i delikatnym sosnowym wyko\u0144czeniem. Przy wydechu bardziej wyczuwalny staje si\u0119 <strong>ziemisty i kwiatowy aromat<\/strong>, pozostawiaj\u0105c intensywny, lecz przyjemny posmak. <strong>S\u0142odko-kwa\u015bna<\/strong> mieszanka w po\u0142\u0105czeniu z jej intensywno\u015bci\u0105 tworzy bogate doznania sensoryczne dla znawc\u00f3w konopi.<\/p>\n<ul>\n<li><strong>Smaki<\/strong>: Cytrus, Cytryna, S\u0142odki, Sosna<\/li>\n<li><strong>Aromaty<\/strong>: Cytrusowy, Ziemisty, Kwiatowy, Intensywny, S\u0142odki<\/li>\n<\/ul>\n<h3>Zachwycaj\u0105cy Wygl\u0105d Ghost Train Haze<\/h3>\n<p>Ghost Train Haze to nie tylko pot\u0119ga efekt\u00f3w \u2013 r\u00f3wnie\u017c wizualnie robi wra\u017cenie. P\u0105ki s\u0105 g\u0119ste i pokryte obfit\u0105 warstw\u0105 trichom\u00f3w, co nadaje im mocno \u017cywiczn\u0105 i <strong>oszronion\u0105 powierzchni\u0119<\/strong>. Jasnozielone p\u0105ki, p\u0142omienne pomara\u0144czowe w\u0142oski i lepka \u017cywica sprawiaj\u0105, \u017ce <a href=\"https:\/\/biohemp.pl\/pl\/olejki-ekstrakty-cbd-cbg\/\" rel=\"nofollow noopener\" target=\"_blank\">Ghost<\/a> Train Haze wygl\u0105da zjawiskowo, a jej wygl\u0105d jest prawdziwym odzwierciedleniem jej mocy.<\/p>\n<h3>Dlaczego warto wybra\u0107 Ghost Train Haze?<\/h3>\n<ul>\n<li><strong>Wysoka Moc<\/strong>: Dzi\u0119ki poziomowi THC, kt\u00f3ry mo\u017ce przekracza\u0107 25%, Ghost Train Haze jest idealna dla tych, kt\u00f3rzy szukaj\u0105 mocnego do\u015bwiadczenia z sativ\u0105.<\/li>\n<li><strong>Korzy\u015bci Terapeutyczne<\/strong>: Doskona\u0142a do radzenia sobie z b\u00f3lem, depresj\u0105, stresem i migrenami, GTH oferuje szerok\u0105 gam\u0119 korzy\u015bci medycznych.<\/li>\n<li><strong>Bogate Smaki i Aromaty<\/strong>: Wyj\u0105tkowa mieszanka cytrusowych, sosnowych i ziemistych nut sprawia, \u017ce ka\u017cdy buch Ghost Train Haze to prawdziwa uczta smakowa.<\/li>\n<\/ul>\n<h3>Kup Ghost Train Haze Zio\u0142o Online Ju\u017c Teraz!<\/h3>\n<p>Gotowy na do\u015bwiadczenie pe\u0142nej mocy Ghost Train Haze? Kiedy <strong>kupujesz Ghost Train Haze Zio\u0142o online<\/strong> w <em>Hit Exotics Distro<\/em>, otrzymujesz najwy\u017cszej jako\u015bci konopie, znane ze swojej mocy, smaku i korzy\u015bci terapeutycznych. Dzi\u0119ki dyskretnej wysy\u0142ce, zaufanej jako\u015bci i konkurencyjnym cenom, nigdy nie by\u0142o \u0142atwiej cieszy\u0107 si\u0119 jedn\u0105 z najbardziej po\u017c\u0105danych odmian w \u015bwiecie konopi. Nie zwlekaj \u2013 <strong>kup Ghost Train Haze Zio\u0142o online<\/strong> i ciesz si\u0119 unikalnym, podnosz\u0105cym na duchu i kreatywnym hajem, kt\u00f3ry tylko ta odmiana mo\u017ce zapewni\u0107.<\/p>\n<h3>Cz\u0119sto Zadawane Pytania o Ghost Train Haze Zio\u0142o<\/h3>\n<p><strong>\u00a0Co wyr\u00f3\u017cnia Ghost Train Haze spo\u015br\u00f3d innych odmian sativy?<\/strong><br \/>\nGhost Train Haze jest znana z wyj\u0105tkowo wysokiej zawarto\u015bci THC i intensywnych efekt\u00f3w umys\u0142owych, kt\u00f3re mog\u0105 by\u0107 zar\u00f3wno pobudzaj\u0105ce, jak i euforyczne.<\/p>\n<p><strong>Czy Ghost Train Haze nadaje si\u0119 dla pocz\u0105tkuj\u0105cych?<\/strong><br \/>\nZe wzgl\u0119du na wysok\u0105 moc, Ghost Train Haze jest zalecana dla do\u015bwiadczonych u\u017cytkownik\u00f3w. Pocz\u0105tkuj\u0105cy powinni stosowa\u0107 j\u0105 ostro\u017cnie, zw\u0142aszcza je\u015bli s\u0105 podatni na l\u0119ki.<\/p>\n<p><strong>Jakie smaki mog\u0119 spodziewa\u0107 si\u0119 po Ghost Train Haze?<\/strong><br \/>\nGhost Train Haze oferuje s\u0142odki cytrusowy smak z nutami cytryny i sosny, co czyni j\u0105 od\u015bwie\u017caj\u0105c\u0105 i smaczn\u0105 odmian\u0105.<\/p>\n<p><strong>Jakie s\u0105 korzy\u015bci medyczne Ghost Train Haze?<\/strong><br \/>\nGTH cz\u0119sto stosuje si\u0119 w leczeniu artretyzmu, przewlek\u0142ego b\u00f3lu, depresji, zm\u0119czenia, stresu i migren, dzi\u0119ki jej silnym w\u0142a\u015bciwo\u015bciom \u0142agodz\u0105cym b\u00f3l i poprawiaj\u0105cym nastr\u00f3j.<\/p>\n<h3>Podsumowanie<\/h3>\n<p>Ghost Train Haze to wyj\u0105tkowa odmiana, kt\u00f3ra \u0142\u0105czy w sobie najlepsze cechy sativy z niezr\u00f3wnan\u0105 moc\u0105. Niezale\u017cnie od tego, czy szukasz kreatywnego impulsu, ulgi w b\u00f3lu, czy po prostu odmiany, kt\u00f3ra zapewnia unikalny i intensywny haj, Ghost Train Haze jest doskona\u0142ym wyborem. <strong>Kup Ghost Train Haze Zio\u0142o online<\/strong> w <em>Hit Exotics Distro<\/em> ju\u017c dzi\u015b i wynie\u015b swoje do\u015bwiadczenia z konopiami na wy\u017cszy poziom!<\/p>\n<p>&nbsp;<\/p>\n<p><img loading=\"lazy\" decoding=\"async\" class=\"alignnone size-medium wp-image-1149\" src=\"https:\/\/hitexoticsdistro.eu\/wp-content\/uploads\/2024\/10\/WhatsApp-Image-2024-10-02-at-3.50.03-PM-2-300x300.jpeg\" alt=\"Gdzie bezpiecznie kupi\u0107 marihuan\u0119 online?\" width=\"300\" height=\"300\" srcset=\"https:\/\/hitexoticsdistro.eu\/wp-content\/uploads\/2024\/10\/WhatsApp-Image-2024-10-02-at-3.50.03-PM-2-300x300.jpeg 300w, https:\/\/hitexoticsdistro.eu\/wp-content\/uploads\/2024\/10\/WhatsApp-Image-2024-10-02-at-3.50.03-PM-2-150x150.jpeg 150w, https:\/\/hitexoticsdistro.eu\/wp-content\/uploads\/2024\/10\/WhatsApp-Image-2024-10-02-at-3.50.03-PM-2-600x600.jpeg 600w, https:\/\/hitexoticsdistro.eu\/wp-content\/uploads\/2024\/10\/WhatsApp-Image-2024-10-02-at-3.50.03-PM-2-100x100.jpeg 100w, https:\/\/hitexoticsdistro.eu\/wp-content\/uploads\/2024\/10\/WhatsApp-Image-2024-10-02-at-3.50.03-PM-2.jpeg 640w\" sizes=\"auto, (max-width: 300px) 100vw, 300px\" \/><\/p>","protected":false},"excerpt":{"rendered":"<p>Kup Ghost Train Haze Zio\u0142o Online: Niezr\u00f3wnane Do\u015bwiadczenie z Sativ\u0105 o Wysokiej Mocy Ghost Train Haze (GTH) to odmiana marihuany, [&hellip;]<\/p>\n","protected":false},"featured_media":457,"comment_status":"closed","ping_status":"closed","template":"","meta":{"_surecart_dashboard_logo_width":"180px","_surecart_dashboard_show_logo":true,"_surecart_dashboard_navigation_orders":true,"_surecart_dashboard_navigation_invoices":true,"_surecart_dashboard_navigation_subscriptions":true,"_surecart_dashboard_navigation_downloads":true,"_surecart_dashboard_navigation_billing":true,"_surecart_dashboard_navigation_account":true,"_uag_custom_page_level_css":"","site-sidebar-layout":"default","site-content-layout":"","ast-site-content-layout":"default","site-content-style":"default","site-sidebar-style":"default","ast-global-header-display":"","ast-banner-title-visibility":"","ast-main-header-display":"","ast-hfb-above-header-display":"","ast-hfb-below-header-display":"","ast-hfb-mobile-header-display":"","site-post-title":"","ast-breadcrumbs-content":"","ast-featured-img":"","footer-sml-layout":"","theme-transparent-header-meta":"default","adv-header-id-meta":"","stick-header-meta":"","header-above-stick-meta":"","header-main-stick-meta":"","header-below-stick-meta":"","astra-migrate-meta-layouts":"set","ast-page-background-enabled":"default","ast-page-background-meta":{"desktop":{"background-color":"var(--ast-global-color-4)","background-image":"","background-repeat":"repeat","background-position":"center center","background-size":"auto","background-attachment":"scroll","background-type":"","background-media":"","overlay-type":"","overlay-color":"","overlay-opacity":"","overlay-gradient":""},"tablet":{"background-color":"","background-image":"","background-repeat":"repeat","background-position":"center center","background-size":"auto","background-attachment":"scroll","background-type":"","background-media":"","overlay-type":"","overlay-color":"","overlay-opacity":"","overlay-gradient":""},"mobile":{"background-color":"","background-image":"","background-repeat":"repeat","background-position":"center center","background-size":"auto","background-attachment":"scroll","background-type":"","background-media":"","overlay-type":"","overlay-color":"","overlay-opacity":"","overlay-gradient":""}},"ast-content-background-meta":{"desktop":{"background-color":"var(--ast-global-color-5)","background-image":"","background-repeat":"repeat","background-position":"center center","background-size":"auto","background-attachment":"scroll","background-type":"","background-media":"","overlay-type":"","overlay-color":"","overlay-opacity":"","overlay-gradient":""},"tablet":{"background-color":"var(--ast-global-color-5)","background-image":"","background-repeat":"repeat","background-position":"center center","background-size":"auto","background-attachment":"scroll","background-type":"","background-media":"","overlay-type":"","overlay-color":"","overlay-opacity":"","overlay-gradient":""},"mobile":{"background-color":"var(--ast-global-color-5)","background-image":"","background-repeat":"repeat","background-position":"center center","background-size":"auto","background-attachment":"scroll","background-type":"","background-media":"","overlay-type":"","overlay-color":"","overlay-opacity":"","overlay-gradient":""}}},"product_brand":[],"product_cat":[56,57],"product_tag":[108,556,551,562,557,560,559,561,558],"class_list":{"0":"post-400","1":"product","2":"type-product","3":"status-publish","4":"has-post-thumbnail","6":"product_cat-gdzie-moge-kupic-marihuane","7":"product_cat-kup-marihuane-sativa-online-polska","8":"product_tag-buy-ghost-train-haze-weed-strain-online-europe","9":"product_tag-ghosttrainhaze","10":"product_tag-hitexoticsdistro","11":"product_tag-kreatywnoscirelaks","12":"product_tag-kupghosttrainhazeonline","13":"product_tag-mocnaodmianathc","14":"product_tag-sativahigh","15":"product_tag-spolecznosckonopi","16":"product_tag-zioloonline","17":"desktop-align-left","18":"tablet-align-left","19":"mobile-align-left","21":"first","22":"instock","23":"shipping-taxable","24":"purchasable","25":"product-type-variable"},"uagb_featured_image_src":{"full":["https:\/\/hitexoticsdistro.eu\/wp-content\/uploads\/2024\/10\/Ghost-Train-Haze-Weed-Strain.webp",2560,1707,false],"thumbnail":["https:\/\/hitexoticsdistro.eu\/wp-content\/uploads\/2024\/10\/Ghost-Train-Haze-Weed-Strain-150x150.webp",150,150,true],"medium":["https:\/\/hitexoticsdistro.eu\/wp-content\/uploads\/2024\/10\/Ghost-Train-Haze-Weed-Strain-300x200.webp",300,200,true],"medium_large":["https:\/\/hitexoticsdistro.eu\/wp-content\/uploads\/2024\/10\/Ghost-Train-Haze-Weed-Strain-768x512.webp",768,512,true],"large":["https:\/\/hitexoticsdistro.eu\/wp-content\/uploads\/2024\/10\/Ghost-Train-Haze-Weed-Strain-1024x683.webp",1024,683,true],"1536x1536":["https:\/\/hitexoticsdistro.eu\/wp-content\/uploads\/2024\/10\/Ghost-Train-Haze-Weed-Strain-1536x1024.webp",1536,1024,true],"2048x2048":["https:\/\/hitexoticsdistro.eu\/wp-content\/uploads\/2024\/10\/Ghost-Train-Haze-Weed-Strain-2048x1366.webp",2048,1366,true],"trp-custom-language-flag":["https:\/\/hitexoticsdistro.eu\/wp-content\/uploads\/2024\/10\/Ghost-Train-Haze-Weed-Strain.webp",18,12,false],"woocommerce_thumbnail":["https:\/\/hitexoticsdistro.eu\/wp-content\/uploads\/2024\/10\/Ghost-Train-Haze-Weed-Strain-300x300.webp",300,300,true],"woocommerce_single":["https:\/\/hitexoticsdistro.eu\/wp-content\/uploads\/2024\/10\/Ghost-Train-Haze-Weed-Strain-600x400.webp",600,400,true],"woocommerce_gallery_thumbnail":["https:\/\/hitexoticsdistro.eu\/wp-content\/uploads\/2024\/10\/Ghost-Train-Haze-Weed-Strain-100x100.webp",100,100,true]},"uagb_author_info":{"display_name":"","author_link":"https:\/\/hitexoticsdistro.eu\/fr\/author\/"},"uagb_comment_info":0,"uagb_excerpt":"Kup Ghost Train Haze Zio\u0142o Online: Niezr\u00f3wnane Do\u015bwiadczenie z Sativ\u0105 o Wysokiej Mocy Ghost Train Haze (GTH) to odmiana marihuany, [&hellip;]","_links":{"self":[{"href":"https:\/\/hitexoticsdistro.eu\/fr\/wp-json\/wp\/v2\/product\/400","targetHints":{"allow":["GET"]}}],"collection":[{"href":"https:\/\/hitexoticsdistro.eu\/fr\/wp-json\/wp\/v2\/product"}],"about":[{"href":"https:\/\/hitexoticsdistro.eu\/fr\/wp-json\/wp\/v2\/types\/product"}],"replies":[{"embeddable":true,"href":"https:\/\/hitexoticsdistro.eu\/fr\/wp-json\/wp\/v2\/comments?post=400"}],"wp:featuredmedia":[{"embeddable":true,"href":"https:\/\/hitexoticsdistro.eu\/fr\/wp-json\/wp\/v2\/media\/457"}],"wp:attachment":[{"href":"https:\/\/hitexoticsdistro.eu\/fr\/wp-json\/wp\/v2\/media?parent=400"}],"wp:term":[{"taxonomy":"product_brand","embeddable":true,"href":"https:\/\/hitexoticsdistro.eu\/fr\/wp-json\/wp\/v2\/product_brand?post=400"},{"taxonomy":"product_cat","embeddable":true,"href":"https:\/\/hitexoticsdistro.eu\/fr\/wp-json\/wp\/v2\/product_cat?post=400"},{"taxonomy":"product_tag","embeddable":true,"href":"https:\/\/hitexoticsdistro.eu\/fr\/wp-json\/wp\/v2\/product_tag?post=400"}],"curies":[{"name":"wp","href":"https:\/\/api.w.org\/{rel}","templated":true}]}}