{"id":382,"date":"2024-10-10T22:48:45","date_gmt":"2024-10-10T22:48:45","guid":{"rendered":"https:\/\/hitexoticsdistro.com\/?post_type=product&#038;p=382"},"modified":"2024-10-27T00:15:06","modified_gmt":"2024-10-27T00:15:06","slug":"kup-cannatonic-hybris-ziolo-online","status":"publish","type":"product","link":"https:\/\/hitexoticsdistro.eu\/fr\/product\/kup-cannatonic-hybris-ziolo-online\/","title":{"rendered":"Cannatonic Hybris"},"content":{"rendered":"<h2>Kup Cannatonic Hybris Zio\u0142o Online<\/h2>\n<p>Cannatonic Hybris to doskonale zr\u00f3wnowa\u017cona odmiana hybrydowa, oferuj\u0105ca 50\/50 po\u0142\u0105czenie zar\u00f3wno efekt\u00f3w <a href=\"https:\/\/hitexoticsdistro.eu\/fr\/product-category\/kup-konopie-indyjskie-indica-online\/\">indica,<\/a> jak i <a href=\"https:\/\/hitexoticsdistro.eu\/fr\/product-category\/kup-marihuane-sativa-online-polska\/\">sativa<\/a>. Stworzona z po\u0142\u0105czenia dw\u00f3ch pot\u0119\u017cnych odmian, <em>MK Ultra<\/em> i <em>G13 Haze<\/em>, Cannatonic <a href=\"https:\/\/hitexoticsdistro.eu\/fr\/product-category\/hybrydowe-odmiany-marihuany-online\/\">Hybrid<\/a> wyr\u00f3\u017cnia si\u0119 jako idealny wyb\u00f3r dla os\u00f3b poszukuj\u0105cych korzy\u015bci medycznych bez silnych efekt\u00f3w psychoaktywnych. Niezale\u017cnie od tego, czy jeste\u015b nowicjuszem w \u015bwiecie konopi, czy szukasz terapeutycznej odmiany zr\u00f3wnowa\u017conej w dzia\u0142aniu, Cannatonic Hybrid to doskona\u0142y wyb\u00f3r.<\/p>\n<h3>Dlaczego warto kupi\u0107 Cannatonic Hybris Zio\u0142o Online?<\/h3>\n<p>Zakup <strong>Cannatonic Hybris Zio\u0142o online<\/strong> od zaufanych dostawc\u00f3w gwarantuje, \u017ce otrzymasz produkt najwy\u017cszej jako\u015bci, przebadany pod k\u0105tem czysto\u015bci i mocy. W <em>Hit Exotics Distro<\/em> stawiamy na jako\u015b\u0107 i dyskrecj\u0119, zapewniaj\u0105c \u0142atwy dost\u0119p do Cannatonic Hybrid zar\u00f3wno do cel\u00f3w medycznych, jak i rekreacyjnych. Ciesz si\u0119 korzy\u015bciami tej wyj\u0105tkowej odmiany, korzystaj\u0105c z wygodnych opcji zakupu online.<\/p>\n<h3>Cannatonic Hybris: Zr\u00f3wnowa\u017cone Do\u015bwiadczenie Indica-Sativa<\/h3>\n<p>Cannatonic Hybris oferuje idealn\u0105 r\u00f3wnowag\u0119 efekt\u00f3w, z 50% genetyki indica i 50% sativa. W przeciwie\u0144stwie do odmian, kt\u00f3re mocno sk\u0142aniaj\u0105 si\u0119 ku jednej stronie, Cannatonic zapewnia <strong>mentaln\u0105 jasno\u015b\u0107<\/strong> oraz <strong>relaksacj\u0119 cia\u0142a<\/strong>, pozostawiaj\u0105c u\u017cytkownika w pe\u0142ni funkcjonalnym, a jednocze\u015bnie odpr\u0119\u017conym. To czyni Cannatonic Hybrid idealnym wyborem na dzie\u0144, kiedy chcesz czu\u0107 si\u0119 zrelaksowany, ale jednocze\u015bnie skupiony.<\/p>\n<ul>\n<li><strong>Indica (50%)<\/strong>: Pomaga z\u0142agodzi\u0107 dyskomfort fizyczny, zapewniaj\u0105c koj\u0105cy efekt na cia\u0142o.<\/li>\n<li><strong>Sativa (50%)<\/strong>: Poprawia nastr\u00f3j, oferuj\u0105c jasno\u015b\u0107 umys\u0142u i skupienie bez nadmiernej stymulacji.<\/li>\n<li><strong>THC<\/strong>: Niski poziom THC (7-8%) zapewnia \u0142agodny efekt psychoaktywny, podczas gdy wysoki poziom CBD (12-14%) czyni j\u0105 idealn\u0105 do zastosowa\u0144 terapeutycznych.<\/li>\n<\/ul>\n<h3>Korzy\u015bci Terapeutyczne Cannatonic Hybrid<\/h3>\n<p>Jednym z g\u0142\u00f3wnych powod\u00f3w, aby kupi\u0107 <strong>Cannatonic Hybris Zio\u0142o online<\/strong>, s\u0105 jej niesamowite w\u0142a\u015bciwo\u015bci lecznicze. Dzi\u0119ki niskiemu poziomowi THC i wysokiej zawarto\u015bci <a href=\"https:\/\/biohemp.pl\/pl\/olejki-ekstrakty-cbd-cbg\/\" rel=\"nofollow noopener\" target=\"_blank\">CBD<\/a>, ta odmiana jest szeroko znana ze swojego potencja\u0142u leczniczego. Cannatonic Hybrid jest niezwykle skuteczna w leczeniu wielu dolegliwo\u015bci bez wywo\u0142ywania \u201ehaju\u201d zwi\u0105zanego z odmianami o wy\u017cszym poziomie THC. Jej w\u0142a\u015bciwo\u015bci lecznicze s\u0105 idealne dla os\u00f3b poszukuj\u0105cych ulgi w:<\/p>\n<ul>\n<li><strong>Przewlek\u0142y b\u00f3l<\/strong>: Wysoka zawarto\u015b\u0107 CBD zapewnia silne dzia\u0142anie przeciwb\u00f3lowe bez efekt\u00f3w uspokajaj\u0105cych.<\/li>\n<li><strong>Skurcze mi\u0119\u015bni<\/strong>: Cannatonic Hybris pomaga z\u0142agodzi\u0107 napi\u0119cie mi\u0119\u015bni, idealna przy skurczach lub b\u00f3lach mi\u0119\u015bni.<\/li>\n<li><strong>L\u0119k i stres<\/strong>: Koj\u0105ce efekty \u0142agodz\u0105 napi\u0119cie umys\u0142owe, oferuj\u0105c naturaln\u0105 ulg\u0119 od stresu i l\u0119ku.<\/li>\n<li><strong>Migreny i b\u00f3le g\u0142owy<\/strong>: Dla os\u00f3b cierpi\u0105cych na przewlek\u0142e b\u00f3le g\u0142owy lub migreny, ta odmiana zapewnia delikatn\u0105 ulg\u0119 bez silnych efekt\u00f3w psychoaktywnych.<\/li>\n<\/ul>\n<h3>Smak i Aromat Cannatonic Hybrid<\/h3>\n<p>Cannatonic Hybrid nie tylko zachwyca efektami \u2013 dostarcza r\u00f3wnie\u017c niezwyk\u0142ych wra\u017ce\u0144 sensorycznych. Profil smakowy i aromatyczny tej odmiany to prawdziwa uczta dla zmys\u0142\u00f3w, \u0142\u0105cz\u0105c <strong>s\u0142odkie i kwa\u015bne nuty<\/strong> z zio\u0142owymi podtonami. Po inhalacji wyczujesz <strong>s\u0142odko-kwa\u015bny cytrusowy<\/strong> smak z pikantnym, zio\u0142owym wydechem, kt\u00f3ry d\u0142ugo utrzymuje si\u0119 na podniebieniu. Aromat r\u00f3wnie\u017c zachwyca \u2013 wyczuwalne s\u0105 nuty <strong>ziemistego drewna<\/strong>, <strong>pikantnych zi\u00f3\u0142<\/strong> oraz <strong>kwa\u015bnych cytryn<\/strong>.<\/p>\n<ul>\n<li><strong>Smaki<\/strong>: Cytrusowy, S\u0142odki, Kwa\u015bny, Zio\u0142owy, Drzewny<\/li>\n<li><strong>Aromaty<\/strong>: Ziemisty, Zio\u0142owy, Cytrusowy, Kwa\u015bny, Pikantny<\/li>\n<\/ul>\n<h3>Wygl\u0105d Cannatonic Hybrid<\/h3>\n<p>Cannatonic Hybrid jest r\u00f3wnie atrakcyjna wizualnie, jak i skuteczna. P\u0105ki s\u0105 <strong>d\u0142ugie i w\u0105skie<\/strong>, z <strong>oliwkowozielonymi p\u0105kami<\/strong> otoczonymi g\u0119stymi <strong>\u017c\u00f3\u0142to-pomara\u0144czowymi w\u0142oskami<\/strong>. P\u0105ki pokryte s\u0105 grub\u0105 warstw\u0105 <strong>bia\u0142ych, kryszta\u0142owych trichom\u00f3w<\/strong>, co nadaje im oszroniony wygl\u0105d, kt\u00f3ry zachwyci ka\u017cdego mi\u0142o\u015bnika konopi.<\/p>\n<h3>Kup Cannatonic Hybris Zio\u0142o Online Ju\u017c Teraz!<\/h3>\n<p>Je\u015bli jeste\u015b got\u00f3w do\u015bwiadczy\u0107 idealnego po\u0142\u0105czenia relaksu i ulgi terapeutycznej, nie szukaj dalej \u2013 <strong>kup Cannatonic Hybris Zio\u0142o online<\/strong> na <em>Hit Exotics Distro<\/em> i ciesz si\u0119 t\u0105 doskona\u0142\u0105 hybryd\u0105. Dzi\u0119ki szybkiej, dyskretnej wysy\u0142ce i zaanga\u017cowaniu w jako\u015b\u0107, zapewniamy najlepszy dost\u0119pny Cannatonic Hybrid. Niezale\u017cnie od tego, czy u\u017cywasz jej do cel\u00f3w leczniczych, czy po prostu chcesz si\u0119 zrelaksowa\u0107, Cannatonic Hybrid to doskona\u0142y dodatek do twojej kolekcji konopi.<\/p>\n<h3>Najcz\u0119\u015bciej Zadawane Pytania<\/h3>\n<h4>Co to jest Cannatonic Hybrid?<\/h4>\n<p>Cannatonic Hybrid to hybryda 50\/50 indica-sativa, stworzona przez po\u0142\u0105czenie odmian <em>MK Ultra<\/em> i <em>G13 Haze<\/em>. Znana jest z zr\u00f3wnowa\u017conych efekt\u00f3w i w\u0142a\u015bciwo\u015bci leczniczych, dzi\u0119ki niskiemu poziomowi THC i wysokiej zawarto\u015bci CBD.<\/p>\n<h4>Jakie efekty daje Cannatonic Hybrid?<\/h4>\n<p>Cannatonic Hybrid zapewnia koj\u0105ce i podnosz\u0105ce na duchu efekty, idealne do relaksacji cia\u0142a i umys\u0142u bez powodowania senno\u015bci. Doskonale sprawdza si\u0119 przy leczeniu b\u00f3lu, l\u0119ku i stresu, jednocze\u015bnie zachowuj\u0105c jasno\u015b\u0107 umys\u0142u.<\/p>\n<h4>Ile THC ma Cannatonic Hybrid?<\/h4>\n<p>Cannatonic Hybrid zawiera niski poziom THC, oko\u0142o 7-8%, co czyni j\u0105 odpowiedni\u0105 dla u\u017cytkownik\u00f3w poszukuj\u0105cych \u0142agodnych efekt\u00f3w psychoaktywnych z silniejszymi korzy\u015bciami terapeutycznymi.<\/p>\n<h4>Jakie schorzenia mo\u017ce \u0142agodzi\u0107 Cannatonic Hybrid?<\/h4>\n<p>Cannatonic Hybrid jest bardzo skuteczna w leczeniu takich schorze\u0144, jak przewlek\u0142y b\u00f3l, skurcze mi\u0119\u015bni, l\u0119k, stres, b\u00f3le g\u0142owy i migreny, dzi\u0119ki wysokiej zawarto\u015bci CBD i niskiemu poziomowi THC.<\/p>\n<h4>Jak smakuje i pachnie Cannatonic Hybrid?<\/h4>\n<p>Cannatonic Hybrid oferuje s\u0142odko-kwa\u015bny cytrusowy smak z zio\u0142owymi i drzewnymi podtonami. Jej aromat to mieszanka ziemistych, cytrusowych i pikantnych nut, co czyni j\u0105 prawdziw\u0105 uczt\u0105 dla zmys\u0142\u00f3w.<\/p>\n<h3>Podsumowanie<\/h3>\n<p>Cannatonic Hybrid to niezwykle poszukiwana odmiana ze wzgl\u0119du na swoje w\u0142a\u015bciwo\u015bci lecznicze i zr\u00f3wnowa\u017cone efekty. Dzi\u0119ki niskiemu poziomowi THC i wysokiej zawarto\u015bci CBD, ta odmiana oferuje ulg\u0119 w wielu schorzeniach, jednocze\u015bnie utrzymuj\u0105c u\u017cytkownika w stanie relaksu i podniesienia na duchu. Nie czekaj \u2013 <strong>kup Cannatonic Hybris Zio\u0142o online<\/strong> na <em>Hit Exotics Distro<\/em> i odkryj korzy\u015bci p\u0142yn\u0105ce z tej niezwyk\u0142ej hybrydy ju\u017c dzi\u015b!<\/p>\n<p>&nbsp;<\/p>\n<p><img loading=\"lazy\" decoding=\"async\" class=\"alignnone size-medium wp-image-1149\" src=\"https:\/\/hitexoticsdistro.eu\/wp-content\/uploads\/2024\/10\/WhatsApp-Image-2024-10-02-at-3.50.03-PM-2-300x300.jpeg\" alt=\"Gdzie bezpiecznie kupi\u0107 marihuan\u0119 online?\" width=\"300\" height=\"300\" srcset=\"https:\/\/hitexoticsdistro.eu\/wp-content\/uploads\/2024\/10\/WhatsApp-Image-2024-10-02-at-3.50.03-PM-2-300x300.jpeg 300w, https:\/\/hitexoticsdistro.eu\/wp-content\/uploads\/2024\/10\/WhatsApp-Image-2024-10-02-at-3.50.03-PM-2-150x150.jpeg 150w, https:\/\/hitexoticsdistro.eu\/wp-content\/uploads\/2024\/10\/WhatsApp-Image-2024-10-02-at-3.50.03-PM-2-600x600.jpeg 600w, https:\/\/hitexoticsdistro.eu\/wp-content\/uploads\/2024\/10\/WhatsApp-Image-2024-10-02-at-3.50.03-PM-2-100x100.jpeg 100w, https:\/\/hitexoticsdistro.eu\/wp-content\/uploads\/2024\/10\/WhatsApp-Image-2024-10-02-at-3.50.03-PM-2.jpeg 640w\" sizes=\"auto, (max-width: 300px) 100vw, 300px\" \/><\/p>","protected":false},"excerpt":{"rendered":"<p>THC: 7-8%, CBD: 14%, CBN: 1%<\/p>","protected":false},"featured_media":442,"comment_status":"closed","ping_status":"closed","template":"","meta":{"_surecart_dashboard_logo_width":"180px","_surecart_dashboard_show_logo":true,"_surecart_dashboard_navigation_orders":true,"_surecart_dashboard_navigation_invoices":true,"_surecart_dashboard_navigation_subscriptions":true,"_surecart_dashboard_navigation_downloads":true,"_surecart_dashboard_navigation_billing":true,"_surecart_dashboard_navigation_account":true,"_uag_custom_page_level_css":"","site-sidebar-layout":"default","site-content-layout":"","ast-site-content-layout":"default","site-content-style":"default","site-sidebar-style":"default","ast-global-header-display":"","ast-banner-title-visibility":"","ast-main-header-display":"","ast-hfb-above-header-display":"","ast-hfb-below-header-display":"","ast-hfb-mobile-header-display":"","site-post-title":"","ast-breadcrumbs-content":"","ast-featured-img":"","footer-sml-layout":"","theme-transparent-header-meta":"default","adv-header-id-meta":"","stick-header-meta":"","header-above-stick-meta":"","header-main-stick-meta":"","header-below-stick-meta":"","astra-migrate-meta-layouts":"set","ast-page-background-enabled":"default","ast-page-background-meta":{"desktop":{"background-color":"var(--ast-global-color-4)","background-image":"","background-repeat":"repeat","background-position":"center center","background-size":"auto","background-attachment":"scroll","background-type":"","background-media":"","overlay-type":"","overlay-color":"","overlay-opacity":"","overlay-gradient":""},"tablet":{"background-color":"","background-image":"","background-repeat":"repeat","background-position":"center center","background-size":"auto","background-attachment":"scroll","background-type":"","background-media":"","overlay-type":"","overlay-color":"","overlay-opacity":"","overlay-gradient":""},"mobile":{"background-color":"","background-image":"","background-repeat":"repeat","background-position":"center center","background-size":"auto","background-attachment":"scroll","background-type":"","background-media":"","overlay-type":"","overlay-color":"","overlay-opacity":"","overlay-gradient":""}},"ast-content-background-meta":{"desktop":{"background-color":"var(--ast-global-color-5)","background-image":"","background-repeat":"repeat","background-position":"center center","background-size":"auto","background-attachment":"scroll","background-type":"","background-media":"","overlay-type":"","overlay-color":"","overlay-opacity":"","overlay-gradient":""},"tablet":{"background-color":"var(--ast-global-color-5)","background-image":"","background-repeat":"repeat","background-position":"center center","background-size":"auto","background-attachment":"scroll","background-type":"","background-media":"","overlay-type":"","overlay-color":"","overlay-opacity":"","overlay-gradient":""},"mobile":{"background-color":"var(--ast-global-color-5)","background-image":"","background-repeat":"repeat","background-position":"center center","background-size":"auto","background-attachment":"scroll","background-type":"","background-media":"","overlay-type":"","overlay-color":"","overlay-opacity":"","overlay-gradient":""}}},"product_brand":[],"product_cat":[61,56],"product_tag":[101,686,687,688,685,690,569,689,691],"class_list":{"0":"post-382","1":"product","2":"type-product","3":"status-publish","4":"has-post-thumbnail","6":"product_cat-hybrydowe-odmiany-marihuany-online","7":"product_cat-gdzie-moge-kupic-marihuane","8":"product_tag-cannatonic-hybris-weed-strain-for-sale","9":"product_tag-cannatonichybrid","10":"product_tag-cbdodmiany","11":"product_tag-hybrydakonopi","12":"product_tag-kupcannatonichybriszioloonline","13":"product_tag-marihuananabol","14":"product_tag-medycznamarihuana","15":"product_tag-relakszcannatonic","16":"product_tag-ukojeniedlastresu","17":"desktop-align-left","18":"tablet-align-left","19":"mobile-align-left","21":"first","22":"instock","23":"shipping-taxable","24":"purchasable","25":"product-type-variable"},"uagb_featured_image_src":{"full":["https:\/\/hitexoticsdistro.eu\/wp-content\/uploads\/2024\/10\/Cannatonic-Hybris-Weed-Strain.webp",2560,1707,false],"thumbnail":["https:\/\/hitexoticsdistro.eu\/wp-content\/uploads\/2024\/10\/Cannatonic-Hybris-Weed-Strain-150x150.webp",150,150,true],"medium":["https:\/\/hitexoticsdistro.eu\/wp-content\/uploads\/2024\/10\/Cannatonic-Hybris-Weed-Strain-300x200.webp",300,200,true],"medium_large":["https:\/\/hitexoticsdistro.eu\/wp-content\/uploads\/2024\/10\/Cannatonic-Hybris-Weed-Strain-768x512.webp",768,512,true],"large":["https:\/\/hitexoticsdistro.eu\/wp-content\/uploads\/2024\/10\/Cannatonic-Hybris-Weed-Strain-1024x683.webp",1024,683,true],"1536x1536":["https:\/\/hitexoticsdistro.eu\/wp-content\/uploads\/2024\/10\/Cannatonic-Hybris-Weed-Strain-1536x1024.webp",1536,1024,true],"2048x2048":["https:\/\/hitexoticsdistro.eu\/wp-content\/uploads\/2024\/10\/Cannatonic-Hybris-Weed-Strain-2048x1366.webp",2048,1366,true],"trp-custom-language-flag":["https:\/\/hitexoticsdistro.eu\/wp-content\/uploads\/2024\/10\/Cannatonic-Hybris-Weed-Strain.webp",18,12,false],"woocommerce_thumbnail":["https:\/\/hitexoticsdistro.eu\/wp-content\/uploads\/2024\/10\/Cannatonic-Hybris-Weed-Strain-300x300.webp",300,300,true],"woocommerce_single":["https:\/\/hitexoticsdistro.eu\/wp-content\/uploads\/2024\/10\/Cannatonic-Hybris-Weed-Strain-600x400.webp",600,400,true],"woocommerce_gallery_thumbnail":["https:\/\/hitexoticsdistro.eu\/wp-content\/uploads\/2024\/10\/Cannatonic-Hybris-Weed-Strain-100x100.webp",100,100,true]},"uagb_author_info":{"display_name":"","author_link":"https:\/\/hitexoticsdistro.eu\/fr\/author\/"},"uagb_comment_info":0,"uagb_excerpt":"THC: 7-8%, CBD: 14%, CBN: 1%","_links":{"self":[{"href":"https:\/\/hitexoticsdistro.eu\/fr\/wp-json\/wp\/v2\/product\/382","targetHints":{"allow":["GET"]}}],"collection":[{"href":"https:\/\/hitexoticsdistro.eu\/fr\/wp-json\/wp\/v2\/product"}],"about":[{"href":"https:\/\/hitexoticsdistro.eu\/fr\/wp-json\/wp\/v2\/types\/product"}],"replies":[{"embeddable":true,"href":"https:\/\/hitexoticsdistro.eu\/fr\/wp-json\/wp\/v2\/comments?post=382"}],"wp:featuredmedia":[{"embeddable":true,"href":"https:\/\/hitexoticsdistro.eu\/fr\/wp-json\/wp\/v2\/media\/442"}],"wp:attachment":[{"href":"https:\/\/hitexoticsdistro.eu\/fr\/wp-json\/wp\/v2\/media?parent=382"}],"wp:term":[{"taxonomy":"product_brand","embeddable":true,"href":"https:\/\/hitexoticsdistro.eu\/fr\/wp-json\/wp\/v2\/product_brand?post=382"},{"taxonomy":"product_cat","embeddable":true,"href":"https:\/\/hitexoticsdistro.eu\/fr\/wp-json\/wp\/v2\/product_cat?post=382"},{"taxonomy":"product_tag","embeddable":true,"href":"https:\/\/hitexoticsdistro.eu\/fr\/wp-json\/wp\/v2\/product_tag?post=382"}],"curies":[{"name":"wp","href":"https:\/\/api.w.org\/{rel}","templated":true}]}}