{"id":377,"date":"2024-10-10T22:48:45","date_gmt":"2024-10-10T22:48:45","guid":{"rendered":"https:\/\/hitexoticsdistro.com\/?post_type=product&#038;p=377"},"modified":"2024-10-26T23:46:39","modified_gmt":"2024-10-26T23:46:39","slug":"jak-zamowic-lemon-haze-marihuana","status":"publish","type":"product","link":"https:\/\/hitexoticsdistro.eu\/fr\/product\/jak-zamowic-lemon-haze-marihuana\/","title":{"rendered":"Lemon Haze"},"content":{"rendered":"<h2>Jak Zam\u00f3wi\u0107 Lemon Haze Marihuan\u0105<\/h2>\n<p>Lemon Haze to ikoniczna <a href=\"https:\/\/hitexoticsdistro.eu\/fr\/product-category\/gdzie-moge-kupic-marihuane\/\">odmiana marihuany<\/a>, znana ze swoich silnych efekt\u00f3w i orze\u017awiaj\u0105cego, cytrusowego aromatu. Ta <strong>sativa-dominuj\u0105ca hybryda<\/strong> powsta\u0142a z po\u0142\u0105czenia <em>Silver Haze<\/em> i <em>Lemon Skunk<\/em>, dostarczaj\u0105c pot\u0119\u017cn\u0105 mieszank\u0119 energii, euforii i relaksu. Z dominacj\u0105 sativy w proporcji 70:30, <strong>Lemon Haze<\/strong> jest ulubie\u0144cem mi\u0142o\u015bnik\u00f3w konopi, kt\u00f3rzy szukaj\u0105 podnosz\u0105cego na duchu i o\u017cywczego do\u015bwiadczenia.<\/p>\n<p>Je\u015bli zastanawiasz si\u0119, jak zam\u00f3wi\u0107 Lemon Haze marihuan\u0105 online, ten przewodnik przeprowadzi Ci\u0119 przez unikalne cechy, efekty i jak \u0142atwo zdoby\u0107 t\u0119 odmian\u0119 od zaufanego dostawcy.<\/p>\n<h3>Co wyr\u00f3\u017cnia Lemon Haze?<\/h3>\n<p>Lemon Haze nie jest zwyk\u0142\u0105 odmian\u0105 marihuany. Wyr\u00f3\u017cnia si\u0119 <strong>orze\u017awiaj\u0105cym cytrynowym aromatem<\/strong> i <strong>jasnymi, cytrusowymi smakami<\/strong>, kt\u00f3re pozostawiaj\u0105 niezatarte wra\u017cenie. P\u0105ki s\u0105 niezwyk\u0142e, z \u017c\u00f3\u0142tymi i zielonymi odcieniami, a bursztynowe w\u0142oski przeplataj\u0105 si\u0119 przez mro\u017ane trichomy. To nadaje p\u0105kom charakterystyczny \u017c\u00f3\u0142tawy odcie\u0144, co sprawia, \u017ce Lemon Haze jest \u0142atwo rozpoznawalna.<\/p>\n<p>Zawarto\u015b\u0107 THC wynosz\u0105ca <strong>17%<\/strong> i poziom CBD <strong>0,38%<\/strong> oferuj\u0105 zr\u00f3wnowa\u017cony, ale mocny haj, idealny dla do\u015bwiadczonych u\u017cytkownik\u00f3w, kt\u00f3rzy chc\u0105 poczu\u0107 silny mentalny przyp\u0142yw. Odmiana ta nie jest zalecana dla pocz\u0105tkuj\u0105cych ze wzgl\u0119du na intensywno\u015b\u0107 jej efekt\u00f3w, ale dla tych, kt\u00f3rzy znaj\u0105 mocne odmiany sativa, Lemon Haze dostarcza ekscytuj\u0105cego, podnosz\u0105cego na duchu do\u015bwiadczenia, kt\u00f3re jednocze\u015bnie odpr\u0119\u017ca.<\/p>\n<h3>Efekty Lemon Haze<\/h3>\n<p>Lemon Haze zaczyna si\u0119 od <strong>euforii<\/strong>. Poczujesz intensywn\u0105 fal\u0119 szcz\u0119\u015bcia i energii, co czyni t\u0119 odmian\u0119 idealn\u0105 do u\u017cycia w ci\u0105gu dnia, kiedy potrzebujesz mentalnego zastrzyku. W miar\u0119 post\u0119pu haju, zauwa\u017cysz, \u017ce podnosz\u0105ce na duchu efekty stopniowo przechodz\u0105 w koj\u0105ce rozlu\u017anienie cia\u0142a. Chocia\u017c pocz\u0105tkowo mo\u017cesz czu\u0107 si\u0119 pe\u0142en energii, kilka dodatkowych buch\u00f3w mo\u017ce wywo\u0142a\u0107 efekt <strong>couch-lock<\/strong>, pozostawiaj\u0105c Ci\u0119 w stanie wyciszenia i relaksu.<\/p>\n<h4>Kluczowe Efekty:<\/h4>\n<ul>\n<li><strong>Euforia<\/strong>: Uczucie intensywnego szcz\u0119\u015bcia i zadowolenia.<\/li>\n<li><strong>Podnosz\u0105ce na duchu<\/strong>: Zastrzyk energii i jasno\u015bci umys\u0142u.<\/li>\n<li><strong>Relaksacja<\/strong>: Koj\u0105ce dzia\u0142anie na cia\u0142o, kt\u00f3re pojawia si\u0119 w miar\u0119 ust\u0119powania efekt\u00f3w.<\/li>\n<\/ul>\n<p>Ta sativa-dominuj\u0105ca odmiana jest szczeg\u00f3lnie skuteczna dla os\u00f3b, kt\u00f3re mia\u0142y ci\u0119\u017cki dzie\u0144 i potrzebuj\u0105 czego\u015b, co poprawi nastr\u00f3j, jednocze\u015bnie pomagaj\u0105c si\u0119 zrelaksowa\u0107.<\/p>\n<h3>Medyczne Korzy\u015bci Lemon Haze<\/h3>\n<p>Lemon Haze jest ceniona nie tylko za swoje rekreacyjne dzia\u0142anie, ale tak\u017ce za w\u0142a\u015bciwo\u015bci terapeutyczne. Jej zdolno\u015b\u0107 do poprawy nastroju i redukcji stresu sprawia, \u017ce jest doskona\u0142ym wyborem dla os\u00f3b borykaj\u0105cych si\u0119 z problemami psychicznymi, takimi jak depresja i <strong>PTSD<\/strong>. Podnosz\u0105ce na duchu, ale jednocze\u015bnie koj\u0105ce efekty, sprawiaj\u0105, \u017ce jest r\u00f3wnie\u017c idealna do \u0142agodzenia <strong>przewlek\u0142ego b\u00f3lu<\/strong> i <strong>zm\u0119czenia<\/strong> bez wywo\u0142ywania nadmiernej senno\u015bci.<\/p>\n<h4>Schorzenia, kt\u00f3re Lemon Haze Mo\u017ce \u0141agodzi\u0107:<\/h4>\n<ul>\n<li><strong>Depresja<\/strong>: Jej euforyczne i podnosz\u0105ce na duchu efekty pomagaj\u0105 zwalcza\u0107 negatywne nastroje.<\/li>\n<li><strong>Stres i L\u0119k<\/strong>: Koj\u0105ce dzia\u0142anie relaksuj\u0105ce, kt\u00f3re nast\u0119puje po euforii, pomaga zredukowa\u0107 zar\u00f3wno napi\u0119cie psychiczne, jak i fizyczne.<\/li>\n<li><strong>Przewlek\u0142y B\u00f3l i Dolegliwo\u015bci<\/strong>: Niezale\u017cnie od tego, czy masz do czynienia z d\u0142ugotrwa\u0142ym b\u00f3lem, czy okazjonalnymi dolegliwo\u015bciami, <a href=\"https:\/\/bestbud.nl\/pl\/\" rel=\"nofollow noopener\" target=\"_blank\">Lemon Haze<\/a> oferuje koj\u0105c\u0105 ulg\u0119.<\/li>\n<li><strong>Zm\u0119czenie<\/strong>: Idealna do u\u017cytku w ci\u0105gu dnia, Lemon Haze dostarcza zastrzyku energii, kt\u00f3ry pomaga zwalcza\u0107 zm\u0119czenie.<\/li>\n<li><strong>Utrata Apetytu<\/strong>: Odmiana ta mo\u017ce pobudza\u0107 apetyt, co jest korzystne dla os\u00f3b zmagaj\u0105cych si\u0119 z nudno\u015bciami lub brakiem apetytu.<\/li>\n<\/ul>\n<h3>Jak Zam\u00f3wi\u0107 Lemon Haze Marihuan\u0105 Online<\/h3>\n<p>Aby <strong>zam\u00f3wi\u0107 Lemon Haze marihuan\u0105 online<\/strong>, wa\u017cne jest, aby wybra\u0107 zaufane \u017ar\u00f3d\u0142o, aby mie\u0107 pewno\u015b\u0107, \u017ce otrzymujesz wysokiej jako\u015bci, autentyczne p\u0105ki. W <em>Hit Exotics Distro<\/em> proces jest prosty i niezawodny. Nasz sklep online oferuje premium odmiany, takie jak Lemon Haze, starannie wyselekcjonowane i przetestowane pod k\u0105tem jako\u015bci, zapewniaj\u0105c, \u017ce otrzymujesz najlepszy mo\u017cliwy produkt.<\/p>\n<ul>\n<li><strong>Krok 1<\/strong>: Odwied\u017a nasz\u0105 stron\u0119 <a href=\"https:\/\/hitexoticsdistro.eu\/fr\/\" target=\"_new\" rel=\"noopener\">https:\/\/hitexoticsdistro.eu<\/a>.<\/li>\n<li><strong>Krok 2<\/strong>: Przejrzyj nasz\u0105 ofert\u0119 i dodaj Lemon Haze do koszyka.<\/li>\n<li><strong>Krok 3<\/strong>: Post\u0119puj zgodnie z prostym procesem zam\u00f3wienia i wybierz preferowan\u0105 metod\u0119 wysy\u0142ki.<\/li>\n<li><strong>Krok 4<\/strong>: Poczekaj na dyskretnie zapakowan\u0105 przesy\u0142k\u0119 z Lemon Haze, dostarczon\u0105 pod Twoje drzwi.<\/li>\n<\/ul>\n<h3>Cz\u0119sto Zadawane Pytania<\/h3>\n<h4>Jaki jest poziom THC w Lemon Haze?<\/h4>\n<p>Lemon Haze zawiera zazwyczaj oko\u0142o 17% THC, co czyni j\u0105 mocn\u0105 odmian\u0105 odpowiedni\u0105 dla do\u015bwiadczonych u\u017cytkownik\u00f3w.<\/p>\n<h4>Czy Lemon Haze jest dobra na stres?<\/h4>\n<p>Tak, Lemon Haze jest znana ze swoich podnosz\u0105cych na duchu efekt\u00f3w, kt\u00f3re pomagaj\u0105 zredukowa\u0107 stres i l\u0119k, jednocze\u015bnie promuj\u0105c relaksacj\u0119.<\/p>\n<h4>Czy pocz\u0105tkuj\u0105cy mog\u0105 u\u017cywa\u0107 Lemon Haze?<\/h4>\n<p>Ze wzgl\u0119du na swoj\u0105 moc, Lemon Haze nie jest zalecana dla pocz\u0105tkuj\u0105cych. Jednak do\u015bwiadczeni u\u017cytkownicy b\u0119d\u0105 cieszy\u0107 si\u0119 jej intensywnym euforycznym dzia\u0142aniem.<\/p>\n<h4>Jak smakuje Lemon Haze?<\/h4>\n<p>Lemon Haze ma pyszny <strong>cytrusowy<\/strong> profil smakowy, z wyra\u017anymi nutami <strong>cytryny<\/strong> i <strong>limonki<\/strong>, uzupe\u0142nionymi delikatnie <strong>s\u0142odkim<\/strong> i <strong>kwaskowym<\/strong> posmakiem.<\/p>\n<h4>Czy Lemon Haze nadaje si\u0119 do u\u017cytku w ci\u0105gu dnia?<\/h4>\n<p>Tak, Lemon Haze to doskona\u0142y wyb\u00f3r do u\u017cytku w ci\u0105gu dnia, poniewa\u017c zapewnia energi\u0119, koncentracj\u0119 i kreatywno\u015b\u0107, chocia\u017c wi\u0119ksza dawka mo\u017ce prowadzi\u0107 do relaksu i potencjalnego efektu couch-lock.<\/p>\n<h3>Podsumowanie<\/h3>\n<p>Lemon Haze to obowi\u0105zkowa odmiana dla os\u00f3b, kt\u00f3re ceni\u0105 sativa-dominuj\u0105ce szczepy o mocnym cytrusowym profilu. Niezale\u017cnie od tego, czy szukasz zastrzyku energii, ulgi w stresie, czy kreatywnego impulsu, Lemon Haze dostarcza w ka\u017cdym aspekcie. <strong>Jak zam\u00f3wi\u0107 Lemon Haze marihuan\u0105?<\/strong> To proste\u2014wystarczy odwiedzi\u0107 <em>Hit Exotics Distro<\/em>, z\u0142o\u017cy\u0107 zam\u00f3wienie i cieszy\u0107 si\u0119 wysokiej jako\u015bci Lemon Haze dostarczon\u0105 prosto pod twoje drzwi.<\/p>\n<p>&nbsp;<\/p>\n<p><img loading=\"lazy\" decoding=\"async\" class=\"alignnone size-medium wp-image-1149\" src=\"https:\/\/hitexoticsdistro.eu\/wp-content\/uploads\/2024\/10\/WhatsApp-Image-2024-10-02-at-3.50.03-PM-2-300x300.jpeg\" alt=\"Gdzie bezpiecznie kupi\u0107 marihuan\u0119 online?\" width=\"300\" height=\"300\" srcset=\"https:\/\/hitexoticsdistro.eu\/wp-content\/uploads\/2024\/10\/WhatsApp-Image-2024-10-02-at-3.50.03-PM-2-300x300.jpeg 300w, https:\/\/hitexoticsdistro.eu\/wp-content\/uploads\/2024\/10\/WhatsApp-Image-2024-10-02-at-3.50.03-PM-2-150x150.jpeg 150w, https:\/\/hitexoticsdistro.eu\/wp-content\/uploads\/2024\/10\/WhatsApp-Image-2024-10-02-at-3.50.03-PM-2-600x600.jpeg 600w, https:\/\/hitexoticsdistro.eu\/wp-content\/uploads\/2024\/10\/WhatsApp-Image-2024-10-02-at-3.50.03-PM-2-100x100.jpeg 100w, https:\/\/hitexoticsdistro.eu\/wp-content\/uploads\/2024\/10\/WhatsApp-Image-2024-10-02-at-3.50.03-PM-2.jpeg 640w\" sizes=\"auto, (max-width: 300px) 100vw, 300px\" \/><\/p>","protected":false},"excerpt":{"rendered":"<div class=\"product-short-description\">\n<p>THC: 17-22%<\/p>\n<\/div>","protected":false},"featured_media":431,"comment_status":"closed","ping_status":"closed","template":"","meta":{"_surecart_dashboard_logo_width":"180px","_surecart_dashboard_show_logo":true,"_surecart_dashboard_navigation_orders":true,"_surecart_dashboard_navigation_invoices":true,"_surecart_dashboard_navigation_subscriptions":true,"_surecart_dashboard_navigation_downloads":true,"_surecart_dashboard_navigation_billing":true,"_surecart_dashboard_navigation_account":true,"_uag_custom_page_level_css":"","site-sidebar-layout":"default","site-content-layout":"","ast-site-content-layout":"default","site-content-style":"default","site-sidebar-style":"default","ast-global-header-display":"","ast-banner-title-visibility":"","ast-main-header-display":"","ast-hfb-above-header-display":"","ast-hfb-below-header-display":"","ast-hfb-mobile-header-display":"","site-post-title":"","ast-breadcrumbs-content":"","ast-featured-img":"","footer-sml-layout":"","theme-transparent-header-meta":"default","adv-header-id-meta":"","stick-header-meta":"","header-above-stick-meta":"","header-main-stick-meta":"","header-below-stick-meta":"","astra-migrate-meta-layouts":"set","ast-page-background-enabled":"default","ast-page-background-meta":{"desktop":{"background-color":"var(--ast-global-color-4)","background-image":"","background-repeat":"repeat","background-position":"center center","background-size":"auto","background-attachment":"scroll","background-type":"","background-media":"","overlay-type":"","overlay-color":"","overlay-opacity":"","overlay-gradient":""},"tablet":{"background-color":"","background-image":"","background-repeat":"repeat","background-position":"center center","background-size":"auto","background-attachment":"scroll","background-type":"","background-media":"","overlay-type":"","overlay-color":"","overlay-opacity":"","overlay-gradient":""},"mobile":{"background-color":"","background-image":"","background-repeat":"repeat","background-position":"center center","background-size":"auto","background-attachment":"scroll","background-type":"","background-media":"","overlay-type":"","overlay-color":"","overlay-opacity":"","overlay-gradient":""}},"ast-content-background-meta":{"desktop":{"background-color":"var(--ast-global-color-5)","background-image":"","background-repeat":"repeat","background-position":"center center","background-size":"auto","background-attachment":"scroll","background-type":"","background-media":"","overlay-type":"","overlay-color":"","overlay-opacity":"","overlay-gradient":""},"tablet":{"background-color":"var(--ast-global-color-5)","background-image":"","background-repeat":"repeat","background-position":"center center","background-size":"auto","background-attachment":"scroll","background-type":"","background-media":"","overlay-type":"","overlay-color":"","overlay-opacity":"","overlay-gradient":""},"mobile":{"background-color":"var(--ast-global-color-5)","background-image":"","background-repeat":"repeat","background-position":"center center","background-size":"auto","background-attachment":"scroll","background-type":"","background-media":"","overlay-type":"","overlay-color":"","overlay-opacity":"","overlay-gradient":""}}},"product_brand":[],"product_cat":[56,57],"product_tag":[596,607,551,603,601,605,96,604,606,608,602],"class_list":{"0":"post-377","1":"product","2":"type-product","3":"status-publish","4":"has-post-thumbnail","6":"product_cat-gdzie-moge-kupic-marihuane","7":"product_cat-kup-marihuane-sativa-online-polska","8":"product_tag-cannabispolska","9":"product_tag-cytrusowamarihuana","10":"product_tag-hitexoticsdistro","11":"product_tag-kuplemonhazemarihuana","12":"product_tag-lemonhaze","13":"product_tag-lemonskunk","14":"product_tag-order-lemon-haze-strain-aaa-small-buds-sativa-dominant-hybrid-europe","15":"product_tag-sativastrains","16":"product_tag-silverhaze","17":"product_tag-ukojeniestresu","18":"product_tag-zamowlemonhazeonline","19":"desktop-align-left","20":"tablet-align-left","21":"mobile-align-left","23":"first","24":"instock","25":"shipping-taxable","26":"purchasable","27":"product-type-variable"},"uagb_featured_image_src":{"full":["https:\/\/hitexoticsdistro.eu\/wp-content\/uploads\/2024\/10\/Lemon-Haze-Strain-AAA-Small-Buds-\u2013-Sativa-Dominant-Hybrid.webp",2048,1365,false],"thumbnail":["https:\/\/hitexoticsdistro.eu\/wp-content\/uploads\/2024\/10\/Lemon-Haze-Strain-AAA-Small-Buds-\u2013-Sativa-Dominant-Hybrid-150x150.webp",150,150,true],"medium":["https:\/\/hitexoticsdistro.eu\/wp-content\/uploads\/2024\/10\/Lemon-Haze-Strain-AAA-Small-Buds-\u2013-Sativa-Dominant-Hybrid-300x200.webp",300,200,true],"medium_large":["https:\/\/hitexoticsdistro.eu\/wp-content\/uploads\/2024\/10\/Lemon-Haze-Strain-AAA-Small-Buds-\u2013-Sativa-Dominant-Hybrid-768x512.webp",768,512,true],"large":["https:\/\/hitexoticsdistro.eu\/wp-content\/uploads\/2024\/10\/Lemon-Haze-Strain-AAA-Small-Buds-\u2013-Sativa-Dominant-Hybrid-1024x683.webp",1024,683,true],"1536x1536":["https:\/\/hitexoticsdistro.eu\/wp-content\/uploads\/2024\/10\/Lemon-Haze-Strain-AAA-Small-Buds-\u2013-Sativa-Dominant-Hybrid-1536x1024.webp",1536,1024,true],"2048x2048":["https:\/\/hitexoticsdistro.eu\/wp-content\/uploads\/2024\/10\/Lemon-Haze-Strain-AAA-Small-Buds-\u2013-Sativa-Dominant-Hybrid.webp",2048,1365,false],"trp-custom-language-flag":["https:\/\/hitexoticsdistro.eu\/wp-content\/uploads\/2024\/10\/Lemon-Haze-Strain-AAA-Small-Buds-\u2013-Sativa-Dominant-Hybrid.webp",18,12,false],"woocommerce_thumbnail":["https:\/\/hitexoticsdistro.eu\/wp-content\/uploads\/2024\/10\/Lemon-Haze-Strain-AAA-Small-Buds-\u2013-Sativa-Dominant-Hybrid-300x300.webp",300,300,true],"woocommerce_single":["https:\/\/hitexoticsdistro.eu\/wp-content\/uploads\/2024\/10\/Lemon-Haze-Strain-AAA-Small-Buds-\u2013-Sativa-Dominant-Hybrid-600x400.webp",600,400,true],"woocommerce_gallery_thumbnail":["https:\/\/hitexoticsdistro.eu\/wp-content\/uploads\/2024\/10\/Lemon-Haze-Strain-AAA-Small-Buds-\u2013-Sativa-Dominant-Hybrid-100x100.webp",100,100,true]},"uagb_author_info":{"display_name":"","author_link":"https:\/\/hitexoticsdistro.eu\/fr\/author\/"},"uagb_comment_info":0,"uagb_excerpt":"THC: 17-22%","_links":{"self":[{"href":"https:\/\/hitexoticsdistro.eu\/fr\/wp-json\/wp\/v2\/product\/377","targetHints":{"allow":["GET"]}}],"collection":[{"href":"https:\/\/hitexoticsdistro.eu\/fr\/wp-json\/wp\/v2\/product"}],"about":[{"href":"https:\/\/hitexoticsdistro.eu\/fr\/wp-json\/wp\/v2\/types\/product"}],"replies":[{"embeddable":true,"href":"https:\/\/hitexoticsdistro.eu\/fr\/wp-json\/wp\/v2\/comments?post=377"}],"wp:featuredmedia":[{"embeddable":true,"href":"https:\/\/hitexoticsdistro.eu\/fr\/wp-json\/wp\/v2\/media\/431"}],"wp:attachment":[{"href":"https:\/\/hitexoticsdistro.eu\/fr\/wp-json\/wp\/v2\/media?parent=377"}],"wp:term":[{"taxonomy":"product_brand","embeddable":true,"href":"https:\/\/hitexoticsdistro.eu\/fr\/wp-json\/wp\/v2\/product_brand?post=377"},{"taxonomy":"product_cat","embeddable":true,"href":"https:\/\/hitexoticsdistro.eu\/fr\/wp-json\/wp\/v2\/product_cat?post=377"},{"taxonomy":"product_tag","embeddable":true,"href":"https:\/\/hitexoticsdistro.eu\/fr\/wp-json\/wp\/v2\/product_tag?post=377"}],"curies":[{"name":"wp","href":"https:\/\/api.w.org\/{rel}","templated":true}]}}