{"id":356,"date":"2024-10-10T22:48:17","date_gmt":"2024-10-10T22:48:17","guid":{"rendered":"https:\/\/hitexoticsdistro.com\/?post_type=product&#038;p=356"},"modified":"2025-03-11T00:42:05","modified_gmt":"2025-03-11T00:42:05","slug":"kup-black-cherry-soda-online-europe","status":"publish","type":"product","link":"https:\/\/hitexoticsdistro.eu\/fr\/product\/kup-black-cherry-soda-online-europe\/","title":{"rendered":"Black Cherry Soda Strain"},"content":{"rendered":"<h1>Cherry Soda Strain<\/h1>\n<h2>Kup Black Cherry Soda Online Europe: Unikalne Do\u015bwiadczenie Sativa-Dominuj\u0105cej Odmiany<\/h2>\n<p>Black Cherry Soda to wyj\u0105tkowa <a href=\"https:\/\/hitexoticsdistro.eu\/fr\/product-category\/hybrydowe-odmiany-marihuany-online\/\">hybryda<\/a> sativa-dominuj\u0105ca o proporcjach 20:80 <a href=\"https:\/\/hitexoticsdistro.eu\/fr\/product-category\/kup-konopie-indyjskie-indica-online\/\">indica<\/a>\/<a href=\"https:\/\/hitexoticsdistro.eu\/fr\/product-category\/kup-marihuane-sativa-online-polska\/\">sativa<\/a>, oferuj\u0105ca u\u017cytkownikom jedyne w swoim rodzaju doznania. Dzi\u0119ki efektownemu wygl\u0105dowi, mocnym efektom i korzy\u015bciom terapeutycznym, nic dziwnego, \u017ce ta odmiana sta\u0142a si\u0119 ulubie\u0144cem mi\u0142o\u015bnik\u00f3w marihuany. Je\u015bli szukasz miejsca, gdzie mo\u017cesz <strong>kupi\u0107 Black Cherry Soda online w Europie<\/strong>, ten przewodnik dostarczy Ci wszelkich informacji, od efekt\u00f3w po unikalny profil smakowy.<\/p>\n<h3>Dlaczego warto kupi\u0107 Black Cherry Soda online w Europie?<\/h3>\n<p>Kupuj\u0105c Black Cherry Soda online w Europie od zaufanych dostawc\u00f3w, takich jak <em>Hit Exotics Distro<\/em>, masz pewno\u015b\u0107, \u017ce otrzymujesz produkt najwy\u017cszej jako\u015bci dostarczony prosto do Twoich drzwi. Dzi\u0119ki reputacji pi\u0119knych p\u0105k\u00f3w, silnych efekt\u00f3w i korzy\u015bci terapeutycznych, Black Cherry Soda to doskona\u0142y wyb\u00f3r zar\u00f3wno dla u\u017cytkownik\u00f3w rekreacyjnych, jak i medycznych. Zakupy online gwarantuj\u0105 dyskrecj\u0119, wygod\u0119 i niezawodno\u015b\u0107.<\/p>\n<h3>Wygl\u0105d Black Cherry Soda<\/h3>\n<p>Jednym z pierwszych aspekt\u00f3w, kt\u00f3ry zwraca uwag\u0119 w przypadku Black Cherry Soda, jest jej <strong>pi\u0119kny wygl\u0105d<\/strong>. P\u0105ki s\u0105 g\u0119ste, pokryte warstw\u0105 drobnych kryszta\u0142k\u00f3w i ozdobione <strong>pomara\u0144czowymi w\u0142oskami<\/strong>, kt\u00f3re dodaj\u0105 im uroku. <strong>Fioletowe odcienie<\/strong> mieszaj\u0105 si\u0119 z <strong>jasnozielonymi<\/strong>, co sprawia, \u017ce ta odmiana jest wyj\u0105tkowa i bardzo atrakcyjna wizualnie.<\/p>\n<h3>Aromat i Smak<\/h3>\n<p>Black cherry soda strain charakteryzuje si\u0119 <strong>s\u0142odkim, jagodowym aromatem<\/strong>, przypominaj\u0105cym popularn\u0105 odmian\u0119 Blue Dream. Jej <strong>ziemisty, jagodowy zapach<\/strong> jest intensywny i kusz\u0105cy. Smak r\u00f3wnie\u017c nie zawodzi, oferuj\u0105c <strong>s\u0142odki, owocowy smak<\/strong> z nutami <strong>drzewnych owoc\u00f3w<\/strong>, co sprawia, \u017ce ka\u017cdy buch to prawdziwa przyjemno\u015b\u0107. Niezale\u017cnie od tego, czy jeste\u015b koneserem smak\u00f3w, czy po prostu szukasz przyjemnego do\u015bwiadczenia, Black Cherry Soda spe\u0142ni Twoje oczekiwania.<\/p>\n<h3>Efekty i Korzy\u015bci Black Cherry Soda<\/h3>\n<p>Efekty Black cherry soda strain s\u0105 znane z tego, \u017ce s\u0105 <strong>pobudzaj\u0105ce<\/strong> i <strong>energetyzuj\u0105ce<\/strong>, mimo \u017ce dominuje w niej sativa. Odmiana ta zapewnia <strong>mocny haj umys\u0142owy<\/strong>, kt\u00f3ry stopniowo narasta, zaczynaj\u0105c od mrowienia w g\u00f3rnej cz\u0119\u015bci cia\u0142a, kt\u00f3re rozlu\u017ania ramiona i zapewnia g\u0142\u0119boki relaks. Umiarkowane u\u017cycie mo\u017ce prowadzi\u0107 do uczucia <strong>pobudzenia<\/strong>, co dodaje dodatkowego wymiaru jej efektom.<\/p>\n<p>Ze wzgl\u0119du na swoj\u0105 moc, Black Cherry Soda jest skuteczna w leczeniu wielu dolegliwo\u015bci, w tym:<\/p>\n<ul>\n<li><strong>Depresja<\/strong><\/li>\n<li><strong>L\u0119k<\/strong><\/li>\n<li><strong>Stres<\/strong><\/li>\n<li><strong>Przewlek\u0142y b\u00f3l<\/strong><\/li>\n<\/ul>\n<p>Jej zdolno\u015b\u0107 do <strong>uspokojenia umys\u0142u<\/strong>, jednocze\u015bnie utrzymuj\u0105c poziom energii, sprawia, \u017ce jest to idealny wyb\u00f3r na u\u017cycie w ci\u0105gu dnia.<\/p>\n<h3>Indica, Sativa i Zawarto\u015b\u0107 THC<\/h3>\n<p>Black Cherry Soda to <strong>sativa-dominuj\u0105ca hybryda<\/strong> z <strong>80% sativa<\/strong> i <strong>20% indica<\/strong>, co czyni j\u0105 idealnym wyborem dla os\u00f3b szukaj\u0105cych pobudzaj\u0105cego, umys\u0142owego haju bez silnych efekt\u00f3w sedatywnych charakterystycznych dla odmian indica. Zawarto\u015b\u0107 <strong>THC wynosz\u0105ca oko\u0142o 20%<\/strong> oferuje umiarkowane, ale zr\u00f3wnowa\u017cone doznania, kt\u00f3re mog\u0105 by\u0107 doceniane zar\u00f3wno przez nowicjuszy, jak i do\u015bwiadczonych u\u017cytkownik\u00f3w.<\/p>\n<h3>Kup Black Cherry Soda Online Europe Ju\u017c Teraz!<\/h3>\n<p>Je\u015bli jeste\u015b gotowy, aby cieszy\u0107 si\u0119 unikalnym smakiem, niezwyk\u0142ym wygl\u0105dem i zr\u00f3wnowa\u017conymi efektami Black cherry soda strain, nie szukaj dalej ni\u017c <em>Hit Exotics Distro<\/em>. <strong>Kup Black Cherry Soda Online Europe<\/strong> ju\u017c teraz i odkryj, dlaczego ta sativa-dominuj\u0105ca hybryda jest jedn\u0105 z najpopularniejszych odmian marihuany. Dzi\u0119ki szybkiej, dyskretnej wysy\u0142ce oraz wysokiej jako\u015bci produktom, mo\u017cesz mie\u0107 pewno\u015b\u0107, \u017ce Twoja Black Cherry <a href=\"https:\/\/biohemp.pl\/pl\/olejki-ekstrakty-cbd-cbg\/\" rel=\"nofollow noopener\" target=\"_blank\">Soda<\/a> dotrze \u015bwie\u017ca i gotowa do zapewnienia Ci niezr\u00f3wnanych dozna\u0144.<\/p>\n<h3>Najcz\u0119\u015bciej Zadawane Pytania o Black Cherry Soda<\/h3>\n<h4>Jaka jest zawarto\u015b\u0107 THC w Black Cherry Soda?<\/h4>\n<p>Black Cherry Soda zawiera zazwyczaj oko\u0142o <strong>20% THC<\/strong>, co czyni j\u0105 odmian\u0105 o umiarkowanej mocy, idealn\u0105 dla os\u00f3b szukaj\u0105cych zar\u00f3wno mentalnej, jak i fizycznej ulgi.<\/p>\n<h4>Jakie s\u0105 g\u0142\u00f3wne efekty Black Cherry Soda?<\/h4>\n<p>Ta odmiana oferuje mieszank\u0119 <strong>relaksu<\/strong> i <strong>energii<\/strong>, zapewniaj\u0105c pobudzaj\u0105cy i <strong>umys\u0142owy haj<\/strong> bez silnego uczucia senno\u015bci.<\/p>\n<h4>Czy Black Cherry Soda pomaga w l\u0119kach i stresie?<\/h4>\n<p>Tak, Black Cherry Soda jest niezwykle skuteczna w leczeniu <strong>l\u0119k\u00f3w<\/strong>, <strong>stresu<\/strong> i <strong>depresji<\/strong> dzi\u0119ki swoim podnosz\u0105cym na duchu i poprawiaj\u0105cym nastr\u00f3j efektom.<\/p>\n<h4>Jak smakuje Black Cherry Soda?<\/h4>\n<p>Posiada <strong>s\u0142odki, jagodowy smak<\/strong> z nutami <strong>drzewnych owoc\u00f3w<\/strong>, zapewniaj\u0105c przyjemne i g\u0142adkie do\u015bwiadczenie.<\/p>\n<h4>Czy Black Cherry Soda nadaje si\u0119 do u\u017cytku w ci\u0105gu dnia?<\/h4>\n<p>Tak, dzi\u0119ki pobudzaj\u0105cym i energetyzuj\u0105cym efektom, Black Cherry Soda jest doskona\u0142a na u\u017cycie w ci\u0105gu dnia, pomagaj\u0105c zachowa\u0107 koncentracj\u0119 i spok\u00f3j bez uczucia nadmiernej senno\u015bci.<\/p>\n<h3>Podsumowanie<\/h3>\n<p>Black Cherry Soda to wszechstronna odmiana, kt\u00f3ra zapewnia zar\u00f3wno ulg\u0119 psychiczn\u0105, jak i fizyczn\u0105. Dzi\u0119ki swojej sativa-dominuj\u0105cej naturze i umiarkowanej zawarto\u015bci THC oferuje zr\u00f3wnowa\u017cony, podnosz\u0105cy na duchu haj, idealny do leczenia dolegliwo\u015bci takich jak stres, l\u0119k i b\u00f3l. <strong>Kup Black Cherry Soda Online Europe<\/strong> ju\u017c dzi\u015b w <em>Hit Exotics Distro<\/em> i przekonaj si\u0119, dlaczego ta odmiana sta\u0142a si\u0119 ulubie\u0144cem mi\u0142o\u015bnik\u00f3w marihuany na ca\u0142ym \u015bwiecie.<\/p>\n<p>&nbsp;<\/p>\n<p><img loading=\"lazy\" decoding=\"async\" class=\"alignnone size-medium wp-image-1149\" src=\"https:\/\/hitexoticsdistro.eu\/wp-content\/uploads\/2024\/10\/WhatsApp-Image-2024-10-02-at-3.50.03-PM-2-300x300.jpeg\" alt=\"Gdzie bezpiecznie kupi\u0107 marihuan\u0119 online?\" width=\"300\" height=\"300\" srcset=\"https:\/\/hitexoticsdistro.eu\/wp-content\/uploads\/2024\/10\/WhatsApp-Image-2024-10-02-at-3.50.03-PM-2-300x300.jpeg 300w, https:\/\/hitexoticsdistro.eu\/wp-content\/uploads\/2024\/10\/WhatsApp-Image-2024-10-02-at-3.50.03-PM-2-150x150.jpeg 150w, https:\/\/hitexoticsdistro.eu\/wp-content\/uploads\/2024\/10\/WhatsApp-Image-2024-10-02-at-3.50.03-PM-2-600x600.jpeg 600w, https:\/\/hitexoticsdistro.eu\/wp-content\/uploads\/2024\/10\/WhatsApp-Image-2024-10-02-at-3.50.03-PM-2-100x100.jpeg 100w, https:\/\/hitexoticsdistro.eu\/wp-content\/uploads\/2024\/10\/WhatsApp-Image-2024-10-02-at-3.50.03-PM-2.jpeg 640w\" sizes=\"auto, (max-width: 300px) 100vw, 300px\" \/><\/p>","protected":false},"excerpt":{"rendered":"<p>Cherry Soda Strain Kup Black Cherry Soda Online Europe: Unikalne Do\u015bwiadczenie Sativa-Dominuj\u0105cej Odmiany Black Cherry Soda to wyj\u0105tkowa hybryda sativa-dominuj\u0105ca [&hellip;]<\/p>\n","protected":false},"featured_media":407,"comment_status":"closed","ping_status":"closed","template":"","meta":{"_surecart_dashboard_logo_width":"180px","_surecart_dashboard_show_logo":true,"_surecart_dashboard_navigation_orders":true,"_surecart_dashboard_navigation_invoices":true,"_surecart_dashboard_navigation_subscriptions":true,"_surecart_dashboard_navigation_downloads":true,"_surecart_dashboard_navigation_billing":true,"_surecart_dashboard_navigation_account":true,"_uag_custom_page_level_css":"","site-sidebar-layout":"default","site-content-layout":"","ast-site-content-layout":"default","site-content-style":"default","site-sidebar-style":"default","ast-global-header-display":"","ast-banner-title-visibility":"","ast-main-header-display":"","ast-hfb-above-header-display":"","ast-hfb-below-header-display":"","ast-hfb-mobile-header-display":"","site-post-title":"","ast-breadcrumbs-content":"","ast-featured-img":"","footer-sml-layout":"","theme-transparent-header-meta":"default","adv-header-id-meta":"","stick-header-meta":"","header-above-stick-meta":"","header-main-stick-meta":"","header-below-stick-meta":"","astra-migrate-meta-layouts":"set","ast-page-background-enabled":"default","ast-page-background-meta":{"desktop":{"background-color":"var(--ast-global-color-4)","background-image":"","background-repeat":"repeat","background-position":"center center","background-size":"auto","background-attachment":"scroll","background-type":"","background-media":"","overlay-type":"","overlay-color":"","overlay-opacity":"","overlay-gradient":""},"tablet":{"background-color":"","background-image":"","background-repeat":"repeat","background-position":"center center","background-size":"auto","background-attachment":"scroll","background-type":"","background-media":"","overlay-type":"","overlay-color":"","overlay-opacity":"","overlay-gradient":""},"mobile":{"background-color":"","background-image":"","background-repeat":"repeat","background-position":"center center","background-size":"auto","background-attachment":"scroll","background-type":"","background-media":"","overlay-type":"","overlay-color":"","overlay-opacity":"","overlay-gradient":""}},"ast-content-background-meta":{"desktop":{"background-color":"var(--ast-global-color-5)","background-image":"","background-repeat":"repeat","background-position":"center center","background-size":"auto","background-attachment":"scroll","background-type":"","background-media":"","overlay-type":"","overlay-color":"","overlay-opacity":"","overlay-gradient":""},"tablet":{"background-color":"var(--ast-global-color-5)","background-image":"","background-repeat":"repeat","background-position":"center center","background-size":"auto","background-attachment":"scroll","background-type":"","background-media":"","overlay-type":"","overlay-color":"","overlay-opacity":"","overlay-gradient":""},"mobile":{"background-color":"var(--ast-global-color-5)","background-image":"","background-repeat":"repeat","background-position":"center center","background-size":"auto","background-attachment":"scroll","background-type":"","background-media":"","overlay-type":"","overlay-color":"","overlay-opacity":"","overlay-gradient":""}}},"product_brand":[],"product_cat":[61,56],"product_tag":[85,708,551,710,709,713,660,712,711],"class_list":{"0":"post-356","1":"product","2":"type-product","3":"status-publish","4":"has-post-thumbnail","6":"product_cat-hybrydowe-odmiany-marihuany-online","7":"product_cat-gdzie-moge-kupic-marihuane","8":"product_tag-black-cherry-soda-hybrid-flower-europe","9":"product_tag-blackcherrysoda","10":"product_tag-hitexoticsdistro","11":"product_tag-konopieeuropa","12":"product_tag-kupblackcherrysodaonline","13":"product_tag-kupkonopieonlineeuropa","14":"product_tag-marihuananalek","15":"product_tag-sativadominujacekonopie","16":"product_tag-sativaodmiany","17":"desktop-align-left","18":"tablet-align-left","19":"mobile-align-left","21":"first","22":"instock","23":"shipping-taxable","24":"purchasable","25":"product-type-variable"},"uagb_featured_image_src":{"full":["https:\/\/hitexoticsdistro.eu\/wp-content\/uploads\/2024\/10\/Black-Cherry-Soda-Hybrid-Flower.webp",2048,1365,false],"thumbnail":["https:\/\/hitexoticsdistro.eu\/wp-content\/uploads\/2024\/10\/Black-Cherry-Soda-Hybrid-Flower-150x150.webp",150,150,true],"medium":["https:\/\/hitexoticsdistro.eu\/wp-content\/uploads\/2024\/10\/Black-Cherry-Soda-Hybrid-Flower-300x200.webp",300,200,true],"medium_large":["https:\/\/hitexoticsdistro.eu\/wp-content\/uploads\/2024\/10\/Black-Cherry-Soda-Hybrid-Flower-768x512.webp",768,512,true],"large":["https:\/\/hitexoticsdistro.eu\/wp-content\/uploads\/2024\/10\/Black-Cherry-Soda-Hybrid-Flower-1024x683.webp",1024,683,true],"1536x1536":["https:\/\/hitexoticsdistro.eu\/wp-content\/uploads\/2024\/10\/Black-Cherry-Soda-Hybrid-Flower-1536x1024.webp",1536,1024,true],"2048x2048":["https:\/\/hitexoticsdistro.eu\/wp-content\/uploads\/2024\/10\/Black-Cherry-Soda-Hybrid-Flower.webp",2048,1365,false],"trp-custom-language-flag":["https:\/\/hitexoticsdistro.eu\/wp-content\/uploads\/2024\/10\/Black-Cherry-Soda-Hybrid-Flower.webp",18,12,false],"woocommerce_thumbnail":["https:\/\/hitexoticsdistro.eu\/wp-content\/uploads\/2024\/10\/Black-Cherry-Soda-Hybrid-Flower-300x300.webp",300,300,true],"woocommerce_single":["https:\/\/hitexoticsdistro.eu\/wp-content\/uploads\/2024\/10\/Black-Cherry-Soda-Hybrid-Flower-600x400.webp",600,400,true],"woocommerce_gallery_thumbnail":["https:\/\/hitexoticsdistro.eu\/wp-content\/uploads\/2024\/10\/Black-Cherry-Soda-Hybrid-Flower-100x100.webp",100,100,true]},"uagb_author_info":{"display_name":"","author_link":"https:\/\/hitexoticsdistro.eu\/fr\/author\/"},"uagb_comment_info":0,"uagb_excerpt":"Cherry Soda Strain Kup Black Cherry Soda Online Europe: Unikalne Do\u015bwiadczenie Sativa-Dominuj\u0105cej Odmiany Black Cherry Soda to wyj\u0105tkowa hybryda sativa-dominuj\u0105ca [&hellip;]","_links":{"self":[{"href":"https:\/\/hitexoticsdistro.eu\/fr\/wp-json\/wp\/v2\/product\/356","targetHints":{"allow":["GET"]}}],"collection":[{"href":"https:\/\/hitexoticsdistro.eu\/fr\/wp-json\/wp\/v2\/product"}],"about":[{"href":"https:\/\/hitexoticsdistro.eu\/fr\/wp-json\/wp\/v2\/types\/product"}],"replies":[{"embeddable":true,"href":"https:\/\/hitexoticsdistro.eu\/fr\/wp-json\/wp\/v2\/comments?post=356"}],"wp:featuredmedia":[{"embeddable":true,"href":"https:\/\/hitexoticsdistro.eu\/fr\/wp-json\/wp\/v2\/media\/407"}],"wp:attachment":[{"href":"https:\/\/hitexoticsdistro.eu\/fr\/wp-json\/wp\/v2\/media?parent=356"}],"wp:term":[{"taxonomy":"product_brand","embeddable":true,"href":"https:\/\/hitexoticsdistro.eu\/fr\/wp-json\/wp\/v2\/product_brand?post=356"},{"taxonomy":"product_cat","embeddable":true,"href":"https:\/\/hitexoticsdistro.eu\/fr\/wp-json\/wp\/v2\/product_cat?post=356"},{"taxonomy":"product_tag","embeddable":true,"href":"https:\/\/hitexoticsdistro.eu\/fr\/wp-json\/wp\/v2\/product_tag?post=356"}],"curies":[{"name":"wp","href":"https:\/\/api.w.org\/{rel}","templated":true}]}}