{"id":335,"date":"2024-10-10T22:47:54","date_gmt":"2024-10-10T22:47:54","guid":{"rendered":"https:\/\/hitexoticsdistro.com\/?post_type=product&#038;p=335"},"modified":"2024-10-26T23:53:53","modified_gmt":"2024-10-26T23:53:53","slug":"jak-zamowic-kali-mist-marihuana","status":"publish","type":"product","link":"https:\/\/hitexoticsdistro.eu\/fr\/product\/jak-zamowic-kali-mist-marihuana\/","title":{"rendered":"Kali Mist"},"content":{"rendered":"<h2>Jak zam\u00f3wi\u0107 Kali Mist Marihuana<\/h2>\n<p>Kali Mist to dominuj\u0105ca <a href=\"https:\/\/hitexoticsdistro.eu\/fr\/product-category\/kup-marihuane-sativa-online-polska\/\">sativa<\/a> hybryda, kt\u00f3ra sta\u0142a si\u0119 ulubie\u0144cem w\u015br\u00f3d tw\u00f3rczych dusz, praktykuj\u0105cych jog\u0119 i okazjonalnych u\u017cytkownik\u00f3w. Dzi\u0119ki unikalnej r\u00f3wnowadze energii, skupienia i kreatywno\u015bci, ta odmiana znalaz\u0142a swoje miejsce w spo\u0142eczno\u015bci konopi jako idealny wyb\u00f3r dla tych, kt\u00f3rzy szukaj\u0105 klarowno\u015bci umys\u0142u bez przyt\u0142aczaj\u0105cych efekt\u00f3w fizycznych. Zawieraj\u0105c oko\u0142o 15% THC i 1% CBD, Kali Mist zapewnia klarowny haj, kt\u00f3ry wspiera produktywno\u015b\u0107 i kreatywno\u015b\u0107, jednocze\u015bnie utrzymuj\u0105c ci\u0119 pe\u0142nym energii i relaksu. Niezale\u017cnie od tego, czy jeste\u015b artyst\u0105, pisarzem, czy po prostu szukasz inspiruj\u0105cej sesji, Kali Mist mo\u017ce by\u0107 Twoj\u0105 now\u0105 ulubion\u0105 odmian\u0105.<\/p>\n<h3>Dlaczego warto wybra\u0107 Kali Mist?<\/h3>\n<p>Je\u015bli szukasz odmiany, kt\u00f3ra wspomaga kreatywno\u015b\u0107, poprawia skupienie i podnosi nastr\u00f3j, Kali Mist dostarcza na wszystkich frontach. Jej kombinacja klarowno\u015bci umys\u0142u i g\u0142adkich, zr\u00f3wnowa\u017conych efekt\u00f3w sprawia, \u017ce jest doskona\u0142ym wyborem zar\u00f3wno do rekreacyjnego, jak i terapeutycznego u\u017cytku. Dodatkowo, zdoby\u0142a wiele nagr\u00f3d za sw\u00f3j unikalny profil i jako\u015b\u0107. Niezale\u017cnie od tego, czy zmagasz si\u0119 ze stresem, zm\u0119czeniem, czy po prostu szukasz motywacji, ta odmiana oferuje przyjemne do\u015bwiadczenie, kt\u00f3re utrzymuje tw\u00f3j umys\u0142 w ostrym stanie bez os\u0142abienia cia\u0142a.<\/p>\n<h3>Jak zam\u00f3wi\u0107 Kali Mist Marihuan\u0119 Online<\/h3>\n<p>Je\u015bli zastanawiasz si\u0119, <strong>jak zam\u00f3wi\u0107 Kali Mist marihuan\u0119<\/strong>, to jest to proste. W <em>Hit Exotics Distro<\/em> oferujemy prosty i bezpieczny spos\u00f3b zakupu tej wysokiej jako\u015bci odmiany online. Nasz sklep gwarantuje \u015bwie\u017c\u0105, mocn\u0105 Kali Mist, dostarczon\u0105 dyskretnie prosto pod Twoje drzwi. Zakupy online zapewniaj\u0105 dost\u0119p do zaufanych dostawc\u00f3w i gwarancj\u0119 produktu starannie wyselekcjonowanego pod k\u0105tem jako\u015bci i satysfakcji.<\/p>\n<h4>Kroki, aby zam\u00f3wi\u0107 Kali Mist Marihuan\u0119:<\/h4>\n<ol>\n<li>Odwied\u017a <a href=\"https:\/\/hitexoticsdistro.eu\/fr\/\" target=\"_new\" rel=\"noopener\">Hit Exotics Distro<\/a> i przegl\u0105daj nasz\u0105 ofert\u0119 premium odmian konopi.<\/li>\n<li>Wybierz <strong>Kali Mist<\/strong> z naszego katalogu.<\/li>\n<li>Dodaj produkt do koszyka i przejd\u017a do procesu p\u0142atno\u015bci.<\/li>\n<li>Wybierz preferowan\u0105 opcj\u0119 dostawy, a my zajmiemy si\u0119 reszt\u0105!<\/li>\n<\/ol>\n<p>Zaledwie kilka klikni\u0119\u0107 dzieli Ci\u0119 od do\u015bwiadczenia klarowno\u015bci umys\u0142u i kreatywno\u015bci, jakie oferuje Kali Mist. Nie zwlekaj\u2014zam\u00f3w teraz i podnie\u015b swoje do\u015bwiadczenia z konopiami na wy\u017cszy poziom z t\u0105 wielokrotnie nagradzan\u0105 odmian\u0105.<\/p>\n<h2>Efekty i Korzy\u015bci Kali Mist<\/h2>\n<p>Kali Mist s\u0142ynie z <strong>energetyzuj\u0105cych, tw\u00f3rczych i poprawiaj\u0105cych skupienie<\/strong> efekt\u00f3w. Ta hybryda z dominacj\u0105 sativy sta\u0142a si\u0119 ulubie\u0144cem tych, kt\u00f3rzy szukaj\u0105 stymulacji umys\u0142owej i klarowno\u015bci. Dzi\u0119ki zr\u00f3wnowa\u017conemu poziomowi THC wynosz\u0105cemu 15% oferuje haj, kt\u00f3ry promuje produktywno\u015b\u0107 i kreatywno\u015b\u0107 bez uczucia ospa\u0142o\u015bci zwi\u0105zanego z silniejszymi odmianami. Jej efekty czyni\u0105 j\u0105 idealnym wyborem dla artyst\u00f3w, pisarzy i tych, kt\u00f3rzy lubi\u0105 anga\u017cowa\u0107 si\u0119 w \u015bwiadome aktywno\u015bci, takie jak joga.<\/p>\n<ul>\n<li><strong>Zwi\u0119kszona Kreatywno\u015b\u0107<\/strong>: Kali Mist ostrzy umys\u0142, pozwalaj\u0105c na \u0142atwy przep\u0142yw tw\u00f3rczych pomys\u0142\u00f3w.<\/li>\n<li><strong>Skupienie Umys\u0142owe<\/strong>: Ta odmiana pomaga utrzyma\u0107 koncentracj\u0119, co czyni j\u0105 idealn\u0105 do pracy lub hobby wymagaj\u0105cych skupienia.<\/li>\n<li><strong>Podnosz\u0105cy nastr\u00f3j<\/strong>: Oczekuj poczucia szcz\u0119\u015bcia, motywacji i inspiracji przez ca\u0142y czas trwania sesji.<\/li>\n<\/ul>\n<h3>Korzy\u015bci Medyczne Kali Mist<\/h3>\n<p>Kali Mist to nie tylko kreatywno\u015b\u0107 i skupienie\u2014ma r\u00f3wnie\u017c w\u0142a\u015bciwo\u015bci terapeutyczne, kt\u00f3re mog\u0105 pom\u00f3c w \u0142agodzeniu r\u00f3\u017cnych dolegliwo\u015bci. Wielu u\u017cytkownik\u00f3w si\u0119ga po t\u0119 odmian\u0119 w celu z\u0142agodzenia dyskomfortu zar\u00f3wno psychicznego, jak i fizycznego. Do najcz\u0119stszych schorze\u0144, kt\u00f3re mo\u017ce pom\u00f3c z\u0142agodzi\u0107 Kali Mist, nale\u017c\u0105:<\/p>\n<ul>\n<li><strong>Przewlek\u0142y B\u00f3l<\/strong>: Jej g\u0142adkie, podnosz\u0105ce efekty pomagaj\u0105 zarz\u0105dza\u0107 b\u00f3lem bez intensywnych efekt\u00f3w fizycznych.<\/li>\n<li><strong>Zm\u0119czenie<\/strong>: Energizuj\u0105ce w\u0142a\u015bciwo\u015bci czyni\u0105 j\u0105 doskona\u0142\u0105 opcj\u0105 dla os\u00f3b cierpi\u0105cych na niski poziom energii lub chroniczne zm\u0119czenie.<\/li>\n<li><strong>Stres i PTSD<\/strong>: Koj\u0105ce efekty umys\u0142owe Kali Mist \u0142agodz\u0105 stres, l\u0119ki i objawy zwi\u0105zane z PTSD.<\/li>\n<li><strong>Artretyzm i Skurcze<\/strong>: W\u0142a\u015bciwo\u015bci przeciwzapalne tej odmiany mog\u0105 pom\u00f3c w zmniejszeniu b\u00f3lu i dyskomfortu zwi\u0105zanego z tymi dolegliwo\u015bciami.<\/li>\n<li><strong>Utrata apetytu<\/strong>: Dla os\u00f3b borykaj\u0105cych si\u0119 z problemami z jedzeniem, Kali Mist mo\u017ce pom\u00f3c pobudzi\u0107 g\u0142\u00f3d.<\/li>\n<\/ul>\n<h2>Smaki i Aromaty Kali Mist<\/h2>\n<p>Profil smakowy Kali Mist jest r\u00f3wnie atrakcyjny, co jej efekty. Oferuje <strong>s\u0142odki, cytrusowy smak<\/strong> z nutami <strong>zio\u0142owymi i sosnowymi<\/strong>, co sprawia, \u017ce ka\u017cda inhalacja jest orze\u017awiaj\u0105cym do\u015bwiadczeniem. Aromat tej odmiany jest r\u00f3wnie przyjemny, z <strong>ziemistym, zio\u0142owym<\/strong> zapachem, kt\u00f3remu towarzysz\u0105 nuty <strong>sosny i przypraw<\/strong>. Razem smaki i aromaty tworz\u0105 g\u0142adkie, przyjemne do\u015bwiadczenie palenia lub waporyzacji, kt\u00f3re d\u0142ugo pozostaje na podniebieniu.<\/p>\n<h3>Smaki:<\/h3>\n<ul>\n<li>Cytrusowy<\/li>\n<li>Zio\u0142owy<\/li>\n<li>Sosnowy<\/li>\n<li>Skunky<\/li>\n<li>S\u0142odki<\/li>\n<\/ul>\n<h3>Aromaty:<\/h3>\n<ul>\n<li>Ziemisty<\/li>\n<li>Zio\u0142owy<\/li>\n<li>Sosnowy<\/li>\n<li>Pikantny<\/li>\n<li>S\u0142odki<\/li>\n<\/ul>\n<h2>Cz\u0119sto Zadawane Pytania o Kali Mist<\/h2>\n<h3>Ile THC zawiera Kali Mist?<\/h3>\n<p>Kali Mist zazwyczaj zawiera oko\u0142o 15% THC, co czyni j\u0105 \u0142agodn\u0105 <a href=\"https:\/\/biohemp.pl\/pl\/olejki-ekstrakty-cbd-cbg\/\" rel=\"nofollow noopener\" target=\"_blank\">odmian\u0105<\/a> idealn\u0105 dla codziennego u\u017cytku. Zr\u00f3wnowa\u017cony poziom THC oferuje klarowny haj bez przyt\u0142aczaj\u0105cych efekt\u00f3w.<\/p>\n<h3>Jakie s\u0105 g\u0142\u00f3wne efekty Kali Mist?<\/h3>\n<p>Kali Mist s\u0142ynie z <strong>tw\u00f3rczych, energetyzuj\u0105cych i poprawiaj\u0105cych koncentracj\u0119<\/strong> efekt\u00f3w. Wyostrza umys\u0142, podnosi nastr\u00f3j i pozostawia u\u017cytkownik\u00f3w zmotywowanych i zainspirowanych.<\/p>\n<h3>Czy Kali Mist jest dobra do cel\u00f3w medycznych?<\/h3>\n<p>Tak, Kali Mist oferuje szereg korzy\u015bci medycznych. Mo\u017ce pom\u00f3c z\u0142agodzi\u0107 przewlek\u0142y b\u00f3l, stres, zm\u0119czenie oraz utrat\u0119 apetytu, co czyni j\u0105 odpowiedni\u0105 do u\u017cytku terapeutycznego.<\/p>\n<h3>Czy mog\u0119 u\u017cywa\u0107 Kali Mist w ci\u0105gu dnia?<\/h3>\n<p>Oczywi\u015bcie! Dzi\u0119ki <strong>energetyzuj\u0105cym i poprawiaj\u0105cym skupienie<\/strong> w\u0142a\u015bciwo\u015bciom, Kali Mist jest idealn\u0105 odmian\u0105 do u\u017cytku w ci\u0105gu dnia. Niezale\u017cnie od tego, czy pracujesz, tworzysz sztuk\u0119, czy anga\u017cujesz si\u0119 w \u015bwiadome aktywno\u015bci, ta odmiana utrzymuje ci\u0119 w stanie gotowo\u015bci i koncentracji.<\/p>\n<h3>Jak smakuje Kali Mist?<\/h3>\n<p>Kali Mist ma pyszny profil smakowy, kt\u00f3ry obejmuje <strong>cytrusowe, zio\u0142owe, sosnowe i s\u0142odkie<\/strong> nuty. Jej g\u0142adki smak sprawia, \u017ce palenie lub waporyzacja to prawdziwa przyjemno\u015b\u0107.<\/p>\n<h2>Podsumowanie<\/h2>\n<p>Kali Mist to idealna odmiana dla tych, kt\u00f3rzy szukaj\u0105 klarowno\u015bci umys\u0142u, kreatywno\u015bci i skupienia. Jej energetyzuj\u0105ce efekty sprawiaj\u0105, \u017ce jest idealna do u\u017cytku w ci\u0105gu dnia, a zr\u00f3wnowa\u017cony poziom THC zapewnia g\u0142adki, przyjemny haj. Niezale\u017cnie od tego, czy jeste\u015b artyst\u0105, pisarzem, czy po prostu szukasz odmiany, kt\u00f3ra wspiera produktywno\u015b\u0107 i relaks, Kali Mist jest idealnym wyborem. <strong>Jak zam\u00f3wi\u0107 Kali Mist marihuan\u0119<\/strong>? Odwied\u017a <a href=\"https:\/\/hitexoticsdistro.eu\/fr\/\" target=\"_new\" rel=\"noopener\">Hit Exotics Distro<\/a> ju\u017c dzi\u015b i zam\u00f3w t\u0119 wielokrotnie nagradzan\u0105 odmian\u0119, dostarczon\u0105 dyskretnie prosto do twoich drzwi.<\/p>\n<h3>Call to Action:<\/h3>\n<p>Nie przegap kreatywnego impulsu i relaksu, jakie oferuje Kali Mist! <strong>Zam\u00f3w Kali Mist Marihuan\u0119<\/strong> online ju\u017c teraz i do\u015bwiadcz magii tej niesamowitej odmiany na w\u0142asnej sk\u00f3rze.<\/p>\n<p>&nbsp;<\/p>\n<p>&nbsp;<\/p>\n<p><img loading=\"lazy\" decoding=\"async\" class=\"alignnone size-medium wp-image-1149\" src=\"https:\/\/hitexoticsdistro.eu\/wp-content\/uploads\/2024\/10\/WhatsApp-Image-2024-10-02-at-3.50.03-PM-2-300x300.jpeg\" alt=\"Gdzie bezpiecznie kupi\u0107 marihuan\u0119 online?\" width=\"300\" height=\"300\" srcset=\"https:\/\/hitexoticsdistro.eu\/wp-content\/uploads\/2024\/10\/WhatsApp-Image-2024-10-02-at-3.50.03-PM-2-300x300.jpeg 300w, https:\/\/hitexoticsdistro.eu\/wp-content\/uploads\/2024\/10\/WhatsApp-Image-2024-10-02-at-3.50.03-PM-2-150x150.jpeg 150w, https:\/\/hitexoticsdistro.eu\/wp-content\/uploads\/2024\/10\/WhatsApp-Image-2024-10-02-at-3.50.03-PM-2-600x600.jpeg 600w, https:\/\/hitexoticsdistro.eu\/wp-content\/uploads\/2024\/10\/WhatsApp-Image-2024-10-02-at-3.50.03-PM-2-100x100.jpeg 100w, https:\/\/hitexoticsdistro.eu\/wp-content\/uploads\/2024\/10\/WhatsApp-Image-2024-10-02-at-3.50.03-PM-2.jpeg 640w\" sizes=\"auto, (max-width: 300px) 100vw, 300px\" \/><\/p>","protected":false},"excerpt":{"rendered":"<p>Jak zam\u00f3wi\u0107 Kali Mist Marihuana Kali Mist to dominuj\u0105ca sativa hybryda, kt\u00f3ra sta\u0142a si\u0119 ulubie\u0144cem w\u015br\u00f3d tw\u00f3rczych dusz, praktykuj\u0105cych jog\u0119 [&hellip;]<\/p>\n","protected":false},"featured_media":393,"comment_status":"closed","ping_status":"closed","template":"","meta":{"_surecart_dashboard_logo_width":"180px","_surecart_dashboard_show_logo":true,"_surecart_dashboard_navigation_orders":true,"_surecart_dashboard_navigation_invoices":true,"_surecart_dashboard_navigation_subscriptions":true,"_surecart_dashboard_navigation_downloads":true,"_surecart_dashboard_navigation_billing":true,"_surecart_dashboard_navigation_account":true,"_uag_custom_page_level_css":"","site-sidebar-layout":"default","site-content-layout":"","ast-site-content-layout":"default","site-content-style":"default","site-sidebar-style":"default","ast-global-header-display":"","ast-banner-title-visibility":"","ast-main-header-display":"","ast-hfb-above-header-display":"","ast-hfb-below-header-display":"","ast-hfb-mobile-header-display":"","site-post-title":"","ast-breadcrumbs-content":"","ast-featured-img":"","footer-sml-layout":"","theme-transparent-header-meta":"default","adv-header-id-meta":"","stick-header-meta":"","header-above-stick-meta":"","header-main-stick-meta":"","header-below-stick-meta":"","astra-migrate-meta-layouts":"set","ast-page-background-enabled":"default","ast-page-background-meta":{"desktop":{"background-color":"var(--ast-global-color-4)","background-image":"","background-repeat":"repeat","background-position":"center center","background-size":"auto","background-attachment":"scroll","background-type":"","background-media":"","overlay-type":"","overlay-color":"","overlay-opacity":"","overlay-gradient":""},"tablet":{"background-color":"","background-image":"","background-repeat":"repeat","background-position":"center center","background-size":"auto","background-attachment":"scroll","background-type":"","background-media":"","overlay-type":"","overlay-color":"","overlay-opacity":"","overlay-gradient":""},"mobile":{"background-color":"","background-image":"","background-repeat":"repeat","background-position":"center center","background-size":"auto","background-attachment":"scroll","background-type":"","background-media":"","overlay-type":"","overlay-color":"","overlay-opacity":"","overlay-gradient":""}},"ast-content-background-meta":{"desktop":{"background-color":"var(--ast-global-color-5)","background-image":"","background-repeat":"repeat","background-position":"center center","background-size":"auto","background-attachment":"scroll","background-type":"","background-media":"","overlay-type":"","overlay-color":"","overlay-opacity":"","overlay-gradient":""},"tablet":{"background-color":"var(--ast-global-color-5)","background-image":"","background-repeat":"repeat","background-position":"center center","background-size":"auto","background-attachment":"scroll","background-type":"","background-media":"","overlay-type":"","overlay-color":"","overlay-opacity":"","overlay-gradient":""},"mobile":{"background-color":"var(--ast-global-color-5)","background-image":"","background-repeat":"repeat","background-position":"center center","background-size":"auto","background-attachment":"scroll","background-type":"","background-media":"","overlay-type":"","overlay-color":"","overlay-opacity":"","overlay-gradient":""}}},"product_brand":[],"product_cat":[56,57],"product_tag":[551,648,644,649,647,78,578,646,645],"class_list":{"0":"post-335","1":"product","2":"type-product","3":"status-publish","4":"has-post-thumbnail","6":"product_cat-gdzie-moge-kupic-marihuane","7":"product_cat-kup-marihuane-sativa-online-polska","8":"product_tag-hitexoticsdistro","9":"product_tag-jakzamowickalimistmarihuana","10":"product_tag-kalimist","11":"product_tag-konopiedlakreatywnosci","12":"product_tag-kupkalimist","13":"product_tag-order-kali-mist-strain-aaa-small-buds-sativa-europe","14":"product_tag-sativahybrid","15":"product_tag-tworczekonopie","16":"product_tag-zamowkalimistonline","17":"desktop-align-left","18":"tablet-align-left","19":"mobile-align-left","21":"first","22":"instock","23":"shipping-taxable","24":"purchasable","25":"product-type-variable"},"uagb_featured_image_src":{"full":["https:\/\/hitexoticsdistro.eu\/wp-content\/uploads\/2024\/10\/Kali-Mist-Strain-AAA-Small-Buds-\u2013-Sativa.webp",2048,1365,false],"thumbnail":["https:\/\/hitexoticsdistro.eu\/wp-content\/uploads\/2024\/10\/Kali-Mist-Strain-AAA-Small-Buds-\u2013-Sativa-150x150.webp",150,150,true],"medium":["https:\/\/hitexoticsdistro.eu\/wp-content\/uploads\/2024\/10\/Kali-Mist-Strain-AAA-Small-Buds-\u2013-Sativa-300x200.webp",300,200,true],"medium_large":["https:\/\/hitexoticsdistro.eu\/wp-content\/uploads\/2024\/10\/Kali-Mist-Strain-AAA-Small-Buds-\u2013-Sativa-768x512.webp",768,512,true],"large":["https:\/\/hitexoticsdistro.eu\/wp-content\/uploads\/2024\/10\/Kali-Mist-Strain-AAA-Small-Buds-\u2013-Sativa-1024x683.webp",1024,683,true],"1536x1536":["https:\/\/hitexoticsdistro.eu\/wp-content\/uploads\/2024\/10\/Kali-Mist-Strain-AAA-Small-Buds-\u2013-Sativa-1536x1024.webp",1536,1024,true],"2048x2048":["https:\/\/hitexoticsdistro.eu\/wp-content\/uploads\/2024\/10\/Kali-Mist-Strain-AAA-Small-Buds-\u2013-Sativa.webp",2048,1365,false],"trp-custom-language-flag":["https:\/\/hitexoticsdistro.eu\/wp-content\/uploads\/2024\/10\/Kali-Mist-Strain-AAA-Small-Buds-\u2013-Sativa.webp",18,12,false],"woocommerce_thumbnail":["https:\/\/hitexoticsdistro.eu\/wp-content\/uploads\/2024\/10\/Kali-Mist-Strain-AAA-Small-Buds-\u2013-Sativa-300x300.webp",300,300,true],"woocommerce_single":["https:\/\/hitexoticsdistro.eu\/wp-content\/uploads\/2024\/10\/Kali-Mist-Strain-AAA-Small-Buds-\u2013-Sativa-600x400.webp",600,400,true],"woocommerce_gallery_thumbnail":["https:\/\/hitexoticsdistro.eu\/wp-content\/uploads\/2024\/10\/Kali-Mist-Strain-AAA-Small-Buds-\u2013-Sativa-100x100.webp",100,100,true]},"uagb_author_info":{"display_name":"","author_link":"https:\/\/hitexoticsdistro.eu\/fr\/author\/"},"uagb_comment_info":0,"uagb_excerpt":"Jak zam\u00f3wi\u0107 Kali Mist Marihuana Kali Mist to dominuj\u0105ca sativa hybryda, kt\u00f3ra sta\u0142a si\u0119 ulubie\u0144cem w\u015br\u00f3d tw\u00f3rczych dusz, praktykuj\u0105cych jog\u0119 [&hellip;]","_links":{"self":[{"href":"https:\/\/hitexoticsdistro.eu\/fr\/wp-json\/wp\/v2\/product\/335","targetHints":{"allow":["GET"]}}],"collection":[{"href":"https:\/\/hitexoticsdistro.eu\/fr\/wp-json\/wp\/v2\/product"}],"about":[{"href":"https:\/\/hitexoticsdistro.eu\/fr\/wp-json\/wp\/v2\/types\/product"}],"replies":[{"embeddable":true,"href":"https:\/\/hitexoticsdistro.eu\/fr\/wp-json\/wp\/v2\/comments?post=335"}],"wp:featuredmedia":[{"embeddable":true,"href":"https:\/\/hitexoticsdistro.eu\/fr\/wp-json\/wp\/v2\/media\/393"}],"wp:attachment":[{"href":"https:\/\/hitexoticsdistro.eu\/fr\/wp-json\/wp\/v2\/media?parent=335"}],"wp:term":[{"taxonomy":"product_brand","embeddable":true,"href":"https:\/\/hitexoticsdistro.eu\/fr\/wp-json\/wp\/v2\/product_brand?post=335"},{"taxonomy":"product_cat","embeddable":true,"href":"https:\/\/hitexoticsdistro.eu\/fr\/wp-json\/wp\/v2\/product_cat?post=335"},{"taxonomy":"product_tag","embeddable":true,"href":"https:\/\/hitexoticsdistro.eu\/fr\/wp-json\/wp\/v2\/product_tag?post=335"}],"curies":[{"name":"wp","href":"https:\/\/api.w.org\/{rel}","templated":true}]}}