{"id":3174,"date":"2025-08-05T02:17:17","date_gmt":"2025-08-05T02:17:17","guid":{"rendered":"https:\/\/hitexoticsdistro.eu\/?post_type=product&#038;p=3174"},"modified":"2025-08-05T02:28:03","modified_gmt":"2025-08-05T02:28:03","slug":"kup-odmiane-konopi-jack-herer","status":"publish","type":"product","link":"https:\/\/hitexoticsdistro.eu\/fr\/product\/kup-odmiane-konopi-jack-herer\/","title":{"rendered":"Jack Herer"},"content":{"rendered":"<h2>Kup odmian\u0119 konopi Jack Herer<\/h2>\n<p>&nbsp;<\/p>\n<h3>Szybkie fakty<\/h3>\n<p>Hybryda z dominacj\u0105 Sativy &#8211; 20% <a href=\"https:\/\/hitexoticsdistro.eu\/fr\/product-category\/kup-konopie-indyjskie-indica-online\/\">Indica<\/a> \/ 80% <a href=\"https:\/\/hitexoticsdistro.eu\/fr\/product-category\/kup-marihuane-sativa-online-polska\/\">Sativa<\/a><\/p>\n<p>THC: 20-24%<\/p>\n<p>Krzy\u017c\u00f3wka klasycznych odmian Haze, Northern Lights i Shiva Skunk<\/p>\n<h3>Smak<\/h3>\n<p>Jack Herer ma kusz\u0105cy i uwodzicielski wygl\u0105d, powiniene\u015b go pow\u0105cha\u0107. Odmiana ta charakteryzuje sie ostrym, cytrusowym aromatem z glebokim i bogatym posmakiem, kt\u00f3ry staje sie jeszcze mocniejszy po zlamaniu i rozdrobnieniu szczytu. Pomimo 20% zawarto\u015bci Indica, Jack Herer nie jest ostry ani ostry, a zamiast tego ma g\u0142adki, zio\u0142owy i pieprzny smak na wydechu. W rezultacie Jack Herer to \u015bwietna odmiana zar\u00f3wno dla nowych, jak i do\u015bwiadczonych u\u017cytkownik\u00f3w, stanowi\u0105ca prawdziw\u0105 rozkosz dla kubk\u00f3w smakowych.<\/p>\n<p><img loading=\"lazy\" decoding=\"async\" class=\"alignnone size-medium wp-image-3179\" src=\"https:\/\/hitexoticsdistro.eu\/wp-content\/uploads\/2025\/08\/jack-herer_AAAA1-300x300.jpg\" alt=\"is jack herer indica or sativa\" width=\"300\" height=\"300\" srcset=\"https:\/\/hitexoticsdistro.eu\/wp-content\/uploads\/2025\/08\/jack-herer_AAAA1-300x300.jpg 300w, https:\/\/hitexoticsdistro.eu\/wp-content\/uploads\/2025\/08\/jack-herer_AAAA1-1024x1024.jpg 1024w, https:\/\/hitexoticsdistro.eu\/wp-content\/uploads\/2025\/08\/jack-herer_AAAA1-150x150.jpg 150w, https:\/\/hitexoticsdistro.eu\/wp-content\/uploads\/2025\/08\/jack-herer_AAAA1-768x768.jpg 768w, https:\/\/hitexoticsdistro.eu\/wp-content\/uploads\/2025\/08\/jack-herer_AAAA1-600x600.jpg 600w, https:\/\/hitexoticsdistro.eu\/wp-content\/uploads\/2025\/08\/jack-herer_AAAA1-100x100.jpg 100w, https:\/\/hitexoticsdistro.eu\/wp-content\/uploads\/2025\/08\/jack-herer_AAAA1.jpg 1200w\" sizes=\"auto, (max-width: 300px) 100vw, 300px\" \/><\/p>\n<h3>Efekty<\/h3>\n<p>Jako odmiana z przewag\u0105 Sativy, Jack Herer mo\u017ce by\u0107 spo\u017cywany o ka\u017cdej porze dnia i dzia\u0142a niezwykle szybko. Haj zaczyna si\u0119 od przyp\u0142ywu energii do g\u0142owy, co gwarantuje, \u017ce u\u017cytkownicy czuj\u0105 si\u0119 niezwykle skoncentrowani i w przytomnym stanie umys\u0142u. Nie tylko pomaga to u\u017cytkownikowi by\u0107 bardziej uwa\u017cnym i krytycznym, ale tak\u017ce zapewnia mu kreatywny i motywacyjny impuls potrzebny do podj\u0119cia szczeg\u00f3lnie trudnych i wymagaj\u0105cych zada\u0144.<\/p>\n<p>U\u017cytkownicy mog\u0105 r\u00f3wnie\u017c spodziewa\u0107 si\u0119 lekkiego mrowienia, kt\u00f3re zaczyna si\u0119 w dolnej cz\u0119\u015bci brzucha, ale szybko rozchodzi si\u0119 po ca\u0142ym ciele. Prowadzi to do uspokajaj\u0105cego uczucia, kt\u00f3re usuwa niepok\u00f3j lub stres i pomaga przej\u015b\u0107 przez wa\u017cne spotkania i zadania z r\u00f3wn\u0105, pewn\u0105 siebie g\u0142ow\u0105.<\/p>\n<p>Rodzaj konopi<\/p>\n<p>Hybryda z dominacj\u0105 Sativy &#8211; 80% Indica \/ 20% Sativa<\/p>\n<p>Szczep THC %<\/p>\n<p>20-24%<\/p>\n<p>Linia szczep\u00f3w<\/p>\n<p><a href=\"https:\/\/realpoundsclub.com\/\" target=\"_blank\" rel=\"noopener\">Odmiana THC<\/a> %<br \/>\n20-24%<br \/>\nLinia szczepu<br \/>\nOdmiany Classic Haze X <a href=\"https:\/\/hitexoticsdistro.eu\/fr\/product\/kup-marihuane-northern-lights-online\/\">Northern Lights<\/a> X Shiva Skunk<br \/>\nEfekty<br \/>\nKreatywno\u015b\u0107, pobudzenie motywacyjne i produktywno\u015b\u0107<br \/>\nWaga<br \/>\n14g, 28g, 56g, 110g, 250g, 500g<br \/>\nKategoria<br \/>\nKonopie rzemie\u015blnicze<\/p>\n<p>&nbsp;<\/p>\n<p><img loading=\"lazy\" decoding=\"async\" class=\"alignnone size-medium wp-image-3176\" src=\"https:\/\/hitexoticsdistro.eu\/wp-content\/uploads\/2025\/08\/jack-herer_AAAA2-1-300x300.jpg\" alt=\"jack herer weed\" width=\"300\" height=\"300\" srcset=\"https:\/\/hitexoticsdistro.eu\/wp-content\/uploads\/2025\/08\/jack-herer_AAAA2-1-300x300.jpg 300w, https:\/\/hitexoticsdistro.eu\/wp-content\/uploads\/2025\/08\/jack-herer_AAAA2-1-1024x1024.jpg 1024w, https:\/\/hitexoticsdistro.eu\/wp-content\/uploads\/2025\/08\/jack-herer_AAAA2-1-150x150.jpg 150w, https:\/\/hitexoticsdistro.eu\/wp-content\/uploads\/2025\/08\/jack-herer_AAAA2-1-768x768.jpg 768w, https:\/\/hitexoticsdistro.eu\/wp-content\/uploads\/2025\/08\/jack-herer_AAAA2-1-600x600.jpg 600w, https:\/\/hitexoticsdistro.eu\/wp-content\/uploads\/2025\/08\/jack-herer_AAAA2-1-100x100.jpg 100w, https:\/\/hitexoticsdistro.eu\/wp-content\/uploads\/2025\/08\/jack-herer_AAAA2-1.jpg 1200w\" sizes=\"auto, (max-width: 300px) 100vw, 300px\" \/> <img loading=\"lazy\" decoding=\"async\" class=\"alignnone size-medium wp-image-3175\" src=\"https:\/\/hitexoticsdistro.eu\/wp-content\/uploads\/2025\/08\/jack-herer_AAAA-micro-300x300.jpg\" alt=\"jack herer strain\" width=\"300\" height=\"300\" srcset=\"https:\/\/hitexoticsdistro.eu\/wp-content\/uploads\/2025\/08\/jack-herer_AAAA-micro-300x300.jpg 300w, https:\/\/hitexoticsdistro.eu\/wp-content\/uploads\/2025\/08\/jack-herer_AAAA-micro-150x150.jpg 150w, https:\/\/hitexoticsdistro.eu\/wp-content\/uploads\/2025\/08\/jack-herer_AAAA-micro-768x768.jpg 768w, https:\/\/hitexoticsdistro.eu\/wp-content\/uploads\/2025\/08\/jack-herer_AAAA-micro-600x600.jpg 600w, https:\/\/hitexoticsdistro.eu\/wp-content\/uploads\/2025\/08\/jack-herer_AAAA-micro-100x100.jpg 100w, https:\/\/hitexoticsdistro.eu\/wp-content\/uploads\/2025\/08\/jack-herer_AAAA-micro.jpg 800w\" sizes=\"auto, (max-width: 300px) 100vw, 300px\" \/><\/p>","protected":false},"excerpt":{"rendered":"<ul>\n<li>Ciemnozielone i pomara\u0144czowe p\u0105ki z fioletowymi nutami<\/li>\n<li>Hybryda z przewag\u0105 sativy, krzy\u017c\u00f3wka Haze x Northern Lights #5 x Shiva Skunk<\/li>\n<li>Puszyste, \u015bredniej wielko\u015bci p\u0105ki<\/li>\n<li>Odmiana sklasyfikowana na AAAA<\/li>\n<\/ul>","protected":false},"featured_media":3178,"comment_status":"open","ping_status":"closed","template":"","meta":{"_surecart_dashboard_logo_width":"180px","_surecart_dashboard_show_logo":true,"_surecart_dashboard_navigation_orders":true,"_surecart_dashboard_navigation_invoices":true,"_surecart_dashboard_navigation_subscriptions":true,"_surecart_dashboard_navigation_downloads":true,"_surecart_dashboard_navigation_billing":true,"_surecart_dashboard_navigation_account":true,"_uag_custom_page_level_css":"","site-sidebar-layout":"default","site-content-layout":"","ast-site-content-layout":"default","site-content-style":"default","site-sidebar-style":"default","ast-global-header-display":"","ast-banner-title-visibility":"","ast-main-header-display":"","ast-hfb-above-header-display":"","ast-hfb-below-header-display":"","ast-hfb-mobile-header-display":"","site-post-title":"","ast-breadcrumbs-content":"","ast-featured-img":"","footer-sml-layout":"","ast-disable-related-posts":"","theme-transparent-header-meta":"default","adv-header-id-meta":"","stick-header-meta":"","header-above-stick-meta":"","header-main-stick-meta":"","header-below-stick-meta":"","astra-migrate-meta-layouts":"set","ast-page-background-enabled":"default","ast-page-background-meta":{"desktop":{"background-color":"var(--ast-global-color-5)","background-image":"","background-repeat":"repeat","background-position":"center center","background-size":"auto","background-attachment":"scroll","background-type":"","background-media":"","overlay-type":"","overlay-color":"","overlay-opacity":"","overlay-gradient":""},"tablet":{"background-color":"","background-image":"","background-repeat":"repeat","background-position":"center center","background-size":"auto","background-attachment":"scroll","background-type":"","background-media":"","overlay-type":"","overlay-color":"","overlay-opacity":"","overlay-gradient":""},"mobile":{"background-color":"","background-image":"","background-repeat":"repeat","background-position":"center center","background-size":"auto","background-attachment":"scroll","background-type":"","background-media":"","overlay-type":"","overlay-color":"","overlay-opacity":"","overlay-gradient":""}},"ast-content-background-meta":{"desktop":{"background-color":"var(--ast-global-color-4)","background-image":"","background-repeat":"repeat","background-position":"center center","background-size":"auto","background-attachment":"scroll","background-type":"","background-media":"","overlay-type":"","overlay-color":"","overlay-opacity":"","overlay-gradient":""},"tablet":{"background-color":"var(--ast-global-color-4)","background-image":"","background-repeat":"repeat","background-position":"center center","background-size":"auto","background-attachment":"scroll","background-type":"","background-media":"","overlay-type":"","overlay-color":"","overlay-opacity":"","overlay-gradient":""},"mobile":{"background-color":"var(--ast-global-color-4)","background-image":"","background-repeat":"repeat","background-position":"center center","background-size":"auto","background-attachment":"scroll","background-type":"","background-media":"","overlay-type":"","overlay-color":"","overlay-opacity":"","overlay-gradient":""}}},"product_brand":[],"product_cat":[57,56],"product_tag":[],"class_list":{"0":"post-3174","1":"product","2":"type-product","3":"status-publish","4":"has-post-thumbnail","6":"product_cat-kup-marihuane-sativa-online-polska","7":"product_cat-gdzie-moge-kupic-marihuane","8":"desktop-align-left","9":"tablet-align-left","10":"mobile-align-left","12":"first","13":"instock","14":"shipping-taxable","15":"purchasable","16":"product-type-variable"},"uagb_featured_image_src":{"full":["https:\/\/hitexoticsdistro.eu\/wp-content\/uploads\/2025\/08\/jack-herer_AAAA.jpg",1200,1200,false],"thumbnail":["https:\/\/hitexoticsdistro.eu\/wp-content\/uploads\/2025\/08\/jack-herer_AAAA-150x150.jpg",150,150,true],"medium":["https:\/\/hitexoticsdistro.eu\/wp-content\/uploads\/2025\/08\/jack-herer_AAAA-300x300.jpg",300,300,true],"medium_large":["https:\/\/hitexoticsdistro.eu\/wp-content\/uploads\/2025\/08\/jack-herer_AAAA-768x768.jpg",768,768,true],"large":["https:\/\/hitexoticsdistro.eu\/wp-content\/uploads\/2025\/08\/jack-herer_AAAA-1024x1024.jpg",1024,1024,true],"1536x1536":["https:\/\/hitexoticsdistro.eu\/wp-content\/uploads\/2025\/08\/jack-herer_AAAA.jpg",1200,1200,false],"2048x2048":["https:\/\/hitexoticsdistro.eu\/wp-content\/uploads\/2025\/08\/jack-herer_AAAA.jpg",1200,1200,false],"trp-custom-language-flag":["https:\/\/hitexoticsdistro.eu\/wp-content\/uploads\/2025\/08\/jack-herer_AAAA.jpg",12,12,false],"woocommerce_thumbnail":["https:\/\/hitexoticsdistro.eu\/wp-content\/uploads\/2025\/08\/jack-herer_AAAA-300x300.jpg",300,300,true],"woocommerce_single":["https:\/\/hitexoticsdistro.eu\/wp-content\/uploads\/2025\/08\/jack-herer_AAAA-600x600.jpg",600,600,true],"woocommerce_gallery_thumbnail":["https:\/\/hitexoticsdistro.eu\/wp-content\/uploads\/2025\/08\/jack-herer_AAAA-100x100.jpg",100,100,true]},"uagb_author_info":{"display_name":"","author_link":"https:\/\/hitexoticsdistro.eu\/fr\/author\/"},"uagb_comment_info":0,"uagb_excerpt":"Ciemnozielone i pomara\u0144czowe p\u0105ki z fioletowymi nutami Hybryda z przewag\u0105 sativy, krzy\u017c\u00f3wka Haze x Northern Lights #5 x Shiva Skunk Puszyste, \u015bredniej wielko\u015bci p\u0105ki Odmiana sklasyfikowana na AAAA","_links":{"self":[{"href":"https:\/\/hitexoticsdistro.eu\/fr\/wp-json\/wp\/v2\/product\/3174","targetHints":{"allow":["GET"]}}],"collection":[{"href":"https:\/\/hitexoticsdistro.eu\/fr\/wp-json\/wp\/v2\/product"}],"about":[{"href":"https:\/\/hitexoticsdistro.eu\/fr\/wp-json\/wp\/v2\/types\/product"}],"replies":[{"embeddable":true,"href":"https:\/\/hitexoticsdistro.eu\/fr\/wp-json\/wp\/v2\/comments?post=3174"}],"wp:featuredmedia":[{"embeddable":true,"href":"https:\/\/hitexoticsdistro.eu\/fr\/wp-json\/wp\/v2\/media\/3178"}],"wp:attachment":[{"href":"https:\/\/hitexoticsdistro.eu\/fr\/wp-json\/wp\/v2\/media?parent=3174"}],"wp:term":[{"taxonomy":"product_brand","embeddable":true,"href":"https:\/\/hitexoticsdistro.eu\/fr\/wp-json\/wp\/v2\/product_brand?post=3174"},{"taxonomy":"product_cat","embeddable":true,"href":"https:\/\/hitexoticsdistro.eu\/fr\/wp-json\/wp\/v2\/product_cat?post=3174"},{"taxonomy":"product_tag","embeddable":true,"href":"https:\/\/hitexoticsdistro.eu\/fr\/wp-json\/wp\/v2\/product_tag?post=3174"}],"curies":[{"name":"wp","href":"https:\/\/api.w.org\/{rel}","templated":true}]}}