{"id":2959,"date":"2025-06-13T16:53:21","date_gmt":"2025-06-13T16:53:21","guid":{"rendered":"https:\/\/hitexoticsdistro.eu\/?post_type=product&#038;p=2959"},"modified":"2025-06-13T16:55:53","modified_gmt":"2025-06-13T16:55:53","slug":"kup-cbd-moon-rock-europa","status":"publish","type":"product","link":"https:\/\/hitexoticsdistro.eu\/fr\/product\/kup-cbd-moon-rock-europa\/","title":{"rendered":"CBD Moon Rock"},"content":{"rendered":"<h1 dir=\"ltr\">Kup CBD Moon Rock Europa<\/h1>\n<p>Szukasz najlepszego kwiatu CBD? Jeste\u015b we w\u0142a\u015bciwym miejscu! Odkryj nasz nowy CBD Moon Rock, niezb\u0119dny dla entuzjast\u00f3w CBD poszukuj\u0105cych wyj\u0105tkowych wra\u017ce\u0144. Wzbogacony o pikantne i ziemiste nuty, ten najwy\u017cszej jako\u015bci olej CBD oferuje wyj\u0105tkowy, pe\u0142ny profil smakowy, kt\u00f3ry go wyr\u00f3\u017cnia.<\/p>\n<p>Stworzony, aby ulepszy\u0107 Twoj\u0105 rutyn\u0119 CBD, nasz CBD <a href=\"https:\/\/hitexoticsdistro.eu\/fr\/product-category\/odmiana-moonrock\/\">Moon Rock<\/a> z przewag\u0105 indica jest dost\u0119pny w saszetkach 10 g i 30 g przy &lt; 0,2% THC \u2014 idealny dla tych, kt\u00f3rzy ceni\u0105 jako\u015b\u0107 i smak. Wzboga\u0107 swoj\u0105 kolekcj\u0119 Naturecan, dodaj\u0105c ten najwy\u017cszej jako\u015bci haszysz CBD do swojego koszyka ju\u017c dzi\u015b.<\/p>\n<h3 dir=\"ltr\">Kluczowe korzy\u015bci<\/h3>\n<ul>\n<li dir=\"ltr\" role=\"presentation\">THC: &lt; 0,2%<\/li>\n<li dir=\"ltr\" role=\"presentation\">CBD: &lt;70%<\/li>\n<li dir=\"ltr\" role=\"presentation\">Odmiana: Dominuj\u0105ca Indica<\/li>\n<li dir=\"ltr\" role=\"presentation\">Aromat i smaki: Pikantny, ziemisty i intensywny<\/li>\n<li dir=\"ltr\" role=\"presentation\">Moc: Do\u015b\u0107 wysoka (4,5)<\/li>\n<li dir=\"ltr\" role=\"presentation\">Dost\u0119pne saszetki 10 g i 30 g<\/li>\n<\/ul>\n<h3 dir=\"ltr\">Przegl\u0105d produktu<\/h3>\n<p>Przedstawiamy CBD Moon Rock \u2014 niezb\u0119dny produkt dla koneser\u00f3w CBD, kt\u00f3rzy chc\u0105 wzbogaci\u0107 swoje do\u015bwiadczenie o wyj\u0105tkowy i niezapomniany smak. Ta alternatywa dla oleju CBD klasy premium \u0142\u0105czy pikantne nuty z ziemistym, intensywnym smakiem, tworz\u0105c pe\u0142ny smak, kt\u00f3ry jest naprawd\u0119 jedyny w swoim rodzaju.<\/p>\n<p>Zaprojektowany, aby ulepszy\u0107 Twoj\u0105 podr\u00f3\u017c z CBD, nasz CBD Moon Rock z przewag\u0105 indica jest oferowany w saszetkach 10 g i 30 g z &lt; 0,2% <a href=\"https:\/\/hitexoticsdistro.eu\/fr\/product-category\/gdzie-moge-kupic-marihuane\/\">THC<\/a>, co czyni go idealnym wyborem dla tych, kt\u00f3rzy stawiaj\u0105 na jako\u015b\u0107 i smak. Dodaj ten wyj\u0105tkowy dodatek do swojej kolekcji i ciesz si\u0119 wyrafinowanym do\u015bwiadczeniem CBD.<\/p>\n<p>Czysto wykonane z najlepszej jako\u015bci kwiat\u00f3w konopi, te ska\u0142y ksi\u0119\u017cycowe s\u0105 wytwarzane na r\u00f3\u017cnych etapach, aby zapewni\u0107 Ci jeden z najsilniejszych dost\u0119pnych produkt\u00f3w <a href=\"https:\/\/www.iceheadshop.co.uk\/moon-rock-hemp\" target=\"_blank\" rel=\"noopener\">CBD<\/a>.<\/p>\n<p>Nasze wysokiej jako\u015bci kwiaty CBD przesz\u0142y przez hojny proces wydajnego suszenia, r\u0119cznego przycinania, kontroli wilgotno\u015bci i s\u0105 utwardzane, aby zapewni\u0107 naszym klientom najlepszy mo\u017cliwy produkt ko\u0144cowy.<\/p>\n<p dir=\"ltr\">Kup <a href=\"https:\/\/hitexoticsdistro.eu\/fr\/czym-jest-cbd-moon-rock\/\">CBD Moon Rock Europa<\/a>: Odkryj szerok\u0105 gam\u0119 korzy\u015bci zdrowotnych, jakie oferuj\u0105 kwiaty CBD dzi\u0119ki pe\u0142nemu spektrum kannabinoid\u00f3w, kt\u00f3re pozwalaj\u0105 zachowa\u0107 spok\u00f3j umys\u0142u i cia\u0142a.<\/p>\n<h2 dir=\"ltr\">Czy CBD Moon Rocks mo\u017ce Ci\u0119 odurzy\u0107?<\/h2>\n<p dir=\"ltr\">Nie! CBD Moon Rocks zawieraj\u0105 0,3% THC lub mniej, co oznacza, \u017ce \u200b\u200bma\u0142o prawdopodobne jest, aby odurzy\u0107 si\u0119 od tak ma\u0142ej ilo\u015bci THC. Zamiast tego s\u0105 wype\u0142nione CBD, kt\u00f3ry jest nieodurzaj\u0105cym fitokannabinoidem.<\/p>\n<h2>Kt\u00f3re odmiany kwiat\u00f3w CBD s\u0105 podobne do CBD Moon Rocks?<\/h2>\n<p>Co sprawia, \u017ce \u200b\u200bCBD Moon Rocks jest tak popularne, to wysoka zawarto\u015b\u0107 CBD. Dzi\u0119ki temu do\u015bwiadczenie jest mocne i intensywne. Hollyweed ma kilka odmian kwiat\u00f3w CBD, kt\u00f3re s\u0105 podobne do CBD Moon Rocks ze wzgl\u0119du na wi\u0119ksz\u0105 zawarto\u015b\u0107 CBD. Oto niekt\u00f3re z najpopularniejszych odmian bogatych w CBD.<\/p>\n<h3>Northern Lights (Ca\u0142kowite CBD ~20,73%)<\/h3>\n<p>Je\u015bli szukasz uspokajaj\u0105cej odmiany, kt\u00f3ra zapewni Ci spok\u00f3j i relaks, <a href=\"https:\/\/hitexoticsdistro.eu\/fr\/product\/kup-marihuane-northern-lights-online\/\">Northern Lights<\/a> jest odmian\u0105 dla Ciebie! Jest to odmiana z przewag\u0105 Indica, kt\u00f3ra zapewnia Ci komfortowe doznania, jakich nie zapewni \u017cadna inna.<\/p>\n<p>Ta najwy\u017cszej jako\u015bci, najlepiej sprzedaj\u0105ca si\u0119 odmiana CBD ma bardzo unikalny smak, kt\u00f3ry jej znawcy opisuj\u0105 jako mocny. Ma zapach pasuj\u0105cy do tej intensywno\u015bci, bardzo s\u0142odki i pikantny.<\/p>\n<h3><a href=\"https:\/\/hitexoticsdistro.eu\/fr\/product\/kup-marihuane-sour-diesel-thc\/\">Sour Diesel<\/a> (Ca\u0142kowite CBD ~20,165%)<\/h3>\n<p>Ta kultowa odmiana z przewag\u0105 Sativa pozytywnie wp\u0142ywa na Tw\u00f3j nastr\u00f3j. Je\u015bli chcesz poczu\u0107 spok\u00f3j i jasno\u015b\u0107 umys\u0142u, to jest to odmiana dla Ciebie. Ma wyra\u017any kwa\u015bny i cytrusowy zapach oraz jasnozielone p\u0105ki uzupe\u0142nione pomara\u0144czowymi pr\u0119cikami i puszystymi bia\u0142ymi w\u0142oskami. Dzia\u0142a na wszystkie nasze zmys\u0142y, pozostawiaj\u0105c uczucie uniesienia.<\/p>\n<h3>Sour Space Candy (Ca\u0142kowita zawarto\u015b\u0107 CBD ~20,66%)<\/h3>\n<p>Ludzie szukaj\u0105cy pozytywnego zastrzyku energii cz\u0119sto si\u0119gaj\u0105 po <a href=\"https:\/\/hitexoticsdistro.eu\/fr\/product\/kup-sour-space-candy-delta-8\/\">Sour Space Candy<\/a>. Ta najwy\u017cszej jako\u015bci odmiana poprawi Tw\u00f3j nastr\u00f3j i pomo\u017ce Ci lepiej si\u0119 skupi\u0107. Dominuj\u0105ca sativa, mo\u017cesz oczekiwa\u0107, \u017ce Sour Space Candy sprawi, \u017ce poczujesz si\u0119 pe\u0142en energii i zmotywowany.<\/p>\n<p>Ta osza\u0142amiaj\u0105ca odmiana ma \u015brednie do du\u017cych p\u0105k\u00f3w, kt\u00f3re s\u0105 jasnozielone z w\u0142oskami w kolorze mandarynki. Zapach jest (niespodzianka) kwa\u015bny, ale s\u0142odki, a z pikantnym smakiem, kt\u00f3ry ma moc, zacznij dzie\u0144 z t\u0105 wyj\u0105tkow\u0105 odmian\u0105.<\/p>\n<h3>Skywalker OG (Ca\u0142kowite CBD ~20,94%)<\/h3>\n<p><a href=\"https:\/\/hitexoticsdistro.eu\/fr\/product\/skywalker-og-zaufany-sklep-w-europie\/\">Skywalker OG<\/a> jest znany jako jeden z najsilniejszych szczep\u00f3w CBD. Pomaga si\u0119 zrelaksowa\u0107 i poczu\u0107 spok\u00f3j, kt\u00f3rego nie mog\u0105 zapewni\u0107 inne produkty CBD. Odpr\u0119\u017c si\u0119 po d\u0142ugim dniu pracy dzi\u0119ki tej hybrydowej odmianie z przewag\u0105 Indica.<\/p>\n<p>Skywalker OG jest owocowy, pikantny i sosnowy, dzi\u0119ki czemu jego zapach i smak s\u0105 jedyne w swoim rodzaju. Jest skuteczny i satysfakcjonuj\u0105cy.<\/p>\n<h3>Zkittles (Ca\u0142kowite CBD ~20,382%)<\/h3>\n<p>Szukasz s\u0142odkiej przek\u0105ski przed snem? <a href=\"https:\/\/hitexoticsdistro.eu\/fr\/product\/kup-marihuane-zkittles-delta-8-online\/\">Zkittles<\/a> zapewnia eksplozj\u0119 owocowego smaku. Jest s\u0142odki i satysfakcjonuj\u0105cy. Ale pomimo tego uderzenia, Zkittles jest znany ze swojego g\u0142adkiego, relaksuj\u0105cego do\u015bwiadczenia.<\/p>\n<h2>Czym jest CBD Keef?<\/h2>\n<p>Dla tych z Was, kt\u00f3rzy nie znaj\u0105 terminu keef (lub keif), jest to py\u0142, kt\u00f3ry mo\u017cna znale\u017a\u0107 na dnie woreczka z p\u0105kami kwiat\u00f3w konopi indyjskich lub <a href=\"https:\/\/hitexoticsdistro.eu\/fr\/\">konopi<\/a> w\u0142\u00f3knistych. Py\u0142 ten sk\u0142ada si\u0119 g\u0142\u00f3wnie z w\u0142osk\u00f3w, kt\u00f3re odpad\u0142y z p\u0105k\u00f3w kwiat\u00f3w i to w\u0142a\u015bnie w tych w\u0142oskach wytwarzane s\u0105 kannabinoidy, takie jak CBD.<\/p>\n<p><a href=\"https:\/\/hitexoticsdistro.eu\/fr\/product-category\/zakup-marihuany-kief-online\/\">Keef<\/a> mo\u017cna zbiera\u0107 z kwiat\u00f3w na r\u00f3\u017cne sposoby, zwykle podczas procesu przycinania. Je\u015bli p\u0105ki s\u0105 przycinane r\u0119cznie, trymery zazwyczaj u\u017cywaj\u0105 dwuwarstwowej tacy, przy czym g\u00f3rna warstwa jest bardzo drobnym sitkiem, kt\u00f3re pozwala keefowi opa\u015b\u0107 na dno w celu zebrania. Je\u015bli p\u0105ki s\u0105 przycinane maszynowo, keef spadnie z p\u0105k\u00f3w podczas przewracania i zostanie zebrany gdzie\u015b na dnie maszyny.<\/p>\n<p><img loading=\"lazy\" decoding=\"async\" class=\"alignnone wp-image-2967\" src=\"https:\/\/hitexoticsdistro.eu\/wp-content\/uploads\/2025\/06\/710_Dry-Sift_02_16x9-1-300x169.jpg\" alt=\"What is CBD Keef?\" width=\"474\" height=\"267\" srcset=\"https:\/\/hitexoticsdistro.eu\/wp-content\/uploads\/2025\/06\/710_Dry-Sift_02_16x9-1-300x169.jpg 300w, https:\/\/hitexoticsdistro.eu\/wp-content\/uploads\/2025\/06\/710_Dry-Sift_02_16x9-1-1024x576.jpg 1024w, https:\/\/hitexoticsdistro.eu\/wp-content\/uploads\/2025\/06\/710_Dry-Sift_02_16x9-1-768x432.jpg 768w, https:\/\/hitexoticsdistro.eu\/wp-content\/uploads\/2025\/06\/710_Dry-Sift_02_16x9-1-1536x864.jpg 1536w, https:\/\/hitexoticsdistro.eu\/wp-content\/uploads\/2025\/06\/710_Dry-Sift_02_16x9-1-600x338.jpg 600w, https:\/\/hitexoticsdistro.eu\/wp-content\/uploads\/2025\/06\/710_Dry-Sift_02_16x9-1.jpg 1600w\" sizes=\"auto, (max-width: 474px) 100vw, 474px\" \/><\/p>","protected":false},"excerpt":{"rendered":"<p>Szukasz najlepszego kwiatu CBD? Jeste\u015b we w\u0142a\u015bciwym miejscu! Odkryj nasz nowy CBD Moon Rock, must-have dla entuzjast\u00f3w CBD poszukuj\u0105cych wyj\u0105tkowych wra\u017ce\u0144. Wzbogacony o pikantne i ziemiste nuty, ten najwy\u017cszej jako\u015bci olej CBD oferuje wyj\u0105tkowy, pe\u0142ny profil smakowy, kt\u00f3ry go wyr\u00f3\u017cnia.<\/p>","protected":false},"featured_media":2968,"comment_status":"open","ping_status":"closed","template":"","meta":{"_surecart_dashboard_logo_width":"180px","_surecart_dashboard_show_logo":true,"_surecart_dashboard_navigation_orders":true,"_surecart_dashboard_navigation_invoices":true,"_surecart_dashboard_navigation_subscriptions":true,"_surecart_dashboard_navigation_downloads":true,"_surecart_dashboard_navigation_billing":true,"_surecart_dashboard_navigation_account":true,"_uag_custom_page_level_css":"","site-sidebar-layout":"default","site-content-layout":"","ast-site-content-layout":"default","site-content-style":"default","site-sidebar-style":"default","ast-global-header-display":"","ast-banner-title-visibility":"","ast-main-header-display":"","ast-hfb-above-header-display":"","ast-hfb-below-header-display":"","ast-hfb-mobile-header-display":"","site-post-title":"","ast-breadcrumbs-content":"","ast-featured-img":"","footer-sml-layout":"","ast-disable-related-posts":"","theme-transparent-header-meta":"default","adv-header-id-meta":"","stick-header-meta":"","header-above-stick-meta":"","header-main-stick-meta":"","header-below-stick-meta":"","astra-migrate-meta-layouts":"set","ast-page-background-enabled":"default","ast-page-background-meta":{"desktop":{"background-color":"var(--ast-global-color-5)","background-image":"","background-repeat":"repeat","background-position":"center center","background-size":"auto","background-attachment":"scroll","background-type":"","background-media":"","overlay-type":"","overlay-color":"","overlay-opacity":"","overlay-gradient":""},"tablet":{"background-color":"","background-image":"","background-repeat":"repeat","background-position":"center center","background-size":"auto","background-attachment":"scroll","background-type":"","background-media":"","overlay-type":"","overlay-color":"","overlay-opacity":"","overlay-gradient":""},"mobile":{"background-color":"","background-image":"","background-repeat":"repeat","background-position":"center center","background-size":"auto","background-attachment":"scroll","background-type":"","background-media":"","overlay-type":"","overlay-color":"","overlay-opacity":"","overlay-gradient":""}},"ast-content-background-meta":{"desktop":{"background-color":"var(--ast-global-color-4)","background-image":"","background-repeat":"repeat","background-position":"center center","background-size":"auto","background-attachment":"scroll","background-type":"","background-media":"","overlay-type":"","overlay-color":"","overlay-opacity":"","overlay-gradient":""},"tablet":{"background-color":"var(--ast-global-color-4)","background-image":"","background-repeat":"repeat","background-position":"center center","background-size":"auto","background-attachment":"scroll","background-type":"","background-media":"","overlay-type":"","overlay-color":"","overlay-opacity":"","overlay-gradient":""},"mobile":{"background-color":"var(--ast-global-color-4)","background-image":"","background-repeat":"repeat","background-position":"center center","background-size":"auto","background-attachment":"scroll","background-type":"","background-media":"","overlay-type":"","overlay-color":"","overlay-opacity":"","overlay-gradient":""}}},"product_brand":[],"product_cat":[61,1747],"product_tag":[],"class_list":{"0":"post-2959","1":"product","2":"type-product","3":"status-publish","4":"has-post-thumbnail","6":"product_cat-hybrydowe-odmiany-marihuany-online","7":"product_cat-odmiana-moonrock","8":"desktop-align-left","9":"tablet-align-left","10":"mobile-align-left","12":"first","13":"instock","14":"sale","15":"shipping-taxable","16":"purchasable","17":"product-type-variable"},"uagb_featured_image_src":{"full":["https:\/\/hitexoticsdistro.eu\/wp-content\/uploads\/2025\/06\/CBDFowerMoonRockProductImagery_10g.webp",823,823,false],"thumbnail":["https:\/\/hitexoticsdistro.eu\/wp-content\/uploads\/2025\/06\/CBDFowerMoonRockProductImagery_10g-150x150.webp",150,150,true],"medium":["https:\/\/hitexoticsdistro.eu\/wp-content\/uploads\/2025\/06\/CBDFowerMoonRockProductImagery_10g-300x300.webp",300,300,true],"medium_large":["https:\/\/hitexoticsdistro.eu\/wp-content\/uploads\/2025\/06\/CBDFowerMoonRockProductImagery_10g-768x768.webp",768,768,true],"large":["https:\/\/hitexoticsdistro.eu\/wp-content\/uploads\/2025\/06\/CBDFowerMoonRockProductImagery_10g.webp",823,823,false],"1536x1536":["https:\/\/hitexoticsdistro.eu\/wp-content\/uploads\/2025\/06\/CBDFowerMoonRockProductImagery_10g.webp",823,823,false],"2048x2048":["https:\/\/hitexoticsdistro.eu\/wp-content\/uploads\/2025\/06\/CBDFowerMoonRockProductImagery_10g.webp",823,823,false],"trp-custom-language-flag":["https:\/\/hitexoticsdistro.eu\/wp-content\/uploads\/2025\/06\/CBDFowerMoonRockProductImagery_10g.webp",12,12,false],"woocommerce_thumbnail":["https:\/\/hitexoticsdistro.eu\/wp-content\/uploads\/2025\/06\/CBDFowerMoonRockProductImagery_10g-300x300.webp",300,300,true],"woocommerce_single":["https:\/\/hitexoticsdistro.eu\/wp-content\/uploads\/2025\/06\/CBDFowerMoonRockProductImagery_10g-600x600.webp",600,600,true],"woocommerce_gallery_thumbnail":["https:\/\/hitexoticsdistro.eu\/wp-content\/uploads\/2025\/06\/CBDFowerMoonRockProductImagery_10g-100x100.webp",100,100,true]},"uagb_author_info":{"display_name":"","author_link":"https:\/\/hitexoticsdistro.eu\/fr\/author\/"},"uagb_comment_info":0,"uagb_excerpt":"Szukasz najlepszego kwiatu CBD? Jeste\u015b we w\u0142a\u015bciwym miejscu! Odkryj nasz nowy CBD Moon Rock, must-have dla entuzjast\u00f3w CBD poszukuj\u0105cych wyj\u0105tkowych wra\u017ce\u0144. Wzbogacony o pikantne i ziemiste nuty, ten najwy\u017cszej jako\u015bci olej CBD oferuje wyj\u0105tkowy, pe\u0142ny profil smakowy, kt\u00f3ry go wyr\u00f3\u017cnia.","_links":{"self":[{"href":"https:\/\/hitexoticsdistro.eu\/fr\/wp-json\/wp\/v2\/product\/2959","targetHints":{"allow":["GET"]}}],"collection":[{"href":"https:\/\/hitexoticsdistro.eu\/fr\/wp-json\/wp\/v2\/product"}],"about":[{"href":"https:\/\/hitexoticsdistro.eu\/fr\/wp-json\/wp\/v2\/types\/product"}],"replies":[{"embeddable":true,"href":"https:\/\/hitexoticsdistro.eu\/fr\/wp-json\/wp\/v2\/comments?post=2959"}],"wp:featuredmedia":[{"embeddable":true,"href":"https:\/\/hitexoticsdistro.eu\/fr\/wp-json\/wp\/v2\/media\/2968"}],"wp:attachment":[{"href":"https:\/\/hitexoticsdistro.eu\/fr\/wp-json\/wp\/v2\/media?parent=2959"}],"wp:term":[{"taxonomy":"product_brand","embeddable":true,"href":"https:\/\/hitexoticsdistro.eu\/fr\/wp-json\/wp\/v2\/product_brand?post=2959"},{"taxonomy":"product_cat","embeddable":true,"href":"https:\/\/hitexoticsdistro.eu\/fr\/wp-json\/wp\/v2\/product_cat?post=2959"},{"taxonomy":"product_tag","embeddable":true,"href":"https:\/\/hitexoticsdistro.eu\/fr\/wp-json\/wp\/v2\/product_tag?post=2959"}],"curies":[{"name":"wp","href":"https:\/\/api.w.org\/{rel}","templated":true}]}}