{"id":981,"date":"2024-10-10T23:06:01","date_gmt":"2024-10-10T23:06:01","guid":{"rendered":"https:\/\/hitexoticsdistro.com\/?post_type=product&#038;p=981"},"modified":"2024-10-20T02:57:29","modified_gmt":"2024-10-20T02:57:29","slug":"kup-jelly-donut-weed-online-w-europie","status":"publish","type":"product","link":"https:\/\/hitexoticsdistro.eu\/fi\/product\/kup-jelly-donut-weed-online-w-europie\/","title":{"rendered":"Jelly Donut"},"content":{"rendered":"<h2>Kup Jelly Donut Weed Online w Europie: Idealna Odmiana dla Ukojenia i Relaksu<\/h2>\n<p>Jelly Donut to wyj\u0105tkowa <a href=\"https:\/\/hitexoticsdistro.eu\/fi\/product-category\/gdzie-moge-kupic-marihuane\/\">odmiana marihuany<\/a>, kt\u00f3ra zdobywa coraz wi\u0119ksz\u0105 popularno\u015b\u0107 zar\u00f3wno w\u015br\u00f3d u\u017cytkownik\u00f3w rekreacyjnych, jak i medycznych. Z silnym dzia\u0142aniem uspokajaj\u0105cym i potencjalnymi korzy\u015bciami terapeutycznymi, Jelly Donut stanowi doskona\u0142y wyb\u00f3r dla tych, kt\u00f3rzy szukaj\u0105 naturalnej ulgi od b\u00f3lu i bezsenno\u015bci. Odmiana ta wyr\u00f3\u017cnia si\u0119 nie tylko dzia\u0142aniem, ale r\u00f3wnie\u017c wysok\u0105 jako\u015bci\u0105 uprawy oraz precyzyjnie dobranym profilem kannabinoid\u00f3w.<\/p>\n<h3>Dlaczego warto kupi\u0107 Jelly Donut Weed online w Europie?<\/h3>\n<p>Zakup Jelly Donut online w Europie to gwarancja wysokiej jako\u015bci, legalnej i bezpiecznej marihuany, dostarczonej prosto do twoich drzwi. Je\u015bli szukasz organicznej, r\u0119cznie przycinanej marihuany o potwierdzonej czysto\u015bci, Jelly Donut to idealna odmiana. Kupuj\u0105c Jelly Donut w sklepie online, masz pewno\u015b\u0107, \u017ce produkt pochodzi od renomowanych producent\u00f3w i jest zgodny z europejskimi normami prawnymi.<\/p>\n<h3>Co to jest Jelly Donut?<\/h3>\n<p>Jelly Donut to <a href=\"https:\/\/hitexoticsdistro.eu\/fi\/product-category\/kup-konopie-indyjskie-indica-online\/\">odmiana indica<\/a>, kt\u00f3ra jest znana ze swojego silnego dzia\u0142ania uspokajaj\u0105cego, co czyni j\u0105 doskona\u0142ym wyborem na wiecz\u00f3r. Pochodz\u0105ca z farmy HitExoticsDistro., Jelly Donut jest uprawiana organicznie w Oregonie, gdzie dba si\u0119 o najwy\u017csz\u0105 jako\u015b\u0107 bez u\u017cycia pestycyd\u00f3w, dodatk\u00f3w i syntetyk\u00f3w. Jest w 100% r\u0119cznie przycinana, co zapewnia jej doskona\u0142\u0105 prezencj\u0119 i \u015bwie\u017co\u015b\u0107.<\/p>\n<h4>Profil Kannabinoid\u00f3w:<\/h4>\n<ul>\n<li><strong>THCa<\/strong>: 30.86%<\/li>\n<li><strong>\u03949-THC<\/strong>: 0.25%<\/li>\n<li><strong>CBDa<\/strong>: 0.05%<\/li>\n<li><strong>CBGa<\/strong>: 0.52%<\/li>\n<li><strong>CBG<\/strong>: 0.10%<\/li>\n<li><strong>CBC<\/strong>: 0.12%<\/li>\n<li><strong>Ca\u0142kowita Moc<\/strong>: 31.89%<\/li>\n<\/ul>\n<p>Jelly Donut, mimo \u017ce jest odmian\u0105 indica, ma unikalny profil kannabinoid\u00f3w, kt\u00f3ry wp\u0142ywa na jej dzia\u0142anie terapeutyczne. Zawiera imponuj\u0105c\u0105 ilo\u015b\u0107 THCa (30.86%), co sprawia, \u017ce jest idealna do leczenia b\u00f3lu i innych dolegliwo\u015bci zdrowotnych. Niewielka zawarto\u015b\u0107 \u03949-THC (0.25%) sprawia, \u017ce Jelly Donut oferuje bardziej relaksuj\u0105ce, ni\u017c psychoaktywne efekty.<\/p>\n<h3>Jakie s\u0105 efekty Jelly Donut?<\/h3>\n<p>Jelly Donut oferuje typowe dla <a href=\"https:\/\/sklepsativa.pl\/siewne\" rel=\"nofollow noopener\" target=\"_blank\">odmiany<\/a> indica dzia\u0142anie uspokajaj\u0105ce, kt\u00f3re rozpoczyna si\u0119 od lekkiego uczucia relaksu i rozlu\u017anienia mi\u0119\u015bni, a ko\u0144czy g\u0142\u0119bokim odpr\u0119\u017ceniem i senno\u015bci\u0105. Dzi\u0119ki swoim w\u0142a\u015bciwo\u015bciom, Jelly Donut jest idealna dla os\u00f3b zmagaj\u0105cych si\u0119 z:<\/p>\n<ul>\n<li><strong>Bezsenno\u015bci\u0105<\/strong>: Odmiana ta pomaga w naturalnym zasypianiu i poprawia jako\u015b\u0107 snu.<\/li>\n<li><strong>Chronicznym b\u00f3lem<\/strong>: Jelly Donut \u0142agodzi b\u00f3le mi\u0119\u015bni i staw\u00f3w, przynosz\u0105c ulg\u0119 bez potrzeby stosowania \u015brodk\u00f3w przeciwb\u00f3lowych.<\/li>\n<li><strong>Stresem i l\u0119kiem<\/strong>: Jej uspokajaj\u0105ce dzia\u0142anie pomaga zredukowa\u0107 napi\u0119cie nerwowe i \u0142agodzi\u0107 objawy l\u0119ku.<\/li>\n<li><strong>Stany zapalne<\/strong>: Obecno\u015b\u0107 kannabinoid\u00f3w takich jak CBG i CBC wspomaga redukcj\u0119 stan\u00f3w zapalnych.<\/li>\n<\/ul>\n<h3>Gdzie kupi\u0107 Jelly Donut Weed online?<\/h3>\n<p>Zakup Jelly Donut weed online w Europie staje si\u0119 coraz bardziej dost\u0119pny dzi\u0119ki zaufanym dostawcom takim jak <em>Hit Exotics Distro<\/em>. Oferuj\u0105c szeroki wyb\u00f3r marihuany medycznej i rekreacyjnej, nasz sklep internetowy gwarantuje bezpieczny i dyskretny zakup. Sprawd\u017a nasz\u0105 ofert\u0119 i zam\u00f3w ju\u017c teraz!<\/p>\n<h3>Co wyr\u00f3\u017cnia Jelly Donut?<\/h3>\n<ul>\n<li><strong>Uprawa Organic<\/strong>: 100% organicznie uprawiana marihuana, bez pestycyd\u00f3w i dodatk\u00f3w, r\u0119cznie przycinana, co gwarantuje najwy\u017csz\u0105 jako\u015b\u0107.<\/li>\n<li><strong>Lab Tested<\/strong>: Wszystkie produkty s\u0105 testowane laboratoryjnie, co potwierdza ich czysto\u015b\u0107 i zgodno\u015b\u0107 z normami prawnymi.<\/li>\n<li><strong>Dzia\u0142anie terapeutyczne<\/strong>: Idealna dla os\u00f3b szukaj\u0105cych ulgi od b\u00f3lu, bezsenno\u015bci i stresu.<\/li>\n<\/ul>\n<h3>Kup Jelly Donut Weed Online w Europie Ju\u017c Teraz!<\/h3>\n<p>Jelly Donut to odmiana, kt\u00f3ra \u0142\u0105czy w sobie doskona\u0142\u0105 jako\u015b\u0107 z silnym dzia\u0142aniem terapeutycznym. Je\u015bli szukasz skutecznej odmiany indica, kt\u00f3ra pomo\u017ce ci w walce z b\u00f3lem lub poprawi jako\u015b\u0107 twojego snu, nie czekaj d\u0142u\u017cej. <strong>Kup Jelly Donut Weed online w Europie<\/strong> i przekonaj si\u0119, dlaczego ta odmiana jest tak ceniona przez u\u017cytkownik\u00f3w na ca\u0142ym \u015bwiecie. Zam\u00f3w teraz i skorzystaj z dyskretnej dostawy prosto do twojego domu!<\/p>\n<h3>Cz\u0119sto Zadawane Pytania (FAQ)<\/h3>\n<h4>Co to jest Jelly Donut?<\/h4>\n<p>Jelly Donut to odmiana marihuany indica o silnych w\u0142a\u015bciwo\u015bciach uspokajaj\u0105cych, znana z \u0142agodzenia b\u00f3lu i problem\u00f3w ze snem.<\/p>\n<h4>Jaki jest profil kannabinoid\u00f3w Jelly Donut?<\/h4>\n<p>Jelly Donut zawiera 30.86% THCa, co sprawia, \u017ce jest idealna do leczenia b\u00f3lu i problem\u00f3w zdrowotnych bez nadmiernych efekt\u00f3w psychoaktywnych.<\/p>\n<h4>Czy Jelly Donut jest dobra na bezsenno\u015b\u0107?<\/h4>\n<p>Tak, Jelly Donut pomaga zrelaksowa\u0107 cia\u0142o i umys\u0142, co sprawia, \u017ce jest idealna dla os\u00f3b zmagaj\u0105cych si\u0119 z bezsenno\u015bci\u0105.<\/p>\n<h4>Gdzie mog\u0119 kupi\u0107 Jelly Donut weed online w Europie?<\/h4>\n<p>Jelly Donut mo\u017cesz zam\u00f3wi\u0107 w zaufanych sklepach takich jak <em>Hit Exotics Distro<\/em>, kt\u00f3ry oferuje bezpieczn\u0105 i dyskretn\u0105 dostaw\u0119 na terenie Europy.<\/p>\n<h3>Podsumowanie<\/h3>\n<p>Jelly Donut to idealna odmiana marihuany dla tych, kt\u00f3rzy szukaj\u0105 relaksu, ulgi od b\u00f3lu i lepszego snu. Dzi\u0119ki jej organicznej uprawie i potwierdzonej czysto\u015bci, stanowi bezpieczny i efektywny wyb\u00f3r zar\u00f3wno dla u\u017cytkownik\u00f3w rekreacyjnych, jak i medycznych. <strong>Kup Jelly Donut Weed online w Europie<\/strong> ju\u017c dzi\u015b i skorzystaj z naturalnych korzy\u015bci tej wyj\u0105tkowej odmiany.<\/p>\n<p>&nbsp;<\/p>\n<p><img loading=\"lazy\" decoding=\"async\" class=\"alignnone size-medium wp-image-1149\" src=\"https:\/\/hitexoticsdistro.eu\/wp-content\/uploads\/2024\/10\/WhatsApp-Image-2024-10-02-at-3.50.03-PM-2-300x300.jpeg\" alt=\"Gdzie bezpiecznie kupi\u0107 marihuan\u0119 online?\" width=\"300\" height=\"300\" srcset=\"https:\/\/hitexoticsdistro.eu\/wp-content\/uploads\/2024\/10\/WhatsApp-Image-2024-10-02-at-3.50.03-PM-2-300x300.jpeg 300w, https:\/\/hitexoticsdistro.eu\/wp-content\/uploads\/2024\/10\/WhatsApp-Image-2024-10-02-at-3.50.03-PM-2-150x150.jpeg 150w, https:\/\/hitexoticsdistro.eu\/wp-content\/uploads\/2024\/10\/WhatsApp-Image-2024-10-02-at-3.50.03-PM-2-600x600.jpeg 600w, https:\/\/hitexoticsdistro.eu\/wp-content\/uploads\/2024\/10\/WhatsApp-Image-2024-10-02-at-3.50.03-PM-2-100x100.jpeg 100w, https:\/\/hitexoticsdistro.eu\/wp-content\/uploads\/2024\/10\/WhatsApp-Image-2024-10-02-at-3.50.03-PM-2.jpeg 640w\" sizes=\"auto, (max-width: 300px) 100vw, 300px\" \/><\/p>","protected":false},"excerpt":{"rendered":"<p>Kup Jelly Donut Weed Online w Europie: Idealna Odmiana dla Ukojenia i Relaksu Jelly Donut to wyj\u0105tkowa odmiana marihuany, kt\u00f3ra [&hellip;]<\/p>\n","protected":false},"featured_media":1009,"comment_status":"closed","ping_status":"closed","template":"","meta":{"_surecart_dashboard_logo_width":"180px","_surecart_dashboard_show_logo":true,"_surecart_dashboard_navigation_orders":true,"_surecart_dashboard_navigation_invoices":true,"_surecart_dashboard_navigation_subscriptions":true,"_surecart_dashboard_navigation_downloads":true,"_surecart_dashboard_navigation_billing":true,"_surecart_dashboard_navigation_account":true,"_uag_custom_page_level_css":"","site-sidebar-layout":"default","site-content-layout":"","ast-site-content-layout":"default","site-content-style":"default","site-sidebar-style":"default","ast-global-header-display":"","ast-banner-title-visibility":"","ast-main-header-display":"","ast-hfb-above-header-display":"","ast-hfb-below-header-display":"","ast-hfb-mobile-header-display":"","site-post-title":"","ast-breadcrumbs-content":"","ast-featured-img":"","footer-sml-layout":"","theme-transparent-header-meta":"default","adv-header-id-meta":"","stick-header-meta":"","header-above-stick-meta":"","header-main-stick-meta":"","header-below-stick-meta":"","astra-migrate-meta-layouts":"set","ast-page-background-enabled":"default","ast-page-background-meta":{"desktop":{"background-color":"var(--ast-global-color-4)","background-image":"","background-repeat":"repeat","background-position":"center center","background-size":"auto","background-attachment":"scroll","background-type":"","background-media":"","overlay-type":"","overlay-color":"","overlay-opacity":"","overlay-gradient":""},"tablet":{"background-color":"","background-image":"","background-repeat":"repeat","background-position":"center center","background-size":"auto","background-attachment":"scroll","background-type":"","background-media":"","overlay-type":"","overlay-color":"","overlay-opacity":"","overlay-gradient":""},"mobile":{"background-color":"","background-image":"","background-repeat":"repeat","background-position":"center center","background-size":"auto","background-attachment":"scroll","background-type":"","background-media":"","overlay-type":"","overlay-color":"","overlay-opacity":"","overlay-gradient":""}},"ast-content-background-meta":{"desktop":{"background-color":"var(--ast-global-color-5)","background-image":"","background-repeat":"repeat","background-position":"center center","background-size":"auto","background-attachment":"scroll","background-type":"","background-media":"","overlay-type":"","overlay-color":"","overlay-opacity":"","overlay-gradient":""},"tablet":{"background-color":"var(--ast-global-color-5)","background-image":"","background-repeat":"repeat","background-position":"center center","background-size":"auto","background-attachment":"scroll","background-type":"","background-media":"","overlay-type":"","overlay-color":"","overlay-opacity":"","overlay-gradient":""},"mobile":{"background-color":"var(--ast-global-color-5)","background-image":"","background-repeat":"repeat","background-position":"center center","background-size":"auto","background-attachment":"scroll","background-type":"","background-media":"","overlay-type":"","overlay-color":"","overlay-opacity":"","overlay-gradient":""}}},"product_brand":[],"product_cat":[454,453],"product_tag":[471],"class_list":{"0":"post-981","1":"product","2":"type-product","3":"status-publish","4":"has-post-thumbnail","6":"product_cat-sklep-z-marihuana-thca","7":"product_cat-sklep-z-marihuana-premium-thca","8":"product_tag-jelly-donut-thca-weed-flower-for-sale","9":"desktop-align-left","10":"tablet-align-left","11":"mobile-align-left","13":"first","14":"instock","15":"shipping-taxable","16":"purchasable","17":"product-type-simple"},"uagb_featured_image_src":{"full":["https:\/\/hitexoticsdistro.eu\/wp-content\/uploads\/2024\/10\/Jelly-Donut-THCa-Weed-Flower.webp",1800,1800,false],"thumbnail":["https:\/\/hitexoticsdistro.eu\/wp-content\/uploads\/2024\/10\/Jelly-Donut-THCa-Weed-Flower-150x150.webp",150,150,true],"medium":["https:\/\/hitexoticsdistro.eu\/wp-content\/uploads\/2024\/10\/Jelly-Donut-THCa-Weed-Flower-300x300.webp",300,300,true],"medium_large":["https:\/\/hitexoticsdistro.eu\/wp-content\/uploads\/2024\/10\/Jelly-Donut-THCa-Weed-Flower-768x768.webp",768,768,true],"large":["https:\/\/hitexoticsdistro.eu\/wp-content\/uploads\/2024\/10\/Jelly-Donut-THCa-Weed-Flower-1024x1024.webp",1024,1024,true],"1536x1536":["https:\/\/hitexoticsdistro.eu\/wp-content\/uploads\/2024\/10\/Jelly-Donut-THCa-Weed-Flower-1536x1536.webp",1536,1536,true],"2048x2048":["https:\/\/hitexoticsdistro.eu\/wp-content\/uploads\/2024\/10\/Jelly-Donut-THCa-Weed-Flower.webp",1800,1800,false],"trp-custom-language-flag":["https:\/\/hitexoticsdistro.eu\/wp-content\/uploads\/2024\/10\/Jelly-Donut-THCa-Weed-Flower.webp",12,12,false],"woocommerce_thumbnail":["https:\/\/hitexoticsdistro.eu\/wp-content\/uploads\/2024\/10\/Jelly-Donut-THCa-Weed-Flower-300x300.webp",300,300,true],"woocommerce_single":["https:\/\/hitexoticsdistro.eu\/wp-content\/uploads\/2024\/10\/Jelly-Donut-THCa-Weed-Flower-600x600.webp",600,600,true],"woocommerce_gallery_thumbnail":["https:\/\/hitexoticsdistro.eu\/wp-content\/uploads\/2024\/10\/Jelly-Donut-THCa-Weed-Flower-100x100.webp",100,100,true]},"uagb_author_info":{"display_name":"","author_link":"https:\/\/hitexoticsdistro.eu\/fi\/author\/"},"uagb_comment_info":0,"uagb_excerpt":"Kup Jelly Donut Weed Online w Europie: Idealna Odmiana dla Ukojenia i Relaksu Jelly Donut to wyj\u0105tkowa odmiana marihuany, kt\u00f3ra [&hellip;]","_links":{"self":[{"href":"https:\/\/hitexoticsdistro.eu\/fi\/wp-json\/wp\/v2\/product\/981","targetHints":{"allow":["GET"]}}],"collection":[{"href":"https:\/\/hitexoticsdistro.eu\/fi\/wp-json\/wp\/v2\/product"}],"about":[{"href":"https:\/\/hitexoticsdistro.eu\/fi\/wp-json\/wp\/v2\/types\/product"}],"replies":[{"embeddable":true,"href":"https:\/\/hitexoticsdistro.eu\/fi\/wp-json\/wp\/v2\/comments?post=981"}],"wp:featuredmedia":[{"embeddable":true,"href":"https:\/\/hitexoticsdistro.eu\/fi\/wp-json\/wp\/v2\/media\/1009"}],"wp:attachment":[{"href":"https:\/\/hitexoticsdistro.eu\/fi\/wp-json\/wp\/v2\/media?parent=981"}],"wp:term":[{"taxonomy":"product_brand","embeddable":true,"href":"https:\/\/hitexoticsdistro.eu\/fi\/wp-json\/wp\/v2\/product_brand?post=981"},{"taxonomy":"product_cat","embeddable":true,"href":"https:\/\/hitexoticsdistro.eu\/fi\/wp-json\/wp\/v2\/product_cat?post=981"},{"taxonomy":"product_tag","embeddable":true,"href":"https:\/\/hitexoticsdistro.eu\/fi\/wp-json\/wp\/v2\/product_tag?post=981"}],"curies":[{"name":"wp","href":"https:\/\/api.w.org\/{rel}","templated":true}]}}