{"id":751,"date":"2024-10-10T23:01:23","date_gmt":"2024-10-10T23:01:23","guid":{"rendered":"https:\/\/hitexoticsdistro.com\/?post_type=product&#038;p=751"},"modified":"2024-10-26T15:03:25","modified_gmt":"2024-10-26T15:03:25","slug":"kup-sunset-sherbert-thc-diamenty","status":"publish","type":"product","link":"https:\/\/hitexoticsdistro.eu\/fi\/product\/kup-sunset-sherbert-thc-diamenty\/","title":{"rendered":"Sunset Sherbert THC Diamonds"},"content":{"rendered":"<h2>Kup Sunset Sherbert THC Diamenty: Idealna Mieszanka Relaksu i Euforii<\/h2>\n<p>Sunset Sherbert THC Diamenty to wyj\u0105tkowy <a href=\"https:\/\/hitexoticsdistro.eu\/fi\/product-category\/gdzie-moge-kupic-marihuane\/\">produkt marihuany<\/a>, kt\u00f3ry \u0142\u0105czy w sobie mocn\u0105 odmian\u0119 <em>indica<\/em> z delikatnym wp\u0142ywem <em>sativa<\/em>. Dzi\u0119ki 85% <em>indica<\/em> i 15% <em>sativa<\/em>, Sunset Sherbert jest doskona\u0142ym wyborem dla tych, kt\u00f3rzy szukaj\u0105 g\u0142\u0119bokiego relaksu, euforii i tw\u00f3rczego pobudzenia. Powsta\u0142y w wyniku skrzy\u017cowania <em>Pink Panties<\/em> z <em>Girl Scout Cookies<\/em>, diamenty THC tej odmiany s\u0105 znane z bogatego profilu smakowego i terapeutycznych w\u0142a\u015bciwo\u015bci.<\/p>\n<h3>Dlaczego warto kupi\u0107 Sunset Sherbert THC Diamenty?<\/h3>\n<p>Kupuj\u0105c <strong>Sunset Sherbert THC Diamenty<\/strong> online, zyskujesz dost\u0119p do produktu o wyj\u0105tkowej jako\u015bci i wysokim st\u0119\u017ceniu THC, kt\u00f3re wynosi od 15% do 19%. To doskona\u0142a opcja zar\u00f3wno dla do\u015bwiadczonych u\u017cytkownik\u00f3w, jak i tych, kt\u00f3rzy dopiero zaczynaj\u0105 swoj\u0105 przygod\u0119 z marihuan\u0105 medyczn\u0105. Sunset Sherbert <a href=\"https:\/\/www.cristalcbd.pl\/kategoria-produktu\/zywnosc-konopna\/\" rel=\"nofollow noopener\" target=\"_blank\">THC<\/a> Diamenty to gwarancja intensywnych dozna\u0144 smakowych, przyjemnego relaksu i euforii, kt\u00f3re trwaj\u0105 przez d\u0142u\u017cszy czas.<\/p>\n<h3>Korzy\u015bci terapeutyczne Sunset Sherbert THC Diamenty<\/h3>\n<p>Dzi\u0119ki umiarkowanemu poziomowi THC oraz zr\u00f3wnowa\u017conemu profilowi <em>indica<\/em> i <em>sativa<\/em>, Sunset Sherbert THC Diamenty s\u0105 cz\u0119sto wybierane przez osoby cierpi\u0105ce na:<\/p>\n<ul>\n<li><strong>ADD\/ADHD<\/strong><\/li>\n<li><strong>L\u0119ki i stres<\/strong><\/li>\n<li><strong>Artretyzm i chroniczny b\u00f3l<\/strong><\/li>\n<li><strong>Bezsenno\u015b\u0107 i utrata apetytu<\/strong><\/li>\n<li><strong>Zaburzenia nastroju, depresja i wahania nastroju<\/strong><\/li>\n<\/ul>\n<p>Sunset Sherbert dzia\u0142a koj\u0105co na umys\u0142, jednocze\u015bnie przynosz\u0105c ulg\u0119 cia\u0142u, co czyni go idealnym wyborem na wieczorny relaks i medytacj\u0119.<\/p>\n<h3>Smaki i aromaty Sunset Sherbert<\/h3>\n<p>Jednym z powod\u00f3w, dla kt\u00f3rych u\u017cytkownicy wybieraj\u0105 Sunset Sherbert THC Diamenty, jest ich bogaty profil smakowy. To prawdziwa uczta dla zmys\u0142\u00f3w, \u0142\u0105cz\u0105ca nuty <strong>kremowe, owocowe, orzechowe<\/strong> i <strong>s\u0142odkie<\/strong>. Aromat natomiast przenosi u\u017cytkownika w \u015bwiat <strong>owocowych<\/strong> i <strong>s\u0142odkich<\/strong> zapach\u00f3w, co czyni palenie tej odmiany prawdziw\u0105 przyjemno\u015bci\u0105.<\/p>\n<h3>Jak dzia\u0142aj\u0105 Sunset Sherbert THC Diamenty?<\/h3>\n<p>Dzia\u0142anie <strong>Sunset Sherbert THC Diamenty<\/strong> zaczyna si\u0119 od euforycznego &#8222;haju&#8221;, kt\u00f3ry szybko przechodzi w stan g\u0142\u0119bokiego relaksu. Dzi\u0119ki dominuj\u0105cej <em>indica<\/em> mo\u017cesz spodziewa\u0107 si\u0119 uczucia odpr\u0119\u017cenia, kt\u00f3re pomo\u017ce z\u0142agodzi\u0107 stres i niepok\u00f3j. Efekty <em>sativa<\/em> dodaj\u0105 odrobin\u0119 energii i kreatywno\u015bci, co sprawia, \u017ce Sunset Sherbert jest idealnym wyborem na wiecz\u00f3r, gdy chcesz si\u0119 zrelaksowa\u0107, ale nie ca\u0142kowicie zanurzy\u0107 si\u0119 w kanapie.<\/p>\n<h3>Kup Sunset Sherbert THC Diamenty Online<\/h3>\n<p>Je\u015bli szukasz wysokiej jako\u015bci diament\u00f3w THC, <strong>kup Sunset Sherbert THC Diamenty<\/strong> ju\u017c teraz na stronie <a href=\"https:\/\/hitexoticsdistro.eu\/fi\/\" target=\"_new\" rel=\"noopener\">HitExoticsDistro<\/a>. Zapewniamy szybkie i dyskretne dostawy prosto do twojego domu. Z Sunset Sherbert THC Diamenty mo\u017cesz cieszy\u0107 si\u0119 wyj\u0105tkowym do\u015bwiadczeniem relaksu, niezale\u017cnie od tego, czy szukasz ulgi w b\u00f3lu, czy po prostu chcesz zrelaksowa\u0107 si\u0119 po d\u0142ugim dniu.<\/p>\n<h3>Frequently Asked Questions<\/h3>\n<h4>Co to s\u0105 Sunset Sherbert THC Diamenty?<\/h4>\n<p>Sunset Sherbert THC Diamenty to produkt marihuany o wysokim st\u0119\u017ceniu THC, pochodz\u0105cy z hybrydy <em>Pink Panties<\/em> i <em>Girl Scout Cookies<\/em>. Jest to odmiana <em>indica-dominant<\/em>.<\/p>\n<h4>Jakie s\u0105 g\u0142\u00f3wne efekty Sunset Sherbert THC Diamenty?<\/h4>\n<p>Efekty Sunset Sherbert obejmuj\u0105 <strong>kreatywno\u015b\u0107, eufori\u0119, szcz\u0119\u015bcie<\/strong> i <strong>relaks<\/strong>. To idealny wyb\u00f3r na relaksuj\u0105ce wieczory.<\/p>\n<h4>Na co pomaga Sunset Sherbert THC Diamenty?<\/h4>\n<p>Sunset Sherbert jest skuteczny w \u0142agodzeniu objaw\u00f3w takich jak <strong>ADD\/ADHD, l\u0119k, artretyzm, depresja<\/strong>, a tak\u017ce <strong>przewlek\u0142y b\u00f3l i bezsenno\u015b\u0107<\/strong>.<\/p>\n<h4>Jakie smaki ma Sunset Sherbert THC Diamenty?<\/h4>\n<p>Sunset Sherbert wyr\u00f3\u017cnia si\u0119 <strong>kremowymi, owocowymi, orzechowymi<\/strong> i <strong>s\u0142odkimi<\/strong> smakami, co czyni go wyj\u0105tkowo przyjemnym w u\u017cytkowaniu.<\/p>\n<h4>Czy mog\u0119 kupi\u0107 Sunset Sherbert THC Diamenty online?<\/h4>\n<p>Tak, Sunset Sherbert THC Diamenty s\u0105 dost\u0119pne online na stronie <a href=\"https:\/\/hitexoticsdistro.eu\/fi\/\" target=\"_new\" rel=\"noopener\">HitExoticsDistro<\/a>. Kup teraz i ciesz si\u0119 wysok\u0105 jako\u015bci\u0105 i szybk\u0105 dostaw\u0105.<\/p>\n<h3>Podsumowanie<\/h3>\n<p>Sunset Sherbert THC Diamenty to doskona\u0142y wyb\u00f3r dla tych, kt\u00f3rzy szukaj\u0105 kombinacji relaksu i euforii, z odrobin\u0105 kreatywnego pobudzenia. Dzi\u0119ki wysokiej zawarto\u015bci THC i unikalnemu profilowi smakowemu, Sunset Sherbert to produkt, kt\u00f3ry spe\u0142ni oczekiwania nawet najbardziej wymagaj\u0105cych u\u017cytkownik\u00f3w. <strong>Kup Sunset Sherbert THC Diamenty<\/strong> i do\u015bwiadcz pe\u0142ni relaksu ju\u017c dzi\u015b!<\/p>\n<p>&nbsp;<\/p>\n<p><img loading=\"lazy\" decoding=\"async\" class=\"alignnone size-medium wp-image-1330\" src=\"https:\/\/hitexoticsdistro.eu\/wp-content\/uploads\/2024\/10\/cropped-WhatsApp-Image-2024-10-02-at-3.50.03-PM-2-1-300x300.jpeg\" alt=\"Gdzie bezpiecznie kupi\u0107 marihuan\u0119 online?\" width=\"300\" height=\"300\" srcset=\"https:\/\/hitexoticsdistro.eu\/wp-content\/uploads\/2024\/10\/cropped-WhatsApp-Image-2024-10-02-at-3.50.03-PM-2-1-300x300.jpeg 300w, https:\/\/hitexoticsdistro.eu\/wp-content\/uploads\/2024\/10\/cropped-WhatsApp-Image-2024-10-02-at-3.50.03-PM-2-1-150x150.jpeg 150w, https:\/\/hitexoticsdistro.eu\/wp-content\/uploads\/2024\/10\/cropped-WhatsApp-Image-2024-10-02-at-3.50.03-PM-2-1-100x100.jpeg 100w, https:\/\/hitexoticsdistro.eu\/wp-content\/uploads\/2024\/10\/cropped-WhatsApp-Image-2024-10-02-at-3.50.03-PM-2-1-270x270.jpeg 270w, https:\/\/hitexoticsdistro.eu\/wp-content\/uploads\/2024\/10\/cropped-WhatsApp-Image-2024-10-02-at-3.50.03-PM-2-1-192x192.jpeg 192w, https:\/\/hitexoticsdistro.eu\/wp-content\/uploads\/2024\/10\/cropped-WhatsApp-Image-2024-10-02-at-3.50.03-PM-2-1-180x180.jpeg 180w, https:\/\/hitexoticsdistro.eu\/wp-content\/uploads\/2024\/10\/cropped-WhatsApp-Image-2024-10-02-at-3.50.03-PM-2-1-32x32.jpeg 32w, https:\/\/hitexoticsdistro.eu\/wp-content\/uploads\/2024\/10\/cropped-WhatsApp-Image-2024-10-02-at-3.50.03-PM-2-1.jpeg 512w\" sizes=\"auto, (max-width: 300px) 100vw, 300px\" \/><\/p>","protected":false},"excerpt":{"rendered":"<p>Kup Sunset Sherbert THC Diamenty: Idealna Mieszanka Relaksu i Euforii Sunset Sherbert THC Diamenty to wyj\u0105tkowy produkt marihuany, kt\u00f3ry \u0142\u0105czy [&hellip;]<\/p>\n","protected":false},"featured_media":806,"comment_status":"closed","ping_status":"closed","template":"","meta":{"_surecart_dashboard_logo_width":"180px","_surecart_dashboard_show_logo":true,"_surecart_dashboard_navigation_orders":true,"_surecart_dashboard_navigation_invoices":true,"_surecart_dashboard_navigation_subscriptions":true,"_surecart_dashboard_navigation_downloads":true,"_surecart_dashboard_navigation_billing":true,"_surecart_dashboard_navigation_account":true,"_uag_custom_page_level_css":"","site-sidebar-layout":"default","site-content-layout":"","ast-site-content-layout":"default","site-content-style":"default","site-sidebar-style":"default","ast-global-header-display":"","ast-banner-title-visibility":"","ast-main-header-display":"","ast-hfb-above-header-display":"","ast-hfb-below-header-display":"","ast-hfb-mobile-header-display":"","site-post-title":"","ast-breadcrumbs-content":"","ast-featured-img":"","footer-sml-layout":"","theme-transparent-header-meta":"default","adv-header-id-meta":"","stick-header-meta":"","header-above-stick-meta":"","header-main-stick-meta":"","header-below-stick-meta":"","astra-migrate-meta-layouts":"set","ast-page-background-enabled":"default","ast-page-background-meta":{"desktop":{"background-color":"var(--ast-global-color-4)","background-image":"","background-repeat":"repeat","background-position":"center center","background-size":"auto","background-attachment":"scroll","background-type":"","background-media":"","overlay-type":"","overlay-color":"","overlay-opacity":"","overlay-gradient":""},"tablet":{"background-color":"","background-image":"","background-repeat":"repeat","background-position":"center center","background-size":"auto","background-attachment":"scroll","background-type":"","background-media":"","overlay-type":"","overlay-color":"","overlay-opacity":"","overlay-gradient":""},"mobile":{"background-color":"","background-image":"","background-repeat":"repeat","background-position":"center center","background-size":"auto","background-attachment":"scroll","background-type":"","background-media":"","overlay-type":"","overlay-color":"","overlay-opacity":"","overlay-gradient":""}},"ast-content-background-meta":{"desktop":{"background-color":"var(--ast-global-color-5)","background-image":"","background-repeat":"repeat","background-position":"center center","background-size":"auto","background-attachment":"scroll","background-type":"","background-media":"","overlay-type":"","overlay-color":"","overlay-opacity":"","overlay-gradient":""},"tablet":{"background-color":"var(--ast-global-color-5)","background-image":"","background-repeat":"repeat","background-position":"center center","background-size":"auto","background-attachment":"scroll","background-type":"","background-media":"","overlay-type":"","overlay-color":"","overlay-opacity":"","overlay-gradient":""},"mobile":{"background-color":"var(--ast-global-color-5)","background-image":"","background-repeat":"repeat","background-position":"center center","background-size":"auto","background-attachment":"scroll","background-type":"","background-media":"","overlay-type":"","overlay-color":"","overlay-opacity":"","overlay-gradient":""}}},"product_brand":[],"product_cat":[348,53],"product_tag":[356,350,351],"class_list":{"0":"post-751","1":"product","2":"type-product","3":"status-publish","4":"has-post-thumbnail","6":"product_cat-gdzie-kupic-thca-diamonds-online","7":"product_cat-kup-koncentraty-konopi-indyjskich-online","8":"product_tag-buy-sunset-sherbert-thc-diamonds-online-sweden","9":"product_tag-buy-thca-crystal-diamonds-online","10":"product_tag-buy-thca-diamonds-online-eu","11":"desktop-align-left","12":"tablet-align-left","13":"mobile-align-left","15":"first","16":"instock","17":"shipping-taxable","18":"purchasable","19":"product-type-simple"},"uagb_featured_image_src":{"full":["https:\/\/hitexoticsdistro.eu\/wp-content\/uploads\/2024\/10\/Buy-Sunset-Sherbert-THC-Diamonds.webp",2560,1707,false],"thumbnail":["https:\/\/hitexoticsdistro.eu\/wp-content\/uploads\/2024\/10\/Buy-Sunset-Sherbert-THC-Diamonds-150x150.webp",150,150,true],"medium":["https:\/\/hitexoticsdistro.eu\/wp-content\/uploads\/2024\/10\/Buy-Sunset-Sherbert-THC-Diamonds-300x200.webp",300,200,true],"medium_large":["https:\/\/hitexoticsdistro.eu\/wp-content\/uploads\/2024\/10\/Buy-Sunset-Sherbert-THC-Diamonds-768x512.webp",768,512,true],"large":["https:\/\/hitexoticsdistro.eu\/wp-content\/uploads\/2024\/10\/Buy-Sunset-Sherbert-THC-Diamonds-1024x683.webp",1024,683,true],"1536x1536":["https:\/\/hitexoticsdistro.eu\/wp-content\/uploads\/2024\/10\/Buy-Sunset-Sherbert-THC-Diamonds-1536x1024.webp",1536,1024,true],"2048x2048":["https:\/\/hitexoticsdistro.eu\/wp-content\/uploads\/2024\/10\/Buy-Sunset-Sherbert-THC-Diamonds-2048x1366.webp",2048,1366,true],"trp-custom-language-flag":["https:\/\/hitexoticsdistro.eu\/wp-content\/uploads\/2024\/10\/Buy-Sunset-Sherbert-THC-Diamonds.webp",18,12,false],"woocommerce_thumbnail":["https:\/\/hitexoticsdistro.eu\/wp-content\/uploads\/2024\/10\/Buy-Sunset-Sherbert-THC-Diamonds-300x300.webp",300,300,true],"woocommerce_single":["https:\/\/hitexoticsdistro.eu\/wp-content\/uploads\/2024\/10\/Buy-Sunset-Sherbert-THC-Diamonds-600x400.webp",600,400,true],"woocommerce_gallery_thumbnail":["https:\/\/hitexoticsdistro.eu\/wp-content\/uploads\/2024\/10\/Buy-Sunset-Sherbert-THC-Diamonds-100x100.webp",100,100,true]},"uagb_author_info":{"display_name":"","author_link":"https:\/\/hitexoticsdistro.eu\/fi\/author\/"},"uagb_comment_info":0,"uagb_excerpt":"Kup Sunset Sherbert THC Diamenty: Idealna Mieszanka Relaksu i Euforii Sunset Sherbert THC Diamenty to wyj\u0105tkowy produkt marihuany, kt\u00f3ry \u0142\u0105czy [&hellip;]","_links":{"self":[{"href":"https:\/\/hitexoticsdistro.eu\/fi\/wp-json\/wp\/v2\/product\/751","targetHints":{"allow":["GET"]}}],"collection":[{"href":"https:\/\/hitexoticsdistro.eu\/fi\/wp-json\/wp\/v2\/product"}],"about":[{"href":"https:\/\/hitexoticsdistro.eu\/fi\/wp-json\/wp\/v2\/types\/product"}],"replies":[{"embeddable":true,"href":"https:\/\/hitexoticsdistro.eu\/fi\/wp-json\/wp\/v2\/comments?post=751"}],"wp:featuredmedia":[{"embeddable":true,"href":"https:\/\/hitexoticsdistro.eu\/fi\/wp-json\/wp\/v2\/media\/806"}],"wp:attachment":[{"href":"https:\/\/hitexoticsdistro.eu\/fi\/wp-json\/wp\/v2\/media?parent=751"}],"wp:term":[{"taxonomy":"product_brand","embeddable":true,"href":"https:\/\/hitexoticsdistro.eu\/fi\/wp-json\/wp\/v2\/product_brand?post=751"},{"taxonomy":"product_cat","embeddable":true,"href":"https:\/\/hitexoticsdistro.eu\/fi\/wp-json\/wp\/v2\/product_cat?post=751"},{"taxonomy":"product_tag","embeddable":true,"href":"https:\/\/hitexoticsdistro.eu\/fi\/wp-json\/wp\/v2\/product_tag?post=751"}],"curies":[{"name":"wp","href":"https:\/\/api.w.org\/{rel}","templated":true}]}}