{"id":391,"date":"2024-10-10T22:49:08","date_gmt":"2024-10-10T22:49:08","guid":{"rendered":"https:\/\/hitexoticsdistro.com\/?post_type=product&#038;p=391"},"modified":"2024-10-26T23:09:18","modified_gmt":"2024-10-26T23:09:18","slug":"kup-banana-og-weed-online","status":"publish","type":"product","link":"https:\/\/hitexoticsdistro.eu\/fi\/product\/kup-banana-og-weed-online\/","title":{"rendered":"Banana OG"},"content":{"rendered":"<h2><strong>Kup Banana OG Weed Online: Idealna Odmiana na Relaks i Ulg\u0119<\/strong><\/h2>\n<p>Banana OG to odmiana Indica-dominant (70% <a href=\"https:\/\/hitexoticsdistro.eu\/fi\/product-category\/kup-konopie-indyjskie-indica-online\/\">Indica<\/a>, 30% <a href=\"https:\/\/hitexoticsdistro.eu\/fi\/product-category\/kup-marihuane-sativa-online-polska\/\">Sativa<\/a>), kt\u00f3ra szybko zyska\u0142a popularno\u015b\u0107 w\u015br\u00f3d mi\u0142o\u015bnik\u00f3w marihuany. Stworzona przez skrzy\u017cowanie kultowej odmiany <em>Banana<\/em> z <em>OG Kush<\/em>, Banana OG oferuje wyj\u0105tkowe, \u0142agodne do\u015bwiadczenie, kt\u00f3re jest zar\u00f3wno relaksuj\u0105ce, jak i przyjemne. Odmiana ta jest znana ze swojego charakterystycznego smaku bananowego z nut\u0105 cynamonu, oferuj\u0105c tropikaln\u0105, owocow\u0105 przyjemno\u015b\u0107 przy ka\u017cdym buchu. Niezale\u017cnie od tego, czy szukasz ulgi w b\u00f3lu przewlek\u0142ym, stresie, czy po prostu chcesz si\u0119 zrelaksowa\u0107 po d\u0142ugim dniu, Banana OG to doskona\u0142y wyb\u00f3r zar\u00f3wno dla pocz\u0105tkuj\u0105cych, jak i do\u015bwiadczonych u\u017cytkownik\u00f3w.<\/p>\n<h3>Dlaczego warto kupi\u0107 Banana OG Weed Online?<\/h3>\n<p>Kupuj\u0105c Banana OG weed online, stawiasz na wygod\u0119 i jako\u015b\u0107. Zam\u00f3wienie online pozwala Ci uzyska\u0107 dost\u0119p do wysokiej jako\u015bci marihuany bezpo\u015brednio od zaufanych dostawc\u00f3w, zapewniaj\u0105c, \u017ce otrzymujesz mocny, dobrze wyhodowany produkt, dostarczony dyskretnie pod Twoje drzwi. <strong>HitExoticsDistro<\/strong> gwarantuje, \u017ce nasza Banana OG jest \u015bwie\u017ca, aromatyczna i mocna, oferuj\u0105c najlepsze mo\u017cliwe doznania.<\/p>\n<h3>Efekty Banana OG<\/h3>\n<p>Banana OG oferuje zr\u00f3wnowa\u017cony, relaksuj\u0105cy haj, kt\u00f3ry oddzia\u0142uje g\u0142\u00f3wnie na cia\u0142o, jednocze\u015bnie zachowuj\u0105c jasno\u015b\u0107 umys\u0142u. Pocz\u0105tkowe efekty to koj\u0105cy haj cielesny po\u0142\u0105czony z uczuciami euforii i szcz\u0119\u015bcia. W miar\u0119 post\u0119powania haju, u\u017cytkownicy cz\u0119sto odczuwaj\u0105 uspokajaj\u0105cy stan relaksu, kt\u00f3ry usuwa stres i niepok\u00f3j, czyni\u0105c j\u0105 idealn\u0105 odmian\u0105 na wieczorne odpr\u0119\u017cenie. Przy wi\u0119kszych dawkach sedatywne w\u0142a\u015bciwo\u015bci staj\u0105 si\u0119 bardziej wyra\u017ane, co mo\u017ce prowadzi\u0107 do ci\u0119\u017ckich powiek i zablokowania na kanapie, idealne na spokojny sen.<\/p>\n<h3>Korzy\u015bci terapeutyczne Banana OG Weed<\/h3>\n<p>Wielu u\u017cytkownik\u00f3w kupuje Banana OG weed online ze wzgl\u0119du na jej pot\u0119\u017cne w\u0142a\u015bciwo\u015bci terapeutyczne. Jest to wszechstronna odmiana, kt\u00f3ra mo\u017ce pom\u00f3c w leczeniu wielu schorze\u0144, w tym:<\/p>\n<ul>\n<li><strong>Przewlek\u0142y b\u00f3l i zapalenie<\/strong>: Pot\u0119\u017cny haj cielesny Banana OG sprawia, \u017ce jest skuteczna w \u0142agodzeniu b\u00f3lu mi\u0119\u015bni, artretyzmu i redukcji stan\u00f3w zapalnych.<\/li>\n<li><strong>L\u0119k i stres<\/strong>: \u0141agodz\u0105ce efekty pomagaj\u0105 zmniejszy\u0107 stres i l\u0119k, oferuj\u0105c spokojny stan umys\u0142u bez przyt\u0142aczania u\u017cytkownika.<\/li>\n<li><strong>Bezsenno\u015b\u0107<\/strong>: Je\u015bli masz problemy ze snem, relaksuj\u0105ce efekty Banana OG s\u0105 idealne do promowania g\u0142\u0119bokiego, regeneruj\u0105cego snu.<\/li>\n<li><strong>Utrata apetytu<\/strong>: Dla tych, kt\u00f3rzy borykaj\u0105 si\u0119 z utrat\u0105 apetytu, Banana OG pomaga pobudzi\u0107 g\u0142\u00f3d, u\u0142atwiaj\u0105c spo\u017cycie posi\u0142k\u00f3w.<\/li>\n<li><strong>PTSD i neuropatia<\/strong>: Ze wzgl\u0119du na swoje koj\u0105ce w\u0142a\u015bciwo\u015bci, ta odmiana mo\u017ce r\u00f3wnie\u017c pom\u00f3c w radzeniu sobie z objawami PTSD oraz b\u00f3lem neuropatycznym.<\/li>\n<li><strong>Skurcze mi\u0119\u015bni<\/strong>: \u0141agodz\u0105ce efekty na cia\u0142o Banana OG mog\u0105 zmniejszy\u0107 skurcze mi\u0119\u015bni i promowa\u0107 fizyczny relaks.<\/li>\n<\/ul>\n<h3>Profil smakowy i aromat<\/h3>\n<p>Jedn\u0105 z charakterystycznych cech Banana OG jest jej niesamowity smak. Jak sama nazwa wskazuje, odmiana ta oferuje <strong>s\u0142odki, owocowy<\/strong> smak, kt\u00f3ry przypomina banany, z subtelnymi nutami <strong>tropikalnymi<\/strong> i <strong>drzewnymi<\/strong>. Niekt\u00f3rzy u\u017cytkownicy zg\u0142aszaj\u0105 r\u00f3wnie\u017c lekk\u0105 <strong>cynamonow\u0105<\/strong> nut\u0119 podczas wydychania, dodaj\u0105c przyjemny pikantny akcent do ca\u0142ego do\u015bwiadczenia.<\/p>\n<p>Pod wzgl\u0119dem aromatu, Banana OG ma charakterystyczny <strong>skunky<\/strong> zapach z owocowymi nutami, kt\u00f3re wype\u0142niaj\u0105 pomieszczenie, oferuj\u0105c pe\u0142ne doznania sensoryczne. Ten tropikalny bukiet to doskona\u0142e wprowadzenie do niezapomnianego haju.<\/p>\n<h3>Wygl\u0105d Banana OG<\/h3>\n<p>Ro\u015blina Banana OG ma jasnozielony kolor, a jej p\u0105ki s\u0105 zazwyczaj g\u0119ste i pokryte warstw\u0105 mro\u017anych trichom\u00f3w. Te \u017cywiczne trichomy przyczyniaj\u0105 si\u0119 do mocy odmiany, co sprawia, \u017ce jest ona nie tylko wizualnie atrakcyjna, ale tak\u017ce dostarcza silnych efekt\u00f3w. Mo\u017cna oczekiwa\u0107 \u015bredniej i du\u017cej wielko\u015bci p\u0105k\u00f3w, kt\u00f3re s\u0105 lekko klej\u0105ce w dotyku, co \u015bwiadczy o bogatym profilu terpenowym.<\/p>\n<h3>Dlaczego warto wybra\u0107 Banana OG?<\/h3>\n<ul>\n<li><strong>Relaksuj\u0105cy, ale funkcjonalny<\/strong>: Banana OG oferuje idealn\u0105 r\u00f3wnowag\u0119 relaksu i funkcjonalno\u015bci. Podczas gdy Twoje cia\u0142o si\u0119 odpr\u0119\u017ca, umys\u0142 pozostaje jasny, co pozwala kontynuowa\u0107 zadania, je\u015bli to konieczne.<\/li>\n<li><strong>\u015awietna na b\u00f3l<\/strong>: Dzi\u0119ki silnym korzeniom indica, Banana OG jest bardzo skuteczna w radzeniu sobie z przewlek\u0142ym b\u00f3lem i zapaleniem.<\/li>\n<li><strong>Idealna na wiecz\u00f3r<\/strong>: Poniewa\u017c odmiana ta bardziej sk\u0142ania si\u0119 ku swoim cechom indica, najlepiej cieszy\u0107 si\u0119 ni\u0105 wieczorem, gdy chcesz si\u0119 zrelaksowa\u0107 i odpr\u0119\u017cy\u0107.<\/li>\n<li><strong>\u0141agodna dla umys\u0142u<\/strong>: W przeciwie\u0144stwie do silniejszych odmian, Banana OG nie pozostawi Ci\u0119 nadmiernie uspokojonym lub mentalnie przyt\u0142oczonym, co czyni j\u0105 \u015bwietn\u0105 opcj\u0105 dla os\u00f3b poszukuj\u0105cych \u0142agodnego, przyjemnego haju.<\/li>\n<\/ul>\n<h3>Kup Banana OG Weed Online Ju\u017c Teraz!<\/h3>\n<p>Je\u015bli jeste\u015b gotowy, by do\u015bwiadczy\u0107 koj\u0105cych, euforycznych efekt\u00f3w Banana OG, nie ma lepszego miejsca na zakup ni\u017c <a href=\"https:\/\/hitexoticsdistro.eu\/fi\/\"><strong>HitExoticsDistro<\/strong><\/a>. Kiedy kupujesz Banana OG weed online od nas, otrzymujesz nie tylko produkt najwy\u017cszej jako\u015bci, ale tak\u017ce pewno\u015b\u0107 bezpiecznej, dyskretnej dostawy prosto pod Twoje drzwi. Niezale\u017cnie od tego, czy szukasz ulgi w stresie, l\u0119ku, przewlek\u0142ym b\u00f3lu, czy po prostu relaksuj\u0105cego haju, Banana OG to idealna odmiana dla Ciebie.<\/p>\n<h3>Cz\u0119sto zadawane pytania<\/h3>\n<p><strong>1. Jakie s\u0105 g\u0142\u00f3wne efekty Banana OG?<\/strong><br \/>\nBanana OG dostarcza haju cielesnego, kt\u00f3ry jest zar\u00f3wno relaksuj\u0105cy, jak i euforyczny, z \u0142agodnym efektem umys\u0142owym. \u015awietnie nadaje si\u0119 do \u0142agodzenia stresu i l\u0119ku, jednocze\u015bnie pozwalaj\u0105c na zachowanie jasno\u015bci umys\u0142u.<\/p>\n<p><strong>2. Czy Banana OG nadaje si\u0119 dla pocz\u0105tkuj\u0105cych?<\/strong><br \/>\nTak, Banana <a href=\"https:\/\/biohemp.pl\/pl\/olejki-ekstrakty-cbd-cbg\/\" rel=\"nofollow noopener\" target=\"_blank\">OG<\/a> jest odpowiednia zar\u00f3wno dla pocz\u0105tkuj\u0105cych, jak i do\u015bwiadczonych u\u017cytkownik\u00f3w. Jej \u0142agodny haj jest \u0142atwy do kontrolowania, co czyni j\u0105 doskona\u0142ym wprowadzeniem do marihuany dla nowych u\u017cytkownik\u00f3w.<\/p>\n<p><strong>3. Jak d\u0142ugo trwaj\u0105 efekty Banana OG?<\/strong><br \/>\nEfekty zazwyczaj trwaj\u0105 od 2 do 3 godzin, a szczyt nast\u0119puje oko\u0142o 30-60 minut po spo\u017cyciu.<\/p>\n<p><strong>4. Czy Banana OG pomaga na bezsenno\u015b\u0107?<\/strong><br \/>\nTak, Banana OG jest znana ze swoich relaksuj\u0105cych i uspokajaj\u0105cych w\u0142a\u015bciwo\u015bci, co czyni j\u0105 dobrym wyborem dla os\u00f3b maj\u0105cych problemy ze snem.<\/p>\n<h3>Podsumowanie<\/h3>\n<p>Banana OG to wszechstronna odmiana, kt\u00f3ra oferuje relaksuj\u0105cy, ale funkcjonalny haj, idealna dla tych, kt\u00f3rzy chc\u0105 si\u0119 odpr\u0119\u017cy\u0107 bez ca\u0142kowitej blokady na kanapie. Niezale\u017cnie od tego, czy szukasz ulgi terapeutycznej, czy \u0142agodnych wieczornych dozna\u0144, Banana OG dostarcza na ka\u017cdym poziomie. Nie czekaj\u2014<strong>Kup Banana OG weed online<\/strong> od <strong>HitExoticsDistro<\/strong> ju\u017c dzi\u015b i ciesz si\u0119 tropikalnymi smakami oraz koj\u0105cymi efektami tej popularnej odmiany!<\/p>\n<p>&nbsp;<\/p>\n<p><img loading=\"lazy\" decoding=\"async\" class=\"alignnone size-medium wp-image-1149\" src=\"https:\/\/hitexoticsdistro.eu\/wp-content\/uploads\/2024\/10\/WhatsApp-Image-2024-10-02-at-3.50.03-PM-2-300x300.jpeg\" alt=\"Gdzie bezpiecznie kupi\u0107 marihuan\u0119 online?\" width=\"300\" height=\"300\" srcset=\"https:\/\/hitexoticsdistro.eu\/wp-content\/uploads\/2024\/10\/WhatsApp-Image-2024-10-02-at-3.50.03-PM-2-300x300.jpeg 300w, https:\/\/hitexoticsdistro.eu\/wp-content\/uploads\/2024\/10\/WhatsApp-Image-2024-10-02-at-3.50.03-PM-2-150x150.jpeg 150w, https:\/\/hitexoticsdistro.eu\/wp-content\/uploads\/2024\/10\/WhatsApp-Image-2024-10-02-at-3.50.03-PM-2-600x600.jpeg 600w, https:\/\/hitexoticsdistro.eu\/wp-content\/uploads\/2024\/10\/WhatsApp-Image-2024-10-02-at-3.50.03-PM-2-100x100.jpeg 100w, https:\/\/hitexoticsdistro.eu\/wp-content\/uploads\/2024\/10\/WhatsApp-Image-2024-10-02-at-3.50.03-PM-2.jpeg 640w\" sizes=\"auto, (max-width: 300px) 100vw, 300px\" \/><\/p>","protected":false},"excerpt":{"rendered":"<p>THC: 23% \u2013 27%, CBD: 1%, CBN: 1%<\/p>","protected":false},"featured_media":455,"comment_status":"closed","ping_status":"closed","template":"","meta":{"_surecart_dashboard_logo_width":"180px","_surecart_dashboard_show_logo":true,"_surecart_dashboard_navigation_orders":true,"_surecart_dashboard_navigation_invoices":true,"_surecart_dashboard_navigation_subscriptions":true,"_surecart_dashboard_navigation_downloads":true,"_surecart_dashboard_navigation_billing":true,"_surecart_dashboard_navigation_account":true,"_uag_custom_page_level_css":"","site-sidebar-layout":"default","site-content-layout":"","ast-site-content-layout":"default","site-content-style":"default","site-sidebar-style":"default","ast-global-header-display":"","ast-banner-title-visibility":"","ast-main-header-display":"","ast-hfb-above-header-display":"","ast-hfb-below-header-display":"","ast-hfb-mobile-header-display":"","site-post-title":"","ast-breadcrumbs-content":"","ast-featured-img":"","footer-sml-layout":"","theme-transparent-header-meta":"default","adv-header-id-meta":"","stick-header-meta":"","header-above-stick-meta":"","header-main-stick-meta":"","header-below-stick-meta":"","astra-migrate-meta-layouts":"set","ast-page-background-enabled":"default","ast-page-background-meta":{"desktop":{"background-color":"var(--ast-global-color-4)","background-image":"","background-repeat":"repeat","background-position":"center center","background-size":"auto","background-attachment":"scroll","background-type":"","background-media":"","overlay-type":"","overlay-color":"","overlay-opacity":"","overlay-gradient":""},"tablet":{"background-color":"","background-image":"","background-repeat":"repeat","background-position":"center center","background-size":"auto","background-attachment":"scroll","background-type":"","background-media":"","overlay-type":"","overlay-color":"","overlay-opacity":"","overlay-gradient":""},"mobile":{"background-color":"","background-image":"","background-repeat":"repeat","background-position":"center center","background-size":"auto","background-attachment":"scroll","background-type":"","background-media":"","overlay-type":"","overlay-color":"","overlay-opacity":"","overlay-gradient":""}},"ast-content-background-meta":{"desktop":{"background-color":"var(--ast-global-color-5)","background-image":"","background-repeat":"repeat","background-position":"center center","background-size":"auto","background-attachment":"scroll","background-type":"","background-media":"","overlay-type":"","overlay-color":"","overlay-opacity":"","overlay-gradient":""},"tablet":{"background-color":"var(--ast-global-color-5)","background-image":"","background-repeat":"repeat","background-position":"center center","background-size":"auto","background-attachment":"scroll","background-type":"","background-media":"","overlay-type":"","overlay-color":"","overlay-opacity":"","overlay-gradient":""},"mobile":{"background-color":"var(--ast-global-color-5)","background-image":"","background-repeat":"repeat","background-position":"center center","background-size":"auto","background-attachment":"scroll","background-type":"","background-media":"","overlay-type":"","overlay-color":"","overlay-opacity":"","overlay-gradient":""}}},"product_brand":[],"product_cat":[56,62],"product_tag":[],"class_list":{"0":"post-391","1":"product","2":"type-product","3":"status-publish","4":"has-post-thumbnail","6":"product_cat-gdzie-moge-kupic-marihuane","7":"product_cat-kup-konopie-indyjskie-indica-online","8":"desktop-align-left","9":"tablet-align-left","10":"mobile-align-left","12":"first","13":"instock","14":"shipping-taxable","15":"purchasable","16":"product-type-variable"},"uagb_featured_image_src":{"full":["https:\/\/hitexoticsdistro.eu\/wp-content\/uploads\/2024\/10\/Banana-OG-Strain-AAA-Small-Buds.jpg",2560,1707,false],"thumbnail":["https:\/\/hitexoticsdistro.eu\/wp-content\/uploads\/2024\/10\/Banana-OG-Strain-AAA-Small-Buds-150x150.jpg",150,150,true],"medium":["https:\/\/hitexoticsdistro.eu\/wp-content\/uploads\/2024\/10\/Banana-OG-Strain-AAA-Small-Buds-300x200.jpg",300,200,true],"medium_large":["https:\/\/hitexoticsdistro.eu\/wp-content\/uploads\/2024\/10\/Banana-OG-Strain-AAA-Small-Buds-768x512.jpg",768,512,true],"large":["https:\/\/hitexoticsdistro.eu\/wp-content\/uploads\/2024\/10\/Banana-OG-Strain-AAA-Small-Buds-1024x683.jpg",1024,683,true],"1536x1536":["https:\/\/hitexoticsdistro.eu\/wp-content\/uploads\/2024\/10\/Banana-OG-Strain-AAA-Small-Buds-1536x1024.jpg",1536,1024,true],"2048x2048":["https:\/\/hitexoticsdistro.eu\/wp-content\/uploads\/2024\/10\/Banana-OG-Strain-AAA-Small-Buds-2048x1366.jpg",2048,1366,true],"trp-custom-language-flag":["https:\/\/hitexoticsdistro.eu\/wp-content\/uploads\/2024\/10\/Banana-OG-Strain-AAA-Small-Buds.jpg",18,12,false],"woocommerce_thumbnail":["https:\/\/hitexoticsdistro.eu\/wp-content\/uploads\/2024\/10\/Banana-OG-Strain-AAA-Small-Buds-300x300.jpg",300,300,true],"woocommerce_single":["https:\/\/hitexoticsdistro.eu\/wp-content\/uploads\/2024\/10\/Banana-OG-Strain-AAA-Small-Buds-600x400.jpg",600,400,true],"woocommerce_gallery_thumbnail":["https:\/\/hitexoticsdistro.eu\/wp-content\/uploads\/2024\/10\/Banana-OG-Strain-AAA-Small-Buds-100x100.jpg",100,100,true]},"uagb_author_info":{"display_name":"","author_link":"https:\/\/hitexoticsdistro.eu\/fi\/author\/"},"uagb_comment_info":0,"uagb_excerpt":"THC: 23% \u2013 27%, CBD: 1%, CBN: 1%","_links":{"self":[{"href":"https:\/\/hitexoticsdistro.eu\/fi\/wp-json\/wp\/v2\/product\/391","targetHints":{"allow":["GET"]}}],"collection":[{"href":"https:\/\/hitexoticsdistro.eu\/fi\/wp-json\/wp\/v2\/product"}],"about":[{"href":"https:\/\/hitexoticsdistro.eu\/fi\/wp-json\/wp\/v2\/types\/product"}],"replies":[{"embeddable":true,"href":"https:\/\/hitexoticsdistro.eu\/fi\/wp-json\/wp\/v2\/comments?post=391"}],"wp:featuredmedia":[{"embeddable":true,"href":"https:\/\/hitexoticsdistro.eu\/fi\/wp-json\/wp\/v2\/media\/455"}],"wp:attachment":[{"href":"https:\/\/hitexoticsdistro.eu\/fi\/wp-json\/wp\/v2\/media?parent=391"}],"wp:term":[{"taxonomy":"product_brand","embeddable":true,"href":"https:\/\/hitexoticsdistro.eu\/fi\/wp-json\/wp\/v2\/product_brand?post=391"},{"taxonomy":"product_cat","embeddable":true,"href":"https:\/\/hitexoticsdistro.eu\/fi\/wp-json\/wp\/v2\/product_cat?post=391"},{"taxonomy":"product_tag","embeddable":true,"href":"https:\/\/hitexoticsdistro.eu\/fi\/wp-json\/wp\/v2\/product_tag?post=391"}],"curies":[{"name":"wp","href":"https:\/\/api.w.org\/{rel}","templated":true}]}}