{"id":384,"date":"2024-10-10T22:48:45","date_gmt":"2024-10-10T22:48:45","guid":{"rendered":"https:\/\/hitexoticsdistro.com\/?post_type=product&#038;p=384"},"modified":"2024-10-26T22:53:02","modified_gmt":"2024-10-26T22:53:02","slug":"kup-g13-strain-cannabis-online","status":"publish","type":"product","link":"https:\/\/hitexoticsdistro.eu\/fi\/product\/kup-g13-strain-cannabis-online\/","title":{"rendered":"G13"},"content":{"rendered":"<h2>Kup G13 Strain Cannabis Online<\/h2>\n<p>G13, znana r\u00f3wnie\u017c jako &#8222;G-13&#8221; lub &#8222;Government <a href=\"https:\/\/hitexoticsdistro.eu\/fi\/product-category\/kup-konopie-indyjskie-indica-online\/\">Indica Cannabis Strain<\/a> 1&#8243;, to indica-dominant <a href=\"https:\/\/hitexoticsdistro.eu\/fi\/product-category\/hybrydowe-odmiany-marihuany-online\/\">hybryda<\/a>, kt\u00f3rej pochodzenie pozostaje tajemnic\u0105. Z powi\u0105zaniami z rzekomymi eksperymentami rz\u0105dowymi, G13 zdoby\u0142a siln\u0105 reputacj\u0119 w\u015br\u00f3d mi\u0142o\u015bnik\u00f3w marihuany dzi\u0119ki swoim pot\u0119\u017cnym efektom i korzy\u015bciom medycznym. Chocia\u017c dok\u0142adne pochodzenie G13 nie jest znane, jej dzia\u0142anie i moc sprawiaj\u0105, \u017ce jest to odmiana, kt\u00f3r\u0105 musisz spr\u00f3bowa\u0107, je\u015bli szukasz ulgi od przewlek\u0142ych dolegliwo\u015bci lub chcesz po prostu zrelaksowa\u0107 si\u0119 po d\u0142ugim dniu.<\/p>\n<h3>Dlaczego warto kupi\u0107 G13 Strain Cannabis Online?<\/h3>\n<p>Kupuj\u0105c G13 strain cannabis online od zaufanych \u017ar\u00f3de\u0142, takich jak <strong>Hit Exotics Distro<\/strong>, otrzymujesz produkt najwy\u017cszej jako\u015bci, starannie wyselekcjonowany pod k\u0105tem mocy, smaku i jako\u015bci. Sklepy internetowe oferuj\u0105 wygod\u0119 dostarczenia premium marihuany prosto pod drzwi, co u\u0142atwia cieszenie si\u0119 t\u0105 legendarn\u0105 odmian\u0105. Co wi\u0119cej, kupuj\u0105c G13 online, mo\u017cesz by\u0107 pewny, \u017ce otrzymujesz autentyczn\u0105, testowan\u0105 laboratoryjnie marihuan\u0119, woln\u0105 od zanieczyszcze\u0144.<\/p>\n<h3>Efekty i Korzy\u015bci Odmiany G13<\/h3>\n<p>G13 jest znana z pot\u0119\u017cnych efekt\u00f3w, kt\u00f3re zaczynaj\u0105 si\u0119 od euforii m\u00f3zgowej, a nast\u0119pnie stopniowo przechodz\u0105 w g\u0142\u0119boki relaks cia\u0142a. Pomimo dominacji indica, G13 daje pocz\u0105tkowy zastrzyk energii i motywacji, co czyni j\u0105 doskona\u0142\u0105 do stosowania w ci\u0105gu dnia, je\u015bli jest przyjmowana z umiarem. W miar\u0119 post\u0119pu haju, efekty obejmuj\u0105 ca\u0142e cia\u0142o, pozostawiaj\u0105c u\u017cytkownik\u00f3w w stanie relaksu, szcz\u0119\u015bcia i gotowo\u015bci do snu.<\/p>\n<p><strong>Efekty G13 Strain:<\/strong><\/p>\n<ul>\n<li><strong>Euforia<\/strong>: U\u017cytkownicy cz\u0119sto zg\u0142aszaj\u0105 podnosz\u0105ce na duchu i radosne uczucie, co sprawia, \u017ce nadaje si\u0119 do towarzyskich spotka\u0144 lub tw\u00f3rczych zada\u0144.<\/li>\n<li><strong>Relaks<\/strong>: W miar\u0119 post\u0119pu dzia\u0142ania, silne cechy indica G13 pomagaj\u0105 z\u0142agodzi\u0107 napi\u0119cie i stres, czyni\u0105c j\u0105 idealn\u0105 do odpr\u0119\u017cenia.<\/li>\n<li><strong>Senno\u015b\u0107<\/strong>: W wi\u0119kszych dawkach, G13 doskonale nadaje si\u0119 do walki z bezsenno\u015bci\u0105 i promowania spokojnego snu.<\/li>\n<li><strong>Poprawa Nastroju<\/strong>: Dzi\u0119ki euforycznym w\u0142a\u015bciwo\u015bciom, G13 mo\u017ce pom\u00f3c osobom cierpi\u0105cym na depresj\u0119 lub zaburzenia nastroju.<\/li>\n<\/ul>\n<h3>Zastosowanie Medyczne G13 Strain<\/h3>\n<p>Ze wzgl\u0119du na silne efekty indica i wysok\u0105 zawarto\u015b\u0107 THC, G13 sta\u0142a si\u0119 ulubion\u0105 odmian\u0105 w\u015br\u00f3d pacjent\u00f3w medycznej marihuany. Jej zdolno\u015b\u0107 do \u0142agodzenia b\u00f3lu, stan\u00f3w zapalnych i stresu sprawia, \u017ce jest szczeg\u00f3lnie skuteczna dla os\u00f3b cierpi\u0105cych na przewlek\u0142e schorzenia. Wielu u\u017cytkownik\u00f3w si\u0119ga po G13 ze wzgl\u0119du na jej terapeutyczne w\u0142a\u015bciwo\u015bci, kt\u00f3re mog\u0105 przynie\u015b\u0107 ulg\u0119 w wielu dolegliwo\u015bciach.<\/p>\n<p><strong>G13 Mo\u017ce Pom\u00f3c Z\u0142agodzi\u0107:<\/strong><\/p>\n<ul>\n<li><strong>L\u0119k i Stres<\/strong>: Relaksuj\u0105ce efekty G13 mog\u0105 pom\u00f3c z\u0142agodzi\u0107 objawy l\u0119ku, zapewniaj\u0105c koj\u0105ce do\u015bwiadczenie dla umys\u0142u i cia\u0142a.<\/li>\n<li><strong>Przewlek\u0142y B\u00f3l<\/strong>: Niezale\u017cnie od tego, czy masz do czynienia z artretyzmem, migrenami czy og\u00f3lnym b\u00f3lem, wysoka zawarto\u015b\u0107 THC w G13 pomaga zmniejszy\u0107 dyskomfort.<\/li>\n<li><strong>PTSD<\/strong>: Dzi\u0119ki swoim w\u0142a\u015bciwo\u015bciom poprawiaj\u0105cym nastr\u00f3j, G13 mo\u017ce pom\u00f3c w radzeniu sobie z objawami PTSD, promuj\u0105c relaks i redukuj\u0105c stres.<\/li>\n<li><strong>Bezsenno\u015b\u0107<\/strong>: Dla os\u00f3b borykaj\u0105cych si\u0119 z problemami ze snem, G13 mo\u017ce by\u0107 pot\u0119\u017cnym sojusznikiem, pomagaj\u0105cym zasn\u0105\u0107 w g\u0142\u0119boki, spokojny sen.<\/li>\n<\/ul>\n<h3>Smaki i Aromaty Odmiany G13<\/h3>\n<p>G13 jest nie tylko znana ze swoich efekt\u00f3w, ale tak\u017ce z wyj\u0105tkowego smaku i aromatu. Odmiana oferuje z\u0142o\u017con\u0105 mieszank\u0119 smak\u00f3w <strong>s\u0142odkich<\/strong>, <strong>drzewnych<\/strong> i <strong>sosnowych<\/strong>, co sprawia, \u017ce ka\u017cdy buch jest przyjemnym do\u015bwiadczeniem. Jej aromat jest r\u00f3wnie poci\u0105gaj\u0105cy, z <strong>pungentnym<\/strong>, <strong>skunky<\/strong> i <strong>ziemistym<\/strong> zapachem, z subtelnymi nutami <strong>jag\u00f3d<\/strong>. Te smaki i aromaty sprawiaj\u0105, \u017ce G13 jest prawdziw\u0105 uczt\u0105 dla zmys\u0142\u00f3w, wzbogacaj\u0105c og\u00f3lne do\u015bwiadczenie.<\/p>\n<h3>Wygl\u0105d i Moc G13<\/h3>\n<p>Wygl\u0105d G13 jest r\u00f3wnie uderzaj\u0105cy, jak jej dzia\u0142anie. P\u0105ki s\u0105 zazwyczaj g\u0119ste i pokryte warstw\u0105 mro\u017anych trichom\u00f3w, co nadaje im lepk\u0105, \u017cywiczn\u0105 tekstur\u0119. Li\u015bcie s\u0105 cz\u0119sto ciemnozielone z pomara\u0144czowymi w\u0142oskami, co dodaje atrakcyjno\u015bci wizualnej tej odmianie. Z przeci\u0119tn\u0105 zawarto\u015bci\u0105 THC wynosz\u0105c\u0105 24%, G13 to pot\u0119\u017cna <a href=\"https:\/\/biohemp.pl\/pl\/olejki-ekstrakty-cbd-cbg\/\" rel=\"nofollow noopener\" target=\"_blank\">odmiana<\/a>, idealna zar\u00f3wno dla u\u017cytkownik\u00f3w rekreacyjnych, jak i medycznych, kt\u00f3rzy potrzebuj\u0105 czego\u015b silnego.<\/p>\n<h3>Dlaczego Warto Wybra\u0107 G13 z Hit Exotics Distro?<\/h3>\n<ul>\n<li><strong>Wysoka Moc<\/strong>: Z 24% THC, G13 dostarcza pot\u0119\u017cne efekty, kt\u00f3re zapewniaj\u0105 ulg\u0119 zar\u00f3wno psychicznie, jak i fizycznie.<\/li>\n<li><strong>Korzy\u015bci Medyczne<\/strong>: G13 jest wysoko ceniona w spo\u0142eczno\u015bci medycznej marihuany za zdolno\u015b\u0107 do \u0142agodzenia b\u00f3lu, redukcji l\u0119ku i promowania snu.<\/li>\n<li><strong>Pe\u0142nia Smak\u00f3w<\/strong>: Dzi\u0119ki unikalnej mieszance s\u0142odkich, ziemistych i skunky smak\u00f3w, G13 oferuje sensoryczne do\u015bwiadczenie, kt\u00f3re trudno pokona\u0107.<\/li>\n<li><strong>Zaufane \u0179r\u00f3d\u0142o<\/strong>: W <strong>Hit Exotics Distro<\/strong> dbamy o to, aby wszystkie nasze produkty z marihuany, w tym G13, by\u0142y testowane laboratoryjnie i najwy\u017cszej jako\u015bci.<\/li>\n<\/ul>\n<h3>Kup G13 Strain Cannabis Online Ju\u017c Teraz!<\/h3>\n<p>Je\u015bli jeste\u015b got\u00f3w, aby do\u015bwiadczy\u0107 legendarnej odmiany G13 na w\u0142asnej sk\u00f3rze, nie zwlekaj i kup G13 strain cannabis online od <strong>Hit Exotics Distro<\/strong>. Oferujemy bezproblemowy proces zakupu z szybk\u0105, dyskretn\u0105 dostaw\u0105. G13 jest idealna zar\u00f3wno do rekreacyjnego, jak i medycznego stosowania, zapewniaj\u0105c ulg\u0119 i relaks, kt\u00f3rego potrzebujesz, z wyj\u0105tkowym profilem smakowym, kt\u00f3ry pokochasz.<\/p>\n<h3>Najcz\u0119\u015bciej Zadawane Pytania o G13 Strain Cannabis<\/h3>\n<p><strong>1. Jaka jest zawarto\u015b\u0107 THC w G13?<\/strong><br \/>\nG13 zazwyczaj ma zawarto\u015b\u0107 THC wynosz\u0105c\u0105 oko\u0142o 24%, co czyni j\u0105 odmian\u0105 o wysokiej mocy.<\/p>\n<p><strong>2. Czy G13 nadaje si\u0119 do stosowania w ci\u0105gu dnia?<\/strong><br \/>\nW mniejszych dawkach, G13 mo\u017ce zapewni\u0107 euforyczny i energetyczny haj, odpowiedni do stosowania w ci\u0105gu dnia. Jednak w wi\u0119kszych dawkach mo\u017ce prowadzi\u0107 do relaksu i senno\u015bci.<\/p>\n<p><strong>3. Czy G13 pomaga w leczeniu przewlek\u0142ego b\u00f3lu?<\/strong><br \/>\nTak, G13 jest znana ze swojej zdolno\u015bci do \u0142agodzenia przewlek\u0142ego b\u00f3lu, co czyni j\u0105 popularnym wyborem w\u015br\u00f3d pacjent\u00f3w medycznej marihuany.<\/p>\n<p><strong>4. Jakie s\u0105 g\u0142\u00f3wne smaki G13?<\/strong><br \/>\nG13 ma bogaty profil smakowy, kt\u00f3ry obejmuje nuty sosny, s\u0142odyczy i drewna, z aromatem skunky i ziemistym.<\/p>\n<p><strong>5. Jak d\u0142ugo trwaj\u0105 efekty G13?<\/strong><br \/>\nEfekty G13 mog\u0105 trwa\u0107 kilka godzin, w zale\u017cno\u015bci od dawki i indywidualnej tolerancji. Zazwyczaj haj zaczyna si\u0119 od euforii m\u00f3zgowej, a ko\u0144czy na g\u0142\u0119bokim relaksie.<\/p>\n<h3>Podsumowanie<\/h3>\n<p>G13 to legendarna odmiana, kt\u00f3ra oferuje idealn\u0105 r\u00f3wnowag\u0119 mi\u0119dzy efektami m\u00f3zgowymi i fizycznymi. Niezale\u017cnie od tego, czy szukasz ulgi w b\u00f3lu, relaksu, czy po prostu chcesz si\u0119 odpr\u0119\u017cy\u0107, G13 ma wszystko, czego potrzebujesz. Kup G13 strain cannabis online ju\u017c dzi\u015b od <strong>Hit Exotics Distro<\/strong> i do\u015bwiadcz mocy i tajemnicy tej wyj\u0105tkowej odmiany.<\/p>\n<p>&nbsp;<\/p>\n<p><img loading=\"lazy\" decoding=\"async\" class=\"alignnone size-medium wp-image-1149\" src=\"https:\/\/hitexoticsdistro.eu\/wp-content\/uploads\/2024\/10\/WhatsApp-Image-2024-10-02-at-3.50.03-PM-2-300x300.jpeg\" alt=\"Gdzie bezpiecznie kupi\u0107 marihuan\u0119 online?\" width=\"300\" height=\"300\" srcset=\"https:\/\/hitexoticsdistro.eu\/wp-content\/uploads\/2024\/10\/WhatsApp-Image-2024-10-02-at-3.50.03-PM-2-300x300.jpeg 300w, https:\/\/hitexoticsdistro.eu\/wp-content\/uploads\/2024\/10\/WhatsApp-Image-2024-10-02-at-3.50.03-PM-2-150x150.jpeg 150w, https:\/\/hitexoticsdistro.eu\/wp-content\/uploads\/2024\/10\/WhatsApp-Image-2024-10-02-at-3.50.03-PM-2-600x600.jpeg 600w, https:\/\/hitexoticsdistro.eu\/wp-content\/uploads\/2024\/10\/WhatsApp-Image-2024-10-02-at-3.50.03-PM-2-100x100.jpeg 100w, https:\/\/hitexoticsdistro.eu\/wp-content\/uploads\/2024\/10\/WhatsApp-Image-2024-10-02-at-3.50.03-PM-2.jpeg 640w\" sizes=\"auto, (max-width: 300px) 100vw, 300px\" \/><\/p>","protected":false},"excerpt":{"rendered":"<p>Kup G13 Strain Cannabis Online G13, znana r\u00f3wnie\u017c jako &#8222;G-13&#8221; lub &#8222;Government Indica Cannabis Strain 1&#8243;, to indica-dominant hybryda, kt\u00f3rej [&hellip;]<\/p>\n","protected":false},"featured_media":449,"comment_status":"closed","ping_status":"closed","template":"","meta":{"_surecart_dashboard_logo_width":"180px","_surecart_dashboard_show_logo":true,"_surecart_dashboard_navigation_orders":true,"_surecart_dashboard_navigation_invoices":true,"_surecart_dashboard_navigation_subscriptions":true,"_surecart_dashboard_navigation_downloads":true,"_surecart_dashboard_navigation_billing":true,"_surecart_dashboard_navigation_account":true,"_uag_custom_page_level_css":"","site-sidebar-layout":"default","site-content-layout":"","ast-site-content-layout":"default","site-content-style":"default","site-sidebar-style":"default","ast-global-header-display":"","ast-banner-title-visibility":"","ast-main-header-display":"","ast-hfb-above-header-display":"","ast-hfb-below-header-display":"","ast-hfb-mobile-header-display":"","site-post-title":"","ast-breadcrumbs-content":"","ast-featured-img":"","footer-sml-layout":"","ast-disable-related-posts":"","theme-transparent-header-meta":"default","adv-header-id-meta":"","stick-header-meta":"","header-above-stick-meta":"","header-main-stick-meta":"","header-below-stick-meta":"","astra-migrate-meta-layouts":"set","ast-page-background-enabled":"default","ast-page-background-meta":{"desktop":{"background-color":"var(--ast-global-color-5)","background-image":"","background-repeat":"repeat","background-position":"center center","background-size":"auto","background-attachment":"scroll","background-type":"","background-media":"","overlay-type":"","overlay-color":"","overlay-opacity":"","overlay-gradient":""},"tablet":{"background-color":"","background-image":"","background-repeat":"repeat","background-position":"center center","background-size":"auto","background-attachment":"scroll","background-type":"","background-media":"","overlay-type":"","overlay-color":"","overlay-opacity":"","overlay-gradient":""},"mobile":{"background-color":"","background-image":"","background-repeat":"repeat","background-position":"center center","background-size":"auto","background-attachment":"scroll","background-type":"","background-media":"","overlay-type":"","overlay-color":"","overlay-opacity":"","overlay-gradient":""}},"ast-content-background-meta":{"desktop":{"background-color":"var(--ast-global-color-4)","background-image":"","background-repeat":"repeat","background-position":"center center","background-size":"auto","background-attachment":"scroll","background-type":"","background-media":"","overlay-type":"","overlay-color":"","overlay-opacity":"","overlay-gradient":""},"tablet":{"background-color":"var(--ast-global-color-4)","background-image":"","background-repeat":"repeat","background-position":"center center","background-size":"auto","background-attachment":"scroll","background-type":"","background-media":"","overlay-type":"","overlay-color":"","overlay-opacity":"","overlay-gradient":""},"mobile":{"background-color":"var(--ast-global-color-4)","background-image":"","background-repeat":"repeat","background-position":"center center","background-size":"auto","background-attachment":"scroll","background-type":"","background-media":"","overlay-type":"","overlay-color":"","overlay-opacity":"","overlay-gradient":""}}},"product_brand":[],"product_cat":[56,62],"product_tag":[103],"class_list":{"0":"post-384","1":"product","2":"type-product","3":"status-publish","4":"has-post-thumbnail","6":"product_cat-gdzie-moge-kupic-marihuane","7":"product_cat-kup-konopie-indyjskie-indica-online","8":"product_tag-buy-g13-strain-indica-flower-europe","9":"desktop-align-left","10":"tablet-align-left","11":"mobile-align-left","13":"first","14":"instock","15":"shipping-taxable","16":"purchasable","17":"product-type-variable"},"uagb_featured_image_src":{"full":["https:\/\/hitexoticsdistro.eu\/wp-content\/uploads\/2024\/10\/G13-Strain-Indica-Flower.webp",2560,1707,false],"thumbnail":["https:\/\/hitexoticsdistro.eu\/wp-content\/uploads\/2024\/10\/G13-Strain-Indica-Flower-150x150.webp",150,150,true],"medium":["https:\/\/hitexoticsdistro.eu\/wp-content\/uploads\/2024\/10\/G13-Strain-Indica-Flower-300x200.webp",300,200,true],"medium_large":["https:\/\/hitexoticsdistro.eu\/wp-content\/uploads\/2024\/10\/G13-Strain-Indica-Flower-768x512.webp",768,512,true],"large":["https:\/\/hitexoticsdistro.eu\/wp-content\/uploads\/2024\/10\/G13-Strain-Indica-Flower-1024x683.webp",1024,683,true],"1536x1536":["https:\/\/hitexoticsdistro.eu\/wp-content\/uploads\/2024\/10\/G13-Strain-Indica-Flower-1536x1024.webp",1536,1024,true],"2048x2048":["https:\/\/hitexoticsdistro.eu\/wp-content\/uploads\/2024\/10\/G13-Strain-Indica-Flower-2048x1366.webp",2048,1366,true],"trp-custom-language-flag":["https:\/\/hitexoticsdistro.eu\/wp-content\/uploads\/2024\/10\/G13-Strain-Indica-Flower.webp",18,12,false],"woocommerce_thumbnail":["https:\/\/hitexoticsdistro.eu\/wp-content\/uploads\/2024\/10\/G13-Strain-Indica-Flower-300x300.webp",300,300,true],"woocommerce_single":["https:\/\/hitexoticsdistro.eu\/wp-content\/uploads\/2024\/10\/G13-Strain-Indica-Flower-600x400.webp",600,400,true],"woocommerce_gallery_thumbnail":["https:\/\/hitexoticsdistro.eu\/wp-content\/uploads\/2024\/10\/G13-Strain-Indica-Flower-100x100.webp",100,100,true]},"uagb_author_info":{"display_name":"","author_link":"https:\/\/hitexoticsdistro.eu\/fi\/author\/"},"uagb_comment_info":0,"uagb_excerpt":"Kup G13 Strain Cannabis Online G13, znana r\u00f3wnie\u017c jako &#8222;G-13&#8221; lub &#8222;Government Indica Cannabis Strain 1&#8243;, to indica-dominant hybryda, kt\u00f3rej [&hellip;]","_links":{"self":[{"href":"https:\/\/hitexoticsdistro.eu\/fi\/wp-json\/wp\/v2\/product\/384","targetHints":{"allow":["GET"]}}],"collection":[{"href":"https:\/\/hitexoticsdistro.eu\/fi\/wp-json\/wp\/v2\/product"}],"about":[{"href":"https:\/\/hitexoticsdistro.eu\/fi\/wp-json\/wp\/v2\/types\/product"}],"replies":[{"embeddable":true,"href":"https:\/\/hitexoticsdistro.eu\/fi\/wp-json\/wp\/v2\/comments?post=384"}],"wp:featuredmedia":[{"embeddable":true,"href":"https:\/\/hitexoticsdistro.eu\/fi\/wp-json\/wp\/v2\/media\/449"}],"wp:attachment":[{"href":"https:\/\/hitexoticsdistro.eu\/fi\/wp-json\/wp\/v2\/media?parent=384"}],"wp:term":[{"taxonomy":"product_brand","embeddable":true,"href":"https:\/\/hitexoticsdistro.eu\/fi\/wp-json\/wp\/v2\/product_brand?post=384"},{"taxonomy":"product_cat","embeddable":true,"href":"https:\/\/hitexoticsdistro.eu\/fi\/wp-json\/wp\/v2\/product_cat?post=384"},{"taxonomy":"product_tag","embeddable":true,"href":"https:\/\/hitexoticsdistro.eu\/fi\/wp-json\/wp\/v2\/product_tag?post=384"}],"curies":[{"name":"wp","href":"https:\/\/api.w.org\/{rel}","templated":true}]}}