{"id":307,"date":"2024-10-10T22:47:53","date_gmt":"2024-10-10T22:47:53","guid":{"rendered":"https:\/\/hitexoticsdistro.com\/?post_type=product&#038;p=307"},"modified":"2024-10-22T03:27:05","modified_gmt":"2024-10-22T03:27:05","slug":"kup-olej-z-konopi-indyjskich-online","status":"publish","type":"product","link":"https:\/\/hitexoticsdistro.eu\/fi\/product\/kup-olej-z-konopi-indyjskich-online\/","title":{"rendered":"Olejek z konopi indyjskich Tangie OG"},"content":{"rendered":"<h2>Kup olej z konopi indyjskich online<\/h2>\n<p>Olejek z konopi indyjskich Tangie OG to <a href=\"https:\/\/hitexoticsdistro.eu\/fi\/product-category\/hybrydowe-odmiany-marihuany-online\/\">hybrydowa odmiana konopi<\/a> o zr\u00f3wnowa\u017conym profilu, stworzona przez skrzy\u017cowanie smakowitej odmiany Olejek z konopi indyjskich Tangie OG. Ta unikalna mieszanka \u0142\u0105czy w sobie smaki obu &#8222;celebryckich&#8221; rodzic\u00f3w, oferuj\u0105c bogaty, cytrusowy smak i pe\u0142ne przyjemno\u015bci do\u015bwiadczenie. Kupuj\u0105c <strong>olej z konopi indyjskich Tangie OG Online<\/strong>, zyskujesz produkt o doskona\u0142ej jako\u015bci, kt\u00f3ry nie tylko smakuje wyj\u0105tkowo, ale tak\u017ce oferuje szerokie korzy\u015bci zdrowotne.<\/p>\n<h3>Dlaczego warto kupi\u0107 olej z konopi indyjskich Tangie OG?<\/h3>\n<p>Olej Tangie OG wyr\u00f3\u017cnia si\u0119 intensywnym cytrusowym smakiem z nutami sosny oraz zio\u0142owym, cytrynowym wydechem. Aromat tego oleju jest s\u0142odki, drzewny, z ziemistym cytrusowym akcentem, kt\u00f3ry staje si\u0119 korzenny po spaleniu. Tangie OG oferuje <strong>energi\u0119 tw\u00f3rcz\u0105<\/strong> ju\u017c po pierwszym wydechu, przynosz\u0105c silne uczucie euforii i kreatywno\u015bci. To idealny wyb\u00f3r dla os\u00f3b, kt\u00f3re potrzebuj\u0105 zastrzyku energii, motywacji lub chc\u0105 po prostu poczu\u0107 si\u0119 szcz\u0119\u015bliwe i podniesione na duchu.<\/p>\n<h3>Jakie efekty przynosi olej z konopi indyjskich Tangie OG?<\/h3>\n<p><strong>Tangie OG<\/strong> to wyj\u0105tkowa hybryda o zr\u00f3wnowa\u017conych efektach, oferuj\u0105ca zar\u00f3wno relaks fizyczny, jak i pobudzenie umys\u0142owe. Po zastosowaniu odczujesz <strong>przyp\u0142yw energii tw\u00f3rczej<\/strong>, kt\u00f3ry przynosi <strong>czyst\u0105 eufori\u0119<\/strong>. Dodatkowo, lekkie mrowienie w ciele sprawia, \u017ce czujesz si\u0119 pe\u0142en wigoru i gotowy do dzia\u0142ania.<\/p>\n<h4>Efekty:<\/h4>\n<ul>\n<li>Szcz\u0119\u015bliwy<\/li>\n<li>Podniesiony na duchu<\/li>\n<li>Euforyczny<\/li>\n<li>Energetyczny<\/li>\n<li>Kreatywny<\/li>\n<\/ul>\n<h4>W\u0142a\u015bciwo\u015bci lecznicze:<\/h4>\n<ul>\n<li><strong>Stres<\/strong>: Olej Tangie OG pomaga zrelaksowa\u0107 umys\u0142, zmniejszaj\u0105c napi\u0119cie i l\u0119k.<\/li>\n<li><strong>Depresja<\/strong>: Dzi\u0119ki podnosz\u0105cym efekty, olej ten jest doskona\u0142ym rozwi\u0105zaniem na \u0142agodzenie objaw\u00f3w depresji.<\/li>\n<li><strong>Zm\u0119czenie<\/strong>: Dodaje energii i pobudza, dzi\u0119ki czemu jest \u015bwietny na zm\u0119czenie.<\/li>\n<li><strong>B\u00f3l<\/strong>: Dzi\u0119ki w\u0142a\u015bciwo\u015bciom przeciwb\u00f3lowym, Tangie OG \u0142agodzi przewlek\u0142e dolegliwo\u015bci b\u00f3lowe.<\/li>\n<li><strong>Brak apetytu<\/strong>: Pobudza apetyt, co czyni go idealnym dla os\u00f3b maj\u0105cych problemy z jedzeniem.<\/li>\n<\/ul>\n<h3>Tangie OG: Indica czy Sativa?<\/h3>\n<p>Tangie OG to odmiana hybrydowa, co oznacza, \u017ce \u0142\u0105czy w sobie cechy zar\u00f3wno <a href=\"https:\/\/hitexoticsdistro.eu\/fi\/product-category\/kup-konopie-indyjskie-indica-online\/\"><strong>Indica<\/strong><\/a>, jak i <a href=\"https:\/\/hitexoticsdistro.eu\/fi\/product-category\/kup-marihuane-sativa-online-polska\/\"><strong>Sativa<\/strong><\/a>. Dzi\u0119ki temu u\u017cytkownicy mog\u0105 do\u015bwiadczy\u0107 zr\u00f3wnowa\u017conego efektu relaksacji fizycznej (Indica) i pobudzenia umys\u0142owego (Sativa). <strong>THC<\/strong> w tej odmianie oscyluje na poziomie 62.06%, co czyni j\u0105 doskona\u0142ym wyborem dla os\u00f3b poszukuj\u0105cych mocnych efekt\u00f3w. Niski poziom <strong>CBD<\/strong> (2.66%) r\u00f3wnie\u017c pomaga w r\u00f3wnowa\u017ceniu dzia\u0142ania THC, co sprawia, \u017ce Tangie OG oferuje pe\u0142ne do\u015bwiadczenie bez przyt\u0142aczaj\u0105cych efekt\u00f3w.<\/p>\n<h3>Jak u\u017cywa\u0107 oleju Tangie OG?<\/h3>\n<p>Olej z konopi indyjskich Tangie OG mo\u017cna u\u017cywa\u0107 na r\u00f3\u017cne sposoby, w zale\u017cno\u015bci od indywidualnych preferencji u\u017cytkownika. Najpopularniejszymi metodami s\u0105 waporyzacja i stosowanie go jako dodatku do jedzenia. Niezale\u017cnie od wybranej metody, Tangie OG zapewnia pe\u0142ne do\u015bwiadczenie o unikalnym smaku i aromacie.<\/p>\n<h3>Gdzie mo\u017cna kupi\u0107 olej Tangie OG?<\/h3>\n<p>Kupuj\u0105c olej z konopi indyjskich Tangie OG online na <strong>hitexoticsdistro.com<\/strong>, zyskujesz gwarancj\u0119 najwy\u017cszej jako\u015bci i autentyczno\u015bci produktu. Nasz sklep internetowy oferuje szerok\u0105 gam\u0119 produkt\u00f3w konopnych, w tym olej\u00f3w <a href=\"https:\/\/www.cristalcbd.pl\/\" rel=\"nofollow noopener\" target=\"_blank\">THC<\/a>, dzi\u0119ki czemu ka\u017cdy mo\u017ce znale\u017a\u0107 co\u015b dla siebie. Sk\u0142adaj\u0105c zam\u00f3wienie online, zapewniasz sobie wygod\u0119 i bezpiecze\u0144stwo dostawy do domu.<\/p>\n<h3>Kup olej z konopi indyjskich Tangie OG Online ju\u017c teraz!<\/h3>\n<p>Tangie OG Cannabis Oil to idealny wyb\u00f3r dla os\u00f3b, kt\u00f3re szukaj\u0105 zr\u00f3wnowa\u017conej odmiany konopi o wysokiej zawarto\u015bci THC. Je\u015bli chcesz do\u015bwiadczy\u0107 unikalnych efekt\u00f3w tej odmiany, nie czekaj \u2013 <strong>kup olej z konopi indyjskich Tangie OG Online<\/strong> ju\u017c teraz i ciesz si\u0119 jego korzy\u015bciami w zaciszu swojego domu!<\/p>\n<h3>Najcz\u0119\u015bciej zadawane pytania<\/h3>\n<h4>Co to jest olej z konopi indyjskich Tangie OG?<\/h4>\n<p>Olej z konopi indyjskich Tangie OG to hybrydowa odmiana konopi, kt\u00f3ra \u0142\u0105czy w sobie cechy odmian <em>Tangie<\/em> i <em>OG Kush<\/em>, oferuj\u0105c unikalne efekty i intensywny cytrusowy smak.<\/p>\n<h4>Jakie s\u0105 g\u0142\u00f3wne efekty oleju Tangie OG?<\/h4>\n<p>G\u0142\u00f3wne efekty oleju Tangie OG to euforia, pobudzenie kreatywno\u015bci, poprawa nastroju oraz relaksacja cia\u0142a. Dzia\u0142a r\u00f3wnie\u017c energetyzuj\u0105co, co sprawia, \u017ce jest idealny na dni pe\u0142ne wyzwa\u0144.<\/p>\n<h4>Czy olej Tangie OG jest dobry na stres?<\/h4>\n<p>Tak, olej Tangie OG doskonale nadaje si\u0119 do \u0142agodzenia stresu dzi\u0119ki swoim relaksacyjnym w\u0142a\u015bciwo\u015bciom. Wielu u\u017cytkownik\u00f3w wybiera go w\u0142a\u015bnie ze wzgl\u0119du na jego zdolno\u015b\u0107 do odpr\u0119\u017cenia umys\u0142u.<\/p>\n<h4>Jaki jest poziom THC i CBD w oleju Tangie OG?<\/h4>\n<p>Olej Tangie OG ma \u015bredni\u0105 zawarto\u015b\u0107 THC na poziomie 62.06% oraz CBD na poziomie 2.66%, co sprawia, \u017ce jest to mocna odmiana z delikatnymi efektami relaksacyjnymi.<\/p>\n<p>&nbsp;<\/p>\n<p><img loading=\"lazy\" decoding=\"async\" class=\"alignnone size-medium wp-image-1330\" src=\"https:\/\/hitexoticsdistro.eu\/wp-content\/uploads\/2024\/10\/cropped-WhatsApp-Image-2024-10-02-at-3.50.03-PM-2-1-300x300.jpeg\" alt=\"Gdzie bezpiecznie kupi\u0107 marihuan\u0119 online?\" width=\"300\" height=\"300\" srcset=\"https:\/\/hitexoticsdistro.eu\/wp-content\/uploads\/2024\/10\/cropped-WhatsApp-Image-2024-10-02-at-3.50.03-PM-2-1-300x300.jpeg 300w, https:\/\/hitexoticsdistro.eu\/wp-content\/uploads\/2024\/10\/cropped-WhatsApp-Image-2024-10-02-at-3.50.03-PM-2-1-150x150.jpeg 150w, https:\/\/hitexoticsdistro.eu\/wp-content\/uploads\/2024\/10\/cropped-WhatsApp-Image-2024-10-02-at-3.50.03-PM-2-1-100x100.jpeg 100w, https:\/\/hitexoticsdistro.eu\/wp-content\/uploads\/2024\/10\/cropped-WhatsApp-Image-2024-10-02-at-3.50.03-PM-2-1-270x270.jpeg 270w, https:\/\/hitexoticsdistro.eu\/wp-content\/uploads\/2024\/10\/cropped-WhatsApp-Image-2024-10-02-at-3.50.03-PM-2-1-192x192.jpeg 192w, https:\/\/hitexoticsdistro.eu\/wp-content\/uploads\/2024\/10\/cropped-WhatsApp-Image-2024-10-02-at-3.50.03-PM-2-1-180x180.jpeg 180w, https:\/\/hitexoticsdistro.eu\/wp-content\/uploads\/2024\/10\/cropped-WhatsApp-Image-2024-10-02-at-3.50.03-PM-2-1-32x32.jpeg 32w, https:\/\/hitexoticsdistro.eu\/wp-content\/uploads\/2024\/10\/cropped-WhatsApp-Image-2024-10-02-at-3.50.03-PM-2-1.jpeg 512w\" sizes=\"auto, (max-width: 300px) 100vw, 300px\" \/><\/p>","protected":false},"excerpt":{"rendered":"<p>Kup olej z konopi indyjskich online Olejek z konopi indyjskich Tangie OG to hybrydowa odmiana konopi o zr\u00f3wnowa\u017conym profilu, stworzona [&hellip;]<\/p>\n","protected":false},"featured_media":337,"comment_status":"closed","ping_status":"closed","template":"","meta":{"_surecart_dashboard_logo_width":"180px","_surecart_dashboard_show_logo":true,"_surecart_dashboard_navigation_orders":true,"_surecart_dashboard_navigation_invoices":true,"_surecart_dashboard_navigation_subscriptions":true,"_surecart_dashboard_navigation_downloads":true,"_surecart_dashboard_navigation_billing":true,"_surecart_dashboard_navigation_account":true,"_uag_custom_page_level_css":"","site-sidebar-layout":"default","site-content-layout":"","ast-site-content-layout":"default","site-content-style":"default","site-sidebar-style":"default","ast-global-header-display":"","ast-banner-title-visibility":"","ast-main-header-display":"","ast-hfb-above-header-display":"","ast-hfb-below-header-display":"","ast-hfb-mobile-header-display":"","site-post-title":"","ast-breadcrumbs-content":"","ast-featured-img":"","footer-sml-layout":"","theme-transparent-header-meta":"default","adv-header-id-meta":"","stick-header-meta":"","header-above-stick-meta":"","header-main-stick-meta":"","header-below-stick-meta":"","astra-migrate-meta-layouts":"set","ast-page-background-enabled":"default","ast-page-background-meta":{"desktop":{"background-color":"var(--ast-global-color-4)","background-image":"","background-repeat":"repeat","background-position":"center center","background-size":"auto","background-attachment":"scroll","background-type":"","background-media":"","overlay-type":"","overlay-color":"","overlay-opacity":"","overlay-gradient":""},"tablet":{"background-color":"","background-image":"","background-repeat":"repeat","background-position":"center center","background-size":"auto","background-attachment":"scroll","background-type":"","background-media":"","overlay-type":"","overlay-color":"","overlay-opacity":"","overlay-gradient":""},"mobile":{"background-color":"","background-image":"","background-repeat":"repeat","background-position":"center center","background-size":"auto","background-attachment":"scroll","background-type":"","background-media":"","overlay-type":"","overlay-color":"","overlay-opacity":"","overlay-gradient":""}},"ast-content-background-meta":{"desktop":{"background-color":"var(--ast-global-color-5)","background-image":"","background-repeat":"repeat","background-position":"center center","background-size":"auto","background-attachment":"scroll","background-type":"","background-media":"","overlay-type":"","overlay-color":"","overlay-opacity":"","overlay-gradient":""},"tablet":{"background-color":"var(--ast-global-color-5)","background-image":"","background-repeat":"repeat","background-position":"center center","background-size":"auto","background-attachment":"scroll","background-type":"","background-media":"","overlay-type":"","overlay-color":"","overlay-opacity":"","overlay-gradient":""},"mobile":{"background-color":"var(--ast-global-color-5)","background-image":"","background-repeat":"repeat","background-position":"center center","background-size":"auto","background-attachment":"scroll","background-type":"","background-media":"","overlay-type":"","overlay-color":"","overlay-opacity":"","overlay-gradient":""}}},"product_brand":[],"product_cat":[19],"product_tag":[20,21,22,23,24,25,26,27,28,29,30,695,944,31,945,943,32,33,34,942,946,35,36,37],"class_list":{"0":"post-307","1":"product","2":"type-product","3":"status-publish","4":"has-post-thumbnail","6":"product_cat-zamow-olej-thc-z-konopi-online","7":"product_tag-buy-tangie-og-cannabis-oil-eu","8":"product_tag-hash-oil-for-sale","9":"product_tag-hash-oil-pen","10":"product_tag-hashish-oil","11":"product_tag-hemp-cbd-oil","12":"product_tag-hemp-oil","13":"product_tag-hemp-oil-cancer","14":"product_tag-hemp-oil-cures-cancer","15":"product_tag-hemp-oil-for-sale","16":"product_tag-how-to-make-cannabis-oil","17":"product_tag-how-to-make-hash-oil","18":"product_tag-konopieonline","19":"product_tag-kupolejzkonopionline","20":"product_tag-marijuana-oil-for-sale","21":"product_tag-olejthc","22":"product_tag-olejzkonopiindyjskich","23":"product_tag-rick-simpson-hemp-oil","24":"product_tag-rick-simpson-oil","25":"product_tag-tangie-og-cannabis-oil-au","26":"product_tag-tangieog","27":"product_tag-tangieogcannabis","28":"product_tag-thc-oil-for-sale","29":"product_tag-where-can-i-buy-cannabis-oil","30":"product_tag-where-to-buy-cannabis-oil","31":"desktop-align-left","32":"tablet-align-left","33":"mobile-align-left","35":"first","36":"instock","37":"shipping-taxable","38":"purchasable","39":"product-type-simple"},"uagb_featured_image_src":{"full":["https:\/\/hitexoticsdistro.eu\/wp-content\/uploads\/2024\/10\/Tangie-OG-Cannabis-Oil-EU.jpg",450,450,false],"thumbnail":["https:\/\/hitexoticsdistro.eu\/wp-content\/uploads\/2024\/10\/Tangie-OG-Cannabis-Oil-EU-150x150.jpg",150,150,true],"medium":["https:\/\/hitexoticsdistro.eu\/wp-content\/uploads\/2024\/10\/Tangie-OG-Cannabis-Oil-EU-300x300.jpg",300,300,true],"medium_large":["https:\/\/hitexoticsdistro.eu\/wp-content\/uploads\/2024\/10\/Tangie-OG-Cannabis-Oil-EU.jpg",450,450,false],"large":["https:\/\/hitexoticsdistro.eu\/wp-content\/uploads\/2024\/10\/Tangie-OG-Cannabis-Oil-EU.jpg",450,450,false],"1536x1536":["https:\/\/hitexoticsdistro.eu\/wp-content\/uploads\/2024\/10\/Tangie-OG-Cannabis-Oil-EU.jpg",450,450,false],"2048x2048":["https:\/\/hitexoticsdistro.eu\/wp-content\/uploads\/2024\/10\/Tangie-OG-Cannabis-Oil-EU.jpg",450,450,false],"trp-custom-language-flag":["https:\/\/hitexoticsdistro.eu\/wp-content\/uploads\/2024\/10\/Tangie-OG-Cannabis-Oil-EU.jpg",12,12,false],"woocommerce_thumbnail":["https:\/\/hitexoticsdistro.eu\/wp-content\/uploads\/2024\/10\/Tangie-OG-Cannabis-Oil-EU-300x300.jpg",300,300,true],"woocommerce_single":["https:\/\/hitexoticsdistro.eu\/wp-content\/uploads\/2024\/10\/Tangie-OG-Cannabis-Oil-EU.jpg",450,450,false],"woocommerce_gallery_thumbnail":["https:\/\/hitexoticsdistro.eu\/wp-content\/uploads\/2024\/10\/Tangie-OG-Cannabis-Oil-EU-100x100.jpg",100,100,true]},"uagb_author_info":{"display_name":"","author_link":"https:\/\/hitexoticsdistro.eu\/fi\/author\/"},"uagb_comment_info":0,"uagb_excerpt":"Kup olej z konopi indyjskich online Olejek z konopi indyjskich Tangie OG to hybrydowa odmiana konopi o zr\u00f3wnowa\u017conym profilu, stworzona [&hellip;]","_links":{"self":[{"href":"https:\/\/hitexoticsdistro.eu\/fi\/wp-json\/wp\/v2\/product\/307","targetHints":{"allow":["GET"]}}],"collection":[{"href":"https:\/\/hitexoticsdistro.eu\/fi\/wp-json\/wp\/v2\/product"}],"about":[{"href":"https:\/\/hitexoticsdistro.eu\/fi\/wp-json\/wp\/v2\/types\/product"}],"replies":[{"embeddable":true,"href":"https:\/\/hitexoticsdistro.eu\/fi\/wp-json\/wp\/v2\/comments?post=307"}],"wp:featuredmedia":[{"embeddable":true,"href":"https:\/\/hitexoticsdistro.eu\/fi\/wp-json\/wp\/v2\/media\/337"}],"wp:attachment":[{"href":"https:\/\/hitexoticsdistro.eu\/fi\/wp-json\/wp\/v2\/media?parent=307"}],"wp:term":[{"taxonomy":"product_brand","embeddable":true,"href":"https:\/\/hitexoticsdistro.eu\/fi\/wp-json\/wp\/v2\/product_brand?post=307"},{"taxonomy":"product_cat","embeddable":true,"href":"https:\/\/hitexoticsdistro.eu\/fi\/wp-json\/wp\/v2\/product_cat?post=307"},{"taxonomy":"product_tag","embeddable":true,"href":"https:\/\/hitexoticsdistro.eu\/fi\/wp-json\/wp\/v2\/product_tag?post=307"}],"curies":[{"name":"wp","href":"https:\/\/api.w.org\/{rel}","templated":true}]}}