{"id":2939,"date":"2025-06-12T14:15:14","date_gmt":"2025-06-12T14:15:14","guid":{"rendered":"https:\/\/hitexoticsdistro.eu\/?post_type=product&#038;p=2939"},"modified":"2025-06-12T14:15:15","modified_gmt":"2025-06-12T14:15:15","slug":"online-moonrocks-szczep-europa","status":"publish","type":"product","link":"https:\/\/hitexoticsdistro.eu\/fi\/product\/online-moonrocks-szczep-europa\/","title":{"rendered":"Ksi\u0119\u017cycowa Ska\u0142a Kurupt"},"content":{"rendered":"<h1>Online Moonrocks Szczep Europa<\/h1>\n<p class=\"gt-block\">Moonrocks nie jest <a href=\"https:\/\/hitexoticsdistro.eu\/fi\/product-category\/gdzie-moge-kupic-marihuane\/\">tradycyjn\u0105 odmian\u0105<\/a>, ale <em>pot\u0119\u017cny produkt konopny<\/em>\u00a0stworzone dla intensywno\u015bci. Pochodz\u0105ce z Kalifornii, zyska\u0142y popularno\u015b\u0107 w ca\u0142ej Europie ze wzgl\u0119du na swoj\u0105 niezr\u00f3wnan\u0105 moc. Zazwyczaj wytwarzane przez powlekanie p\u0105ka konopi (cz\u0119sto\u00a0<strong>Girl Scout Cookies<\/strong>\u00a0or\u00a0<strong>OG Kush<\/strong>) w oleju haszyszowym i obtaczamy go w kiefie, chwali si\u0119 Moonrocks\u00a0THC\u00a0poziomy przekraczaj\u0105ce\u00a0<strong>50%<\/strong>, co czyni je najlepszym wyborem dla do\u015bwiadczonych u\u017cytkownik\u00f3w poszukuj\u0105cych g\u0142\u0119bokich wra\u017ce\u0144.<\/p>\n<h3><strong>Jak powstaj\u0105 Moonrocki?<\/strong><\/h3>\n<p>Tworzenie Moonrocks obejmuje trzy kluczowe kroki:<\/p>\n<ol start=\"1\">\n<li><strong>Wyb\u00f3r p\u0105ka bazowego<\/strong>:Wybiera si\u0119 odmian\u0119 wysokiej jako\u015bci, zazwyczaj z przewag\u0105 gen\u00f3w indica, aby uzyska\u0107 zr\u00f3wnowa\u017cone efekty.<\/li>\n<li><strong>K\u0105piel w oleju haszyszowym<\/strong>:P\u0105ki moczy si\u0119 w p\u0142ynnym olejku haszyszowym (LHO) lub koncentracie konopi, co zwi\u0119ksza zawarto\u015b\u0107 THC.<\/li>\n<li><strong>Pow\u0142oka kiefowa<\/strong>:Na koniec lepki p\u0105czek obtacza si\u0119 w kiefie (proszek z trichom\u00f3w), co dodaje kolejn\u0105 warstw\u0119 mocy i tekstury.<\/li>\n<\/ol>\n<p>Ten staranny proces przekszta\u0142ca zwyk\u0142e p\u0105ki w skoncentrowany cud, idealny dla tych, kt\u00f3rzy szukaj\u0105 intensywnego haju.<\/p>\n<h3 class=\"lazyloaded\"><strong>Wygl\u0105d, aromat i smak<\/strong><\/h3>\n<p>Moonrocks s\u0105 wizualnie uderzaj\u0105ce, przypominaj\u0105 ma\u0142e, b\u0142yszcz\u0105ce meteoryty. Ich g\u0119sta struktura l\u015bni warstwami oleju i <a href=\"https:\/\/hitexoticsdistro.eu\/fi\/product-category\/zakup-marihuany-kief-online\/\">kiefu<\/a>, cz\u0119sto maskuj\u0105c kolor oryginalnego p\u0105ka. Aromatycznie \u0142\u0105cz\u0105 ziemiste, skunkowe nuty z odmiany bazowej ze s\u0142odkimi, przypominaj\u0105cymi olej nap\u0119dowy tonami oleju haszyszowego. Po paleniu spodziewaj si\u0119 bogatego, mocnego smaku z nutami sosny i przypraw, po kt\u00f3rym nast\u0119puje g\u0142adki, d\u0142ugotrwa\u0142y posmak.<\/p>\n<h3><strong>Efekty i wra\u017cenia u\u017cytkownika<\/strong><\/h3>\n<p class=\"gt-block\">Moonrocks dostarczaj\u0105\u00a0<em>natychmiastowa, intensywna euforia<\/em>\u00a0kt\u00f3ry kaskadowo przechodzi w relaks ca\u0142ego cia\u0142a. U\u017cytkownicy zg\u0142aszaj\u0105:<\/p>\n<ul>\n<li><strong>Przyp\u0142yw M\u00f3zgu<\/strong>:Szybko dzia\u0142aj\u0105cy haj pobudzaj\u0105cy kreatywno\u015b\u0107 i eufori\u0119.<\/li>\n<li><strong>G\u0142\u0119boki spok\u00f3j fizyczny<\/strong>:Stopniowe uspokojenie cia\u0142a, \u0142agodzenie napi\u0119cia mi\u0119\u015bni i stresu.<\/li>\n<li><strong>D\u0142ugotrwa\u0142e efekty<\/strong>:Efekty mog\u0105 utrzymywa\u0107 si\u0119 godzinami, dlatego umiarkowanie jest niezwykle wa\u017cne.<\/li>\n<\/ul>\n<p>Ze wzgl\u0119du na ich skuteczno\u015b\u0107, pocz\u0105tkuj\u0105cy powinni podchodzi\u0107 do nich ostro\u017cnie \u2014 zacznij od ma\u0142ych dawek, aby unikn\u0105\u0107 przyt\u0142aczaj\u0105cych efekt\u00f3w.<\/p>\n<h3><strong>Korzy\u015bci medyczne<\/strong><\/h3>\n<p>Z medycznego punktu widzenia Moonrocki s\u0105 chwalone za:<\/p>\n<ul>\n<li><strong>Przewlek\u0142a ulga w b\u00f3lu<\/strong>:Ich wysoki\u00a0THC\u00a0tre\u015b\u0107 skierowana jest do os\u00f3b odczuwaj\u0105cych silny b\u00f3l i stan zapalny.<\/li>\n<li><strong>Redukcja stresu i l\u0119ku<\/strong>:G\u0142\u0119boki relaks pomaga uciszy\u0107 wewn\u0119trzny szum.<\/li>\n<li><strong>Zarz\u0105dzanie bezsenno\u015bci\u0105<\/strong>:Gruba baza indica sprzyja spokojnemu snu.<\/li>\n<\/ul>\n<h3><strong>Dost\u0119pno\u015b\u0107 w Europie<\/strong><\/h3>\n<p class=\"gt-block\">W Europie Moonrocks s\u0105 najbardziej dost\u0119pne w krajach o post\u0119powej polityce dotycz\u0105cej konopi, takich jak Holandia (kawiarnie) i Hiszpania (kluby konopne). Zawsze kupuj w\u00a0<em>renomowane apteki<\/em>\u00a0aby zagwarantowa\u0107 jako\u015b\u0107 i bezpiecze\u0144stwo, gdy\u017c wersje <a href=\"https:\/\/www.my28grams.co\/\" target=\"_blank\" rel=\"noopener\">DIY<\/a> mog\u0105 nie by\u0107 sp\u00f3jne.<\/p>\n<h3><strong>Dlaczego warto wybra\u0107 Moonrocks?<\/strong><\/h3>\n<p>Dla Europejczyk\u00f3w poszukuj\u0105cych niezr\u00f3wnanych wra\u017ce\u0144 z marihuan\u0105 Moonrocks oferuje:<\/p>\n<ul>\n<li><strong>Niezr\u00f3wnana moc<\/strong>:Idealny dla u\u017cytkownik\u00f3w o wysokiej tolerancji.<\/li>\n<li><strong>Wszechstronno\u015b\u0107<\/strong>:Mo\u017cna pali\u0107, waporyzowa\u0107 lub kruszy\u0107 na skr\u0119ty.<\/li>\n<li><strong>Unikalne do\u015bwiadczenie<\/strong>:\u0141\u0105czy w sobie to, co najlepsze w p\u0105kach, koncentratach i kiefie.<\/li>\n<\/ul>\n<h3><strong>Uwagi ko\u0144cowe <\/strong>Online Moonrocks Szczep Europa<\/h3>\n<p>Moonrocks reprezentuj\u0105 szczyt innowacji w dziedzinie konopi, \u0142\u0105cz\u0105c rzemios\u0142o rzemie\u015blnicze z ekstremaln\u0105 moc\u0105. Podczas gdy ich intensywno\u015b\u0107 wymaga szacunku, zapewniaj\u0105 satysfakcjonuj\u0105c\u0105 podr\u00f3\u017c dla do\u015bwiadczonych entuzjast\u00f3w. Zawsze stawiaj na pierwszym miejscu zgodno\u015b\u0107 z prawem i zacznij od niskich dawek, aby bezpiecznie porusza\u0107 si\u0119 po ich pot\u0119\u017cnych efektach.<\/p>\n<p>&nbsp;<\/p>\n<p>B\u0105d\u017a na bie\u017c\u0105co z wa\u017cnymi szczeg\u00f3\u0142ami dotycz\u0105cymi naszych odmian marihuany, takich jak\u00a0<a href=\"https:\/\/hitexoticsdistro.eu\/fi\/kup-chwast-online-polska\/\"><strong>Odmiany Sativy<\/strong><\/a>,\u00a0<strong><a href=\"https:\/\/hitexoticsdistro.eu\/fi\/gdzie-bezpiecznie-kupic-marihuane-online\/\">Odmiany Indica<\/a><\/strong>\u00a0i\u00a0<strong><a href=\"https:\/\/hitexoticsdistro.eu\/fi\/kup-produkty-z-konopi-online\/\">Szczepy hybrydowe<\/a><\/strong>.Przejd\u017a na nasz\u0105 stron\u0119 g\u0142\u00f3wn\u0105, aby uzyska\u0107 kr\u00f3tkie i pomocne informacje na temat r\u00f3\u017cnych dost\u0119pnych\u00a0<strong><a href=\"https:\/\/hitexoticsdistro.eu\/fi\/\">produkt\u00f3w marihuany<\/a><\/strong>.Pal odpowiedzialnie i ciesz si\u0119 wysokiej jako\u015bci\u00a0<strong><a href=\"https:\/\/hitexoticsdistro.eu\/fi\/product-category\/gdzie-moge-kupic-marihuane\/\">odmianami marihuany<\/a><\/strong>,\u00a0<strong><a href=\"https:\/\/hitexoticsdistro.eu\/fi\/product-category\/kup-koncentraty-konopi-indyjskich-online\/\">koncentratami konopi<\/a><\/strong>,\u00a0<strong><a href=\"https:\/\/hitexoticsdistro.eu\/fi\/product-category\/gdzie-znalezc-najlepsze-produkty-delta-8\/\">Delta 8 Weed<\/a><\/strong>,\u00a0<strong><a href=\"https:\/\/hitexoticsdistro.eu\/fi\/product-category\/kup-wysokiej-jakosci-edibles-z-delta-9-thc\/\">Delta 9 Weed<\/a><\/strong>,\u00a0<strong><a href=\"https:\/\/hitexoticsdistro.eu\/fi\/product-category\/sklep-z-marihuana-thca\/\">THCA Cannabis<\/a><\/strong>,\u00a0<strong><a href=\"https:\/\/hitexoticsdistro.eu\/fi\/product-category\/zamow-olej-thc-z-konopi-online\/\">olejem konopnym<\/a><\/strong>.<\/p>","protected":false},"excerpt":{"rendered":"<p>Online Moonrocks Szczep Europa Moonrocks nie jest tradycyjn\u0105 odmian\u0105, ale pot\u0119\u017cny produkt konopny\u00a0stworzone dla intensywno\u015bci. Pochodz\u0105ce z Kalifornii, zyska\u0142y popularno\u015b\u0107 [&hellip;]<\/p>\n","protected":false},"featured_media":2940,"comment_status":"open","ping_status":"closed","template":"","meta":{"_surecart_dashboard_logo_width":"180px","_surecart_dashboard_show_logo":true,"_surecart_dashboard_navigation_orders":true,"_surecart_dashboard_navigation_invoices":true,"_surecart_dashboard_navigation_subscriptions":true,"_surecart_dashboard_navigation_downloads":true,"_surecart_dashboard_navigation_billing":true,"_surecart_dashboard_navigation_account":true,"_uag_custom_page_level_css":"","site-sidebar-layout":"default","site-content-layout":"","ast-site-content-layout":"default","site-content-style":"default","site-sidebar-style":"default","ast-global-header-display":"","ast-banner-title-visibility":"","ast-main-header-display":"","ast-hfb-above-header-display":"","ast-hfb-below-header-display":"","ast-hfb-mobile-header-display":"","site-post-title":"","ast-breadcrumbs-content":"","ast-featured-img":"","footer-sml-layout":"","ast-disable-related-posts":"","theme-transparent-header-meta":"default","adv-header-id-meta":"","stick-header-meta":"","header-above-stick-meta":"","header-main-stick-meta":"","header-below-stick-meta":"","astra-migrate-meta-layouts":"set","ast-page-background-enabled":"default","ast-page-background-meta":{"desktop":{"background-color":"var(--ast-global-color-5)","background-image":"","background-repeat":"repeat","background-position":"center center","background-size":"auto","background-attachment":"scroll","background-type":"","background-media":"","overlay-type":"","overlay-color":"","overlay-opacity":"","overlay-gradient":""},"tablet":{"background-color":"","background-image":"","background-repeat":"repeat","background-position":"center center","background-size":"auto","background-attachment":"scroll","background-type":"","background-media":"","overlay-type":"","overlay-color":"","overlay-opacity":"","overlay-gradient":""},"mobile":{"background-color":"","background-image":"","background-repeat":"repeat","background-position":"center center","background-size":"auto","background-attachment":"scroll","background-type":"","background-media":"","overlay-type":"","overlay-color":"","overlay-opacity":"","overlay-gradient":""}},"ast-content-background-meta":{"desktop":{"background-color":"var(--ast-global-color-4)","background-image":"","background-repeat":"repeat","background-position":"center center","background-size":"auto","background-attachment":"scroll","background-type":"","background-media":"","overlay-type":"","overlay-color":"","overlay-opacity":"","overlay-gradient":""},"tablet":{"background-color":"var(--ast-global-color-4)","background-image":"","background-repeat":"repeat","background-position":"center center","background-size":"auto","background-attachment":"scroll","background-type":"","background-media":"","overlay-type":"","overlay-color":"","overlay-opacity":"","overlay-gradient":""},"mobile":{"background-color":"var(--ast-global-color-4)","background-image":"","background-repeat":"repeat","background-position":"center center","background-size":"auto","background-attachment":"scroll","background-type":"","background-media":"","overlay-type":"","overlay-color":"","overlay-opacity":"","overlay-gradient":""}}},"product_brand":[],"product_cat":[61,1747],"product_tag":[],"class_list":{"0":"post-2939","1":"product","2":"type-product","3":"status-publish","4":"has-post-thumbnail","6":"product_cat-hybrydowe-odmiany-marihuany-online","7":"product_cat-odmiana-moonrock","8":"desktop-align-left","9":"tablet-align-left","10":"mobile-align-left","12":"first","13":"instock","14":"sale","15":"shipping-taxable","16":"purchasable","17":"product-type-variable"},"uagb_featured_image_src":{"full":["https:\/\/hitexoticsdistro.eu\/wp-content\/uploads\/2025\/06\/Kurupt-Moon-Rock-1.jpg",540,540,false],"thumbnail":["https:\/\/hitexoticsdistro.eu\/wp-content\/uploads\/2025\/06\/Kurupt-Moon-Rock-1-150x150.jpg",150,150,true],"medium":["https:\/\/hitexoticsdistro.eu\/wp-content\/uploads\/2025\/06\/Kurupt-Moon-Rock-1-300x300.jpg",300,300,true],"medium_large":["https:\/\/hitexoticsdistro.eu\/wp-content\/uploads\/2025\/06\/Kurupt-Moon-Rock-1.jpg",540,540,false],"large":["https:\/\/hitexoticsdistro.eu\/wp-content\/uploads\/2025\/06\/Kurupt-Moon-Rock-1.jpg",540,540,false],"1536x1536":["https:\/\/hitexoticsdistro.eu\/wp-content\/uploads\/2025\/06\/Kurupt-Moon-Rock-1.jpg",540,540,false],"2048x2048":["https:\/\/hitexoticsdistro.eu\/wp-content\/uploads\/2025\/06\/Kurupt-Moon-Rock-1.jpg",540,540,false],"trp-custom-language-flag":["https:\/\/hitexoticsdistro.eu\/wp-content\/uploads\/2025\/06\/Kurupt-Moon-Rock-1.jpg",12,12,false],"woocommerce_thumbnail":["https:\/\/hitexoticsdistro.eu\/wp-content\/uploads\/2025\/06\/Kurupt-Moon-Rock-1-300x300.jpg",300,300,true],"woocommerce_single":["https:\/\/hitexoticsdistro.eu\/wp-content\/uploads\/2025\/06\/Kurupt-Moon-Rock-1.jpg",540,540,false],"woocommerce_gallery_thumbnail":["https:\/\/hitexoticsdistro.eu\/wp-content\/uploads\/2025\/06\/Kurupt-Moon-Rock-1-100x100.jpg",100,100,true]},"uagb_author_info":{"display_name":"","author_link":"https:\/\/hitexoticsdistro.eu\/fi\/author\/"},"uagb_comment_info":0,"uagb_excerpt":"Online Moonrocks Szczep Europa Moonrocks nie jest tradycyjn\u0105 odmian\u0105, ale pot\u0119\u017cny produkt konopny\u00a0stworzone dla intensywno\u015bci. Pochodz\u0105ce z Kalifornii, zyska\u0142y popularno\u015b\u0107 [&hellip;]","_links":{"self":[{"href":"https:\/\/hitexoticsdistro.eu\/fi\/wp-json\/wp\/v2\/product\/2939","targetHints":{"allow":["GET"]}}],"collection":[{"href":"https:\/\/hitexoticsdistro.eu\/fi\/wp-json\/wp\/v2\/product"}],"about":[{"href":"https:\/\/hitexoticsdistro.eu\/fi\/wp-json\/wp\/v2\/types\/product"}],"replies":[{"embeddable":true,"href":"https:\/\/hitexoticsdistro.eu\/fi\/wp-json\/wp\/v2\/comments?post=2939"}],"wp:featuredmedia":[{"embeddable":true,"href":"https:\/\/hitexoticsdistro.eu\/fi\/wp-json\/wp\/v2\/media\/2940"}],"wp:attachment":[{"href":"https:\/\/hitexoticsdistro.eu\/fi\/wp-json\/wp\/v2\/media?parent=2939"}],"wp:term":[{"taxonomy":"product_brand","embeddable":true,"href":"https:\/\/hitexoticsdistro.eu\/fi\/wp-json\/wp\/v2\/product_brand?post=2939"},{"taxonomy":"product_cat","embeddable":true,"href":"https:\/\/hitexoticsdistro.eu\/fi\/wp-json\/wp\/v2\/product_cat?post=2939"},{"taxonomy":"product_tag","embeddable":true,"href":"https:\/\/hitexoticsdistro.eu\/fi\/wp-json\/wp\/v2\/product_tag?post=2939"}],"curies":[{"name":"wp","href":"https:\/\/api.w.org\/{rel}","templated":true}]}}