{"id":403,"date":"2024-10-10T22:49:33","date_gmt":"2024-10-10T22:49:33","guid":{"rendered":"https:\/\/hitexoticsdistro.com\/?post_type=product&#038;p=403"},"modified":"2024-10-26T23:40:54","modified_gmt":"2024-10-26T23:40:54","slug":"kup-pineapple-express-konopie-online","status":"publish","type":"product","link":"https:\/\/hitexoticsdistro.eu\/et\/product\/kup-pineapple-express-konopie-online\/","title":{"rendered":"Pineapple Express"},"content":{"rendered":"<h2>Kup Pineapple Express Konopie Online<\/h2>\n<p>Pineapple Express to popularna i uwielbiana <a href=\"https:\/\/hitexoticsdistro.eu\/et\/product-category\/hybrydowe-odmiany-marihuany-online\/\">hybrydowa odmiana konopi<\/a>, kt\u00f3ra zdoby\u0142a reputacj\u0119 dzi\u0119ki zr\u00f3wnowa\u017conemu po\u0142\u0105czeniu efekt\u00f3w na umys\u0142 i cia\u0142o. Uznana dzi\u0119ki filmowi o tej samej nazwie, Pineapple Express mo\u017ce nie by\u0107 tak intensywna, jak sugeruje produkcja, ale z pewno\u015bci\u0105 oferuje wyj\u0105tkowe i przyjemne do\u015bwiadczenie z konopiami. Dzi\u0119ki <strong>\u0142agodnemu, rozlu\u017aniaj\u0105cemu dzia\u0142aniu na cia\u0142o<\/strong> i <strong>energetyzuj\u0105cym efektom<\/strong>, jest doskona\u0142ym wyborem zar\u00f3wno do rekreacyjnego, jak i medycznego u\u017cytku.<\/p>\n<p>Kiedy <strong>Kupisz Pineapple Express Konopie Online<\/strong> od zaufanego \u017ar\u00f3d\u0142a, takiego jak <em>Hit Exotics Distro<\/em>, masz pewno\u015b\u0107, \u017ce otrzymasz wysokiej jako\u015bci konopie, kt\u00f3re za ka\u017cdym razem zapewni\u0105 satysfakcjonuj\u0105ce do\u015bwiadczenie.<\/p>\n<h3>Dlaczego warto kupi\u0107 Pineapple Express Konopie Online?<\/h3>\n<p>Pineapple Express s\u0142ynie z zapewniania uspokajaj\u0105cego, a jednocze\u015bnie pobudzaj\u0105cego efektu, idealnego dla os\u00f3b poszukuj\u0105cych jasno\u015bci umys\u0142u i relaksu fizycznego. Oto kilka kluczowych powod\u00f3w, dla kt\u00f3rych Pineapple Express jest ulubionym wyborem w\u015br\u00f3d entuzjast\u00f3w konopi:<\/p>\n<ul>\n<li><strong>Zr\u00f3wnowa\u017cone efekty<\/strong>: Oferuje po\u0142\u0105czenie relaksu i energii, dzi\u0119ki czemu nadaje si\u0119 zar\u00f3wno na dzie\u0144, jak i wiecz\u00f3r.<\/li>\n<li><strong>Korzy\u015bci terapeutyczne<\/strong>: Znany z efektywnego leczenia stresu, l\u0119ku, depresji i \u0142agodnych b\u00f3l\u00f3w.<\/li>\n<li><strong>Unikalny profil smakowy<\/strong>: Charakteryzuje si\u0119 pyszn\u0105 mieszank\u0105 tropikalnych smak\u00f3w owocowych, w tym ananasa, cytrus\u00f3w i nut s\u0142odko\u015bci.<\/li>\n<\/ul>\n<p>Wybieraj\u0105c <strong>kupno Pineapple Express konopie online<\/strong>, decydujesz si\u0119 na odmian\u0119, kt\u00f3ra jest wszechstronna, \u0142atwa w u\u017cytkowaniu i idealna zar\u00f3wno dla nowych, jak i do\u015bwiadczonych u\u017cytkownik\u00f3w.<\/p>\n<h3>Pineapple Express: Aromat i Smak<\/h3>\n<p>Jednym z najbardziej charakterystycznych element\u00f3w Pineapple Express jest jej <strong>unikalny aromat i smak<\/strong>. Przy wdechu jeste\u015b witany <strong>tropikalnym wybuchem cytrus\u00f3w i ananasa<\/strong>, kt\u00f3ry jest uzupe\u0142niony subteln\u0105 s\u0142odycz\u0105. <strong>Ziemiste i sosnowe nuty<\/strong> dodaj\u0105 ca\u0142o\u015bci g\u0142\u0119bi, a owocowe akcenty utrzymuj\u0105 si\u0119 na podniebieniu, co sprawia, \u017ce ka\u017cde zaci\u0105gni\u0119cie si\u0119 to prawdziwa uczta.<\/p>\n<p>Je\u015bli lubisz odmiany konopi o <strong>tropikalnych i owocowych smakach<\/strong>, Pineapple Express to absolutny must-try. <strong>Smak ananasa<\/strong> jest wyj\u0105tkowo wyra\u017any, co sprawia, \u017ce palenie tej odmiany jest orze\u017awiaj\u0105ce i egzotyczne.<\/p>\n<h3>Efekty Pineapple Express: Energia Spotyka Relaks<\/h3>\n<p>Pineapple Express oferuje po\u0142\u0105czenie <strong>energetyzuj\u0105cych i relaksuj\u0105cych efekt\u00f3w<\/strong>, co czyni j\u0105 idealn\u0105 dla u\u017cytkownik\u00f3w, kt\u00f3rzy chc\u0105 poczu\u0107 si\u0119 podniesieni, a jednocze\u015bnie ugruntowani. Niezale\u017cnie od tego, czy szukasz zastrzyku kreatywno\u015bci, skupienia, czy po prostu chcesz poprawi\u0107 nastr\u00f3j, Pineapple Express to dostarcza. Efekty pojawiaj\u0105 si\u0119 niemal natychmiast, zaczynaj\u0105c od <strong>euforycznego przyp\u0142ywu<\/strong>, kt\u00f3ry energetyzuje umys\u0142, jednocze\u015bnie relaksuj\u0105c cia\u0142o.<\/p>\n<ul>\n<li><strong>Energetyzuj\u0105cy<\/strong>: Pineapple Express mo\u017ce podnie\u015b\u0107 twoje zmys\u0142y, zwi\u0119kszy\u0107 skupienie i pom\u00f3c ci poczu\u0107 si\u0119 bardziej \u015bwiadomym i kreatywnym.<\/li>\n<li><strong>Relaksuj\u0105cy<\/strong>: Pomimo swoich energetyzuj\u0105cych w\u0142a\u015bciwo\u015bci, Pineapple Express r\u00f3wnie\u017c wspiera uczucie spokoju, co czyni j\u0105 idealn\u0105 do \u0142agodzenia l\u0119k\u00f3w, stresu i \u0142agodnych b\u00f3l\u00f3w.<\/li>\n<li><strong>Zr\u00f3wnowa\u017cony haj<\/strong>: Chocia\u017c ta odmiana dodaje energii, jest na tyle \u0142agodna, \u017ce nie poczujesz si\u0119 nerwowy ani zaniepokojony.<\/li>\n<\/ul>\n<h3>Korzy\u015bci Terapeutyczne Pineapple Express<\/h3>\n<p>Je\u015bli rozwa\u017casz <strong>kupno Pineapple Express konopie online<\/strong> ze wzgl\u0119du na jej w\u0142a\u015bciwo\u015bci lecznicze, ucieszy ci\u0119 fakt, \u017ce jest to wszechstronna odmiana, kt\u00f3ra mo\u017ce \u0142agodzi\u0107 wiele dolegliwo\u015bci. Pineapple Express jest cz\u0119sto stosowana w zarz\u0105dzaniu <strong>przewlek\u0142ym b\u00f3lem, depresj\u0105 i zm\u0119czeniem<\/strong>, ale jej efekty si\u0119gaj\u0105 znacznie dalej.<\/p>\n<ul>\n<li><strong>\u0141agodzenie przewlek\u0142ego b\u00f3lu<\/strong>: Uspokajaj\u0105ce dzia\u0142anie Pineapple Express na cia\u0142o sprawia, \u017ce jest skuteczna w \u0142agodzeniu \u0142agodnych do umiarkowanych b\u00f3l\u00f3w.<\/li>\n<li><strong>Depresja i l\u0119k<\/strong>: Jej podnosz\u0105ce na duchu i euforyczne efekty s\u0105 idealne do walki z chroniczn\u0105 depresj\u0105 i l\u0119kiem, oferuj\u0105c mentalne wsparcie bez nadmiernego uspokojenia.<\/li>\n<li><strong>Pobudzenie apetytu<\/strong>: Je\u015bli masz problemy z utrat\u0105 apetytu lub nudno\u015bciami, Pineapple <a href=\"https:\/\/biohemp.pl\/pl\/olejki-ekstrakty-cbd-cbg\/\" rel=\"nofollow noopener\" target=\"_blank\">Express<\/a> mo\u017ce pom\u00f3c w stymulowaniu g\u0142odu, jednocze\u015bnie \u0142agodz\u0105c dyskomfort \u017co\u0142\u0105dkowy.<\/li>\n<li><strong>Zm\u0119czenie<\/strong>: Pineapple Express to doskona\u0142y wyb\u00f3r dla tych, kt\u00f3rzy potrzebuj\u0105 zastrzyku energii bez nadmiernej stymulacji, kt\u00f3r\u0105 mog\u0105 powodowa\u0107 inne odmiany dominuj\u0105ce w sativa.<\/li>\n<\/ul>\n<h3>Jak Stosowa\u0107 Pineapple Express<\/h3>\n<p>Pineapple Express jest niezwykle wszechstronna i mo\u017ce by\u0107 stosowana w r\u00f3\u017cnych formach, niezale\u017cnie od tego, czy preferujesz <strong>waporyzacj\u0119, palenie, czy spo\u017cywanie w formie jadalnej<\/strong>. Umiarkowany poziom THC w tej odmianie zapewnia, \u017ce jest mocna, ale nie przyt\u0142aczaj\u0105ca, dzi\u0119ki czemu nadaje si\u0119 zar\u00f3wno dla pocz\u0105tkuj\u0105cych, jak i do\u015bwiadczonych konsument\u00f3w konopi.<\/p>\n<p>Dla tych, kt\u00f3rzy chc\u0105 z\u0142agodzi\u0107 <strong>stres w ci\u0105gu dnia<\/strong>, Pineapple Express jest doskona\u0142ym wyborem, poniewa\u017c pomaga utrzyma\u0107 produktywno\u015b\u0107 i skupienie. Jest to r\u00f3wnie\u017c \u015bwietna opcja na wiecz\u00f3r, kiedy chcesz si\u0119 zrelaksowa\u0107, ale nie chcesz by\u0107 ca\u0142kowicie \u201ewy\u0142\u0105czony\u201d.<\/p>\n<h3>Dlaczego warto wybra\u0107 Hit Exotics Distro?<\/h3>\n<p>Kiedy <strong>kupujesz Pineapple Express konopie online<\/strong> w <em>Hit Exotics Distro<\/em>, nie tylko uzyskujesz dost\u0119p do wysokiej jako\u015bci <a href=\"https:\/\/hitexoticsdistro.eu\/et\/product-category\/gdzie-moge-kupic-marihuane\/\">konopi<\/a>, ale tak\u017ce cieszysz si\u0119 wygod\u0105 dyskretnej wysy\u0142ki i doskona\u0142\u0105 obs\u0142ug\u0105 klienta. Nasze zobowi\u0105zanie do jako\u015bci gwarantuje, \u017ce ka\u017cdy oferowany produkt spe\u0142nia wysokie standardy, dzi\u0119ki czemu mo\u017cesz kupowa\u0107 z pe\u0142nym zaufaniem.<\/p>\n<h3>Cz\u0119sto zadawane pytania<\/h3>\n<h4>Jakie s\u0105 g\u0142\u00f3wne efekty Pineapple Express?<\/h4>\n<p>Pineapple Express dostarcza po\u0142\u0105czenie efekt\u00f3w energetyzuj\u0105cych i relaksuj\u0105cych. Zwi\u0119ksza jasno\u015b\u0107 umys\u0142u, skupienie i kreatywno\u015b\u0107, a jednocze\u015bnie promuje fizyczny relaks.<\/p>\n<h4>Czy Pineapple Express nadaje si\u0119 do u\u017cytku medycznego?<\/h4>\n<p>Tak, Pineapple Express jest cz\u0119sto wybierana do leczenia schorze\u0144 takich jak <strong>przewlek\u0142y b\u00f3l, depresja, l\u0119k, nudno\u015bci<\/strong> oraz <strong>zm\u0119czenie<\/strong>. Dzia\u0142a r\u00f3wnie\u017c dobrze na \u0142agodzenie <strong>\u0142agodnych b\u00f3l\u00f3w i stresu<\/strong>.<\/p>\n<h4>Jak silna jest Pineapple Express?<\/h4>\n<p>Z poziomem THC wynosz\u0105cym oko\u0142o 15-20%, Pineapple Express oferuje umiarkowan\u0105 moc, kt\u00f3ra nadaje si\u0119 zar\u00f3wno dla pocz\u0105tkuj\u0105cych, jak i do\u015bwiadczonych u\u017cytkownik\u00f3w, dostarczaj\u0105c zr\u00f3wnowa\u017conego haju.<\/p>\n<h4>Czy Pineapple Express ma wyra\u017any smak?<\/h4>\n<p>Tak, Pineapple Express s\u0142ynie z <strong>tropikalnego profilu smakowego<\/strong>, zawieraj\u0105cego nuty <strong>ananasu, cytrus\u00f3w<\/strong> i <strong>s\u0142odkich akcent\u00f3w<\/strong>. Smak jest orze\u017awiaj\u0105cy, z wyra\u017an\u0105 nut\u0105 ananasa, co wyr\u00f3\u017cnia j\u0105 na tle innych odmian.<\/p>\n<h4>Jak mog\u0119 kupi\u0107 Pineapple Express Konopie Online?<\/h4>\n<p>Aby zakupi\u0107 Pineapple Express, odwied\u017a nasz sklep internetowy <em>Hit Exotics Distro<\/em>, przegl\u0105daj nasze selekcje premium konopi i wybierz odpowiedni\u0105 dla siebie ilo\u015b\u0107. Oferujemy bezpieczne opcje p\u0142atno\u015bci i dyskretn\u0105 wysy\u0142k\u0119 dla twojej wygody.<\/p>\n<h3>Podsumowanie<\/h3>\n<p>Pineapple Express oferuje <strong>idealne po\u0142\u0105czenie<\/strong> energii, relaksu i smaku, co czyni j\u0105 doskona\u0142ym wyborem zar\u00f3wno dla u\u017cytkownik\u00f3w rekreacyjnych, jak i medycznych. Dzi\u0119ki swoim podnosz\u0105cym umys\u0142 efektom i koj\u0105cemu dzia\u0142aniu na cia\u0142o, Pineapple Express to idealna odmiana dla tych, kt\u00f3rzy szukaj\u0105 zr\u00f3wnowa\u017conych wra\u017ce\u0144.<\/p>\n<p>Nie przegap tej niezwyk\u0142ej odmiany \u2013 <strong>Kup Pineapple Express Konopie Online<\/strong> ju\u017c dzi\u015b w <em>Hit Exotics Distro<\/em> i ciesz si\u0119 energetyzuj\u0105cymi, a jednocze\u015bnie relaksuj\u0105cymi efektami tej tropikalnej ulubienicy.<\/p>\n<p>&nbsp;<\/p>\n<p><img loading=\"lazy\" decoding=\"async\" class=\"alignnone size-medium wp-image-1149\" src=\"https:\/\/hitexoticsdistro.eu\/wp-content\/uploads\/2024\/10\/WhatsApp-Image-2024-10-02-at-3.50.03-PM-2-300x300.jpeg\" alt=\"Gdzie bezpiecznie kupi\u0107 marihuan\u0119 online?\" width=\"300\" height=\"300\" srcset=\"https:\/\/hitexoticsdistro.eu\/wp-content\/uploads\/2024\/10\/WhatsApp-Image-2024-10-02-at-3.50.03-PM-2-300x300.jpeg 300w, https:\/\/hitexoticsdistro.eu\/wp-content\/uploads\/2024\/10\/WhatsApp-Image-2024-10-02-at-3.50.03-PM-2-150x150.jpeg 150w, https:\/\/hitexoticsdistro.eu\/wp-content\/uploads\/2024\/10\/WhatsApp-Image-2024-10-02-at-3.50.03-PM-2-600x600.jpeg 600w, https:\/\/hitexoticsdistro.eu\/wp-content\/uploads\/2024\/10\/WhatsApp-Image-2024-10-02-at-3.50.03-PM-2-100x100.jpeg 100w, https:\/\/hitexoticsdistro.eu\/wp-content\/uploads\/2024\/10\/WhatsApp-Image-2024-10-02-at-3.50.03-PM-2.jpeg 640w\" sizes=\"auto, (max-width: 300px) 100vw, 300px\" \/><\/p>","protected":false},"excerpt":{"rendered":"<p>Kup Pineapple Express Konopie Online Pineapple Express to popularna i uwielbiana hybrydowa odmiana konopi, kt\u00f3ra zdoby\u0142a reputacj\u0119 dzi\u0119ki zr\u00f3wnowa\u017conemu po\u0142\u0105czeniu [&hellip;]<\/p>\n","protected":false},"featured_media":463,"comment_status":"closed","ping_status":"closed","template":"","meta":{"_surecart_dashboard_logo_width":"180px","_surecart_dashboard_show_logo":true,"_surecart_dashboard_navigation_orders":true,"_surecart_dashboard_navigation_invoices":true,"_surecart_dashboard_navigation_subscriptions":true,"_surecart_dashboard_navigation_downloads":true,"_surecart_dashboard_navigation_billing":true,"_surecart_dashboard_navigation_account":true,"_uag_custom_page_level_css":"","site-sidebar-layout":"default","site-content-layout":"","ast-site-content-layout":"default","site-content-style":"default","site-sidebar-style":"default","ast-global-header-display":"","ast-banner-title-visibility":"","ast-main-header-display":"","ast-hfb-above-header-display":"","ast-hfb-below-header-display":"","ast-hfb-mobile-header-display":"","site-post-title":"","ast-breadcrumbs-content":"","ast-featured-img":"","footer-sml-layout":"","theme-transparent-header-meta":"default","adv-header-id-meta":"","stick-header-meta":"","header-above-stick-meta":"","header-main-stick-meta":"","header-below-stick-meta":"","astra-migrate-meta-layouts":"set","ast-page-background-enabled":"default","ast-page-background-meta":{"desktop":{"background-color":"var(--ast-global-color-4)","background-image":"","background-repeat":"repeat","background-position":"center center","background-size":"auto","background-attachment":"scroll","background-type":"","background-media":"","overlay-type":"","overlay-color":"","overlay-opacity":"","overlay-gradient":""},"tablet":{"background-color":"","background-image":"","background-repeat":"repeat","background-position":"center center","background-size":"auto","background-attachment":"scroll","background-type":"","background-media":"","overlay-type":"","overlay-color":"","overlay-opacity":"","overlay-gradient":""},"mobile":{"background-color":"","background-image":"","background-repeat":"repeat","background-position":"center center","background-size":"auto","background-attachment":"scroll","background-type":"","background-media":"","overlay-type":"","overlay-color":"","overlay-opacity":"","overlay-gradient":""}},"ast-content-background-meta":{"desktop":{"background-color":"var(--ast-global-color-5)","background-image":"","background-repeat":"repeat","background-position":"center center","background-size":"auto","background-attachment":"scroll","background-type":"","background-media":"","overlay-type":"","overlay-color":"","overlay-opacity":"","overlay-gradient":""},"tablet":{"background-color":"var(--ast-global-color-5)","background-image":"","background-repeat":"repeat","background-position":"center center","background-size":"auto","background-attachment":"scroll","background-type":"","background-media":"","overlay-type":"","overlay-color":"","overlay-opacity":"","overlay-gradient":""},"mobile":{"background-color":"var(--ast-global-color-5)","background-image":"","background-repeat":"repeat","background-position":"center center","background-size":"auto","background-attachment":"scroll","background-type":"","background-media":"","overlay-type":"","overlay-color":"","overlay-opacity":"","overlay-gradient":""}}},"product_brand":[],"product_cat":[56,57],"product_tag":[111,551,573,571,569,574,575,572],"class_list":{"0":"post-403","1":"product","2":"type-product","3":"status-publish","4":"has-post-thumbnail","6":"product_cat-gdzie-moge-kupic-marihuane","7":"product_cat-kup-marihuane-sativa-online-polska","8":"product_tag-buy-pineapple-express-weed-strain-online-europe","9":"product_tag-hitexoticsdistro","10":"product_tag-kupkonopieonline","11":"product_tag-kuppineappleexpress","12":"product_tag-medycznamarihuana","13":"product_tag-odmianykonopi","14":"product_tag-pineappleexpresshigh","15":"product_tag-pineappleexpressodmiana","16":"desktop-align-left","17":"tablet-align-left","18":"mobile-align-left","20":"first","21":"instock","22":"shipping-taxable","23":"purchasable","24":"product-type-variable"},"uagb_featured_image_src":{"full":["https:\/\/hitexoticsdistro.eu\/wp-content\/uploads\/2024\/10\/Pineapple-Express-Weed-Strain.webp",570,427,false],"thumbnail":["https:\/\/hitexoticsdistro.eu\/wp-content\/uploads\/2024\/10\/Pineapple-Express-Weed-Strain-150x150.webp",150,150,true],"medium":["https:\/\/hitexoticsdistro.eu\/wp-content\/uploads\/2024\/10\/Pineapple-Express-Weed-Strain-300x225.webp",300,225,true],"medium_large":["https:\/\/hitexoticsdistro.eu\/wp-content\/uploads\/2024\/10\/Pineapple-Express-Weed-Strain.webp",570,427,false],"large":["https:\/\/hitexoticsdistro.eu\/wp-content\/uploads\/2024\/10\/Pineapple-Express-Weed-Strain.webp",570,427,false],"1536x1536":["https:\/\/hitexoticsdistro.eu\/wp-content\/uploads\/2024\/10\/Pineapple-Express-Weed-Strain.webp",570,427,false],"2048x2048":["https:\/\/hitexoticsdistro.eu\/wp-content\/uploads\/2024\/10\/Pineapple-Express-Weed-Strain.webp",570,427,false],"trp-custom-language-flag":["https:\/\/hitexoticsdistro.eu\/wp-content\/uploads\/2024\/10\/Pineapple-Express-Weed-Strain.webp",16,12,false],"woocommerce_thumbnail":["https:\/\/hitexoticsdistro.eu\/wp-content\/uploads\/2024\/10\/Pineapple-Express-Weed-Strain-300x300.webp",300,300,true],"woocommerce_single":["https:\/\/hitexoticsdistro.eu\/wp-content\/uploads\/2024\/10\/Pineapple-Express-Weed-Strain.webp",570,427,false],"woocommerce_gallery_thumbnail":["https:\/\/hitexoticsdistro.eu\/wp-content\/uploads\/2024\/10\/Pineapple-Express-Weed-Strain-100x100.webp",100,100,true]},"uagb_author_info":{"display_name":"","author_link":"https:\/\/hitexoticsdistro.eu\/et\/author\/"},"uagb_comment_info":0,"uagb_excerpt":"Kup Pineapple Express Konopie Online Pineapple Express to popularna i uwielbiana hybrydowa odmiana konopi, kt\u00f3ra zdoby\u0142a reputacj\u0119 dzi\u0119ki zr\u00f3wnowa\u017conemu po\u0142\u0105czeniu [&hellip;]","_links":{"self":[{"href":"https:\/\/hitexoticsdistro.eu\/et\/wp-json\/wp\/v2\/product\/403","targetHints":{"allow":["GET"]}}],"collection":[{"href":"https:\/\/hitexoticsdistro.eu\/et\/wp-json\/wp\/v2\/product"}],"about":[{"href":"https:\/\/hitexoticsdistro.eu\/et\/wp-json\/wp\/v2\/types\/product"}],"replies":[{"embeddable":true,"href":"https:\/\/hitexoticsdistro.eu\/et\/wp-json\/wp\/v2\/comments?post=403"}],"wp:featuredmedia":[{"embeddable":true,"href":"https:\/\/hitexoticsdistro.eu\/et\/wp-json\/wp\/v2\/media\/463"}],"wp:attachment":[{"href":"https:\/\/hitexoticsdistro.eu\/et\/wp-json\/wp\/v2\/media?parent=403"}],"wp:term":[{"taxonomy":"product_brand","embeddable":true,"href":"https:\/\/hitexoticsdistro.eu\/et\/wp-json\/wp\/v2\/product_brand?post=403"},{"taxonomy":"product_cat","embeddable":true,"href":"https:\/\/hitexoticsdistro.eu\/et\/wp-json\/wp\/v2\/product_cat?post=403"},{"taxonomy":"product_tag","embeddable":true,"href":"https:\/\/hitexoticsdistro.eu\/et\/wp-json\/wp\/v2\/product_tag?post=403"}],"curies":[{"name":"wp","href":"https:\/\/api.w.org\/{rel}","templated":true}]}}