{"id":353,"date":"2024-10-10T22:48:17","date_gmt":"2024-10-10T22:48:17","guid":{"rendered":"https:\/\/hitexoticsdistro.com\/?post_type=product&#038;p=353"},"modified":"2024-10-26T23:48:48","modified_gmt":"2024-10-26T23:48:48","slug":"kup-chemnesia-kwiat-marihuany-online","status":"publish","type":"product","link":"https:\/\/hitexoticsdistro.eu\/et\/product\/kup-chemnesia-kwiat-marihuany-online\/","title":{"rendered":"Chemnesia"},"content":{"rendered":"<h2>Kup Chemnesia Kwiat Marihuany Online<\/h2>\n<p>Chemnesia to wyj\u0105tkowo mocna hybryda, stworzona z po\u0142\u0105czenia pot\u0119\u017cnych odmian <em>Amnesia Sour Diesel<\/em> i <em>I-95<\/em>, dzi\u0119ki czemu jest idealnym wyborem dla os\u00f3b poszukuj\u0105cych intensywnego, d\u0142ugotrwa\u0142ego haju. Znana ze swoich silnych efekt\u00f3w, Chemnesia zapewnia niezwyk\u0142e do\u015bwiadczenie, kt\u00f3re doceniaj\u0105 zar\u00f3wno u\u017cytkownicy rekreacyjni, jak i medyczni. Je\u015bli szukasz odmiany, kt\u00f3ra oferuje g\u0142\u0119bok\u0105 eufori\u0119, klarowno\u015b\u0107 umys\u0142u oraz przyjemne rozlu\u017anienie cia\u0142a, Chemnesia to kwiat, kt\u00f3ry musisz wypr\u00f3bowa\u0107.<\/p>\n<h3>Dlaczego warto kupi\u0107 Chemnesia Kwiat Marihuany Online?<\/h3>\n<p>Kupuj\u0105c Chemnesia online, <strong>Hit Exotics Distro<\/strong> zapewnia najwy\u017cszej jako\u015bci <a href=\"https:\/\/hitexoticsdistro.eu\/et\/product-category\/gdzie-moge-kupic-marihuane\/\">marihuan\u0119<\/a>, dostarczon\u0105 bezpiecznie i dyskretnie prosto pod Twoje drzwi. Niezale\u017cnie od tego, czy potrzebujesz ulgi w chronicznym b\u00f3lu, chcesz zwalczy\u0107 zm\u0119czenie, czy po prostu do\u015bwiadczy\u0107 euforycznego i kreatywnego haju, Chemnesia spe\u0142nia wszystkie te oczekiwania.<\/p>\n<h3>Efekty Chemnesia Kwiat Marihuany<\/h3>\n<p>Chemnesia jest znana z <strong>d\u0142ugotrwa\u0142ych, m\u00f3zgowych efekt\u00f3w<\/strong>. Ta odmiana jest szczeg\u00f3lnie popularna w\u015br\u00f3d u\u017cytkownik\u00f3w, kt\u00f3rzy szukaj\u0105 <strong>skupionego, podnosz\u0105cego na duchu haju<\/strong> bez uczucia zbyt du\u017cego uspokojenia. Niezale\u017cnie od tego, czy anga\u017cujesz si\u0119 w kreatywne zadania, czy szukasz ulgi w stresie, Chemnesia oferuje idealn\u0105 r\u00f3wnowag\u0119 mi\u0119dzy klarowno\u015bci\u0105 umys\u0142u a relaksem.<\/p>\n<p><strong>G\u0142\u00f3wne efekty:<\/strong><\/p>\n<ul>\n<li><strong>Kreatywno\u015b\u0107<\/strong>: Pobudza my\u015blenie tw\u00f3rcze i innowacyjne.<\/li>\n<li><strong>Euforia<\/strong>: Przynosi g\u0142\u0119bokie poczucie szcz\u0119\u015bcia i umys\u0142owej b\u0142ogo\u015bci.<\/li>\n<li><strong>Skupienie<\/strong>: Pomaga u\u017cytkownikom zachowa\u0107 ostro\u015b\u0107 i koncentracj\u0119.<\/li>\n<li><strong>Szcz\u0119\u015bcie<\/strong>: Poprawia nastr\u00f3j i podnosi og\u00f3lne samopoczucie.<\/li>\n<li><strong>Podnosz\u0105cy na duchu<\/strong>: Dodaje energii i motywacji na czas trwania haju.<\/li>\n<\/ul>\n<h3>Korzy\u015bci Terapeutyczne Chemnesia<\/h3>\n<p>Jednym z g\u0142\u00f3wnych powod\u00f3w, dla kt\u00f3rych ludzie <strong>kupuj\u0105 Chemnesia kwiat marihuany online<\/strong>, s\u0105 jej <strong>w\u0142a\u015bciwo\u015bci terapeutyczne<\/strong>. Ta odmiana oferuje znaczne korzy\u015bci medyczne, co czyni j\u0105 popularn\u0105 zar\u00f3wno w\u015br\u00f3d u\u017cytkownik\u00f3w rekreacyjnych, jak i tych poszukuj\u0105cych ulgi w objawach.<\/p>\n<p><strong>Chemnesia mo\u017ce pom\u00f3c w:<\/strong><\/p>\n<ul>\n<li><strong>ADD\/ADHD<\/strong>: Poprawia koncentracj\u0119 i pomaga w zaburzeniach uwagi.<\/li>\n<li><strong>Przewlek\u0142y b\u00f3l<\/strong>: Zapewnia ulg\u0119 w b\u00f3lu bez uczucia ci\u0119\u017ckiego uspokojenia.<\/li>\n<li><strong>Depresja<\/strong>: Podnosz\u0105ce na duchu efekty pomagaj\u0105 walczy\u0107 z negatywnymi my\u015blami.<\/li>\n<li><strong>Zm\u0119czenie<\/strong>: Energizuj\u0105ce w\u0142a\u015bciwo\u015bci pomagaj\u0105 w walce z dziennym zm\u0119czeniem.<\/li>\n<li><strong>Stany zapalne<\/strong>: Redukuje obrz\u0119ki i stany zapalne, poprawiaj\u0105c komfort cia\u0142a.<\/li>\n<li><strong>Migreny<\/strong>: \u0141agodzi intensywno\u015b\u0107 b\u00f3l\u00f3w g\u0142owy i migren.<\/li>\n<\/ul>\n<h3>Smaki i Aromaty Chemnesia<\/h3>\n<p>Chemnesia wyr\u00f3\u017cnia si\u0119 nie tylko efektami, ale r\u00f3wnie\u017c <strong>wyj\u0105tkowym profilem smakowym i zapachowym<\/strong>. Ju\u017c od pierwszego wdechu u\u017cytkownicy odczuwaj\u0105 <strong>cytrusowo-dieselowe nuty<\/strong>, kt\u00f3re dominuj\u0105 zar\u00f3wno w smaku, jak i zapachu tej <a href=\"https:\/\/bestbud.nl\/pl\/\" rel=\"nofollow noopener\" target=\"_blank\">odmiany<\/a>.<\/p>\n<p><strong>Smaki:<\/strong><\/p>\n<ul>\n<li><strong>Cytrus<\/strong>: Orze\u017awiaj\u0105ca dawka cytryny, kt\u00f3ra pobudza zmys\u0142y.<\/li>\n<li><strong>Diesel<\/strong>: Wyra\u017any, ziemisty smak, kt\u00f3ry nadaje odmianie mocny charakter.<\/li>\n<li><strong>Zio\u0142owy<\/strong>: Delikatne, g\u0142adkie zio\u0142owe tony, kt\u00f3re r\u00f3wnowa\u017c\u0105 smak.<\/li>\n<li><strong>Cytryna<\/strong>: Kwa\u015bne, cytrusowe wyko\u0144czenie, kt\u00f3re d\u0142ugo utrzymuje si\u0119 na podniebieniu.<\/li>\n<\/ul>\n<p><strong>Aromaty:<\/strong><\/p>\n<ul>\n<li><strong>Chemiczny<\/strong>: Ostry, unikalny zapach, kt\u00f3ry nadaje Chemnesii charakterystyczny aromat.<\/li>\n<li><strong>Diesel<\/strong>: Niepowtarzalny, ostry zapach kwa\u015bnego diesla wyczuwalny w ka\u017cdym p\u0105ku.<\/li>\n<li><strong>Cytryna<\/strong>: Cytrusowy zapach wype\u0142nia powietrze, uzupe\u0142niaj\u0105c nuty diesla.<\/li>\n<li><strong>Kwa\u015bny<\/strong>: Kwa\u015bny aromat, kt\u00f3ry przebija si\u0119 przez ziemiste wonie.<\/li>\n<\/ul>\n<h3>Do\u015bwiadcz Wizualnych i Umys\u0142owych Cud\u00f3w Chemnesia<\/h3>\n<p>Chemnesia jest r\u00f3wnie imponuj\u0105ca pod wzgl\u0119dem wygl\u0105du. Jej <strong>du\u017ce, oszronione p\u0105ki<\/strong> mieni\u0105 si\u0119 w \u015bwietle dzi\u0119ki \u017cywicy pokrywaj\u0105cej trichomy. P\u0105ki, w kt\u00f3rych dominuj\u0105 ciemne odcienie zieleni, przeplatane bursztynowymi w\u0142oskami, stanowi\u0105 wizualny dow\u00f3d na moc tej odmiany. Efekty s\u0105 r\u00f3wnie intensywne \u2014 mo\u017cesz spodziewa\u0107 si\u0119 <strong>\u017cywych dozna\u0144 umys\u0142owych<\/strong> po\u0142\u0105czonych z <strong>przyjemnym rozlu\u017anieniem cia\u0142a<\/strong>, kt\u00f3re sprawiaj\u0105, \u017ce u\u017cytkownicy czuj\u0105 si\u0119 zar\u00f3wno zrelaksowani, jak i skupieni.<\/p>\n<h3>Dlaczego warto wybra\u0107 Chemnesia?<\/h3>\n<ul>\n<li><strong>D\u0142ugotrwa\u0142y haj<\/strong>: Idealny dla u\u017cytkownik\u00f3w poszukuj\u0105cych odmiany o przed\u0142u\u017conym dzia\u0142aniu.<\/li>\n<li><strong>Kreatywno\u015b\u0107 i skupienie<\/strong>: Doskona\u0142y wyb\u00f3r do tw\u00f3rczych zada\u0144 lub utrzymania produktywno\u015bci.<\/li>\n<li><strong>Ulga terapeutyczna<\/strong>: Chemnesia zapewnia naturaln\u0105 ulg\u0119 w r\u00f3\u017cnych dolegliwo\u015bciach, takich jak przewlek\u0142y b\u00f3l, migreny i stany zapalne.<\/li>\n<li><strong>Unikalny smak i aromat<\/strong>: Ciesz si\u0119 wyj\u0105tkow\u0105 cytrusowo-dieselow\u0105 mieszank\u0105, kt\u00f3ra sprawia, \u017ce ka\u017cda sesja jest niezapomniana.<\/li>\n<\/ul>\n<h3>Kup Chemnesia Kwiat Marihuany Online Ju\u017c Teraz!<\/h3>\n<p>Je\u015bli jeste\u015b got\u00f3w zanurzy\u0107 si\u0119 w \u015bwiat Chemnesia i do\u015bwiadczy\u0107 jej niezwyk\u0142ych efekt\u00f3w, <strong>kup Chemnesia kwiat marihuany online<\/strong> w <strong>Hit Exotics Distro<\/strong> ju\u017c dzi\u015b. Dzi\u0119ki bezpiecznej, dyskretnej dostawie i zobowi\u0105zaniu do najwy\u017cszej jako\u015bci, u\u0142atwiamy Ci cieszenie si\u0119 najwy\u017cszej klasy marihuan\u0105 bez wychodzenia z domu. Nie przegap okazji, by spr\u00f3bowa\u0107 tej pot\u0119\u017cnej odmiany \u2014 dodaj j\u0105 do koszyka ju\u017c teraz i podnie\u015b swoje sesje z konopiami na wy\u017cszy poziom.<\/p>\n<h3>Cz\u0119sto Zadawane Pytania<\/h3>\n<h4>Jaka jest zawarto\u015b\u0107 THC w Chemnesia?<\/h4>\n<p>Chemnesia charakteryzuje si\u0119 wysok\u0105 zawarto\u015bci\u0105 THC, co sprawia, \u017ce jest to mocna odmiana odpowiednia dla do\u015bwiadczonych u\u017cytkownik\u00f3w. Jej pot\u0119\u017cne efekty zapewniaj\u0105 d\u0142ugotrwa\u0142\u0105 stymulacj\u0119 umys\u0142ow\u0105 i fizyczn\u0105.<\/p>\n<h4>Jak Chemnesia wp\u0142ywa na cia\u0142o i umys\u0142?<\/h4>\n<p>Chemnesia dostarcza <strong>skupionego, euforycznego haju<\/strong>, kt\u00f3ry wspomaga kreatywno\u015b\u0107 i klarowno\u015b\u0107 umys\u0142u. Dodatkowo indukuje <strong>relaksuj\u0105cy efekt na cia\u0142o<\/strong>, idealny na odpr\u0119\u017cenie po d\u0142ugim dniu.<\/p>\n<h4>Czy Chemnesia pomaga w przewlek\u0142ym b\u00f3lu?<\/h4>\n<p>Tak, Chemnesia jest szczeg\u00f3lnie popularna w\u015br\u00f3d u\u017cytkownik\u00f3w poszukuj\u0105cych <strong>ulgi w b\u00f3lu<\/strong>. Jej relaksuj\u0105ce dzia\u0142anie na cia\u0142o pomaga z\u0142agodzi\u0107 przewlek\u0142y b\u00f3l, jednocze\u015bnie utrzymuj\u0105c umys\u0142 w stanie czujno\u015bci i skupienia.<\/p>\n<h4>Czy Chemnesia nadaje si\u0119 do u\u017cytku w ci\u0105gu dnia?<\/h4>\n<p>Zdecydowanie. Upliftuj\u0105ce i kreatywne efekty Chemnesia czyni\u0105 j\u0105 idealn\u0105 odmian\u0105 na dzie\u0144, szczeg\u00f3lnie dla tych, kt\u00f3rzy musz\u0105 zachowa\u0107 koncentracj\u0119 i produktywno\u015b\u0107.<\/p>\n<h4>Jakie s\u0105 g\u0142\u00f3wne smaki Chemnesia?<\/h4>\n<p>Chemnesia charakteryzuje si\u0119 <strong>cytrusowo-dieselowym profilem smakowym<\/strong> z nutami cytryny i zio\u0142owymi akcentami. Jej <strong>chemiczny i kwa\u015bny aromat<\/strong> dodaje wyj\u0105tkowego charakteru, sprawiaj\u0105c, \u017ce ka\u017cda sesja jest pe\u0142na smaku i zapachu.<\/p>\n<h3>Podsumowanie<\/h3>\n<p>Chemnesia to obowi\u0105zkowa odmiana dla ka\u017cdego, kto poszukuje intensywnego, d\u0142ugotrwa\u0142ego do\u015bwiadczenia z konopiami, kt\u00f3re \u0142\u0105czy kreatywno\u015b\u0107, skupienie i fizyczne rozlu\u017anienie. Niezale\u017cnie od tego, czy realizujesz kreatywne projekty, zarz\u0105dzasz b\u00f3lem przewlek\u0142ym, czy po prostu relaksujesz si\u0119 po d\u0142ugim dniu, ta hybryda spe\u0142ni Twoje oczekiwania. <strong>Kup Chemnesia kwiat marihuany online<\/strong> w <strong>Hit Exotics Distro<\/strong> i odkryj niezwyk\u0142e efekty tej pot\u0119\u017cnej odmiany ju\u017c dzi\u015b.<\/p>\n<p>&nbsp;<\/p>\n<p><img loading=\"lazy\" decoding=\"async\" class=\"alignnone size-medium wp-image-1149\" src=\"https:\/\/hitexoticsdistro.eu\/wp-content\/uploads\/2024\/10\/WhatsApp-Image-2024-10-02-at-3.50.03-PM-2-300x300.jpeg\" alt=\"Gdzie bezpiecznie kupi\u0107 marihuan\u0119 online?\" width=\"300\" height=\"300\" srcset=\"https:\/\/hitexoticsdistro.eu\/wp-content\/uploads\/2024\/10\/WhatsApp-Image-2024-10-02-at-3.50.03-PM-2-300x300.jpeg 300w, https:\/\/hitexoticsdistro.eu\/wp-content\/uploads\/2024\/10\/WhatsApp-Image-2024-10-02-at-3.50.03-PM-2-150x150.jpeg 150w, https:\/\/hitexoticsdistro.eu\/wp-content\/uploads\/2024\/10\/WhatsApp-Image-2024-10-02-at-3.50.03-PM-2-600x600.jpeg 600w, https:\/\/hitexoticsdistro.eu\/wp-content\/uploads\/2024\/10\/WhatsApp-Image-2024-10-02-at-3.50.03-PM-2-100x100.jpeg 100w, https:\/\/hitexoticsdistro.eu\/wp-content\/uploads\/2024\/10\/WhatsApp-Image-2024-10-02-at-3.50.03-PM-2.jpeg 640w\" sizes=\"auto, (max-width: 300px) 100vw, 300px\" \/><\/p>","protected":false},"excerpt":{"rendered":"<p>Kup Chemnesia Kwiat Marihuany Online Chemnesia to wyj\u0105tkowo mocna hybryda, stworzona z po\u0142\u0105czenia pot\u0119\u017cnych odmian Amnesia Sour Diesel i I-95, [&hellip;]<\/p>\n","protected":false},"featured_media":397,"comment_status":"closed","ping_status":"closed","template":"","meta":{"_surecart_dashboard_logo_width":"180px","_surecart_dashboard_show_logo":true,"_surecart_dashboard_navigation_orders":true,"_surecart_dashboard_navigation_invoices":true,"_surecart_dashboard_navigation_subscriptions":true,"_surecart_dashboard_navigation_downloads":true,"_surecart_dashboard_navigation_billing":true,"_surecart_dashboard_navigation_account":true,"_uag_custom_page_level_css":"","site-sidebar-layout":"default","site-content-layout":"","ast-site-content-layout":"default","site-content-style":"default","site-sidebar-style":"default","ast-global-header-display":"","ast-banner-title-visibility":"","ast-main-header-display":"","ast-hfb-above-header-display":"","ast-hfb-below-header-display":"","ast-hfb-mobile-header-display":"","site-post-title":"","ast-breadcrumbs-content":"","ast-featured-img":"","footer-sml-layout":"","theme-transparent-header-meta":"default","adv-header-id-meta":"","stick-header-meta":"","header-above-stick-meta":"","header-main-stick-meta":"","header-below-stick-meta":"","astra-migrate-meta-layouts":"set","ast-page-background-enabled":"default","ast-page-background-meta":{"desktop":{"background-color":"var(--ast-global-color-4)","background-image":"","background-repeat":"repeat","background-position":"center center","background-size":"auto","background-attachment":"scroll","background-type":"","background-media":"","overlay-type":"","overlay-color":"","overlay-opacity":"","overlay-gradient":""},"tablet":{"background-color":"","background-image":"","background-repeat":"repeat","background-position":"center center","background-size":"auto","background-attachment":"scroll","background-type":"","background-media":"","overlay-type":"","overlay-color":"","overlay-opacity":"","overlay-gradient":""},"mobile":{"background-color":"","background-image":"","background-repeat":"repeat","background-position":"center center","background-size":"auto","background-attachment":"scroll","background-type":"","background-media":"","overlay-type":"","overlay-color":"","overlay-opacity":"","overlay-gradient":""}},"ast-content-background-meta":{"desktop":{"background-color":"var(--ast-global-color-5)","background-image":"","background-repeat":"repeat","background-position":"center center","background-size":"auto","background-attachment":"scroll","background-type":"","background-media":"","overlay-type":"","overlay-color":"","overlay-opacity":"","overlay-gradient":""},"tablet":{"background-color":"var(--ast-global-color-5)","background-image":"","background-repeat":"repeat","background-position":"center center","background-size":"auto","background-attachment":"scroll","background-type":"","background-media":"","overlay-type":"","overlay-color":"","overlay-opacity":"","overlay-gradient":""},"mobile":{"background-color":"var(--ast-global-color-5)","background-image":"","background-repeat":"repeat","background-position":"center center","background-size":"auto","background-attachment":"scroll","background-type":"","background-media":"","overlay-type":"","overlay-color":"","overlay-opacity":"","overlay-gradient":""}}},"product_brand":[],"product_cat":[56,57],"product_tag":[620,617,619,622,621,618,82],"class_list":{"0":"post-353","1":"product","2":"type-product","3":"status-publish","4":"has-post-thumbnail","6":"product_cat-gdzie-moge-kupic-marihuane","7":"product_cat-kup-marihuane-sativa-online-polska","8":"product_tag-cannabisrelief","9":"product_tag-chemnesia","10":"product_tag-chemnesiakwiatmarihuany","11":"product_tag-creativecannabis","12":"product_tag-hybridstrain","13":"product_tag-kupchemnesiaonline","14":"product_tag-order-chemnesia-marijuana-sativa-flower-france","15":"desktop-align-left","16":"tablet-align-left","17":"mobile-align-left","19":"first","20":"instock","21":"shipping-taxable","22":"purchasable","23":"product-type-variable"},"uagb_featured_image_src":{"full":["https:\/\/hitexoticsdistro.eu\/wp-content\/uploads\/2024\/10\/Chemnesia-Marijuana-Sativa-Flower.webp",570,464,false],"thumbnail":["https:\/\/hitexoticsdistro.eu\/wp-content\/uploads\/2024\/10\/Chemnesia-Marijuana-Sativa-Flower-150x150.webp",150,150,true],"medium":["https:\/\/hitexoticsdistro.eu\/wp-content\/uploads\/2024\/10\/Chemnesia-Marijuana-Sativa-Flower-300x244.webp",300,244,true],"medium_large":["https:\/\/hitexoticsdistro.eu\/wp-content\/uploads\/2024\/10\/Chemnesia-Marijuana-Sativa-Flower.webp",570,464,false],"large":["https:\/\/hitexoticsdistro.eu\/wp-content\/uploads\/2024\/10\/Chemnesia-Marijuana-Sativa-Flower.webp",570,464,false],"1536x1536":["https:\/\/hitexoticsdistro.eu\/wp-content\/uploads\/2024\/10\/Chemnesia-Marijuana-Sativa-Flower.webp",570,464,false],"2048x2048":["https:\/\/hitexoticsdistro.eu\/wp-content\/uploads\/2024\/10\/Chemnesia-Marijuana-Sativa-Flower.webp",570,464,false],"trp-custom-language-flag":["https:\/\/hitexoticsdistro.eu\/wp-content\/uploads\/2024\/10\/Chemnesia-Marijuana-Sativa-Flower.webp",15,12,false],"woocommerce_thumbnail":["https:\/\/hitexoticsdistro.eu\/wp-content\/uploads\/2024\/10\/Chemnesia-Marijuana-Sativa-Flower-300x300.webp",300,300,true],"woocommerce_single":["https:\/\/hitexoticsdistro.eu\/wp-content\/uploads\/2024\/10\/Chemnesia-Marijuana-Sativa-Flower.webp",570,464,false],"woocommerce_gallery_thumbnail":["https:\/\/hitexoticsdistro.eu\/wp-content\/uploads\/2024\/10\/Chemnesia-Marijuana-Sativa-Flower-100x100.webp",100,100,true]},"uagb_author_info":{"display_name":"","author_link":"https:\/\/hitexoticsdistro.eu\/et\/author\/"},"uagb_comment_info":0,"uagb_excerpt":"Kup Chemnesia Kwiat Marihuany Online Chemnesia to wyj\u0105tkowo mocna hybryda, stworzona z po\u0142\u0105czenia pot\u0119\u017cnych odmian Amnesia Sour Diesel i I-95, [&hellip;]","_links":{"self":[{"href":"https:\/\/hitexoticsdistro.eu\/et\/wp-json\/wp\/v2\/product\/353","targetHints":{"allow":["GET"]}}],"collection":[{"href":"https:\/\/hitexoticsdistro.eu\/et\/wp-json\/wp\/v2\/product"}],"about":[{"href":"https:\/\/hitexoticsdistro.eu\/et\/wp-json\/wp\/v2\/types\/product"}],"replies":[{"embeddable":true,"href":"https:\/\/hitexoticsdistro.eu\/et\/wp-json\/wp\/v2\/comments?post=353"}],"wp:featuredmedia":[{"embeddable":true,"href":"https:\/\/hitexoticsdistro.eu\/et\/wp-json\/wp\/v2\/media\/397"}],"wp:attachment":[{"href":"https:\/\/hitexoticsdistro.eu\/et\/wp-json\/wp\/v2\/media?parent=353"}],"wp:term":[{"taxonomy":"product_brand","embeddable":true,"href":"https:\/\/hitexoticsdistro.eu\/et\/wp-json\/wp\/v2\/product_brand?post=353"},{"taxonomy":"product_cat","embeddable":true,"href":"https:\/\/hitexoticsdistro.eu\/et\/wp-json\/wp\/v2\/product_cat?post=353"},{"taxonomy":"product_tag","embeddable":true,"href":"https:\/\/hitexoticsdistro.eu\/et\/wp-json\/wp\/v2\/product_tag?post=353"}],"curies":[{"name":"wp","href":"https:\/\/api.w.org\/{rel}","templated":true}]}}