{"id":324,"date":"2024-10-10T22:47:54","date_gmt":"2024-10-10T22:47:54","guid":{"rendered":"https:\/\/hitexoticsdistro.com\/?post_type=product&#038;p=324"},"modified":"2024-10-27T00:19:48","modified_gmt":"2024-10-27T00:19:48","slug":"kup-purple-candy-konopie-indyjskie","status":"publish","type":"product","link":"https:\/\/hitexoticsdistro.eu\/et\/product\/kup-purple-candy-konopie-indyjskie\/","title":{"rendered":"Purple Candy"},"content":{"rendered":"<h2>Kup Purple Candy Konopie Indyjskie Online: Idealna Odmiana na Wiecz\u00f3r<\/h2>\n<p>Purple Candy to indica-dominuj\u0105ca <a href=\"https:\/\/hitexoticsdistro.eu\/et\/product-category\/hybrydowe-odmiany-marihuany-online\/\">hybryda<\/a>, znana ze swojego g\u0142\u0119boko relaksuj\u0105cego, cielesnego dzia\u0142ania. Z poziomem <a href=\"https:\/\/hitexoticsdistro.eu\/et\/product-category\/gdzie-moge-kupic-marihuane\/\">THC<\/a> si\u0119gaj\u0105cym do 19%, ta odmiana jest silna i oferuje uspokajaj\u0105cy, euforyczny haj, kt\u00f3ry doskonale nadaje si\u0119 do odpr\u0119\u017cenia po d\u0142ugim dniu. Je\u015bli szukasz ulgi w stresie, l\u0119ku lub po prostu chcesz cieszy\u0107 si\u0119 spokojnym wieczorem, <strong>Kup Purple Candy Konopie indyjskie online<\/strong> i do\u015bwiadcz koj\u0105cych efekt\u00f3w tej wyj\u0105tkowej odmiany.<\/p>\n<h3>Co to jest Purple Candy?<\/h3>\n<p>Purple Candy wyr\u00f3\u017cnia si\u0119 swoj\u0105 \u017cyw\u0105 aparycj\u0105 i koj\u0105cymi efektami. Cho\u0107 dok\u0142adny <strong>stosunek indica do sativy<\/strong> nie jest do ko\u0144ca znany, odmiana ta wyra\u017anie przewa\u017ca w stron\u0119 indiki, co czyni j\u0105 idealn\u0105 do g\u0142\u0119bokiego relaksu fizycznego. Zawarto\u015b\u0107 <strong>THC do 19%<\/strong> gwarantuje mocny haj, z niewielk\u0105 ilo\u015bci\u0105 <a href=\"https:\/\/biohemp.pl\/pl\/olejki-ekstrakty-cbd-cbg\/\" rel=\"nofollow noopener\" target=\"_blank\"><strong>CBD<\/strong><\/a> (poni\u017cej 1%). Dzi\u0119ki temu Purple Candy jest doskona\u0142ym wyborem dla tych, kt\u00f3rzy szukaj\u0105 silnych efekt\u00f3w fizycznych bez znacz\u0105cego stymulowania umys\u0142u.<\/p>\n<h3>Jak dzia\u0142a Purple Candy?<\/h3>\n<p>Purple Candy wywo\u0142uje <strong>cielesny haj<\/strong>, kt\u00f3ry promuje relaks, eufori\u0119 i poczucie szcz\u0119\u015bcia. Cz\u0119sto towarzyszy mu silne uczucie g\u0142odu, co sprawia, \u017ce jest popularnym wyborem dla os\u00f3b borykaj\u0105cych si\u0119 z utrat\u0105 apetytu. Efekty zaczynaj\u0105 si\u0119 od delikatnej fali euforii, kt\u00f3ra prowadzi do pe\u0142nego rozlu\u017anienia cia\u0142a, co mo\u017ce skutkowa\u0107 <strong>zjawiskiem kanapowej blokady<\/strong>. Dlatego <strong>Purple Candy<\/strong> najlepiej stosowa\u0107 wieczorem, aby odpr\u0119\u017cy\u0107 si\u0119 przed snem lub u\u0142atwi\u0107 sobie odpoczynek.<\/p>\n<ul>\n<li><strong>Efekty <a href=\"https:\/\/hitexoticsdistro.eu\/et\/product-category\/kup-konopie-indyjskie-indica-online\/\">indica<\/a><\/strong>: G\u0142\u0119boki relaks, doskona\u0142y na stres i b\u00f3l<\/li>\n<li><strong>Efekty <a href=\"https:\/\/hitexoticsdistro.eu\/et\/product-category\/kup-marihuane-sativa-online-polska\/\">sativa<\/a><\/strong>: \u0141agodna euforia i szcz\u0119\u015bcie<\/li>\n<li><strong>THC<\/strong>: Do 19%<\/li>\n<li><strong>CBD<\/strong>: Mniej ni\u017c 1%<\/li>\n<\/ul>\n<h3>Gdzie mo\u017cna kupi\u0107 Purple Candy Konopie Indyjskie Online?<\/h3>\n<p>Je\u015bli jeste\u015b w Europie i szukasz wysokiej jako\u015bci marihuany, nie szukaj dalej. W <strong>Hit Exotics Distro<\/strong> oferujemy premium Purple Candy, starannie wyselekcjonowan\u0105, aby spe\u0142nia\u0107 najwy\u017csze standardy. Zam\u00f3wienie <strong>Purple Candy Konopie indyjskie online<\/strong> to gwarancja \u015bwie\u017cych, mocnych p\u0105k\u00f3w, dyskretnie dostarczonych prosto do Twojego domu. Nasz sklep internetowy zapewnia p\u0142ynny i bezpieczny proces zakupu, zadowolenie klienta to nasz priorytet.<\/p>\n<h3>Dlaczego warto wybra\u0107 Purple Candy?<\/h3>\n<p>Purple Candy to nie tylko odmiana dla relaksu, ale tak\u017ce oferuje liczne korzy\u015bci terapeutyczne, co czyni j\u0105 odpowiedni\u0105 do leczenia r\u00f3\u017cnych dolegliwo\u015bci. Oto dlaczego powiniene\u015b wybra\u0107 Purple Candy:<\/p>\n<ul>\n<li><strong>Ulga w l\u0119ku i depresji<\/strong>: Euforyczne efekty Purple Candy pomagaj\u0105 z\u0142agodzi\u0107 stres i negatywne my\u015bli zwi\u0105zane z l\u0119kiem i depresj\u0105.<\/li>\n<li><strong>Zarz\u0105dzanie b\u00f3lem<\/strong>: Cielesny haj skutecznie redukuje przewlek\u0142y b\u00f3l, migreny i b\u00f3le g\u0142owy.<\/li>\n<li><strong>Zm\u0119czenie i bezsenno\u015b\u0107<\/strong>: G\u0142\u0119boko relaksuj\u0105ce w\u0142a\u015bciwo\u015bci Purple Candy sprawiaj\u0105, \u017ce jest doskona\u0142a na bezsenno\u015b\u0107 i sprzyja spokojnemu snu.<\/li>\n<li><strong>Stymulacja apetytu<\/strong>: Masz problem z utrat\u0105 apetytu? Purple Candy wywo\u0142uje silne uczucie g\u0142odu, pomagaj\u0105c Ci odzyska\u0107 apetyt.<\/li>\n<\/ul>\n<h3>Profil Smaku i Aromatu<\/h3>\n<p>Jednym z najbardziej przyjemnych aspekt\u00f3w Purple Candy jest jej <strong>pyszny smak<\/strong> i <strong>aromatyczny profil<\/strong>. Dym ma s\u0142odki, apetyczny smak <strong>winogron i miodu<\/strong>, z delikatnymi kwiatowymi nutami. Je\u015bli chodzi o aromat, u\u017cytkownicy cz\u0119sto delektuj\u0105 si\u0119 zapachem <strong>winogron, miodu i r\u00f3\u017c<\/strong>, co czyni j\u0105 prawdziw\u0105 gratk\u0105 dla zmys\u0142\u00f3w.<\/p>\n<h3>Wizualny Urok Purple Candy<\/h3>\n<p>Purple Candy to wizualne arcydzie\u0142o z kolorow\u0105 mieszank\u0105 <strong>fioletowych, bursztynowych i zielonych p\u0105k\u00f3w<\/strong>, pokrytych g\u0119st\u0105 warstw\u0105 l\u015bni\u0105cych <strong>trichom\u00f3w<\/strong>. Oszroniony wygl\u0105d p\u0105k\u00f3w jest dowodem na wysok\u0105 koncentracj\u0119 THC, co sprawia, \u017ce jest tak samo pi\u0119kna, jak i mocna.<\/p>\n<h3>Najcz\u0119\u015bciej Zadawane Pytania<\/h3>\n<h4>Jakie s\u0105 efekty Purple Candy?<\/h4>\n<p>Purple Candy wywo\u0142uje cielesny haj, kt\u00f3ry jest g\u0142\u0119boko relaksuj\u0105cy, euforyczny i wprowadzaj\u0105cy w stan szcz\u0119\u015bcia. Mo\u017ce r\u00f3wnie\u017c wywo\u0142a\u0107 silny apetyt, co czyni j\u0105 idealn\u0105 dla os\u00f3b zmagaj\u0105cych si\u0119 z utrat\u0105 apetytu. Odmiana najlepiej sprawdza si\u0119 wieczorem, poniewa\u017c cz\u0119sto prowadzi do kanapowej blokady.<\/p>\n<h4>Czy Purple Candy pomaga w l\u0119ku?<\/h4>\n<p>Tak, Purple Candy jest skuteczna w \u0142agodzeniu <strong>l\u0119ku<\/strong>, <strong>depresji<\/strong> i <strong>stresu<\/strong>, dzi\u0119ki swoim koj\u0105cym i euforycznym efektom. Pomaga rozlu\u017ani\u0107 napi\u0119cie umys\u0142owe i wprowadza w bardziej pozytywny stan umys\u0142u.<\/p>\n<h4>Czy Purple Candy jest odpowiednia do leczenia bezsenno\u015bci?<\/h4>\n<p>Zdecydowanie! Purple Candy jest znana z silnych efekt\u00f3w indica, kt\u00f3re sprawiaj\u0105, \u017ce jest doskona\u0142\u0105 odmian\u0105 dla os\u00f3b cierpi\u0105cych na <strong>bezsenno\u015b\u0107<\/strong>. G\u0142\u0119boki relaks fizyczny, kt\u00f3ry zapewnia, u\u0142atwia zasypianie i utrzymanie snu.<\/p>\n<h4>Jakie smaki i aromaty mog\u0119 oczekiwa\u0107 od Purple Candy?<\/h4>\n<p>Purple Candy oferuje <strong>s\u0142odki smak winogron i miodu<\/strong> z delikatnymi nutami kwiatowymi. Aromat jest r\u00f3wnie zachwycaj\u0105cy, z wyczuwalnymi <strong>winogronami, miodem i r\u00f3\u017cami<\/strong>.<\/p>\n<h4>Gdzie mog\u0119 kupi\u0107 Purple Candy Konopie Indyjskie Online?<\/h4>\n<p>Mo\u017cesz <strong>kupi\u0107 Purple Candy Konopie indyjskie online<\/strong> w naszym zaufanym sklepie <strong>Hit Exotics Distro<\/strong>. Zapewniamy dyskretn\u0105 wysy\u0142k\u0119, produkty najwy\u017cszej jako\u015bci i doskona\u0142\u0105 obs\u0142ug\u0119 klienta.<\/p>\n<h3>Call to Action<\/h3>\n<p>Nie przegap okazji, aby do\u015bwiadczy\u0107 g\u0142\u0119bokiego relaksu i korzy\u015bci terapeutycznych tej wyj\u0105tkowej odmiany. Niezale\u017cnie od tego, czy walczysz z bezsenno\u015bci\u0105, stresem, czy po prostu szukasz sposobu na odpr\u0119\u017cenie, <strong>Kup Purple Candy Konopie indyjskie online<\/strong> w <strong>Hit Exotics Distro<\/strong> ju\u017c dzi\u015b! Ciesz si\u0119 najwy\u017cszej jako\u015bci marihuan\u0105 dostarczon\u0105 bezpo\u015brednio do Twoich drzwi z pe\u0142n\u0105 dyskrecj\u0105 i pewno\u015bci\u0105.<\/p>\n<p>&nbsp;<\/p>\n<p><img loading=\"lazy\" decoding=\"async\" class=\"alignnone size-medium wp-image-1149\" src=\"https:\/\/hitexoticsdistro.eu\/wp-content\/uploads\/2024\/10\/WhatsApp-Image-2024-10-02-at-3.50.03-PM-2-300x300.jpeg\" alt=\"Gdzie bezpiecznie kupi\u0107 marihuan\u0119 online?\" width=\"300\" height=\"300\" srcset=\"https:\/\/hitexoticsdistro.eu\/wp-content\/uploads\/2024\/10\/WhatsApp-Image-2024-10-02-at-3.50.03-PM-2-300x300.jpeg 300w, https:\/\/hitexoticsdistro.eu\/wp-content\/uploads\/2024\/10\/WhatsApp-Image-2024-10-02-at-3.50.03-PM-2-150x150.jpeg 150w, https:\/\/hitexoticsdistro.eu\/wp-content\/uploads\/2024\/10\/WhatsApp-Image-2024-10-02-at-3.50.03-PM-2-600x600.jpeg 600w, https:\/\/hitexoticsdistro.eu\/wp-content\/uploads\/2024\/10\/WhatsApp-Image-2024-10-02-at-3.50.03-PM-2-100x100.jpeg 100w, https:\/\/hitexoticsdistro.eu\/wp-content\/uploads\/2024\/10\/WhatsApp-Image-2024-10-02-at-3.50.03-PM-2.jpeg 640w\" sizes=\"auto, (max-width: 300px) 100vw, 300px\" \/><\/p>","protected":false},"excerpt":{"rendered":"<p><strong>Smak:<\/strong> Jagodowy | Owocowy | Zio\u0142owy | S\u0142odki<\/p>\n<p><strong>Zastosowanie medyczne:<\/strong> L\u0119k | Przewlek\u0142y b\u00f3l | Depresja | B\u00f3le g\u0142owy | Stres<\/p>\n<p><strong>Zawarto\u015b\u0107 THC:<\/strong> 20% Najwy\u017csza<\/p>","protected":false},"featured_media":368,"comment_status":"closed","ping_status":"closed","template":"","meta":{"_surecart_dashboard_logo_width":"180px","_surecart_dashboard_show_logo":true,"_surecart_dashboard_navigation_orders":true,"_surecart_dashboard_navigation_invoices":true,"_surecart_dashboard_navigation_subscriptions":true,"_surecart_dashboard_navigation_downloads":true,"_surecart_dashboard_navigation_billing":true,"_surecart_dashboard_navigation_account":true,"_uag_custom_page_level_css":"","site-sidebar-layout":"default","site-content-layout":"","ast-site-content-layout":"default","site-content-style":"default","site-sidebar-style":"default","ast-global-header-display":"","ast-banner-title-visibility":"","ast-main-header-display":"","ast-hfb-above-header-display":"","ast-hfb-below-header-display":"","ast-hfb-mobile-header-display":"","site-post-title":"","ast-breadcrumbs-content":"","ast-featured-img":"","footer-sml-layout":"","theme-transparent-header-meta":"default","adv-header-id-meta":"","stick-header-meta":"","header-above-stick-meta":"","header-main-stick-meta":"","header-below-stick-meta":"","astra-migrate-meta-layouts":"set","ast-page-background-enabled":"default","ast-page-background-meta":{"desktop":{"background-color":"var(--ast-global-color-4)","background-image":"","background-repeat":"repeat","background-position":"center center","background-size":"auto","background-attachment":"scroll","background-type":"","background-media":"","overlay-type":"","overlay-color":"","overlay-opacity":"","overlay-gradient":""},"tablet":{"background-color":"","background-image":"","background-repeat":"repeat","background-position":"center center","background-size":"auto","background-attachment":"scroll","background-type":"","background-media":"","overlay-type":"","overlay-color":"","overlay-opacity":"","overlay-gradient":""},"mobile":{"background-color":"","background-image":"","background-repeat":"repeat","background-position":"center center","background-size":"auto","background-attachment":"scroll","background-type":"","background-media":"","overlay-type":"","overlay-color":"","overlay-opacity":"","overlay-gradient":""}},"ast-content-background-meta":{"desktop":{"background-color":"var(--ast-global-color-5)","background-image":"","background-repeat":"repeat","background-position":"center center","background-size":"auto","background-attachment":"scroll","background-type":"","background-media":"","overlay-type":"","overlay-color":"","overlay-opacity":"","overlay-gradient":""},"tablet":{"background-color":"var(--ast-global-color-5)","background-image":"","background-repeat":"repeat","background-position":"center center","background-size":"auto","background-attachment":"scroll","background-type":"","background-media":"","overlay-type":"","overlay-color":"","overlay-opacity":"","overlay-gradient":""},"mobile":{"background-color":"var(--ast-global-color-5)","background-image":"","background-repeat":"repeat","background-position":"center center","background-size":"auto","background-attachment":"scroll","background-type":"","background-media":"","overlay-type":"","overlay-color":"","overlay-opacity":"","overlay-gradient":""}}},"product_brand":[],"product_cat":[61,56],"product_tag":[725,729,730,551,726,724,722,67,723,727,728],"class_list":{"0":"post-324","1":"product","2":"type-product","3":"status-publish","4":"has-post-thumbnail","6":"product_cat-hybrydowe-odmiany-marihuany-online","7":"product_cat-gdzie-moge-kupic-marihuane","8":"product_tag-cannabiseuropa","9":"product_tag-cannabisnabezsennosc","10":"product_tag-cannabisonlineeuropa","11":"product_tag-hitexoticsdistro","12":"product_tag-indicaodmiana","13":"product_tag-kupkonopieindyjskie","14":"product_tag-kuppurplecandy","15":"product_tag-purple-candy-weed-strain-for-sale","16":"product_tag-purplecandyodmiana","17":"product_tag-purplecandythc","18":"product_tag-relakszpurplecandy","19":"desktop-align-left","20":"tablet-align-left","21":"mobile-align-left","23":"first","24":"instock","25":"shipping-taxable","26":"purchasable","27":"product-type-variable"},"uagb_featured_image_src":{"full":["https:\/\/hitexoticsdistro.eu\/wp-content\/uploads\/2024\/10\/Purple-Candy-Weed-Strain.jpg",955,960,false],"thumbnail":["https:\/\/hitexoticsdistro.eu\/wp-content\/uploads\/2024\/10\/Purple-Candy-Weed-Strain-150x150.jpg",150,150,true],"medium":["https:\/\/hitexoticsdistro.eu\/wp-content\/uploads\/2024\/10\/Purple-Candy-Weed-Strain-298x300.jpg",298,300,true],"medium_large":["https:\/\/hitexoticsdistro.eu\/wp-content\/uploads\/2024\/10\/Purple-Candy-Weed-Strain-768x772.jpg",768,772,true],"large":["https:\/\/hitexoticsdistro.eu\/wp-content\/uploads\/2024\/10\/Purple-Candy-Weed-Strain.jpg",955,960,false],"1536x1536":["https:\/\/hitexoticsdistro.eu\/wp-content\/uploads\/2024\/10\/Purple-Candy-Weed-Strain.jpg",955,960,false],"2048x2048":["https:\/\/hitexoticsdistro.eu\/wp-content\/uploads\/2024\/10\/Purple-Candy-Weed-Strain.jpg",955,960,false],"trp-custom-language-flag":["https:\/\/hitexoticsdistro.eu\/wp-content\/uploads\/2024\/10\/Purple-Candy-Weed-Strain.jpg",12,12,false],"woocommerce_thumbnail":["https:\/\/hitexoticsdistro.eu\/wp-content\/uploads\/2024\/10\/Purple-Candy-Weed-Strain-300x300.jpg",300,300,true],"woocommerce_single":["https:\/\/hitexoticsdistro.eu\/wp-content\/uploads\/2024\/10\/Purple-Candy-Weed-Strain-600x603.jpg",600,603,true],"woocommerce_gallery_thumbnail":["https:\/\/hitexoticsdistro.eu\/wp-content\/uploads\/2024\/10\/Purple-Candy-Weed-Strain-100x100.jpg",100,100,true]},"uagb_author_info":{"display_name":"","author_link":"https:\/\/hitexoticsdistro.eu\/et\/author\/"},"uagb_comment_info":0,"uagb_excerpt":"Smak: Jagodowy | Owocowy | Zio\u0142owy | S\u0142odki Zastosowanie medyczne: L\u0119k | Przewlek\u0142y b\u00f3l | Depresja | B\u00f3le g\u0142owy | Stres Zawarto\u015b\u0107 THC: 20% Najwy\u017csza","_links":{"self":[{"href":"https:\/\/hitexoticsdistro.eu\/et\/wp-json\/wp\/v2\/product\/324","targetHints":{"allow":["GET"]}}],"collection":[{"href":"https:\/\/hitexoticsdistro.eu\/et\/wp-json\/wp\/v2\/product"}],"about":[{"href":"https:\/\/hitexoticsdistro.eu\/et\/wp-json\/wp\/v2\/types\/product"}],"replies":[{"embeddable":true,"href":"https:\/\/hitexoticsdistro.eu\/et\/wp-json\/wp\/v2\/comments?post=324"}],"wp:featuredmedia":[{"embeddable":true,"href":"https:\/\/hitexoticsdistro.eu\/et\/wp-json\/wp\/v2\/media\/368"}],"wp:attachment":[{"href":"https:\/\/hitexoticsdistro.eu\/et\/wp-json\/wp\/v2\/media?parent=324"}],"wp:term":[{"taxonomy":"product_brand","embeddable":true,"href":"https:\/\/hitexoticsdistro.eu\/et\/wp-json\/wp\/v2\/product_brand?post=324"},{"taxonomy":"product_cat","embeddable":true,"href":"https:\/\/hitexoticsdistro.eu\/et\/wp-json\/wp\/v2\/product_cat?post=324"},{"taxonomy":"product_tag","embeddable":true,"href":"https:\/\/hitexoticsdistro.eu\/et\/wp-json\/wp\/v2\/product_tag?post=324"}],"curies":[{"name":"wp","href":"https:\/\/api.w.org\/{rel}","templated":true}]}}