{"id":945,"date":"2024-10-10T23:05:35","date_gmt":"2024-10-10T23:05:35","guid":{"rendered":"https:\/\/hitexoticsdistro.com\/?post_type=product&#038;p=945"},"modified":"2024-10-20T02:31:02","modified_gmt":"2024-10-20T02:31:02","slug":"kup-konopie-pluto-thca-online","status":"publish","type":"product","link":"https:\/\/hitexoticsdistro.eu\/en\/product\/kup-konopie-pluto-thca-online\/","title":{"rendered":"Pluto THCa Hemp"},"content":{"rendered":"<h2>Kup Konopie Pluto THCa Online w Europie<\/h2>\n<p>Pluto THCa Hemp Flower to wyj\u0105tkowa <a href=\"https:\/\/hitexoticsdistro.eu\/en\/product-category\/gdzie-moge-kupic-marihuane\/\">odmiana konopi<\/a>, kt\u00f3ra zdobywa popularno\u015b\u0107 w\u015br\u00f3d u\u017cytkownik\u00f3w szukaj\u0105cych zr\u00f3wnowa\u017conych efekt\u00f3w i doskona\u0142ej jako\u015bci. Dzi\u0119ki swojemu unikalnemu po\u0142\u0105czeniu cech indica i <a href=\"https:\/\/hitexoticsdistro.eu\/en\/product-category\/kup-marihuane-sativa-online-polska\/\">sativa<\/a>, ta odmiana oferuje wszechstronne do\u015bwiadczenie, kt\u00f3re zaspokoi zar\u00f3wno pocz\u0105tkuj\u0105cych, jak i do\u015bwiadczonych entuzjast\u00f3w konopi. Kupuj\u0105c Pluto THCa online w Europie, mo\u017cesz cieszy\u0107 si\u0119 produktami najwy\u017cszej jako\u015bci, dostarczanymi bezpo\u015brednio pod twoje drzwi.<\/p>\n<h3>Dlaczego warto kupi\u0107 Konopie Pluto THCa Online?<\/h3>\n<h4>Premium Jako\u015b\u0107<\/h4>\n<p>Pluto THCa Hemp Flower jest starannie uprawiana w kontrolowanych warunkach wewn\u0119trznych, co gwarantuje, \u017ce ka\u017cdy p\u0105czek jest doskonale dopracowany. Uprawy s\u0105 regularnie testowane, aby zapewni\u0107 najwy\u017cszy poziom czysto\u015bci i mocy, co przek\u0142ada si\u0119 na nieskaziteln\u0105 jako\u015b\u0107.<\/p>\n<h4>Zawarto\u015b\u0107 THCa: 20.4%<\/h4>\n<p>Pluto mo\u017ce poszczyci\u0107 si\u0119 imponuj\u0105cym poziomem THCa wynosz\u0105cym 20.4%, co zapewnia silne efekty, zar\u00f3wno fizyczne, jak i umys\u0142owe. Dzi\u0119ki temu u\u017cytkownicy mog\u0105 do\u015bwiadczy\u0107 pe\u0142nych korzy\u015bci z konopi, zachowuj\u0105c jednocze\u015bnie spokojn\u0105 i klarown\u0105 g\u0142ow\u0119.<\/p>\n<h4>Hybryda: Zr\u00f3wnowa\u017cone Efekty<\/h4>\n<p>Pluto THCa Hemp to zr\u00f3wnowa\u017cona <a href=\"https:\/\/hitexoticsdistro.eu\/en\/product-category\/hybrydowe-odmiany-marihuany-online\/\">hybryda<\/a>, kt\u00f3ra \u0142\u0105czy najlepsze cechy zar\u00f3wno odmian indica, jak i sativa. Dzi\u0119ki temu idealnie sprawdza si\u0119 zar\u00f3wno w ci\u0105gu dnia, jak i wieczorem. Efekty s\u0105 delikatne, ale odczuwalne \u2014 pocz\u0105tkowo odczujesz lekkie pobudzenie umys\u0142owe, kt\u00f3re powoli przechodzi w g\u0142\u0119boki relaks cia\u0142a, co czyni t\u0119 odmian\u0119 wszechstronnym wyborem.<\/p>\n<h3>Jakie s\u0105 Smaki i Aromaty Pluto THCa Hemp Flower?<\/h3>\n<p>Pluto THCa oferuje z\u0142o\u017cony profil terpenowy, kt\u00f3ry zachwyci ka\u017cdego konesera <a href=\"https:\/\/pl.wikipedia.org\/wiki\/Konopie_indyjskie\" rel=\"nofollow noopener\" target=\"_blank\">konopi<\/a>. Wyj\u0105tkowe po\u0142\u0105czenie ziemistych, sosnowych nut z delikatn\u0105 s\u0142odycz\u0105 cytrus\u00f3w i pikantnymi akcentami sprawia, \u017ce ka\u017cdy buch to prawdziwa uczta dla zmys\u0142\u00f3w. Smak, kt\u00f3ry zostaje na j\u0119zyku po inhalacji, jest r\u00f3wnie satysfakcjonuj\u0105cy, co same efekty.<\/p>\n<h3>Gdzie kupi\u0107 Konopie Pluto THCa online w Europie?<\/h3>\n<p>Kupuj\u0105c Pluto THCa Hemp Flower na <em>HitExoticsDistro<\/em>, wybierasz niezawodno\u015b\u0107 i jako\u015b\u0107. Dzi\u0119ki naszej platformie mo\u017cesz z \u0142atwo\u015bci\u0105 zam\u00f3wi\u0107 t\u0119 wyj\u0105tkow\u0105 odmian\u0119 online, maj\u0105c pewno\u015b\u0107, \u017ce ka\u017cdy produkt przeszed\u0142 rygorystyczne testy. Nasze konopie s\u0105 wolne od zanieczyszcze\u0144, co zapewnia bezpiecze\u0144stwo i komfort u\u017cytkowania.<\/p>\n<h3>Jak dzia\u0142a Pluto THCa?<\/h3>\n<p>Pluto THCa to idealna odmiana dla tych, kt\u00f3rzy szukaj\u0105 zr\u00f3wnowa\u017conego do\u015bwiadczenia. Pocz\u0105tkowo odczuwasz euforyczne, pobudzaj\u0105ce efekty, kt\u00f3re wspomagaj\u0105 kreatywno\u015b\u0107 i poprawiaj\u0105 nastr\u00f3j, ale bez nadmiernej stymulacji. Po pewnym czasie cia\u0142o odczuwa przyjemne uczucie relaksu, kt\u00f3re pomaga zmniejszy\u0107 stres, \u0142agodzi b\u00f3l i umo\u017cliwia spokojny sen, je\u015bli jest stosowana wieczorem.<\/p>\n<h3>Dlaczego warto wybra\u0107 Pluto THCa Hemp Flower?<\/h3>\n<ul>\n<li><strong>Wysoka zawarto\u015b\u0107 THCa<\/strong>: 20.4% zapewnia intensywne, ale kontrolowane efekty.<\/li>\n<li><strong>Zr\u00f3wnowa\u017cona hybryda<\/strong>: Idealna r\u00f3wnowaga mi\u0119dzy efektami sativa i indica.<\/li>\n<li><strong>Pyszne terpeny<\/strong>: Kompleksowy profil smakowy z nutami sosny, cytrus\u00f3w i przypraw.<\/li>\n<li><strong>Bezpiecze\u0144stwo<\/strong>: Rygorystyczne testy jako\u015bci, kt\u00f3re gwarantuj\u0105 czysto\u015b\u0107 i brak zanieczyszcze\u0144.<\/li>\n<\/ul>\n<h3>Kup Konopie Pluto THCa Online w Europie Ju\u017c Teraz!<\/h3>\n<p>Nie czekaj d\u0142u\u017cej, aby do\u015bwiadczy\u0107 doskona\u0142o\u015bci Pluto THCa Hemp Flower. Dzi\u0119ki zakupom online na <em>HitExoticsDistro<\/em>, masz pewno\u015b\u0107, \u017ce wybierasz produkt najwy\u017cszej jako\u015bci, dostarczony bezpiecznie i dyskretnie. <strong>Kup Konopie Pluto THCa online w Europie<\/strong> ju\u017c teraz i rozpocznij swoj\u0105 podr\u00f3\u017c do g\u0142\u0119bokiego relaksu i euforii!<\/p>\n<h3>Najcz\u0119\u015bciej Zadawane Pytania o Pluto THCa<\/h3>\n<h4>Czym jest Pluto THCa?<\/h4>\n<p>Pluto THCa to starannie uprawiana odmiana konopi o wysokiej zawarto\u015bci THCa, oferuj\u0105ca zr\u00f3wnowa\u017cone efekty hybrydy, \u0142\u0105cz\u0105ce zar\u00f3wno w\u0142a\u015bciwo\u015bci indica, jak i sativa.<\/p>\n<h4>Jakie s\u0105 g\u0142\u00f3wne efekty Pluto THCa?<\/h4>\n<p>Pluto THCa zapewnia pocz\u0105tkowo pobudzaj\u0105cy haj, kt\u00f3ry pomaga w kreatywno\u015bci i dobrym samopoczuciu. Nast\u0119pnie pojawia si\u0119 uczucie relaksu, kt\u00f3re pomaga z\u0142agodzi\u0107 b\u00f3l i stres.<\/p>\n<h4>Czy Pluto THCa jest dobra na dzie\u0144?<\/h4>\n<p>Tak, dzi\u0119ki r\u00f3wnowadze mi\u0119dzy sativa a indica, Pluto THCa nadaje si\u0119 zar\u00f3wno na dzie\u0144, jak i wiecz\u00f3r. Pocz\u0105tkowe efekty pobudzaj\u0105 umys\u0142, a p\u00f3\u017aniejsze uspokajaj\u0105 cia\u0142o, co czyni j\u0105 idealn\u0105 na ka\u017cd\u0105 por\u0119 dnia.<\/p>\n<h4>Czy Pluto THCa jest bezpieczna?<\/h4>\n<p>Tak, Pluto THCa jest dok\u0142adnie testowana pod k\u0105tem czysto\u015bci i poziomu kannabinoid\u00f3w, co zapewnia bezpieczne i pewne do\u015bwiadczenie.<\/p>\n<p>&nbsp;<\/p>\n<p><img loading=\"lazy\" decoding=\"async\" class=\"alignnone size-medium wp-image-1149\" src=\"https:\/\/hitexoticsdistro.eu\/wp-content\/uploads\/2024\/10\/WhatsApp-Image-2024-10-02-at-3.50.03-PM-2-300x300.jpeg\" alt=\"Gdzie bezpiecznie kupi\u0107 marihuan\u0119 online?\" width=\"300\" height=\"300\" srcset=\"https:\/\/hitexoticsdistro.eu\/wp-content\/uploads\/2024\/10\/WhatsApp-Image-2024-10-02-at-3.50.03-PM-2-300x300.jpeg 300w, https:\/\/hitexoticsdistro.eu\/wp-content\/uploads\/2024\/10\/WhatsApp-Image-2024-10-02-at-3.50.03-PM-2-150x150.jpeg 150w, https:\/\/hitexoticsdistro.eu\/wp-content\/uploads\/2024\/10\/WhatsApp-Image-2024-10-02-at-3.50.03-PM-2-600x600.jpeg 600w, https:\/\/hitexoticsdistro.eu\/wp-content\/uploads\/2024\/10\/WhatsApp-Image-2024-10-02-at-3.50.03-PM-2-100x100.jpeg 100w, https:\/\/hitexoticsdistro.eu\/wp-content\/uploads\/2024\/10\/WhatsApp-Image-2024-10-02-at-3.50.03-PM-2.jpeg 640w\" sizes=\"auto, (max-width: 300px) 100vw, 300px\" \/><\/p>","protected":false},"excerpt":{"rendered":"<ul>\n<li>Delta 9 THC: 0,23%<\/li>\n<li>THCa: 20,4%<\/li>\n<li>Kannabinoidy og\u00f3\u0142em: 21,1%<\/li>\n<\/ul>","protected":false},"featured_media":965,"comment_status":"closed","ping_status":"closed","template":"","meta":{"_surecart_dashboard_logo_width":"180px","_surecart_dashboard_show_logo":true,"_surecart_dashboard_navigation_orders":true,"_surecart_dashboard_navigation_invoices":true,"_surecart_dashboard_navigation_subscriptions":true,"_surecart_dashboard_navigation_downloads":true,"_surecart_dashboard_navigation_billing":true,"_surecart_dashboard_navigation_account":true,"_uag_custom_page_level_css":"","site-sidebar-layout":"default","site-content-layout":"","ast-site-content-layout":"default","site-content-style":"default","site-sidebar-style":"default","ast-global-header-display":"","ast-banner-title-visibility":"","ast-main-header-display":"","ast-hfb-above-header-display":"","ast-hfb-below-header-display":"","ast-hfb-mobile-header-display":"","site-post-title":"","ast-breadcrumbs-content":"","ast-featured-img":"","footer-sml-layout":"","theme-transparent-header-meta":"default","adv-header-id-meta":"","stick-header-meta":"","header-above-stick-meta":"","header-main-stick-meta":"","header-below-stick-meta":"","astra-migrate-meta-layouts":"set","ast-page-background-enabled":"default","ast-page-background-meta":{"desktop":{"background-color":"var(--ast-global-color-4)","background-image":"","background-repeat":"repeat","background-position":"center center","background-size":"auto","background-attachment":"scroll","background-type":"","background-media":"","overlay-type":"","overlay-color":"","overlay-opacity":"","overlay-gradient":""},"tablet":{"background-color":"","background-image":"","background-repeat":"repeat","background-position":"center center","background-size":"auto","background-attachment":"scroll","background-type":"","background-media":"","overlay-type":"","overlay-color":"","overlay-opacity":"","overlay-gradient":""},"mobile":{"background-color":"","background-image":"","background-repeat":"repeat","background-position":"center center","background-size":"auto","background-attachment":"scroll","background-type":"","background-media":"","overlay-type":"","overlay-color":"","overlay-opacity":"","overlay-gradient":""}},"ast-content-background-meta":{"desktop":{"background-color":"var(--ast-global-color-5)","background-image":"","background-repeat":"repeat","background-position":"center center","background-size":"auto","background-attachment":"scroll","background-type":"","background-media":"","overlay-type":"","overlay-color":"","overlay-opacity":"","overlay-gradient":""},"tablet":{"background-color":"var(--ast-global-color-5)","background-image":"","background-repeat":"repeat","background-position":"center center","background-size":"auto","background-attachment":"scroll","background-type":"","background-media":"","overlay-type":"","overlay-color":"","overlay-opacity":"","overlay-gradient":""},"mobile":{"background-color":"var(--ast-global-color-5)","background-image":"","background-repeat":"repeat","background-position":"center center","background-size":"auto","background-attachment":"scroll","background-type":"","background-media":"","overlay-type":"","overlay-color":"","overlay-opacity":"","overlay-gradient":""}}},"product_brand":[],"product_cat":[454,453],"product_tag":[455],"class_list":{"0":"post-945","1":"product","2":"type-product","3":"status-publish","4":"has-post-thumbnail","6":"product_cat-sklep-z-marihuana-thca","7":"product_cat-sklep-z-marihuana-premium-thca","8":"product_tag-buy-pluto-thca-hemp-flower-eu","9":"desktop-align-left","10":"tablet-align-left","11":"mobile-align-left","13":"first","14":"instock","15":"shipping-taxable","16":"purchasable","17":"product-type-simple"},"uagb_featured_image_src":{"full":["https:\/\/hitexoticsdistro.eu\/wp-content\/uploads\/2024\/10\/Pluto-THCa-Hemp-Flower-EU.webp",1500,1500,false],"thumbnail":["https:\/\/hitexoticsdistro.eu\/wp-content\/uploads\/2024\/10\/Pluto-THCa-Hemp-Flower-EU-150x150.webp",150,150,true],"medium":["https:\/\/hitexoticsdistro.eu\/wp-content\/uploads\/2024\/10\/Pluto-THCa-Hemp-Flower-EU-300x300.webp",300,300,true],"medium_large":["https:\/\/hitexoticsdistro.eu\/wp-content\/uploads\/2024\/10\/Pluto-THCa-Hemp-Flower-EU-768x768.webp",768,768,true],"large":["https:\/\/hitexoticsdistro.eu\/wp-content\/uploads\/2024\/10\/Pluto-THCa-Hemp-Flower-EU-1024x1024.webp",1024,1024,true],"1536x1536":["https:\/\/hitexoticsdistro.eu\/wp-content\/uploads\/2024\/10\/Pluto-THCa-Hemp-Flower-EU.webp",1500,1500,false],"2048x2048":["https:\/\/hitexoticsdistro.eu\/wp-content\/uploads\/2024\/10\/Pluto-THCa-Hemp-Flower-EU.webp",1500,1500,false],"trp-custom-language-flag":["https:\/\/hitexoticsdistro.eu\/wp-content\/uploads\/2024\/10\/Pluto-THCa-Hemp-Flower-EU.webp",12,12,false],"woocommerce_thumbnail":["https:\/\/hitexoticsdistro.eu\/wp-content\/uploads\/2024\/10\/Pluto-THCa-Hemp-Flower-EU-300x300.webp",300,300,true],"woocommerce_single":["https:\/\/hitexoticsdistro.eu\/wp-content\/uploads\/2024\/10\/Pluto-THCa-Hemp-Flower-EU-600x600.webp",600,600,true],"woocommerce_gallery_thumbnail":["https:\/\/hitexoticsdistro.eu\/wp-content\/uploads\/2024\/10\/Pluto-THCa-Hemp-Flower-EU-100x100.webp",100,100,true]},"uagb_author_info":{"display_name":"","author_link":"https:\/\/hitexoticsdistro.eu\/en\/author\/"},"uagb_comment_info":0,"uagb_excerpt":"Delta 9 THC: 0,23% THCa: 20,4% Kannabinoidy og\u00f3\u0142em: 21,1%","_links":{"self":[{"href":"https:\/\/hitexoticsdistro.eu\/en\/wp-json\/wp\/v2\/product\/945","targetHints":{"allow":["GET"]}}],"collection":[{"href":"https:\/\/hitexoticsdistro.eu\/en\/wp-json\/wp\/v2\/product"}],"about":[{"href":"https:\/\/hitexoticsdistro.eu\/en\/wp-json\/wp\/v2\/types\/product"}],"replies":[{"embeddable":true,"href":"https:\/\/hitexoticsdistro.eu\/en\/wp-json\/wp\/v2\/comments?post=945"}],"wp:featuredmedia":[{"embeddable":true,"href":"https:\/\/hitexoticsdistro.eu\/en\/wp-json\/wp\/v2\/media\/965"}],"wp:attachment":[{"href":"https:\/\/hitexoticsdistro.eu\/en\/wp-json\/wp\/v2\/media?parent=945"}],"wp:term":[{"taxonomy":"product_brand","embeddable":true,"href":"https:\/\/hitexoticsdistro.eu\/en\/wp-json\/wp\/v2\/product_brand?post=945"},{"taxonomy":"product_cat","embeddable":true,"href":"https:\/\/hitexoticsdistro.eu\/en\/wp-json\/wp\/v2\/product_cat?post=945"},{"taxonomy":"product_tag","embeddable":true,"href":"https:\/\/hitexoticsdistro.eu\/en\/wp-json\/wp\/v2\/product_tag?post=945"}],"curies":[{"name":"wp","href":"https:\/\/api.w.org\/{rel}","templated":true}]}}