{"id":537,"date":"2024-10-10T22:54:29","date_gmt":"2024-10-10T22:54:29","guid":{"rendered":"https:\/\/hitexoticsdistro.com\/?post_type=product&#038;p=537"},"modified":"2025-09-02T12:25:00","modified_gmt":"2025-09-02T12:25:00","slug":"kup-forever-phoenix-online-w-europie","status":"publish","type":"product","link":"https:\/\/hitexoticsdistro.eu\/en\/product\/kup-forever-phoenix-online-w-europie\/","title":{"rendered":"Forever Phoenix \u2013 Phoenix Tears"},"content":{"rendered":"<h2 data-pm-slice=\"1 1 []\">Najlepszy Wyb\u00f3r Olejku Konopnego<\/h2>\n<h2 data-pm-slice=\"1 1 []\">Kup Forever Phoenix Online w Europie<\/h2>\n<p><strong>Rewolucja w Medycynie Naturalnej: Forever Phoenix \u2013 Phoenix Tears<\/strong><\/p>\n<p><strong>Kup Forever Phoenix Online w Europie<\/strong> i odkryj najwy\u017cszej jako\u015bci <a href=\"https:\/\/hitexoticsdistro.eu\/en\/product-category\/kup-koncentraty-konopi-indyjskich-online\/\"><strong>koncentraty z konopi<\/strong><\/a>, kt\u00f3re oferuj\u0105 wyj\u0105tkowe korzy\u015bci terapeutyczne i relaksacyjne. Wybierz sprawdzone produkty, kt\u00f3re s\u0105 w 100% organiczne, starannie testowane laboratoryjnie i idealne do \u0142agodzenia b\u00f3lu, stresu i poprawy snu. Nasz sklep online zapewnia \u0142atwe zakupy, bezpieczne p\u0142atno\u015bci i szybk\u0105, dyskretn\u0105 wysy\u0142k\u0119 w ca\u0142ej Europie. Niezale\u017cnie od tego, czy szukasz naturalnych \u015brodk\u00f3w na popraw\u0119 zdrowia, czy wysokiej jako\u015bci koncentrat\u00f3w konopi do codziennego u\u017cytku, Forever Phoenix to Tw\u00f3j niezawodny wyb\u00f3r. Kup teraz i ciesz si\u0119 doskona\u0142\u0105 obs\u0142ug\u0105 i produktami premium!<\/p>\n<p>Forever Phoenix \u2013 Phoenix Tears to produkt, kt\u00f3ry redefiniuje standardy medycyny naturalnej. Wykonany z wyselekcjonowanych odmian Kush o wysokiej zawarto\u015bci CBD, ten olejek konopny \u0142\u0105czy najnowsze technologie ekstrakcji z tradycyjn\u0105 medycyn\u0105 ro\u015blinn\u0105. Kup Forever Phoenix Online w Europie, aby odkry\u0107 korzy\u015bci, jakie niesie ten wyj\u0105tkowy produkt.<\/p>\n<h3>Co to s\u0105 Forever Phoenix \u2013 Phoenix Tears?<\/h3>\n<p><strong><a href=\"https:\/\/hitexoticsdistro.eu\/en\/product-category\/gdzie-kupic-phoenix-tears-online\/\">Phoenix Tears<\/a><\/strong> to wysokiej jako\u015bci koncentraty z konopi, stworzone przy u\u017cyciu organicznego 99% czystego etanolu, kt\u00f3ry pozwala na ekstrakcj\u0119 i zimowanie oleju. Proces ten zapewnia silniejszy, czystszy i medycznej jako\u015bci produkt. Produkt jest w 100% dekarboksylowany, co u\u0142atwia doustne przyswajanie bez potrzeby dodatkowego podgrzewania. To wszechstronne rozwi\u0105zanie promuje uzdrawianie ca\u0142ego organizmu i jest stosowane w leczeniu wielu dolegliwo\u015bci.<\/p>\n<p>Ka\u017cda 1,0 mL strzykawka zawiera 600 mg THC oraz inne kannabinoidy, oferuj\u0105c pe\u0142ne spektrum dzia\u0142ania terapeutycznego. RSO (Rick Simpson Oil) Phoenix Tears zosta\u0142y sformu\u0142owane w celu wspierania pacjent\u00f3w w walce z b\u00f3lem, zaburzeniami nerwowymi, bezsenno\u015bci\u0105, migrenami, zespo\u0142em niespokojnych n\u00f3g, nudno\u015bciami, IBS, chorob\u0105 Le\u015bniewskiego-Crohna i wieloma innymi schorzeniami.<\/p>\n<h3>R\u00f3\u017cne Smaki Forever Phoenix \u2013 Phoenix Tears<\/h3>\n<p>Produkt dost\u0119pny jest w r\u00f3\u017cnych smakach, takich jak:<\/p>\n<ul data-spread=\"false\">\n<li>Oryginalna Formulacja Rick Simpson<\/li>\n<li>Goji Berry<\/li>\n<li>Cynamon<\/li>\n<li>Mi\u0119ta Zielona<\/li>\n<\/ul>\n<p>Ka\u017cdy smak oferuje nie tylko korzy\u015bci terapeutyczne, ale r\u00f3wnie\u017c przyjemne doznania smakowe, co czyni je idealnym wyborem dla ka\u017cdego u\u017cytkownika.<\/p>\n<h3>G\u0142\u00f3wne Korzy\u015bci Forever Phoenix \u2013 Phoenix Tears<\/h3>\n<p>Phoenix Tears s\u0105 znane z szerokiego spektrum zastosowa\u0144 terapeutycznych. Mog\u0105 by\u0107 stosowane w leczeniu i \u0142agodzeniu takich dolegliwo\u015bci, jak:<\/p>\n<ul data-spread=\"false\">\n<li><strong>B\u00f3l:<\/strong> Skutecznie redukuj\u0105 przewlek\u0142y b\u00f3l.<\/li>\n<li><strong>Nudno\u015bci:<\/strong> Pomagaj\u0105 w walce z nudno\u015bciami i wymiotami.<\/li>\n<li><strong>Zapalenie:<\/strong> Maj\u0105 silne w\u0142a\u015bciwo\u015bci przeciwzapalne.<\/li>\n<li><strong>Bezsenno\u015b\u0107:<\/strong> Poprawiaj\u0105 jako\u015b\u0107 snu i pomagaj\u0105 zasypia\u0107.<\/li>\n<li><strong>Brak apetytu:<\/strong> Stymuluj\u0105 apetyt, co jest szczeg\u00f3lnie przydatne dla pacjent\u00f3w onkologicznych.<\/li>\n<li><strong>Wysokie ci\u015bnienie krwi:<\/strong> Wspieraj\u0105 regulacj\u0119 ci\u015bnienia krwi.<\/li>\n<li><strong>Zapalenie staw\u00f3w:<\/strong> \u0141agodz\u0105 b\u00f3l i sztywno\u015b\u0107 staw\u00f3w.<\/li>\n<li><strong>Infekcje:<\/strong> Wspieraj\u0105 walk\u0119 z infekcjami.<\/li>\n<li><strong>Astma:<\/strong> Pomagaj\u0105 \u0142agodzi\u0107 objawy astmy.<\/li>\n<\/ul>\n<h3>Korzy\u015bci Sk\u00f3rne<\/h3>\n<p>Niekt\u00f3rzy u\u017cytkownicy zg\u0142aszaj\u0105 popraw\u0119 w leczeniu chor\u00f3b sk\u00f3ry, takich jak egzema czy tr\u0105dzik, podczas stosowania produkt\u00f3w Forever Phoenix.<\/p>\n<h3>Phoenix Tears i Walka z Rakiem<\/h3>\n<p>Chocia\u017c nie ma wystarczaj\u0105cych bada\u0144 naukowych, aby potwierdzi\u0107, \u017ce RSO (Rick Simpson Oil) mo\u017ce leczy\u0107 raka, wiele os\u00f3b zg\u0142asza popraw\u0119 jako uzupe\u0142nienie tradycyjnych metod leczenia.<\/p>\n<h3>Jak Stosowa\u0107 Forever Phoenix \u2013 Phoenix Tears?<\/h3>\n<p>Stosowanie Phoenix Tears jest proste i bezpieczne, je\u015bli przestrzegasz odpowiednich dawek:<\/p>\n<ol start=\"1\" data-spread=\"true\">\n<li><strong>Zaczynaj Powoli:<\/strong> Rozpocznij od dawki wielko\u015bci ziarnka ry\u017cu i stopniowo zwi\u0119kszaj, obserwuj\u0105c reakcje organizmu.<\/li>\n<li><strong>Dostosuj Dawkowanie:<\/strong> W zale\u017cno\u015bci od potrzeb terapeutycznych mo\u017cesz zwi\u0119ksza\u0107 dawk\u0119, pami\u0119taj\u0105c, aby nie przekracza\u0107 1-2 mg THC na kilogram masy cia\u0142a dziennie.<\/li>\n<li><strong>Metody Podania:<\/strong> Phoenix Tears mog\u0105 by\u0107 stosowane doustnie, miejscowo lub jako dodatek do jedzenia. Ka\u017cda metoda zapewnia unikalne korzy\u015bci terapeutyczne.<\/li>\n<\/ol>\n<h3>Dlaczego Wybra\u0107 Kup Forever Phoenix Online w Europie?<\/h3>\n<p>Kupuj\u0105c Forever Phoenix Online w Europie, masz pewno\u015b\u0107, \u017ce otrzymujesz produkt najwy\u017cszej jako\u015bci, spe\u0142niaj\u0105cy rygorystyczne normy. Nasze Phoenix Tears s\u0105:<\/p>\n<ul data-spread=\"true\">\n<li><strong>Czyste i Bezpieczne:<\/strong> Wyprodukowane z organicznych <a href=\"https:\/\/zielonakaretka.pl\/\" rel=\"nofollow noopener\" target=\"_blank\">konopi<\/a>, bez pestycyd\u00f3w i chemikal\u00f3w.<\/li>\n<li><strong>Wszechstronnie Przebadane:<\/strong> Produkty przechodz\u0105 szereg test\u00f3w w niezale\u017cnych laboratoriach.<\/li>\n<li><strong>Szybka Dostawa:<\/strong> Zapewniamy szybk\u0105 wysy\u0142k\u0119 na terenie ca\u0142ej Europy.<\/li>\n<\/ul>\n<h3>Legalno\u015b\u0107 Forever Phoenix w Europie<\/h3>\n<p>Produkty Forever Phoenix s\u0105 legalne w krajach, w kt\u00f3rych zawarto\u015b\u0107 THC nie przekracza 0,2%. Kupuj\u0105c Phoenix Tears w Europie, mo\u017cesz by\u0107 pewien zgodno\u015bci z lokalnymi regulacjami.<\/p>\n<h3>Forever Phoenix \u2013 Phoenix Tears vs. Inne Olejki Konopne<\/h3>\n<p>Podczas gdy inne <strong><a href=\"https:\/\/hitexoticsdistro.eu\/en\/product-category\/zamow-olej-thc-z-konopi-online\/\">olejki konopne<\/a><\/strong> oferuj\u0105 pe\u0142ne spektrum kannabinoid\u00f3w, Forever Phoenix skupia si\u0119 na dostarczeniu najwy\u017cszej jako\u015bci koncentratu z wysok\u0105 zawarto\u015bci\u0105 THC i CBD, co czyni go skuteczniejszym w leczeniu powa\u017cniejszych schorze\u0144.<\/p>\n<h3>Jak Zam\u00f3wi\u0107 Forever Phoenix Online?<\/h3>\n<p>Proces zakupu Forever Phoenix Online w Europie jest prosty i szybki. Odwied\u017a nasz\u0105 stron\u0119, dodaj produkt do koszyka i przejd\u017a do bezpiecznej p\u0142atno\u015bci. W razie pyta\u0144 nasz zesp\u00f3\u0142 obs\u0142ugi klienta jest gotowy do pomocy.<\/p>\n<h3>Podsumowanie<\/h3>\n<p>Forever Phoenix \u2013 Phoenix Tears to doskona\u0142y wyb\u00f3r dla os\u00f3b poszukuj\u0105cych naturalnych i skutecznych metod leczenia. Kup Forever Phoenix Online w Europie i do\u015bwiadcz korzy\u015bci, jakie niesie ten niezwyk\u0142y produkt. Niezale\u017cnie od tego, czy walczysz z przewlek\u0142ym b\u00f3lem, bezsenno\u015bci\u0105 czy innymi dolegliwo\u015bciami, Forever Phoenix jest gotowe sprosta\u0107 Twoim potrzebom.<\/p>\n<div><\/div>\n<div>\n<div><\/div>\n<div>\u00a0<img loading=\"lazy\" decoding=\"async\" class=\"alignnone size-medium wp-image-1237\" src=\"https:\/\/hitexoticsdistro.eu\/wp-content\/uploads\/2024\/10\/WhatsApp-Image-2024-10-02-at-3.50.06-PM-1-1-225x300.jpeg\" alt=\"Zasady zwrotu pieni\u0119dzy za zam\u00f3wienie marihuany\" width=\"225\" height=\"300\" srcset=\"https:\/\/hitexoticsdistro.eu\/wp-content\/uploads\/2024\/10\/WhatsApp-Image-2024-10-02-at-3.50.06-PM-1-1-225x300.jpeg 225w, https:\/\/hitexoticsdistro.eu\/wp-content\/uploads\/2024\/10\/WhatsApp-Image-2024-10-02-at-3.50.06-PM-1-1-768x1024.jpeg 768w, https:\/\/hitexoticsdistro.eu\/wp-content\/uploads\/2024\/10\/WhatsApp-Image-2024-10-02-at-3.50.06-PM-1-1-600x800.jpeg 600w, https:\/\/hitexoticsdistro.eu\/wp-content\/uploads\/2024\/10\/WhatsApp-Image-2024-10-02-at-3.50.06-PM-1-1.jpeg 960w\" sizes=\"auto, (max-width: 225px) 100vw, 225px\" \/> <img loading=\"lazy\" decoding=\"async\" class=\"alignnone size-medium wp-image-1234\" src=\"https:\/\/hitexoticsdistro.eu\/wp-content\/uploads\/2024\/10\/WhatsApp-Image-2024-10-02-at-3.50.05-PM-1-1-225x300.jpeg\" alt=\"Dyskretna wysy\u0142ka marihuany online\" width=\"225\" height=\"300\" srcset=\"https:\/\/hitexoticsdistro.eu\/wp-content\/uploads\/2024\/10\/WhatsApp-Image-2024-10-02-at-3.50.05-PM-1-1-225x300.jpeg 225w, https:\/\/hitexoticsdistro.eu\/wp-content\/uploads\/2024\/10\/WhatsApp-Image-2024-10-02-at-3.50.05-PM-1-1-768x1024.jpeg 768w, https:\/\/hitexoticsdistro.eu\/wp-content\/uploads\/2024\/10\/WhatsApp-Image-2024-10-02-at-3.50.05-PM-1-1-600x800.jpeg 600w, https:\/\/hitexoticsdistro.eu\/wp-content\/uploads\/2024\/10\/WhatsApp-Image-2024-10-02-at-3.50.05-PM-1-1.jpeg 960w\" sizes=\"auto, (max-width: 225px) 100vw, 225px\" \/> <img loading=\"lazy\" decoding=\"async\" class=\"alignnone size-medium wp-image-1233\" src=\"https:\/\/hitexoticsdistro.eu\/wp-content\/uploads\/2024\/10\/WhatsApp-Image-2024-10-02-at-3.50.04-PM-1-225x300.jpeg\" alt=\"Dyskretna wysy\u0142ka marihuany online\" width=\"225\" height=\"300\" srcset=\"https:\/\/hitexoticsdistro.eu\/wp-content\/uploads\/2024\/10\/WhatsApp-Image-2024-10-02-at-3.50.04-PM-1-225x300.jpeg 225w, https:\/\/hitexoticsdistro.eu\/wp-content\/uploads\/2024\/10\/WhatsApp-Image-2024-10-02-at-3.50.04-PM-1-768x1024.jpeg 768w, https:\/\/hitexoticsdistro.eu\/wp-content\/uploads\/2024\/10\/WhatsApp-Image-2024-10-02-at-3.50.04-PM-1-600x800.jpeg 600w, https:\/\/hitexoticsdistro.eu\/wp-content\/uploads\/2024\/10\/WhatsApp-Image-2024-10-02-at-3.50.04-PM-1.jpeg 960w\" sizes=\"auto, (max-width: 225px) 100vw, 225px\" \/><\/div>\n<\/div>","protected":false},"excerpt":{"rendered":"<p>Najlepszy Wyb\u00f3r Olejku Konopnego Kup Forever Phoenix Online w Europie Rewolucja w Medycynie Naturalnej: Forever Phoenix \u2013 Phoenix Tears Kup [&hellip;]<\/p>\n","protected":false},"featured_media":593,"comment_status":"closed","ping_status":"closed","template":"","meta":{"_surecart_dashboard_logo_width":"180px","_surecart_dashboard_show_logo":true,"_surecart_dashboard_navigation_orders":true,"_surecart_dashboard_navigation_invoices":true,"_surecart_dashboard_navigation_subscriptions":true,"_surecart_dashboard_navigation_downloads":true,"_surecart_dashboard_navigation_billing":true,"_surecart_dashboard_navigation_account":true,"_uag_custom_page_level_css":"","site-sidebar-layout":"default","site-content-layout":"","ast-site-content-layout":"default","site-content-style":"default","site-sidebar-style":"default","ast-global-header-display":"","ast-banner-title-visibility":"","ast-main-header-display":"","ast-hfb-above-header-display":"","ast-hfb-below-header-display":"","ast-hfb-mobile-header-display":"","site-post-title":"","ast-breadcrumbs-content":"","ast-featured-img":"","footer-sml-layout":"","theme-transparent-header-meta":"default","adv-header-id-meta":"","stick-header-meta":"","header-above-stick-meta":"","header-main-stick-meta":"","header-below-stick-meta":"","astra-migrate-meta-layouts":"set","ast-page-background-enabled":"default","ast-page-background-meta":{"desktop":{"background-color":"var(--ast-global-color-4)","background-image":"","background-repeat":"repeat","background-position":"center center","background-size":"auto","background-attachment":"scroll","background-type":"","background-media":"","overlay-type":"","overlay-color":"","overlay-opacity":"","overlay-gradient":""},"tablet":{"background-color":"","background-image":"","background-repeat":"repeat","background-position":"center center","background-size":"auto","background-attachment":"scroll","background-type":"","background-media":"","overlay-type":"","overlay-color":"","overlay-opacity":"","overlay-gradient":""},"mobile":{"background-color":"","background-image":"","background-repeat":"repeat","background-position":"center center","background-size":"auto","background-attachment":"scroll","background-type":"","background-media":"","overlay-type":"","overlay-color":"","overlay-opacity":"","overlay-gradient":""}},"ast-content-background-meta":{"desktop":{"background-color":"var(--ast-global-color-5)","background-image":"","background-repeat":"repeat","background-position":"center center","background-size":"auto","background-attachment":"scroll","background-type":"","background-media":"","overlay-type":"","overlay-color":"","overlay-opacity":"","overlay-gradient":""},"tablet":{"background-color":"var(--ast-global-color-5)","background-image":"","background-repeat":"repeat","background-position":"center center","background-size":"auto","background-attachment":"scroll","background-type":"","background-media":"","overlay-type":"","overlay-color":"","overlay-opacity":"","overlay-gradient":""},"mobile":{"background-color":"var(--ast-global-color-5)","background-image":"","background-repeat":"repeat","background-position":"center center","background-size":"auto","background-attachment":"scroll","background-type":"","background-media":"","overlay-type":"","overlay-color":"","overlay-opacity":"","overlay-gradient":""}}},"product_brand":[],"product_cat":[190,53],"product_tag":[191,192,193,194,195],"class_list":{"0":"post-537","1":"product","2":"type-product","3":"status-publish","4":"has-post-thumbnail","6":"product_cat-gdzie-kupic-phoenix-tears-online","7":"product_cat-kup-koncentraty-konopi-indyjskich-online","8":"product_tag-forever-phoenix-phoenix-tears-for-sale-europe","9":"product_tag-phoenix-tears-reviews","10":"product_tag-phoenix-tears-syringe","11":"product_tag-phoenix-tears-where-to-buy","12":"product_tag-where-can-i-buy-phoenix-tears-rso","13":"desktop-align-left","14":"tablet-align-left","15":"mobile-align-left","17":"first","18":"instock","19":"sale","20":"shipping-taxable","21":"purchasable","22":"product-type-variable"},"uagb_featured_image_src":{"full":["https:\/\/hitexoticsdistro.eu\/wp-content\/uploads\/2024\/10\/Forever-Phoenix-\u2013-Phoenix-Tears.jpg",600,600,false],"thumbnail":["https:\/\/hitexoticsdistro.eu\/wp-content\/uploads\/2024\/10\/Forever-Phoenix-\u2013-Phoenix-Tears-150x150.jpg",150,150,true],"medium":["https:\/\/hitexoticsdistro.eu\/wp-content\/uploads\/2024\/10\/Forever-Phoenix-\u2013-Phoenix-Tears-300x300.jpg",300,300,true],"medium_large":["https:\/\/hitexoticsdistro.eu\/wp-content\/uploads\/2024\/10\/Forever-Phoenix-\u2013-Phoenix-Tears.jpg",600,600,false],"large":["https:\/\/hitexoticsdistro.eu\/wp-content\/uploads\/2024\/10\/Forever-Phoenix-\u2013-Phoenix-Tears.jpg",600,600,false],"1536x1536":["https:\/\/hitexoticsdistro.eu\/wp-content\/uploads\/2024\/10\/Forever-Phoenix-\u2013-Phoenix-Tears.jpg",600,600,false],"2048x2048":["https:\/\/hitexoticsdistro.eu\/wp-content\/uploads\/2024\/10\/Forever-Phoenix-\u2013-Phoenix-Tears.jpg",600,600,false],"trp-custom-language-flag":["https:\/\/hitexoticsdistro.eu\/wp-content\/uploads\/2024\/10\/Forever-Phoenix-\u2013-Phoenix-Tears.jpg",12,12,false],"woocommerce_thumbnail":["https:\/\/hitexoticsdistro.eu\/wp-content\/uploads\/2024\/10\/Forever-Phoenix-\u2013-Phoenix-Tears-300x300.jpg",300,300,true],"woocommerce_single":["https:\/\/hitexoticsdistro.eu\/wp-content\/uploads\/2024\/10\/Forever-Phoenix-\u2013-Phoenix-Tears.jpg",600,600,false],"woocommerce_gallery_thumbnail":["https:\/\/hitexoticsdistro.eu\/wp-content\/uploads\/2024\/10\/Forever-Phoenix-\u2013-Phoenix-Tears-100x100.jpg",100,100,true]},"uagb_author_info":{"display_name":"","author_link":"https:\/\/hitexoticsdistro.eu\/en\/author\/"},"uagb_comment_info":0,"uagb_excerpt":"Najlepszy Wyb\u00f3r Olejku Konopnego Kup Forever Phoenix Online w Europie Rewolucja w Medycynie Naturalnej: Forever Phoenix \u2013 Phoenix Tears Kup [&hellip;]","_links":{"self":[{"href":"https:\/\/hitexoticsdistro.eu\/en\/wp-json\/wp\/v2\/product\/537","targetHints":{"allow":["GET"]}}],"collection":[{"href":"https:\/\/hitexoticsdistro.eu\/en\/wp-json\/wp\/v2\/product"}],"about":[{"href":"https:\/\/hitexoticsdistro.eu\/en\/wp-json\/wp\/v2\/types\/product"}],"replies":[{"embeddable":true,"href":"https:\/\/hitexoticsdistro.eu\/en\/wp-json\/wp\/v2\/comments?post=537"}],"wp:featuredmedia":[{"embeddable":true,"href":"https:\/\/hitexoticsdistro.eu\/en\/wp-json\/wp\/v2\/media\/593"}],"wp:attachment":[{"href":"https:\/\/hitexoticsdistro.eu\/en\/wp-json\/wp\/v2\/media?parent=537"}],"wp:term":[{"taxonomy":"product_brand","embeddable":true,"href":"https:\/\/hitexoticsdistro.eu\/en\/wp-json\/wp\/v2\/product_brand?post=537"},{"taxonomy":"product_cat","embeddable":true,"href":"https:\/\/hitexoticsdistro.eu\/en\/wp-json\/wp\/v2\/product_cat?post=537"},{"taxonomy":"product_tag","embeddable":true,"href":"https:\/\/hitexoticsdistro.eu\/en\/wp-json\/wp\/v2\/product_tag?post=537"}],"curies":[{"name":"wp","href":"https:\/\/api.w.org\/{rel}","templated":true}]}}