{"id":505,"date":"2024-10-10T22:53:38","date_gmt":"2024-10-10T22:53:38","guid":{"rendered":"https:\/\/hitexoticsdistro.com\/?post_type=product&#038;p=505"},"modified":"2024-10-27T00:42:04","modified_gmt":"2024-10-27T00:42:04","slug":"kup-slimer-weed-shake-online","status":"publish","type":"product","link":"https:\/\/hitexoticsdistro.eu\/en\/product\/kup-slimer-weed-shake-online\/","title":{"rendered":"Slimer Shake"},"content":{"rendered":"<h2><strong>Kup Slimer Weed Shake Online: Idealna Hybryda Indica dla Relaksu i Leczenia<\/strong><\/h2>\n<p>Slimer Shake to hybryda <a href=\"https:\/\/hitexoticsdistro.eu\/en\/product-category\/kup-konopie-indyjskie-indica-online\/\">indica<\/a>-dominuj\u0105ca, kt\u00f3ra jest wynikiem skrzy\u017cowania odmian <em>Ghost OG<\/em> i <em>White Fire Alien OG<\/em>. Dzi\u0119ki wysokiemu poziomowi THC, kt\u00f3ry waha si\u0119 mi\u0119dzy 15% a 22%, Slimer Shake oferuje mocne efekty, kt\u00f3re nie powinny by\u0107 lekcewa\u017cone. Dla mi\u0142o\u015bnik\u00f3w konopi, kt\u00f3rzy szukaj\u0105 silnych dozna\u0144 fizycznych i umys\u0142owych, Slimer Shake mo\u017ce by\u0107 doskona\u0142ym wyborem.<\/p>\n<h3>Kup Slimer Weed Shake Online<\/h3>\n<p>Kiedy zdecydujesz si\u0119 <strong>kup Slimer Weed Shake online<\/strong>, wybierasz nie tylko wyj\u0105tkow\u0105 odmian\u0119, ale r\u00f3wnie\u017c wygod\u0119 zakupu z dostaw\u0105 prosto do twoich drzwi. Nasz sklep online <em>Hit Exotics Distro<\/em> oferuje najwy\u017cszej jako\u015bci produkty, co gwarantuje bezpieczny i dyskretny zakup. Niezale\u017cnie od tego, czy szukasz czego\u015b na wieczorny relaks, czy do u\u017cytku medycznego, Slimer Shake dostarczy Ci tego, czego potrzebujesz.<\/p>\n<h3>Efekty i Koncentracja THC<\/h3>\n<p>Slimer Shake to odmiana o wysokim poziomie THC, si\u0119gaj\u0105cym do 22%, co czyni j\u0105 wyj\u0105tkowo skuteczn\u0105. Jej <strong>indica-dominuj\u0105ca natura<\/strong> sprawia, \u017ce efekty zaczynaj\u0105 si\u0119 powoli, z delikatnym poczuciem euforii i relaksu. Pocz\u0105tkowo, stan euforii pobudza kreatywno\u015b\u0107, jednak w miar\u0119 post\u0119powania haju pojawia si\u0119 g\u0142\u0119bokie odpr\u0119\u017cenie cia\u0142a, kt\u00f3re mo\u017ce ograniczy\u0107 aktywno\u015b\u0107 fizyczn\u0105. Jest to idealna odmiana na wiecz\u00f3r lub do relaksu po d\u0142ugim dniu.<\/p>\n<p>Je\u015bli szukasz odmiany, kt\u00f3ra pomaga w redukcji stresu i b\u00f3lu, Slimer Shake to doskona\u0142y wyb\u00f3r. Dzi\u0119ki wysokiej zawarto\u015bci THC, Slimer Shake mo\u017ce skutecznie \u0142agodzi\u0107 objawy r\u00f3\u017cnych schorze\u0144, takich jak:<\/p>\n<ul>\n<li><strong>Utrata apetytu<\/strong><\/li>\n<li><strong>Depresja<\/strong><\/li>\n<li><strong>Skurcze mi\u0119\u015bni<\/strong><\/li>\n<li><strong>Przewlek\u0142y b\u00f3l<\/strong><\/li>\n<li><strong>B\u00f3le g\u0142owy i migreny<\/strong><\/li>\n<\/ul>\n<h3>Jakie Smaki i Aromaty Oferuje Slimer Shake?<\/h3>\n<p>Slimer Shake wyr\u00f3\u017cnia si\u0119 ziemistym, kwiatowym smakiem, kt\u00f3ry jest typowy dla odmian kush. Przy wydechu poczujesz s\u0142odkie nuty, kt\u00f3re delikatnie otulaj\u0105 kubki smakowe. Aromat tej odmiany to po\u0142\u0105czenie skunkowego, lekko kwa\u015bnego zapachu z kwiatowymi akcentami, co nadaje jej unikalny charakter.<\/p>\n<h3>Jakie Korzy\u015bci Medyczne Oferuje Slimer Shake?<\/h3>\n<p>Slimer Shake zyskuje popularno\u015b\u0107 nie tylko ze wzgl\u0119du na swoje rekreacyjne efekty, ale r\u00f3wnie\u017c za szerokie zastosowanie w medycynie. Dzi\u0119ki relaksuj\u0105cym w\u0142a\u015bciwo\u015bciom oraz wysokiemu poziomowi THC, jest szczeg\u00f3lnie polecana dla os\u00f3b cierpi\u0105cych na:<\/p>\n<ul>\n<li><strong>Depresj\u0119<\/strong>: Poprawia nastr\u00f3j i wprowadza u\u017cytkownika w stan odpr\u0119\u017cenia, pomagaj\u0105c zwalcza\u0107 objawy depresji.<\/li>\n<li><strong>B\u00f3l przewlek\u0142y<\/strong>: Jako silna <a href=\"https:\/\/pl.wikipedia.org\/wiki\/Konopie_indyjskie\" rel=\"nofollow noopener\" target=\"_blank\">odmiana<\/a> indica, Slimer Shake przynosi ulg\u0119 w przewlek\u0142ych b\u00f3lach.<\/li>\n<li><strong>Bezsenno\u015b\u0107<\/strong>: Jej dzia\u0142anie uspokajaj\u0105ce pomaga w zasypianiu, co czyni j\u0105 idealn\u0105 opcj\u0105 dla os\u00f3b z problemami ze snem.<\/li>\n<li><strong>Migreny i b\u00f3le g\u0142owy<\/strong>: Skutecznie \u0142agodzi napi\u0119cie i b\u00f3l spowodowany migrenami.<\/li>\n<\/ul>\n<h3>Gdzie Kupi\u0107 Slimer Weed Shake Online?<\/h3>\n<p>Je\u015bli zastanawiasz si\u0119, <strong>gdzie kupi\u0107 Slimer Weed Shake online<\/strong>, <em>Hit Exotics Distro<\/em> to idealne miejsce. Nasza platforma oferuje szeroki wyb\u00f3r wysokiej jako\u015bci odmian, dostosowanych do r\u00f3\u017cnych potrzeb u\u017cytkownik\u00f3w. Kupuj\u0105c u nas, masz pewno\u015b\u0107, \u017ce otrzymujesz produkt pochodz\u0105cy z zaufanego \u017ar\u00f3d\u0142a, o potwierdzonej mocy i \u015bwie\u017co\u015bci.<\/p>\n<h3>Cz\u0119sto zadawane pytania (FAQ)<\/h3>\n<h4>Czy Slimer Shake to dobra odmiana na noc?<\/h4>\n<p>Tak, dzi\u0119ki swojej dominacji indica i silnym efektom relaksacyjnym, Slimer Shake to idealna odmiana do wieczornego u\u017cytku, szczeg\u00f3lnie dla os\u00f3b szukaj\u0105cych sposobu na odpr\u0119\u017cenie i lepszy sen.<\/p>\n<h4>Jakie s\u0105 g\u0142\u00f3wne efekty Slimer Shake?<\/h4>\n<p>Slimer Shake wywo\u0142uje pocz\u0105tkowo euforyczny stan, kt\u00f3ry stopniowo przechodzi w g\u0142\u0119boki relaks cia\u0142a. Efekty mog\u0105 ograniczy\u0107 zdolno\u015b\u0107 do aktywno\u015bci fizycznej, co czyni j\u0105 idealn\u0105 do odpr\u0119\u017cenia i zmniejszenia stresu.<\/p>\n<h4>Czy Slimer Shake jest odpowiednia dla os\u00f3b z problemami ze snem?<\/h4>\n<p>Tak, Slimer Shake dzi\u0119ki swoim uspokajaj\u0105cym w\u0142a\u015bciwo\u015bciom pomaga osobom zmagaj\u0105cym si\u0119 z bezsenno\u015bci\u0105, u\u0142atwiaj\u0105c zasypianie i poprawiaj\u0105c jako\u015b\u0107 snu.<\/p>\n<h4>Jakie s\u0105 typowe smaki i aromaty Slimer Shake?<\/h4>\n<p>Slimer Shake ma ziemisty, kwiatowy smak z s\u0142odkim wydechem, a jej aromat to po\u0142\u0105czenie skunkowego zapachu z delikatnymi kwiatowymi nutami.<\/p>\n<h3>Podsumowanie<\/h3>\n<p>Slimer Shake to odmiana, kt\u00f3ra oferuje g\u0142\u0119bokie odpr\u0119\u017cenie i ulg\u0119 w b\u00f3lu, a tak\u017ce dzia\u0142a jako skuteczny \u015brodek w walce z bezsenno\u015bci\u0105, depresj\u0105 i migrenami. Jej wyj\u0105tkowy smak i aromat, w po\u0142\u0105czeniu z wysok\u0105 zawarto\u015bci\u0105 THC, czyni\u0105 j\u0105 doskona\u0142ym wyborem dla os\u00f3b szukaj\u0105cych mocnych dozna\u0144 i terapeutycznych korzy\u015bci.<\/p>\n<p>Je\u015bli szukasz wysokiej jako\u015bci, dyskretnej i wygodnej opcji zakupu, <strong>kup Slimer Weed Shake online<\/strong> ju\u017c dzi\u015b w <em>Hit Exotics Distro<\/em>. Do\u015bwiadcz pot\u0119\u017cnych efekt\u00f3w tej odmiany i przekonaj si\u0119, dlaczego jest tak popularna w\u015br\u00f3d u\u017cytkownik\u00f3w konopi.<\/p>\n<p>&nbsp;<\/p>\n<p><img loading=\"lazy\" decoding=\"async\" class=\"alignnone size-medium wp-image-1330\" src=\"https:\/\/hitexoticsdistro.eu\/wp-content\/uploads\/2024\/10\/cropped-WhatsApp-Image-2024-10-02-at-3.50.03-PM-2-1-300x300.jpeg\" alt=\"Gdzie bezpiecznie kupi\u0107 marihuan\u0119 online?\" width=\"300\" height=\"300\" srcset=\"https:\/\/hitexoticsdistro.eu\/wp-content\/uploads\/2024\/10\/cropped-WhatsApp-Image-2024-10-02-at-3.50.03-PM-2-1-300x300.jpeg 300w, https:\/\/hitexoticsdistro.eu\/wp-content\/uploads\/2024\/10\/cropped-WhatsApp-Image-2024-10-02-at-3.50.03-PM-2-1-150x150.jpeg 150w, https:\/\/hitexoticsdistro.eu\/wp-content\/uploads\/2024\/10\/cropped-WhatsApp-Image-2024-10-02-at-3.50.03-PM-2-1-100x100.jpeg 100w, https:\/\/hitexoticsdistro.eu\/wp-content\/uploads\/2024\/10\/cropped-WhatsApp-Image-2024-10-02-at-3.50.03-PM-2-1-270x270.jpeg 270w, https:\/\/hitexoticsdistro.eu\/wp-content\/uploads\/2024\/10\/cropped-WhatsApp-Image-2024-10-02-at-3.50.03-PM-2-1-192x192.jpeg 192w, https:\/\/hitexoticsdistro.eu\/wp-content\/uploads\/2024\/10\/cropped-WhatsApp-Image-2024-10-02-at-3.50.03-PM-2-1-180x180.jpeg 180w, https:\/\/hitexoticsdistro.eu\/wp-content\/uploads\/2024\/10\/cropped-WhatsApp-Image-2024-10-02-at-3.50.03-PM-2-1-32x32.jpeg 32w, https:\/\/hitexoticsdistro.eu\/wp-content\/uploads\/2024\/10\/cropped-WhatsApp-Image-2024-10-02-at-3.50.03-PM-2-1.jpeg 512w\" sizes=\"auto, (max-width: 300px) 100vw, 300px\" \/><\/p>","protected":false},"excerpt":{"rendered":"<p>Kup Slimer Weed Shake Online: Idealna Hybryda Indica dla Relaksu i Leczenia Slimer Shake to hybryda indica-dominuj\u0105ca, kt\u00f3ra jest wynikiem [&hellip;]<\/p>\n","protected":false},"featured_media":555,"comment_status":"closed","ping_status":"closed","template":"","meta":{"_surecart_dashboard_logo_width":"180px","_surecart_dashboard_show_logo":true,"_surecart_dashboard_navigation_orders":true,"_surecart_dashboard_navigation_invoices":true,"_surecart_dashboard_navigation_subscriptions":true,"_surecart_dashboard_navigation_downloads":true,"_surecart_dashboard_navigation_billing":true,"_surecart_dashboard_navigation_account":true,"_uag_custom_page_level_css":"","site-sidebar-layout":"default","site-content-layout":"","ast-site-content-layout":"default","site-content-style":"default","site-sidebar-style":"default","ast-global-header-display":"","ast-banner-title-visibility":"","ast-main-header-display":"","ast-hfb-above-header-display":"","ast-hfb-below-header-display":"","ast-hfb-mobile-header-display":"","site-post-title":"","ast-breadcrumbs-content":"","ast-featured-img":"","footer-sml-layout":"","theme-transparent-header-meta":"default","adv-header-id-meta":"","stick-header-meta":"","header-above-stick-meta":"","header-main-stick-meta":"","header-below-stick-meta":"","astra-migrate-meta-layouts":"set","ast-page-background-enabled":"default","ast-page-background-meta":{"desktop":{"background-color":"var(--ast-global-color-4)","background-image":"","background-repeat":"repeat","background-position":"center center","background-size":"auto","background-attachment":"scroll","background-type":"","background-media":"","overlay-type":"","overlay-color":"","overlay-opacity":"","overlay-gradient":""},"tablet":{"background-color":"","background-image":"","background-repeat":"repeat","background-position":"center center","background-size":"auto","background-attachment":"scroll","background-type":"","background-media":"","overlay-type":"","overlay-color":"","overlay-opacity":"","overlay-gradient":""},"mobile":{"background-color":"","background-image":"","background-repeat":"repeat","background-position":"center center","background-size":"auto","background-attachment":"scroll","background-type":"","background-media":"","overlay-type":"","overlay-color":"","overlay-opacity":"","overlay-gradient":""}},"ast-content-background-meta":{"desktop":{"background-color":"var(--ast-global-color-5)","background-image":"","background-repeat":"repeat","background-position":"center center","background-size":"auto","background-attachment":"scroll","background-type":"","background-media":"","overlay-type":"","overlay-color":"","overlay-opacity":"","overlay-gradient":""},"tablet":{"background-color":"var(--ast-global-color-5)","background-image":"","background-repeat":"repeat","background-position":"center center","background-size":"auto","background-attachment":"scroll","background-type":"","background-media":"","overlay-type":"","overlay-color":"","overlay-opacity":"","overlay-gradient":""},"mobile":{"background-color":"var(--ast-global-color-5)","background-image":"","background-repeat":"repeat","background-position":"center center","background-size":"auto","background-attachment":"scroll","background-type":"","background-media":"","overlay-type":"","overlay-color":"","overlay-opacity":"","overlay-gradient":""}}},"product_brand":[],"product_cat":[162,56],"product_tag":[596,829,789,828,830,169,827,212,831,832],"class_list":{"0":"post-505","1":"product","2":"type-product","3":"status-publish","4":"has-post-thumbnail","6":"product_cat-co-to-jest-koktajl-z-marihuany","7":"product_cat-gdzie-moge-kupic-marihuane","8":"product_tag-cannabispolska","9":"product_tag-cannabissativaindica","10":"product_tag-indicahybrid","11":"product_tag-kupslimerweedshakeonline","12":"product_tag-medicalcannabis","13":"product_tag-slimer-weed-strain-shake-for-sale","14":"product_tag-slimershake","15":"product_tag-thc","16":"product_tag-weedonline","17":"product_tag-weedshake","18":"desktop-align-left","19":"tablet-align-left","20":"mobile-align-left","22":"first","23":"instock","24":"shipping-taxable","25":"purchasable","26":"product-type-variable"},"uagb_featured_image_src":{"full":["https:\/\/hitexoticsdistro.eu\/wp-content\/uploads\/2024\/10\/Slimer-Weed-Strain-Shake.jpg",971,960,false],"thumbnail":["https:\/\/hitexoticsdistro.eu\/wp-content\/uploads\/2024\/10\/Slimer-Weed-Strain-Shake-150x150.jpg",150,150,true],"medium":["https:\/\/hitexoticsdistro.eu\/wp-content\/uploads\/2024\/10\/Slimer-Weed-Strain-Shake-300x297.jpg",300,297,true],"medium_large":["https:\/\/hitexoticsdistro.eu\/wp-content\/uploads\/2024\/10\/Slimer-Weed-Strain-Shake-768x759.jpg",768,759,true],"large":["https:\/\/hitexoticsdistro.eu\/wp-content\/uploads\/2024\/10\/Slimer-Weed-Strain-Shake.jpg",971,960,false],"1536x1536":["https:\/\/hitexoticsdistro.eu\/wp-content\/uploads\/2024\/10\/Slimer-Weed-Strain-Shake.jpg",971,960,false],"2048x2048":["https:\/\/hitexoticsdistro.eu\/wp-content\/uploads\/2024\/10\/Slimer-Weed-Strain-Shake.jpg",971,960,false],"trp-custom-language-flag":["https:\/\/hitexoticsdistro.eu\/wp-content\/uploads\/2024\/10\/Slimer-Weed-Strain-Shake.jpg",12,12,false],"woocommerce_thumbnail":["https:\/\/hitexoticsdistro.eu\/wp-content\/uploads\/2024\/10\/Slimer-Weed-Strain-Shake-300x300.jpg",300,300,true],"woocommerce_single":["https:\/\/hitexoticsdistro.eu\/wp-content\/uploads\/2024\/10\/Slimer-Weed-Strain-Shake-600x593.jpg",600,593,true],"woocommerce_gallery_thumbnail":["https:\/\/hitexoticsdistro.eu\/wp-content\/uploads\/2024\/10\/Slimer-Weed-Strain-Shake-100x100.jpg",100,100,true]},"uagb_author_info":{"display_name":"","author_link":"https:\/\/hitexoticsdistro.eu\/en\/author\/"},"uagb_comment_info":0,"uagb_excerpt":"Kup Slimer Weed Shake Online: Idealna Hybryda Indica dla Relaksu i Leczenia Slimer Shake to hybryda indica-dominuj\u0105ca, kt\u00f3ra jest wynikiem [&hellip;]","_links":{"self":[{"href":"https:\/\/hitexoticsdistro.eu\/en\/wp-json\/wp\/v2\/product\/505","targetHints":{"allow":["GET"]}}],"collection":[{"href":"https:\/\/hitexoticsdistro.eu\/en\/wp-json\/wp\/v2\/product"}],"about":[{"href":"https:\/\/hitexoticsdistro.eu\/en\/wp-json\/wp\/v2\/types\/product"}],"replies":[{"embeddable":true,"href":"https:\/\/hitexoticsdistro.eu\/en\/wp-json\/wp\/v2\/comments?post=505"}],"wp:featuredmedia":[{"embeddable":true,"href":"https:\/\/hitexoticsdistro.eu\/en\/wp-json\/wp\/v2\/media\/555"}],"wp:attachment":[{"href":"https:\/\/hitexoticsdistro.eu\/en\/wp-json\/wp\/v2\/media?parent=505"}],"wp:term":[{"taxonomy":"product_brand","embeddable":true,"href":"https:\/\/hitexoticsdistro.eu\/en\/wp-json\/wp\/v2\/product_brand?post=505"},{"taxonomy":"product_cat","embeddable":true,"href":"https:\/\/hitexoticsdistro.eu\/en\/wp-json\/wp\/v2\/product_cat?post=505"},{"taxonomy":"product_tag","embeddable":true,"href":"https:\/\/hitexoticsdistro.eu\/en\/wp-json\/wp\/v2\/product_tag?post=505"}],"curies":[{"name":"wp","href":"https:\/\/api.w.org\/{rel}","templated":true}]}}