{"id":389,"date":"2024-10-10T22:49:08","date_gmt":"2024-10-10T22:49:08","guid":{"rendered":"https:\/\/hitexoticsdistro.com\/?post_type=product&#038;p=389"},"modified":"2024-10-26T22:44:13","modified_gmt":"2024-10-26T22:44:13","slug":"kup-odmiana-marihuany-blueberry","status":"publish","type":"product","link":"https:\/\/hitexoticsdistro.eu\/en\/product\/kup-odmiana-marihuany-blueberry\/","title":{"rendered":"Blueberry"},"content":{"rendered":"<h2>Kup Odmiana Marihuany Blueberry Online \u2013 Premiumowa Hybryda Z Dominacj\u0105 Indica<\/h2>\n<p><strong>Blueberry<\/strong> to legendarna <strong><a href=\"https:\/\/hitexoticsdistro.eu\/en\/product-category\/hybrydowe-odmiany-marihuany-online\/\">hybryda<\/a> z dominacj\u0105 <a href=\"https:\/\/hitexoticsdistro.eu\/en\/product-category\/kup-konopie-indyjskie-indica-online\/\">indica<\/a><\/strong> (80% indica \/ 20% sativa), szeroko ceniona za swoj\u0105 bogat\u0105 histori\u0119 i koj\u0105ce efekty. Jej korzenie si\u0119gaj\u0105 lat 70., kiedy s\u0142ynny ameryka\u0144ski hodowca <strong>DJ Short<\/strong> zacz\u0105\u0142 eksperymentowa\u0107 z r\u00f3\u017cnymi szczepami landrace. Chocia\u017c jej dok\u0142adne pochodzenie pozostaje tajemnic\u0105, wielu wierzy, \u017ce wywodzi si\u0119 od szczep\u00f3w <strong>Purple Thai<\/strong> skrzy\u017cowanych z <strong>Afghan<\/strong>, co zaowocowa\u0142o unikaln\u0105 i aromatyczn\u0105 hybryd\u0105.<\/p>\n<h3>Dlaczego Blueberry Jest Wyj\u0105tkowy?<\/h3>\n<p><strong>Blueberry<\/strong> znany jest nie tylko ze swojego pysznego <strong>jagodowego<\/strong> smaku, ale tak\u017ce z <strong>mocnych, d\u0142ugotrwa\u0142ych efekt\u00f3w<\/strong>. \u0141\u0105czy najlepsze cechy indica i sativa, oferuj\u0105c u\u017cytkownikom zr\u00f3wnowa\u017cone doznania, kt\u00f3re zaczynaj\u0105 si\u0119 od powoli narastaj\u0105cego euforycznego uczucia. Ten szczep wyr\u00f3\u017cnia si\u0119 dzi\u0119ki:<\/p>\n<ul>\n<li><strong>Smakowi i Aromatowi:<\/strong> Nuty s\u0142odkiej <strong>jagody<\/strong>, <strong>wanilii<\/strong> oraz delikatnego <strong>drzewnego<\/strong> akcentu sprawiaj\u0105, \u017ce Blueberry to smak, kt\u00f3remu trudno si\u0119 oprze\u0107. Jego aromat jest r\u00f3wnie przyjemny, z mieszank\u0105 <strong>s\u0142odkiej ziemisto\u015bci<\/strong> i <strong>kwiatowych<\/strong> nut.<\/li>\n<li><strong>Wygl\u0105dowi:<\/strong> P\u0105ki Blueberry zazwyczaj maj\u0105 \u017cywe niebieskie odcienie zmieszane z bogatymi fioletami, cz\u0119sto pokryte warstw\u0105 oszronionych trichom\u00f3w. Ten estetyczny wygl\u0105d to jeden z powod\u00f3w, dla kt\u00f3rych jest tak popularny w\u015br\u00f3d u\u017cytkownik\u00f3w rekreacyjnych i medycznych.<\/li>\n<\/ul>\n<h3>Efekty i Korzy\u015bci Medyczne Blueberry<\/h3>\n<p>High od Blueberry pojawia si\u0119 powoli, dostarczaj\u0105c delikatnej, ale pot\u0119\u017cnej <strong>euforii<\/strong>, kt\u00f3ra pomaga wyciszy\u0107 umys\u0142 i wyeliminowa\u0107 negatywne lub przyspieszone my\u015bli. Ten szczep jest idealny dla os\u00f3b, kt\u00f3re chc\u0105 <strong>zrelaksowa\u0107 si\u0119<\/strong> po d\u0142ugim dniu, co sprawia, \u017ce jest doskona\u0142ym wyborem na wiecz\u00f3r lub przed snem.<\/p>\n<p>Oto, czego mo\u017cesz si\u0119 spodziewa\u0107 po <strong>efektach Blueberry<\/strong>:<\/p>\n<ul>\n<li><strong>Euforyczne odpr\u0119\u017cenie<\/strong>, kt\u00f3re pomaga zniwelowa\u0107 stres i niepok\u00f3j<\/li>\n<li><strong>Koj\u0105cy haj fizyczny<\/strong>, sprzyjaj\u0105cy <strong>g\u0142\u0119bokiemu snu<\/strong><\/li>\n<li>Og\u00f3lne poczucie <strong>dobrostanu<\/strong>, kt\u00f3re poprawia nastr\u00f3j i uspokaja umys\u0142<\/li>\n<\/ul>\n<p>Dzi\u0119ki zawarto\u015bci THC w przedziale <strong>16-24%<\/strong>, Blueberry jest cz\u0119sto zalecany dla u\u017cytkownik\u00f3w medycznych marihuany. Szczeg\u00f3lnie pomaga w przypadku:<\/p>\n<ul>\n<li><strong>Przewlek\u0142ego zm\u0119czenia<\/strong> \u2013 pomaga zwalcza\u0107 zm\u0119czenie swoimi lekkimi, podnosz\u0105cymi na duchu efektami.<\/li>\n<li><strong>Depresji i niepokoju<\/strong> \u2013 \u0142agodzi objawy, promuj\u0105c eufori\u0119 i relaks.<\/li>\n<li><strong>Przewlek\u0142ego stresu<\/strong> \u2013 oferuje ucieczk\u0119 od codziennych napi\u0119\u0107, pomagaj\u0105c zresetowa\u0107 umys\u0142.<\/li>\n<li><strong>Bezsenno\u015bci<\/strong> \u2013 genetyka indica wywo\u0142uje senno\u015b\u0107, u\u0142atwiaj\u0105c zasypianie.<\/li>\n<li><strong>Migren i b\u00f3l\u00f3w g\u0142owy<\/strong> \u2013 \u0142agodzi b\u00f3l i dyskomfort dzi\u0119ki swoim koj\u0105cym efektom.<\/li>\n<\/ul>\n<p>Dzi\u0119ki swoim silnym, relaksuj\u0105cym w\u0142a\u015bciwo\u015bciom <strong>Blueberry<\/strong> jest r\u00f3wnie\u017c znany z pomocy w przypadku <strong>nudno\u015bci<\/strong>, a tak\u017ce <strong>ADD\/ADHD<\/strong> poprzez wyciszenie umys\u0142u i cia\u0142a.<\/p>\n<h3>Dlaczego Warto Kupi\u0107 Odmiana Marihuany Blueberry Online?<\/h3>\n<p>Kupowanie <strong>Blueberry<\/strong> online ma wiele zalet, zar\u00f3wno dla pocz\u0105tkuj\u0105cych, jak i do\u015bwiadczonych u\u017cytkownik\u00f3w marihuany:<\/p>\n<ol>\n<li><strong>Wygoda:<\/strong> Kiedy <strong>kupujesz Odmiana marihuany Blueberry online<\/strong>, mo\u017cesz otrzyma\u0107 ten topowy szczep bezpo\u015brednio do swojego domu, bez konieczno\u015bci odwiedzania sklepu.<\/li>\n<li><strong>Gwarancja Jako\u015bci:<\/strong> Renomowane sklepy internetowe cz\u0119sto oferuj\u0105 testowane laboratoryjnie szczepy Blueberry, co gwarantuje najwy\u017csz\u0105 jako\u015b\u0107 produktu z dok\u0142adnymi poziomami THC i <a href=\"https:\/\/biohemp.pl\/pl\/olejki-ekstrakty-cbd-cbg\/\" rel=\"nofollow noopener\" target=\"_blank\">CBD<\/a>.<\/li>\n<li><strong>R\u00f3\u017cnorodno\u015b\u0107:<\/strong> Sklepy internetowe cz\u0119sto posiadaj\u0105 r\u00f3\u017cne warianty Blueberry, w tym <strong>pre-rollsy<\/strong>, <strong>kwiaty<\/strong>, <strong>edibles<\/strong>, a nawet <strong>kartrid\u017ce do waporyzacji<\/strong>, co pozwala wybra\u0107 produkt, kt\u00f3ry najlepiej odpowiada Twoim preferencjom.<\/li>\n<li><strong>Dyskretna Wysy\u0142ka:<\/strong> Wiele sklep\u00f3w oferuje dyskretn\u0105 wysy\u0142k\u0119, co gwarantuje zachowanie prywatno\u015bci.<\/li>\n<\/ol>\n<p><strong>Blueberry<\/strong> zas\u0142u\u017cy\u0142 sobie na miano jednego z najpopularniejszych i najbardziej po\u017c\u0105danych szczep\u00f3w marihuany na rynku. Niezale\u017cnie od tego, czy szukasz ulgi w schorzeniach medycznych, czy po prostu chcesz zrelaksowa\u0107 si\u0119 przy smacznym szczepie, kupuj\u0105c Odmiana marihuany Blueberry online, zyskujesz \u0142atwy dost\u0119p do tej aromatycznej i mocnej hybrydy.<\/p>\n<p>&nbsp;<\/p>\n<p><img loading=\"lazy\" decoding=\"async\" class=\"alignnone size-medium wp-image-1149\" src=\"https:\/\/hitexoticsdistro.eu\/wp-content\/uploads\/2024\/10\/WhatsApp-Image-2024-10-02-at-3.50.03-PM-2-300x300.jpeg\" alt=\"Gdzie bezpiecznie kupi\u0107 marihuan\u0119 online?\" width=\"300\" height=\"300\" srcset=\"https:\/\/hitexoticsdistro.eu\/wp-content\/uploads\/2024\/10\/WhatsApp-Image-2024-10-02-at-3.50.03-PM-2-300x300.jpeg 300w, https:\/\/hitexoticsdistro.eu\/wp-content\/uploads\/2024\/10\/WhatsApp-Image-2024-10-02-at-3.50.03-PM-2-150x150.jpeg 150w, https:\/\/hitexoticsdistro.eu\/wp-content\/uploads\/2024\/10\/WhatsApp-Image-2024-10-02-at-3.50.03-PM-2-600x600.jpeg 600w, https:\/\/hitexoticsdistro.eu\/wp-content\/uploads\/2024\/10\/WhatsApp-Image-2024-10-02-at-3.50.03-PM-2-100x100.jpeg 100w, https:\/\/hitexoticsdistro.eu\/wp-content\/uploads\/2024\/10\/WhatsApp-Image-2024-10-02-at-3.50.03-PM-2.jpeg 640w\" sizes=\"auto, (max-width: 300px) 100vw, 300px\" \/><\/p>","protected":false},"excerpt":{"rendered":"<p>Kup Odmiana Marihuany Blueberry Online \u2013 Premiumowa Hybryda Z Dominacj\u0105 Indica Blueberry to legendarna hybryda z dominacj\u0105 indica (80% indica [&hellip;]<\/p>\n","protected":false},"featured_media":450,"comment_status":"closed","ping_status":"closed","template":"","meta":{"_surecart_dashboard_logo_width":"180px","_surecart_dashboard_show_logo":true,"_surecart_dashboard_navigation_orders":true,"_surecart_dashboard_navigation_invoices":true,"_surecart_dashboard_navigation_subscriptions":true,"_surecart_dashboard_navigation_downloads":true,"_surecart_dashboard_navigation_billing":true,"_surecart_dashboard_navigation_account":true,"_uag_custom_page_level_css":"","site-sidebar-layout":"default","site-content-layout":"","ast-site-content-layout":"default","site-content-style":"default","site-sidebar-style":"default","ast-global-header-display":"","ast-banner-title-visibility":"","ast-main-header-display":"","ast-hfb-above-header-display":"","ast-hfb-below-header-display":"","ast-hfb-mobile-header-display":"","site-post-title":"","ast-breadcrumbs-content":"","ast-featured-img":"","footer-sml-layout":"","theme-transparent-header-meta":"default","adv-header-id-meta":"","stick-header-meta":"","header-above-stick-meta":"","header-main-stick-meta":"","header-below-stick-meta":"","astra-migrate-meta-layouts":"set","ast-page-background-enabled":"default","ast-page-background-meta":{"desktop":{"background-color":"var(--ast-global-color-4)","background-image":"","background-repeat":"repeat","background-position":"center center","background-size":"auto","background-attachment":"scroll","background-type":"","background-media":"","overlay-type":"","overlay-color":"","overlay-opacity":"","overlay-gradient":""},"tablet":{"background-color":"","background-image":"","background-repeat":"repeat","background-position":"center center","background-size":"auto","background-attachment":"scroll","background-type":"","background-media":"","overlay-type":"","overlay-color":"","overlay-opacity":"","overlay-gradient":""},"mobile":{"background-color":"","background-image":"","background-repeat":"repeat","background-position":"center center","background-size":"auto","background-attachment":"scroll","background-type":"","background-media":"","overlay-type":"","overlay-color":"","overlay-opacity":"","overlay-gradient":""}},"ast-content-background-meta":{"desktop":{"background-color":"var(--ast-global-color-5)","background-image":"","background-repeat":"repeat","background-position":"center center","background-size":"auto","background-attachment":"scroll","background-type":"","background-media":"","overlay-type":"","overlay-color":"","overlay-opacity":"","overlay-gradient":""},"tablet":{"background-color":"var(--ast-global-color-5)","background-image":"","background-repeat":"repeat","background-position":"center center","background-size":"auto","background-attachment":"scroll","background-type":"","background-media":"","overlay-type":"","overlay-color":"","overlay-opacity":"","overlay-gradient":""},"mobile":{"background-color":"var(--ast-global-color-5)","background-image":"","background-repeat":"repeat","background-position":"center center","background-size":"auto","background-attachment":"scroll","background-type":"","background-media":"","overlay-type":"","overlay-color":"","overlay-opacity":"","overlay-gradient":""}}},"product_brand":[],"product_cat":[56,62],"product_tag":[104],"class_list":{"0":"post-389","1":"product","2":"type-product","3":"status-publish","4":"has-post-thumbnail","6":"product_cat-gdzie-moge-kupic-marihuane","7":"product_cat-kup-konopie-indyjskie-indica-online","8":"product_tag-order-blueberry-indica-dominant-hybrid-strain-europe","9":"desktop-align-left","10":"tablet-align-left","11":"mobile-align-left","13":"first","14":"instock","15":"shipping-taxable","16":"purchasable","17":"product-type-variable"},"uagb_featured_image_src":{"full":["https:\/\/hitexoticsdistro.eu\/wp-content\/uploads\/2024\/10\/Blueberry-Indica-Dominant-Hybrid-Strain.webp",2560,1707,false],"thumbnail":["https:\/\/hitexoticsdistro.eu\/wp-content\/uploads\/2024\/10\/Blueberry-Indica-Dominant-Hybrid-Strain-150x150.webp",150,150,true],"medium":["https:\/\/hitexoticsdistro.eu\/wp-content\/uploads\/2024\/10\/Blueberry-Indica-Dominant-Hybrid-Strain-300x200.webp",300,200,true],"medium_large":["https:\/\/hitexoticsdistro.eu\/wp-content\/uploads\/2024\/10\/Blueberry-Indica-Dominant-Hybrid-Strain-768x512.webp",768,512,true],"large":["https:\/\/hitexoticsdistro.eu\/wp-content\/uploads\/2024\/10\/Blueberry-Indica-Dominant-Hybrid-Strain-1024x683.webp",1024,683,true],"1536x1536":["https:\/\/hitexoticsdistro.eu\/wp-content\/uploads\/2024\/10\/Blueberry-Indica-Dominant-Hybrid-Strain-1536x1024.webp",1536,1024,true],"2048x2048":["https:\/\/hitexoticsdistro.eu\/wp-content\/uploads\/2024\/10\/Blueberry-Indica-Dominant-Hybrid-Strain-2048x1366.webp",2048,1366,true],"trp-custom-language-flag":["https:\/\/hitexoticsdistro.eu\/wp-content\/uploads\/2024\/10\/Blueberry-Indica-Dominant-Hybrid-Strain.webp",18,12,false],"woocommerce_thumbnail":["https:\/\/hitexoticsdistro.eu\/wp-content\/uploads\/2024\/10\/Blueberry-Indica-Dominant-Hybrid-Strain-300x300.webp",300,300,true],"woocommerce_single":["https:\/\/hitexoticsdistro.eu\/wp-content\/uploads\/2024\/10\/Blueberry-Indica-Dominant-Hybrid-Strain-600x400.webp",600,400,true],"woocommerce_gallery_thumbnail":["https:\/\/hitexoticsdistro.eu\/wp-content\/uploads\/2024\/10\/Blueberry-Indica-Dominant-Hybrid-Strain-100x100.webp",100,100,true]},"uagb_author_info":{"display_name":"","author_link":"https:\/\/hitexoticsdistro.eu\/en\/author\/"},"uagb_comment_info":0,"uagb_excerpt":"Kup Odmiana Marihuany Blueberry Online \u2013 Premiumowa Hybryda Z Dominacj\u0105 Indica Blueberry to legendarna hybryda z dominacj\u0105 indica (80% indica [&hellip;]","_links":{"self":[{"href":"https:\/\/hitexoticsdistro.eu\/en\/wp-json\/wp\/v2\/product\/389","targetHints":{"allow":["GET"]}}],"collection":[{"href":"https:\/\/hitexoticsdistro.eu\/en\/wp-json\/wp\/v2\/product"}],"about":[{"href":"https:\/\/hitexoticsdistro.eu\/en\/wp-json\/wp\/v2\/types\/product"}],"replies":[{"embeddable":true,"href":"https:\/\/hitexoticsdistro.eu\/en\/wp-json\/wp\/v2\/comments?post=389"}],"wp:featuredmedia":[{"embeddable":true,"href":"https:\/\/hitexoticsdistro.eu\/en\/wp-json\/wp\/v2\/media\/450"}],"wp:attachment":[{"href":"https:\/\/hitexoticsdistro.eu\/en\/wp-json\/wp\/v2\/media?parent=389"}],"wp:term":[{"taxonomy":"product_brand","embeddable":true,"href":"https:\/\/hitexoticsdistro.eu\/en\/wp-json\/wp\/v2\/product_brand?post=389"},{"taxonomy":"product_cat","embeddable":true,"href":"https:\/\/hitexoticsdistro.eu\/en\/wp-json\/wp\/v2\/product_cat?post=389"},{"taxonomy":"product_tag","embeddable":true,"href":"https:\/\/hitexoticsdistro.eu\/en\/wp-json\/wp\/v2\/product_tag?post=389"}],"curies":[{"name":"wp","href":"https:\/\/api.w.org\/{rel}","templated":true}]}}